

{"id":28327,"date":"2024-04-03T16:25:45","date_gmt":"2024-04-03T14:25:45","guid":{"rendered":"https:\/\/www.wesselton.net\/landing-diamantes\/"},"modified":"2024-05-26T10:35:25","modified_gmt":"2024-05-26T08:35:25","slug":"joies-i-diamants","status":"publish","type":"page","link":"https:\/\/www.wesselton.net\/ca\/joies-i-diamants\/","title":{"rendered":"Joies i Diamants"},"content":{"rendered":"<p>[vc_row full_width=&#8221;stretch_row_content_no_spaces&#8221; css=&#8221;.vc_custom_1710838512422{margin-bottom: 0px !important;padding-bottom: 0px !important;}&#8221;][vc_column]\n\t\t\t<!-- START Landing Diamantes CA REVOLUTION SLIDER 6.2.8 --><p class=\"rs-p-wp-fix\"><\/p>\n\t\t\t<rs-module-wrap id=\"rev_slider_37_1_wrapper\" data-source=\"gallery\" style=\"background:#ffffff;padding:0px;margin:0px auto;margin-top:0;margin-bottom:0;max-width:;\">\n\t\t\t\t<rs-module id=\"rev_slider_37_1\" style=\"\" data-version=\"6.2.8\">\n\t\t\t\t\t<rs-slides>\n\t\t\t\t\t\t<rs-slide data-key=\"rs-146\" data-title=\"Slide\" data-duration=\"5010\" data-anim=\"ei:d;eo:d;s:8800;r:0;t:fade;sl:d;\">\n\t\t\t\t\t\t\t<img decoding=\"async\" src=\"\/\/www.wesselton.net\/wp-content\/plugins\/revslider\/public\/assets\/assets\/dummy.png\" title=\"banner_diamantes_1900x550\" width=\"1900\" height=\"550\" data-lazyload=\"\/\/www.wesselton.net\/wp-content\/uploads\/banner_diamantes_1900x550.png\" class=\"rev-slidebg\" data-no-retina>\n<!--\n\t\t\t\t\t\t\t--><rs-layer\n\t\t\t\t\t\t\t\tid=\"slider-37-slide-146-layer-1\" \n\t\t\t\t\t\t\t\tdata-type=\"text\"\n\t\t\t\t\t\t\t\tdata-color=\"#ffffff\"\n\t\t\t\t\t\t\t\tdata-rsp_ch=\"on\"\n\t\t\t\t\t\t\t\tdata-xy=\"x:c;y:c;yo:-32px;\"\n\t\t\t\t\t\t\t\tdata-text=\"w:normal;s:80;a:center;\"\n\t\t\t\t\t\t\t\tdata-frame_999=\"o:0;st:w;\"\n\t\t\t\t\t\t\t\tstyle=\"z-index:5;font-family:Actor;\"\n\t\t\t\t\t\t\t>Joies i diamants \n\t\t\t\t\t\t\t<\/rs-layer><!--\n-->\t\t\t\t\t\t<\/rs-slide>\n\t\t\t\t\t<\/rs-slides>\n\t\t\t\t<\/rs-module>\n\t\t\t\t<script type=\"text\/javascript\">\n\t\t\t\t\tsetREVStartSize({c: 'rev_slider_37_1',rl:[1240,1024,778,480],el:[550],gw:[1407],gh:[550],type:'standard',justify:'',layout:'fullwidth',mh:\"0\"});\n\t\t\t\t\tvar\trevapi37,\n\t\t\t\t\t\ttpj;\n\t\t\t\t\tjQuery(function() {\n\t\t\t\t\t\ttpj = jQuery;\n\t\t\t\t\t\trevapi37 = tpj(\"#rev_slider_37_1\")\n\t\t\t\t\t\tif(revapi37==undefined || revapi37.revolution == undefined){\n\t\t\t\t\t\t\trevslider_showDoubleJqueryError(\"rev_slider_37_1\");\n\t\t\t\t\t\t}else{\n\t\t\t\t\t\t\trevapi37.revolution({\n\t\t\t\t\t\t\t\tvisibilityLevels:\"1240,1024,778,480\",\n\t\t\t\t\t\t\t\tgridwidth:1407,\n\t\t\t\t\t\t\t\tgridheight:550,\n\t\t\t\t\t\t\t\tlazyType:\"smart\",\n\t\t\t\t\t\t\t\tspinner:\"spinner5\",\n\t\t\t\t\t\t\t\tperspective:600,\n\t\t\t\t\t\t\t\tperspectiveType:\"local\",\n\t\t\t\t\t\t\t\teditorheight:\"550,450,400,650\",\n\t\t\t\t\t\t\t\tresponsiveLevels:\"1240,1024,778,480\",\n\t\t\t\t\t\t\t\tprogressBar:{disableProgressBar:true},\n\t\t\t\t\t\t\t\tnavigation: {\n\t\t\t\t\t\t\t\t\tmouseScrollNavigation:false,\n\t\t\t\t\t\t\t\t\tonHoverStop:false,\n\t\t\t\t\t\t\t\t\ttouch: {\n\t\t\t\t\t\t\t\t\t\ttouchenabled:true,\n\t\t\t\t\t\t\t\t\t\tswipe_min_touches:50\n\t\t\t\t\t\t\t\t\t}\n\t\t\t\t\t\t\t\t},\n\t\t\t\t\t\t\t\tfallbacks: {\n\t\t\t\t\t\t\t\t\tignoreHeightChanges:\"\",\n\t\t\t\t\t\t\t\t\tallowHTML5AutoPlayOnAndroid:true\n\t\t\t\t\t\t\t\t},\n\t\t\t\t\t\t\t});\n\t\t\t\t\t\t}\n\t\t\t\t\t\t\n\t\t\t\t\t});\n\t\t\t\t<\/script>\n\t\t\t<\/rs-module-wrap>\n\t\t\t<!-- END REVOLUTION SLIDER -->\n[\/vc_column][\/vc_row][vc_row css=&#8221;.vc_custom_1710838505889{margin-top: 0px !important;margin-bottom: 0px !important;padding-top: 0px !important;padding-bottom: 0px !important;}&#8221;][vc_column][vc_empty_space height=&#8221;80px&#8221;][vc_column_text]<\/p>\n<h4 style=\"text-align: center;\">Oferim joies i diamants enlluernadores i duradores, capaces d&#8217;encapsular mem\u00f2ries per a tota la vida. Combinem l\u00b4art de la joieria amb la nostra \u00e0mplia experi\u00e8ncia en diamants.<\/h4>\n<p style=\"text-align: center;\"><i>La perfecci\u00f3 d\u00b4un diamant \u00e9s un recordatori que, fins i tot la m\u00e9s alta pressi\u00f3, la bellesa pot sorgir de forma captivadora.<\/i><\/p>\n<p>[\/vc_column_text][\/vc_column][\/vc_row][vc_row css=&#8221;.vc_custom_1710838505889{margin-top: 0px !important;margin-bottom: 0px !important;padding-top: 0px !important;padding-bottom: 0px !important;}&#8221;][vc_column width=&#8221;1\/2&#8243;][vc_empty_space height=&#8221;80px&#8221;][vc_column_text]Una de les coses que diferencien el diamant de la resta de gemmes \u00e9s la possibilitat de determinar-ne la qualitat d&#8217;acord amb unes determinades normes i nomenclatures, cosa que permet parlar un \u201cidioma\u201d com\u00fa f\u00e0cilment comprensible. Aquestes caracter\u00edstiques es coneixen com les 4C.<\/p>\n<p>Les 4C s\u00f3n un sistema de classificaci\u00f3 utilitzat per avaluar la qualitat dels diamants. \u00c9s el que es coneix com les 4C (pel seu nom en angl\u00e8s): Cut (talla o forma), Carat (pes o quirats), Color i Clarity (puresa).<\/p>\n<p>Aquest \u00e9s el Sistema Internacional de Classificaci\u00f3 de Diamants adoptat per tots els professionals de la joieria arreu del m\u00f3n, ajudant a trobar la joia perfecta.<br \/>\n[\/vc_column_text][\/vc_column][vc_column width=&#8221;1\/2&#8243;][vc_empty_space height=&#8221;80px&#8221;][vc_column_text]Les gemmes i diamants de les nostres joies s\u00f3n seleccionats per la nostra gem\u00f2loga titulada. Els diamants de m\u00e9s de 0,30ct estan certificats pel Laboratori GIA (Gemological Institute of America), un organisme independent i sense \u00e0nim de lucre, considerat la m\u00e0xima autoritat en autenticitat i qualitat de diamants.<\/p>\n<p>El nostre comprom\u00eds amb la qualitat fa que tots els nostres diamants tinguin tamb\u00e9 el certificat d&#8217;origen Kimberley, un proc\u00e9s establert per l&#8217;ONU que garanteix que els diamants provenen de zones lliures de conflicte b\u00e8l\u00b7lic.[\/vc_column_text][\/vc_column][\/vc_row][vc_row full_width=&#8221;stretch_row_content_no_spaces&#8221;][vc_column width=&#8221;1\/4&#8243;][\/vc_column][vc_column width=&#8221;1\/4&#8243;][vc_single_image image=&#8221;28173&#8243; img_size=&#8221;full&#8221; alignment=&#8221;center&#8221; el_class=&#8221;img-gia&#8221;][\/vc_column][vc_column width=&#8221;1\/4&#8243;][vc_single_image image=&#8221;28177&#8243; img_size=&#8221;full&#8221; alignment=&#8221;center&#8221; el_class=&#8221;img-kimberley&#8221;][\/vc_column][vc_column width=&#8221;1\/4&#8243;][\/vc_column][\/vc_row][vc_row full_width=&#8221;stretch_row_content_no_spaces&#8221;][vc_column][vc_single_image image=&#8221;28181&#8243; img_size=&#8221;full&#8221; alignment=&#8221;center&#8221;][\/vc_column][\/vc_row][vc_row full_width=&#8221;stretch_row&#8221; css=&#8221;.vc_custom_1710839001945{padding-top: 40px !important;padding-bottom: 40px !important;background-image: url(https:\/\/www.wesselton.net\/wp-content\/uploads\/wesselton-lines_Mesa-de-trabajo-1-copia.png?id=28052) !important;background-position: center !important;background-repeat: no-repeat !important;background-size: cover !important;}&#8221;][vc_column][vc_row_inner][vc_column_inner width=&#8221;2\/12&#8243;][\/vc_column_inner][vc_column_inner width=&#8221;3\/12&#8243;][vc_custom_heading text=&#8221;Talla&#8221; font_container=&#8221;tag:h4|text_align:left&#8221; use_theme_fonts=&#8221;yes&#8221;][vc_column_text]<\/p>\n<h5><em>Cut<\/em><\/h5>\n<p>[\/vc_column_text][vc_empty_space height=&#8221;30px&#8221;][\/vc_column_inner][vc_column_inner width=&#8221;7\/12&#8243;][vc_column_text]La bellesa d&#8217;un diamant rau en la seva complexa relaci\u00f3 amb la llum, resultant en tres atributs a valorar: brillantor (la combinaci\u00f3 de la llum blanca que es reflecteix de la superf\u00edcie i dins del diamant), foc (les \u201cflames\u201d de color que emet el diamant) i resplendor (la llum despresa quan es mou el diamant, la llum o l&#8217;observador).<\/p>\n<p>Les proporcions i la talla d&#8217;un diamant polit afecten el seu comportament davant de la llum, un aspecte que GIA valora des d&#8217;Excel\u00b7lent fins a Deficient.<br \/>\n[\/vc_column_text][\/vc_column_inner][\/vc_row_inner][vc_row_inner][vc_column_inner width=&#8221;2\/12&#8243;][\/vc_column_inner][vc_column_inner width=&#8221;3\/12&#8243;][vc_custom_heading text=&#8221;Pes a Quirats&#8221; font_container=&#8221;tag:h4|text_align:left&#8221; use_theme_fonts=&#8221;yes&#8221;][vc_column_text]<\/p>\n<h5><em>Carat<\/em><\/h5>\n<p>[\/vc_column_text][vc_empty_space height=&#8221;30px&#8221;][\/vc_column_inner][vc_column_inner width=&#8221;7\/12&#8243;][vc_column_text]Cada quirat equival a 200 mil\u00b7ligrams de pes. En el cas de diamants de menys d&#8217;un quirat, cada quirat es divideix en 100 punts per poder valorar-ne igualment el pes. A WESSELTON treballem amb una gran varietat de joies i diamants de diferents quirats.[\/vc_column_text][\/vc_column_inner][\/vc_row_inner][vc_row_inner][vc_column_inner width=&#8221;2\/12&#8243;][\/vc_column_inner][vc_column_inner width=&#8221;3\/12&#8243;][vc_custom_heading text=&#8221;Color&#8221; font_container=&#8221;tag:h4|text_align:left&#8221; use_theme_fonts=&#8221;yes&#8221;][vc_column_text]<\/p>\n<h5><em>Color<\/em><\/h5>\n<p>[\/vc_column_text][vc_empty_space height=&#8221;30px&#8221;][\/vc_column_inner][vc_column_inner width=&#8221;7\/12&#8243;][vc_column_text]Els graus de color d\u2019un diamant es determinen en comparar cadascun dels diamants amb un patr\u00f3 predeterminat.<\/p>\n<p>L&#8217;escala de colors GIA compr\u00e8n des de la D (sense color) fins a la Z (groc clar o marr\u00f3). Cada lletra representa una gamma de color i el grau de visibilitat.<br \/>\n[\/vc_column_text][\/vc_column_inner][\/vc_row_inner][vc_row_inner][vc_column_inner width=&#8221;2\/12&#8243;][\/vc_column_inner][vc_column_inner width=&#8221;3\/12&#8243;][vc_custom_heading text=&#8221;Puresa&#8221; font_container=&#8221;tag:h4|text_align:left&#8221; use_theme_fonts=&#8221;yes&#8221;][vc_column_text]<\/p>\n<h5><em>Clarity<\/em><\/h5>\n<p>[\/vc_column_text][vc_empty_space height=&#8221;30px&#8221;][\/vc_column_inner][vc_column_inner width=&#8221;7\/12&#8243;][vc_column_text]L&#8217;escala de puresa GIA inclou onze graus de puresa en funci\u00f3 de les caracter\u00edstiques internes i externes del diamant fruit de la formaci\u00f3 sota condicions de calor i pressi\u00f3 extremes.<\/p>\n<p>Aquestes caracter\u00edstiques s\u00f3n \u00faniques de cada pedra i ajuden a distingir els diamants aut\u00e8ntics dels sint\u00e8tics.<br \/>\n[\/vc_column_text][\/vc_column_inner][\/vc_row_inner][vc_row_inner][vc_column_inner width=&#8221;2\/12&#8243;][\/vc_column_inner][vc_column_inner width=&#8221;3\/12&#8243;][vc_custom_heading text=&#8221;Certificat&#8221; font_container=&#8221;tag:h4|text_align:left&#8221; use_theme_fonts=&#8221;yes&#8221;][vc_column_text]<\/p>\n<h5><em>Certificate<\/em><\/h5>\n<p>[\/vc_column_text][vc_empty_space height=&#8221;30px&#8221;][\/vc_column_inner][vc_column_inner width=&#8221;7\/12&#8243;][vc_column_text]La cinquena C, oblidada en moltes ocasions, per\u00f2 de la mateixa import\u00e0ncia: el Certificat. \u00c9s molt important que les quatre caracter\u00edstiques de valor anteriors siguin establertes per un laboratori de certificaci\u00f3 seri\u00f3s i imparcial.<\/p>\n<p>A WESSELTON treballem \u00fanicament amb les millors gemmes i diamants seleccionats per la nostra gem\u00f2loga titulada. Els diamants de m\u00e9s de 0,30ct estan certificats pel GIA (Gemological Institute of America), garantint aix\u00ed els millors est\u00e0ndards de qualitat de forma objectiva i imparcial.<\/p>\n<p><a href=\"https:\/\/www.wesselton.net\/ca\/marques\/wesselton\/\">Descobreix la nostra col\u00b7lecci\u00f3 de joies i diamants.<\/a>[\/vc_column_text][\/vc_column_inner][\/vc_row_inner][\/vc_column][\/vc_row][vc_row full_width=&#8221;stretch_row_content&#8221;][vc_column]\n\t\t\t<!-- START Home Footer CA REVOLUTION SLIDER 6.2.8 --><p class=\"rs-p-wp-fix\"><\/p>\n\t\t\t<rs-module-wrap id=\"rev_slider_34_2_wrapper\" data-source=\"gallery\" style=\"background:#ffffff;padding:0px;margin:0px auto;margin-top:0;margin-bottom:0;\">\n\t\t\t\t<rs-module id=\"rev_slider_34_2\" style=\"\" data-version=\"6.2.8\">\n\t\t\t\t\t<rs-slides>\n\t\t\t\t\t\t<rs-slide data-key=\"rs-143\" data-title=\"Slide\" data-duration=\"5010\" data-anim=\"ei:d;eo:d;s:5000;r:0;t:fade;sl:d;\">\n\t\t\t\t\t\t\t<img decoding=\"async\" src=\"\/\/www.wesselton.net\/wp-content\/plugins\/revslider\/public\/assets\/assets\/dummy.png\" title=\"slider\" width=\"1800\" height=\"852\" data-lazyload=\"\/\/www.wesselton.net\/wp-content\/plugins\/revslider\/public\/assets\/assets\/transparent.png\" data-bg=\"p:center top;c:#ffffff;\" class=\"rev-slidebg\" data-no-retina>\n<!--\n\t\t\t\t\t\t\t--><rs-layer\n\t\t\t\t\t\t\t\tid=\"slider-34-slide-143-layer-1\" \n\t\t\t\t\t\t\t\tdata-type=\"image\"\n\t\t\t\t\t\t\t\tdata-rsp_ch=\"on\"\n\t\t\t\t\t\t\t\tdata-xy=\"x:r,r,r,c;xo:269px,269px,269px,0;y:t,t,t,b;yo:3px,3px,3px,10px;\"\n\t\t\t\t\t\t\t\tdata-text=\"l:22;\"\n\t\t\t\t\t\t\t\tdata-dim=\"w:auto,auto,auto,290.72540381791487px;h:390px,390px,390px,368px;\"\n\t\t\t\t\t\t\t\tdata-vbility=\"t,t,t,f\"\n\t\t\t\t\t\t\t\tdata-frame_1=\"e:expo.in;sp:800;\"\n\t\t\t\t\t\t\t\tdata-frame_999=\"o:0;e:nothing;st:w;sp:680;sR:4210;\"\n\t\t\t\t\t\t\t\tstyle=\"z-index:10;\"\n\t\t\t\t\t\t\t><img decoding=\"async\" src=\"\/\/www.wesselton.net\/wp-content\/plugins\/revslider\/public\/assets\/assets\/dummy.png\" width=\"172\" height=\"300\" data-lazyload=\"\/\/www.wesselton.net\/wp-content\/uploads\/anillo-atelier-esencia-oro-blanco-y-rosa-con-diamantes-172x300.jpg\" data-no-retina> \n\t\t\t\t\t\t\t<\/rs-layer><!--\n\n\t\t\t\t\t\t\t--><a\n\t\t\t\t\t\t\t\tid=\"slider-34-slide-143-layer-2\" \n\t\t\t\t\t\t\t\tclass=\"rs-layer\"\n\t\t\t\t\t\t\t\thref=\"https:\/\/www.wesselton.net\/ca\/diamants\/\" target=\"_self\" rel=\"nofollow\"\n\t\t\t\t\t\t\t\tdata-type=\"image\"\n\t\t\t\t\t\t\t\tdata-rsp_ch=\"on\"\n\t\t\t\t\t\t\t\tdata-xy=\"x:l,l,l,c;xo:574px,574px,574px,0;yo:75px,75px,75px,84px;\"\n\t\t\t\t\t\t\t\tdata-text=\"w:normal;s:20,20,20,4;l:0,0,0,6;\"\n\t\t\t\t\t\t\t\tdata-dim=\"w:350px,350px,350px,301px;h:150px,150px,150px,129px;\"\n\t\t\t\t\t\t\t\tdata-frame_1=\"sp:5010;\"\n\t\t\t\t\t\t\t\tdata-frame_999=\"o:0;st:w;\"\n\t\t\t\t\t\t\t\tstyle=\"z-index:11;\"\n\t\t\t\t\t\t\t><img decoding=\"async\" src=\"\/\/www.wesselton.net\/wp-content\/plugins\/revslider\/public\/assets\/assets\/dummy.png\" width=\"350\" height=\"150\" data-lazyload=\"\/\/www.wesselton.net\/wp-content\/uploads\/slider-diamants.png\" data-no-retina> \n\t\t\t\t\t\t\t<\/a><!--\n\n\t\t\t\t\t\t\t--><a\n\t\t\t\t\t\t\t\tid=\"slider-34-slide-143-layer-3\" \n\t\t\t\t\t\t\t\tclass=\"rs-layer\"\n\t\t\t\t\t\t\t\thref=\"https:\/\/www.wesselton.net\/ca\/disseny\/\" target=\"_self\" rel=\"nofollow\"\n\t\t\t\t\t\t\t\tdata-type=\"image\"\n\t\t\t\t\t\t\t\tdata-rsp_ch=\"on\"\n\t\t\t\t\t\t\t\tdata-xy=\"x:l,l,l,c;xo:986px,986px,986px,0;yo:75px,75px,75px,213px;\"\n\t\t\t\t\t\t\t\tdata-text=\"w:normal;s:20,20,20,4;l:0,0,0,6;\"\n\t\t\t\t\t\t\t\tdata-dim=\"w:350px,350px,350px,300px;h:150px,150px,150px,129px;\"\n\t\t\t\t\t\t\t\tdata-frame_1=\"sp:5010;\"\n\t\t\t\t\t\t\t\tdata-frame_999=\"o:0;st:w;\"\n\t\t\t\t\t\t\t\tstyle=\"z-index:12;\"\n\t\t\t\t\t\t\t><img decoding=\"async\" src=\"\/\/www.wesselton.net\/wp-content\/plugins\/revslider\/public\/assets\/assets\/dummy.png\" width=\"350\" height=\"150\" data-lazyload=\"\/\/www.wesselton.net\/wp-content\/uploads\/slider-disseny.png\" data-no-retina> \n\t\t\t\t\t\t\t<\/a><!--\n\n\t\t\t\t\t\t\t--><a\n\t\t\t\t\t\t\t\tid=\"slider-34-slide-143-layer-4\" \n\t\t\t\t\t\t\t\tclass=\"rs-layer\"\n\t\t\t\t\t\t\t\thref=\"https:\/\/www.wesselton.net\/ca\/gemologia\/\" target=\"_self\" rel=\"nofollow\"\n\t\t\t\t\t\t\t\tdata-type=\"image\"\n\t\t\t\t\t\t\t\tdata-rsp_ch=\"on\"\n\t\t\t\t\t\t\t\tdata-xy=\"x:c;yo:198px,198px,198px,342px;\"\n\t\t\t\t\t\t\t\tdata-text=\"w:normal;s:20,20,20,4;l:0,0,0,6;\"\n\t\t\t\t\t\t\t\tdata-dim=\"w:350px,350px,350px,300px;h:150px,150px,150px,129px;\"\n\t\t\t\t\t\t\t\tdata-frame_1=\"sp:5010;\"\n\t\t\t\t\t\t\t\tdata-frame_999=\"o:0;st:w;\"\n\t\t\t\t\t\t\t\tstyle=\"z-index:13;\"\n\t\t\t\t\t\t\t><img decoding=\"async\" src=\"\/\/www.wesselton.net\/wp-content\/plugins\/revslider\/public\/assets\/assets\/dummy.png\" width=\"350\" height=\"150\" data-lazyload=\"\/\/www.wesselton.net\/wp-content\/uploads\/slider-gemologia.png\" data-no-retina> \n\t\t\t\t\t\t\t<\/a><!--\n\n\t\t\t\t\t\t\t--><rs-layer\n\t\t\t\t\t\t\t\tid=\"slider-34-slide-143-layer-5\" \n\t\t\t\t\t\t\t\tdata-type=\"image\"\n\t\t\t\t\t\t\t\tdata-rsp_ch=\"on\"\n\t\t\t\t\t\t\t\tdata-xy=\"xo:990px,990px,990px,198px;yo:278px,278px,278px,-7px;\"\n\t\t\t\t\t\t\t\tdata-text=\"w:normal;s:20,20,20,4;l:0,0,0,6;\"\n\t\t\t\t\t\t\t\tdata-dim=\"w:547px,547px,547px,296px;h:360px,360px,360px,195px;\"\n\t\t\t\t\t\t\t\tdata-frame_999=\"o:0;st:w;sR:4710;\"\n\t\t\t\t\t\t\t\tstyle=\"z-index:8;\"\n\t\t\t\t\t\t\t><img decoding=\"async\" src=\"\/\/www.wesselton.net\/wp-content\/plugins\/revslider\/public\/assets\/assets\/dummy.png\" width=\"547\" height=\"360\" data-lazyload=\"\/\/www.wesselton.net\/wp-content\/uploads\/ear.jpg\" data-no-retina> \n\t\t\t\t\t\t\t<\/rs-layer><!--\n\n\t\t\t\t\t\t\t--><rs-layer\n\t\t\t\t\t\t\t\tid=\"slider-34-slide-143-layer-6\" \n\t\t\t\t\t\t\t\tdata-type=\"image\"\n\t\t\t\t\t\t\t\tdata-rsp_ch=\"on\"\n\t\t\t\t\t\t\t\tdata-xy=\"xo:232px,232px,232px,9px;yo:-13px,-13px,-13px,425px;\"\n\t\t\t\t\t\t\t\tdata-text=\"w:normal;s:20,20,20,4;l:0,0,0,6;\"\n\t\t\t\t\t\t\t\tdata-dim=\"w:636px,636px,636px,242px;h:483px,483px,483px,184px;\"\n\t\t\t\t\t\t\t\tdata-frame_999=\"o:0;st:w;sR:4710;\"\n\t\t\t\t\t\t\t\tstyle=\"z-index:9;\"\n\t\t\t\t\t\t\t><img decoding=\"async\" src=\"\/\/www.wesselton.net\/wp-content\/plugins\/revslider\/public\/assets\/assets\/dummy.png\" width=\"900\" height=\"683\" data-lazyload=\"\/\/www.wesselton.net\/wp-content\/uploads\/diamond-wesselton.jpg\" data-no-retina> \n\t\t\t\t\t\t\t<\/rs-layer><!--\n-->\t\t\t\t\t\t<\/rs-slide>\n\t\t\t\t\t<\/rs-slides>\n\t\t\t\t<\/rs-module>\n\t\t\t\t<script type=\"text\/javascript\">\n\t\t\t\t\tsetREVStartSize({c: 'rev_slider_34_2',rl:[1240,1240,1240,480],el:[550,550,550,650],gw:[1920,1920,1920,480],gh:[550,550,550,650],type:'standard',justify:'',layout:'fullwidth',mh:\"0\"});\n\t\t\t\t\tvar\trevapi34,\n\t\t\t\t\t\ttpj;\n\t\t\t\t\tjQuery(function() {\n\t\t\t\t\t\ttpj = jQuery;\n\t\t\t\t\t\trevapi34 = tpj(\"#rev_slider_34_2\")\n\t\t\t\t\t\tif(revapi34==undefined || revapi34.revolution == undefined){\n\t\t\t\t\t\t\trevslider_showDoubleJqueryError(\"rev_slider_34_2\");\n\t\t\t\t\t\t}else{\n\t\t\t\t\t\t\trevapi34.revolution({\n\t\t\t\t\t\t\t\tsliderLayout:\"fullwidth\",\n\t\t\t\t\t\t\t\tvisibilityLevels:\"1240,1240,1240,480\",\n\t\t\t\t\t\t\t\tgridwidth:\"1920,1920,1920,480\",\n\t\t\t\t\t\t\t\tgridheight:\"550,550,550,650\",\n\t\t\t\t\t\t\t\tlazyType:\"smart\",\n\t\t\t\t\t\t\t\tspinner:\"spinner5\",\n\t\t\t\t\t\t\t\tperspective:600,\n\t\t\t\t\t\t\t\tperspectiveType:\"local\",\n\t\t\t\t\t\t\t\teditorheight:\"550,450,223,650\",\n\t\t\t\t\t\t\t\tresponsiveLevels:\"1240,1240,1240,480\",\n\t\t\t\t\t\t\t\tprogressBar:{disableProgressBar:true},\n\t\t\t\t\t\t\t\tnavigation: {\n\t\t\t\t\t\t\t\t\tmouseScrollNavigation:false,\n\t\t\t\t\t\t\t\t\tonHoverStop:false,\n\t\t\t\t\t\t\t\t\ttouch: {\n\t\t\t\t\t\t\t\t\t\ttouchenabled:true,\n\t\t\t\t\t\t\t\t\t\tswipe_min_touches:50\n\t\t\t\t\t\t\t\t\t}\n\t\t\t\t\t\t\t\t},\n\t\t\t\t\t\t\t\tfallbacks: {\n\t\t\t\t\t\t\t\t\tignoreHeightChanges:\"\",\n\t\t\t\t\t\t\t\t\tallowHTML5AutoPlayOnAndroid:true\n\t\t\t\t\t\t\t\t},\n\t\t\t\t\t\t\t});\n\t\t\t\t\t\t}\n\t\t\t\t\t\t\n\t\t\t\t\t});\n\t\t\t\t<\/script>\n\t\t\t<\/rs-module-wrap>\n\t\t\t<!-- END REVOLUTION SLIDER -->\n[\/vc_column][\/vc_row]<\/p>\n","protected":false},"excerpt":{"rendered":"<p>[vc_row full_width=&#8221;stretch_row_content_no_spaces&#8221; css=&#8221;.vc_custom_1710838512422{margin-bottom: 0px !important;padding-bottom: 0px !important;}&#8221;][vc_column][\/vc_column][\/vc_row][vc_row css=&#8221;.vc_custom_1710838505889{margin-top: 0px !important;margin-bottom: 0px !important;padding-top: 0px !important;padding-bottom: 0px !important;}&#8221;][vc_column][vc_empty_space height=&#8221;80px&#8221;][vc_column_text] Oferim joies i diamants enlluernadores i duradores, capaces d&#8217;encapsular mem\u00f2ries per a tota&hellip;<\/p>\n","protected":false},"author":3,"featured_media":0,"parent":0,"menu_order":0,"comment_status":"closed","ping_status":"closed","template":"","meta":{"footnotes":""},"class_list":["post-28327","page","type-page","status-publish","hentry"],"acf":[],"yoast_head":"<!-- This site is optimized with the Yoast SEO plugin v27.2 - https:\/\/yoast.com\/product\/yoast-seo-wordpress\/ -->\n<title>Joies i diamants - Wesselton - Platja d&#039;Aro - Joieria Online<\/title>\n<meta name=\"description\" content=\"Joies i diamants d&#039;alta qualitat a Wesselton Platja d&#039;Aro. Servei especialitzat. Joieria online amb venta de joies, diamants i rellotges.\" \/>\n<meta name=\"robots\" content=\"index, follow, max-snippet:-1, max-image-preview:large, max-video-preview:-1\" \/>\n<link rel=\"canonical\" href=\"https:\/\/www.wesselton.net\/ca\/joies-i-diamants\/\" \/>\n<meta property=\"og:locale\" content=\"ca_ES\" \/>\n<meta property=\"og:type\" content=\"article\" \/>\n<meta property=\"og:title\" content=\"Joies i diamants - Wesselton - Platja d&#039;Aro - Joieria Online\" \/>\n<meta property=\"og:description\" content=\"Joies i diamants d&#039;alta qualitat a Wesselton Platja d&#039;Aro. Servei especialitzat. Joieria online amb venta de joies, diamants i rellotges.\" \/>\n<meta property=\"og:url\" content=\"https:\/\/www.wesselton.net\/ca\/joies-i-diamants\/\" \/>\n<meta property=\"og:site_name\" content=\"Wesselton | Joieria i Diamants\" \/>\n<meta property=\"article:publisher\" content=\"https:\/\/www.facebook.com\/wesselton.oficial\/\" \/>\n<meta property=\"article:modified_time\" content=\"2024-05-26T08:35:25+00:00\" \/>\n<meta name=\"twitter:card\" content=\"summary_large_image\" \/>\n<meta name=\"twitter:label1\" content=\"Temps estimat de lectura\" \/>\n\t<meta name=\"twitter:data1\" content=\"4 minuts\" \/>\n<script type=\"application\/ld+json\" class=\"yoast-schema-graph\">{\"@context\":\"https:\/\/schema.org\",\"@graph\":[{\"@type\":\"WebPage\",\"@id\":\"https:\/\/www.wesselton.net\/ca\/joies-i-diamants\/\",\"url\":\"https:\/\/www.wesselton.net\/ca\/joies-i-diamants\/\",\"name\":\"Joies i diamants - Wesselton - Platja d'Aro - Joieria Online\",\"isPartOf\":{\"@id\":\"https:\/\/www.wesselton.net\/#website\"},\"datePublished\":\"2024-04-03T14:25:45+00:00\",\"dateModified\":\"2024-05-26T08:35:25+00:00\",\"description\":\"Joies i diamants d'alta qualitat a Wesselton Platja d'Aro. Servei especialitzat. Joieria online amb venta de joies, diamants i rellotges.\",\"breadcrumb\":{\"@id\":\"https:\/\/www.wesselton.net\/ca\/joies-i-diamants\/#breadcrumb\"},\"inLanguage\":\"ca\",\"potentialAction\":[{\"@type\":\"ReadAction\",\"target\":[\"https:\/\/www.wesselton.net\/ca\/joies-i-diamants\/\"]}]},{\"@type\":\"BreadcrumbList\",\"@id\":\"https:\/\/www.wesselton.net\/ca\/joies-i-diamants\/#breadcrumb\",\"itemListElement\":[{\"@type\":\"ListItem\",\"position\":1,\"name\":\"Inici\",\"item\":\"https:\/\/www.wesselton.net\/ca\/\"},{\"@type\":\"ListItem\",\"position\":2,\"name\":\"Joies i Diamants\"}]},{\"@type\":\"WebSite\",\"@id\":\"https:\/\/www.wesselton.net\/#website\",\"url\":\"https:\/\/www.wesselton.net\/\",\"name\":\"Wesselton | Joieria i Diamants\",\"description\":\"Diamants \u00fanics per moments \u00fanics. Peces d&#039;elaboraci\u00f3 pr\u00f2pia de m\u00e0xima qualitat, cuidades fins a l&#039;\u00faltim detall, i les millors marques de joieria.\",\"potentialAction\":[{\"@type\":\"SearchAction\",\"target\":{\"@type\":\"EntryPoint\",\"urlTemplate\":\"https:\/\/www.wesselton.net\/?s={search_term_string}\"},\"query-input\":{\"@type\":\"PropertyValueSpecification\",\"valueRequired\":true,\"valueName\":\"search_term_string\"}}],\"inLanguage\":\"ca\"}]}<\/script>\n<!-- \/ Yoast SEO plugin. -->","yoast_head_json":{"title":"Joies i diamants - Wesselton - Platja d'Aro - Joieria Online","description":"Joies i diamants d'alta qualitat a Wesselton Platja d'Aro. Servei especialitzat. Joieria online amb venta de joies, diamants i rellotges.","robots":{"index":"index","follow":"follow","max-snippet":"max-snippet:-1","max-image-preview":"max-image-preview:large","max-video-preview":"max-video-preview:-1"},"canonical":"https:\/\/www.wesselton.net\/ca\/joies-i-diamants\/","og_locale":"ca_ES","og_type":"article","og_title":"Joies i diamants - Wesselton - Platja d'Aro - Joieria Online","og_description":"Joies i diamants d'alta qualitat a Wesselton Platja d'Aro. Servei especialitzat. Joieria online amb venta de joies, diamants i rellotges.","og_url":"https:\/\/www.wesselton.net\/ca\/joies-i-diamants\/","og_site_name":"Wesselton | Joieria i Diamants","article_publisher":"https:\/\/www.facebook.com\/wesselton.oficial\/","article_modified_time":"2024-05-26T08:35:25+00:00","twitter_card":"summary_large_image","twitter_misc":{"Temps estimat de lectura":"4 minuts"},"schema":{"@context":"https:\/\/schema.org","@graph":[{"@type":"WebPage","@id":"https:\/\/www.wesselton.net\/ca\/joies-i-diamants\/","url":"https:\/\/www.wesselton.net\/ca\/joies-i-diamants\/","name":"Joies i diamants - Wesselton - Platja d'Aro - Joieria Online","isPartOf":{"@id":"https:\/\/www.wesselton.net\/#website"},"datePublished":"2024-04-03T14:25:45+00:00","dateModified":"2024-05-26T08:35:25+00:00","description":"Joies i diamants d'alta qualitat a Wesselton Platja d'Aro. Servei especialitzat. Joieria online amb venta de joies, diamants i rellotges.","breadcrumb":{"@id":"https:\/\/www.wesselton.net\/ca\/joies-i-diamants\/#breadcrumb"},"inLanguage":"ca","potentialAction":[{"@type":"ReadAction","target":["https:\/\/www.wesselton.net\/ca\/joies-i-diamants\/"]}]},{"@type":"BreadcrumbList","@id":"https:\/\/www.wesselton.net\/ca\/joies-i-diamants\/#breadcrumb","itemListElement":[{"@type":"ListItem","position":1,"name":"Inici","item":"https:\/\/www.wesselton.net\/ca\/"},{"@type":"ListItem","position":2,"name":"Joies i Diamants"}]},{"@type":"WebSite","@id":"https:\/\/www.wesselton.net\/#website","url":"https:\/\/www.wesselton.net\/","name":"Wesselton | Joieria i Diamants","description":"Diamants \u00fanics per moments \u00fanics. Peces d&#039;elaboraci\u00f3 pr\u00f2pia de m\u00e0xima qualitat, cuidades fins a l&#039;\u00faltim detall, i les millors marques de joieria.","potentialAction":[{"@type":"SearchAction","target":{"@type":"EntryPoint","urlTemplate":"https:\/\/www.wesselton.net\/?s={search_term_string}"},"query-input":{"@type":"PropertyValueSpecification","valueRequired":true,"valueName":"search_term_string"}}],"inLanguage":"ca"}]}},"_links":{"self":[{"href":"https:\/\/www.wesselton.net\/ca\/wp-json\/wp\/v2\/pages\/28327","targetHints":{"allow":["GET"]}}],"collection":[{"href":"https:\/\/www.wesselton.net\/ca\/wp-json\/wp\/v2\/pages"}],"about":[{"href":"https:\/\/www.wesselton.net\/ca\/wp-json\/wp\/v2\/types\/page"}],"author":[{"embeddable":true,"href":"https:\/\/www.wesselton.net\/ca\/wp-json\/wp\/v2\/users\/3"}],"replies":[{"embeddable":true,"href":"https:\/\/www.wesselton.net\/ca\/wp-json\/wp\/v2\/comments?post=28327"}],"version-history":[{"count":12,"href":"https:\/\/www.wesselton.net\/ca\/wp-json\/wp\/v2\/pages\/28327\/revisions"}],"predecessor-version":[{"id":29246,"href":"https:\/\/www.wesselton.net\/ca\/wp-json\/wp\/v2\/pages\/28327\/revisions\/29246"}],"wp:attachment":[{"href":"https:\/\/www.wesselton.net\/ca\/wp-json\/wp\/v2\/media?parent=28327"}],"curies":[{"name":"wp","href":"https:\/\/api.w.org\/{rel}","templated":true}]}}