

{"id":9781,"date":"2020-05-11T19:50:29","date_gmt":"2020-05-11T17:50:29","guid":{"rendered":"https:\/\/www.wesselton.net\/?page_id=9781"},"modified":"2023-09-04T15:23:58","modified_gmt":"2023-09-04T13:23:58","slug":"termes-i-condicions","status":"publish","type":"page","link":"https:\/\/www.wesselton.net\/ca\/termes-i-condicions\/","title":{"rendered":"Termes i Condicions"},"content":{"rendered":"<p>[vc_row][vc_column][vc_column_text]Detall dels termes i condicions de compra de la web www.wesselton.net aplicables exclusivament a totes las vendes realitzades a trav\u00e9s d\u2019aquesta plataforma.<\/p>\n<p>La utilitzaci\u00f3 del lloc web www.wesselton.net o realitzar una comanda a trav\u00e9s de la mateixa implica la plena acceptaci\u00f3 de les Condicions de Compra i Pol\u00edtiques de Privacitat i Protecci\u00f3 de Dades aqu\u00ed descrites, de les que WESSELTON es reserva el dret de modificaci\u00f3, sent les condicions aplicables les que siguin vigents en cada moment.<br \/>\n[\/vc_column_text][\/vc_column][\/vc_row][vc_row][vc_column][vc_empty_space][vc_column_text]<\/p>\n<h3>1. Informaci\u00f3 general<\/h3>\n<p>En compliment de l\u2019article 10 de la Llei 34\/2002, del 11 de juliol, de serveis de la Sociedad de la Informaci\u00f3 i Comer\u00e7 Electr\u00f2nic (LSSICE), s\u2019exposa a continuaci\u00f3 les dades identificatives de l\u2019empresa:<\/p>\n<p>El lloc web www.wesselton.net opera sota la denominaci\u00f3 WESSELTON, que \u00e9s propietat de WESSELTON-SALA S.L, societat amb CIF B17358656 i domicili social en l\u2019Avinguda S\u2019Agar\u00f3 61 de Castell-Platja d\u2019Aro, inscrita en el Registre mercantil de Girona, al foli 1 del tom 526 fulla n\u00famero GI-10257, Tel\u00e8fon de contacte: (+34) 972 816 753; mail de contacte: <a href=\"mailto:online@wesselton.net\">online@wesselton.net<\/a>.<\/p>\n<p>La societat t\u00e9 per objecte el comer\u00e7 al per menor d\u2019articles de joieria, rellotgeria, argentaria i bijuteria, per internet, o per qualsevol altre mitj\u00e0.[\/vc_column_text][\/vc_column][\/vc_row][vc_row][vc_column][vc_empty_space][vc_column_text]<\/p>\n<h3>2. Descripci\u00f3 dels productes<\/h3>\n<p>La descripci\u00f3 detallada dels productes exposats en el lloc web www.wesselton.net s\u2019elabora a partir d\u2019informaci\u00f3 i imatges pr\u00f2pies de WESSELTON (de les que l\u2019empresa es reserva tots els seus drets d\u2019\u00fas) i\/o de informaci\u00f3 i imatges subministrades pels nostres prove\u00efdors.<\/p>\n<p>WESSELTON disposa d\u2019autoritzaci\u00f3 per l\u2019\u00fas dels noms comercials o marques registrades contingudes en el lloc web.<br \/>\nEls preus dels articles publicats s\u00f3n susceptibles de variacions.<\/p>\n<p>L\u2019empresa no es responsabilitza dels possibles errors en la informaci\u00f3 o caracter\u00edstiques dels productes publicats.<\/p>\n<p>En caso de tindre algun dubte o comentari sobre el contingut d\u2019aquesta p\u00e0gina web poden contactar amb nosaltres mitjan\u00e7ant el correu <a href=\"mailto:online@wesselton.net\">online@wesselton.net<\/a>.<br \/>\n[\/vc_column_text][\/vc_column][\/vc_row][vc_row][vc_column][vc_empty_space][vc_column_text]<\/p>\n<h3>3. Disponibilitat dels productes<\/h3>\n<p>La disponibilitat dels productes en el lloc web s\u2019actualitza en funci\u00f3 de l\u2019estoc.<\/p>\n<p>Totes les comandes de productes estan subjectes a la disponibilitat dels mateixos.<br \/>\nWESSELTON no posar\u00e0 a la venda de forma intencionada m\u00e9s unitats de les disponibles en estoc.<\/p>\n<p>Si per causes no controlables o errors no desitjats WESSELTON poses a la venda un producte no disponible en estoc i aquest fos adquirit per un usuari, WESSELTON es compromet a actuar de bona fe y oferir a l\u2019usuari la possibilitat de:<\/p>\n<ul>\n<li>Reemborsar qualsevol quantitat que s\u2019hagu\u00e9s pogut haver abonat sense cap tipus de penalitzaci\u00f3 a traves del mateix medi pel qual s\u2019hagu\u00e9s realitzat.<\/li>\n<li>Substituir per un altre model de igual qualitat i valor disponible en estoc amb el consentiment per part del client.<\/li>\n<li>Si hi ha la possibilitat de tenir disponibilitat del producte, enviar-lo en un nou termini d\u2019entrega.<\/li>\n<\/ul>\n<p>[\/vc_column_text][\/vc_column][\/vc_row][vc_row][vc_column][vc_empty_space][vc_column_text]<\/p>\n<h3>4. Preu<\/h3>\n<p>Els preus dels productes presentats en www.wesselton.net inclouen l\u2019IVA (percentatge segons legislaci\u00f3 vigent aplicable en cada moment) si no s\u2019indica el contrari.<\/p>\n<p>Els preus no inclouen les despeses d\u2019enviament si no s\u2019indica el contrari.<br \/>\nWESSELTON no es responsabilitza dels possibles errors en las tarifes de preus en els articles publicats. En el cas de produir-se un error en el preu final d\u2019alguns dels articles exposats WESSELTON es compromet a posar en coneixement dels usuaris amb la major brevetat possible el nou preu de venda, oferint als clients afectats la possibilitat de re-confirmar la comanda, o la possibilitat de desistir de la compra por la seva part.<\/p>\n<p>Si no \u00e9s possible contactar amb l\u2019usuari de la comanda es considerar\u00e0 cancel\u00b7lada i se li reemborsar\u00e0 la quantitat del preu erroni que s\u2019hagu\u00e9s abonat. WESSELTON no estar\u00e0 obligat a subministrar al comprador cap producte al preu inferior incorrecte encara que la comanda estigues confirmada.<\/p>\n<p>Els preus dels articles publicats en la web s\u00f3n susceptibles de variaci\u00f3 per\u00f2 llevat del que s\u2019ha establert anteriorment en cas d\u2019error els possibles canvis no afectaran a les comandes respecte a les que s\u2019hagin enviat un correu electr\u00f2nic de confirmaci\u00f3 de comanda.<\/p>\n<p>[\/vc_column_text][\/vc_column][\/vc_row][vc_row][vc_column][vc_empty_space][vc_column_text]<\/p>\n<h3>5. Admissibilitat per la realitzaci\u00f3 de compres<\/h3>\n<p>L\u2019usuari declara i garanteix a actuar de bona fe fent \u00fas d\u2019aquesta web \u00fanicament per realitzar consultes o comandes legalment v\u00e0lides i no per adquirir productes mitjan\u00e7ant de www.wesselton.net amb la finalitat de revenda o distribuci\u00f3 paral\u00b7lela que li reporti un benefici comercial.<\/p>\n<p>Si es pogu\u00e9s considerar que s\u2019ha fet una comanda falsa o fraudulenta WESSELTON e reserva el dret a anul\u00b7lar-lo abonant al client el pagament que hagi realitzat sense ninguna penalitzaci\u00f3 per a WESSELTON.<\/p>\n<p>Al fer \u00fas d\u2019aquesta p\u00e0gina l\u2019usuari es compromet a facilitar les dades que li sol\u00b7liciten de forma vera\u00e7 i exacta, consentint que WESSELTON pugui fer \u00fas d\u2019aquesta informaci\u00f3 per posar-se en contacte amb els usuaris si fos necessari. Si l\u2019usuari no facilita tota la informaci\u00f3 la comanda no podr\u00e0 cursar.<\/p>\n<p>Al realitzar una comanda mitjan\u00e7ant la p\u00e0gina web, l\u2019usuari declara ser major d\u2019edat i tenir capacitat legal per a celebrar contractes.[\/vc_column_text][\/vc_column][\/vc_row][vc_row][vc_column][vc_empty_space][vc_column_text]<\/p>\n<h3>6. M\u00e8todes de pagament<\/h3>\n<p>WESSELTON posa a disposici\u00f3 dels usuaris una passarel\u00b7la de pagament telem\u00e0tic segura per targetes de cr\u00e8dit i d\u00e8bit (Visa, Mastercard, Visa Electron i targetes an\u00e0logues) oferires per la entitat Banc Sabadell.<\/p>\n<p>A l\u2019autoritzar el pagament l\u2019usuari est\u00e0 confirmant que la targeta de cr\u00e8dit o d\u00e8bit \u00e9s de la seva titularitat. Les targetes de cr\u00e8dit estaran subjectes a comprovacions i autoritzacions per part de l\u2019entitat emissora de les mateixes, per la que si aquesta entitat no autoritza el pagament, WESSELTON no ser\u00e0 responsable de la falta d\u2019entrega o retr\u00e0s en l\u2019entrega, no quedant formalitzada la compra.<\/p>\n<p>WESSELTON es compromet a no emmagatzemar, en cap cas, informaci\u00f3 sensible com n\u00fameros de targetes o codis d\u2019autentificaci\u00f3.<\/p>\n<p>Tamb\u00e9 s\u2019ofereix sota condicions especials la possibilitat de pagament mitjan\u00e7ant transfer\u00e8ncia o ingr\u00e9s bancari. En aquest cas WESSELTON es reserva el dret de demorar l\u2019enviament de la compra fins a disposar de les garanties necess\u00e0ries de cobrament.<\/p>\n<p>L\u2019usuari es compromet a realitzar el pagament \u00edntegre dels productes adquirits en el temps establert per l\u2019empresa.<br \/>\n[\/vc_column_text][\/vc_column][\/vc_row][vc_row][vc_column][vc_empty_space][vc_column_text]<\/p>\n<h3>7. Pol\u00edtica d\u2019enviaments i devolucions<\/h3>\n<p><strong>Formalitzaci\u00f3 de la Comanda<\/strong><br \/>\nAcceptades les Condicions d\u2019\u00das i la confirmaci\u00f3 de compra el client rebr\u00e0 un mail de confirmaci\u00f3 de comanda amb els detalls de l\u2019operaci\u00f3.<\/p>\n<p>&nbsp;<\/p>\n<p><strong>M\u00e8tode i terminis d\u2019entrega.<\/strong><br \/>\nUna vegada confirmada la compra, el termini d\u2019entrega no excedir\u00e0 els 15 dies h\u00e0bils sent el termini d\u2019entrega habitual inferior a 48-72h per enviaments dins del territori espanyol de dilluns a divendres.<\/p>\n<p>La demora de la comanda facultar\u00e0 al client a cancel\u00b7lar la comanda amb la devoluci\u00f3 de les quantitats abonades per\u00f2 en cap cas aix\u00f2 implicar\u00e0 cap indemnitzaci\u00f3.<\/p>\n<p>Si transcorreguts 5 dies h\u00e0bils des de la confirmaci\u00f3 de la comanda el client no ha acordat una data d\u2019entrega amb l\u2019empresa de transports, el client haur\u00e0 de posar-se en contacte amb WESSELTON. Si el client no es pos\u00e9s en contacte amb WESSELTON, l\u2019empresa de transports procedir\u00e0 a la devoluci\u00f3 a origen de l\u2019enviament sent el client qui haur\u00e0 d\u2019assumir-ne les despeses de gesti\u00f3 associades a l\u2019enviament i la devoluci\u00f3.<\/p>\n<p>&nbsp;<\/p>\n<p><strong>\u00c0mbit geogr\u00e0fic<\/strong><br \/>\nLos productes de joieria, classificats amb la marca \u201cWESSELTON\u201d, no disposen de restriccions geogr\u00e0fiques per la seva distribuci\u00f3.<br \/>\nLa distribuci\u00f3 dels productes d\u2019altres marques de joies, rellotges o complements poden estar limitats geogr\u00e0ficament dins el territori d\u2019Espanya i\/o de la Uni\u00f3 Europea, segons les especificacions concretes de cada marca.<br \/>\nEn el cas de no poder garantir l\u2019enviament segur dels productes, WESSELTON es reserva el dret de restringir l\u2019\u00e0mbit geogr\u00e0fic de distribuci\u00f3.<\/p>\n<p>&nbsp;<\/p>\n<p><strong>Recollida a la botiga<\/strong><br \/>\nSi el client ho desitja podr\u00e0 recollir la seva comanda en la joieria WESSELTON en la seg\u00fcent adre\u00e7a, Avinguda S\u2019Agar\u00f3, 61 \u2013 Platja d\u2019Aro. Tel. (+34) 972 816 753<br \/>\nPer accedir al servei de recollida en la botiga el client ho haur\u00e0 d\u2019indicar en el proc\u00e9s de compra i haur\u00e0 d\u2019ajustar-se a als terminis d\u2019entrega que se li indiquin mitjan\u00e7ant el correu electr\u00f2nic.<\/p>\n<p>&nbsp;<\/p>\n<p><strong>Condicions de recollida en la botiga:<\/strong><br \/>\nEl client haur\u00e0 d\u2019acudir a la botiga i identificar-se amb el DNI o passaport original en vigor i mostrar el justificant de compra.<br \/>\nSi el client desitja que els productes siguin retirats per un tercer haur\u00e0 de notificar-ho per correu electr\u00f2nic juntament amb una autoritzaci\u00f3 firmada que contingui les dades complertes del client i de la persona a la que desitgi autoritzar (Nom, cognoms, n\u00famero de DNI o Passaport).<\/p>\n<p>&nbsp;<\/p>\n<p><strong>Dilig\u00e8ncia en l\u2019entrega<\/strong><br \/>\nEl client es compromet a comprovar el bon estat de l\u2019enviament en el moment de l\u2019entrega davant el transportista i haur\u00e0 de reflectir qualsevol anomalia que detecti en l\u2019albar\u00e0 d\u2019entrega (Ruptura de l\u2019embalatge, cops externs, humitat, etc&#8230;) podent arribar a rebutjar-ne l\u2019entrega.<\/p>\n<p>El client haur\u00e0 de posar en coneixement de WESSELTON qualsevol incident en l\u2019entrega mitjan\u00e7ant el correu electr\u00f2nic <a href=\"mailto:online@wesselton.net\">online@wesselton.net<\/a><\/p>\n<p>S\u2019entendr\u00e0 produ\u00efda l\u2019entrega o que la comanda ha estat entregada en el moment en que l\u2019usuari (o un tercer en el seu nom) adquireixi la possessi\u00f3 material del producte, el que s\u2019acredit\u00e0 mitjan\u00e7ant la firma de la recepci\u00f3 de la comanda en la direcci\u00f3 d\u2019entrega convinguda, si no \u00e9s \u201cRecollida a la botiga\u201d.<\/p>\n<p>&nbsp;<\/p>\n<p><strong>Dret de dissentiment.<\/strong><br \/>\nEl client que actua com a consumidor i usuari t\u00e9 dret a realitzar la devoluci\u00f3 de la comanda en un termini inferior als 14 dies naturals a partir de l\u2019entrega de la mateixa.<\/p>\n<p>Per realitzar una devoluci\u00f3, el client haur\u00e0 de posar-se en contacte amb WESSELTON i seguir les indicacions que se li comuniquin. En cap cas s\u2019acceptaran devolucions que no s\u2019ajustin al procediment i als canals marcats per l\u2019empresa.<\/p>\n<p>L\u2019usuari no tindr\u00e0 dret a desistir de les comandes especials o personalitzades.<br \/>\nLos despeses d\u2019enviament i devoluci\u00f3 no seran reemborsades.<\/p>\n<p>No s\u2019acceptaran devolucions de productes que hagin estat manipulats o que hagin estat usats.<\/p>\n<p>\u00c9s indispensable que els productes a retornar conservin el packaging original (Caixa, documentaci\u00f3, accessoris, etc).<\/p>\n<p>Els productes fets a mida i\/o personalitzats no es pondran retornar.<br \/>\nUna vegada WESSELTON notifiqui que els productes retornats compleixen els requisits d\u2019autenticitat i l\u2019estat exigit, el reemborsament del pagament est realitzar\u00e0 mitjan\u00e7ant el mateix m\u00e8tode en que es va realitzar la compra i en un per\u00edode inferior als 15 dies h\u00e0bils.<\/p>\n<p>&nbsp;<\/p>\n<p><strong>Declaraci\u00f3 duanera i impostos i taxes internacionals.<\/strong><br \/>\nTots els enviaments internacionals, aix\u00ed com els enviaments a Can\u00e0ries, Ceuta i Melilla estaran acompanyats per una declaraci\u00f3 d\u2019importaci\u00f3\/exportaci\u00f3 davant les autoritats duaneres. Aquest document reflexa l\u2019import total de la comanda.<br \/>\nEl Client haur\u00e0 d\u2019abonar les taxes o impostos internacionals que gravin els productes en el territori de recollida.[\/vc_column_text][\/vc_column][\/vc_row][vc_row][vc_column][vc_empty_space][vc_column_text]<\/p>\n<h3>8. Garantia<\/h3>\n<p>De conformitat amb el que estableix la Llei 23\/2003 de 10 de juliol de Garanties en la Venda de Bens de Consum, el fabricant o marca del producte adquirit haur\u00e0 de respondre davant el client davant qualsevol falta de conformitat per defectes de fabricaci\u00f3 existents en el moment de l\u2019entrega i que es manifestin durant els seg\u00fcents 2 anys.<\/p>\n<p>El termini que disposa el client per notificar qualsevol incid\u00e8ncia provocada per defectes de fabricaci\u00f3 \u00e9s de 2 mesos des de que es tingui coneixement de la mateixa.<\/p>\n<p>Si la marca fabricant del producte adquirit comprova i corrobora l\u2019exist\u00e8ncia d\u2019un defecte de fabricaci\u00f3 procedir\u00e0 a la reparaci\u00f3 o substituci\u00f3 de l\u2019article. Sempre a l\u2019elecci\u00f3 del client, quan sigui possible t\u00e8cnicament i s\u2019hagi notificat en els terminis establerts.<\/p>\n<p>Casos en que no s\u2019acceptar\u00e0 com a defectes de fabricaci\u00f3:<\/p>\n<ul>\n<li>Danys generals provocats per un \u00fas indegut o anormal del producte<\/li>\n<li>Cops i ratllades provocades per un \u00fas normal del producte<\/li>\n<li>Despreniments o ruptures de gemmes o altres elements aplicats.<\/li>\n<li>Taques o canvis de brillo en metalls, gemmes o altres elements provocats per agents qu\u00edmics externs.<\/li>\n<li>Al\u00b7l\u00e8rgies.<\/li>\n<\/ul>\n<p>Casos espec\u00edfics per productes de rellotgeria que queden exclosos de la garantia:<\/p>\n<ul>\n<li>Duraci\u00f3 de la pila o bateria.<\/li>\n<li>Desgast per un \u00fas normal.<\/li>\n<li>Danys provocats per un \u00fas indegut del producte o per la seva falta de manteniment.<\/li>\n<\/ul>\n<p>Qualsevol garantia quedar\u00e0 anul\u00b7lada si el producte \u00e9s manipulat per personal no autoritzat per a tal efecte per el fabricant.<\/p>\n<p>Queda exclosa qualsevol altra reclamaci\u00f3 a excepci\u00f3 dels drets que ostenti el comprador davant el fabricant d\u2019acord a la legislaci\u00f3 vigent.[\/vc_column_text][\/vc_column][\/vc_row][vc_row][vc_column][vc_empty_space][vc_column_text]<\/p>\n<h3>9. Pol\u00edtica de privacitat de dades<\/h3>\n<p>Aquesta web compleix rigorosament amb la Llei Org\u00e0nica 15\/1999, de 13 de desembre, de Protecci\u00f3 de Dades de Car\u00e0cter Personal (LOPD), i amb el Reial decret 1720\/2007, de 21 de desembre, conegut com el Reglament de desenvolupament de la LOPD. Compleix tamb\u00e9 amb el Reglament (UE) 2016\/679 del Parlament Europeu i del Consell de 27 d\u2019abril de 2016 relatiu a la protecci\u00f3 de les persones f\u00edsiques (RGPD), aix\u00ed com amb la Llei 34\/2002, d\u201911 de juliol, de Serveis de la Societat de la Informaci\u00f3 i Comer\u00e7 Electr\u00f2nic (LSSICE o LSSI).<\/p>\n<p>Totes les dades sol\u00b7licitades a trav\u00e9s del lloc web s\u00f3n necess\u00e0ries per l\u2019\u00f2ptima prestaci\u00f3 dels serveis sol\u00b7licitats per l\u2019usuari. WESSELTON no pot garantir la correcta prestaci\u00f3 dels serveis si no es faciliten totes les dades sol\u00b7licitades en el proc\u00e9s d\u2019alta i compra (incloent les marcades com a opcionals).<\/p>\n<p>Sense perjudici de les finalitats que en cada cas s\u2019indiquin, les dades de car\u00e0cter personal sol\u00b7licitades seran guardades i gestionades amb la seva deguda confidencialitat, aplicant les mesures de seguretat inform\u00e0tica establertes en la legislaci\u00f3 aplicable per impedir el seu acc\u00e9s o \u00fas indegut de les dades, la seva manipulaci\u00f3, deteriorament o p\u00e8rdua.<\/p>\n<p>Si desitja exercitar els seus drets d&#8217;acc\u00e9s, rectificaci\u00f3, oposici\u00f3, limitaci\u00f3, supressi\u00f3, portabilitat i a no ser objecte de decisions automatitzades, haur\u00e0 de dirigir-se per correu electr\u00f2nic a: <a href=\"mailto:online@wesselton.net\">online@wesselton.net<\/a>. en el cas que no hagi obtingut satisfacci\u00f3 en l&#8217;exercici dels seus drets pot presentar una reclamaci\u00f3 davant l&#8217;Ag\u00e8ncia Espanyola de Protecci\u00f3 de Dades (aepd.es)<br \/>\n[\/vc_column_text][\/vc_column][\/vc_row][vc_row][vc_column][vc_empty_space][vc_column_text]<\/p>\n<h3>10. Prevenci\u00f3 del blanqueig de capitals i de finan\u00e7ament del terrorisme<\/h3>\n<p>Wesselton per la seva activitat de comercialitzaci\u00f3 professional de joies, pedres o metalls preciosos, \u00e9s subjecte obligat per la Llei 10\/2010 de 28 d&#8217;abril, de prevenci\u00f3 del blanqueig de capitals i del finan\u00e7ament del terrorisme.<\/p>\n<p>Entre altres obligacions que resulten aplicables a aquesta condici\u00f3, el client diu i manifesta que \u00e9s el titular real de l&#8217;operaci\u00f3, Wesselton ha d&#8217;identificar i conservar c\u00f2pia del document fefaent d&#8217;identitat (DNI, Passaport, etc.) de qualsevol client que realitzi una compra igual o superior a 1000 \u20ac en productes de joieria. Aix\u00f2 amb motiu del qual es disposa en la normativa vigent en la mat\u00e8ria.<\/p>\n<p>El Client \u00e9s conscient d&#8217;aquesta obligaci\u00f3 legal i es compromet a remetre, a petici\u00f3 de Wesselton, c\u00f2pia del document fefaent d&#8217;identitat per a donar compliment a la mateixa en el termini m\u00e0xim d&#8217;UN MES des de la realitzaci\u00f3 de la compra.<\/p>\n<p>WESSELTON es reserva el dret de retenir la comanda fins que el client s\u2019identifiqui.<br \/>\n[\/vc_column_text][\/vc_column][\/vc_row][vc_row][vc_column][vc_empty_space][vc_column_text]<\/p>\n<h3>11. Modificaci\u00f3 de les condicions de compra<\/h3>\n<p>WESSELTON es reserva el dret a modificar en qualsevol moment les condicions aqu\u00ed determinades, sent degudament publicades com aqu\u00ed apareixen. La vig\u00e8ncia de las citades condiciones anir\u00e0 en funci\u00f3 de la seva exposici\u00f3 i estaran vigents fins que siguin modificades per altres degudament publicades.[\/vc_column_text][\/vc_column][\/vc_row][vc_row][vc_column][vc_empty_space][vc_column_text]<\/p>\n<h3>12. Legislaci\u00f3 Aplicable<\/h3>\n<p>L\u2019\u00fas i els contractes de compra a trav\u00e9s de www.wesselton.net es regeixen per la legislaci\u00f3 espanyola.<\/p>\n<p>Qualsevol controversia surgida de les presents condicions de compra ser\u00e0 sotmesa a la jurisdicci\u00f3 dels jutjats i tribunals espanyols.<br \/>\n[\/vc_column_text][vc_empty_space][\/vc_column][\/vc_row]<\/p>\n","protected":false},"excerpt":{"rendered":"<p>[vc_row][vc_column][vc_column_text]Detall dels termes i condicions de compra de la web www.wesselton.net aplicables exclusivament a totes las vendes realitzades a trav\u00e9s d\u2019aquesta plataforma. La utilitzaci\u00f3 del lloc web www.wesselton.net o realitzar&hellip;<\/p>\n","protected":false},"author":3,"featured_media":0,"parent":0,"menu_order":0,"comment_status":"closed","ping_status":"closed","template":"","meta":{"footnotes":""},"class_list":["post-9781","page","type-page","status-publish","hentry"],"acf":[],"yoast_head":"<!-- This site is optimized with the Yoast SEO plugin v27.2 - https:\/\/yoast.com\/product\/yoast-seo-wordpress\/ -->\n<title>Termes i Condicions - Wesselton | Joieria i Diamants<\/title>\n<meta name=\"robots\" content=\"noindex, nofollow\" \/>\n<meta property=\"og:locale\" content=\"ca_ES\" \/>\n<meta property=\"og:type\" content=\"article\" \/>\n<meta property=\"og:title\" content=\"Termes i Condicions - Wesselton | Joieria i Diamants\" \/>\n<meta property=\"og:description\" content=\"[vc_row][vc_column][vc_column_text]Detall dels termes i condicions de compra de la web www.wesselton.net aplicables exclusivament a totes las vendes realitzades a trav\u00e9s d\u2019aquesta plataforma. La utilitzaci\u00f3 del lloc web www.wesselton.net o realitzar&hellip;\" \/>\n<meta property=\"og:url\" content=\"https:\/\/www.wesselton.net\/ca\/termes-i-condicions\/\" \/>\n<meta property=\"og:site_name\" content=\"Wesselton | Joieria i Diamants\" \/>\n<meta property=\"article:publisher\" content=\"https:\/\/www.facebook.com\/wesselton.oficial\/\" \/>\n<meta property=\"article:modified_time\" content=\"2023-09-04T13:23:58+00:00\" \/>\n<meta name=\"twitter:card\" content=\"summary_large_image\" \/>\n<meta name=\"twitter:label1\" content=\"Temps estimat de lectura\" \/>\n\t<meta name=\"twitter:data1\" content=\"12 minuts\" \/>\n<script type=\"application\/ld+json\" class=\"yoast-schema-graph\">{\"@context\":\"https:\/\/schema.org\",\"@graph\":[{\"@type\":\"WebPage\",\"@id\":\"https:\/\/www.wesselton.net\/ca\/termes-i-condicions\/\",\"url\":\"https:\/\/www.wesselton.net\/ca\/termes-i-condicions\/\",\"name\":\"Termes i Condicions - Wesselton | Joieria i Diamants\",\"isPartOf\":{\"@id\":\"https:\/\/www.wesselton.net\/#website\"},\"datePublished\":\"2020-05-11T17:50:29+00:00\",\"dateModified\":\"2023-09-04T13:23:58+00:00\",\"breadcrumb\":{\"@id\":\"https:\/\/www.wesselton.net\/ca\/termes-i-condicions\/#breadcrumb\"},\"inLanguage\":\"ca\",\"potentialAction\":[{\"@type\":\"ReadAction\",\"target\":[\"https:\/\/www.wesselton.net\/ca\/termes-i-condicions\/\"]}]},{\"@type\":\"BreadcrumbList\",\"@id\":\"https:\/\/www.wesselton.net\/ca\/termes-i-condicions\/#breadcrumb\",\"itemListElement\":[{\"@type\":\"ListItem\",\"position\":1,\"name\":\"Inici\",\"item\":\"https:\/\/www.wesselton.net\/ca\/\"},{\"@type\":\"ListItem\",\"position\":2,\"name\":\"Termes i Condicions\"}]},{\"@type\":\"WebSite\",\"@id\":\"https:\/\/www.wesselton.net\/#website\",\"url\":\"https:\/\/www.wesselton.net\/\",\"name\":\"Wesselton | Joieria i Diamants\",\"description\":\"Diamants \u00fanics per moments \u00fanics. Peces d&#039;elaboraci\u00f3 pr\u00f2pia de m\u00e0xima qualitat, cuidades fins a l&#039;\u00faltim detall, i les millors marques de joieria.\",\"potentialAction\":[{\"@type\":\"SearchAction\",\"target\":{\"@type\":\"EntryPoint\",\"urlTemplate\":\"https:\/\/www.wesselton.net\/?s={search_term_string}\"},\"query-input\":{\"@type\":\"PropertyValueSpecification\",\"valueRequired\":true,\"valueName\":\"search_term_string\"}}],\"inLanguage\":\"ca\"}]}<\/script>\n<!-- \/ Yoast SEO plugin. -->","yoast_head_json":{"title":"Termes i Condicions - Wesselton | Joieria i Diamants","robots":{"index":"noindex","follow":"nofollow"},"og_locale":"ca_ES","og_type":"article","og_title":"Termes i Condicions - Wesselton | Joieria i Diamants","og_description":"[vc_row][vc_column][vc_column_text]Detall dels termes i condicions de compra de la web www.wesselton.net aplicables exclusivament a totes las vendes realitzades a trav\u00e9s d\u2019aquesta plataforma. La utilitzaci\u00f3 del lloc web www.wesselton.net o realitzar&hellip;","og_url":"https:\/\/www.wesselton.net\/ca\/termes-i-condicions\/","og_site_name":"Wesselton | Joieria i Diamants","article_publisher":"https:\/\/www.facebook.com\/wesselton.oficial\/","article_modified_time":"2023-09-04T13:23:58+00:00","twitter_card":"summary_large_image","twitter_misc":{"Temps estimat de lectura":"12 minuts"},"schema":{"@context":"https:\/\/schema.org","@graph":[{"@type":"WebPage","@id":"https:\/\/www.wesselton.net\/ca\/termes-i-condicions\/","url":"https:\/\/www.wesselton.net\/ca\/termes-i-condicions\/","name":"Termes i Condicions - Wesselton | Joieria i Diamants","isPartOf":{"@id":"https:\/\/www.wesselton.net\/#website"},"datePublished":"2020-05-11T17:50:29+00:00","dateModified":"2023-09-04T13:23:58+00:00","breadcrumb":{"@id":"https:\/\/www.wesselton.net\/ca\/termes-i-condicions\/#breadcrumb"},"inLanguage":"ca","potentialAction":[{"@type":"ReadAction","target":["https:\/\/www.wesselton.net\/ca\/termes-i-condicions\/"]}]},{"@type":"BreadcrumbList","@id":"https:\/\/www.wesselton.net\/ca\/termes-i-condicions\/#breadcrumb","itemListElement":[{"@type":"ListItem","position":1,"name":"Inici","item":"https:\/\/www.wesselton.net\/ca\/"},{"@type":"ListItem","position":2,"name":"Termes i Condicions"}]},{"@type":"WebSite","@id":"https:\/\/www.wesselton.net\/#website","url":"https:\/\/www.wesselton.net\/","name":"Wesselton | Joieria i Diamants","description":"Diamants \u00fanics per moments \u00fanics. Peces d&#039;elaboraci\u00f3 pr\u00f2pia de m\u00e0xima qualitat, cuidades fins a l&#039;\u00faltim detall, i les millors marques de joieria.","potentialAction":[{"@type":"SearchAction","target":{"@type":"EntryPoint","urlTemplate":"https:\/\/www.wesselton.net\/?s={search_term_string}"},"query-input":{"@type":"PropertyValueSpecification","valueRequired":true,"valueName":"search_term_string"}}],"inLanguage":"ca"}]}},"_links":{"self":[{"href":"https:\/\/www.wesselton.net\/ca\/wp-json\/wp\/v2\/pages\/9781","targetHints":{"allow":["GET"]}}],"collection":[{"href":"https:\/\/www.wesselton.net\/ca\/wp-json\/wp\/v2\/pages"}],"about":[{"href":"https:\/\/www.wesselton.net\/ca\/wp-json\/wp\/v2\/types\/page"}],"author":[{"embeddable":true,"href":"https:\/\/www.wesselton.net\/ca\/wp-json\/wp\/v2\/users\/3"}],"replies":[{"embeddable":true,"href":"https:\/\/www.wesselton.net\/ca\/wp-json\/wp\/v2\/comments?post=9781"}],"version-history":[{"count":1,"href":"https:\/\/www.wesselton.net\/ca\/wp-json\/wp\/v2\/pages\/9781\/revisions"}],"predecessor-version":[{"id":27033,"href":"https:\/\/www.wesselton.net\/ca\/wp-json\/wp\/v2\/pages\/9781\/revisions\/27033"}],"wp:attachment":[{"href":"https:\/\/www.wesselton.net\/ca\/wp-json\/wp\/v2\/media?parent=9781"}],"curies":[{"name":"wp","href":"https:\/\/api.w.org\/{rel}","templated":true}]}}