

{"id":11011,"date":"2020-06-17T15:25:26","date_gmt":"2020-06-17T13:25:26","guid":{"rendered":"https:\/\/www.wesselton.net\/?post_type=product&#038;p=11011"},"modified":"2026-02-24T12:05:33","modified_gmt":"2026-02-24T10:05:33","slug":"anell-marco-bicego-jaipur-turmalina-verda","status":"publish","type":"product","link":"https:\/\/www.wesselton.net\/ca\/anell-marco-bicego-jaipur-turmalina-verda\/","title":{"rendered":"Anell Marco Bicego Jaipur amb turmalina verde i diamants"},"content":{"rendered":"<p>L&#8217; Anell Marco Bicego Jaipur \u00e9s un punt verd que allibera reflexos vibrants de passi\u00f3, seducci\u00f3 i un sol aire de misterio. Aquest anell de comprom\u00eds en or groc de 18 quilates destaca per la bellesa de les seves talles precioses, curosament treballades per ressaltar la llum i el color en cada moviment. El seu disseny combina la intensitat emocional de la gema amb un corte modern i equilibrat, el que converteix en una alegria perfecta per dur a terme un diari. \u00c9s una pe\u00e7a que simbolitza sentiments profunds i aut\u00e8ntics, pensada per a quiens busquen un anell de car\u00e0cter, significat i una eleg\u00e0ncia que perdura en el temps.<\/p>\n","protected":false},"excerpt":{"rendered":"<p>Anell d&#8217;or de 18 quirats de color groc gravat a m\u00e0 amb la t\u00e8cnica Bulino. Aquesta joia porta una turmalina verda de talla rosa coix\u00ed i petits diamants en el bra\u00e7.<\/p>\n","protected":false},"featured_media":11018,"comment_status":"open","ping_status":"closed","template":"","meta":[],"product_brand":[],"product_cat":[3092,2269,2293],"product_tag":[],"class_list":{"0":"post-11011","1":"product","2":"type-product","3":"status-publish","4":"has-post-thumbnail","6":"product_cat-altres-gemmes","7":"product_cat-diamants","8":"product_cat-or-groc","9":"yith_product_brand-marco-bicego","11":"first","12":"instock","13":"shipping-taxable","14":"purchasable","15":"product-type-variable"},"acf":[],"yoast_head":"<!-- This site is optimized with the Yoast SEO plugin v27.4 - https:\/\/yoast.com\/product\/yoast-seo-wordpress\/ -->\n<title>Anell Marco Bicego Jaipur - Wesselton<\/title>\n<meta name=\"description\" content=\"L&#039; anell marco Bicego Jaipur 18 quilates de color amarillo gravat a m\u00e0. Esta joya lleva una turmalina verde de talla rosa almohada.l\" \/>\n<meta name=\"robots\" content=\"index, follow, max-snippet:-1, max-image-preview:large, max-video-preview:-1\" \/>\n<link rel=\"canonical\" href=\"https:\/\/www.wesselton.net\/ca\/anell-marco-bicego-jaipur-turmalina-verda\/\" \/>\n<meta property=\"og:locale\" content=\"ca_ES\" \/>\n<meta property=\"og:type\" content=\"article\" \/>\n<meta property=\"og:title\" content=\"Anell Marco Bicego Jaipur - Wesselton\" \/>\n<meta property=\"og:description\" content=\"L&#039; anell marco Bicego Jaipur 18 quilates de color amarillo gravat a m\u00e0. Esta joya lleva una turmalina verde de talla rosa almohada.l\" \/>\n<meta property=\"og:url\" content=\"https:\/\/www.wesselton.net\/ca\/anell-marco-bicego-jaipur-turmalina-verda\/\" \/>\n<meta property=\"og:site_name\" content=\"Wesselton | Joieria i Diamants\" \/>\n<meta property=\"article:publisher\" content=\"https:\/\/www.facebook.com\/wesselton.oficial\/\" \/>\n<meta property=\"article:modified_time\" content=\"2026-02-24T10:05:33+00:00\" \/>\n<meta property=\"og:image\" content=\"https:\/\/www.wesselton.net\/wp-content\/uploads\/marco-bicego-anell-jaipur-AB471-B_TV01.jpg\" \/>\n\t<meta property=\"og:image:width\" content=\"680\" \/>\n\t<meta property=\"og:image:height\" content=\"920\" \/>\n\t<meta property=\"og:image:type\" content=\"image\/jpeg\" \/>\n<meta name=\"twitter:card\" content=\"summary_large_image\" \/>\n<meta name=\"twitter:label1\" content=\"Temps estimat de lectura\" \/>\n\t<meta name=\"twitter:data1\" content=\"1 minut\" \/>\n<script type=\"application\/ld+json\" class=\"yoast-schema-graph\">{\"@context\":\"https:\\\/\\\/schema.org\",\"@graph\":[{\"@type\":\"WebPage\",\"@id\":\"https:\\\/\\\/www.wesselton.net\\\/ca\\\/anell-marco-bicego-jaipur-turmalina-verda\\\/\",\"url\":\"https:\\\/\\\/www.wesselton.net\\\/ca\\\/anell-marco-bicego-jaipur-turmalina-verda\\\/\",\"name\":\"Anell Marco Bicego Jaipur - Wesselton\",\"isPartOf\":{\"@id\":\"https:\\\/\\\/www.wesselton.net\\\/#website\"},\"primaryImageOfPage\":{\"@id\":\"https:\\\/\\\/www.wesselton.net\\\/ca\\\/anell-marco-bicego-jaipur-turmalina-verda\\\/#primaryimage\"},\"image\":{\"@id\":\"https:\\\/\\\/www.wesselton.net\\\/ca\\\/anell-marco-bicego-jaipur-turmalina-verda\\\/#primaryimage\"},\"thumbnailUrl\":\"https:\\\/\\\/www.wesselton.net\\\/wp-content\\\/uploads\\\/marco-bicego-anell-jaipur-AB471-B_TV01.jpg\",\"datePublished\":\"2020-06-17T13:25:26+00:00\",\"dateModified\":\"2026-02-24T10:05:33+00:00\",\"description\":\"L' anell marco Bicego Jaipur 18 quilates de color amarillo gravat a m\u00e0. Esta joya lleva una turmalina verde de talla rosa almohada.l\",\"breadcrumb\":{\"@id\":\"https:\\\/\\\/www.wesselton.net\\\/ca\\\/anell-marco-bicego-jaipur-turmalina-verda\\\/#breadcrumb\"},\"inLanguage\":\"ca\",\"potentialAction\":[{\"@type\":\"ReadAction\",\"target\":[\"https:\\\/\\\/www.wesselton.net\\\/ca\\\/anell-marco-bicego-jaipur-turmalina-verda\\\/\"]}]},{\"@type\":\"ImageObject\",\"inLanguage\":\"ca\",\"@id\":\"https:\\\/\\\/www.wesselton.net\\\/ca\\\/anell-marco-bicego-jaipur-turmalina-verda\\\/#primaryimage\",\"url\":\"https:\\\/\\\/www.wesselton.net\\\/wp-content\\\/uploads\\\/marco-bicego-anell-jaipur-AB471-B_TV01.jpg\",\"contentUrl\":\"https:\\\/\\\/www.wesselton.net\\\/wp-content\\\/uploads\\\/marco-bicego-anell-jaipur-AB471-B_TV01.jpg\",\"width\":680,\"height\":920,\"caption\":\"ANELL MARCO BICEGO - JAIPUR TURMALINA VERDA I DIAMANTS\"},{\"@type\":\"BreadcrumbList\",\"@id\":\"https:\\\/\\\/www.wesselton.net\\\/ca\\\/anell-marco-bicego-jaipur-turmalina-verda\\\/#breadcrumb\",\"itemListElement\":[{\"@type\":\"ListItem\",\"position\":1,\"name\":\"Inici\",\"item\":\"https:\\\/\\\/www.wesselton.net\\\/ca\\\/\"},{\"@type\":\"ListItem\",\"position\":2,\"name\":\"Botiga\",\"item\":\"https:\\\/\\\/www.wesselton.net\\\/ca\\\/botiga\\\/\"},{\"@type\":\"ListItem\",\"position\":3,\"name\":\"Anell Marco Bicego Jaipur amb turmalina verde i diamants\"}]},{\"@type\":\"WebSite\",\"@id\":\"https:\\\/\\\/www.wesselton.net\\\/#website\",\"url\":\"https:\\\/\\\/www.wesselton.net\\\/\",\"name\":\"Wesselton | Joieria i Diamants\",\"description\":\"Diamants \u00fanics per moments \u00fanics. Peces d&#039;elaboraci\u00f3 pr\u00f2pia de m\u00e0xima qualitat, cuidades fins a l&#039;\u00faltim detall, i les millors marques de joieria.\",\"potentialAction\":[{\"@type\":\"SearchAction\",\"target\":{\"@type\":\"EntryPoint\",\"urlTemplate\":\"https:\\\/\\\/www.wesselton.net\\\/?s={search_term_string}\"},\"query-input\":{\"@type\":\"PropertyValueSpecification\",\"valueRequired\":true,\"valueName\":\"search_term_string\"}}],\"inLanguage\":\"ca\"}]}<\/script>\n<!-- \/ Yoast SEO plugin. -->","yoast_head_json":{"title":"Anell Marco Bicego Jaipur - Wesselton","description":"L' anell marco Bicego Jaipur 18 quilates de color amarillo gravat a m\u00e0. Esta joya lleva una turmalina verde de talla rosa almohada.l","robots":{"index":"index","follow":"follow","max-snippet":"max-snippet:-1","max-image-preview":"max-image-preview:large","max-video-preview":"max-video-preview:-1"},"canonical":"https:\/\/www.wesselton.net\/ca\/anell-marco-bicego-jaipur-turmalina-verda\/","og_locale":"ca_ES","og_type":"article","og_title":"Anell Marco Bicego Jaipur - Wesselton","og_description":"L' anell marco Bicego Jaipur 18 quilates de color amarillo gravat a m\u00e0. Esta joya lleva una turmalina verde de talla rosa almohada.l","og_url":"https:\/\/www.wesselton.net\/ca\/anell-marco-bicego-jaipur-turmalina-verda\/","og_site_name":"Wesselton | Joieria i Diamants","article_publisher":"https:\/\/www.facebook.com\/wesselton.oficial\/","article_modified_time":"2026-02-24T10:05:33+00:00","og_image":[{"width":680,"height":920,"url":"https:\/\/www.wesselton.net\/wp-content\/uploads\/marco-bicego-anell-jaipur-AB471-B_TV01.jpg","type":"image\/jpeg"}],"twitter_card":"summary_large_image","twitter_misc":{"Temps estimat de lectura":"1 minut"},"schema":{"@context":"https:\/\/schema.org","@graph":[{"@type":"WebPage","@id":"https:\/\/www.wesselton.net\/ca\/anell-marco-bicego-jaipur-turmalina-verda\/","url":"https:\/\/www.wesselton.net\/ca\/anell-marco-bicego-jaipur-turmalina-verda\/","name":"Anell Marco Bicego Jaipur - Wesselton","isPartOf":{"@id":"https:\/\/www.wesselton.net\/#website"},"primaryImageOfPage":{"@id":"https:\/\/www.wesselton.net\/ca\/anell-marco-bicego-jaipur-turmalina-verda\/#primaryimage"},"image":{"@id":"https:\/\/www.wesselton.net\/ca\/anell-marco-bicego-jaipur-turmalina-verda\/#primaryimage"},"thumbnailUrl":"https:\/\/www.wesselton.net\/wp-content\/uploads\/marco-bicego-anell-jaipur-AB471-B_TV01.jpg","datePublished":"2020-06-17T13:25:26+00:00","dateModified":"2026-02-24T10:05:33+00:00","description":"L' anell marco Bicego Jaipur 18 quilates de color amarillo gravat a m\u00e0. Esta joya lleva una turmalina verde de talla rosa almohada.l","breadcrumb":{"@id":"https:\/\/www.wesselton.net\/ca\/anell-marco-bicego-jaipur-turmalina-verda\/#breadcrumb"},"inLanguage":"ca","potentialAction":[{"@type":"ReadAction","target":["https:\/\/www.wesselton.net\/ca\/anell-marco-bicego-jaipur-turmalina-verda\/"]}]},{"@type":"ImageObject","inLanguage":"ca","@id":"https:\/\/www.wesselton.net\/ca\/anell-marco-bicego-jaipur-turmalina-verda\/#primaryimage","url":"https:\/\/www.wesselton.net\/wp-content\/uploads\/marco-bicego-anell-jaipur-AB471-B_TV01.jpg","contentUrl":"https:\/\/www.wesselton.net\/wp-content\/uploads\/marco-bicego-anell-jaipur-AB471-B_TV01.jpg","width":680,"height":920,"caption":"ANELL MARCO BICEGO - JAIPUR TURMALINA VERDA I DIAMANTS"},{"@type":"BreadcrumbList","@id":"https:\/\/www.wesselton.net\/ca\/anell-marco-bicego-jaipur-turmalina-verda\/#breadcrumb","itemListElement":[{"@type":"ListItem","position":1,"name":"Inici","item":"https:\/\/www.wesselton.net\/ca\/"},{"@type":"ListItem","position":2,"name":"Botiga","item":"https:\/\/www.wesselton.net\/ca\/botiga\/"},{"@type":"ListItem","position":3,"name":"Anell Marco Bicego Jaipur amb turmalina verde i diamants"}]},{"@type":"WebSite","@id":"https:\/\/www.wesselton.net\/#website","url":"https:\/\/www.wesselton.net\/","name":"Wesselton | Joieria i Diamants","description":"Diamants \u00fanics per moments \u00fanics. Peces d&#039;elaboraci\u00f3 pr\u00f2pia de m\u00e0xima qualitat, cuidades fins a l&#039;\u00faltim detall, i les millors marques de joieria.","potentialAction":[{"@type":"SearchAction","target":{"@type":"EntryPoint","urlTemplate":"https:\/\/www.wesselton.net\/?s={search_term_string}"},"query-input":{"@type":"PropertyValueSpecification","valueRequired":true,"valueName":"search_term_string"}}],"inLanguage":"ca"}]}},"_links":{"self":[{"href":"https:\/\/www.wesselton.net\/ca\/wp-json\/wp\/v2\/product\/11011","targetHints":{"allow":["GET"]}}],"collection":[{"href":"https:\/\/www.wesselton.net\/ca\/wp-json\/wp\/v2\/product"}],"about":[{"href":"https:\/\/www.wesselton.net\/ca\/wp-json\/wp\/v2\/types\/product"}],"replies":[{"embeddable":true,"href":"https:\/\/www.wesselton.net\/ca\/wp-json\/wp\/v2\/comments?post=11011"}],"wp:featuredmedia":[{"embeddable":true,"href":"https:\/\/www.wesselton.net\/ca\/wp-json\/wp\/v2\/media\/11018"}],"wp:attachment":[{"href":"https:\/\/www.wesselton.net\/ca\/wp-json\/wp\/v2\/media?parent=11011"}],"wp:term":[{"taxonomy":"product_brand","embeddable":true,"href":"https:\/\/www.wesselton.net\/ca\/wp-json\/wp\/v2\/product_brand?post=11011"},{"taxonomy":"product_cat","embeddable":true,"href":"https:\/\/www.wesselton.net\/ca\/wp-json\/wp\/v2\/product_cat?post=11011"},{"taxonomy":"product_tag","embeddable":true,"href":"https:\/\/www.wesselton.net\/ca\/wp-json\/wp\/v2\/product_tag?post=11011"}],"curies":[{"name":"wp","href":"https:\/\/api.w.org\/{rel}","templated":true}]}}