

{"id":12199,"date":"2020-07-01T15:46:21","date_gmt":"2020-07-01T13:46:21","guid":{"rendered":"https:\/\/www.wesselton.net\/?post_type=product&#038;p=12199"},"modified":"2026-04-14T11:20:06","modified_gmt":"2026-04-14T09:20:06","slug":"tissot-chrono-xl-classic-blau-cuir","status":"publish","type":"product","link":"https:\/\/www.wesselton.net\/ca\/tissot-chrono-xl-classic-blau-cuir\/","title":{"rendered":"Rellotge Tissot Chrono XL Classic blau pell"},"content":{"rendered":"<p>El rellotge Tissot Chrono XL Classic blau pell destaca pel seu disseny esportiu de grans dimensions i la seva est\u00e8tica elegant, ideal per als que busquen una pe\u00e7a amb car\u00e0cter i funcionalitat. Fabricat a Su\u00efssa, garanteix precisi\u00f3 i qualitat, recolzat per una garantia de 2 anys.<\/p>\n<p>La caixa rodona d&#8217;acer inoxidable 316L de 45 mm ofereix una pres\u00e8ncia robusta al canell, mentre que el vidre de safir irrayable protegeix l&#8217;esfera blava amb \u00edndexs ar\u00e0bics, proporcionant una llegibilitat excel\u00b7lent. Amb una hermeticitat de fins a 100 metres (10 bars), \u00e9s adequat per a \u00fas diari i activitats aqu\u00e0tiques moderades.<\/p>\n<p>Al seu interior incorpora un moviment de quars Swiss Made ETA G10.212, equipat amb funcions de cron\u00f2graf com a comptador de 30 minuts, mesurament de d\u00e8cimes de segon, funcions ADD i SPLIT, agulla central de cron\u00f2graf i sistema EOL que indica el final de la bateria.<\/p>\n<p>La corretja del rellotge Tissot Chrono XL Classic blau pell \u00e9s de cuir marr\u00f3 amb acabat tipus pell de caiman i tancament de sivella est\u00e0ndard aporta comoditat i un toc cl\u00e0ssic, creant un equilibri perfecte entre esportivitat i eleg\u00e0ncia. Amb un pes de 175 grams, aquest model \u00e9s una opci\u00f3 s\u00f2lida i sofisticada dins la rellotgeria contempor\u00e0nia.<\/p>\n","protected":false},"excerpt":{"rendered":"<p>El nou Tissot Chrono XL \u00e9s un cron\u00f2graf su\u00eds d&#8217;estil retro, amb una caixa de 45mm, pensat per a l&#8217;home urb\u00e0 d&#8217;estil casual que cerca una pe\u00e7a que li faci destacar.<\/p>\n<p>Aquest model en concret presenta un bisell en acer inoxidable amb acabat mat i una esfera en color blau el\u00e8ctric on trobem els \u00edndexs en blanc. Les agulles de les hores i els minuts tamb\u00e9 s\u00f3n blanques amb detalls en gris, i els segons \u00e9s completament gris. Per completar aquest bestseller, una corretja de pell de vaca en color marr\u00f3 amb un acabat que imita la pell de cocodril.<\/p>\n<p>Disseny contemporani i tecnologia su\u00efssa a un preu insuperable.<\/p>\n","protected":false},"featured_media":12208,"comment_status":"open","ping_status":"closed","template":"","meta":[],"product_brand":[],"product_cat":[2110],"product_tag":[],"class_list":{"0":"post-12199","1":"product","2":"type-product","3":"status-publish","4":"has-post-thumbnail","6":"product_cat-quartz","7":"yith_product_brand-tissot","9":"first","10":"outofstock","11":"shipping-taxable","12":"purchasable","13":"product-type-simple"},"acf":[],"yoast_head":"<!-- This site is optimized with the Yoast SEO plugin v27.3 - https:\/\/yoast.com\/product\/yoast-seo-wordpress\/ -->\n<title>Rellotge Tissot Chrono XL Classic blau pell<\/title>\n<meta name=\"description\" content=\"El Tissot Chrono XL \u00e9s un cron\u00f2graf su\u00eds d&#039;estil retro, pensat per a l&#039;home urb\u00e0 d&#039;estil casual que cerca una pe\u00e7a que li faci destacar.\" \/>\n<meta name=\"robots\" content=\"index, follow, max-snippet:-1, max-image-preview:large, max-video-preview:-1\" \/>\n<link rel=\"canonical\" href=\"https:\/\/www.wesselton.net\/ca\/tissot-chrono-xl-classic-blau-cuir\/\" \/>\n<meta property=\"og:locale\" content=\"ca_ES\" \/>\n<meta property=\"og:type\" content=\"article\" \/>\n<meta property=\"og:title\" content=\"Rellotge Tissot Chrono XL Classic blau pell\" \/>\n<meta property=\"og:description\" content=\"El Tissot Chrono XL \u00e9s un cron\u00f2graf su\u00eds d&#039;estil retro, pensat per a l&#039;home urb\u00e0 d&#039;estil casual que cerca una pe\u00e7a que li faci destacar.\" \/>\n<meta property=\"og:url\" content=\"https:\/\/www.wesselton.net\/ca\/tissot-chrono-xl-classic-blau-cuir\/\" \/>\n<meta property=\"og:site_name\" content=\"Wesselton | Joieria i Diamants\" \/>\n<meta property=\"article:publisher\" content=\"https:\/\/www.facebook.com\/wesselton.oficial\/\" \/>\n<meta property=\"article:modified_time\" content=\"2026-04-14T09:20:06+00:00\" \/>\n<meta property=\"og:image\" content=\"https:\/\/www.wesselton.net\/wp-content\/uploads\/rellotge-tissot-T116_617_16_047_00.jpg\" \/>\n\t<meta property=\"og:image:width\" content=\"680\" \/>\n\t<meta property=\"og:image:height\" content=\"920\" \/>\n\t<meta property=\"og:image:type\" content=\"image\/jpeg\" \/>\n<meta name=\"twitter:card\" content=\"summary_large_image\" \/>\n<meta name=\"twitter:label1\" content=\"Temps estimat de lectura\" \/>\n\t<meta name=\"twitter:data1\" content=\"2 minuts\" \/>\n<script type=\"application\/ld+json\" class=\"yoast-schema-graph\">{\"@context\":\"https:\\\/\\\/schema.org\",\"@graph\":[{\"@type\":\"WebPage\",\"@id\":\"https:\\\/\\\/www.wesselton.net\\\/ca\\\/tissot-chrono-xl-classic-blau-cuir\\\/\",\"url\":\"https:\\\/\\\/www.wesselton.net\\\/ca\\\/tissot-chrono-xl-classic-blau-cuir\\\/\",\"name\":\"Rellotge Tissot Chrono XL Classic blau pell\",\"isPartOf\":{\"@id\":\"https:\\\/\\\/www.wesselton.net\\\/#website\"},\"primaryImageOfPage\":{\"@id\":\"https:\\\/\\\/www.wesselton.net\\\/ca\\\/tissot-chrono-xl-classic-blau-cuir\\\/#primaryimage\"},\"image\":{\"@id\":\"https:\\\/\\\/www.wesselton.net\\\/ca\\\/tissot-chrono-xl-classic-blau-cuir\\\/#primaryimage\"},\"thumbnailUrl\":\"https:\\\/\\\/www.wesselton.net\\\/wp-content\\\/uploads\\\/rellotge-tissot-T116_617_16_047_00.jpg\",\"datePublished\":\"2020-07-01T13:46:21+00:00\",\"dateModified\":\"2026-04-14T09:20:06+00:00\",\"description\":\"El Tissot Chrono XL \u00e9s un cron\u00f2graf su\u00eds d'estil retro, pensat per a l'home urb\u00e0 d'estil casual que cerca una pe\u00e7a que li faci destacar.\",\"breadcrumb\":{\"@id\":\"https:\\\/\\\/www.wesselton.net\\\/ca\\\/tissot-chrono-xl-classic-blau-cuir\\\/#breadcrumb\"},\"inLanguage\":\"ca\",\"potentialAction\":[{\"@type\":\"ReadAction\",\"target\":[\"https:\\\/\\\/www.wesselton.net\\\/ca\\\/tissot-chrono-xl-classic-blau-cuir\\\/\"]}]},{\"@type\":\"ImageObject\",\"inLanguage\":\"ca\",\"@id\":\"https:\\\/\\\/www.wesselton.net\\\/ca\\\/tissot-chrono-xl-classic-blau-cuir\\\/#primaryimage\",\"url\":\"https:\\\/\\\/www.wesselton.net\\\/wp-content\\\/uploads\\\/rellotge-tissot-T116_617_16_047_00.jpg\",\"contentUrl\":\"https:\\\/\\\/www.wesselton.net\\\/wp-content\\\/uploads\\\/rellotge-tissot-T116_617_16_047_00.jpg\",\"width\":680,\"height\":920,\"caption\":\"RELLOTGE - TISSOT CHRONO XL CLASSIC\"},{\"@type\":\"BreadcrumbList\",\"@id\":\"https:\\\/\\\/www.wesselton.net\\\/ca\\\/tissot-chrono-xl-classic-blau-cuir\\\/#breadcrumb\",\"itemListElement\":[{\"@type\":\"ListItem\",\"position\":1,\"name\":\"Inici\",\"item\":\"https:\\\/\\\/www.wesselton.net\\\/ca\\\/\"},{\"@type\":\"ListItem\",\"position\":2,\"name\":\"Botiga\",\"item\":\"https:\\\/\\\/www.wesselton.net\\\/ca\\\/botiga\\\/\"},{\"@type\":\"ListItem\",\"position\":3,\"name\":\"Rellotge Tissot Chrono XL Classic blau pell\"}]},{\"@type\":\"WebSite\",\"@id\":\"https:\\\/\\\/www.wesselton.net\\\/#website\",\"url\":\"https:\\\/\\\/www.wesselton.net\\\/\",\"name\":\"Wesselton | Joieria i Diamants\",\"description\":\"Diamants \u00fanics per moments \u00fanics. Peces d&#039;elaboraci\u00f3 pr\u00f2pia de m\u00e0xima qualitat, cuidades fins a l&#039;\u00faltim detall, i les millors marques de joieria.\",\"potentialAction\":[{\"@type\":\"SearchAction\",\"target\":{\"@type\":\"EntryPoint\",\"urlTemplate\":\"https:\\\/\\\/www.wesselton.net\\\/?s={search_term_string}\"},\"query-input\":{\"@type\":\"PropertyValueSpecification\",\"valueRequired\":true,\"valueName\":\"search_term_string\"}}],\"inLanguage\":\"ca\"}]}<\/script>\n<!-- \/ Yoast SEO plugin. -->","yoast_head_json":{"title":"Rellotge Tissot Chrono XL Classic blau pell","description":"El Tissot Chrono XL \u00e9s un cron\u00f2graf su\u00eds d'estil retro, pensat per a l'home urb\u00e0 d'estil casual que cerca una pe\u00e7a que li faci destacar.","robots":{"index":"index","follow":"follow","max-snippet":"max-snippet:-1","max-image-preview":"max-image-preview:large","max-video-preview":"max-video-preview:-1"},"canonical":"https:\/\/www.wesselton.net\/ca\/tissot-chrono-xl-classic-blau-cuir\/","og_locale":"ca_ES","og_type":"article","og_title":"Rellotge Tissot Chrono XL Classic blau pell","og_description":"El Tissot Chrono XL \u00e9s un cron\u00f2graf su\u00eds d'estil retro, pensat per a l'home urb\u00e0 d'estil casual que cerca una pe\u00e7a que li faci destacar.","og_url":"https:\/\/www.wesselton.net\/ca\/tissot-chrono-xl-classic-blau-cuir\/","og_site_name":"Wesselton | Joieria i Diamants","article_publisher":"https:\/\/www.facebook.com\/wesselton.oficial\/","article_modified_time":"2026-04-14T09:20:06+00:00","og_image":[{"width":680,"height":920,"url":"https:\/\/www.wesselton.net\/wp-content\/uploads\/rellotge-tissot-T116_617_16_047_00.jpg","type":"image\/jpeg"}],"twitter_card":"summary_large_image","twitter_misc":{"Temps estimat de lectura":"2 minuts"},"schema":{"@context":"https:\/\/schema.org","@graph":[{"@type":"WebPage","@id":"https:\/\/www.wesselton.net\/ca\/tissot-chrono-xl-classic-blau-cuir\/","url":"https:\/\/www.wesselton.net\/ca\/tissot-chrono-xl-classic-blau-cuir\/","name":"Rellotge Tissot Chrono XL Classic blau pell","isPartOf":{"@id":"https:\/\/www.wesselton.net\/#website"},"primaryImageOfPage":{"@id":"https:\/\/www.wesselton.net\/ca\/tissot-chrono-xl-classic-blau-cuir\/#primaryimage"},"image":{"@id":"https:\/\/www.wesselton.net\/ca\/tissot-chrono-xl-classic-blau-cuir\/#primaryimage"},"thumbnailUrl":"https:\/\/www.wesselton.net\/wp-content\/uploads\/rellotge-tissot-T116_617_16_047_00.jpg","datePublished":"2020-07-01T13:46:21+00:00","dateModified":"2026-04-14T09:20:06+00:00","description":"El Tissot Chrono XL \u00e9s un cron\u00f2graf su\u00eds d'estil retro, pensat per a l'home urb\u00e0 d'estil casual que cerca una pe\u00e7a que li faci destacar.","breadcrumb":{"@id":"https:\/\/www.wesselton.net\/ca\/tissot-chrono-xl-classic-blau-cuir\/#breadcrumb"},"inLanguage":"ca","potentialAction":[{"@type":"ReadAction","target":["https:\/\/www.wesselton.net\/ca\/tissot-chrono-xl-classic-blau-cuir\/"]}]},{"@type":"ImageObject","inLanguage":"ca","@id":"https:\/\/www.wesselton.net\/ca\/tissot-chrono-xl-classic-blau-cuir\/#primaryimage","url":"https:\/\/www.wesselton.net\/wp-content\/uploads\/rellotge-tissot-T116_617_16_047_00.jpg","contentUrl":"https:\/\/www.wesselton.net\/wp-content\/uploads\/rellotge-tissot-T116_617_16_047_00.jpg","width":680,"height":920,"caption":"RELLOTGE - TISSOT CHRONO XL CLASSIC"},{"@type":"BreadcrumbList","@id":"https:\/\/www.wesselton.net\/ca\/tissot-chrono-xl-classic-blau-cuir\/#breadcrumb","itemListElement":[{"@type":"ListItem","position":1,"name":"Inici","item":"https:\/\/www.wesselton.net\/ca\/"},{"@type":"ListItem","position":2,"name":"Botiga","item":"https:\/\/www.wesselton.net\/ca\/botiga\/"},{"@type":"ListItem","position":3,"name":"Rellotge Tissot Chrono XL Classic blau pell"}]},{"@type":"WebSite","@id":"https:\/\/www.wesselton.net\/#website","url":"https:\/\/www.wesselton.net\/","name":"Wesselton | Joieria i Diamants","description":"Diamants \u00fanics per moments \u00fanics. Peces d&#039;elaboraci\u00f3 pr\u00f2pia de m\u00e0xima qualitat, cuidades fins a l&#039;\u00faltim detall, i les millors marques de joieria.","potentialAction":[{"@type":"SearchAction","target":{"@type":"EntryPoint","urlTemplate":"https:\/\/www.wesselton.net\/?s={search_term_string}"},"query-input":{"@type":"PropertyValueSpecification","valueRequired":true,"valueName":"search_term_string"}}],"inLanguage":"ca"}]}},"_links":{"self":[{"href":"https:\/\/www.wesselton.net\/ca\/wp-json\/wp\/v2\/product\/12199","targetHints":{"allow":["GET"]}}],"collection":[{"href":"https:\/\/www.wesselton.net\/ca\/wp-json\/wp\/v2\/product"}],"about":[{"href":"https:\/\/www.wesselton.net\/ca\/wp-json\/wp\/v2\/types\/product"}],"replies":[{"embeddable":true,"href":"https:\/\/www.wesselton.net\/ca\/wp-json\/wp\/v2\/comments?post=12199"}],"wp:featuredmedia":[{"embeddable":true,"href":"https:\/\/www.wesselton.net\/ca\/wp-json\/wp\/v2\/media\/12208"}],"wp:attachment":[{"href":"https:\/\/www.wesselton.net\/ca\/wp-json\/wp\/v2\/media?parent=12199"}],"wp:term":[{"taxonomy":"product_brand","embeddable":true,"href":"https:\/\/www.wesselton.net\/ca\/wp-json\/wp\/v2\/product_brand?post=12199"},{"taxonomy":"product_cat","embeddable":true,"href":"https:\/\/www.wesselton.net\/ca\/wp-json\/wp\/v2\/product_cat?post=12199"},{"taxonomy":"product_tag","embeddable":true,"href":"https:\/\/www.wesselton.net\/ca\/wp-json\/wp\/v2\/product_tag?post=12199"}],"curies":[{"name":"wp","href":"https:\/\/api.w.org\/{rel}","templated":true}]}}