

{"id":17180,"date":"2021-02-08T18:59:15","date_gmt":"2021-02-08T16:59:15","guid":{"rendered":"https:\/\/www.wesselton.net\/?post_type=product&#038;p=17180"},"modified":"2025-07-31T09:55:31","modified_gmt":"2025-07-31T07:55:31","slug":"alianca-essencia-or-blanc-diamants","status":"publish","type":"product","link":"https:\/\/www.wesselton.net\/ca\/alianca-essencia-or-blanc-diamants\/","title":{"rendered":"Mitja Alian\u00e7a en or blanc WESSELTON W Diamonds"},"content":{"rendered":"<p data-start=\"278\" data-end=\"606\">La <strong data-start=\"281\" data-end=\"332\">mitja alianca en or blanc amb diamants naturals<\/strong> de la col\u00b7lecci\u00f3 <a href=\"https:\/\/www.wesselton.net\/ca\/botiga-wesselton\/\">WESSELTON<\/a> W Diamonds \u00e9s una joia elegant, refinada i atemporal. Aquesta pe\u00e7a ha estat elaborada artesanalment en or blanc de 18 quirats amb aliatge de pal\u00b7ladi, un metall noble que garanteix resist\u00e8ncia i un to blanc pur, sense necessitat de banys de rodi.<\/p>\n<p data-start=\"608\" data-end=\"936\">El seu disseny inclou 15 diamants naturals talla brillant, cadascun de 1,30 mm de di\u00e0metre. Aquestes pedres han estat seleccionades per la seva puresa VS i el seu color F, aportant un total de 0,15 quirats de brillantor natural. El resultat \u00e9s una l\u00ednia de llum subtil per\u00f2 captivadora que il\u00b7lumina la part superior de l\u2019anell.<\/p>\n<p data-start=\"938\" data-end=\"1178\">Aquesta <strong data-start=\"946\" data-end=\"997\">mitja alianca en or blanc amb diamants naturals<\/strong> \u00e9s ideal per celebrar aniversaris, com a s\u00edmbol d\u2019un comprom\u00eds o com a detall ple de significat. El seu estil discret permet combinar-la f\u00e0cilment amb altres joies o lluir-la sola.<\/p>\n<p data-start=\"1180\" data-end=\"1419\">\u00c9s una joia dissenyada per a aquells que valoren la qualitat, la bellesa natural dels diamants i l\u2019exclusivitat d\u2019una pe\u00e7a feta a m\u00e0. La seva eleg\u00e0ncia la converteix en una aliada perfecta per acompanyar moments \u00fanics amb un toc distintiu.<\/p>\n","protected":false},"excerpt":{"rendered":"<p>La col\u00b7lecci\u00f3 Ess\u00e8ncia de Atelier de Wesselton representa la ess\u00e8ncia m\u00e9s pura de la nostra marca.<\/p>\n","protected":false},"featured_media":17265,"comment_status":"open","ping_status":"closed","template":"","meta":[],"product_brand":[],"product_cat":[1803,4997,2269,4846,2277,4840,4815],"product_tag":[],"class_list":{"0":"post-17180","1":"product","2":"type-product","3":"status-publish","4":"has-post-thumbnail","6":"product_cat-aliances-de-casament","7":"product_cat-anella-wesselton","8":"product_cat-diamants","9":"product_cat-essencia-ca","10":"product_cat-or-blanc","11":"product_cat-w-diamonds-ca","12":"product_cat-wesselton-ca","13":"yith_product_brand-wesselton","15":"first","16":"instock","17":"shipping-taxable","18":"purchasable","19":"product-type-simple"},"acf":[],"yoast_head":"<!-- This site is optimized with the Yoast SEO plugin v27.2 - https:\/\/yoast.com\/product\/yoast-seo-wordpress\/ -->\n<title>Mitja Alian\u00e7a en or blanc WESSELTON W Diamonds<\/title>\n<meta name=\"description\" content=\"Mitja alianca en or blanc amb diamants naturals talla brillant (0,15 ct). Joia WESSELTON feta a m\u00e0, discreta i refinada per a cada ocasi\u00f3.\" \/>\n<meta name=\"robots\" content=\"index, follow, max-snippet:-1, max-image-preview:large, max-video-preview:-1\" \/>\n<link rel=\"canonical\" href=\"https:\/\/www.wesselton.net\/ca\/alianca-essencia-or-blanc-diamants\/\" \/>\n<meta property=\"og:locale\" content=\"ca_ES\" \/>\n<meta property=\"og:type\" content=\"article\" \/>\n<meta property=\"og:title\" content=\"Mitja Alian\u00e7a en or blanc WESSELTON W Diamonds\" \/>\n<meta property=\"og:description\" content=\"Mitja alianca en or blanc amb diamants naturals talla brillant (0,15 ct). Joia WESSELTON feta a m\u00e0, discreta i refinada per a cada ocasi\u00f3.\" \/>\n<meta property=\"og:url\" content=\"https:\/\/www.wesselton.net\/ca\/alianca-essencia-or-blanc-diamants\/\" \/>\n<meta property=\"og:site_name\" content=\"Wesselton | Joieria i Diamants\" \/>\n<meta property=\"article:publisher\" content=\"https:\/\/www.facebook.com\/wesselton.oficial\/\" \/>\n<meta property=\"article:modified_time\" content=\"2025-07-31T07:55:31+00:00\" \/>\n<meta property=\"og:image\" content=\"https:\/\/www.wesselton.net\/wp-content\/uploads\/ANELL06_05.jpg\" \/>\n\t<meta property=\"og:image:width\" content=\"680\" \/>\n\t<meta property=\"og:image:height\" content=\"920\" \/>\n\t<meta property=\"og:image:type\" content=\"image\/jpeg\" \/>\n<meta name=\"twitter:card\" content=\"summary_large_image\" \/>\n<meta name=\"twitter:label1\" content=\"Temps estimat de lectura\" \/>\n\t<meta name=\"twitter:data1\" content=\"2 minuts\" \/>\n<script type=\"application\/ld+json\" class=\"yoast-schema-graph\">{\"@context\":\"https:\/\/schema.org\",\"@graph\":[{\"@type\":\"WebPage\",\"@id\":\"https:\/\/www.wesselton.net\/ca\/alianca-essencia-or-blanc-diamants\/\",\"url\":\"https:\/\/www.wesselton.net\/ca\/alianca-essencia-or-blanc-diamants\/\",\"name\":\"Mitja Alian\u00e7a en or blanc WESSELTON W Diamonds\",\"isPartOf\":{\"@id\":\"https:\/\/www.wesselton.net\/#website\"},\"primaryImageOfPage\":{\"@id\":\"https:\/\/www.wesselton.net\/ca\/alianca-essencia-or-blanc-diamants\/#primaryimage\"},\"image\":{\"@id\":\"https:\/\/www.wesselton.net\/ca\/alianca-essencia-or-blanc-diamants\/#primaryimage\"},\"thumbnailUrl\":\"https:\/\/www.wesselton.net\/wp-content\/uploads\/ANELL06_05.jpg\",\"datePublished\":\"2021-02-08T16:59:15+00:00\",\"dateModified\":\"2025-07-31T07:55:31+00:00\",\"description\":\"Mitja alianca en or blanc amb diamants naturals talla brillant (0,15 ct). Joia WESSELTON feta a m\u00e0, discreta i refinada per a cada ocasi\u00f3.\",\"breadcrumb\":{\"@id\":\"https:\/\/www.wesselton.net\/ca\/alianca-essencia-or-blanc-diamants\/#breadcrumb\"},\"inLanguage\":\"ca\",\"potentialAction\":[{\"@type\":\"ReadAction\",\"target\":[\"https:\/\/www.wesselton.net\/ca\/alianca-essencia-or-blanc-diamants\/\"]}]},{\"@type\":\"ImageObject\",\"inLanguage\":\"ca\",\"@id\":\"https:\/\/www.wesselton.net\/ca\/alianca-essencia-or-blanc-diamants\/#primaryimage\",\"url\":\"https:\/\/www.wesselton.net\/wp-content\/uploads\/ANELL06_05.jpg\",\"contentUrl\":\"https:\/\/www.wesselton.net\/wp-content\/uploads\/ANELL06_05.jpg\",\"width\":680,\"height\":920,\"caption\":\"MITJA ALIAN\u00c7A ATELIER DE WESSELTON COL\u00b7LECCI\u00d3 ESS\u00c8NCIA EN OR BLANC AMB DIAMANTS-001\"},{\"@type\":\"BreadcrumbList\",\"@id\":\"https:\/\/www.wesselton.net\/ca\/alianca-essencia-or-blanc-diamants\/#breadcrumb\",\"itemListElement\":[{\"@type\":\"ListItem\",\"position\":1,\"name\":\"Inici\",\"item\":\"https:\/\/www.wesselton.net\/ca\/\"},{\"@type\":\"ListItem\",\"position\":2,\"name\":\"Botiga\",\"item\":\"https:\/\/www.wesselton.net\/ca\/botiga\/\"},{\"@type\":\"ListItem\",\"position\":3,\"name\":\"Mitja Alian\u00e7a en or blanc WESSELTON W Diamonds\"}]},{\"@type\":\"WebSite\",\"@id\":\"https:\/\/www.wesselton.net\/#website\",\"url\":\"https:\/\/www.wesselton.net\/\",\"name\":\"Wesselton | Joieria i Diamants\",\"description\":\"Diamants \u00fanics per moments \u00fanics. Peces d&#039;elaboraci\u00f3 pr\u00f2pia de m\u00e0xima qualitat, cuidades fins a l&#039;\u00faltim detall, i les millors marques de joieria.\",\"potentialAction\":[{\"@type\":\"SearchAction\",\"target\":{\"@type\":\"EntryPoint\",\"urlTemplate\":\"https:\/\/www.wesselton.net\/?s={search_term_string}\"},\"query-input\":{\"@type\":\"PropertyValueSpecification\",\"valueRequired\":true,\"valueName\":\"search_term_string\"}}],\"inLanguage\":\"ca\"}]}<\/script>\n<!-- \/ Yoast SEO plugin. -->","yoast_head_json":{"title":"Mitja Alian\u00e7a en or blanc WESSELTON W Diamonds","description":"Mitja alianca en or blanc amb diamants naturals talla brillant (0,15 ct). Joia WESSELTON feta a m\u00e0, discreta i refinada per a cada ocasi\u00f3.","robots":{"index":"index","follow":"follow","max-snippet":"max-snippet:-1","max-image-preview":"max-image-preview:large","max-video-preview":"max-video-preview:-1"},"canonical":"https:\/\/www.wesselton.net\/ca\/alianca-essencia-or-blanc-diamants\/","og_locale":"ca_ES","og_type":"article","og_title":"Mitja Alian\u00e7a en or blanc WESSELTON W Diamonds","og_description":"Mitja alianca en or blanc amb diamants naturals talla brillant (0,15 ct). Joia WESSELTON feta a m\u00e0, discreta i refinada per a cada ocasi\u00f3.","og_url":"https:\/\/www.wesselton.net\/ca\/alianca-essencia-or-blanc-diamants\/","og_site_name":"Wesselton | Joieria i Diamants","article_publisher":"https:\/\/www.facebook.com\/wesselton.oficial\/","article_modified_time":"2025-07-31T07:55:31+00:00","og_image":[{"width":680,"height":920,"url":"https:\/\/www.wesselton.net\/wp-content\/uploads\/ANELL06_05.jpg","type":"image\/jpeg"}],"twitter_card":"summary_large_image","twitter_misc":{"Temps estimat de lectura":"2 minuts"},"schema":{"@context":"https:\/\/schema.org","@graph":[{"@type":"WebPage","@id":"https:\/\/www.wesselton.net\/ca\/alianca-essencia-or-blanc-diamants\/","url":"https:\/\/www.wesselton.net\/ca\/alianca-essencia-or-blanc-diamants\/","name":"Mitja Alian\u00e7a en or blanc WESSELTON W Diamonds","isPartOf":{"@id":"https:\/\/www.wesselton.net\/#website"},"primaryImageOfPage":{"@id":"https:\/\/www.wesselton.net\/ca\/alianca-essencia-or-blanc-diamants\/#primaryimage"},"image":{"@id":"https:\/\/www.wesselton.net\/ca\/alianca-essencia-or-blanc-diamants\/#primaryimage"},"thumbnailUrl":"https:\/\/www.wesselton.net\/wp-content\/uploads\/ANELL06_05.jpg","datePublished":"2021-02-08T16:59:15+00:00","dateModified":"2025-07-31T07:55:31+00:00","description":"Mitja alianca en or blanc amb diamants naturals talla brillant (0,15 ct). Joia WESSELTON feta a m\u00e0, discreta i refinada per a cada ocasi\u00f3.","breadcrumb":{"@id":"https:\/\/www.wesselton.net\/ca\/alianca-essencia-or-blanc-diamants\/#breadcrumb"},"inLanguage":"ca","potentialAction":[{"@type":"ReadAction","target":["https:\/\/www.wesselton.net\/ca\/alianca-essencia-or-blanc-diamants\/"]}]},{"@type":"ImageObject","inLanguage":"ca","@id":"https:\/\/www.wesselton.net\/ca\/alianca-essencia-or-blanc-diamants\/#primaryimage","url":"https:\/\/www.wesselton.net\/wp-content\/uploads\/ANELL06_05.jpg","contentUrl":"https:\/\/www.wesselton.net\/wp-content\/uploads\/ANELL06_05.jpg","width":680,"height":920,"caption":"MITJA ALIAN\u00c7A ATELIER DE WESSELTON COL\u00b7LECCI\u00d3 ESS\u00c8NCIA EN OR BLANC AMB DIAMANTS-001"},{"@type":"BreadcrumbList","@id":"https:\/\/www.wesselton.net\/ca\/alianca-essencia-or-blanc-diamants\/#breadcrumb","itemListElement":[{"@type":"ListItem","position":1,"name":"Inici","item":"https:\/\/www.wesselton.net\/ca\/"},{"@type":"ListItem","position":2,"name":"Botiga","item":"https:\/\/www.wesselton.net\/ca\/botiga\/"},{"@type":"ListItem","position":3,"name":"Mitja Alian\u00e7a en or blanc WESSELTON W Diamonds"}]},{"@type":"WebSite","@id":"https:\/\/www.wesselton.net\/#website","url":"https:\/\/www.wesselton.net\/","name":"Wesselton | Joieria i Diamants","description":"Diamants \u00fanics per moments \u00fanics. Peces d&#039;elaboraci\u00f3 pr\u00f2pia de m\u00e0xima qualitat, cuidades fins a l&#039;\u00faltim detall, i les millors marques de joieria.","potentialAction":[{"@type":"SearchAction","target":{"@type":"EntryPoint","urlTemplate":"https:\/\/www.wesselton.net\/?s={search_term_string}"},"query-input":{"@type":"PropertyValueSpecification","valueRequired":true,"valueName":"search_term_string"}}],"inLanguage":"ca"}]}},"_links":{"self":[{"href":"https:\/\/www.wesselton.net\/ca\/wp-json\/wp\/v2\/product\/17180","targetHints":{"allow":["GET"]}}],"collection":[{"href":"https:\/\/www.wesselton.net\/ca\/wp-json\/wp\/v2\/product"}],"about":[{"href":"https:\/\/www.wesselton.net\/ca\/wp-json\/wp\/v2\/types\/product"}],"replies":[{"embeddable":true,"href":"https:\/\/www.wesselton.net\/ca\/wp-json\/wp\/v2\/comments?post=17180"}],"wp:featuredmedia":[{"embeddable":true,"href":"https:\/\/www.wesselton.net\/ca\/wp-json\/wp\/v2\/media\/17265"}],"wp:attachment":[{"href":"https:\/\/www.wesselton.net\/ca\/wp-json\/wp\/v2\/media?parent=17180"}],"wp:term":[{"taxonomy":"product_brand","embeddable":true,"href":"https:\/\/www.wesselton.net\/ca\/wp-json\/wp\/v2\/product_brand?post=17180"},{"taxonomy":"product_cat","embeddable":true,"href":"https:\/\/www.wesselton.net\/ca\/wp-json\/wp\/v2\/product_cat?post=17180"},{"taxonomy":"product_tag","embeddable":true,"href":"https:\/\/www.wesselton.net\/ca\/wp-json\/wp\/v2\/product_tag?post=17180"}],"curies":[{"name":"wp","href":"https:\/\/api.w.org\/{rel}","templated":true}]}}