

{"id":17901,"date":"2021-03-10T19:59:31","date_gmt":"2021-03-10T17:59:31","guid":{"rendered":"https:\/\/www.wesselton.net\/?post_type=product&#038;p=17901"},"modified":"2026-01-12T11:33:37","modified_gmt":"2026-01-12T09:33:37","slug":"anell-wesselton-selection-or-groc-diamants","status":"publish","type":"product","link":"https:\/\/www.wesselton.net\/ca\/anell-wesselton-selection-or-groc-diamants\/","title":{"rendered":"Anell or groc i diamants WESSELTON Selection"},"content":{"rendered":"<p>L&#8217;anell mitja alian\u00e7a Wesselton Selection \u00e9s una joia refinada i atemporal, elaborada artesanalment en or groc de 18 quirats. El seu disseny cl\u00e0ssic i elegant el converteix en una pe\u00e7a perfecta per acompanyar qualsevol ocasi\u00f3, ja sigui com a anell de comprom\u00eds, aniversari o \u00fas diari.<\/p>\n<p>L&#8217;anell mitjana alian\u00e7a en or groc encasta 13 diamants naturals de talla brillant de 1,00 mm, acuradament seleccionats pel seu color G i qualitat VS1, oferint una brillantor delicada i equilibrada. El pes total dels diamants \u00e9s de 0,10 quirats, aportant lluminositat sense perdre comoditat ni subtilesa.<\/p>\n<p>Les joies Wesselton Selection es distingeixen per un rigor\u00f3s proc\u00e9s de selecci\u00f3 i artesania, complint sempre els m\u00e9s alts est\u00e0ndards de qualitat per garantir peces exclusives, duradores i plenes de significat.<\/p>\n","protected":false},"excerpt":{"rendered":"<p>Les peces de Wesselton Selection estan seleccionades seguint sempre els nostres est\u00e0ndards de qualitat<\/p>\n","protected":false},"featured_media":17905,"comment_status":"open","ping_status":"closed","template":"","meta":[],"product_brand":[],"product_cat":[1803,2227,2269,2293],"product_tag":[],"class_list":{"0":"post-17901","1":"product","2":"type-product","3":"status-publish","4":"has-post-thumbnail","6":"product_cat-aliances-de-casament","7":"product_cat-anells-de-compromis","8":"product_cat-diamants","9":"product_cat-or-groc","10":"yith_product_brand-selection","12":"first","13":"outofstock","14":"shipping-taxable","15":"purchasable","16":"product-type-simple"},"acf":[],"yoast_head":"<!-- This site is optimized with the Yoast SEO plugin v27.3 - https:\/\/yoast.com\/product\/yoast-seo-wordpress\/ -->\n<title>Anell or groc i diamants WESSELTON Selection<\/title>\n<meta name=\"description\" content=\"L&#039;anell mitja alian\u00e7a Wesselton Selection \u00e9s una joia refinada i atemporal, elaborada artesanalment en or groc de 18 quirats.\" \/>\n<meta name=\"robots\" content=\"index, follow, max-snippet:-1, max-image-preview:large, max-video-preview:-1\" \/>\n<link rel=\"canonical\" href=\"https:\/\/www.wesselton.net\/ca\/anell-wesselton-selection-or-groc-diamants\/\" \/>\n<meta property=\"og:locale\" content=\"ca_ES\" \/>\n<meta property=\"og:type\" content=\"article\" \/>\n<meta property=\"og:title\" content=\"Anell or groc i diamants WESSELTON Selection\" \/>\n<meta property=\"og:description\" content=\"L&#039;anell mitja alian\u00e7a Wesselton Selection \u00e9s una joia refinada i atemporal, elaborada artesanalment en or groc de 18 quirats.\" \/>\n<meta property=\"og:url\" content=\"https:\/\/www.wesselton.net\/ca\/anell-wesselton-selection-or-groc-diamants\/\" \/>\n<meta property=\"og:site_name\" content=\"Wesselton | Joieria i Diamants\" \/>\n<meta property=\"article:publisher\" content=\"https:\/\/www.facebook.com\/wesselton.oficial\/\" \/>\n<meta property=\"article:modified_time\" content=\"2026-01-12T09:33:37+00:00\" \/>\n<meta property=\"og:image\" content=\"https:\/\/www.wesselton.net\/wp-content\/uploads\/ANELL08_08.jpg\" \/>\n\t<meta property=\"og:image:width\" content=\"680\" \/>\n\t<meta property=\"og:image:height\" content=\"920\" \/>\n\t<meta property=\"og:image:type\" content=\"image\/jpeg\" \/>\n<meta name=\"twitter:card\" content=\"summary_large_image\" \/>\n<meta name=\"twitter:label1\" content=\"Temps estimat de lectura\" \/>\n\t<meta name=\"twitter:data1\" content=\"1 minut\" \/>\n<script type=\"application\/ld+json\" class=\"yoast-schema-graph\">{\"@context\":\"https:\\\/\\\/schema.org\",\"@graph\":[{\"@type\":\"WebPage\",\"@id\":\"https:\\\/\\\/www.wesselton.net\\\/ca\\\/anell-wesselton-selection-or-groc-diamants\\\/\",\"url\":\"https:\\\/\\\/www.wesselton.net\\\/ca\\\/anell-wesselton-selection-or-groc-diamants\\\/\",\"name\":\"Anell or groc i diamants WESSELTON Selection\",\"isPartOf\":{\"@id\":\"https:\\\/\\\/www.wesselton.net\\\/#website\"},\"primaryImageOfPage\":{\"@id\":\"https:\\\/\\\/www.wesselton.net\\\/ca\\\/anell-wesselton-selection-or-groc-diamants\\\/#primaryimage\"},\"image\":{\"@id\":\"https:\\\/\\\/www.wesselton.net\\\/ca\\\/anell-wesselton-selection-or-groc-diamants\\\/#primaryimage\"},\"thumbnailUrl\":\"https:\\\/\\\/www.wesselton.net\\\/wp-content\\\/uploads\\\/ANELL08_08.jpg\",\"datePublished\":\"2021-03-10T17:59:31+00:00\",\"dateModified\":\"2026-01-12T09:33:37+00:00\",\"description\":\"L'anell mitja alian\u00e7a Wesselton Selection \u00e9s una joia refinada i atemporal, elaborada artesanalment en or groc de 18 quirats.\",\"breadcrumb\":{\"@id\":\"https:\\\/\\\/www.wesselton.net\\\/ca\\\/anell-wesselton-selection-or-groc-diamants\\\/#breadcrumb\"},\"inLanguage\":\"ca\",\"potentialAction\":[{\"@type\":\"ReadAction\",\"target\":[\"https:\\\/\\\/www.wesselton.net\\\/ca\\\/anell-wesselton-selection-or-groc-diamants\\\/\"]}]},{\"@type\":\"ImageObject\",\"inLanguage\":\"ca\",\"@id\":\"https:\\\/\\\/www.wesselton.net\\\/ca\\\/anell-wesselton-selection-or-groc-diamants\\\/#primaryimage\",\"url\":\"https:\\\/\\\/www.wesselton.net\\\/wp-content\\\/uploads\\\/ANELL08_08.jpg\",\"contentUrl\":\"https:\\\/\\\/www.wesselton.net\\\/wp-content\\\/uploads\\\/ANELL08_08.jpg\",\"width\":680,\"height\":920,\"caption\":\"MITJA ALIAN\u00c7A WESSELTON - OR GROC AMB DIAMANTS-001\"},{\"@type\":\"BreadcrumbList\",\"@id\":\"https:\\\/\\\/www.wesselton.net\\\/ca\\\/anell-wesselton-selection-or-groc-diamants\\\/#breadcrumb\",\"itemListElement\":[{\"@type\":\"ListItem\",\"position\":1,\"name\":\"Inici\",\"item\":\"https:\\\/\\\/www.wesselton.net\\\/ca\\\/\"},{\"@type\":\"ListItem\",\"position\":2,\"name\":\"Botiga\",\"item\":\"https:\\\/\\\/www.wesselton.net\\\/ca\\\/botiga\\\/\"},{\"@type\":\"ListItem\",\"position\":3,\"name\":\"Anell or groc i diamants WESSELTON Selection\"}]},{\"@type\":\"WebSite\",\"@id\":\"https:\\\/\\\/www.wesselton.net\\\/#website\",\"url\":\"https:\\\/\\\/www.wesselton.net\\\/\",\"name\":\"Wesselton | Joieria i Diamants\",\"description\":\"Diamants \u00fanics per moments \u00fanics. Peces d&#039;elaboraci\u00f3 pr\u00f2pia de m\u00e0xima qualitat, cuidades fins a l&#039;\u00faltim detall, i les millors marques de joieria.\",\"potentialAction\":[{\"@type\":\"SearchAction\",\"target\":{\"@type\":\"EntryPoint\",\"urlTemplate\":\"https:\\\/\\\/www.wesselton.net\\\/?s={search_term_string}\"},\"query-input\":{\"@type\":\"PropertyValueSpecification\",\"valueRequired\":true,\"valueName\":\"search_term_string\"}}],\"inLanguage\":\"ca\"}]}<\/script>\n<!-- \/ Yoast SEO plugin. -->","yoast_head_json":{"title":"Anell or groc i diamants WESSELTON Selection","description":"L'anell mitja alian\u00e7a Wesselton Selection \u00e9s una joia refinada i atemporal, elaborada artesanalment en or groc de 18 quirats.","robots":{"index":"index","follow":"follow","max-snippet":"max-snippet:-1","max-image-preview":"max-image-preview:large","max-video-preview":"max-video-preview:-1"},"canonical":"https:\/\/www.wesselton.net\/ca\/anell-wesselton-selection-or-groc-diamants\/","og_locale":"ca_ES","og_type":"article","og_title":"Anell or groc i diamants WESSELTON Selection","og_description":"L'anell mitja alian\u00e7a Wesselton Selection \u00e9s una joia refinada i atemporal, elaborada artesanalment en or groc de 18 quirats.","og_url":"https:\/\/www.wesselton.net\/ca\/anell-wesselton-selection-or-groc-diamants\/","og_site_name":"Wesselton | Joieria i Diamants","article_publisher":"https:\/\/www.facebook.com\/wesselton.oficial\/","article_modified_time":"2026-01-12T09:33:37+00:00","og_image":[{"width":680,"height":920,"url":"https:\/\/www.wesselton.net\/wp-content\/uploads\/ANELL08_08.jpg","type":"image\/jpeg"}],"twitter_card":"summary_large_image","twitter_misc":{"Temps estimat de lectura":"1 minut"},"schema":{"@context":"https:\/\/schema.org","@graph":[{"@type":"WebPage","@id":"https:\/\/www.wesselton.net\/ca\/anell-wesselton-selection-or-groc-diamants\/","url":"https:\/\/www.wesselton.net\/ca\/anell-wesselton-selection-or-groc-diamants\/","name":"Anell or groc i diamants WESSELTON Selection","isPartOf":{"@id":"https:\/\/www.wesselton.net\/#website"},"primaryImageOfPage":{"@id":"https:\/\/www.wesselton.net\/ca\/anell-wesselton-selection-or-groc-diamants\/#primaryimage"},"image":{"@id":"https:\/\/www.wesselton.net\/ca\/anell-wesselton-selection-or-groc-diamants\/#primaryimage"},"thumbnailUrl":"https:\/\/www.wesselton.net\/wp-content\/uploads\/ANELL08_08.jpg","datePublished":"2021-03-10T17:59:31+00:00","dateModified":"2026-01-12T09:33:37+00:00","description":"L'anell mitja alian\u00e7a Wesselton Selection \u00e9s una joia refinada i atemporal, elaborada artesanalment en or groc de 18 quirats.","breadcrumb":{"@id":"https:\/\/www.wesselton.net\/ca\/anell-wesselton-selection-or-groc-diamants\/#breadcrumb"},"inLanguage":"ca","potentialAction":[{"@type":"ReadAction","target":["https:\/\/www.wesselton.net\/ca\/anell-wesselton-selection-or-groc-diamants\/"]}]},{"@type":"ImageObject","inLanguage":"ca","@id":"https:\/\/www.wesselton.net\/ca\/anell-wesselton-selection-or-groc-diamants\/#primaryimage","url":"https:\/\/www.wesselton.net\/wp-content\/uploads\/ANELL08_08.jpg","contentUrl":"https:\/\/www.wesselton.net\/wp-content\/uploads\/ANELL08_08.jpg","width":680,"height":920,"caption":"MITJA ALIAN\u00c7A WESSELTON - OR GROC AMB DIAMANTS-001"},{"@type":"BreadcrumbList","@id":"https:\/\/www.wesselton.net\/ca\/anell-wesselton-selection-or-groc-diamants\/#breadcrumb","itemListElement":[{"@type":"ListItem","position":1,"name":"Inici","item":"https:\/\/www.wesselton.net\/ca\/"},{"@type":"ListItem","position":2,"name":"Botiga","item":"https:\/\/www.wesselton.net\/ca\/botiga\/"},{"@type":"ListItem","position":3,"name":"Anell or groc i diamants WESSELTON Selection"}]},{"@type":"WebSite","@id":"https:\/\/www.wesselton.net\/#website","url":"https:\/\/www.wesselton.net\/","name":"Wesselton | Joieria i Diamants","description":"Diamants \u00fanics per moments \u00fanics. Peces d&#039;elaboraci\u00f3 pr\u00f2pia de m\u00e0xima qualitat, cuidades fins a l&#039;\u00faltim detall, i les millors marques de joieria.","potentialAction":[{"@type":"SearchAction","target":{"@type":"EntryPoint","urlTemplate":"https:\/\/www.wesselton.net\/?s={search_term_string}"},"query-input":{"@type":"PropertyValueSpecification","valueRequired":true,"valueName":"search_term_string"}}],"inLanguage":"ca"}]}},"_links":{"self":[{"href":"https:\/\/www.wesselton.net\/ca\/wp-json\/wp\/v2\/product\/17901","targetHints":{"allow":["GET"]}}],"collection":[{"href":"https:\/\/www.wesselton.net\/ca\/wp-json\/wp\/v2\/product"}],"about":[{"href":"https:\/\/www.wesselton.net\/ca\/wp-json\/wp\/v2\/types\/product"}],"replies":[{"embeddable":true,"href":"https:\/\/www.wesselton.net\/ca\/wp-json\/wp\/v2\/comments?post=17901"}],"wp:featuredmedia":[{"embeddable":true,"href":"https:\/\/www.wesselton.net\/ca\/wp-json\/wp\/v2\/media\/17905"}],"wp:attachment":[{"href":"https:\/\/www.wesselton.net\/ca\/wp-json\/wp\/v2\/media?parent=17901"}],"wp:term":[{"taxonomy":"product_brand","embeddable":true,"href":"https:\/\/www.wesselton.net\/ca\/wp-json\/wp\/v2\/product_brand?post=17901"},{"taxonomy":"product_cat","embeddable":true,"href":"https:\/\/www.wesselton.net\/ca\/wp-json\/wp\/v2\/product_cat?post=17901"},{"taxonomy":"product_tag","embeddable":true,"href":"https:\/\/www.wesselton.net\/ca\/wp-json\/wp\/v2\/product_tag?post=17901"}],"curies":[{"name":"wp","href":"https:\/\/api.w.org\/{rel}","templated":true}]}}