

{"id":18762,"date":"2021-03-30T12:29:44","date_gmt":"2021-03-30T10:29:44","guid":{"rendered":"https:\/\/www.wesselton.net\/?post_type=product&#038;p=18762"},"modified":"2025-02-27T03:17:59","modified_gmt":"2025-02-27T01:17:59","slug":"arracades-aiguamarina-wesselton-w-colors","status":"publish","type":"product","link":"https:\/\/www.wesselton.net\/ca\/arracades-aiguamarina-wesselton-w-colors\/","title":{"rendered":"Arracades Aiguamarina WESSELTON W Colors"},"content":{"rendered":"<p><strong>Descripci\u00f3:<\/strong><br \/>\nArracades Aiguamarina WESSELTON W Colors en or blanc. La col\u00b7lecci\u00f3 Ess\u00e8ncia de WESSELTON encarna la veritable ess\u00e8ncia de la nostra marca, reflectint la mateixa ess\u00e8ncia de l&#8217;eleg\u00e0ncia i la distinci\u00f3. Aquests pendents exquisits, creats amb mestratge artesanal, s\u00f3n una manifestaci\u00f3 de luxe i refinament. Fabricats en or blanc de 18 quirats, cadascun est\u00e0 embellit amb dues impressionants aiguamarines naturals de talla rodona, amb un di\u00e0metre de 7.10mm cadascuna. Aquestes enlluernadores gemmes totalitzen un pes de 2.56 quirats, afegint un toc de color i lluminositat a aquesta joia excepcional. Amb un disseny atemporal i una atenci\u00f3 impecable al detall, aquestes arracades s\u00f3n l&#8217;ep\u00edtom de l&#8217;estil sofisticat i l&#8217;eleg\u00e0ncia intemporal. Eleva el teu estil amb la veritable ess\u00e8ncia de WESSELTON i enlluerna en qualsevol ocasi\u00f3.<\/p>\n<p>Submergeix-te al captivador m\u00f3n de la joieria amb la nostra impressionant varietat de <a href=\"https:\/\/www.wesselton.net\/pendientes\/\">arracades WESSELTON<\/a>, on cada pe\u00e7a \u00e9s una expressi\u00f3 \u00fanica d&#8217;eleg\u00e0ncia i sofisticaci\u00f3 que et captivar\u00e0 des del primer instant. Descobreix tota la nostra \u00e0mplia gamma de\u00a0<a href=\"https:\/\/www.wesselton.net\/pendientes\/\">arracades WESSELTON.<\/a><\/p>\n<p><strong>Caracter\u00edstiques:<\/strong><br \/>\nAquestes Arracades Aiguamarina WESSELTON W Colors s\u00f3n artesanals i estan realitzats en or blanc de 18kt, encasten 2 Aguamarinas Naturals de talla Rodona de 7.10mm cadascuna. El pes total de les aiguamarines naturals d&#8217;aquestes arracades \u00e9s de 2.56ct.<\/p>\n","protected":false},"excerpt":{"rendered":"<p>La Col\u00b7lecci\u00f3 Ess\u00e8ncia de WESSELTON representa la ess\u00e8ncia m\u00e9s pura de la nostra marca.<\/p>\n","protected":false},"featured_media":18766,"comment_status":"open","ping_status":"closed","template":"","meta":[],"product_brand":[],"product_cat":[3142,4999,2341,4849,4815],"product_tag":[],"class_list":{"0":"post-18762","1":"product","2":"type-product","3":"status-publish","4":"has-post-thumbnail","6":"product_cat-amb-altres-gemmes","7":"product_cat-arracades-wesselton","8":"product_cat-amb-or-blanc","9":"product_cat-w-colors-ca","10":"product_cat-wesselton-ca","11":"yith_product_brand-wesselton","13":"first","14":"outofstock","15":"shipping-taxable","16":"purchasable","17":"product-type-simple"},"acf":[],"yoast_head":"<!-- This site is optimized with the Yoast SEO plugin v27.2 - https:\/\/yoast.com\/product\/yoast-seo-wordpress\/ -->\n<title>Arracades Aiguamarina WESSELTON W Colors - Wesselton<\/title>\n<meta name=\"description\" content=\"Arracades Aiguamarina WESSELTON W Colors s\u00f3n artesanals i estan realitzats en or blanc de 18kt, encasten 2 Aguamarinas Naturals\" \/>\n<meta name=\"robots\" content=\"index, follow, max-snippet:-1, max-image-preview:large, max-video-preview:-1\" \/>\n<link rel=\"canonical\" href=\"https:\/\/www.wesselton.net\/ca\/arracades-aiguamarina-wesselton-w-colors\/\" \/>\n<meta property=\"og:locale\" content=\"ca_ES\" \/>\n<meta property=\"og:type\" content=\"article\" \/>\n<meta property=\"og:title\" content=\"Arracades Aiguamarina WESSELTON W Colors - Wesselton\" \/>\n<meta property=\"og:description\" content=\"Arracades Aiguamarina WESSELTON W Colors s\u00f3n artesanals i estan realitzats en or blanc de 18kt, encasten 2 Aguamarinas Naturals\" \/>\n<meta property=\"og:url\" content=\"https:\/\/www.wesselton.net\/ca\/arracades-aiguamarina-wesselton-w-colors\/\" \/>\n<meta property=\"og:site_name\" content=\"Wesselton | Joieria i Diamants\" \/>\n<meta property=\"article:publisher\" content=\"https:\/\/www.facebook.com\/wesselton.oficial\/\" \/>\n<meta property=\"article:modified_time\" content=\"2025-02-27T01:17:59+00:00\" \/>\n<meta property=\"og:image\" content=\"https:\/\/www.wesselton.net\/wp-content\/uploads\/ARRACADES10_02.jpg\" \/>\n\t<meta property=\"og:image:width\" content=\"680\" \/>\n\t<meta property=\"og:image:height\" content=\"920\" \/>\n\t<meta property=\"og:image:type\" content=\"image\/jpeg\" \/>\n<meta name=\"twitter:card\" content=\"summary_large_image\" \/>\n<meta name=\"twitter:label1\" content=\"Temps estimat de lectura\" \/>\n\t<meta name=\"twitter:data1\" content=\"2 minuts\" \/>\n<script type=\"application\/ld+json\" class=\"yoast-schema-graph\">{\"@context\":\"https:\/\/schema.org\",\"@graph\":[{\"@type\":\"WebPage\",\"@id\":\"https:\/\/www.wesselton.net\/ca\/arracades-aiguamarina-wesselton-w-colors\/\",\"url\":\"https:\/\/www.wesselton.net\/ca\/arracades-aiguamarina-wesselton-w-colors\/\",\"name\":\"Arracades Aiguamarina WESSELTON W Colors - Wesselton\",\"isPartOf\":{\"@id\":\"https:\/\/www.wesselton.net\/#website\"},\"primaryImageOfPage\":{\"@id\":\"https:\/\/www.wesselton.net\/ca\/arracades-aiguamarina-wesselton-w-colors\/#primaryimage\"},\"image\":{\"@id\":\"https:\/\/www.wesselton.net\/ca\/arracades-aiguamarina-wesselton-w-colors\/#primaryimage\"},\"thumbnailUrl\":\"https:\/\/www.wesselton.net\/wp-content\/uploads\/ARRACADES10_02.jpg\",\"datePublished\":\"2021-03-30T10:29:44+00:00\",\"dateModified\":\"2025-02-27T01:17:59+00:00\",\"description\":\"Arracades Aiguamarina WESSELTON W Colors s\u00f3n artesanals i estan realitzats en or blanc de 18kt, encasten 2 Aguamarinas Naturals\",\"breadcrumb\":{\"@id\":\"https:\/\/www.wesselton.net\/ca\/arracades-aiguamarina-wesselton-w-colors\/#breadcrumb\"},\"inLanguage\":\"ca\",\"potentialAction\":[{\"@type\":\"ReadAction\",\"target\":[\"https:\/\/www.wesselton.net\/ca\/arracades-aiguamarina-wesselton-w-colors\/\"]}]},{\"@type\":\"ImageObject\",\"inLanguage\":\"ca\",\"@id\":\"https:\/\/www.wesselton.net\/ca\/arracades-aiguamarina-wesselton-w-colors\/#primaryimage\",\"url\":\"https:\/\/www.wesselton.net\/wp-content\/uploads\/ARRACADES10_02.jpg\",\"contentUrl\":\"https:\/\/www.wesselton.net\/wp-content\/uploads\/ARRACADES10_02.jpg\",\"width\":680,\"height\":920,\"caption\":\"ARRACADES ATELIER DE WESSELTON COL\u00b7LECCI\u00d3 ESS\u00c8NCIA OR BLANC I AIGUAMARINA-001\"},{\"@type\":\"BreadcrumbList\",\"@id\":\"https:\/\/www.wesselton.net\/ca\/arracades-aiguamarina-wesselton-w-colors\/#breadcrumb\",\"itemListElement\":[{\"@type\":\"ListItem\",\"position\":1,\"name\":\"Inici\",\"item\":\"https:\/\/www.wesselton.net\/ca\/\"},{\"@type\":\"ListItem\",\"position\":2,\"name\":\"Botiga\",\"item\":\"https:\/\/www.wesselton.net\/ca\/botiga\/\"},{\"@type\":\"ListItem\",\"position\":3,\"name\":\"Arracades Aiguamarina WESSELTON W Colors\"}]},{\"@type\":\"WebSite\",\"@id\":\"https:\/\/www.wesselton.net\/#website\",\"url\":\"https:\/\/www.wesselton.net\/\",\"name\":\"Wesselton | Joieria i Diamants\",\"description\":\"Diamants \u00fanics per moments \u00fanics. Peces d&#039;elaboraci\u00f3 pr\u00f2pia de m\u00e0xima qualitat, cuidades fins a l&#039;\u00faltim detall, i les millors marques de joieria.\",\"potentialAction\":[{\"@type\":\"SearchAction\",\"target\":{\"@type\":\"EntryPoint\",\"urlTemplate\":\"https:\/\/www.wesselton.net\/?s={search_term_string}\"},\"query-input\":{\"@type\":\"PropertyValueSpecification\",\"valueRequired\":true,\"valueName\":\"search_term_string\"}}],\"inLanguage\":\"ca\"}]}<\/script>\n<!-- \/ Yoast SEO plugin. -->","yoast_head_json":{"title":"Arracades Aiguamarina WESSELTON W Colors - Wesselton","description":"Arracades Aiguamarina WESSELTON W Colors s\u00f3n artesanals i estan realitzats en or blanc de 18kt, encasten 2 Aguamarinas Naturals","robots":{"index":"index","follow":"follow","max-snippet":"max-snippet:-1","max-image-preview":"max-image-preview:large","max-video-preview":"max-video-preview:-1"},"canonical":"https:\/\/www.wesselton.net\/ca\/arracades-aiguamarina-wesselton-w-colors\/","og_locale":"ca_ES","og_type":"article","og_title":"Arracades Aiguamarina WESSELTON W Colors - Wesselton","og_description":"Arracades Aiguamarina WESSELTON W Colors s\u00f3n artesanals i estan realitzats en or blanc de 18kt, encasten 2 Aguamarinas Naturals","og_url":"https:\/\/www.wesselton.net\/ca\/arracades-aiguamarina-wesselton-w-colors\/","og_site_name":"Wesselton | Joieria i Diamants","article_publisher":"https:\/\/www.facebook.com\/wesselton.oficial\/","article_modified_time":"2025-02-27T01:17:59+00:00","og_image":[{"width":680,"height":920,"url":"https:\/\/www.wesselton.net\/wp-content\/uploads\/ARRACADES10_02.jpg","type":"image\/jpeg"}],"twitter_card":"summary_large_image","twitter_misc":{"Temps estimat de lectura":"2 minuts"},"schema":{"@context":"https:\/\/schema.org","@graph":[{"@type":"WebPage","@id":"https:\/\/www.wesselton.net\/ca\/arracades-aiguamarina-wesselton-w-colors\/","url":"https:\/\/www.wesselton.net\/ca\/arracades-aiguamarina-wesselton-w-colors\/","name":"Arracades Aiguamarina WESSELTON W Colors - Wesselton","isPartOf":{"@id":"https:\/\/www.wesselton.net\/#website"},"primaryImageOfPage":{"@id":"https:\/\/www.wesselton.net\/ca\/arracades-aiguamarina-wesselton-w-colors\/#primaryimage"},"image":{"@id":"https:\/\/www.wesselton.net\/ca\/arracades-aiguamarina-wesselton-w-colors\/#primaryimage"},"thumbnailUrl":"https:\/\/www.wesselton.net\/wp-content\/uploads\/ARRACADES10_02.jpg","datePublished":"2021-03-30T10:29:44+00:00","dateModified":"2025-02-27T01:17:59+00:00","description":"Arracades Aiguamarina WESSELTON W Colors s\u00f3n artesanals i estan realitzats en or blanc de 18kt, encasten 2 Aguamarinas Naturals","breadcrumb":{"@id":"https:\/\/www.wesselton.net\/ca\/arracades-aiguamarina-wesselton-w-colors\/#breadcrumb"},"inLanguage":"ca","potentialAction":[{"@type":"ReadAction","target":["https:\/\/www.wesselton.net\/ca\/arracades-aiguamarina-wesselton-w-colors\/"]}]},{"@type":"ImageObject","inLanguage":"ca","@id":"https:\/\/www.wesselton.net\/ca\/arracades-aiguamarina-wesselton-w-colors\/#primaryimage","url":"https:\/\/www.wesselton.net\/wp-content\/uploads\/ARRACADES10_02.jpg","contentUrl":"https:\/\/www.wesselton.net\/wp-content\/uploads\/ARRACADES10_02.jpg","width":680,"height":920,"caption":"ARRACADES ATELIER DE WESSELTON COL\u00b7LECCI\u00d3 ESS\u00c8NCIA OR BLANC I AIGUAMARINA-001"},{"@type":"BreadcrumbList","@id":"https:\/\/www.wesselton.net\/ca\/arracades-aiguamarina-wesselton-w-colors\/#breadcrumb","itemListElement":[{"@type":"ListItem","position":1,"name":"Inici","item":"https:\/\/www.wesselton.net\/ca\/"},{"@type":"ListItem","position":2,"name":"Botiga","item":"https:\/\/www.wesselton.net\/ca\/botiga\/"},{"@type":"ListItem","position":3,"name":"Arracades Aiguamarina WESSELTON W Colors"}]},{"@type":"WebSite","@id":"https:\/\/www.wesselton.net\/#website","url":"https:\/\/www.wesselton.net\/","name":"Wesselton | Joieria i Diamants","description":"Diamants \u00fanics per moments \u00fanics. Peces d&#039;elaboraci\u00f3 pr\u00f2pia de m\u00e0xima qualitat, cuidades fins a l&#039;\u00faltim detall, i les millors marques de joieria.","potentialAction":[{"@type":"SearchAction","target":{"@type":"EntryPoint","urlTemplate":"https:\/\/www.wesselton.net\/?s={search_term_string}"},"query-input":{"@type":"PropertyValueSpecification","valueRequired":true,"valueName":"search_term_string"}}],"inLanguage":"ca"}]}},"_links":{"self":[{"href":"https:\/\/www.wesselton.net\/ca\/wp-json\/wp\/v2\/product\/18762","targetHints":{"allow":["GET"]}}],"collection":[{"href":"https:\/\/www.wesselton.net\/ca\/wp-json\/wp\/v2\/product"}],"about":[{"href":"https:\/\/www.wesselton.net\/ca\/wp-json\/wp\/v2\/types\/product"}],"replies":[{"embeddable":true,"href":"https:\/\/www.wesselton.net\/ca\/wp-json\/wp\/v2\/comments?post=18762"}],"wp:featuredmedia":[{"embeddable":true,"href":"https:\/\/www.wesselton.net\/ca\/wp-json\/wp\/v2\/media\/18766"}],"wp:attachment":[{"href":"https:\/\/www.wesselton.net\/ca\/wp-json\/wp\/v2\/media?parent=18762"}],"wp:term":[{"taxonomy":"product_brand","embeddable":true,"href":"https:\/\/www.wesselton.net\/ca\/wp-json\/wp\/v2\/product_brand?post=18762"},{"taxonomy":"product_cat","embeddable":true,"href":"https:\/\/www.wesselton.net\/ca\/wp-json\/wp\/v2\/product_cat?post=18762"},{"taxonomy":"product_tag","embeddable":true,"href":"https:\/\/www.wesselton.net\/ca\/wp-json\/wp\/v2\/product_tag?post=18762"}],"curies":[{"name":"wp","href":"https:\/\/api.w.org\/{rel}","templated":true}]}}