

{"id":19832,"date":"2021-12-11T12:23:33","date_gmt":"2021-12-11T10:23:33","guid":{"rendered":"https:\/\/www.wesselton.net\/?post_type=product&#038;p=19832"},"modified":"2025-03-13T10:46:41","modified_gmt":"2025-03-13T08:46:41","slug":"penjoll-wesselton-w-colors-or-i-topazi","status":"publish","type":"product","link":"https:\/\/www.wesselton.net\/ca\/penjoll-wesselton-w-colors-or-i-topazi\/","title":{"rendered":"Penjoll Or groc i Topazi WESSELTON W Colors"},"content":{"rendered":"<p><strong>Descripci\u00f3:<\/strong><br \/>\nPenjoll WESSELTON W Colors en or groc i topazi. Aquest penjoll \u00e9s l&#8217;ep\u00edtom de l\u201fess\u00e8ncia m\u00e9s pura i distingida de la nostra marca. Cada joia d&#8217;aquesta l\u00ednia exclusiva representa la culminaci\u00f3 de l&#8217;artesania excepcional i el disseny innovador que ens caracteritzen. En aquesta ocasi\u00f3, presentem un penjoll impressionant elaborat artesanalment en or groc de 18 quirats, que ressalta la bellesa singular d&#8217;un topazi blau natural de talla rodona, amb un pes de 0.95 quirats.<\/p>\n<p>Aquesta pe\u00e7a encarna l&#8217;eleg\u00e0ncia atemporal i la sofisticaci\u00f3, capturant la llum de manera sublim i afegint un toc d&#8217;estil a qualsevol vestit. Per\u00f2 aix\u00f2 no ho \u00e9s tot. A la nostra recerca constant de l&#8217;excel\u00b7l\u00e8ncia i la personalitzaci\u00f3, oferim la possibilitat de crear aquesta pe\u00e7a amb pedres de diferents pesos, qualitats o talles. Volem que la teva joia sigui veritablement \u00fanica i reflecteixi el teu estil i personalitat de manera individualitzada. T&#8217;agradaria saber m\u00e9s sobre les nostres opcions de personalitzaci\u00f3? No dubtis en contactar-nos per obtenir m\u00e9s informaci\u00f3 i crear la joia perfecta que reflecteixi la teva ess\u00e8ncia \u00fanica!<\/p>\n<p>Descobreix tota la nostra \u00e0mplia gamma de <a href=\"https:\/\/www.wesselton.net\/ca\/collarets\/\">collarets WESSELTON.<\/a><\/p>\n<p><strong>Caracter\u00edstiques:<\/strong><br \/>\nEl penjoll WESSELTON W Colors en or groc i topazi est\u00e0 produ\u00eft artesanalment en or groc de 18kt encastant un topazi blau natural de talla rodona de 0.95ct<\/p>\n","protected":false},"excerpt":{"rendered":"<p>La col\u00b7lecci\u00f3 Ess\u00e8ncia de Wesselton representa la ess\u00e8ncia m\u00e9s pura de la nostra marca.<\/p>\n","protected":false},"featured_media":19836,"comment_status":"open","ping_status":"closed","template":"","meta":[],"product_brand":[],"product_cat":[3116,4998,2688,4849,4815],"product_tag":[],"class_list":{"0":"post-19832","1":"product","2":"type-product","3":"status-publish","4":"has-post-thumbnail","6":"product_cat-collars-altres-gemmes","7":"product_cat-collarets-wesselton","8":"product_cat-or-groc-collarets","9":"product_cat-w-colors-ca","10":"product_cat-wesselton-ca","11":"yith_product_brand-wesselton","13":"first","14":"outofstock","15":"shipping-taxable","16":"purchasable","17":"product-type-simple"},"acf":[],"yoast_head":"<!-- This site is optimized with the Yoast SEO plugin v27.2 - https:\/\/yoast.com\/product\/yoast-seo-wordpress\/ -->\n<title>Penjoll Or groc i Topazi WESSELTON W Colors<\/title>\n<meta name=\"description\" content=\"Penjoll WESSELTON W Colors or i topazi \u00e9s una pe\u00e7a artesanal d&#039;or groc de 18kt i topazi blau natural. Ep\u00edtom de l&#039;ess\u00e8ncia m\u00e9s pura.\" \/>\n<meta name=\"robots\" content=\"index, follow, max-snippet:-1, max-image-preview:large, max-video-preview:-1\" \/>\n<link rel=\"canonical\" href=\"https:\/\/www.wesselton.net\/ca\/penjoll-wesselton-w-colors-or-i-topazi\/\" \/>\n<meta property=\"og:locale\" content=\"ca_ES\" \/>\n<meta property=\"og:type\" content=\"article\" \/>\n<meta property=\"og:title\" content=\"Penjoll Or groc i Topazi WESSELTON W Colors\" \/>\n<meta property=\"og:description\" content=\"Penjoll WESSELTON W Colors or i topazi \u00e9s una pe\u00e7a artesanal d&#039;or groc de 18kt i topazi blau natural. Ep\u00edtom de l&#039;ess\u00e8ncia m\u00e9s pura.\" \/>\n<meta property=\"og:url\" content=\"https:\/\/www.wesselton.net\/ca\/penjoll-wesselton-w-colors-or-i-topazi\/\" \/>\n<meta property=\"og:site_name\" content=\"Wesselton | Joieria i Diamants\" \/>\n<meta property=\"article:publisher\" content=\"https:\/\/www.facebook.com\/wesselton.oficial\/\" \/>\n<meta property=\"article:modified_time\" content=\"2025-03-13T08:46:41+00:00\" \/>\n<meta property=\"og:image\" content=\"https:\/\/www.wesselton.net\/wp-content\/uploads\/COLLARET12_06x.jpg\" \/>\n\t<meta property=\"og:image:width\" content=\"680\" \/>\n\t<meta property=\"og:image:height\" content=\"680\" \/>\n\t<meta property=\"og:image:type\" content=\"image\/jpeg\" \/>\n<meta name=\"twitter:card\" content=\"summary_large_image\" \/>\n<meta name=\"twitter:label1\" content=\"Temps estimat de lectura\" \/>\n\t<meta name=\"twitter:data1\" content=\"2 minuts\" \/>\n<script type=\"application\/ld+json\" class=\"yoast-schema-graph\">{\"@context\":\"https:\/\/schema.org\",\"@graph\":[{\"@type\":\"WebPage\",\"@id\":\"https:\/\/www.wesselton.net\/ca\/penjoll-wesselton-w-colors-or-i-topazi\/\",\"url\":\"https:\/\/www.wesselton.net\/ca\/penjoll-wesselton-w-colors-or-i-topazi\/\",\"name\":\"Penjoll Or groc i Topazi WESSELTON W Colors\",\"isPartOf\":{\"@id\":\"https:\/\/www.wesselton.net\/#website\"},\"primaryImageOfPage\":{\"@id\":\"https:\/\/www.wesselton.net\/ca\/penjoll-wesselton-w-colors-or-i-topazi\/#primaryimage\"},\"image\":{\"@id\":\"https:\/\/www.wesselton.net\/ca\/penjoll-wesselton-w-colors-or-i-topazi\/#primaryimage\"},\"thumbnailUrl\":\"https:\/\/www.wesselton.net\/wp-content\/uploads\/COLLARET12_06x.jpg\",\"datePublished\":\"2021-12-11T10:23:33+00:00\",\"dateModified\":\"2025-03-13T08:46:41+00:00\",\"description\":\"Penjoll WESSELTON W Colors or i topazi \u00e9s una pe\u00e7a artesanal d'or groc de 18kt i topazi blau natural. Ep\u00edtom de l'ess\u00e8ncia m\u00e9s pura.\",\"breadcrumb\":{\"@id\":\"https:\/\/www.wesselton.net\/ca\/penjoll-wesselton-w-colors-or-i-topazi\/#breadcrumb\"},\"inLanguage\":\"ca\",\"potentialAction\":[{\"@type\":\"ReadAction\",\"target\":[\"https:\/\/www.wesselton.net\/ca\/penjoll-wesselton-w-colors-or-i-topazi\/\"]}]},{\"@type\":\"ImageObject\",\"inLanguage\":\"ca\",\"@id\":\"https:\/\/www.wesselton.net\/ca\/penjoll-wesselton-w-colors-or-i-topazi\/#primaryimage\",\"url\":\"https:\/\/www.wesselton.net\/wp-content\/uploads\/COLLARET12_06x.jpg\",\"contentUrl\":\"https:\/\/www.wesselton.net\/wp-content\/uploads\/COLLARET12_06x.jpg\",\"width\":680,\"height\":680,\"caption\":\"PENJOLL ATELIER DE WESSELTON COL\u00b7LECCI\u00d3 ESS\u00c8NCIA EN OR GROC I TOPACI-001\"},{\"@type\":\"BreadcrumbList\",\"@id\":\"https:\/\/www.wesselton.net\/ca\/penjoll-wesselton-w-colors-or-i-topazi\/#breadcrumb\",\"itemListElement\":[{\"@type\":\"ListItem\",\"position\":1,\"name\":\"Inici\",\"item\":\"https:\/\/www.wesselton.net\/ca\/\"},{\"@type\":\"ListItem\",\"position\":2,\"name\":\"Botiga\",\"item\":\"https:\/\/www.wesselton.net\/ca\/botiga\/\"},{\"@type\":\"ListItem\",\"position\":3,\"name\":\"Penjoll Or groc i Topazi WESSELTON W Colors\"}]},{\"@type\":\"WebSite\",\"@id\":\"https:\/\/www.wesselton.net\/#website\",\"url\":\"https:\/\/www.wesselton.net\/\",\"name\":\"Wesselton | Joieria i Diamants\",\"description\":\"Diamants \u00fanics per moments \u00fanics. Peces d&#039;elaboraci\u00f3 pr\u00f2pia de m\u00e0xima qualitat, cuidades fins a l&#039;\u00faltim detall, i les millors marques de joieria.\",\"potentialAction\":[{\"@type\":\"SearchAction\",\"target\":{\"@type\":\"EntryPoint\",\"urlTemplate\":\"https:\/\/www.wesselton.net\/?s={search_term_string}\"},\"query-input\":{\"@type\":\"PropertyValueSpecification\",\"valueRequired\":true,\"valueName\":\"search_term_string\"}}],\"inLanguage\":\"ca\"}]}<\/script>\n<!-- \/ Yoast SEO plugin. -->","yoast_head_json":{"title":"Penjoll Or groc i Topazi WESSELTON W Colors","description":"Penjoll WESSELTON W Colors or i topazi \u00e9s una pe\u00e7a artesanal d'or groc de 18kt i topazi blau natural. Ep\u00edtom de l'ess\u00e8ncia m\u00e9s pura.","robots":{"index":"index","follow":"follow","max-snippet":"max-snippet:-1","max-image-preview":"max-image-preview:large","max-video-preview":"max-video-preview:-1"},"canonical":"https:\/\/www.wesselton.net\/ca\/penjoll-wesselton-w-colors-or-i-topazi\/","og_locale":"ca_ES","og_type":"article","og_title":"Penjoll Or groc i Topazi WESSELTON W Colors","og_description":"Penjoll WESSELTON W Colors or i topazi \u00e9s una pe\u00e7a artesanal d'or groc de 18kt i topazi blau natural. Ep\u00edtom de l'ess\u00e8ncia m\u00e9s pura.","og_url":"https:\/\/www.wesselton.net\/ca\/penjoll-wesselton-w-colors-or-i-topazi\/","og_site_name":"Wesselton | Joieria i Diamants","article_publisher":"https:\/\/www.facebook.com\/wesselton.oficial\/","article_modified_time":"2025-03-13T08:46:41+00:00","og_image":[{"width":680,"height":680,"url":"https:\/\/www.wesselton.net\/wp-content\/uploads\/COLLARET12_06x.jpg","type":"image\/jpeg"}],"twitter_card":"summary_large_image","twitter_misc":{"Temps estimat de lectura":"2 minuts"},"schema":{"@context":"https:\/\/schema.org","@graph":[{"@type":"WebPage","@id":"https:\/\/www.wesselton.net\/ca\/penjoll-wesselton-w-colors-or-i-topazi\/","url":"https:\/\/www.wesselton.net\/ca\/penjoll-wesselton-w-colors-or-i-topazi\/","name":"Penjoll Or groc i Topazi WESSELTON W Colors","isPartOf":{"@id":"https:\/\/www.wesselton.net\/#website"},"primaryImageOfPage":{"@id":"https:\/\/www.wesselton.net\/ca\/penjoll-wesselton-w-colors-or-i-topazi\/#primaryimage"},"image":{"@id":"https:\/\/www.wesselton.net\/ca\/penjoll-wesselton-w-colors-or-i-topazi\/#primaryimage"},"thumbnailUrl":"https:\/\/www.wesselton.net\/wp-content\/uploads\/COLLARET12_06x.jpg","datePublished":"2021-12-11T10:23:33+00:00","dateModified":"2025-03-13T08:46:41+00:00","description":"Penjoll WESSELTON W Colors or i topazi \u00e9s una pe\u00e7a artesanal d'or groc de 18kt i topazi blau natural. Ep\u00edtom de l'ess\u00e8ncia m\u00e9s pura.","breadcrumb":{"@id":"https:\/\/www.wesselton.net\/ca\/penjoll-wesselton-w-colors-or-i-topazi\/#breadcrumb"},"inLanguage":"ca","potentialAction":[{"@type":"ReadAction","target":["https:\/\/www.wesselton.net\/ca\/penjoll-wesselton-w-colors-or-i-topazi\/"]}]},{"@type":"ImageObject","inLanguage":"ca","@id":"https:\/\/www.wesselton.net\/ca\/penjoll-wesselton-w-colors-or-i-topazi\/#primaryimage","url":"https:\/\/www.wesselton.net\/wp-content\/uploads\/COLLARET12_06x.jpg","contentUrl":"https:\/\/www.wesselton.net\/wp-content\/uploads\/COLLARET12_06x.jpg","width":680,"height":680,"caption":"PENJOLL ATELIER DE WESSELTON COL\u00b7LECCI\u00d3 ESS\u00c8NCIA EN OR GROC I TOPACI-001"},{"@type":"BreadcrumbList","@id":"https:\/\/www.wesselton.net\/ca\/penjoll-wesselton-w-colors-or-i-topazi\/#breadcrumb","itemListElement":[{"@type":"ListItem","position":1,"name":"Inici","item":"https:\/\/www.wesselton.net\/ca\/"},{"@type":"ListItem","position":2,"name":"Botiga","item":"https:\/\/www.wesselton.net\/ca\/botiga\/"},{"@type":"ListItem","position":3,"name":"Penjoll Or groc i Topazi WESSELTON W Colors"}]},{"@type":"WebSite","@id":"https:\/\/www.wesselton.net\/#website","url":"https:\/\/www.wesselton.net\/","name":"Wesselton | Joieria i Diamants","description":"Diamants \u00fanics per moments \u00fanics. Peces d&#039;elaboraci\u00f3 pr\u00f2pia de m\u00e0xima qualitat, cuidades fins a l&#039;\u00faltim detall, i les millors marques de joieria.","potentialAction":[{"@type":"SearchAction","target":{"@type":"EntryPoint","urlTemplate":"https:\/\/www.wesselton.net\/?s={search_term_string}"},"query-input":{"@type":"PropertyValueSpecification","valueRequired":true,"valueName":"search_term_string"}}],"inLanguage":"ca"}]}},"_links":{"self":[{"href":"https:\/\/www.wesselton.net\/ca\/wp-json\/wp\/v2\/product\/19832","targetHints":{"allow":["GET"]}}],"collection":[{"href":"https:\/\/www.wesselton.net\/ca\/wp-json\/wp\/v2\/product"}],"about":[{"href":"https:\/\/www.wesselton.net\/ca\/wp-json\/wp\/v2\/types\/product"}],"replies":[{"embeddable":true,"href":"https:\/\/www.wesselton.net\/ca\/wp-json\/wp\/v2\/comments?post=19832"}],"wp:featuredmedia":[{"embeddable":true,"href":"https:\/\/www.wesselton.net\/ca\/wp-json\/wp\/v2\/media\/19836"}],"wp:attachment":[{"href":"https:\/\/www.wesselton.net\/ca\/wp-json\/wp\/v2\/media?parent=19832"}],"wp:term":[{"taxonomy":"product_brand","embeddable":true,"href":"https:\/\/www.wesselton.net\/ca\/wp-json\/wp\/v2\/product_brand?post=19832"},{"taxonomy":"product_cat","embeddable":true,"href":"https:\/\/www.wesselton.net\/ca\/wp-json\/wp\/v2\/product_cat?post=19832"},{"taxonomy":"product_tag","embeddable":true,"href":"https:\/\/www.wesselton.net\/ca\/wp-json\/wp\/v2\/product_tag?post=19832"}],"curies":[{"name":"wp","href":"https:\/\/api.w.org\/{rel}","templated":true}]}}