

{"id":19860,"date":"2021-12-11T13:05:08","date_gmt":"2021-12-11T11:05:08","guid":{"rendered":"https:\/\/www.wesselton.net\/?post_type=product&#038;p=19860"},"modified":"2025-02-27T03:17:42","modified_gmt":"2025-02-27T01:17:42","slug":"penjoll-gea-or-blanc-aiguamarina-diamants","status":"publish","type":"product","link":"https:\/\/www.wesselton.net\/ca\/penjoll-gea-or-blanc-aiguamarina-diamants\/","title":{"rendered":"Penjoll en Or Blanc Aiguamarina i Diamants de WESSELTO GEA"},"content":{"rendered":"<p><strong>Descripci\u00f3:<\/strong><br \/>\nPenjoll en Or Blanc Aiguamarina i Diamants de WESSELTO GEA<\/p>\n<p>Aquest penjoll WESSELTON de la col\u00b7lecci\u00f3 GEA, es distingeix per la seva h\u00e0bil exploraci\u00f3 de formes i buits. Fusionant pedres precioses que envolten delicadament l&#8217;espai sense assolir la totalitat. Aquesta l\u00ednia innovadora persegueix dissenys avantguardistes i singulars, tot preservant sempre la sofisticaci\u00f3 cl\u00e0ssica que ens caracteritza.<\/p>\n<p>Amb un enfocament meticul\u00f3s en l&#8217;artesania i l&#8217;atenci\u00f3 al detall, cada penjoll de la col\u00b7lecci\u00f3 encarna una s\u00edntesi d&#8217;aud\u00e0cia i refinament, i destaca l&#8217;harmoniosa combinaci\u00f3 de colors i textures per crear una obra mestra \u00fanica i captivadora. Aquesta pe\u00e7a transcendeix el que \u00e9s convencional, convidant qui la porta a explorar nous horitzons estil\u00edstics amb un toc de distinci\u00f3 incomparable.<\/p>\n<p>Descobreix tota la nostra \u00e0mplia gamma de collarets <a href=\"https:\/\/www.wesselton.net\/ca\/marques\/wesselton\/\">WESSELTON.<\/a><\/p>\n<p><strong>Caracter\u00edstiques:<\/strong><br \/>\nAquest Penjoll en Or Blanc Aiguamarina i Diamants de WESSELTO GEA, produ\u00eft artesanalment en or blanc de 18kt encasta una aiguamarina natural de talla pera de 2.51ct. A m\u00e9s, hi ha encastats 24 diamants naturals de talla brillant de 0.80mm de di\u00e0metre de color G i puresa Vs amb un pes de 0.05ct.<\/p>\n<p>Aquesta pe\u00e7a es pot fer amb pedres de diferent quilatge, qualitats o talla. Per a m\u00e9s informaci\u00f3, posa&#8217;t en contacte amb nosaltres. La cadena no va inclosa al preu.<\/p>\n","protected":false},"excerpt":{"rendered":"<p>Aquesta col\u00b7lecci\u00f3 juga tant amb les l\u00ednies com amb els espais buits, joies amb pedres que abracen el contorn del dit o el canell sense arribar a tancar-se. Amb aquesta col\u00b7lecci\u00f3 busquem dissenys m\u00e9s rupturistes i diferents, per\u00f2 que mantinguin l\u2019eleg\u00e0ncia intemporal que tant valorem.<\/p>\n","protected":false},"featured_media":23894,"comment_status":"open","ping_status":"closed","template":"","meta":[],"product_brand":[],"product_cat":[3116,4998,2664,4837,2648,4815],"product_tag":[],"class_list":{"0":"post-19860","1":"product","2":"type-product","3":"status-publish","4":"has-post-thumbnail","6":"product_cat-collars-altres-gemmes","7":"product_cat-collarets-wesselton","8":"product_cat-collars-diamants","9":"product_cat-gea-ca","10":"product_cat-collars-or-blanc","11":"product_cat-wesselton-ca","12":"yith_product_brand-wesselton","14":"first","15":"instock","16":"shipping-taxable","17":"purchasable","18":"product-type-simple"},"acf":[],"yoast_head":"<!-- This site is optimized with the Yoast SEO plugin v27.4 - https:\/\/yoast.com\/product\/yoast-seo-wordpress\/ -->\n<title>Penjoll en Or Blanc Aiguamarina i Diamants de WESSELTO GEA<\/title>\n<meta name=\"description\" content=\"Penjoll en Or Blanc Aiguamarina i Diamants de WESSELTO GEA, \u00e9s una pe\u00e7a artesanal d&#039;or blanc amb Aiguamarina natural talla gota i diamants naturals.\" \/>\n<meta name=\"robots\" content=\"index, follow, max-snippet:-1, max-image-preview:large, max-video-preview:-1\" \/>\n<link rel=\"canonical\" href=\"https:\/\/www.wesselton.net\/ca\/penjoll-gea-or-blanc-aiguamarina-diamants\/\" \/>\n<meta property=\"og:locale\" content=\"ca_ES\" \/>\n<meta property=\"og:type\" content=\"article\" \/>\n<meta property=\"og:title\" content=\"Penjoll en Or Blanc Aiguamarina i Diamants de WESSELTO GEA\" \/>\n<meta property=\"og:description\" content=\"Penjoll en Or Blanc Aiguamarina i Diamants de WESSELTO GEA, \u00e9s una pe\u00e7a artesanal d&#039;or blanc amb Aiguamarina natural talla gota i diamants naturals.\" \/>\n<meta property=\"og:url\" content=\"https:\/\/www.wesselton.net\/ca\/penjoll-gea-or-blanc-aiguamarina-diamants\/\" \/>\n<meta property=\"og:site_name\" content=\"Wesselton | Joieria i Diamants\" \/>\n<meta property=\"article:publisher\" content=\"https:\/\/www.facebook.com\/wesselton.oficial\/\" \/>\n<meta property=\"article:modified_time\" content=\"2025-02-27T01:17:42+00:00\" \/>\n<meta property=\"og:image\" content=\"https:\/\/www.wesselton.net\/wp-content\/uploads\/WLINES-P-AGM2.jpg\" \/>\n\t<meta property=\"og:image:width\" content=\"657\" \/>\n\t<meta property=\"og:image:height\" content=\"920\" \/>\n\t<meta property=\"og:image:type\" content=\"image\/jpeg\" \/>\n<meta name=\"twitter:card\" content=\"summary_large_image\" \/>\n<meta name=\"twitter:label1\" content=\"Temps estimat de lectura\" \/>\n\t<meta name=\"twitter:data1\" content=\"2 minuts\" \/>\n<script type=\"application\/ld+json\" class=\"yoast-schema-graph\">{\"@context\":\"https:\\\/\\\/schema.org\",\"@graph\":[{\"@type\":\"WebPage\",\"@id\":\"https:\\\/\\\/www.wesselton.net\\\/ca\\\/penjoll-gea-or-blanc-aiguamarina-diamants\\\/\",\"url\":\"https:\\\/\\\/www.wesselton.net\\\/ca\\\/penjoll-gea-or-blanc-aiguamarina-diamants\\\/\",\"name\":\"Penjoll en Or Blanc Aiguamarina i Diamants de WESSELTO GEA\",\"isPartOf\":{\"@id\":\"https:\\\/\\\/www.wesselton.net\\\/#website\"},\"primaryImageOfPage\":{\"@id\":\"https:\\\/\\\/www.wesselton.net\\\/ca\\\/penjoll-gea-or-blanc-aiguamarina-diamants\\\/#primaryimage\"},\"image\":{\"@id\":\"https:\\\/\\\/www.wesselton.net\\\/ca\\\/penjoll-gea-or-blanc-aiguamarina-diamants\\\/#primaryimage\"},\"thumbnailUrl\":\"https:\\\/\\\/www.wesselton.net\\\/wp-content\\\/uploads\\\/WLINES-P-AGM2.jpg\",\"datePublished\":\"2021-12-11T11:05:08+00:00\",\"dateModified\":\"2025-02-27T01:17:42+00:00\",\"description\":\"Penjoll en Or Blanc Aiguamarina i Diamants de WESSELTO GEA, \u00e9s una pe\u00e7a artesanal d'or blanc amb Aiguamarina natural talla gota i diamants naturals.\",\"breadcrumb\":{\"@id\":\"https:\\\/\\\/www.wesselton.net\\\/ca\\\/penjoll-gea-or-blanc-aiguamarina-diamants\\\/#breadcrumb\"},\"inLanguage\":\"ca\",\"potentialAction\":[{\"@type\":\"ReadAction\",\"target\":[\"https:\\\/\\\/www.wesselton.net\\\/ca\\\/penjoll-gea-or-blanc-aiguamarina-diamants\\\/\"]}]},{\"@type\":\"ImageObject\",\"inLanguage\":\"ca\",\"@id\":\"https:\\\/\\\/www.wesselton.net\\\/ca\\\/penjoll-gea-or-blanc-aiguamarina-diamants\\\/#primaryimage\",\"url\":\"https:\\\/\\\/www.wesselton.net\\\/wp-content\\\/uploads\\\/WLINES-P-AGM2.jpg\",\"contentUrl\":\"https:\\\/\\\/www.wesselton.net\\\/wp-content\\\/uploads\\\/WLINES-P-AGM2.jpg\",\"width\":657,\"height\":920,\"caption\":\"PENJOLL ATELIER WESSELTON COL\u00b7LECCI\u00d3 GEA EN OR BLANC, AIGUAMARINA I DIAMANTS\"},{\"@type\":\"BreadcrumbList\",\"@id\":\"https:\\\/\\\/www.wesselton.net\\\/ca\\\/penjoll-gea-or-blanc-aiguamarina-diamants\\\/#breadcrumb\",\"itemListElement\":[{\"@type\":\"ListItem\",\"position\":1,\"name\":\"Inici\",\"item\":\"https:\\\/\\\/www.wesselton.net\\\/ca\\\/\"},{\"@type\":\"ListItem\",\"position\":2,\"name\":\"Botiga\",\"item\":\"https:\\\/\\\/www.wesselton.net\\\/ca\\\/botiga\\\/\"},{\"@type\":\"ListItem\",\"position\":3,\"name\":\"Penjoll en Or Blanc Aiguamarina i Diamants de WESSELTO GEA\"}]},{\"@type\":\"WebSite\",\"@id\":\"https:\\\/\\\/www.wesselton.net\\\/#website\",\"url\":\"https:\\\/\\\/www.wesselton.net\\\/\",\"name\":\"Wesselton | Joieria i Diamants\",\"description\":\"Diamants \u00fanics per moments \u00fanics. Peces d&#039;elaboraci\u00f3 pr\u00f2pia de m\u00e0xima qualitat, cuidades fins a l&#039;\u00faltim detall, i les millors marques de joieria.\",\"potentialAction\":[{\"@type\":\"SearchAction\",\"target\":{\"@type\":\"EntryPoint\",\"urlTemplate\":\"https:\\\/\\\/www.wesselton.net\\\/?s={search_term_string}\"},\"query-input\":{\"@type\":\"PropertyValueSpecification\",\"valueRequired\":true,\"valueName\":\"search_term_string\"}}],\"inLanguage\":\"ca\"}]}<\/script>\n<!-- \/ Yoast SEO plugin. -->","yoast_head_json":{"title":"Penjoll en Or Blanc Aiguamarina i Diamants de WESSELTO GEA","description":"Penjoll en Or Blanc Aiguamarina i Diamants de WESSELTO GEA, \u00e9s una pe\u00e7a artesanal d'or blanc amb Aiguamarina natural talla gota i diamants naturals.","robots":{"index":"index","follow":"follow","max-snippet":"max-snippet:-1","max-image-preview":"max-image-preview:large","max-video-preview":"max-video-preview:-1"},"canonical":"https:\/\/www.wesselton.net\/ca\/penjoll-gea-or-blanc-aiguamarina-diamants\/","og_locale":"ca_ES","og_type":"article","og_title":"Penjoll en Or Blanc Aiguamarina i Diamants de WESSELTO GEA","og_description":"Penjoll en Or Blanc Aiguamarina i Diamants de WESSELTO GEA, \u00e9s una pe\u00e7a artesanal d'or blanc amb Aiguamarina natural talla gota i diamants naturals.","og_url":"https:\/\/www.wesselton.net\/ca\/penjoll-gea-or-blanc-aiguamarina-diamants\/","og_site_name":"Wesselton | Joieria i Diamants","article_publisher":"https:\/\/www.facebook.com\/wesselton.oficial\/","article_modified_time":"2025-02-27T01:17:42+00:00","og_image":[{"width":657,"height":920,"url":"https:\/\/www.wesselton.net\/wp-content\/uploads\/WLINES-P-AGM2.jpg","type":"image\/jpeg"}],"twitter_card":"summary_large_image","twitter_misc":{"Temps estimat de lectura":"2 minuts"},"schema":{"@context":"https:\/\/schema.org","@graph":[{"@type":"WebPage","@id":"https:\/\/www.wesselton.net\/ca\/penjoll-gea-or-blanc-aiguamarina-diamants\/","url":"https:\/\/www.wesselton.net\/ca\/penjoll-gea-or-blanc-aiguamarina-diamants\/","name":"Penjoll en Or Blanc Aiguamarina i Diamants de WESSELTO GEA","isPartOf":{"@id":"https:\/\/www.wesselton.net\/#website"},"primaryImageOfPage":{"@id":"https:\/\/www.wesselton.net\/ca\/penjoll-gea-or-blanc-aiguamarina-diamants\/#primaryimage"},"image":{"@id":"https:\/\/www.wesselton.net\/ca\/penjoll-gea-or-blanc-aiguamarina-diamants\/#primaryimage"},"thumbnailUrl":"https:\/\/www.wesselton.net\/wp-content\/uploads\/WLINES-P-AGM2.jpg","datePublished":"2021-12-11T11:05:08+00:00","dateModified":"2025-02-27T01:17:42+00:00","description":"Penjoll en Or Blanc Aiguamarina i Diamants de WESSELTO GEA, \u00e9s una pe\u00e7a artesanal d'or blanc amb Aiguamarina natural talla gota i diamants naturals.","breadcrumb":{"@id":"https:\/\/www.wesselton.net\/ca\/penjoll-gea-or-blanc-aiguamarina-diamants\/#breadcrumb"},"inLanguage":"ca","potentialAction":[{"@type":"ReadAction","target":["https:\/\/www.wesselton.net\/ca\/penjoll-gea-or-blanc-aiguamarina-diamants\/"]}]},{"@type":"ImageObject","inLanguage":"ca","@id":"https:\/\/www.wesselton.net\/ca\/penjoll-gea-or-blanc-aiguamarina-diamants\/#primaryimage","url":"https:\/\/www.wesselton.net\/wp-content\/uploads\/WLINES-P-AGM2.jpg","contentUrl":"https:\/\/www.wesselton.net\/wp-content\/uploads\/WLINES-P-AGM2.jpg","width":657,"height":920,"caption":"PENJOLL ATELIER WESSELTON COL\u00b7LECCI\u00d3 GEA EN OR BLANC, AIGUAMARINA I DIAMANTS"},{"@type":"BreadcrumbList","@id":"https:\/\/www.wesselton.net\/ca\/penjoll-gea-or-blanc-aiguamarina-diamants\/#breadcrumb","itemListElement":[{"@type":"ListItem","position":1,"name":"Inici","item":"https:\/\/www.wesselton.net\/ca\/"},{"@type":"ListItem","position":2,"name":"Botiga","item":"https:\/\/www.wesselton.net\/ca\/botiga\/"},{"@type":"ListItem","position":3,"name":"Penjoll en Or Blanc Aiguamarina i Diamants de WESSELTO GEA"}]},{"@type":"WebSite","@id":"https:\/\/www.wesselton.net\/#website","url":"https:\/\/www.wesselton.net\/","name":"Wesselton | Joieria i Diamants","description":"Diamants \u00fanics per moments \u00fanics. Peces d&#039;elaboraci\u00f3 pr\u00f2pia de m\u00e0xima qualitat, cuidades fins a l&#039;\u00faltim detall, i les millors marques de joieria.","potentialAction":[{"@type":"SearchAction","target":{"@type":"EntryPoint","urlTemplate":"https:\/\/www.wesselton.net\/?s={search_term_string}"},"query-input":{"@type":"PropertyValueSpecification","valueRequired":true,"valueName":"search_term_string"}}],"inLanguage":"ca"}]}},"_links":{"self":[{"href":"https:\/\/www.wesselton.net\/ca\/wp-json\/wp\/v2\/product\/19860","targetHints":{"allow":["GET"]}}],"collection":[{"href":"https:\/\/www.wesselton.net\/ca\/wp-json\/wp\/v2\/product"}],"about":[{"href":"https:\/\/www.wesselton.net\/ca\/wp-json\/wp\/v2\/types\/product"}],"replies":[{"embeddable":true,"href":"https:\/\/www.wesselton.net\/ca\/wp-json\/wp\/v2\/comments?post=19860"}],"wp:featuredmedia":[{"embeddable":true,"href":"https:\/\/www.wesselton.net\/ca\/wp-json\/wp\/v2\/media\/23894"}],"wp:attachment":[{"href":"https:\/\/www.wesselton.net\/ca\/wp-json\/wp\/v2\/media?parent=19860"}],"wp:term":[{"taxonomy":"product_brand","embeddable":true,"href":"https:\/\/www.wesselton.net\/ca\/wp-json\/wp\/v2\/product_brand?post=19860"},{"taxonomy":"product_cat","embeddable":true,"href":"https:\/\/www.wesselton.net\/ca\/wp-json\/wp\/v2\/product_cat?post=19860"},{"taxonomy":"product_tag","embeddable":true,"href":"https:\/\/www.wesselton.net\/ca\/wp-json\/wp\/v2\/product_tag?post=19860"}],"curies":[{"name":"wp","href":"https:\/\/api.w.org\/{rel}","templated":true}]}}