

{"id":20112,"date":"2021-12-29T20:56:57","date_gmt":"2021-12-29T18:56:57","guid":{"rendered":"https:\/\/www.wesselton.net\/?post_type=product&#038;p=20112"},"modified":"2025-10-07T12:39:06","modified_gmt":"2025-10-07T10:39:06","slug":"esclava-wesselton-supreme-lines","status":"publish","type":"product","link":"https:\/\/www.wesselton.net\/ca\/esclava-wesselton-supreme-lines\/","title":{"rendered":"Esclava or groc WESSELTON W Lines"},"content":{"rendered":"<p><strong>Descripci\u00f3:<\/strong><br \/>\nEsclava WESSELTON de la col\u00b7lecci\u00f3 Supreme Lines en or groc. Submergeix-te al m\u00f3n de l&#8217;eleg\u00e0ncia amb aquesta polsera WESSELTON, una obra mestra en or groc que transcendeix el temps. Aquest accessori enlluerna amb el seu joc sofisticat entre l\u00ednies i espais buits. Abra\u00e7ant suaument el contorn del dit o el canell amb una integritat incomparable. Cada detall d&#8217;aquest bra\u00e7alet artesanal, elaborat amb or groc de 18 quirats, reflecteix un comprom\u00eds infrangible amb excel\u00b7l\u00e8ncia i perfecci\u00f3.<\/p>\n<p>Cada corba, cada angle, ha estat meticulosament esculpit per crear una pe\u00e7a \u00fanica que perduri en el temps, superant les tend\u00e8ncies ef\u00edmeres i destacant com a s\u00edmbol etern d&#8217;estil i distinci\u00f3. Aquesta joia \u00e9s el resultat d&#8217;una recerca cont\u00ednua de dissenys auda\u00e7os i avantguardistes sense sacrificar l&#8217;eleg\u00e0ncia cl\u00e0ssica que sempre hem apreciat. Submergeix-te en la sofisticaci\u00f3 d&#8217;aquesta col\u00b7lecci\u00f3 i deixa&#8217;t embolicar pel seu encant, on la tradici\u00f3 es troba amb la modernitat en un equilibri perfecte. Amb l&#8217;Esclava WESSELTON de la col\u00b7lecci\u00f3 Supreme Lines porta amb tu una declaraci\u00f3 d&#8217;estil que ressonar\u00e0 per generacions.<\/p>\n<p>Descobreix tota la nostra \u00e0mplia gamma de <a href=\"https:\/\/www.wesselton.net\/ca\/polseres\/\">polseres WESSELTON.<\/a><\/p>\n<p><strong>Caracter\u00edstiques:<\/strong><br \/>\nL&#8217;Esclava WESSELTON de la col\u00b7lecci\u00f3 Supreme Lines en or groc, \u00e9s una pe\u00e7a elaborada artesanalment en or groc de 18 quirats, destacant per la seva meticulosa producci\u00f3 artesanal a cada detall.<\/p>\n","protected":false},"excerpt":{"rendered":"<p>Aquesta col\u00b7lecci\u00f3 juga tant amb les l\u00ednies com amb els espais buits, que abracen el contorn del dit o del canell<br \/>\nsense arribar a tancar-se. Amb aquesta col\u00b7lecci\u00f3 busquem dissenys m\u00e9s rupturistes i diferents, per\u00f2 que mantinguin l\u2019eleg\u00e0ncia intemporal que tant valorem.<\/p>\n","protected":false},"featured_media":20117,"comment_status":"open","ping_status":"closed","template":"","meta":[],"product_brand":[],"product_cat":[2728,5001,4831,4815],"product_tag":[],"class_list":{"0":"post-20112","1":"product","2":"type-product","3":"status-publish","4":"has-post-thumbnail","6":"product_cat-polsera-or-groc","7":"product_cat-polseres-wesselton","8":"product_cat-w-lines-ca","9":"product_cat-wesselton-ca","10":"yith_product_brand-wesselton","12":"first","13":"outofstock","14":"shipping-taxable","15":"purchasable","16":"product-type-simple"},"acf":[],"yoast_head":"<!-- This site is optimized with the Yoast SEO plugin v27.3 - https:\/\/yoast.com\/product\/yoast-seo-wordpress\/ -->\n<title>Esclava or groc WESSELTON W Lines -<\/title>\n<meta name=\"description\" content=\"L&#039;Esclava WESSELTON de la col\u00b7lecci\u00f3 Supreme Lines en or groc, fusiona l\u00ednies i espais per crear dissenys innovadors amb eleg\u00e0ncia intemporal.\" \/>\n<meta name=\"robots\" content=\"index, follow, max-snippet:-1, max-image-preview:large, max-video-preview:-1\" \/>\n<link rel=\"canonical\" href=\"https:\/\/www.wesselton.net\/ca\/esclava-wesselton-supreme-lines\/\" \/>\n<meta property=\"og:locale\" content=\"ca_ES\" \/>\n<meta property=\"og:type\" content=\"article\" \/>\n<meta property=\"og:title\" content=\"Esclava or groc WESSELTON W Lines -\" \/>\n<meta property=\"og:description\" content=\"L&#039;Esclava WESSELTON de la col\u00b7lecci\u00f3 Supreme Lines en or groc, fusiona l\u00ednies i espais per crear dissenys innovadors amb eleg\u00e0ncia intemporal.\" \/>\n<meta property=\"og:url\" content=\"https:\/\/www.wesselton.net\/ca\/esclava-wesselton-supreme-lines\/\" \/>\n<meta property=\"og:site_name\" content=\"Wesselton | Joieria i Diamants\" \/>\n<meta property=\"article:publisher\" content=\"https:\/\/www.facebook.com\/wesselton.oficial\/\" \/>\n<meta property=\"article:modified_time\" content=\"2025-10-07T10:39:06+00:00\" \/>\n<meta property=\"og:image\" content=\"https:\/\/www.wesselton.net\/wp-content\/uploads\/BRACALET03_01-1.jpg\" \/>\n\t<meta property=\"og:image:width\" content=\"680\" \/>\n\t<meta property=\"og:image:height\" content=\"920\" \/>\n\t<meta property=\"og:image:type\" content=\"image\/jpeg\" \/>\n<meta name=\"twitter:card\" content=\"summary_large_image\" \/>\n<meta name=\"twitter:label1\" content=\"Temps estimat de lectura\" \/>\n\t<meta name=\"twitter:data1\" content=\"2 minuts\" \/>\n<script type=\"application\/ld+json\" class=\"yoast-schema-graph\">{\"@context\":\"https:\\\/\\\/schema.org\",\"@graph\":[{\"@type\":\"WebPage\",\"@id\":\"https:\\\/\\\/www.wesselton.net\\\/ca\\\/esclava-wesselton-supreme-lines\\\/\",\"url\":\"https:\\\/\\\/www.wesselton.net\\\/ca\\\/esclava-wesselton-supreme-lines\\\/\",\"name\":\"Esclava or groc WESSELTON W Lines -\",\"isPartOf\":{\"@id\":\"https:\\\/\\\/www.wesselton.net\\\/#website\"},\"primaryImageOfPage\":{\"@id\":\"https:\\\/\\\/www.wesselton.net\\\/ca\\\/esclava-wesselton-supreme-lines\\\/#primaryimage\"},\"image\":{\"@id\":\"https:\\\/\\\/www.wesselton.net\\\/ca\\\/esclava-wesselton-supreme-lines\\\/#primaryimage\"},\"thumbnailUrl\":\"https:\\\/\\\/www.wesselton.net\\\/wp-content\\\/uploads\\\/BRACALET03_01-1.jpg\",\"datePublished\":\"2021-12-29T18:56:57+00:00\",\"dateModified\":\"2025-10-07T10:39:06+00:00\",\"description\":\"L'Esclava WESSELTON de la col\u00b7lecci\u00f3 Supreme Lines en or groc, fusiona l\u00ednies i espais per crear dissenys innovadors amb eleg\u00e0ncia intemporal.\",\"breadcrumb\":{\"@id\":\"https:\\\/\\\/www.wesselton.net\\\/ca\\\/esclava-wesselton-supreme-lines\\\/#breadcrumb\"},\"inLanguage\":\"ca\",\"potentialAction\":[{\"@type\":\"ReadAction\",\"target\":[\"https:\\\/\\\/www.wesselton.net\\\/ca\\\/esclava-wesselton-supreme-lines\\\/\"]}]},{\"@type\":\"ImageObject\",\"inLanguage\":\"ca\",\"@id\":\"https:\\\/\\\/www.wesselton.net\\\/ca\\\/esclava-wesselton-supreme-lines\\\/#primaryimage\",\"url\":\"https:\\\/\\\/www.wesselton.net\\\/wp-content\\\/uploads\\\/BRACALET03_01-1.jpg\",\"contentUrl\":\"https:\\\/\\\/www.wesselton.net\\\/wp-content\\\/uploads\\\/BRACALET03_01-1.jpg\",\"width\":680,\"height\":920,\"caption\":\"ESCLAVA ATELIER DE WESSELTON COL\u00b7LECCI\u00d3 \u00c0URIA EN OR GROC-001\"},{\"@type\":\"BreadcrumbList\",\"@id\":\"https:\\\/\\\/www.wesselton.net\\\/ca\\\/esclava-wesselton-supreme-lines\\\/#breadcrumb\",\"itemListElement\":[{\"@type\":\"ListItem\",\"position\":1,\"name\":\"Inici\",\"item\":\"https:\\\/\\\/www.wesselton.net\\\/ca\\\/\"},{\"@type\":\"ListItem\",\"position\":2,\"name\":\"Botiga\",\"item\":\"https:\\\/\\\/www.wesselton.net\\\/ca\\\/botiga\\\/\"},{\"@type\":\"ListItem\",\"position\":3,\"name\":\"Esclava or groc WESSELTON W Lines\"}]},{\"@type\":\"WebSite\",\"@id\":\"https:\\\/\\\/www.wesselton.net\\\/#website\",\"url\":\"https:\\\/\\\/www.wesselton.net\\\/\",\"name\":\"Wesselton | Joieria i Diamants\",\"description\":\"Diamants \u00fanics per moments \u00fanics. Peces d&#039;elaboraci\u00f3 pr\u00f2pia de m\u00e0xima qualitat, cuidades fins a l&#039;\u00faltim detall, i les millors marques de joieria.\",\"potentialAction\":[{\"@type\":\"SearchAction\",\"target\":{\"@type\":\"EntryPoint\",\"urlTemplate\":\"https:\\\/\\\/www.wesselton.net\\\/?s={search_term_string}\"},\"query-input\":{\"@type\":\"PropertyValueSpecification\",\"valueRequired\":true,\"valueName\":\"search_term_string\"}}],\"inLanguage\":\"ca\"}]}<\/script>\n<!-- \/ Yoast SEO plugin. -->","yoast_head_json":{"title":"Esclava or groc WESSELTON W Lines -","description":"L'Esclava WESSELTON de la col\u00b7lecci\u00f3 Supreme Lines en or groc, fusiona l\u00ednies i espais per crear dissenys innovadors amb eleg\u00e0ncia intemporal.","robots":{"index":"index","follow":"follow","max-snippet":"max-snippet:-1","max-image-preview":"max-image-preview:large","max-video-preview":"max-video-preview:-1"},"canonical":"https:\/\/www.wesselton.net\/ca\/esclava-wesselton-supreme-lines\/","og_locale":"ca_ES","og_type":"article","og_title":"Esclava or groc WESSELTON W Lines -","og_description":"L'Esclava WESSELTON de la col\u00b7lecci\u00f3 Supreme Lines en or groc, fusiona l\u00ednies i espais per crear dissenys innovadors amb eleg\u00e0ncia intemporal.","og_url":"https:\/\/www.wesselton.net\/ca\/esclava-wesselton-supreme-lines\/","og_site_name":"Wesselton | Joieria i Diamants","article_publisher":"https:\/\/www.facebook.com\/wesselton.oficial\/","article_modified_time":"2025-10-07T10:39:06+00:00","og_image":[{"width":680,"height":920,"url":"https:\/\/www.wesselton.net\/wp-content\/uploads\/BRACALET03_01-1.jpg","type":"image\/jpeg"}],"twitter_card":"summary_large_image","twitter_misc":{"Temps estimat de lectura":"2 minuts"},"schema":{"@context":"https:\/\/schema.org","@graph":[{"@type":"WebPage","@id":"https:\/\/www.wesselton.net\/ca\/esclava-wesselton-supreme-lines\/","url":"https:\/\/www.wesselton.net\/ca\/esclava-wesselton-supreme-lines\/","name":"Esclava or groc WESSELTON W Lines -","isPartOf":{"@id":"https:\/\/www.wesselton.net\/#website"},"primaryImageOfPage":{"@id":"https:\/\/www.wesselton.net\/ca\/esclava-wesselton-supreme-lines\/#primaryimage"},"image":{"@id":"https:\/\/www.wesselton.net\/ca\/esclava-wesselton-supreme-lines\/#primaryimage"},"thumbnailUrl":"https:\/\/www.wesselton.net\/wp-content\/uploads\/BRACALET03_01-1.jpg","datePublished":"2021-12-29T18:56:57+00:00","dateModified":"2025-10-07T10:39:06+00:00","description":"L'Esclava WESSELTON de la col\u00b7lecci\u00f3 Supreme Lines en or groc, fusiona l\u00ednies i espais per crear dissenys innovadors amb eleg\u00e0ncia intemporal.","breadcrumb":{"@id":"https:\/\/www.wesselton.net\/ca\/esclava-wesselton-supreme-lines\/#breadcrumb"},"inLanguage":"ca","potentialAction":[{"@type":"ReadAction","target":["https:\/\/www.wesselton.net\/ca\/esclava-wesselton-supreme-lines\/"]}]},{"@type":"ImageObject","inLanguage":"ca","@id":"https:\/\/www.wesselton.net\/ca\/esclava-wesselton-supreme-lines\/#primaryimage","url":"https:\/\/www.wesselton.net\/wp-content\/uploads\/BRACALET03_01-1.jpg","contentUrl":"https:\/\/www.wesselton.net\/wp-content\/uploads\/BRACALET03_01-1.jpg","width":680,"height":920,"caption":"ESCLAVA ATELIER DE WESSELTON COL\u00b7LECCI\u00d3 \u00c0URIA EN OR GROC-001"},{"@type":"BreadcrumbList","@id":"https:\/\/www.wesselton.net\/ca\/esclava-wesselton-supreme-lines\/#breadcrumb","itemListElement":[{"@type":"ListItem","position":1,"name":"Inici","item":"https:\/\/www.wesselton.net\/ca\/"},{"@type":"ListItem","position":2,"name":"Botiga","item":"https:\/\/www.wesselton.net\/ca\/botiga\/"},{"@type":"ListItem","position":3,"name":"Esclava or groc WESSELTON W Lines"}]},{"@type":"WebSite","@id":"https:\/\/www.wesselton.net\/#website","url":"https:\/\/www.wesselton.net\/","name":"Wesselton | Joieria i Diamants","description":"Diamants \u00fanics per moments \u00fanics. Peces d&#039;elaboraci\u00f3 pr\u00f2pia de m\u00e0xima qualitat, cuidades fins a l&#039;\u00faltim detall, i les millors marques de joieria.","potentialAction":[{"@type":"SearchAction","target":{"@type":"EntryPoint","urlTemplate":"https:\/\/www.wesselton.net\/?s={search_term_string}"},"query-input":{"@type":"PropertyValueSpecification","valueRequired":true,"valueName":"search_term_string"}}],"inLanguage":"ca"}]}},"_links":{"self":[{"href":"https:\/\/www.wesselton.net\/ca\/wp-json\/wp\/v2\/product\/20112","targetHints":{"allow":["GET"]}}],"collection":[{"href":"https:\/\/www.wesselton.net\/ca\/wp-json\/wp\/v2\/product"}],"about":[{"href":"https:\/\/www.wesselton.net\/ca\/wp-json\/wp\/v2\/types\/product"}],"replies":[{"embeddable":true,"href":"https:\/\/www.wesselton.net\/ca\/wp-json\/wp\/v2\/comments?post=20112"}],"wp:featuredmedia":[{"embeddable":true,"href":"https:\/\/www.wesselton.net\/ca\/wp-json\/wp\/v2\/media\/20117"}],"wp:attachment":[{"href":"https:\/\/www.wesselton.net\/ca\/wp-json\/wp\/v2\/media?parent=20112"}],"wp:term":[{"taxonomy":"product_brand","embeddable":true,"href":"https:\/\/www.wesselton.net\/ca\/wp-json\/wp\/v2\/product_brand?post=20112"},{"taxonomy":"product_cat","embeddable":true,"href":"https:\/\/www.wesselton.net\/ca\/wp-json\/wp\/v2\/product_cat?post=20112"},{"taxonomy":"product_tag","embeddable":true,"href":"https:\/\/www.wesselton.net\/ca\/wp-json\/wp\/v2\/product_tag?post=20112"}],"curies":[{"name":"wp","href":"https:\/\/api.w.org\/{rel}","templated":true}]}}