

{"id":22573,"date":"2023-01-22T12:13:44","date_gmt":"2023-01-22T10:08:41","guid":{"rendered":"https:\/\/clon.wesselton.net\/?post_type=product&#038;p=22573"},"modified":"2024-06-20T12:59:27","modified_gmt":"2024-06-20T10:59:27","slug":"marq-aviator-gen-2","status":"publish","type":"product","link":"https:\/\/www.wesselton.net\/ca\/marq-aviator-gen-2\/","title":{"rendered":"MARQ\u00ae Aviator (Gen 2)"},"content":{"rendered":"<p id=\"tw-target-text\" class=\"tw-data-text tw-text-large tw-ta\" dir=\"ltr\" data-placeholder=\"Traducci\u00f3n\"><span class=\"Y2IQFc\" lang=\"ca\">El Garmin MARQ\u00ae Aviator (Gen 2) \u00e9s un rellotge pensat per als aviadors, amb un disseny \u00fanic i caracter\u00edstiques especials per ajudar-los en el vol. <\/span><\/p>\n<p class=\"tw-data-text tw-text-large tw-ta\" dir=\"ltr\" data-placeholder=\"Traducci\u00f3n\"><span class=\"Y2IQFc\" lang=\"ca\">La caixa est\u00e0 fabricada amb titani grau 5, cosa que li d\u00f3na una gran durabilitat i resist\u00e8ncia. <\/span><\/p>\n<p class=\"tw-data-text tw-text-large tw-ta\" dir=\"ltr\" data-placeholder=\"Traducci\u00f3n\"><span class=\"Y2IQFc\" lang=\"ca\">El vidre \u00e9s de safir corb, cosa que proporciona una millor visibilitat i protecci\u00f3 per al rellotge. <\/span><\/p>\n<p class=\"tw-data-text tw-text-large tw-ta\" dir=\"ltr\" data-placeholder=\"Traducci\u00f3n\"><span class=\"Y2IQFc\" lang=\"ca\">La pantalla \u00e9s una Amoled amb una resposta t\u00e0ctil incre\u00efble, cosa que fa que sigui f\u00e0cil dusar. A m\u00e9s, compta amb una polsera de titani refor\u00e7ada d&#8217;inspiraci\u00f3 aviadora<\/span><span class=\"Y2IQFc\" lang=\"ca\">.<\/span><\/p>\n<p class=\"tw-data-text tw-text-large tw-ta\" dir=\"ltr\" data-placeholder=\"Traducci\u00f3n\"><span class=\"Y2IQFc\" lang=\"ca\">Entre les funcions especials del rellotge, destaquen les de navegaci\u00f3 amb acc\u00e9s r\u00e0pid, mapa en moviment amb el dit o av\u00eds de Jet Lag.<\/span><\/p>\n<p class=\"tw-data-text tw-text-large tw-ta\" dir=\"ltr\" data-placeholder=\"Traducci\u00f3n\"><span class=\"Y2IQFc\" lang=\"ca\"> A m\u00e9s, podr\u00e0s consultar informaci\u00f3 meteorol\u00f2gica d&#8217;aviaci\u00f3 com a informes METAR, TAF i MOS2 i informaci\u00f3 de previsions MOS per a aeroports concrets. L&#8217;agulla de ruta HSI us permetr\u00e0 seguir la vostra destinaci\u00f3.<\/span><\/p>\n<p class=\"tw-data-text tw-text-large tw-ta\" dir=\"ltr\" data-placeholder=\"Traducci\u00f3n\"><span class=\"Y2IQFc\" lang=\"ca\"> El pulsiox\u00edmetre \u00e9s \u00fatil per con\u00e8ixer com responen els nivells d&#8217;oxigen davant l&#8217;altitud. Tamb\u00e9 ser\u00e0 \u00fatil la informaci\u00f3 sobre els aeroports, per poder consultar l&#8217;orientaci\u00f3 de pista d&#8217;aterratge o les longituds i les freq\u00fc\u00e8ncies de l&#8217;aeroport.<\/span><\/p>\n<p class=\"tw-data-text tw-text-large tw-ta\" dir=\"ltr\" data-placeholder=\"Traducci\u00f3n\"><span class=\"Y2IQFc\" lang=\"ca\">Gr\u00e0cies a l&#8217;alt\u00edmetre barom\u00e8tric podr\u00e0s saber quan has arribat a l&#8217;altitud desitjada i gr\u00e0cies als registres de vol podr\u00e0s transferir informaci\u00f3 al teu compte de flyGarmin.com. <\/span><\/p>\n<p class=\"tw-data-text tw-text-large tw-ta\" dir=\"ltr\" data-placeholder=\"Traducci\u00f3n\"><span class=\"Y2IQFc\" lang=\"ca\">En cas d&#8217;emerg\u00e8ncia, el rellotge t\u00e9 una manera d&#8217;emerg\u00e8ncia que podreu activar quan es produeixi un problema del motor. <\/span><\/p>\n<p class=\"tw-data-text tw-text-large tw-ta\" dir=\"ltr\" data-placeholder=\"Traducci\u00f3n\"><span class=\"Y2IQFc\" lang=\"ca\">Una altra caracter\u00edstica interessant \u00e9s la possibilitat de configurar i personalitzar alertes per a informes METAR i TAF, aix\u00ed com altres alertes sobre combustible o altres tasques. Tamb\u00e9 compta amb una maneta UTC i diverses pantalles amb fusos horaris diferents.<\/span><\/p>\n<p class=\"tw-data-text tw-text-large tw-ta\" dir=\"ltr\" data-placeholder=\"Traducci\u00f3n\"><span class=\"Y2IQFc\" lang=\"ca\">L&#8217;autonomia de la bateria de liti et permetr\u00e0 utilitzar-lo a les teves aventures sense necessitat de recarregar-lo, amb fins a 16 dies en mode smartwatch i 21 en mode estalvi d&#8217;energia. Nom\u00e9s GPS fins a 42h i amb tots els sistemes de sat\u00e8l\u00b7lit fins a 32h. Amb GPS amb \u00fas m\u00e0xim de bateria fins a 75h i amb GPS expedici\u00f3 fins a 14 dies.<\/span><\/p>\n<p class=\"tw-data-text tw-text-large tw-ta\" dir=\"ltr\" data-placeholder=\"Traducci\u00f3n\"><span class=\"Y2IQFc\" lang=\"ca\"> El rellotge \u00e9s resistent a laigua fins a 100m (10ATM) i compta amb una mem\u00f2ria de 32GB.<\/span><\/p>\n<p class=\"tw-data-text tw-text-large tw-ta\" dir=\"ltr\" data-placeholder=\"Traducci\u00f3n\"><span class=\"Y2IQFc\" lang=\"ca\">Consulta m\u00e9s <a href=\"https:\/\/www.garmin.com\/es-ES\/p\/783461\/pn\/010-02648-01\">caracter\u00edstiques de <\/a><\/span>MARQ\u00ae Aviator (Gen 2)<\/p>\n","protected":false},"excerpt":{"rendered":"<p id=\"tw-target-text\" class=\"tw-data-text tw-text-large tw-ta\" dir=\"ltr\" data-placeholder=\"Traducci\u00f3n\"><span class=\"Y2IQFc\" lang=\"ca\">El Garmin Marq Aviator Gen 2 \u00e9s un rellotge dissenyat especialment per a aviadors, amb un estil \u00fanic i funcions pensades per ajudar-los als seus vols. La caixa \u00e9s de titani grau 5, el vidre \u00e9s de safir corb resistent per a una millor visibilitat i protecci\u00f3, i compta amb una pantalla Amoled amb resposta t\u00e0ctil. Entre les seves funcions s&#8217;inclouen navegaci\u00f3 amb acc\u00e9s r\u00e0pid, mapa en moviment, av\u00eds de Jet Lag, informaci\u00f3 meteorol\u00f2gica d&#8217;aviaci\u00f3, agulla de ruta, pulsiox\u00edmetre, informaci\u00f3 d&#8217;aeroports, alt\u00edmetre barom\u00e8tric, registres de vol, mode emerg\u00e8ncia, alertes personalitzades, maneta UTC i pantalles amb fusos horaris diferents. Podeu connectar-vos amb l&#8217;aplicaci\u00f3 Garmin Pilot per transferir informaci\u00f3 i plans de vol.<\/span><\/p>\n","protected":false},"featured_media":22522,"comment_status":"closed","ping_status":"closed","template":"","meta":[],"product_brand":[],"product_cat":[2377,2098,2385],"product_tag":[],"class_list":{"0":"post-22573","1":"product","2":"type-product","3":"status-publish","4":"has-post-thumbnail","6":"product_cat-esportius","7":"product_cat-inteligents","8":"product_cat-luxe","9":"yith_product_brand-garmin-marq","11":"first","12":"outofstock","13":"shipping-taxable","14":"purchasable","15":"product-type-simple"},"acf":[],"yoast_head":"<!-- This site is optimized with the Yoast SEO plugin v27.4 - https:\/\/yoast.com\/product\/yoast-seo-wordpress\/ -->\n<title>MARQ\u00ae Aviator (Gen 2) - Wesselton | Joieria i Diamants<\/title>\n<meta name=\"description\" content=\"El MARQ\u00ae Aviator (Gen 2) \u00e9s un rellotge dissenyat especialment per a aviadors, amb un estil \u00fanic i funcions pensades per ajudar-los als seus vols.\" \/>\n<meta name=\"robots\" content=\"index, follow, max-snippet:-1, max-image-preview:large, max-video-preview:-1\" \/>\n<link rel=\"canonical\" href=\"https:\/\/www.wesselton.net\/ca\/marq-aviator-gen-2\/\" \/>\n<meta property=\"og:locale\" content=\"ca_ES\" \/>\n<meta property=\"og:type\" content=\"article\" \/>\n<meta property=\"og:title\" content=\"MARQ\u00ae Aviator (Gen 2) - Wesselton | Joieria i Diamants\" \/>\n<meta property=\"og:description\" content=\"El MARQ\u00ae Aviator (Gen 2) \u00e9s un rellotge dissenyat especialment per a aviadors, amb un estil \u00fanic i funcions pensades per ajudar-los als seus vols.\" \/>\n<meta property=\"og:url\" content=\"https:\/\/www.wesselton.net\/ca\/marq-aviator-gen-2\/\" \/>\n<meta property=\"og:site_name\" content=\"Wesselton | Joieria i Diamants\" \/>\n<meta property=\"article:publisher\" content=\"https:\/\/www.facebook.com\/wesselton.oficial\/\" \/>\n<meta property=\"article:modified_time\" content=\"2024-06-20T10:59:27+00:00\" \/>\n<meta property=\"og:image\" content=\"https:\/\/www.wesselton.net\/wp-content\/uploads\/AVIATION.webp\" \/>\n\t<meta property=\"og:image:width\" content=\"673\" \/>\n\t<meta property=\"og:image:height\" content=\"673\" \/>\n\t<meta property=\"og:image:type\" content=\"image\/webp\" \/>\n<meta name=\"twitter:card\" content=\"summary_large_image\" \/>\n<meta name=\"twitter:label1\" content=\"Temps estimat de lectura\" \/>\n\t<meta name=\"twitter:data1\" content=\"2 minuts\" \/>\n<script type=\"application\/ld+json\" class=\"yoast-schema-graph\">{\"@context\":\"https:\\\/\\\/schema.org\",\"@graph\":[{\"@type\":\"WebPage\",\"@id\":\"https:\\\/\\\/www.wesselton.net\\\/ca\\\/marq-aviator-gen-2\\\/\",\"url\":\"https:\\\/\\\/www.wesselton.net\\\/ca\\\/marq-aviator-gen-2\\\/\",\"name\":\"MARQ\u00ae Aviator (Gen 2) - Wesselton | Joieria i Diamants\",\"isPartOf\":{\"@id\":\"https:\\\/\\\/www.wesselton.net\\\/#website\"},\"primaryImageOfPage\":{\"@id\":\"https:\\\/\\\/www.wesselton.net\\\/ca\\\/marq-aviator-gen-2\\\/#primaryimage\"},\"image\":{\"@id\":\"https:\\\/\\\/www.wesselton.net\\\/ca\\\/marq-aviator-gen-2\\\/#primaryimage\"},\"thumbnailUrl\":\"https:\\\/\\\/www.wesselton.net\\\/wp-content\\\/uploads\\\/AVIATION.webp\",\"datePublished\":\"2023-01-22T10:08:41+00:00\",\"dateModified\":\"2024-06-20T10:59:27+00:00\",\"description\":\"El MARQ\u00ae Aviator (Gen 2) \u00e9s un rellotge dissenyat especialment per a aviadors, amb un estil \u00fanic i funcions pensades per ajudar-los als seus vols.\",\"breadcrumb\":{\"@id\":\"https:\\\/\\\/www.wesselton.net\\\/ca\\\/marq-aviator-gen-2\\\/#breadcrumb\"},\"inLanguage\":\"ca\",\"potentialAction\":[{\"@type\":\"ReadAction\",\"target\":[\"https:\\\/\\\/www.wesselton.net\\\/ca\\\/marq-aviator-gen-2\\\/\"]}]},{\"@type\":\"ImageObject\",\"inLanguage\":\"ca\",\"@id\":\"https:\\\/\\\/www.wesselton.net\\\/ca\\\/marq-aviator-gen-2\\\/#primaryimage\",\"url\":\"https:\\\/\\\/www.wesselton.net\\\/wp-content\\\/uploads\\\/AVIATION.webp\",\"contentUrl\":\"https:\\\/\\\/www.wesselton.net\\\/wp-content\\\/uploads\\\/AVIATION.webp\",\"width\":673,\"height\":673},{\"@type\":\"BreadcrumbList\",\"@id\":\"https:\\\/\\\/www.wesselton.net\\\/ca\\\/marq-aviator-gen-2\\\/#breadcrumb\",\"itemListElement\":[{\"@type\":\"ListItem\",\"position\":1,\"name\":\"Inici\",\"item\":\"https:\\\/\\\/www.wesselton.net\\\/ca\\\/\"},{\"@type\":\"ListItem\",\"position\":2,\"name\":\"Botiga\",\"item\":\"https:\\\/\\\/www.wesselton.net\\\/ca\\\/botiga\\\/\"},{\"@type\":\"ListItem\",\"position\":3,\"name\":\"MARQ\u00ae Aviator (Gen 2)\"}]},{\"@type\":\"WebSite\",\"@id\":\"https:\\\/\\\/www.wesselton.net\\\/#website\",\"url\":\"https:\\\/\\\/www.wesselton.net\\\/\",\"name\":\"Wesselton | Joieria i Diamants\",\"description\":\"Diamants \u00fanics per moments \u00fanics. Peces d&#039;elaboraci\u00f3 pr\u00f2pia de m\u00e0xima qualitat, cuidades fins a l&#039;\u00faltim detall, i les millors marques de joieria.\",\"potentialAction\":[{\"@type\":\"SearchAction\",\"target\":{\"@type\":\"EntryPoint\",\"urlTemplate\":\"https:\\\/\\\/www.wesselton.net\\\/?s={search_term_string}\"},\"query-input\":{\"@type\":\"PropertyValueSpecification\",\"valueRequired\":true,\"valueName\":\"search_term_string\"}}],\"inLanguage\":\"ca\"}]}<\/script>\n<!-- \/ Yoast SEO plugin. -->","yoast_head_json":{"title":"MARQ\u00ae Aviator (Gen 2) - Wesselton | Joieria i Diamants","description":"El MARQ\u00ae Aviator (Gen 2) \u00e9s un rellotge dissenyat especialment per a aviadors, amb un estil \u00fanic i funcions pensades per ajudar-los als seus vols.","robots":{"index":"index","follow":"follow","max-snippet":"max-snippet:-1","max-image-preview":"max-image-preview:large","max-video-preview":"max-video-preview:-1"},"canonical":"https:\/\/www.wesselton.net\/ca\/marq-aviator-gen-2\/","og_locale":"ca_ES","og_type":"article","og_title":"MARQ\u00ae Aviator (Gen 2) - Wesselton | Joieria i Diamants","og_description":"El MARQ\u00ae Aviator (Gen 2) \u00e9s un rellotge dissenyat especialment per a aviadors, amb un estil \u00fanic i funcions pensades per ajudar-los als seus vols.","og_url":"https:\/\/www.wesselton.net\/ca\/marq-aviator-gen-2\/","og_site_name":"Wesselton | Joieria i Diamants","article_publisher":"https:\/\/www.facebook.com\/wesselton.oficial\/","article_modified_time":"2024-06-20T10:59:27+00:00","og_image":[{"width":673,"height":673,"url":"https:\/\/www.wesselton.net\/wp-content\/uploads\/AVIATION.webp","type":"image\/webp"}],"twitter_card":"summary_large_image","twitter_misc":{"Temps estimat de lectura":"2 minuts"},"schema":{"@context":"https:\/\/schema.org","@graph":[{"@type":"WebPage","@id":"https:\/\/www.wesselton.net\/ca\/marq-aviator-gen-2\/","url":"https:\/\/www.wesselton.net\/ca\/marq-aviator-gen-2\/","name":"MARQ\u00ae Aviator (Gen 2) - Wesselton | Joieria i Diamants","isPartOf":{"@id":"https:\/\/www.wesselton.net\/#website"},"primaryImageOfPage":{"@id":"https:\/\/www.wesselton.net\/ca\/marq-aviator-gen-2\/#primaryimage"},"image":{"@id":"https:\/\/www.wesselton.net\/ca\/marq-aviator-gen-2\/#primaryimage"},"thumbnailUrl":"https:\/\/www.wesselton.net\/wp-content\/uploads\/AVIATION.webp","datePublished":"2023-01-22T10:08:41+00:00","dateModified":"2024-06-20T10:59:27+00:00","description":"El MARQ\u00ae Aviator (Gen 2) \u00e9s un rellotge dissenyat especialment per a aviadors, amb un estil \u00fanic i funcions pensades per ajudar-los als seus vols.","breadcrumb":{"@id":"https:\/\/www.wesselton.net\/ca\/marq-aviator-gen-2\/#breadcrumb"},"inLanguage":"ca","potentialAction":[{"@type":"ReadAction","target":["https:\/\/www.wesselton.net\/ca\/marq-aviator-gen-2\/"]}]},{"@type":"ImageObject","inLanguage":"ca","@id":"https:\/\/www.wesselton.net\/ca\/marq-aviator-gen-2\/#primaryimage","url":"https:\/\/www.wesselton.net\/wp-content\/uploads\/AVIATION.webp","contentUrl":"https:\/\/www.wesselton.net\/wp-content\/uploads\/AVIATION.webp","width":673,"height":673},{"@type":"BreadcrumbList","@id":"https:\/\/www.wesselton.net\/ca\/marq-aviator-gen-2\/#breadcrumb","itemListElement":[{"@type":"ListItem","position":1,"name":"Inici","item":"https:\/\/www.wesselton.net\/ca\/"},{"@type":"ListItem","position":2,"name":"Botiga","item":"https:\/\/www.wesselton.net\/ca\/botiga\/"},{"@type":"ListItem","position":3,"name":"MARQ\u00ae Aviator (Gen 2)"}]},{"@type":"WebSite","@id":"https:\/\/www.wesselton.net\/#website","url":"https:\/\/www.wesselton.net\/","name":"Wesselton | Joieria i Diamants","description":"Diamants \u00fanics per moments \u00fanics. Peces d&#039;elaboraci\u00f3 pr\u00f2pia de m\u00e0xima qualitat, cuidades fins a l&#039;\u00faltim detall, i les millors marques de joieria.","potentialAction":[{"@type":"SearchAction","target":{"@type":"EntryPoint","urlTemplate":"https:\/\/www.wesselton.net\/?s={search_term_string}"},"query-input":{"@type":"PropertyValueSpecification","valueRequired":true,"valueName":"search_term_string"}}],"inLanguage":"ca"}]}},"_links":{"self":[{"href":"https:\/\/www.wesselton.net\/ca\/wp-json\/wp\/v2\/product\/22573","targetHints":{"allow":["GET"]}}],"collection":[{"href":"https:\/\/www.wesselton.net\/ca\/wp-json\/wp\/v2\/product"}],"about":[{"href":"https:\/\/www.wesselton.net\/ca\/wp-json\/wp\/v2\/types\/product"}],"replies":[{"embeddable":true,"href":"https:\/\/www.wesselton.net\/ca\/wp-json\/wp\/v2\/comments?post=22573"}],"wp:featuredmedia":[{"embeddable":true,"href":"https:\/\/www.wesselton.net\/ca\/wp-json\/wp\/v2\/media\/22522"}],"wp:attachment":[{"href":"https:\/\/www.wesselton.net\/ca\/wp-json\/wp\/v2\/media?parent=22573"}],"wp:term":[{"taxonomy":"product_brand","embeddable":true,"href":"https:\/\/www.wesselton.net\/ca\/wp-json\/wp\/v2\/product_brand?post=22573"},{"taxonomy":"product_cat","embeddable":true,"href":"https:\/\/www.wesselton.net\/ca\/wp-json\/wp\/v2\/product_cat?post=22573"},{"taxonomy":"product_tag","embeddable":true,"href":"https:\/\/www.wesselton.net\/ca\/wp-json\/wp\/v2\/product_tag?post=22573"}],"curies":[{"name":"wp","href":"https:\/\/api.w.org\/{rel}","templated":true}]}}