

{"id":25164,"date":"2023-03-06T20:54:42","date_gmt":"2023-03-06T18:55:20","guid":{"rendered":"https:\/\/www.wesselton.net\/?post_type=product&#038;p=25164"},"modified":"2024-02-14T10:09:49","modified_gmt":"2024-02-14T08:09:49","slug":"g-shock-gbd-200-2er-g-squad-serie-gbd-200","status":"publish","type":"product","link":"https:\/\/www.wesselton.net\/ca\/g-shock-gbd-200-2er-g-squad-serie-gbd-200\/","title":{"rendered":"G-SHOCK GBD-200-2ER &#8220;G-SQUAD SERIE GBD 200&#8221;"},"content":{"rendered":"<p>G-SQUAD, la l\u00ednia de rellotges <a href=\"https:\/\/www.wesselton.net\/fr\/marques\/g-shock\/\">G-SHOCK<\/a> creada pels grans amants de l&#8217;esport. Aquests models tenen un disseny quadrat i estan disponibles en colors vistosos perfectament combinats amb els entrenaments m\u00e9s exigents. El G-SQUAD de G-SHOCK \u00e9s el rellotge m\u00e9s fi fins ara. A m\u00e9s, compta amb ranures laterals al bisell que deixen veure el color de base del rellotge, cosa que ressalta el seu prim gruix.<\/p>\n<p>El bot\u00f3 de la llum es troba a la part frontal de la caixa per facilitar-ne l&#8217;acc\u00e9s i permetre una lectura clara durant les sessions nocturnes. A m\u00e9s, pots connectar-te al teu dispositiu a trav\u00e9s de Bluetooth\u00ae per realitzar mesuraments de l&#8217;acceler\u00f2metre amb precisi\u00f3.<\/p>\n<p>Aquest rellotge \u00e9s resistent a cops, vibracions i condicions extremes gr\u00e0cies a la seva estructura resistent als impactes que protegeix tant el moviment com la pantalla de danys. Aquesta durabilitat el converteix en un company fiable per a activitats com ara c\u00f3rrer, fer senderisme, ciclisme i esports d&#8217;alt impacte.<\/p>\n<p>Tot el que necessites per als teus entrenaments \u00e9s a l&#8217;abast de la teva m\u00e0: dist\u00e0ncia recorreguda, velocitat, ritme, lectures de tornada autom\u00e0tiques, calories cremades, control de passos, temporitzador d&#8217;intervals i temporitzador de voltes.<\/p>\n<p>A m\u00e9s, G-SQUAD de G-SHOCK compta amb una aplicaci\u00f3 per comprovar els registres de vida i el teu historial d&#8217;activitats des del rellotge. Suau corretja d&#8217;uret\u00e0 amb orificis d&#8217;ajust addicionals per a m\u00e9s precisi\u00f3 i comoditat.<\/p>\n<p>Consulta m\u00e9s caracter\u00edstiques de G-SHOCK GBD-200-2ER &#8220;G-SQUAD SERIE GBD 200&#8221;<\/p>\n","protected":false},"excerpt":{"rendered":"<p>El G-SQUAD de la l\u00ednia G-SHOCK \u00e9s un rellotge fi, amb un estil quadrat i disponible en diversos colors. Est\u00e0 dissenyat per suportar entrenaments exigents i compta amb un bot\u00f3 de llum a la part frontal que facilita la lectura. Podeu connectar-vos a un dispositiu mitjan\u00e7ant Bluetooth\u00ae per realitzar mesures necess\u00e0ries de l&#8217;acceler\u00f2metre. Inclou tamb\u00e9 una varietat de funcions d&#8217;entrenament com a mesura de dist\u00e0ncia, velocitat, ritme, lectures de volta autom\u00e0tiques, calories cremades, control de passos, temporitzador d&#8217;intervals i temporitzador de voltes. La corretja de cautx\u00fa s&#8217;ajusta amb orificis addicionals per a m\u00e9s precisi\u00f3 i comoditat. Tamb\u00e9 hi ha una aplicaci\u00f3 per controlar les dades i habilitats des del rellotge.<\/p>\n","protected":false},"featured_media":25161,"comment_status":"closed","ping_status":"closed","template":"","meta":[],"product_brand":[],"product_cat":[2104,2377,2098],"product_tag":[],"class_list":{"0":"post-25164","1":"product","2":"type-product","3":"status-publish","4":"has-post-thumbnail","6":"product_cat-automatic","7":"product_cat-esportius","8":"product_cat-inteligents","9":"yith_product_brand-g-shock","10":"yith_product_brand-g-shock-gama-trend-ca","12":"first","13":"outofstock","14":"shipping-taxable","15":"purchasable","16":"product-type-simple"},"acf":[],"yoast_head":"<!-- This site is optimized with the Yoast SEO plugin v27.4 - https:\/\/yoast.com\/product\/yoast-seo-wordpress\/ -->\n<title>G-SHOCK GBD-200-2ER &quot;G-SQUAD SERIE GBD 200&quot; - Wesselton | Joieria i Diamants<\/title>\n<meta name=\"description\" content=\"El rellotge GBD-200-2ER G-SQUAD de G-SHOCK t\u00e9 una precisi\u00f3 cronom\u00e8trica gr\u00e0cies al quars. Tenen un disseny quadrat, disponibles en diversos colors.\" \/>\n<meta name=\"robots\" content=\"index, follow, max-snippet:-1, max-image-preview:large, max-video-preview:-1\" \/>\n<link rel=\"canonical\" href=\"https:\/\/www.wesselton.net\/ca\/g-shock-gbd-200-2er-g-squad-serie-gbd-200\/\" \/>\n<meta property=\"og:locale\" content=\"ca_ES\" \/>\n<meta property=\"og:type\" content=\"article\" \/>\n<meta property=\"og:title\" content=\"G-SHOCK GBD-200-2ER &quot;G-SQUAD SERIE GBD 200&quot; - Wesselton | Joieria i Diamants\" \/>\n<meta property=\"og:description\" content=\"El rellotge GBD-200-2ER G-SQUAD de G-SHOCK t\u00e9 una precisi\u00f3 cronom\u00e8trica gr\u00e0cies al quars. Tenen un disseny quadrat, disponibles en diversos colors.\" \/>\n<meta property=\"og:url\" content=\"https:\/\/www.wesselton.net\/ca\/g-shock-gbd-200-2er-g-squad-serie-gbd-200\/\" \/>\n<meta property=\"og:site_name\" content=\"Wesselton | Joieria i Diamants\" \/>\n<meta property=\"article:publisher\" content=\"https:\/\/www.facebook.com\/wesselton.oficial\/\" \/>\n<meta property=\"article:modified_time\" content=\"2024-02-14T08:09:49+00:00\" \/>\n<meta property=\"og:image\" content=\"https:\/\/www.wesselton.net\/wp-content\/uploads\/5P.jpg\" \/>\n\t<meta property=\"og:image:width\" content=\"1727\" \/>\n\t<meta property=\"og:image:height\" content=\"2337\" \/>\n\t<meta property=\"og:image:type\" content=\"image\/jpeg\" \/>\n<meta name=\"twitter:card\" content=\"summary_large_image\" \/>\n<meta name=\"twitter:label1\" content=\"Temps estimat de lectura\" \/>\n\t<meta name=\"twitter:data1\" content=\"2 minuts\" \/>\n<script type=\"application\/ld+json\" class=\"yoast-schema-graph\">{\"@context\":\"https:\\\/\\\/schema.org\",\"@graph\":[{\"@type\":\"WebPage\",\"@id\":\"https:\\\/\\\/www.wesselton.net\\\/ca\\\/g-shock-gbd-200-2er-g-squad-serie-gbd-200\\\/\",\"url\":\"https:\\\/\\\/www.wesselton.net\\\/ca\\\/g-shock-gbd-200-2er-g-squad-serie-gbd-200\\\/\",\"name\":\"G-SHOCK GBD-200-2ER \\\"G-SQUAD SERIE GBD 200\\\" - Wesselton | Joieria i Diamants\",\"isPartOf\":{\"@id\":\"https:\\\/\\\/www.wesselton.net\\\/#website\"},\"primaryImageOfPage\":{\"@id\":\"https:\\\/\\\/www.wesselton.net\\\/ca\\\/g-shock-gbd-200-2er-g-squad-serie-gbd-200\\\/#primaryimage\"},\"image\":{\"@id\":\"https:\\\/\\\/www.wesselton.net\\\/ca\\\/g-shock-gbd-200-2er-g-squad-serie-gbd-200\\\/#primaryimage\"},\"thumbnailUrl\":\"https:\\\/\\\/www.wesselton.net\\\/wp-content\\\/uploads\\\/5P.jpg\",\"datePublished\":\"2023-03-06T18:55:20+00:00\",\"dateModified\":\"2024-02-14T08:09:49+00:00\",\"description\":\"El rellotge GBD-200-2ER G-SQUAD de G-SHOCK t\u00e9 una precisi\u00f3 cronom\u00e8trica gr\u00e0cies al quars. Tenen un disseny quadrat, disponibles en diversos colors.\",\"breadcrumb\":{\"@id\":\"https:\\\/\\\/www.wesselton.net\\\/ca\\\/g-shock-gbd-200-2er-g-squad-serie-gbd-200\\\/#breadcrumb\"},\"inLanguage\":\"ca\",\"potentialAction\":[{\"@type\":\"ReadAction\",\"target\":[\"https:\\\/\\\/www.wesselton.net\\\/ca\\\/g-shock-gbd-200-2er-g-squad-serie-gbd-200\\\/\"]}]},{\"@type\":\"ImageObject\",\"inLanguage\":\"ca\",\"@id\":\"https:\\\/\\\/www.wesselton.net\\\/ca\\\/g-shock-gbd-200-2er-g-squad-serie-gbd-200\\\/#primaryimage\",\"url\":\"https:\\\/\\\/www.wesselton.net\\\/wp-content\\\/uploads\\\/5P.jpg\",\"contentUrl\":\"https:\\\/\\\/www.wesselton.net\\\/wp-content\\\/uploads\\\/5P.jpg\",\"width\":1727,\"height\":2337,\"caption\":\"G-SQUAD G-SHOCK\"},{\"@type\":\"BreadcrumbList\",\"@id\":\"https:\\\/\\\/www.wesselton.net\\\/ca\\\/g-shock-gbd-200-2er-g-squad-serie-gbd-200\\\/#breadcrumb\",\"itemListElement\":[{\"@type\":\"ListItem\",\"position\":1,\"name\":\"Inici\",\"item\":\"https:\\\/\\\/www.wesselton.net\\\/ca\\\/\"},{\"@type\":\"ListItem\",\"position\":2,\"name\":\"Botiga\",\"item\":\"https:\\\/\\\/www.wesselton.net\\\/ca\\\/botiga\\\/\"},{\"@type\":\"ListItem\",\"position\":3,\"name\":\"G-SHOCK GBD-200-2ER \u00abG-SQUAD SERIE GBD 200\u00bb\"}]},{\"@type\":\"WebSite\",\"@id\":\"https:\\\/\\\/www.wesselton.net\\\/#website\",\"url\":\"https:\\\/\\\/www.wesselton.net\\\/\",\"name\":\"Wesselton | Joieria i Diamants\",\"description\":\"Diamants \u00fanics per moments \u00fanics. Peces d&#039;elaboraci\u00f3 pr\u00f2pia de m\u00e0xima qualitat, cuidades fins a l&#039;\u00faltim detall, i les millors marques de joieria.\",\"potentialAction\":[{\"@type\":\"SearchAction\",\"target\":{\"@type\":\"EntryPoint\",\"urlTemplate\":\"https:\\\/\\\/www.wesselton.net\\\/?s={search_term_string}\"},\"query-input\":{\"@type\":\"PropertyValueSpecification\",\"valueRequired\":true,\"valueName\":\"search_term_string\"}}],\"inLanguage\":\"ca\"}]}<\/script>\n<!-- \/ Yoast SEO plugin. -->","yoast_head_json":{"title":"G-SHOCK GBD-200-2ER \"G-SQUAD SERIE GBD 200\" - Wesselton | Joieria i Diamants","description":"El rellotge GBD-200-2ER G-SQUAD de G-SHOCK t\u00e9 una precisi\u00f3 cronom\u00e8trica gr\u00e0cies al quars. Tenen un disseny quadrat, disponibles en diversos colors.","robots":{"index":"index","follow":"follow","max-snippet":"max-snippet:-1","max-image-preview":"max-image-preview:large","max-video-preview":"max-video-preview:-1"},"canonical":"https:\/\/www.wesselton.net\/ca\/g-shock-gbd-200-2er-g-squad-serie-gbd-200\/","og_locale":"ca_ES","og_type":"article","og_title":"G-SHOCK GBD-200-2ER \"G-SQUAD SERIE GBD 200\" - Wesselton | Joieria i Diamants","og_description":"El rellotge GBD-200-2ER G-SQUAD de G-SHOCK t\u00e9 una precisi\u00f3 cronom\u00e8trica gr\u00e0cies al quars. Tenen un disseny quadrat, disponibles en diversos colors.","og_url":"https:\/\/www.wesselton.net\/ca\/g-shock-gbd-200-2er-g-squad-serie-gbd-200\/","og_site_name":"Wesselton | Joieria i Diamants","article_publisher":"https:\/\/www.facebook.com\/wesselton.oficial\/","article_modified_time":"2024-02-14T08:09:49+00:00","og_image":[{"width":1727,"height":2337,"url":"https:\/\/www.wesselton.net\/wp-content\/uploads\/5P.jpg","type":"image\/jpeg"}],"twitter_card":"summary_large_image","twitter_misc":{"Temps estimat de lectura":"2 minuts"},"schema":{"@context":"https:\/\/schema.org","@graph":[{"@type":"WebPage","@id":"https:\/\/www.wesselton.net\/ca\/g-shock-gbd-200-2er-g-squad-serie-gbd-200\/","url":"https:\/\/www.wesselton.net\/ca\/g-shock-gbd-200-2er-g-squad-serie-gbd-200\/","name":"G-SHOCK GBD-200-2ER \"G-SQUAD SERIE GBD 200\" - Wesselton | Joieria i Diamants","isPartOf":{"@id":"https:\/\/www.wesselton.net\/#website"},"primaryImageOfPage":{"@id":"https:\/\/www.wesselton.net\/ca\/g-shock-gbd-200-2er-g-squad-serie-gbd-200\/#primaryimage"},"image":{"@id":"https:\/\/www.wesselton.net\/ca\/g-shock-gbd-200-2er-g-squad-serie-gbd-200\/#primaryimage"},"thumbnailUrl":"https:\/\/www.wesselton.net\/wp-content\/uploads\/5P.jpg","datePublished":"2023-03-06T18:55:20+00:00","dateModified":"2024-02-14T08:09:49+00:00","description":"El rellotge GBD-200-2ER G-SQUAD de G-SHOCK t\u00e9 una precisi\u00f3 cronom\u00e8trica gr\u00e0cies al quars. Tenen un disseny quadrat, disponibles en diversos colors.","breadcrumb":{"@id":"https:\/\/www.wesselton.net\/ca\/g-shock-gbd-200-2er-g-squad-serie-gbd-200\/#breadcrumb"},"inLanguage":"ca","potentialAction":[{"@type":"ReadAction","target":["https:\/\/www.wesselton.net\/ca\/g-shock-gbd-200-2er-g-squad-serie-gbd-200\/"]}]},{"@type":"ImageObject","inLanguage":"ca","@id":"https:\/\/www.wesselton.net\/ca\/g-shock-gbd-200-2er-g-squad-serie-gbd-200\/#primaryimage","url":"https:\/\/www.wesselton.net\/wp-content\/uploads\/5P.jpg","contentUrl":"https:\/\/www.wesselton.net\/wp-content\/uploads\/5P.jpg","width":1727,"height":2337,"caption":"G-SQUAD G-SHOCK"},{"@type":"BreadcrumbList","@id":"https:\/\/www.wesselton.net\/ca\/g-shock-gbd-200-2er-g-squad-serie-gbd-200\/#breadcrumb","itemListElement":[{"@type":"ListItem","position":1,"name":"Inici","item":"https:\/\/www.wesselton.net\/ca\/"},{"@type":"ListItem","position":2,"name":"Botiga","item":"https:\/\/www.wesselton.net\/ca\/botiga\/"},{"@type":"ListItem","position":3,"name":"G-SHOCK GBD-200-2ER \u00abG-SQUAD SERIE GBD 200\u00bb"}]},{"@type":"WebSite","@id":"https:\/\/www.wesselton.net\/#website","url":"https:\/\/www.wesselton.net\/","name":"Wesselton | Joieria i Diamants","description":"Diamants \u00fanics per moments \u00fanics. Peces d&#039;elaboraci\u00f3 pr\u00f2pia de m\u00e0xima qualitat, cuidades fins a l&#039;\u00faltim detall, i les millors marques de joieria.","potentialAction":[{"@type":"SearchAction","target":{"@type":"EntryPoint","urlTemplate":"https:\/\/www.wesselton.net\/?s={search_term_string}"},"query-input":{"@type":"PropertyValueSpecification","valueRequired":true,"valueName":"search_term_string"}}],"inLanguage":"ca"}]}},"_links":{"self":[{"href":"https:\/\/www.wesselton.net\/ca\/wp-json\/wp\/v2\/product\/25164","targetHints":{"allow":["GET"]}}],"collection":[{"href":"https:\/\/www.wesselton.net\/ca\/wp-json\/wp\/v2\/product"}],"about":[{"href":"https:\/\/www.wesselton.net\/ca\/wp-json\/wp\/v2\/types\/product"}],"replies":[{"embeddable":true,"href":"https:\/\/www.wesselton.net\/ca\/wp-json\/wp\/v2\/comments?post=25164"}],"wp:featuredmedia":[{"embeddable":true,"href":"https:\/\/www.wesselton.net\/ca\/wp-json\/wp\/v2\/media\/25161"}],"wp:attachment":[{"href":"https:\/\/www.wesselton.net\/ca\/wp-json\/wp\/v2\/media?parent=25164"}],"wp:term":[{"taxonomy":"product_brand","embeddable":true,"href":"https:\/\/www.wesselton.net\/ca\/wp-json\/wp\/v2\/product_brand?post=25164"},{"taxonomy":"product_cat","embeddable":true,"href":"https:\/\/www.wesselton.net\/ca\/wp-json\/wp\/v2\/product_cat?post=25164"},{"taxonomy":"product_tag","embeddable":true,"href":"https:\/\/www.wesselton.net\/ca\/wp-json\/wp\/v2\/product_tag?post=25164"}],"curies":[{"name":"wp","href":"https:\/\/api.w.org\/{rel}","templated":true}]}}