

{"id":26763,"date":"2023-07-21T11:17:21","date_gmt":"2023-07-21T10:50:18","guid":{"rendered":"https:\/\/www.wesselton.net\/?post_type=product&#038;p=26763"},"modified":"2025-02-16T23:48:25","modified_gmt":"2025-02-16T21:48:25","slug":"rellotge-hamilton-khaki-navy-scuba","status":"publish","type":"product","link":"https:\/\/www.wesselton.net\/ca\/rellotge-hamilton-khaki-navy-scuba\/","title":{"rendered":"RELLOTGE HAMILTON KHAKI NAVY SCUBA"},"content":{"rendered":"<p><span data-sheets-value=\"{&quot;1&quot;:2,&quot;2&quot;:&quot;Endinsa't en la combinaci\u00f3 de luxe i esport amb aquest rellotge inspirat en el m\u00f3n aqu\u00e0tic, ideal per a la llar, una cabana al costat del mar o explorar oceans. El bisell de cer\u00e0mica gravat amb precisi\u00f3 afegeix un toc d'estil mar\u00ed a aquest Khaki Navy Scuba Automatic, protegint-lo d'elements corrosius com ara sorra i aigua salada. Amb la seva caixa de 43 mm, resist\u00e8ncia a l'aigua millorada fins a 30 bars (300 m) i esfera altament llegible, aquest rellotge d'alt rendiment est\u00e0 preparat per a totes les aventures aqu\u00e0tiques, tant a sota com a sobre de l'aigua.&quot;}\" data-sheets-userformat=\"{&quot;2&quot;:897,&quot;3&quot;:{&quot;1&quot;:0},&quot;10&quot;:0,&quot;11&quot;:4,&quot;12&quot;:0}\">Endinsa&#8217;t en la combinaci\u00f3 de luxe i esport amb aquest RELLOTGE <a href=\"https:\/\/www.wesselton.net\/ca\/marques\/hamilton\/\">HAMILTON<\/a> KHAKI inspirat en el m\u00f3n aqu\u00e0tic. Ideal per a la llar, una cabana al costat del mar o explorar oceans.<\/span><\/p>\n<p><span data-sheets-value=\"{&quot;1&quot;:2,&quot;2&quot;:&quot;Endinsa't en la combinaci\u00f3 de luxe i esport amb aquest rellotge inspirat en el m\u00f3n aqu\u00e0tic, ideal per a la llar, una cabana al costat del mar o explorar oceans. El bisell de cer\u00e0mica gravat amb precisi\u00f3 afegeix un toc d'estil mar\u00ed a aquest Khaki Navy Scuba Automatic, protegint-lo d'elements corrosius com ara sorra i aigua salada. Amb la seva caixa de 43 mm, resist\u00e8ncia a l'aigua millorada fins a 30 bars (300 m) i esfera altament llegible, aquest rellotge d'alt rendiment est\u00e0 preparat per a totes les aventures aqu\u00e0tiques, tant a sota com a sobre de l'aigua.&quot;}\" data-sheets-userformat=\"{&quot;2&quot;:897,&quot;3&quot;:{&quot;1&quot;:0},&quot;10&quot;:0,&quot;11&quot;:4,&quot;12&quot;:0}\">El bisell de cer\u00e0mica gravat amb precisi\u00f3 afegeix un toc d&#8217;estil mar\u00ed a aquest Khaki Navy Scuba Automatic. Protegint-lo d&#8217;elements corrosius com ara sorra i aigua salada. <\/span><\/p>\n<p><span data-sheets-value=\"{&quot;1&quot;:2,&quot;2&quot;:&quot;Endinsa't en la combinaci\u00f3 de luxe i esport amb aquest rellotge inspirat en el m\u00f3n aqu\u00e0tic, ideal per a la llar, una cabana al costat del mar o explorar oceans. El bisell de cer\u00e0mica gravat amb precisi\u00f3 afegeix un toc d'estil mar\u00ed a aquest Khaki Navy Scuba Automatic, protegint-lo d'elements corrosius com ara sorra i aigua salada. Amb la seva caixa de 43 mm, resist\u00e8ncia a l'aigua millorada fins a 30 bars (300 m) i esfera altament llegible, aquest rellotge d'alt rendiment est\u00e0 preparat per a totes les aventures aqu\u00e0tiques, tant a sota com a sobre de l'aigua.&quot;}\" data-sheets-userformat=\"{&quot;2&quot;:897,&quot;3&quot;:{&quot;1&quot;:0},&quot;10&quot;:0,&quot;11&quot;:4,&quot;12&quot;:0}\">Caixa de 43 mm, resist\u00e8ncia a l&#8217;aigua millorada fins a 30 bars (300 m) i esfera altament llegible. Aquest rellotge d&#8217;alt rendiment est\u00e0 preparat per a totes les aventures aqu\u00e0tiques, tant a sota com a sobre de l&#8217;aigua.<\/span><\/p>\n<p>El rellotge HAMILTON KHAKI NAVY SCUBA \u00e9s la elecci\u00f3 perfecta per als amants del mar i l&#8217;aventura. Amb un disseny robust i un esperit n\u00e0utic, aquest rellotge \u00e9s l&#8217;eina essencial per a exploradors aqu\u00e0tics i entusiastes del busseig.<\/p>\n<p>La caixa d&#8217;acer inoxidable del rellotge presenta un disseny resistents a l&#8217;aigua que pot suportar pressions submarines. El mostrador blau fosc est\u00e0 adornat amb marcadors lluminosos i una finestra de data per a una llegibilitat excepcional fins i tot a les profunditats de l&#8217;oce\u00e0.<\/p>\n<p>El moviment autom\u00e0tic del rellotge garanteix una precisi\u00f3 fiable, mentre que la reserva d&#8217;energia de llarga durada assegura que el rellotge continu\u00ef funcionant durant les teves immersions m\u00e9s llargues.<\/p>\n<p>Ja sigui que estiguis explorant esculls de corall, navegant en alta mar o simplement gaudint de la costa, el HAMILTON KHAKI NAVY SCUBA et acompanyar\u00e0 amb estil i rendiment.<\/p>\n","protected":false},"excerpt":{"rendered":"<p><span data-sheets-value=\"{&quot;1&quot;:2,&quot;2&quot;:&quot;Descobreix la perfecta fusi\u00f3 de luxe i esport amb l'imponent KHAKI NAVY SCUBA AUTO. Inspirat en el m\u00f3n mar\u00ed fascinant, aquest rellotge d'alta gamma et submergeix en un estil exclusiu. Dissenyat per acompanyar-te en totes les emocionants aventures aqu\u00e0tiques.&quot;}\" data-sheets-userformat=\"{&quot;2&quot;:897,&quot;3&quot;:{&quot;1&quot;:0},&quot;10&quot;:0,&quot;11&quot;:4,&quot;12&quot;:0}\">Descobreix la perfecta fusi\u00f3 de luxe i esport amb l&#8217;imponent RELLOTGE HAMILTON KHAKI NAVY SCUBA AUTO. Inspirat en el m\u00f3n mar\u00ed fascinant, aquest rellotge d&#8217;alta gamma et submergeix en un estil exclusiu. Dissenyat per acompanyar-te en totes les emocionants aventures aqu\u00e0tiques.<\/span><\/p>\n","protected":false},"featured_media":26617,"comment_status":"closed","ping_status":"closed","template":"","meta":[],"product_brand":[],"product_cat":[2104,2385],"product_tag":[],"class_list":{"0":"post-26763","1":"product","2":"type-product","3":"status-publish","4":"has-post-thumbnail","6":"product_cat-automatic","7":"product_cat-luxe","8":"yith_product_brand-hamilton","10":"first","11":"instock","12":"shipping-taxable","13":"purchasable","14":"product-type-simple"},"acf":[],"yoast_head":"<!-- This site is optimized with the Yoast SEO plugin v27.3 - https:\/\/yoast.com\/product\/yoast-seo-wordpress\/ -->\n<title>RELLOTGE HAMILTON KHAKI NAVY SCUBA - Wesselton | Joieria i Diamants<\/title>\n<meta name=\"description\" content=\"RELLOTGE HAMILTON KHAKI, la perfecta fusi\u00f3 de luxe i esport. Inspirat en el m\u00f3n mar\u00ed fascinant, aquest rellotge et submergeix en un estil exclusiu.\" \/>\n<meta name=\"robots\" content=\"index, follow, max-snippet:-1, max-image-preview:large, max-video-preview:-1\" \/>\n<link rel=\"canonical\" href=\"https:\/\/www.wesselton.net\/ca\/rellotge-hamilton-khaki-navy-scuba\/\" \/>\n<meta property=\"og:locale\" content=\"ca_ES\" \/>\n<meta property=\"og:type\" content=\"article\" \/>\n<meta property=\"og:title\" content=\"RELLOTGE HAMILTON KHAKI NAVY SCUBA - Wesselton | Joieria i Diamants\" \/>\n<meta property=\"og:description\" content=\"RELLOTGE HAMILTON KHAKI, la perfecta fusi\u00f3 de luxe i esport. Inspirat en el m\u00f3n mar\u00ed fascinant, aquest rellotge et submergeix en un estil exclusiu.\" \/>\n<meta property=\"og:url\" content=\"https:\/\/www.wesselton.net\/ca\/rellotge-hamilton-khaki-navy-scuba\/\" \/>\n<meta property=\"og:site_name\" content=\"Wesselton | Joieria i Diamants\" \/>\n<meta property=\"article:publisher\" content=\"https:\/\/www.facebook.com\/wesselton.oficial\/\" \/>\n<meta property=\"article:modified_time\" content=\"2025-02-16T21:48:25+00:00\" \/>\n<meta property=\"og:image\" content=\"https:\/\/www.wesselton.net\/wp-content\/uploads\/h82505140.jpg\" \/>\n\t<meta property=\"og:image:width\" content=\"2000\" \/>\n\t<meta property=\"og:image:height\" content=\"2000\" \/>\n\t<meta property=\"og:image:type\" content=\"image\/jpeg\" \/>\n<meta name=\"twitter:card\" content=\"summary_large_image\" \/>\n<meta name=\"twitter:label1\" content=\"Temps estimat de lectura\" \/>\n\t<meta name=\"twitter:data1\" content=\"2 minuts\" \/>\n<script type=\"application\/ld+json\" class=\"yoast-schema-graph\">{\"@context\":\"https:\\\/\\\/schema.org\",\"@graph\":[{\"@type\":\"WebPage\",\"@id\":\"https:\\\/\\\/www.wesselton.net\\\/ca\\\/rellotge-hamilton-khaki-navy-scuba\\\/\",\"url\":\"https:\\\/\\\/www.wesselton.net\\\/ca\\\/rellotge-hamilton-khaki-navy-scuba\\\/\",\"name\":\"RELLOTGE HAMILTON KHAKI NAVY SCUBA - Wesselton | Joieria i Diamants\",\"isPartOf\":{\"@id\":\"https:\\\/\\\/www.wesselton.net\\\/#website\"},\"primaryImageOfPage\":{\"@id\":\"https:\\\/\\\/www.wesselton.net\\\/ca\\\/rellotge-hamilton-khaki-navy-scuba\\\/#primaryimage\"},\"image\":{\"@id\":\"https:\\\/\\\/www.wesselton.net\\\/ca\\\/rellotge-hamilton-khaki-navy-scuba\\\/#primaryimage\"},\"thumbnailUrl\":\"https:\\\/\\\/www.wesselton.net\\\/wp-content\\\/uploads\\\/h82505140.jpg\",\"datePublished\":\"2023-07-21T10:50:18+00:00\",\"dateModified\":\"2025-02-16T21:48:25+00:00\",\"description\":\"RELLOTGE HAMILTON KHAKI, la perfecta fusi\u00f3 de luxe i esport. Inspirat en el m\u00f3n mar\u00ed fascinant, aquest rellotge et submergeix en un estil exclusiu.\",\"breadcrumb\":{\"@id\":\"https:\\\/\\\/www.wesselton.net\\\/ca\\\/rellotge-hamilton-khaki-navy-scuba\\\/#breadcrumb\"},\"inLanguage\":\"ca\",\"potentialAction\":[{\"@type\":\"ReadAction\",\"target\":[\"https:\\\/\\\/www.wesselton.net\\\/ca\\\/rellotge-hamilton-khaki-navy-scuba\\\/\"]}]},{\"@type\":\"ImageObject\",\"inLanguage\":\"ca\",\"@id\":\"https:\\\/\\\/www.wesselton.net\\\/ca\\\/rellotge-hamilton-khaki-navy-scuba\\\/#primaryimage\",\"url\":\"https:\\\/\\\/www.wesselton.net\\\/wp-content\\\/uploads\\\/h82505140.jpg\",\"contentUrl\":\"https:\\\/\\\/www.wesselton.net\\\/wp-content\\\/uploads\\\/h82505140.jpg\",\"width\":2000,\"height\":2000,\"caption\":\"RELOJ HAMILTON KHAKI\"},{\"@type\":\"BreadcrumbList\",\"@id\":\"https:\\\/\\\/www.wesselton.net\\\/ca\\\/rellotge-hamilton-khaki-navy-scuba\\\/#breadcrumb\",\"itemListElement\":[{\"@type\":\"ListItem\",\"position\":1,\"name\":\"Inici\",\"item\":\"https:\\\/\\\/www.wesselton.net\\\/ca\\\/\"},{\"@type\":\"ListItem\",\"position\":2,\"name\":\"Botiga\",\"item\":\"https:\\\/\\\/www.wesselton.net\\\/ca\\\/botiga\\\/\"},{\"@type\":\"ListItem\",\"position\":3,\"name\":\"RELLOTGE HAMILTON KHAKI NAVY SCUBA\"}]},{\"@type\":\"WebSite\",\"@id\":\"https:\\\/\\\/www.wesselton.net\\\/#website\",\"url\":\"https:\\\/\\\/www.wesselton.net\\\/\",\"name\":\"Wesselton | Joieria i Diamants\",\"description\":\"Diamants \u00fanics per moments \u00fanics. Peces d&#039;elaboraci\u00f3 pr\u00f2pia de m\u00e0xima qualitat, cuidades fins a l&#039;\u00faltim detall, i les millors marques de joieria.\",\"potentialAction\":[{\"@type\":\"SearchAction\",\"target\":{\"@type\":\"EntryPoint\",\"urlTemplate\":\"https:\\\/\\\/www.wesselton.net\\\/?s={search_term_string}\"},\"query-input\":{\"@type\":\"PropertyValueSpecification\",\"valueRequired\":true,\"valueName\":\"search_term_string\"}}],\"inLanguage\":\"ca\"}]}<\/script>\n<!-- \/ Yoast SEO plugin. -->","yoast_head_json":{"title":"RELLOTGE HAMILTON KHAKI NAVY SCUBA - Wesselton | Joieria i Diamants","description":"RELLOTGE HAMILTON KHAKI, la perfecta fusi\u00f3 de luxe i esport. Inspirat en el m\u00f3n mar\u00ed fascinant, aquest rellotge et submergeix en un estil exclusiu.","robots":{"index":"index","follow":"follow","max-snippet":"max-snippet:-1","max-image-preview":"max-image-preview:large","max-video-preview":"max-video-preview:-1"},"canonical":"https:\/\/www.wesselton.net\/ca\/rellotge-hamilton-khaki-navy-scuba\/","og_locale":"ca_ES","og_type":"article","og_title":"RELLOTGE HAMILTON KHAKI NAVY SCUBA - Wesselton | Joieria i Diamants","og_description":"RELLOTGE HAMILTON KHAKI, la perfecta fusi\u00f3 de luxe i esport. Inspirat en el m\u00f3n mar\u00ed fascinant, aquest rellotge et submergeix en un estil exclusiu.","og_url":"https:\/\/www.wesselton.net\/ca\/rellotge-hamilton-khaki-navy-scuba\/","og_site_name":"Wesselton | Joieria i Diamants","article_publisher":"https:\/\/www.facebook.com\/wesselton.oficial\/","article_modified_time":"2025-02-16T21:48:25+00:00","og_image":[{"width":2000,"height":2000,"url":"https:\/\/www.wesselton.net\/wp-content\/uploads\/h82505140.jpg","type":"image\/jpeg"}],"twitter_card":"summary_large_image","twitter_misc":{"Temps estimat de lectura":"2 minuts"},"schema":{"@context":"https:\/\/schema.org","@graph":[{"@type":"WebPage","@id":"https:\/\/www.wesselton.net\/ca\/rellotge-hamilton-khaki-navy-scuba\/","url":"https:\/\/www.wesselton.net\/ca\/rellotge-hamilton-khaki-navy-scuba\/","name":"RELLOTGE HAMILTON KHAKI NAVY SCUBA - Wesselton | Joieria i Diamants","isPartOf":{"@id":"https:\/\/www.wesselton.net\/#website"},"primaryImageOfPage":{"@id":"https:\/\/www.wesselton.net\/ca\/rellotge-hamilton-khaki-navy-scuba\/#primaryimage"},"image":{"@id":"https:\/\/www.wesselton.net\/ca\/rellotge-hamilton-khaki-navy-scuba\/#primaryimage"},"thumbnailUrl":"https:\/\/www.wesselton.net\/wp-content\/uploads\/h82505140.jpg","datePublished":"2023-07-21T10:50:18+00:00","dateModified":"2025-02-16T21:48:25+00:00","description":"RELLOTGE HAMILTON KHAKI, la perfecta fusi\u00f3 de luxe i esport. Inspirat en el m\u00f3n mar\u00ed fascinant, aquest rellotge et submergeix en un estil exclusiu.","breadcrumb":{"@id":"https:\/\/www.wesselton.net\/ca\/rellotge-hamilton-khaki-navy-scuba\/#breadcrumb"},"inLanguage":"ca","potentialAction":[{"@type":"ReadAction","target":["https:\/\/www.wesselton.net\/ca\/rellotge-hamilton-khaki-navy-scuba\/"]}]},{"@type":"ImageObject","inLanguage":"ca","@id":"https:\/\/www.wesselton.net\/ca\/rellotge-hamilton-khaki-navy-scuba\/#primaryimage","url":"https:\/\/www.wesselton.net\/wp-content\/uploads\/h82505140.jpg","contentUrl":"https:\/\/www.wesselton.net\/wp-content\/uploads\/h82505140.jpg","width":2000,"height":2000,"caption":"RELOJ HAMILTON KHAKI"},{"@type":"BreadcrumbList","@id":"https:\/\/www.wesselton.net\/ca\/rellotge-hamilton-khaki-navy-scuba\/#breadcrumb","itemListElement":[{"@type":"ListItem","position":1,"name":"Inici","item":"https:\/\/www.wesselton.net\/ca\/"},{"@type":"ListItem","position":2,"name":"Botiga","item":"https:\/\/www.wesselton.net\/ca\/botiga\/"},{"@type":"ListItem","position":3,"name":"RELLOTGE HAMILTON KHAKI NAVY SCUBA"}]},{"@type":"WebSite","@id":"https:\/\/www.wesselton.net\/#website","url":"https:\/\/www.wesselton.net\/","name":"Wesselton | Joieria i Diamants","description":"Diamants \u00fanics per moments \u00fanics. Peces d&#039;elaboraci\u00f3 pr\u00f2pia de m\u00e0xima qualitat, cuidades fins a l&#039;\u00faltim detall, i les millors marques de joieria.","potentialAction":[{"@type":"SearchAction","target":{"@type":"EntryPoint","urlTemplate":"https:\/\/www.wesselton.net\/?s={search_term_string}"},"query-input":{"@type":"PropertyValueSpecification","valueRequired":true,"valueName":"search_term_string"}}],"inLanguage":"ca"}]}},"_links":{"self":[{"href":"https:\/\/www.wesselton.net\/ca\/wp-json\/wp\/v2\/product\/26763","targetHints":{"allow":["GET"]}}],"collection":[{"href":"https:\/\/www.wesselton.net\/ca\/wp-json\/wp\/v2\/product"}],"about":[{"href":"https:\/\/www.wesselton.net\/ca\/wp-json\/wp\/v2\/types\/product"}],"replies":[{"embeddable":true,"href":"https:\/\/www.wesselton.net\/ca\/wp-json\/wp\/v2\/comments?post=26763"}],"wp:featuredmedia":[{"embeddable":true,"href":"https:\/\/www.wesselton.net\/ca\/wp-json\/wp\/v2\/media\/26617"}],"wp:attachment":[{"href":"https:\/\/www.wesselton.net\/ca\/wp-json\/wp\/v2\/media?parent=26763"}],"wp:term":[{"taxonomy":"product_brand","embeddable":true,"href":"https:\/\/www.wesselton.net\/ca\/wp-json\/wp\/v2\/product_brand?post=26763"},{"taxonomy":"product_cat","embeddable":true,"href":"https:\/\/www.wesselton.net\/ca\/wp-json\/wp\/v2\/product_cat?post=26763"},{"taxonomy":"product_tag","embeddable":true,"href":"https:\/\/www.wesselton.net\/ca\/wp-json\/wp\/v2\/product_tag?post=26763"}],"curies":[{"name":"wp","href":"https:\/\/api.w.org\/{rel}","templated":true}]}}