

{"id":26776,"date":"2023-07-21T10:54:06","date_gmt":"2023-07-21T08:55:13","guid":{"rendered":"https:\/\/www.wesselton.net\/?post_type=product&#038;p=26776"},"modified":"2023-10-06T11:59:55","modified_gmt":"2023-10-06T09:59:55","slug":"tissot-seastar-dona","status":"publish","type":"product","link":"https:\/\/www.wesselton.net\/ca\/tissot-seastar-dona\/","title":{"rendered":"TISSOT SEASTAR DONA"},"content":{"rendered":"<p>Descobreix la nova col\u00b7lecci\u00f3 de rellotges de busseig de TISSOT <a href=\"https:\/\/www.wesselton.net\/ca\/marques\/tissot\/\">SEASTAR<\/a>, ara disponibles en una mida m\u00e9s petita per a dones i homes exigents. M\u00e9s que un accessori, aquests rellotges s\u00f3n una declaraci\u00f3 de moda que no compromet la qualitat. Resistent a laigua fins a 1000 peus \/ 30 bar \/ 300 metres.<\/p>\n<p>El TISSOT SEASTAR 1000 Quartz, amb la seva esfera lacada en negre, blau o blanc. Ofereix eleg\u00e0ncia, versatilitat i confian\u00e7a natural amb el di\u00e0metre de 36 mm. Ja sigui a la jungla urbana o submergit a les profunditats del mar, aquest rellotge assertiu i vers\u00e0til et connecta amb un m\u00f3n de calma i sofisticaci\u00f3.<\/p>\n<p>Gaudeix d&#8217;aquesta porta cap a un univers submar\u00ed i canvia la teva perspectiva amb facilitat, escollint entre el bra\u00e7alet d&#8217;acer inoxidable o corretges de silicona en diferents colors.<\/p>\n<p>Tissot vetlla sempre per garantir una total visibilitat en qualsevol circumst\u00e0ncia. Per aquest motiu, alguns rellotges incorporen un material anomenat Super-LumiNova\u00ae. Aquest material es fa servir en els elements visibles, com les esferes i les agulles. Funciona com un miniacumulador de llum per brillar a la foscor.<\/p>\n<p>Tissot ofereix rellotges amb un sistema de corretges intercanviables. El senzill sistema de desbloqueig permet retirar la corretja de manera f\u00e0cil i r\u00e0pida sense necessitat d&#8217;usar cap eina. Les corretges intercanviables s\u00f3n el complement definitiu. Multipliquen les possibilitats de personalitzaci\u00f3 del rellotge i permeten adaptar-lo a qualsevol ocasi\u00f3 amb nom\u00e9s dos clics.<\/p>\n<p>Tissot sotmet totes les caixes a diversos controls, incl\u00f2s el d&#8217;hermeticitat. Tissot reprodueix les condicions reals del rellotge per verificar la seva capacitat de resist\u00e8ncia als cops, la pressi\u00f3 i la penetraci\u00f3 de l\u00edquids, gas o pols.<\/p>\n","protected":false},"excerpt":{"rendered":"<p><span data-sheets-value=\"{&quot;1&quot;:2,&quot;2&quot;:&quot;La perfecci\u00f3 del disseny a la nova col\u00b7lecci\u00f3 de rellotges de busseig. Resistent a l'aigua de fins a 300 metres, aquest rellotge de 36 mm combina moda i funcionalitat sense concessions. Amb esferes lacades en negre, blau o blanc, la seva confian\u00e7a natural us acompanya tant a la ciutat com sota el mar. Obre la porta a un m\u00f3n de sofisticaci\u00f3 i calma amb aquest rellotge assertiu i vers\u00e0til, intercanviant f\u00e0cilment el bra\u00e7alet d'acer inoxidable per corretges de silicona en diferents colors.&quot;}\" data-sheets-userformat=\"{&quot;2&quot;:897,&quot;3&quot;:{&quot;1&quot;:0},&quot;10&quot;:0,&quot;11&quot;:4,&quot;12&quot;:0}\">La perfecci\u00f3 del disseny a la nova col\u00b7lecci\u00f3 de rellotges de busseig. Resistent a l&#8217;aigua de fins a 300 metres, aquest rellotge de 36 mm combina moda i funcionalitat sense concessions. Amb esferes lacades en negre, blau o blanc, la seva confian\u00e7a natural us acompanya tant a la ciutat com sota el mar. Obre la porta a un m\u00f3n de sofisticaci\u00f3 i calma amb aquest rellotge assertiu i vers\u00e0til, intercanviant f\u00e0cilment el bra\u00e7alet d&#8217;acer inoxidable per corretges de silicona en diferents colors.<\/span><\/p>\n","protected":false},"featured_media":26722,"comment_status":"closed","ping_status":"closed","template":"","meta":[],"product_brand":[],"product_cat":[2632],"product_tag":[],"class_list":{"0":"post-26776","1":"product","2":"type-product","3":"status-publish","4":"has-post-thumbnail","6":"product_cat-de-quartz","7":"yith_product_brand-tissot","9":"first","10":"instock","11":"shipping-taxable","12":"purchasable","13":"product-type-variable"},"acf":[],"yoast_head":"<!-- This site is optimized with the Yoast SEO plugin v27.3 - https:\/\/yoast.com\/product\/yoast-seo-wordpress\/ -->\n<title>TISSOT SEASTAR DONA - Wesselton | Joieria i Diamants<\/title>\n<meta name=\"description\" content=\"TISSOT SEASTAR 1000 36MM: La perfecci\u00f3 del disseny a la nova col\u00b7lecci\u00f3 de rellotges de busseig. Resistent a l&#039;aigua de fins a 300 metres.\" \/>\n<meta name=\"robots\" content=\"index, follow, max-snippet:-1, max-image-preview:large, max-video-preview:-1\" \/>\n<link rel=\"canonical\" href=\"https:\/\/www.wesselton.net\/ca\/tissot-seastar-dona\/\" \/>\n<meta property=\"og:locale\" content=\"ca_ES\" \/>\n<meta property=\"og:type\" content=\"article\" \/>\n<meta property=\"og:title\" content=\"TISSOT SEASTAR DONA - Wesselton | Joieria i Diamants\" \/>\n<meta property=\"og:description\" content=\"TISSOT SEASTAR 1000 36MM: La perfecci\u00f3 del disseny a la nova col\u00b7lecci\u00f3 de rellotges de busseig. Resistent a l&#039;aigua de fins a 300 metres.\" \/>\n<meta property=\"og:url\" content=\"https:\/\/www.wesselton.net\/ca\/tissot-seastar-dona\/\" \/>\n<meta property=\"og:site_name\" content=\"Wesselton | Joieria i Diamants\" \/>\n<meta property=\"article:publisher\" content=\"https:\/\/www.facebook.com\/wesselton.oficial\/\" \/>\n<meta property=\"article:modified_time\" content=\"2023-10-06T09:59:55+00:00\" \/>\n<meta property=\"og:image\" content=\"https:\/\/www.wesselton.net\/wp-content\/uploads\/T120.210.11.011.00.jpg\" \/>\n\t<meta property=\"og:image:width\" content=\"1680\" \/>\n\t<meta property=\"og:image:height\" content=\"1680\" \/>\n\t<meta property=\"og:image:type\" content=\"image\/jpeg\" \/>\n<meta name=\"twitter:card\" content=\"summary_large_image\" \/>\n<meta name=\"twitter:label1\" content=\"Temps estimat de lectura\" \/>\n\t<meta name=\"twitter:data1\" content=\"2 minuts\" \/>\n<script type=\"application\/ld+json\" class=\"yoast-schema-graph\">{\"@context\":\"https:\\\/\\\/schema.org\",\"@graph\":[{\"@type\":\"WebPage\",\"@id\":\"https:\\\/\\\/www.wesselton.net\\\/ca\\\/tissot-seastar-dona\\\/\",\"url\":\"https:\\\/\\\/www.wesselton.net\\\/ca\\\/tissot-seastar-dona\\\/\",\"name\":\"TISSOT SEASTAR DONA - Wesselton | Joieria i Diamants\",\"isPartOf\":{\"@id\":\"https:\\\/\\\/www.wesselton.net\\\/#website\"},\"primaryImageOfPage\":{\"@id\":\"https:\\\/\\\/www.wesselton.net\\\/ca\\\/tissot-seastar-dona\\\/#primaryimage\"},\"image\":{\"@id\":\"https:\\\/\\\/www.wesselton.net\\\/ca\\\/tissot-seastar-dona\\\/#primaryimage\"},\"thumbnailUrl\":\"https:\\\/\\\/www.wesselton.net\\\/wp-content\\\/uploads\\\/T120.210.11.011.00.jpg\",\"datePublished\":\"2023-07-21T08:55:13+00:00\",\"dateModified\":\"2023-10-06T09:59:55+00:00\",\"description\":\"TISSOT SEASTAR 1000 36MM: La perfecci\u00f3 del disseny a la nova col\u00b7lecci\u00f3 de rellotges de busseig. Resistent a l'aigua de fins a 300 metres.\",\"breadcrumb\":{\"@id\":\"https:\\\/\\\/www.wesselton.net\\\/ca\\\/tissot-seastar-dona\\\/#breadcrumb\"},\"inLanguage\":\"ca\",\"potentialAction\":[{\"@type\":\"ReadAction\",\"target\":[\"https:\\\/\\\/www.wesselton.net\\\/ca\\\/tissot-seastar-dona\\\/\"]}]},{\"@type\":\"ImageObject\",\"inLanguage\":\"ca\",\"@id\":\"https:\\\/\\\/www.wesselton.net\\\/ca\\\/tissot-seastar-dona\\\/#primaryimage\",\"url\":\"https:\\\/\\\/www.wesselton.net\\\/wp-content\\\/uploads\\\/T120.210.11.011.00.jpg\",\"contentUrl\":\"https:\\\/\\\/www.wesselton.net\\\/wp-content\\\/uploads\\\/T120.210.11.011.00.jpg\",\"width\":1680,\"height\":1680,\"caption\":\"TISSOT SEASTAR\"},{\"@type\":\"BreadcrumbList\",\"@id\":\"https:\\\/\\\/www.wesselton.net\\\/ca\\\/tissot-seastar-dona\\\/#breadcrumb\",\"itemListElement\":[{\"@type\":\"ListItem\",\"position\":1,\"name\":\"Inici\",\"item\":\"https:\\\/\\\/www.wesselton.net\\\/ca\\\/\"},{\"@type\":\"ListItem\",\"position\":2,\"name\":\"Botiga\",\"item\":\"https:\\\/\\\/www.wesselton.net\\\/ca\\\/botiga\\\/\"},{\"@type\":\"ListItem\",\"position\":3,\"name\":\"TISSOT SEASTAR DONA\"}]},{\"@type\":\"WebSite\",\"@id\":\"https:\\\/\\\/www.wesselton.net\\\/#website\",\"url\":\"https:\\\/\\\/www.wesselton.net\\\/\",\"name\":\"Wesselton | Joieria i Diamants\",\"description\":\"Diamants \u00fanics per moments \u00fanics. Peces d&#039;elaboraci\u00f3 pr\u00f2pia de m\u00e0xima qualitat, cuidades fins a l&#039;\u00faltim detall, i les millors marques de joieria.\",\"potentialAction\":[{\"@type\":\"SearchAction\",\"target\":{\"@type\":\"EntryPoint\",\"urlTemplate\":\"https:\\\/\\\/www.wesselton.net\\\/?s={search_term_string}\"},\"query-input\":{\"@type\":\"PropertyValueSpecification\",\"valueRequired\":true,\"valueName\":\"search_term_string\"}}],\"inLanguage\":\"ca\"}]}<\/script>\n<!-- \/ Yoast SEO plugin. -->","yoast_head_json":{"title":"TISSOT SEASTAR DONA - Wesselton | Joieria i Diamants","description":"TISSOT SEASTAR 1000 36MM: La perfecci\u00f3 del disseny a la nova col\u00b7lecci\u00f3 de rellotges de busseig. Resistent a l'aigua de fins a 300 metres.","robots":{"index":"index","follow":"follow","max-snippet":"max-snippet:-1","max-image-preview":"max-image-preview:large","max-video-preview":"max-video-preview:-1"},"canonical":"https:\/\/www.wesselton.net\/ca\/tissot-seastar-dona\/","og_locale":"ca_ES","og_type":"article","og_title":"TISSOT SEASTAR DONA - Wesselton | Joieria i Diamants","og_description":"TISSOT SEASTAR 1000 36MM: La perfecci\u00f3 del disseny a la nova col\u00b7lecci\u00f3 de rellotges de busseig. Resistent a l'aigua de fins a 300 metres.","og_url":"https:\/\/www.wesselton.net\/ca\/tissot-seastar-dona\/","og_site_name":"Wesselton | Joieria i Diamants","article_publisher":"https:\/\/www.facebook.com\/wesselton.oficial\/","article_modified_time":"2023-10-06T09:59:55+00:00","og_image":[{"width":1680,"height":1680,"url":"https:\/\/www.wesselton.net\/wp-content\/uploads\/T120.210.11.011.00.jpg","type":"image\/jpeg"}],"twitter_card":"summary_large_image","twitter_misc":{"Temps estimat de lectura":"2 minuts"},"schema":{"@context":"https:\/\/schema.org","@graph":[{"@type":"WebPage","@id":"https:\/\/www.wesselton.net\/ca\/tissot-seastar-dona\/","url":"https:\/\/www.wesselton.net\/ca\/tissot-seastar-dona\/","name":"TISSOT SEASTAR DONA - Wesselton | Joieria i Diamants","isPartOf":{"@id":"https:\/\/www.wesselton.net\/#website"},"primaryImageOfPage":{"@id":"https:\/\/www.wesselton.net\/ca\/tissot-seastar-dona\/#primaryimage"},"image":{"@id":"https:\/\/www.wesselton.net\/ca\/tissot-seastar-dona\/#primaryimage"},"thumbnailUrl":"https:\/\/www.wesselton.net\/wp-content\/uploads\/T120.210.11.011.00.jpg","datePublished":"2023-07-21T08:55:13+00:00","dateModified":"2023-10-06T09:59:55+00:00","description":"TISSOT SEASTAR 1000 36MM: La perfecci\u00f3 del disseny a la nova col\u00b7lecci\u00f3 de rellotges de busseig. Resistent a l'aigua de fins a 300 metres.","breadcrumb":{"@id":"https:\/\/www.wesselton.net\/ca\/tissot-seastar-dona\/#breadcrumb"},"inLanguage":"ca","potentialAction":[{"@type":"ReadAction","target":["https:\/\/www.wesselton.net\/ca\/tissot-seastar-dona\/"]}]},{"@type":"ImageObject","inLanguage":"ca","@id":"https:\/\/www.wesselton.net\/ca\/tissot-seastar-dona\/#primaryimage","url":"https:\/\/www.wesselton.net\/wp-content\/uploads\/T120.210.11.011.00.jpg","contentUrl":"https:\/\/www.wesselton.net\/wp-content\/uploads\/T120.210.11.011.00.jpg","width":1680,"height":1680,"caption":"TISSOT SEASTAR"},{"@type":"BreadcrumbList","@id":"https:\/\/www.wesselton.net\/ca\/tissot-seastar-dona\/#breadcrumb","itemListElement":[{"@type":"ListItem","position":1,"name":"Inici","item":"https:\/\/www.wesselton.net\/ca\/"},{"@type":"ListItem","position":2,"name":"Botiga","item":"https:\/\/www.wesselton.net\/ca\/botiga\/"},{"@type":"ListItem","position":3,"name":"TISSOT SEASTAR DONA"}]},{"@type":"WebSite","@id":"https:\/\/www.wesselton.net\/#website","url":"https:\/\/www.wesselton.net\/","name":"Wesselton | Joieria i Diamants","description":"Diamants \u00fanics per moments \u00fanics. Peces d&#039;elaboraci\u00f3 pr\u00f2pia de m\u00e0xima qualitat, cuidades fins a l&#039;\u00faltim detall, i les millors marques de joieria.","potentialAction":[{"@type":"SearchAction","target":{"@type":"EntryPoint","urlTemplate":"https:\/\/www.wesselton.net\/?s={search_term_string}"},"query-input":{"@type":"PropertyValueSpecification","valueRequired":true,"valueName":"search_term_string"}}],"inLanguage":"ca"}]}},"_links":{"self":[{"href":"https:\/\/www.wesselton.net\/ca\/wp-json\/wp\/v2\/product\/26776","targetHints":{"allow":["GET"]}}],"collection":[{"href":"https:\/\/www.wesselton.net\/ca\/wp-json\/wp\/v2\/product"}],"about":[{"href":"https:\/\/www.wesselton.net\/ca\/wp-json\/wp\/v2\/types\/product"}],"replies":[{"embeddable":true,"href":"https:\/\/www.wesselton.net\/ca\/wp-json\/wp\/v2\/comments?post=26776"}],"wp:featuredmedia":[{"embeddable":true,"href":"https:\/\/www.wesselton.net\/ca\/wp-json\/wp\/v2\/media\/26722"}],"wp:attachment":[{"href":"https:\/\/www.wesselton.net\/ca\/wp-json\/wp\/v2\/media?parent=26776"}],"wp:term":[{"taxonomy":"product_brand","embeddable":true,"href":"https:\/\/www.wesselton.net\/ca\/wp-json\/wp\/v2\/product_brand?post=26776"},{"taxonomy":"product_cat","embeddable":true,"href":"https:\/\/www.wesselton.net\/ca\/wp-json\/wp\/v2\/product_cat?post=26776"},{"taxonomy":"product_tag","embeddable":true,"href":"https:\/\/www.wesselton.net\/ca\/wp-json\/wp\/v2\/product_tag?post=26776"}],"curies":[{"name":"wp","href":"https:\/\/api.w.org\/{rel}","templated":true}]}}