

{"id":27178,"date":"2023-09-19T17:37:09","date_gmt":"2023-09-19T15:38:37","guid":{"rendered":"https:\/\/www.wesselton.net\/?post_type=product&#038;p=27178"},"modified":"2025-03-13T10:31:48","modified_gmt":"2025-03-13T08:31:48","slug":"arracades-wesselton-50-diamants","status":"publish","type":"product","link":"https:\/\/www.wesselton.net\/ca\/arracades-wesselton-50-diamants\/","title":{"rendered":"Arracades 50 Diamants WESSELTON Lovely Lines"},"content":{"rendered":"<p>La m\u00e0gia d&#8217;aquestes arracades <a href=\"https:\/\/www.wesselton.net\/ca\/marques\/wesselton\/\">Wesselton<\/a> cobra vida a mesura que els diamants s&#8217;entrellacen amb els cercles, formant un halo llumin\u00f3s i celestial. Cinquanta diamants acuradament seleccionats, d&#8217;un enlluernador color F i una claredat VS1, dansen en harmonia, irradiant una brillantor que rivalitza amb les estrelles a la nit m\u00e9s brillant. Amb un total de 0.48 quirats, aquestes gemmes precioses s\u00f3n una veritable oda a la llum i la resplendor.<\/p>\n<p>L&#8217;elecci\u00f3 de l&#8217;or rosa de 18 quirats com a base per a aquesta creaci\u00f3 afegeix calidesa i suavitat a la paleta de colors, evocant emocions delicades i una exquisida sensibilitat. Cada pendent \u00e9s una pe\u00e7a \u00fanica. Dissenyada per adornar la dona que valora l&#8217;eleg\u00e0ncia atemporal i la bellesa intr\u00ednseca a cada detall.<\/p>\n<p>Aquests pendents d\u02bbalta joieria s\u00f3n un tribut a la passi\u00f3 pel detall i la devoci\u00f3 per la creaci\u00f3 de peces \u00faniques. Representen el segell distintiu de la marca WESSELTON, que transcendeix els l\u00edmits de la bellesa convencional i redefineix l&#8217;eleg\u00e0ncia amb un toc femen\u00ed i suau.<\/p>\n<p>Amb aquests pendents d&#8217;alta joieria, WESSELTON et convida a portar amb tu l&#8217;amor i la bellesa de l&#8217;univers. Et recorda a cada llampada que l&#8217;amor veritable \u00e9s tan etern i resplendent com les estrelles a la nit m\u00e9s clara.<\/p>\n<p>La millor forma de complementar aquestes arracades Wesselton \u00e9s amb el seu collaret a joc, formant una perfecta combinaci\u00f3.<\/p>\n","protected":false},"excerpt":{"rendered":"<p>Submergeix-te en la sublim eleg\u00e0ncia de l&#8217;alta joieria amb els pendents exquisits de la marca WESSELTON. Cada detall d&#8217;aquesta pr\u00f2pia creaci\u00f3 ha estat concebut amb cura per captivar els sentits i encapsular l&#8217;ess\u00e8ncia mateixa de l&#8217;amor etern.<\/p>\n<p>Cada diamant explica una hist\u00f2ria de centelleigs eterns i resplendor sublim, com les estrelles que adornen el vast firmament. La seva resplendor \u00e9s un recordatori constant de la bellesa i l&#8217;esplendor que nien en els moments m\u00e9s purs i sincers de l&#8217;amor.<\/p>\n","protected":false},"featured_media":26830,"comment_status":"closed","ping_status":"closed","template":"","meta":[],"product_brand":[],"product_cat":[4999,2245,2325,4828,2341,2357,4815],"product_tag":[],"class_list":{"0":"post-27178","1":"product","2":"type-product","3":"status-publish","4":"has-post-thumbnail","6":"product_cat-arracades-wesselton","7":"product_cat-arracades-de-casament","8":"product_cat-amb-diamants","9":"product_cat-lovely-lines-ca","10":"product_cat-amb-or-blanc","11":"product_cat-amb-or-rosa","12":"product_cat-wesselton-ca","13":"yith_product_brand-wesselton","15":"first","16":"instock","17":"shipping-taxable","18":"purchasable","19":"product-type-simple"},"acf":[],"yoast_head":"<!-- This site is optimized with the Yoast SEO plugin v27.3 - https:\/\/yoast.com\/product\/yoast-seo-wordpress\/ -->\n<title>Arracades 50 Diamants WESSELTON Lovely Lines - Wesselton | Joieria i Diamants<\/title>\n<meta name=\"description\" content=\"Arracades Wesselton 50 diamants, cinquanta diamants seleccionats amb cura, d&#039;un enlluernador color F i una claredat VS1. Amb un total de 0.48.\" \/>\n<meta name=\"robots\" content=\"index, follow, max-snippet:-1, max-image-preview:large, max-video-preview:-1\" \/>\n<link rel=\"canonical\" href=\"https:\/\/www.wesselton.net\/ca\/arracades-wesselton-50-diamants\/\" \/>\n<meta property=\"og:locale\" content=\"ca_ES\" \/>\n<meta property=\"og:type\" content=\"article\" \/>\n<meta property=\"og:title\" content=\"Arracades 50 Diamants WESSELTON Lovely Lines - Wesselton | Joieria i Diamants\" \/>\n<meta property=\"og:description\" content=\"Arracades Wesselton 50 diamants, cinquanta diamants seleccionats amb cura, d&#039;un enlluernador color F i una claredat VS1. Amb un total de 0.48.\" \/>\n<meta property=\"og:url\" content=\"https:\/\/www.wesselton.net\/ca\/arracades-wesselton-50-diamants\/\" \/>\n<meta property=\"og:site_name\" content=\"Wesselton | Joieria i Diamants\" \/>\n<meta property=\"article:publisher\" content=\"https:\/\/www.facebook.com\/wesselton.oficial\/\" \/>\n<meta property=\"article:modified_time\" content=\"2025-03-13T08:31:48+00:00\" \/>\n<meta property=\"og:image\" content=\"https:\/\/www.wesselton.net\/wp-content\/uploads\/W-LI-AR-BI0.48-scaled.jpg\" \/>\n\t<meta property=\"og:image:width\" content=\"2560\" \/>\n\t<meta property=\"og:image:height\" content=\"2560\" \/>\n\t<meta property=\"og:image:type\" content=\"image\/jpeg\" \/>\n<meta name=\"twitter:card\" content=\"summary_large_image\" \/>\n<meta name=\"twitter:label1\" content=\"Temps estimat de lectura\" \/>\n\t<meta name=\"twitter:data1\" content=\"2 minuts\" \/>\n<script type=\"application\/ld+json\" class=\"yoast-schema-graph\">{\"@context\":\"https:\\\/\\\/schema.org\",\"@graph\":[{\"@type\":\"WebPage\",\"@id\":\"https:\\\/\\\/www.wesselton.net\\\/ca\\\/arracades-wesselton-50-diamants\\\/\",\"url\":\"https:\\\/\\\/www.wesselton.net\\\/ca\\\/arracades-wesselton-50-diamants\\\/\",\"name\":\"Arracades 50 Diamants WESSELTON Lovely Lines - Wesselton | Joieria i Diamants\",\"isPartOf\":{\"@id\":\"https:\\\/\\\/www.wesselton.net\\\/#website\"},\"primaryImageOfPage\":{\"@id\":\"https:\\\/\\\/www.wesselton.net\\\/ca\\\/arracades-wesselton-50-diamants\\\/#primaryimage\"},\"image\":{\"@id\":\"https:\\\/\\\/www.wesselton.net\\\/ca\\\/arracades-wesselton-50-diamants\\\/#primaryimage\"},\"thumbnailUrl\":\"https:\\\/\\\/www.wesselton.net\\\/wp-content\\\/uploads\\\/W-LI-AR-BI0.48-scaled.jpg\",\"datePublished\":\"2023-09-19T15:38:37+00:00\",\"dateModified\":\"2025-03-13T08:31:48+00:00\",\"description\":\"Arracades Wesselton 50 diamants, cinquanta diamants seleccionats amb cura, d'un enlluernador color F i una claredat VS1. Amb un total de 0.48.\",\"breadcrumb\":{\"@id\":\"https:\\\/\\\/www.wesselton.net\\\/ca\\\/arracades-wesselton-50-diamants\\\/#breadcrumb\"},\"inLanguage\":\"ca\",\"potentialAction\":[{\"@type\":\"ReadAction\",\"target\":[\"https:\\\/\\\/www.wesselton.net\\\/ca\\\/arracades-wesselton-50-diamants\\\/\"]}]},{\"@type\":\"ImageObject\",\"inLanguage\":\"ca\",\"@id\":\"https:\\\/\\\/www.wesselton.net\\\/ca\\\/arracades-wesselton-50-diamants\\\/#primaryimage\",\"url\":\"https:\\\/\\\/www.wesselton.net\\\/wp-content\\\/uploads\\\/W-LI-AR-BI0.48-scaled.jpg\",\"contentUrl\":\"https:\\\/\\\/www.wesselton.net\\\/wp-content\\\/uploads\\\/W-LI-AR-BI0.48-scaled.jpg\",\"width\":2560,\"height\":2560,\"caption\":\"PENDIENTES WESSELTON\"},{\"@type\":\"BreadcrumbList\",\"@id\":\"https:\\\/\\\/www.wesselton.net\\\/ca\\\/arracades-wesselton-50-diamants\\\/#breadcrumb\",\"itemListElement\":[{\"@type\":\"ListItem\",\"position\":1,\"name\":\"Inici\",\"item\":\"https:\\\/\\\/www.wesselton.net\\\/ca\\\/\"},{\"@type\":\"ListItem\",\"position\":2,\"name\":\"Botiga\",\"item\":\"https:\\\/\\\/www.wesselton.net\\\/ca\\\/botiga\\\/\"},{\"@type\":\"ListItem\",\"position\":3,\"name\":\"Arracades 50 Diamants WESSELTON Lovely Lines\"}]},{\"@type\":\"WebSite\",\"@id\":\"https:\\\/\\\/www.wesselton.net\\\/#website\",\"url\":\"https:\\\/\\\/www.wesselton.net\\\/\",\"name\":\"Wesselton | Joieria i Diamants\",\"description\":\"Diamants \u00fanics per moments \u00fanics. Peces d&#039;elaboraci\u00f3 pr\u00f2pia de m\u00e0xima qualitat, cuidades fins a l&#039;\u00faltim detall, i les millors marques de joieria.\",\"potentialAction\":[{\"@type\":\"SearchAction\",\"target\":{\"@type\":\"EntryPoint\",\"urlTemplate\":\"https:\\\/\\\/www.wesselton.net\\\/?s={search_term_string}\"},\"query-input\":{\"@type\":\"PropertyValueSpecification\",\"valueRequired\":true,\"valueName\":\"search_term_string\"}}],\"inLanguage\":\"ca\"}]}<\/script>\n<!-- \/ Yoast SEO plugin. -->","yoast_head_json":{"title":"Arracades 50 Diamants WESSELTON Lovely Lines - Wesselton | Joieria i Diamants","description":"Arracades Wesselton 50 diamants, cinquanta diamants seleccionats amb cura, d'un enlluernador color F i una claredat VS1. Amb un total de 0.48.","robots":{"index":"index","follow":"follow","max-snippet":"max-snippet:-1","max-image-preview":"max-image-preview:large","max-video-preview":"max-video-preview:-1"},"canonical":"https:\/\/www.wesselton.net\/ca\/arracades-wesselton-50-diamants\/","og_locale":"ca_ES","og_type":"article","og_title":"Arracades 50 Diamants WESSELTON Lovely Lines - Wesselton | Joieria i Diamants","og_description":"Arracades Wesselton 50 diamants, cinquanta diamants seleccionats amb cura, d'un enlluernador color F i una claredat VS1. Amb un total de 0.48.","og_url":"https:\/\/www.wesselton.net\/ca\/arracades-wesselton-50-diamants\/","og_site_name":"Wesselton | Joieria i Diamants","article_publisher":"https:\/\/www.facebook.com\/wesselton.oficial\/","article_modified_time":"2025-03-13T08:31:48+00:00","og_image":[{"width":2560,"height":2560,"url":"https:\/\/www.wesselton.net\/wp-content\/uploads\/W-LI-AR-BI0.48-scaled.jpg","type":"image\/jpeg"}],"twitter_card":"summary_large_image","twitter_misc":{"Temps estimat de lectura":"2 minuts"},"schema":{"@context":"https:\/\/schema.org","@graph":[{"@type":"WebPage","@id":"https:\/\/www.wesselton.net\/ca\/arracades-wesselton-50-diamants\/","url":"https:\/\/www.wesselton.net\/ca\/arracades-wesselton-50-diamants\/","name":"Arracades 50 Diamants WESSELTON Lovely Lines - Wesselton | Joieria i Diamants","isPartOf":{"@id":"https:\/\/www.wesselton.net\/#website"},"primaryImageOfPage":{"@id":"https:\/\/www.wesselton.net\/ca\/arracades-wesselton-50-diamants\/#primaryimage"},"image":{"@id":"https:\/\/www.wesselton.net\/ca\/arracades-wesselton-50-diamants\/#primaryimage"},"thumbnailUrl":"https:\/\/www.wesselton.net\/wp-content\/uploads\/W-LI-AR-BI0.48-scaled.jpg","datePublished":"2023-09-19T15:38:37+00:00","dateModified":"2025-03-13T08:31:48+00:00","description":"Arracades Wesselton 50 diamants, cinquanta diamants seleccionats amb cura, d'un enlluernador color F i una claredat VS1. Amb un total de 0.48.","breadcrumb":{"@id":"https:\/\/www.wesselton.net\/ca\/arracades-wesselton-50-diamants\/#breadcrumb"},"inLanguage":"ca","potentialAction":[{"@type":"ReadAction","target":["https:\/\/www.wesselton.net\/ca\/arracades-wesselton-50-diamants\/"]}]},{"@type":"ImageObject","inLanguage":"ca","@id":"https:\/\/www.wesselton.net\/ca\/arracades-wesselton-50-diamants\/#primaryimage","url":"https:\/\/www.wesselton.net\/wp-content\/uploads\/W-LI-AR-BI0.48-scaled.jpg","contentUrl":"https:\/\/www.wesselton.net\/wp-content\/uploads\/W-LI-AR-BI0.48-scaled.jpg","width":2560,"height":2560,"caption":"PENDIENTES WESSELTON"},{"@type":"BreadcrumbList","@id":"https:\/\/www.wesselton.net\/ca\/arracades-wesselton-50-diamants\/#breadcrumb","itemListElement":[{"@type":"ListItem","position":1,"name":"Inici","item":"https:\/\/www.wesselton.net\/ca\/"},{"@type":"ListItem","position":2,"name":"Botiga","item":"https:\/\/www.wesselton.net\/ca\/botiga\/"},{"@type":"ListItem","position":3,"name":"Arracades 50 Diamants WESSELTON Lovely Lines"}]},{"@type":"WebSite","@id":"https:\/\/www.wesselton.net\/#website","url":"https:\/\/www.wesselton.net\/","name":"Wesselton | Joieria i Diamants","description":"Diamants \u00fanics per moments \u00fanics. Peces d&#039;elaboraci\u00f3 pr\u00f2pia de m\u00e0xima qualitat, cuidades fins a l&#039;\u00faltim detall, i les millors marques de joieria.","potentialAction":[{"@type":"SearchAction","target":{"@type":"EntryPoint","urlTemplate":"https:\/\/www.wesselton.net\/?s={search_term_string}"},"query-input":{"@type":"PropertyValueSpecification","valueRequired":true,"valueName":"search_term_string"}}],"inLanguage":"ca"}]}},"_links":{"self":[{"href":"https:\/\/www.wesselton.net\/ca\/wp-json\/wp\/v2\/product\/27178","targetHints":{"allow":["GET"]}}],"collection":[{"href":"https:\/\/www.wesselton.net\/ca\/wp-json\/wp\/v2\/product"}],"about":[{"href":"https:\/\/www.wesselton.net\/ca\/wp-json\/wp\/v2\/types\/product"}],"replies":[{"embeddable":true,"href":"https:\/\/www.wesselton.net\/ca\/wp-json\/wp\/v2\/comments?post=27178"}],"wp:featuredmedia":[{"embeddable":true,"href":"https:\/\/www.wesselton.net\/ca\/wp-json\/wp\/v2\/media\/26830"}],"wp:attachment":[{"href":"https:\/\/www.wesselton.net\/ca\/wp-json\/wp\/v2\/media?parent=27178"}],"wp:term":[{"taxonomy":"product_brand","embeddable":true,"href":"https:\/\/www.wesselton.net\/ca\/wp-json\/wp\/v2\/product_brand?post=27178"},{"taxonomy":"product_cat","embeddable":true,"href":"https:\/\/www.wesselton.net\/ca\/wp-json\/wp\/v2\/product_cat?post=27178"},{"taxonomy":"product_tag","embeddable":true,"href":"https:\/\/www.wesselton.net\/ca\/wp-json\/wp\/v2\/product_tag?post=27178"}],"curies":[{"name":"wp","href":"https:\/\/api.w.org\/{rel}","templated":true}]}}