

{"id":29982,"date":"2024-07-31T09:11:45","date_gmt":"2024-07-31T07:11:45","guid":{"rendered":"https:\/\/www.wesselton.net\/brazalete-marco-bicego-lunaria\/"},"modified":"2024-07-31T09:16:01","modified_gmt":"2024-07-31T07:16:01","slug":"brazalete-marco-bicego-lunaria","status":"publish","type":"product","link":"https:\/\/www.wesselton.net\/ca\/brazalete-marco-bicego-lunaria\/","title":{"rendered":"Bra\u00e7alet Marco Bicego &#8211; Lunaria"},"content":{"rendered":"<p>El Bra\u00e7alet Marco Bicego &#8211; Lunaria \u00e9s una joia excepcional que captura l&#8217;ess\u00e8ncia de la natura amb un disseny contemporani i harmoni\u00f3s. Aquest bra\u00e7alet, disponible a WESSELTON, distribu\u00efdors oficials de la marca, \u00e9s una creaci\u00f3 distintiva que envolta meravellosament el canell, destacant-se pels seus contorns irregulars i el seu acabat setinat \u00fanic.<\/p>\n<p>Realitzat a m\u00e0 en or groc de 18 quirats, el bra\u00e7alet Lunaria \u00e9s una del\u00edcia absoluta per fer servir. La superf\u00edcie del bra\u00e7alet est\u00e0 meticulosament gravada amb l&#8217;antiga t\u00e8cnica \u201cflorentina\u201d, un proc\u00e9s artesanal que confereix una brillantor excepcional i un acabat setinat \u00fanic. Aquesta t\u00e8cnica ancestral, executada pels mestres artesans de Marco Bicego, real\u00e7a la bellesa de l&#8217;or i aporta una textura inigualable que reflecteix la llum de manera subtil i elegant.<\/p>\n<p>Amb un llarg de 6 cm, aquest bra\u00e7alet presenta formes inspirades en les delicades fulles de la planta balc\u00e0nica que hi d\u00f3na nom. Els contorns irregulars i la superf\u00edcie gravada a m\u00e0 emulen les formes org\u00e0niques de la natura, creant una pe\u00e7a que \u00e9s alhora moderna i atemporal. El disseny del bra\u00e7alet Lunaria \u00e9s perfecte per als que aprecien la bellesa natural i l&#8217;artesania d&#8217;alta qualitat.<\/p>\n<p>El Bra\u00e7alet <a href=\"https:\/\/www.wesselton.net\/ca\/marques\/marco-bicego\/\">Marco Bicego<\/a> &#8211; Lunaria no \u00e9s nom\u00e9s una joia, sin\u00f3 una obra d&#8217;art que afegeix un toc de sofisticaci\u00f3 i eleg\u00e0ncia a qualsevol conjunt. Ideal per als que busquen una pe\u00e7a distintiva i refinada, aquest bra\u00e7alet \u00e9s una addici\u00f3 imprescindible a qualsevol col\u00b7lecci\u00f3 de joies fines.<\/p>\n","protected":false},"excerpt":{"rendered":"<p>El Bra\u00e7alet Marco Bicego &#8211; Lunaria \u00e9s una joia excepcional que captura l&#8217;ess\u00e8ncia de la natura amb un disseny contemporani i harmoni\u00f3s. Aquest bra\u00e7alet, disponible a WESSELTON, distribu\u00efdors oficials de la marca, \u00e9s una creaci\u00f3 distintiva que envolta meravellosament el canell, destacant-se pels seus contorns irregulars i el seu acabat setinat \u00fanic.<\/p>\n","protected":false},"featured_media":29979,"comment_status":"closed","ping_status":"closed","template":"","meta":[],"product_brand":[],"product_cat":[2261,2728,220],"product_tag":[],"class_list":{"0":"post-29982","1":"product","2":"type-product","3":"status-publish","4":"has-post-thumbnail","6":"product_cat-joies","7":"product_cat-polsera-or-groc","8":"product_cat-polseres","9":"yith_product_brand-marco-bicego","11":"first","12":"instock","13":"sold-individually","14":"shipping-taxable","15":"purchasable","16":"product-type-simple"},"acf":[],"yoast_head":"<!-- This site is optimized with the Yoast SEO plugin v27.3 - https:\/\/yoast.com\/product\/yoast-seo-wordpress\/ -->\n<title>Bra\u00e7alet Marco Bicego - Lunaria - Wesselton | Joieria i Diamants<\/title>\n<meta name=\"description\" content=\"Preci\u00f3s i elegant Bra\u00e7alet Marco Bicego - Lunaria \u00e9s una joia excepcional que captura l&#039;ess\u00e8ncia de la natura amb un disseny contemporani.\" \/>\n<meta name=\"robots\" content=\"index, follow, max-snippet:-1, max-image-preview:large, max-video-preview:-1\" \/>\n<link rel=\"canonical\" href=\"https:\/\/www.wesselton.net\/ca\/brazalete-marco-bicego-lunaria\/\" \/>\n<meta property=\"og:locale\" content=\"ca_ES\" \/>\n<meta property=\"og:type\" content=\"article\" \/>\n<meta property=\"og:title\" content=\"Bra\u00e7alet Marco Bicego - Lunaria - Wesselton | Joieria i Diamants\" \/>\n<meta property=\"og:description\" content=\"Preci\u00f3s i elegant Bra\u00e7alet Marco Bicego - Lunaria \u00e9s una joia excepcional que captura l&#039;ess\u00e8ncia de la natura amb un disseny contemporani.\" \/>\n<meta property=\"og:url\" content=\"https:\/\/www.wesselton.net\/ca\/brazalete-marco-bicego-lunaria\/\" \/>\n<meta property=\"og:site_name\" content=\"Wesselton | Joieria i Diamants\" \/>\n<meta property=\"article:publisher\" content=\"https:\/\/www.facebook.com\/wesselton.oficial\/\" \/>\n<meta property=\"article:modified_time\" content=\"2024-07-31T07:16:01+00:00\" \/>\n<meta property=\"og:image\" content=\"https:\/\/www.wesselton.net\/wp-content\/uploads\/marco-bicego-sb117.jpg\" \/>\n\t<meta property=\"og:image:width\" content=\"680\" \/>\n\t<meta property=\"og:image:height\" content=\"920\" \/>\n\t<meta property=\"og:image:type\" content=\"image\/jpeg\" \/>\n<meta name=\"twitter:card\" content=\"summary_large_image\" \/>\n<meta name=\"twitter:label1\" content=\"Temps estimat de lectura\" \/>\n\t<meta name=\"twitter:data1\" content=\"2 minuts\" \/>\n<script type=\"application\/ld+json\" class=\"yoast-schema-graph\">{\"@context\":\"https:\\\/\\\/schema.org\",\"@graph\":[{\"@type\":\"WebPage\",\"@id\":\"https:\\\/\\\/www.wesselton.net\\\/ca\\\/brazalete-marco-bicego-lunaria\\\/\",\"url\":\"https:\\\/\\\/www.wesselton.net\\\/ca\\\/brazalete-marco-bicego-lunaria\\\/\",\"name\":\"Bra\u00e7alet Marco Bicego - Lunaria - Wesselton | Joieria i Diamants\",\"isPartOf\":{\"@id\":\"https:\\\/\\\/www.wesselton.net\\\/#website\"},\"primaryImageOfPage\":{\"@id\":\"https:\\\/\\\/www.wesselton.net\\\/ca\\\/brazalete-marco-bicego-lunaria\\\/#primaryimage\"},\"image\":{\"@id\":\"https:\\\/\\\/www.wesselton.net\\\/ca\\\/brazalete-marco-bicego-lunaria\\\/#primaryimage\"},\"thumbnailUrl\":\"https:\\\/\\\/www.wesselton.net\\\/wp-content\\\/uploads\\\/marco-bicego-sb117.jpg\",\"datePublished\":\"2024-07-31T07:11:45+00:00\",\"dateModified\":\"2024-07-31T07:16:01+00:00\",\"description\":\"Preci\u00f3s i elegant Bra\u00e7alet Marco Bicego - Lunaria \u00e9s una joia excepcional que captura l'ess\u00e8ncia de la natura amb un disseny contemporani.\",\"breadcrumb\":{\"@id\":\"https:\\\/\\\/www.wesselton.net\\\/ca\\\/brazalete-marco-bicego-lunaria\\\/#breadcrumb\"},\"inLanguage\":\"ca\",\"potentialAction\":[{\"@type\":\"ReadAction\",\"target\":[\"https:\\\/\\\/www.wesselton.net\\\/ca\\\/brazalete-marco-bicego-lunaria\\\/\"]}]},{\"@type\":\"ImageObject\",\"inLanguage\":\"ca\",\"@id\":\"https:\\\/\\\/www.wesselton.net\\\/ca\\\/brazalete-marco-bicego-lunaria\\\/#primaryimage\",\"url\":\"https:\\\/\\\/www.wesselton.net\\\/wp-content\\\/uploads\\\/marco-bicego-sb117.jpg\",\"contentUrl\":\"https:\\\/\\\/www.wesselton.net\\\/wp-content\\\/uploads\\\/marco-bicego-sb117.jpg\",\"width\":680,\"height\":920},{\"@type\":\"BreadcrumbList\",\"@id\":\"https:\\\/\\\/www.wesselton.net\\\/ca\\\/brazalete-marco-bicego-lunaria\\\/#breadcrumb\",\"itemListElement\":[{\"@type\":\"ListItem\",\"position\":1,\"name\":\"Inici\",\"item\":\"https:\\\/\\\/www.wesselton.net\\\/ca\\\/\"},{\"@type\":\"ListItem\",\"position\":2,\"name\":\"Botiga\",\"item\":\"https:\\\/\\\/www.wesselton.net\\\/ca\\\/botiga\\\/\"},{\"@type\":\"ListItem\",\"position\":3,\"name\":\"Bra\u00e7alet Marco Bicego &#8211; Lunaria\"}]},{\"@type\":\"WebSite\",\"@id\":\"https:\\\/\\\/www.wesselton.net\\\/#website\",\"url\":\"https:\\\/\\\/www.wesselton.net\\\/\",\"name\":\"Wesselton | Joieria i Diamants\",\"description\":\"Diamants \u00fanics per moments \u00fanics. Peces d&#039;elaboraci\u00f3 pr\u00f2pia de m\u00e0xima qualitat, cuidades fins a l&#039;\u00faltim detall, i les millors marques de joieria.\",\"potentialAction\":[{\"@type\":\"SearchAction\",\"target\":{\"@type\":\"EntryPoint\",\"urlTemplate\":\"https:\\\/\\\/www.wesselton.net\\\/?s={search_term_string}\"},\"query-input\":{\"@type\":\"PropertyValueSpecification\",\"valueRequired\":true,\"valueName\":\"search_term_string\"}}],\"inLanguage\":\"ca\"}]}<\/script>\n<!-- \/ Yoast SEO plugin. -->","yoast_head_json":{"title":"Bra\u00e7alet Marco Bicego - Lunaria - Wesselton | Joieria i Diamants","description":"Preci\u00f3s i elegant Bra\u00e7alet Marco Bicego - Lunaria \u00e9s una joia excepcional que captura l'ess\u00e8ncia de la natura amb un disseny contemporani.","robots":{"index":"index","follow":"follow","max-snippet":"max-snippet:-1","max-image-preview":"max-image-preview:large","max-video-preview":"max-video-preview:-1"},"canonical":"https:\/\/www.wesselton.net\/ca\/brazalete-marco-bicego-lunaria\/","og_locale":"ca_ES","og_type":"article","og_title":"Bra\u00e7alet Marco Bicego - Lunaria - Wesselton | Joieria i Diamants","og_description":"Preci\u00f3s i elegant Bra\u00e7alet Marco Bicego - Lunaria \u00e9s una joia excepcional que captura l'ess\u00e8ncia de la natura amb un disseny contemporani.","og_url":"https:\/\/www.wesselton.net\/ca\/brazalete-marco-bicego-lunaria\/","og_site_name":"Wesselton | Joieria i Diamants","article_publisher":"https:\/\/www.facebook.com\/wesselton.oficial\/","article_modified_time":"2024-07-31T07:16:01+00:00","og_image":[{"width":680,"height":920,"url":"https:\/\/www.wesselton.net\/wp-content\/uploads\/marco-bicego-sb117.jpg","type":"image\/jpeg"}],"twitter_card":"summary_large_image","twitter_misc":{"Temps estimat de lectura":"2 minuts"},"schema":{"@context":"https:\/\/schema.org","@graph":[{"@type":"WebPage","@id":"https:\/\/www.wesselton.net\/ca\/brazalete-marco-bicego-lunaria\/","url":"https:\/\/www.wesselton.net\/ca\/brazalete-marco-bicego-lunaria\/","name":"Bra\u00e7alet Marco Bicego - Lunaria - Wesselton | Joieria i Diamants","isPartOf":{"@id":"https:\/\/www.wesselton.net\/#website"},"primaryImageOfPage":{"@id":"https:\/\/www.wesselton.net\/ca\/brazalete-marco-bicego-lunaria\/#primaryimage"},"image":{"@id":"https:\/\/www.wesselton.net\/ca\/brazalete-marco-bicego-lunaria\/#primaryimage"},"thumbnailUrl":"https:\/\/www.wesselton.net\/wp-content\/uploads\/marco-bicego-sb117.jpg","datePublished":"2024-07-31T07:11:45+00:00","dateModified":"2024-07-31T07:16:01+00:00","description":"Preci\u00f3s i elegant Bra\u00e7alet Marco Bicego - Lunaria \u00e9s una joia excepcional que captura l'ess\u00e8ncia de la natura amb un disseny contemporani.","breadcrumb":{"@id":"https:\/\/www.wesselton.net\/ca\/brazalete-marco-bicego-lunaria\/#breadcrumb"},"inLanguage":"ca","potentialAction":[{"@type":"ReadAction","target":["https:\/\/www.wesselton.net\/ca\/brazalete-marco-bicego-lunaria\/"]}]},{"@type":"ImageObject","inLanguage":"ca","@id":"https:\/\/www.wesselton.net\/ca\/brazalete-marco-bicego-lunaria\/#primaryimage","url":"https:\/\/www.wesselton.net\/wp-content\/uploads\/marco-bicego-sb117.jpg","contentUrl":"https:\/\/www.wesselton.net\/wp-content\/uploads\/marco-bicego-sb117.jpg","width":680,"height":920},{"@type":"BreadcrumbList","@id":"https:\/\/www.wesselton.net\/ca\/brazalete-marco-bicego-lunaria\/#breadcrumb","itemListElement":[{"@type":"ListItem","position":1,"name":"Inici","item":"https:\/\/www.wesselton.net\/ca\/"},{"@type":"ListItem","position":2,"name":"Botiga","item":"https:\/\/www.wesselton.net\/ca\/botiga\/"},{"@type":"ListItem","position":3,"name":"Bra\u00e7alet Marco Bicego &#8211; Lunaria"}]},{"@type":"WebSite","@id":"https:\/\/www.wesselton.net\/#website","url":"https:\/\/www.wesselton.net\/","name":"Wesselton | Joieria i Diamants","description":"Diamants \u00fanics per moments \u00fanics. Peces d&#039;elaboraci\u00f3 pr\u00f2pia de m\u00e0xima qualitat, cuidades fins a l&#039;\u00faltim detall, i les millors marques de joieria.","potentialAction":[{"@type":"SearchAction","target":{"@type":"EntryPoint","urlTemplate":"https:\/\/www.wesselton.net\/?s={search_term_string}"},"query-input":{"@type":"PropertyValueSpecification","valueRequired":true,"valueName":"search_term_string"}}],"inLanguage":"ca"}]}},"_links":{"self":[{"href":"https:\/\/www.wesselton.net\/ca\/wp-json\/wp\/v2\/product\/29982","targetHints":{"allow":["GET"]}}],"collection":[{"href":"https:\/\/www.wesselton.net\/ca\/wp-json\/wp\/v2\/product"}],"about":[{"href":"https:\/\/www.wesselton.net\/ca\/wp-json\/wp\/v2\/types\/product"}],"replies":[{"embeddable":true,"href":"https:\/\/www.wesselton.net\/ca\/wp-json\/wp\/v2\/comments?post=29982"}],"wp:featuredmedia":[{"embeddable":true,"href":"https:\/\/www.wesselton.net\/ca\/wp-json\/wp\/v2\/media\/29979"}],"wp:attachment":[{"href":"https:\/\/www.wesselton.net\/ca\/wp-json\/wp\/v2\/media?parent=29982"}],"wp:term":[{"taxonomy":"product_brand","embeddable":true,"href":"https:\/\/www.wesselton.net\/ca\/wp-json\/wp\/v2\/product_brand?post=29982"},{"taxonomy":"product_cat","embeddable":true,"href":"https:\/\/www.wesselton.net\/ca\/wp-json\/wp\/v2\/product_cat?post=29982"},{"taxonomy":"product_tag","embeddable":true,"href":"https:\/\/www.wesselton.net\/ca\/wp-json\/wp\/v2\/product_tag?post=29982"}],"curies":[{"name":"wp","href":"https:\/\/api.w.org\/{rel}","templated":true}]}}