

{"id":31138,"date":"2025-04-02T11:07:17","date_gmt":"2025-04-02T09:07:17","guid":{"rendered":"https:\/\/www.wesselton.net\/classima-10323\/"},"modified":"2026-03-06T10:49:36","modified_gmt":"2026-03-06T08:49:36","slug":"classima-10323","status":"publish","type":"product","link":"https:\/\/www.wesselton.net\/ca\/classima-10323\/","title":{"rendered":"Rellotge Baume &#038; Mercier Classima 10323"},"content":{"rendered":"<p class=\"\" data-start=\"0\" data-end=\"296\">El Classima 10323 de Baume &amp; Mercier \u00e9s una oda a la sofisticaci\u00f3 minimalista i a la rellotgeria su\u00efssa cl\u00e0ssica. El seu disseny depurat i equilibrat, amb una caixa rodona de 40 mm en acer polit. Captura l\u2019ess\u00e8ncia del luxe discret, pensat per a l\u2019home que valora la distinci\u00f3 sense ostentaci\u00f3.<\/p>\n<p class=\"\" data-start=\"298\" data-end=\"645\">La seva esfera blanca n\u00edtida, adornada amb n\u00fameros romans i agulles rodiades, projecta una est\u00e8tica refinada i atemporal, assegurant una llegibilitat impecable en qualsevol situaci\u00f3. A m\u00e9s, la incorporaci\u00f3 d\u2019una finestreta de data a les 3 hores aporta un toc de funcionalitat, equilibrant el seu disseny cl\u00e0ssic amb la practicitat del dia a dia.<\/p>\n<p class=\"\" data-start=\"647\" data-end=\"922\">A l\u2019interior, un prec\u00eds moviment de quars su\u00eds garanteix fiabilitat, precisi\u00f3 i un manteniment m\u00ednim. Assegurant un rendiment impecable amb el pas del temps. El seu elegant bisell d\u2019acer polit emmarca l\u2019esfera amb subtilesa, afegint una lluentor sofisticada sense excessos.<\/p>\n<p class=\"\" data-start=\"924\" data-end=\"1201\">El conjunt es completa amb una corretja de pell negra d\u2019alta qualitat, dissenyada per oferir comoditat i resist\u00e8ncia. El seu acabat refinat la converteix en el complement ideal tant per al dia a dia com per a ocasions especials, adaptant-se amb naturalitat a qualsevol estil.<\/p>\n<p class=\"\" data-start=\"1203\" data-end=\"1421\">Amb el <a href=\"https:\/\/www.wesselton.net\/ca\/marques\/baumemercier-ca\/\">Classima<\/a> 10323, menys \u00e9s m\u00e9s. Una pe\u00e7a que encarna l\u2019equilibri perfecte entre eleg\u00e0ncia, funcionalitat i distinci\u00f3, ideal per a aquells que busquen un rellotge que parli de bon gust sense necessitat de paraules.<\/p>\n","protected":false},"excerpt":{"rendered":"<p>Una pe\u00e7a que encarna l\u2019equilibri perfecte entre eleg\u00e0ncia, funcionalitat i distinci\u00f3, ideal per a aquells que busquen un rellotge que parli de bon gust sense necessitat de paraules.<\/p>\n","protected":false},"featured_media":31131,"comment_status":"closed","ping_status":"closed","template":"","meta":[],"product_brand":[],"product_cat":[2104,4586,217],"product_tag":[],"class_list":{"0":"post-31138","1":"product","2":"type-product","3":"status-publish","4":"has-post-thumbnail","6":"product_cat-automatic","7":"product_cat-home","8":"product_cat-rellotges","9":"yith_product_brand-baumemercier-ca","11":"first","12":"instock","13":"sold-individually","14":"shipping-taxable","15":"purchasable","16":"product-type-simple"},"acf":[],"yoast_head":"<!-- This site is optimized with the Yoast SEO plugin v27.2 - https:\/\/yoast.com\/product\/yoast-seo-wordpress\/ -->\n<title>Rellotge Baume &amp; Mercier Classima 10323 - Wesselton | Joieria i Diamants<\/title>\n<meta name=\"description\" content=\"El Classima 10323 de Baume &amp; Mercier \u00e9s una oda a la sofisticaci\u00f3 minimalista i a la rellotgeria su\u00efssa cl\u00e0ssica. Eleg\u00e0ncia, funcionalitat i distinci\u00f3\" \/>\n<meta name=\"robots\" content=\"index, follow, max-snippet:-1, max-image-preview:large, max-video-preview:-1\" \/>\n<link rel=\"canonical\" href=\"https:\/\/www.wesselton.net\/ca\/classima-10323\/\" \/>\n<meta property=\"og:locale\" content=\"ca_ES\" \/>\n<meta property=\"og:type\" content=\"article\" \/>\n<meta property=\"og:title\" content=\"Rellotge Baume &amp; Mercier Classima 10323 - Wesselton | Joieria i Diamants\" \/>\n<meta property=\"og:description\" content=\"El Classima 10323 de Baume &amp; Mercier \u00e9s una oda a la sofisticaci\u00f3 minimalista i a la rellotgeria su\u00efssa cl\u00e0ssica. Eleg\u00e0ncia, funcionalitat i distinci\u00f3\" \/>\n<meta property=\"og:url\" content=\"https:\/\/www.wesselton.net\/ca\/classima-10323\/\" \/>\n<meta property=\"og:site_name\" content=\"Wesselton | Joieria i Diamants\" \/>\n<meta property=\"article:publisher\" content=\"https:\/\/www.facebook.com\/wesselton.oficial\/\" \/>\n<meta property=\"article:modified_time\" content=\"2026-03-06T08:49:36+00:00\" \/>\n<meta property=\"og:image\" content=\"https:\/\/www.wesselton.net\/wp-content\/uploads\/10323-1.jpg\" \/>\n\t<meta property=\"og:image:width\" content=\"680\" \/>\n\t<meta property=\"og:image:height\" content=\"920\" \/>\n\t<meta property=\"og:image:type\" content=\"image\/jpeg\" \/>\n<meta name=\"twitter:card\" content=\"summary_large_image\" \/>\n<meta name=\"twitter:label1\" content=\"Temps estimat de lectura\" \/>\n\t<meta name=\"twitter:data1\" content=\"2 minuts\" \/>\n<script type=\"application\/ld+json\" class=\"yoast-schema-graph\">{\"@context\":\"https:\/\/schema.org\",\"@graph\":[{\"@type\":\"WebPage\",\"@id\":\"https:\/\/www.wesselton.net\/ca\/classima-10323\/\",\"url\":\"https:\/\/www.wesselton.net\/ca\/classima-10323\/\",\"name\":\"Rellotge Baume & Mercier Classima 10323 - Wesselton | Joieria i Diamants\",\"isPartOf\":{\"@id\":\"https:\/\/www.wesselton.net\/#website\"},\"primaryImageOfPage\":{\"@id\":\"https:\/\/www.wesselton.net\/ca\/classima-10323\/#primaryimage\"},\"image\":{\"@id\":\"https:\/\/www.wesselton.net\/ca\/classima-10323\/#primaryimage\"},\"thumbnailUrl\":\"https:\/\/www.wesselton.net\/wp-content\/uploads\/10323-1.jpg\",\"datePublished\":\"2025-04-02T09:07:17+00:00\",\"dateModified\":\"2026-03-06T08:49:36+00:00\",\"description\":\"El Classima 10323 de Baume & Mercier \u00e9s una oda a la sofisticaci\u00f3 minimalista i a la rellotgeria su\u00efssa cl\u00e0ssica. Eleg\u00e0ncia, funcionalitat i distinci\u00f3\",\"breadcrumb\":{\"@id\":\"https:\/\/www.wesselton.net\/ca\/classima-10323\/#breadcrumb\"},\"inLanguage\":\"ca\",\"potentialAction\":[{\"@type\":\"ReadAction\",\"target\":[\"https:\/\/www.wesselton.net\/ca\/classima-10323\/\"]}]},{\"@type\":\"ImageObject\",\"inLanguage\":\"ca\",\"@id\":\"https:\/\/www.wesselton.net\/ca\/classima-10323\/#primaryimage\",\"url\":\"https:\/\/www.wesselton.net\/wp-content\/uploads\/10323-1.jpg\",\"contentUrl\":\"https:\/\/www.wesselton.net\/wp-content\/uploads\/10323-1.jpg\",\"width\":680,\"height\":920,\"caption\":\"Classima 10323\"},{\"@type\":\"BreadcrumbList\",\"@id\":\"https:\/\/www.wesselton.net\/ca\/classima-10323\/#breadcrumb\",\"itemListElement\":[{\"@type\":\"ListItem\",\"position\":1,\"name\":\"Inici\",\"item\":\"https:\/\/www.wesselton.net\/ca\/\"},{\"@type\":\"ListItem\",\"position\":2,\"name\":\"Botiga\",\"item\":\"https:\/\/www.wesselton.net\/ca\/botiga\/\"},{\"@type\":\"ListItem\",\"position\":3,\"name\":\"Rellotge Baume &#038; Mercier Classima 10323\"}]},{\"@type\":\"WebSite\",\"@id\":\"https:\/\/www.wesselton.net\/#website\",\"url\":\"https:\/\/www.wesselton.net\/\",\"name\":\"Wesselton | Joieria i Diamants\",\"description\":\"Diamants \u00fanics per moments \u00fanics. Peces d&#039;elaboraci\u00f3 pr\u00f2pia de m\u00e0xima qualitat, cuidades fins a l&#039;\u00faltim detall, i les millors marques de joieria.\",\"potentialAction\":[{\"@type\":\"SearchAction\",\"target\":{\"@type\":\"EntryPoint\",\"urlTemplate\":\"https:\/\/www.wesselton.net\/?s={search_term_string}\"},\"query-input\":{\"@type\":\"PropertyValueSpecification\",\"valueRequired\":true,\"valueName\":\"search_term_string\"}}],\"inLanguage\":\"ca\"}]}<\/script>\n<!-- \/ Yoast SEO plugin. -->","yoast_head_json":{"title":"Rellotge Baume & Mercier Classima 10323 - Wesselton | Joieria i Diamants","description":"El Classima 10323 de Baume & Mercier \u00e9s una oda a la sofisticaci\u00f3 minimalista i a la rellotgeria su\u00efssa cl\u00e0ssica. Eleg\u00e0ncia, funcionalitat i distinci\u00f3","robots":{"index":"index","follow":"follow","max-snippet":"max-snippet:-1","max-image-preview":"max-image-preview:large","max-video-preview":"max-video-preview:-1"},"canonical":"https:\/\/www.wesselton.net\/ca\/classima-10323\/","og_locale":"ca_ES","og_type":"article","og_title":"Rellotge Baume & Mercier Classima 10323 - Wesselton | Joieria i Diamants","og_description":"El Classima 10323 de Baume & Mercier \u00e9s una oda a la sofisticaci\u00f3 minimalista i a la rellotgeria su\u00efssa cl\u00e0ssica. Eleg\u00e0ncia, funcionalitat i distinci\u00f3","og_url":"https:\/\/www.wesselton.net\/ca\/classima-10323\/","og_site_name":"Wesselton | Joieria i Diamants","article_publisher":"https:\/\/www.facebook.com\/wesselton.oficial\/","article_modified_time":"2026-03-06T08:49:36+00:00","og_image":[{"width":680,"height":920,"url":"https:\/\/www.wesselton.net\/wp-content\/uploads\/10323-1.jpg","type":"image\/jpeg"}],"twitter_card":"summary_large_image","twitter_misc":{"Temps estimat de lectura":"2 minuts"},"schema":{"@context":"https:\/\/schema.org","@graph":[{"@type":"WebPage","@id":"https:\/\/www.wesselton.net\/ca\/classima-10323\/","url":"https:\/\/www.wesselton.net\/ca\/classima-10323\/","name":"Rellotge Baume & Mercier Classima 10323 - Wesselton | Joieria i Diamants","isPartOf":{"@id":"https:\/\/www.wesselton.net\/#website"},"primaryImageOfPage":{"@id":"https:\/\/www.wesselton.net\/ca\/classima-10323\/#primaryimage"},"image":{"@id":"https:\/\/www.wesselton.net\/ca\/classima-10323\/#primaryimage"},"thumbnailUrl":"https:\/\/www.wesselton.net\/wp-content\/uploads\/10323-1.jpg","datePublished":"2025-04-02T09:07:17+00:00","dateModified":"2026-03-06T08:49:36+00:00","description":"El Classima 10323 de Baume & Mercier \u00e9s una oda a la sofisticaci\u00f3 minimalista i a la rellotgeria su\u00efssa cl\u00e0ssica. Eleg\u00e0ncia, funcionalitat i distinci\u00f3","breadcrumb":{"@id":"https:\/\/www.wesselton.net\/ca\/classima-10323\/#breadcrumb"},"inLanguage":"ca","potentialAction":[{"@type":"ReadAction","target":["https:\/\/www.wesselton.net\/ca\/classima-10323\/"]}]},{"@type":"ImageObject","inLanguage":"ca","@id":"https:\/\/www.wesselton.net\/ca\/classima-10323\/#primaryimage","url":"https:\/\/www.wesselton.net\/wp-content\/uploads\/10323-1.jpg","contentUrl":"https:\/\/www.wesselton.net\/wp-content\/uploads\/10323-1.jpg","width":680,"height":920,"caption":"Classima 10323"},{"@type":"BreadcrumbList","@id":"https:\/\/www.wesselton.net\/ca\/classima-10323\/#breadcrumb","itemListElement":[{"@type":"ListItem","position":1,"name":"Inici","item":"https:\/\/www.wesselton.net\/ca\/"},{"@type":"ListItem","position":2,"name":"Botiga","item":"https:\/\/www.wesselton.net\/ca\/botiga\/"},{"@type":"ListItem","position":3,"name":"Rellotge Baume &#038; Mercier Classima 10323"}]},{"@type":"WebSite","@id":"https:\/\/www.wesselton.net\/#website","url":"https:\/\/www.wesselton.net\/","name":"Wesselton | Joieria i Diamants","description":"Diamants \u00fanics per moments \u00fanics. Peces d&#039;elaboraci\u00f3 pr\u00f2pia de m\u00e0xima qualitat, cuidades fins a l&#039;\u00faltim detall, i les millors marques de joieria.","potentialAction":[{"@type":"SearchAction","target":{"@type":"EntryPoint","urlTemplate":"https:\/\/www.wesselton.net\/?s={search_term_string}"},"query-input":{"@type":"PropertyValueSpecification","valueRequired":true,"valueName":"search_term_string"}}],"inLanguage":"ca"}]}},"_links":{"self":[{"href":"https:\/\/www.wesselton.net\/ca\/wp-json\/wp\/v2\/product\/31138","targetHints":{"allow":["GET"]}}],"collection":[{"href":"https:\/\/www.wesselton.net\/ca\/wp-json\/wp\/v2\/product"}],"about":[{"href":"https:\/\/www.wesselton.net\/ca\/wp-json\/wp\/v2\/types\/product"}],"replies":[{"embeddable":true,"href":"https:\/\/www.wesselton.net\/ca\/wp-json\/wp\/v2\/comments?post=31138"}],"wp:featuredmedia":[{"embeddable":true,"href":"https:\/\/www.wesselton.net\/ca\/wp-json\/wp\/v2\/media\/31131"}],"wp:attachment":[{"href":"https:\/\/www.wesselton.net\/ca\/wp-json\/wp\/v2\/media?parent=31138"}],"wp:term":[{"taxonomy":"product_brand","embeddable":true,"href":"https:\/\/www.wesselton.net\/ca\/wp-json\/wp\/v2\/product_brand?post=31138"},{"taxonomy":"product_cat","embeddable":true,"href":"https:\/\/www.wesselton.net\/ca\/wp-json\/wp\/v2\/product_cat?post=31138"},{"taxonomy":"product_tag","embeddable":true,"href":"https:\/\/www.wesselton.net\/ca\/wp-json\/wp\/v2\/product_tag?post=31138"}],"curies":[{"name":"wp","href":"https:\/\/api.w.org\/{rel}","templated":true}]}}