

{"id":32596,"date":"2025-10-14T09:53:04","date_gmt":"2025-10-14T07:53:04","guid":{"rendered":"https:\/\/www.wesselton.net\/polsera-de-cadena-dinh-van-menottes-xs\/"},"modified":"2025-10-16T11:35:35","modified_gmt":"2025-10-16T09:35:35","slug":"polsera-de-cadena-dinh-van-menottes-xs","status":"publish","type":"product","link":"https:\/\/www.wesselton.net\/ca\/polsera-de-cadena-dinh-van-menottes-xs\/","title":{"rendered":"Polsera de cadena Dinh Van Menottes XS"},"content":{"rendered":"<p>La Polsera de Cadena Menottes <a href=\"https:\/\/www.wesselton.net\/ca\/dinh-van\/\">Dinh Van<\/a> XS en or groc de 18 quirats \u00e9s una joia emblem\u00e0tica que reinventa el tancament ic\u00f2nic Menottes. En celebraci\u00f3 del seu 40\u00e8 aniversari, Dinh Van ha fet un gir contemporani a aquest s\u00edmbol d&#8217;uni\u00f3, presentant una versi\u00f3 renovada sobre una cadena for\u00e7at. El disseny minimalista i sofisticat d\u00b4aquesta polsera reflecteix l\u00b4ess\u00e8ncia de la Maison Dinh Van, que combina tradici\u00f3 i modernitat en una pe\u00e7a \u00fanica.<br \/>\nAmb una longitud de 17 cm, aquesta polsera compta amb diverses posicions ajustables (15 i 16 cm), la qual cosa la fa perfecta per adaptar-se c\u00f2modament a qualsevol nina. El seu disseny elegant i discret permet que es pugui emportar sola o combinada amb altres peces de Dinh Van, creant un look modern i refinat.<br \/>\nL&#8217;or groc de 18 quirats aporta calidesa i brillantor, real\u00e7ant la bellesa del tancament Menottes, que simbolitza la uni\u00f3 i la llibertat. Ideal per als que busquen una pe\u00e7a sofisticada i atemporal, la Polsera Menottes Dinh Van XS es \u200b\u200bconverteix en un accessori imprescindible per a qualsevol col\u00b7lecci\u00f3 d&#8217;alta joieria.<br \/>\nDisponible a WESSELTON, aquesta polsera \u00e9s el complement perfecte per ressaltar la teva eleg\u00e0ncia i estil personal.<\/p>\n","protected":false},"excerpt":{"rendered":"<p>La Polsera de Cadena Menottes Dinh Van XS en or groc de 18 quirats \u00e9s una joia emblem\u00e0tica que reinventa el tancament ic\u00f2nic Menottes.<\/p>\n","protected":false},"featured_media":32593,"comment_status":"closed","ping_status":"closed","template":"","meta":[],"product_brand":[],"product_cat":[2728,220],"product_tag":[],"class_list":{"0":"post-32596","1":"product","2":"type-product","3":"status-publish","4":"has-post-thumbnail","6":"product_cat-polsera-or-groc","7":"product_cat-polseres","8":"yith_product_brand-dinh-van-ca","10":"first","11":"instock","12":"sold-individually","13":"shipping-taxable","14":"purchasable","15":"product-type-simple"},"acf":[],"yoast_head":"<!-- This site is optimized with the Yoast SEO plugin v27.3 - https:\/\/yoast.com\/product\/yoast-seo-wordpress\/ -->\n<title>Polsera de cadena Dinh Van Menottes XS - Wesselton | Joieria i Diamants<\/title>\n<meta name=\"description\" content=\"La Polsera de Cadena Menottes Dinh Van XS en or groc de 18 quirats \u00e9s una joia emblem\u00e0tica que reinventa el tancament ic\u00f2nic Menottes.\" \/>\n<meta name=\"robots\" content=\"index, follow, max-snippet:-1, max-image-preview:large, max-video-preview:-1\" \/>\n<link rel=\"canonical\" href=\"https:\/\/www.wesselton.net\/ca\/polsera-de-cadena-dinh-van-menottes-xs\/\" \/>\n<meta property=\"og:locale\" content=\"ca_ES\" \/>\n<meta property=\"og:type\" content=\"article\" \/>\n<meta property=\"og:title\" content=\"Polsera de cadena Dinh Van Menottes XS - Wesselton | Joieria i Diamants\" \/>\n<meta property=\"og:description\" content=\"La Polsera de Cadena Menottes Dinh Van XS en or groc de 18 quirats \u00e9s una joia emblem\u00e0tica que reinventa el tancament ic\u00f2nic Menottes.\" \/>\n<meta property=\"og:url\" content=\"https:\/\/www.wesselton.net\/ca\/polsera-de-cadena-dinh-van-menottes-xs\/\" \/>\n<meta property=\"og:site_name\" content=\"Wesselton | Joieria i Diamants\" \/>\n<meta property=\"article:publisher\" content=\"https:\/\/www.facebook.com\/wesselton.oficial\/\" \/>\n<meta property=\"article:modified_time\" content=\"2025-10-16T09:35:35+00:00\" \/>\n<meta property=\"og:image\" content=\"https:\/\/www.wesselton.net\/wp-content\/uploads\/301201_01.jpg\" \/>\n\t<meta property=\"og:image:width\" content=\"1200\" \/>\n\t<meta property=\"og:image:height\" content=\"1200\" \/>\n\t<meta property=\"og:image:type\" content=\"image\/jpeg\" \/>\n<meta name=\"twitter:card\" content=\"summary_large_image\" \/>\n<meta name=\"twitter:label1\" content=\"Temps estimat de lectura\" \/>\n\t<meta name=\"twitter:data1\" content=\"2 minuts\" \/>\n<script type=\"application\/ld+json\" class=\"yoast-schema-graph\">{\"@context\":\"https:\\\/\\\/schema.org\",\"@graph\":[{\"@type\":\"WebPage\",\"@id\":\"https:\\\/\\\/www.wesselton.net\\\/ca\\\/polsera-de-cadena-dinh-van-menottes-xs\\\/\",\"url\":\"https:\\\/\\\/www.wesselton.net\\\/ca\\\/polsera-de-cadena-dinh-van-menottes-xs\\\/\",\"name\":\"Polsera de cadena Dinh Van Menottes XS - Wesselton | Joieria i Diamants\",\"isPartOf\":{\"@id\":\"https:\\\/\\\/www.wesselton.net\\\/#website\"},\"primaryImageOfPage\":{\"@id\":\"https:\\\/\\\/www.wesselton.net\\\/ca\\\/polsera-de-cadena-dinh-van-menottes-xs\\\/#primaryimage\"},\"image\":{\"@id\":\"https:\\\/\\\/www.wesselton.net\\\/ca\\\/polsera-de-cadena-dinh-van-menottes-xs\\\/#primaryimage\"},\"thumbnailUrl\":\"https:\\\/\\\/www.wesselton.net\\\/wp-content\\\/uploads\\\/301201_01.jpg\",\"datePublished\":\"2025-10-14T07:53:04+00:00\",\"dateModified\":\"2025-10-16T09:35:35+00:00\",\"description\":\"La Polsera de Cadena Menottes Dinh Van XS en or groc de 18 quirats \u00e9s una joia emblem\u00e0tica que reinventa el tancament ic\u00f2nic Menottes.\",\"breadcrumb\":{\"@id\":\"https:\\\/\\\/www.wesselton.net\\\/ca\\\/polsera-de-cadena-dinh-van-menottes-xs\\\/#breadcrumb\"},\"inLanguage\":\"ca\",\"potentialAction\":[{\"@type\":\"ReadAction\",\"target\":[\"https:\\\/\\\/www.wesselton.net\\\/ca\\\/polsera-de-cadena-dinh-van-menottes-xs\\\/\"]}]},{\"@type\":\"ImageObject\",\"inLanguage\":\"ca\",\"@id\":\"https:\\\/\\\/www.wesselton.net\\\/ca\\\/polsera-de-cadena-dinh-van-menottes-xs\\\/#primaryimage\",\"url\":\"https:\\\/\\\/www.wesselton.net\\\/wp-content\\\/uploads\\\/301201_01.jpg\",\"contentUrl\":\"https:\\\/\\\/www.wesselton.net\\\/wp-content\\\/uploads\\\/301201_01.jpg\",\"width\":1200,\"height\":1200,\"caption\":\"Polsera de cadena Dinh\"},{\"@type\":\"BreadcrumbList\",\"@id\":\"https:\\\/\\\/www.wesselton.net\\\/ca\\\/polsera-de-cadena-dinh-van-menottes-xs\\\/#breadcrumb\",\"itemListElement\":[{\"@type\":\"ListItem\",\"position\":1,\"name\":\"Inici\",\"item\":\"https:\\\/\\\/www.wesselton.net\\\/ca\\\/\"},{\"@type\":\"ListItem\",\"position\":2,\"name\":\"Botiga\",\"item\":\"https:\\\/\\\/www.wesselton.net\\\/ca\\\/botiga\\\/\"},{\"@type\":\"ListItem\",\"position\":3,\"name\":\"Polsera de cadena Dinh Van Menottes XS\"}]},{\"@type\":\"WebSite\",\"@id\":\"https:\\\/\\\/www.wesselton.net\\\/#website\",\"url\":\"https:\\\/\\\/www.wesselton.net\\\/\",\"name\":\"Wesselton | Joieria i Diamants\",\"description\":\"Diamants \u00fanics per moments \u00fanics. Peces d&#039;elaboraci\u00f3 pr\u00f2pia de m\u00e0xima qualitat, cuidades fins a l&#039;\u00faltim detall, i les millors marques de joieria.\",\"potentialAction\":[{\"@type\":\"SearchAction\",\"target\":{\"@type\":\"EntryPoint\",\"urlTemplate\":\"https:\\\/\\\/www.wesselton.net\\\/?s={search_term_string}\"},\"query-input\":{\"@type\":\"PropertyValueSpecification\",\"valueRequired\":true,\"valueName\":\"search_term_string\"}}],\"inLanguage\":\"ca\"}]}<\/script>\n<!-- \/ Yoast SEO plugin. -->","yoast_head_json":{"title":"Polsera de cadena Dinh Van Menottes XS - Wesselton | Joieria i Diamants","description":"La Polsera de Cadena Menottes Dinh Van XS en or groc de 18 quirats \u00e9s una joia emblem\u00e0tica que reinventa el tancament ic\u00f2nic Menottes.","robots":{"index":"index","follow":"follow","max-snippet":"max-snippet:-1","max-image-preview":"max-image-preview:large","max-video-preview":"max-video-preview:-1"},"canonical":"https:\/\/www.wesselton.net\/ca\/polsera-de-cadena-dinh-van-menottes-xs\/","og_locale":"ca_ES","og_type":"article","og_title":"Polsera de cadena Dinh Van Menottes XS - Wesselton | Joieria i Diamants","og_description":"La Polsera de Cadena Menottes Dinh Van XS en or groc de 18 quirats \u00e9s una joia emblem\u00e0tica que reinventa el tancament ic\u00f2nic Menottes.","og_url":"https:\/\/www.wesselton.net\/ca\/polsera-de-cadena-dinh-van-menottes-xs\/","og_site_name":"Wesselton | Joieria i Diamants","article_publisher":"https:\/\/www.facebook.com\/wesselton.oficial\/","article_modified_time":"2025-10-16T09:35:35+00:00","og_image":[{"width":1200,"height":1200,"url":"https:\/\/www.wesselton.net\/wp-content\/uploads\/301201_01.jpg","type":"image\/jpeg"}],"twitter_card":"summary_large_image","twitter_misc":{"Temps estimat de lectura":"2 minuts"},"schema":{"@context":"https:\/\/schema.org","@graph":[{"@type":"WebPage","@id":"https:\/\/www.wesselton.net\/ca\/polsera-de-cadena-dinh-van-menottes-xs\/","url":"https:\/\/www.wesselton.net\/ca\/polsera-de-cadena-dinh-van-menottes-xs\/","name":"Polsera de cadena Dinh Van Menottes XS - Wesselton | Joieria i Diamants","isPartOf":{"@id":"https:\/\/www.wesselton.net\/#website"},"primaryImageOfPage":{"@id":"https:\/\/www.wesselton.net\/ca\/polsera-de-cadena-dinh-van-menottes-xs\/#primaryimage"},"image":{"@id":"https:\/\/www.wesselton.net\/ca\/polsera-de-cadena-dinh-van-menottes-xs\/#primaryimage"},"thumbnailUrl":"https:\/\/www.wesselton.net\/wp-content\/uploads\/301201_01.jpg","datePublished":"2025-10-14T07:53:04+00:00","dateModified":"2025-10-16T09:35:35+00:00","description":"La Polsera de Cadena Menottes Dinh Van XS en or groc de 18 quirats \u00e9s una joia emblem\u00e0tica que reinventa el tancament ic\u00f2nic Menottes.","breadcrumb":{"@id":"https:\/\/www.wesselton.net\/ca\/polsera-de-cadena-dinh-van-menottes-xs\/#breadcrumb"},"inLanguage":"ca","potentialAction":[{"@type":"ReadAction","target":["https:\/\/www.wesselton.net\/ca\/polsera-de-cadena-dinh-van-menottes-xs\/"]}]},{"@type":"ImageObject","inLanguage":"ca","@id":"https:\/\/www.wesselton.net\/ca\/polsera-de-cadena-dinh-van-menottes-xs\/#primaryimage","url":"https:\/\/www.wesselton.net\/wp-content\/uploads\/301201_01.jpg","contentUrl":"https:\/\/www.wesselton.net\/wp-content\/uploads\/301201_01.jpg","width":1200,"height":1200,"caption":"Polsera de cadena Dinh"},{"@type":"BreadcrumbList","@id":"https:\/\/www.wesselton.net\/ca\/polsera-de-cadena-dinh-van-menottes-xs\/#breadcrumb","itemListElement":[{"@type":"ListItem","position":1,"name":"Inici","item":"https:\/\/www.wesselton.net\/ca\/"},{"@type":"ListItem","position":2,"name":"Botiga","item":"https:\/\/www.wesselton.net\/ca\/botiga\/"},{"@type":"ListItem","position":3,"name":"Polsera de cadena Dinh Van Menottes XS"}]},{"@type":"WebSite","@id":"https:\/\/www.wesselton.net\/#website","url":"https:\/\/www.wesselton.net\/","name":"Wesselton | Joieria i Diamants","description":"Diamants \u00fanics per moments \u00fanics. Peces d&#039;elaboraci\u00f3 pr\u00f2pia de m\u00e0xima qualitat, cuidades fins a l&#039;\u00faltim detall, i les millors marques de joieria.","potentialAction":[{"@type":"SearchAction","target":{"@type":"EntryPoint","urlTemplate":"https:\/\/www.wesselton.net\/?s={search_term_string}"},"query-input":{"@type":"PropertyValueSpecification","valueRequired":true,"valueName":"search_term_string"}}],"inLanguage":"ca"}]}},"_links":{"self":[{"href":"https:\/\/www.wesselton.net\/ca\/wp-json\/wp\/v2\/product\/32596","targetHints":{"allow":["GET"]}}],"collection":[{"href":"https:\/\/www.wesselton.net\/ca\/wp-json\/wp\/v2\/product"}],"about":[{"href":"https:\/\/www.wesselton.net\/ca\/wp-json\/wp\/v2\/types\/product"}],"replies":[{"embeddable":true,"href":"https:\/\/www.wesselton.net\/ca\/wp-json\/wp\/v2\/comments?post=32596"}],"wp:featuredmedia":[{"embeddable":true,"href":"https:\/\/www.wesselton.net\/ca\/wp-json\/wp\/v2\/media\/32593"}],"wp:attachment":[{"href":"https:\/\/www.wesselton.net\/ca\/wp-json\/wp\/v2\/media?parent=32596"}],"wp:term":[{"taxonomy":"product_brand","embeddable":true,"href":"https:\/\/www.wesselton.net\/ca\/wp-json\/wp\/v2\/product_brand?post=32596"},{"taxonomy":"product_cat","embeddable":true,"href":"https:\/\/www.wesselton.net\/ca\/wp-json\/wp\/v2\/product_cat?post=32596"},{"taxonomy":"product_tag","embeddable":true,"href":"https:\/\/www.wesselton.net\/ca\/wp-json\/wp\/v2\/product_tag?post=32596"}],"curies":[{"name":"wp","href":"https:\/\/api.w.org\/{rel}","templated":true}]}}