

{"id":32796,"date":"2025-10-24T20:50:18","date_gmt":"2025-10-24T18:50:18","guid":{"rendered":"https:\/\/www.wesselton.net\/pendientes-oro-blanco-diamantes-naturales\/"},"modified":"2025-10-24T21:41:42","modified_gmt":"2025-10-24T19:41:42","slug":"arracades-or-blanc-diamants-naturals","status":"publish","type":"product","link":"https:\/\/www.wesselton.net\/ca\/arracades-or-blanc-diamants-naturals\/","title":{"rendered":"Arracades d\u2019or blanc amb 34 diamants Col\u00b7lecci\u00f3 W Diamonds de WESSELTON"},"content":{"rendered":"<p data-start=\"7073\" data-end=\"7364\">Les <strong data-start=\"7077\" data-end=\"7123\">arracades d\u2019or blanc amb diamants naturals<\/strong> de la <a href=\"https:\/\/www.wesselton.net\/ca\/wesselton-ca\/w-diamonds-ca\/\"><strong data-start=\"7130\" data-end=\"7155\">col\u00b7lecci\u00f3 W Diamonds<\/strong><\/a> representen la fusi\u00f3 perfecta entre la tradici\u00f3 joiera i el disseny contemporani. Inspirades en la llum pura del Mediterrani, aquestes joies capturen l\u2019ess\u00e8ncia de l\u2019eleg\u00e0ncia eterna que defineix WESSELTON.<\/p>\n<p data-start=\"7366\" data-end=\"7667\">Cada parella est\u00e0 formada per <strong data-start=\"7396\" data-end=\"7437\">34 diamants talla brillant de 2,50 mm<\/strong>, seleccionats amb meticulositat per la gem\u00f2loga <strong data-start=\"7486\" data-end=\"7499\">Nuri<\/strong>, de <a href=\"https:\/\/www.gia.edu\/diamond\"><strong data-start=\"7504\" data-end=\"7528\">color F i puresa VS1<\/strong><\/a>, amb un pes total de <strong data-start=\"7550\" data-end=\"7566\">1,93 quirats<\/strong>. Cadascun d\u2019aquests diamants naturals destaca per la seva lluentor exquisida i equilibri perfecte.<\/p>\n<p data-start=\"7669\" data-end=\"7930\">Elaborades en <strong data-start=\"7683\" data-end=\"7709\">or blanc de 18 quirats<\/strong>, les arracades mostren la ic\u00f2nica <strong data-start=\"7744\" data-end=\"7764\">\u201cW\u201d de WESSELTON<\/strong>, s\u00edmbol d\u2019excel\u00b7l\u00e8ncia i mestratge artesanal. Aquesta signatura abra\u00e7a cada diamant amb delicadesa, ressaltant-ne la llum natural i la precisi\u00f3 del treball manual.<\/p>\n<p data-start=\"7932\" data-end=\"8170\">Les <strong data-start=\"7936\" data-end=\"7982\">arracades d\u2019or blanc amb diamants naturals<\/strong> s\u00f3n molt m\u00e9s que un complement: s\u00f3n una expressi\u00f3 de sofisticaci\u00f3 i de bellesa atemporal. El pav\u00e9 brillant que les recorre crea una simfonia de llum capa\u00e7 de captivar totes les mirades.<\/p>\n<p data-start=\"8172\" data-end=\"8350\">Amb m\u00e9s de setanta anys de traject\u00f2ria, <strong data-start=\"8212\" data-end=\"8225\">WESSELTON<\/strong> converteix cada creaci\u00f3 en una obra d\u2019art, una joia que transcendeix el temps i reflecteix l\u2019ess\u00e8ncia m\u00e9s pura de la llum.<\/p>\n","protected":false},"excerpt":{"rendered":"<p data-start=\"8508\" data-end=\"8736\">Un esclat de perfecci\u00f3 i harmonia. Aquestes <strong data-start=\"8552\" data-end=\"8598\">arracades d\u2019or blanc amb diamants naturals<\/strong>, elaborades en <strong data-start=\"8614\" data-end=\"8640\">or blanc de 18 quirats<\/strong>, incorporen <strong data-start=\"8653\" data-end=\"8705\">34 diamants talla brillant (1,93 quirats totals)<\/strong> de <strong data-start=\"8709\" data-end=\"8733\">color F i puresa VS1<\/strong>.<\/p>\n<p data-start=\"8738\" data-end=\"8968\">Pertanyen a la <strong data-start=\"8753\" data-end=\"8778\">col\u00b7lecci\u00f3 W Diamonds<\/strong>, on la inconfusible <strong data-start=\"8799\" data-end=\"8819\">\u201cW\u201d de WESSELTON<\/strong> sost\u00e9 cada diamant amb una precisi\u00f3 i eleg\u00e0ncia extraordin\u00e0ries. Aquesta signatura simbolitza l\u2019artesania, la proporci\u00f3 i la bellesa sense l\u00edmits.<\/p>\n<p data-start=\"8970\" data-end=\"9196\">Amb un disseny atemporal i una lluentor captivadora, aquestes arracades reflecteixen la delicadesa i la for\u00e7a de la feminitat. Perfectes per als moments m\u00e9s especials, s\u00f3n una creaci\u00f3 que uneix tradici\u00f3, llum i sofisticaci\u00f3.<\/p>\n","protected":false},"featured_media":32793,"comment_status":"closed","ping_status":"closed","template":"","meta":[],"product_brand":[],"product_cat":[218,2245,2235,2325,2261,2341,4840,4815],"product_tag":[],"class_list":{"0":"post-32796","1":"product","2":"type-product","3":"status-publish","4":"has-post-thumbnail","6":"product_cat-arracades","7":"product_cat-arracades-de-casament","8":"product_cat-casament","9":"product_cat-amb-diamants","10":"product_cat-joies","11":"product_cat-amb-or-blanc","12":"product_cat-w-diamonds-ca","13":"product_cat-wesselton-ca","14":"yith_product_brand-wesselton","16":"first","17":"instock","18":"shipping-taxable","19":"purchasable","20":"product-type-simple"},"acf":[],"yoast_head":"<!-- This site is optimized with the Yoast SEO plugin v27.4 - https:\/\/yoast.com\/product\/yoast-seo-wordpress\/ -->\n<title>Arracades d\u2019or blanc amb diamants naturals | WESSELTON<\/title>\n<meta name=\"description\" content=\"Arracades d\u2019or blanc amb diamants naturals de la col\u00b7lecci\u00f3 W Diamonds. 34 diamants, 1.93 quirats totals. Eleg\u00e0ncia atemporal de WESSELTON.\" \/>\n<meta name=\"robots\" content=\"index, follow, max-snippet:-1, max-image-preview:large, max-video-preview:-1\" \/>\n<link rel=\"canonical\" href=\"https:\/\/www.wesselton.net\/ca\/arracades-or-blanc-diamants-naturals\/\" \/>\n<meta property=\"og:locale\" content=\"ca_ES\" \/>\n<meta property=\"og:type\" content=\"article\" \/>\n<meta property=\"og:title\" content=\"Arracades d\u2019or blanc amb diamants naturals | WESSELTON\" \/>\n<meta property=\"og:description\" content=\"Arracades d\u2019or blanc amb diamants naturals de la col\u00b7lecci\u00f3 W Diamonds. 34 diamants, 1.93 quirats totals. Eleg\u00e0ncia atemporal de WESSELTON.\" \/>\n<meta property=\"og:url\" content=\"https:\/\/www.wesselton.net\/ca\/arracades-or-blanc-diamants-naturals\/\" \/>\n<meta property=\"og:site_name\" content=\"Wesselton | Joieria i Diamants\" \/>\n<meta property=\"article:publisher\" content=\"https:\/\/www.facebook.com\/wesselton.oficial\/\" \/>\n<meta property=\"article:modified_time\" content=\"2025-10-24T19:41:42+00:00\" \/>\n<meta property=\"og:image\" content=\"https:\/\/www.wesselton.net\/wp-content\/uploads\/ARRACADES13_01-scaled.jpg\" \/>\n\t<meta property=\"og:image:width\" content=\"2560\" \/>\n\t<meta property=\"og:image:height\" content=\"2560\" \/>\n\t<meta property=\"og:image:type\" content=\"image\/jpeg\" \/>\n<meta name=\"twitter:card\" content=\"summary_large_image\" \/>\n<meta name=\"twitter:label1\" content=\"Temps estimat de lectura\" \/>\n\t<meta name=\"twitter:data1\" content=\"2 minuts\" \/>\n<script type=\"application\/ld+json\" class=\"yoast-schema-graph\">{\"@context\":\"https:\\\/\\\/schema.org\",\"@graph\":[{\"@type\":\"WebPage\",\"@id\":\"https:\\\/\\\/www.wesselton.net\\\/ca\\\/arracades-or-blanc-diamants-naturals\\\/\",\"url\":\"https:\\\/\\\/www.wesselton.net\\\/ca\\\/arracades-or-blanc-diamants-naturals\\\/\",\"name\":\"Arracades d\u2019or blanc amb diamants naturals | WESSELTON\",\"isPartOf\":{\"@id\":\"https:\\\/\\\/www.wesselton.net\\\/#website\"},\"primaryImageOfPage\":{\"@id\":\"https:\\\/\\\/www.wesselton.net\\\/ca\\\/arracades-or-blanc-diamants-naturals\\\/#primaryimage\"},\"image\":{\"@id\":\"https:\\\/\\\/www.wesselton.net\\\/ca\\\/arracades-or-blanc-diamants-naturals\\\/#primaryimage\"},\"thumbnailUrl\":\"https:\\\/\\\/www.wesselton.net\\\/wp-content\\\/uploads\\\/ARRACADES13_01-scaled.jpg\",\"datePublished\":\"2025-10-24T18:50:18+00:00\",\"dateModified\":\"2025-10-24T19:41:42+00:00\",\"description\":\"Arracades d\u2019or blanc amb diamants naturals de la col\u00b7lecci\u00f3 W Diamonds. 34 diamants, 1.93 quirats totals. Eleg\u00e0ncia atemporal de WESSELTON.\",\"breadcrumb\":{\"@id\":\"https:\\\/\\\/www.wesselton.net\\\/ca\\\/arracades-or-blanc-diamants-naturals\\\/#breadcrumb\"},\"inLanguage\":\"ca\",\"potentialAction\":[{\"@type\":\"ReadAction\",\"target\":[\"https:\\\/\\\/www.wesselton.net\\\/ca\\\/arracades-or-blanc-diamants-naturals\\\/\"]}]},{\"@type\":\"ImageObject\",\"inLanguage\":\"ca\",\"@id\":\"https:\\\/\\\/www.wesselton.net\\\/ca\\\/arracades-or-blanc-diamants-naturals\\\/#primaryimage\",\"url\":\"https:\\\/\\\/www.wesselton.net\\\/wp-content\\\/uploads\\\/ARRACADES13_01-scaled.jpg\",\"contentUrl\":\"https:\\\/\\\/www.wesselton.net\\\/wp-content\\\/uploads\\\/ARRACADES13_01-scaled.jpg\",\"width\":2560,\"height\":2560,\"caption\":\"pendientes de oro blanco con diamantes naturales WESSELTON\"},{\"@type\":\"BreadcrumbList\",\"@id\":\"https:\\\/\\\/www.wesselton.net\\\/ca\\\/arracades-or-blanc-diamants-naturals\\\/#breadcrumb\",\"itemListElement\":[{\"@type\":\"ListItem\",\"position\":1,\"name\":\"Inici\",\"item\":\"https:\\\/\\\/www.wesselton.net\\\/ca\\\/\"},{\"@type\":\"ListItem\",\"position\":2,\"name\":\"Botiga\",\"item\":\"https:\\\/\\\/www.wesselton.net\\\/ca\\\/botiga\\\/\"},{\"@type\":\"ListItem\",\"position\":3,\"name\":\"Arracades d\u2019or blanc amb 34 diamants Col\u00b7lecci\u00f3 W Diamonds de WESSELTON\"}]},{\"@type\":\"WebSite\",\"@id\":\"https:\\\/\\\/www.wesselton.net\\\/#website\",\"url\":\"https:\\\/\\\/www.wesselton.net\\\/\",\"name\":\"Wesselton | Joieria i Diamants\",\"description\":\"Diamants \u00fanics per moments \u00fanics. Peces d&#039;elaboraci\u00f3 pr\u00f2pia de m\u00e0xima qualitat, cuidades fins a l&#039;\u00faltim detall, i les millors marques de joieria.\",\"potentialAction\":[{\"@type\":\"SearchAction\",\"target\":{\"@type\":\"EntryPoint\",\"urlTemplate\":\"https:\\\/\\\/www.wesselton.net\\\/?s={search_term_string}\"},\"query-input\":{\"@type\":\"PropertyValueSpecification\",\"valueRequired\":true,\"valueName\":\"search_term_string\"}}],\"inLanguage\":\"ca\"}]}<\/script>\n<!-- \/ Yoast SEO plugin. -->","yoast_head_json":{"title":"Arracades d\u2019or blanc amb diamants naturals | WESSELTON","description":"Arracades d\u2019or blanc amb diamants naturals de la col\u00b7lecci\u00f3 W Diamonds. 34 diamants, 1.93 quirats totals. Eleg\u00e0ncia atemporal de WESSELTON.","robots":{"index":"index","follow":"follow","max-snippet":"max-snippet:-1","max-image-preview":"max-image-preview:large","max-video-preview":"max-video-preview:-1"},"canonical":"https:\/\/www.wesselton.net\/ca\/arracades-or-blanc-diamants-naturals\/","og_locale":"ca_ES","og_type":"article","og_title":"Arracades d\u2019or blanc amb diamants naturals | WESSELTON","og_description":"Arracades d\u2019or blanc amb diamants naturals de la col\u00b7lecci\u00f3 W Diamonds. 34 diamants, 1.93 quirats totals. Eleg\u00e0ncia atemporal de WESSELTON.","og_url":"https:\/\/www.wesselton.net\/ca\/arracades-or-blanc-diamants-naturals\/","og_site_name":"Wesselton | Joieria i Diamants","article_publisher":"https:\/\/www.facebook.com\/wesselton.oficial\/","article_modified_time":"2025-10-24T19:41:42+00:00","og_image":[{"width":2560,"height":2560,"url":"https:\/\/www.wesselton.net\/wp-content\/uploads\/ARRACADES13_01-scaled.jpg","type":"image\/jpeg"}],"twitter_card":"summary_large_image","twitter_misc":{"Temps estimat de lectura":"2 minuts"},"schema":{"@context":"https:\/\/schema.org","@graph":[{"@type":"WebPage","@id":"https:\/\/www.wesselton.net\/ca\/arracades-or-blanc-diamants-naturals\/","url":"https:\/\/www.wesselton.net\/ca\/arracades-or-blanc-diamants-naturals\/","name":"Arracades d\u2019or blanc amb diamants naturals | WESSELTON","isPartOf":{"@id":"https:\/\/www.wesselton.net\/#website"},"primaryImageOfPage":{"@id":"https:\/\/www.wesselton.net\/ca\/arracades-or-blanc-diamants-naturals\/#primaryimage"},"image":{"@id":"https:\/\/www.wesselton.net\/ca\/arracades-or-blanc-diamants-naturals\/#primaryimage"},"thumbnailUrl":"https:\/\/www.wesselton.net\/wp-content\/uploads\/ARRACADES13_01-scaled.jpg","datePublished":"2025-10-24T18:50:18+00:00","dateModified":"2025-10-24T19:41:42+00:00","description":"Arracades d\u2019or blanc amb diamants naturals de la col\u00b7lecci\u00f3 W Diamonds. 34 diamants, 1.93 quirats totals. Eleg\u00e0ncia atemporal de WESSELTON.","breadcrumb":{"@id":"https:\/\/www.wesselton.net\/ca\/arracades-or-blanc-diamants-naturals\/#breadcrumb"},"inLanguage":"ca","potentialAction":[{"@type":"ReadAction","target":["https:\/\/www.wesselton.net\/ca\/arracades-or-blanc-diamants-naturals\/"]}]},{"@type":"ImageObject","inLanguage":"ca","@id":"https:\/\/www.wesselton.net\/ca\/arracades-or-blanc-diamants-naturals\/#primaryimage","url":"https:\/\/www.wesselton.net\/wp-content\/uploads\/ARRACADES13_01-scaled.jpg","contentUrl":"https:\/\/www.wesselton.net\/wp-content\/uploads\/ARRACADES13_01-scaled.jpg","width":2560,"height":2560,"caption":"pendientes de oro blanco con diamantes naturales WESSELTON"},{"@type":"BreadcrumbList","@id":"https:\/\/www.wesselton.net\/ca\/arracades-or-blanc-diamants-naturals\/#breadcrumb","itemListElement":[{"@type":"ListItem","position":1,"name":"Inici","item":"https:\/\/www.wesselton.net\/ca\/"},{"@type":"ListItem","position":2,"name":"Botiga","item":"https:\/\/www.wesselton.net\/ca\/botiga\/"},{"@type":"ListItem","position":3,"name":"Arracades d\u2019or blanc amb 34 diamants Col\u00b7lecci\u00f3 W Diamonds de WESSELTON"}]},{"@type":"WebSite","@id":"https:\/\/www.wesselton.net\/#website","url":"https:\/\/www.wesselton.net\/","name":"Wesselton | Joieria i Diamants","description":"Diamants \u00fanics per moments \u00fanics. Peces d&#039;elaboraci\u00f3 pr\u00f2pia de m\u00e0xima qualitat, cuidades fins a l&#039;\u00faltim detall, i les millors marques de joieria.","potentialAction":[{"@type":"SearchAction","target":{"@type":"EntryPoint","urlTemplate":"https:\/\/www.wesselton.net\/?s={search_term_string}"},"query-input":{"@type":"PropertyValueSpecification","valueRequired":true,"valueName":"search_term_string"}}],"inLanguage":"ca"}]}},"_links":{"self":[{"href":"https:\/\/www.wesselton.net\/ca\/wp-json\/wp\/v2\/product\/32796","targetHints":{"allow":["GET"]}}],"collection":[{"href":"https:\/\/www.wesselton.net\/ca\/wp-json\/wp\/v2\/product"}],"about":[{"href":"https:\/\/www.wesselton.net\/ca\/wp-json\/wp\/v2\/types\/product"}],"replies":[{"embeddable":true,"href":"https:\/\/www.wesselton.net\/ca\/wp-json\/wp\/v2\/comments?post=32796"}],"wp:featuredmedia":[{"embeddable":true,"href":"https:\/\/www.wesselton.net\/ca\/wp-json\/wp\/v2\/media\/32793"}],"wp:attachment":[{"href":"https:\/\/www.wesselton.net\/ca\/wp-json\/wp\/v2\/media?parent=32796"}],"wp:term":[{"taxonomy":"product_brand","embeddable":true,"href":"https:\/\/www.wesselton.net\/ca\/wp-json\/wp\/v2\/product_brand?post=32796"},{"taxonomy":"product_cat","embeddable":true,"href":"https:\/\/www.wesselton.net\/ca\/wp-json\/wp\/v2\/product_cat?post=32796"},{"taxonomy":"product_tag","embeddable":true,"href":"https:\/\/www.wesselton.net\/ca\/wp-json\/wp\/v2\/product_tag?post=32796"}],"curies":[{"name":"wp","href":"https:\/\/api.w.org\/{rel}","templated":true}]}}