

{"id":32808,"date":"2025-10-25T13:45:19","date_gmt":"2025-10-25T11:45:19","guid":{"rendered":"https:\/\/www.wesselton.net\/anillo-diseno-diamantes-wesselton\/"},"modified":"2025-10-25T13:57:28","modified_gmt":"2025-10-25T11:57:28","slug":"anell-disseny-diamants-wesselton","status":"publish","type":"product","link":"https:\/\/www.wesselton.net\/ca\/anell-disseny-diamants-wesselton\/","title":{"rendered":"Anell Lovely Lines en or blanc amb diamants de WESSELTON"},"content":{"rendered":"<p>L\u2019<strong data-start=\"6626\" data-end=\"6669\">anell de disseny amb diamants WESSELTON<\/strong> de la <a href=\"https:\/\/www.wesselton.net\/ca\/wesselton-ca\/lovely-lines-ca\/\">col\u00b7lecci\u00f3 <strong data-start=\"6687\" data-end=\"6703\">Lovely Lines<\/strong><\/a> \u00e9s una oda a la proporci\u00f3 i a la bellesa atemporal. Elaborat artesanalment en <strong data-start=\"6782\" data-end=\"6808\">or blanc de 18 quirats<\/strong>, presenta una l\u00ednia central amb <strong data-start=\"6841\" data-end=\"6872\">nou diamants talla brillant<\/strong> seleccionats per la gem\u00f2loga Nuri Sala pel seu color i puresa excepcionals <a href=\"https:\/\/www.gia.edu\/diamond\"><strong data-start=\"6948\" data-end=\"6975\">(Color D, Claredat VVS)<\/strong>.<\/a><br data-start=\"6976\" data-end=\"6979\" \/>Amb un total de <strong data-start=\"6995\" data-end=\"7011\">0,63 quirats<\/strong>, cada diamant de <strong data-start=\"7029\" data-end=\"7040\">2,60 mm<\/strong> projecta una llum que simbolitza l\u2019harmonia i la delicadesa de l\u2019amor. La col\u00b7lecci\u00f3 Lovely Lines destaca per la seva eleg\u00e0ncia subtil i per l\u2019equilibri entre ple i buit, una dansa visual que evoca la uni\u00f3 perfecta entre art i emoci\u00f3.<br data-start=\"7275\" data-end=\"7278\" \/>L\u2019<strong data-start=\"6626\" data-end=\"6669\">anell de disseny amb diamants WESSELTON <\/strong>es una creaci\u00f3 refinada i contempor\u00e0nia que reflecteix l\u2019ess\u00e8ncia de <strong data-start=\"7344\" data-end=\"7357\">WESSELTON<\/strong>, on cada joia \u00e9s fruit d\u2019una passi\u00f3 i una tradici\u00f3 de m\u00e9s de setanta-cinc anys.<br data-start=\"7437\" data-end=\"7440\" \/><strong data-start=\"7440\" data-end=\"7494\">WESSELTON, l\u2019art de transformar la llum en emoci\u00f3.<\/strong><\/p>\n","protected":false},"excerpt":{"rendered":"<p>L\u2019eleg\u00e0ncia esdev\u00e9 forma a l\u2019<strong data-start=\"7640\" data-end=\"7662\">anell Lovely Lines<\/strong> en <strong data-start=\"7666\" data-end=\"7686\">or blanc de 18 k<\/strong>, amb <strong data-start=\"7692\" data-end=\"7756\">nou diamants talla brillant (0,63 ct, Color D, Claredat VVS)<\/strong> que il\u00b7luminen la seva estructura amb una serenitat captivadora. Inspirat en la proporci\u00f3 i la tendresa, \u00e9s una pe\u00e7a creada per emocionar.<br data-start=\"7895\" data-end=\"7898\" \/><strong data-start=\"7898\" data-end=\"7954\">Una joia que parla d\u2019amor, dissenyada per WESSELTON.<\/strong><\/p>\n","protected":false},"featured_media":32804,"comment_status":"closed","ping_status":"closed","template":"","meta":[],"product_brand":[],"product_cat":[1803,4997,219,2269,2235,2261,4828,2277,4815],"product_tag":[],"class_list":{"0":"post-32808","1":"product","2":"type-product","3":"status-publish","4":"has-post-thumbnail","6":"product_cat-aliances-de-casament","7":"product_cat-anella-wesselton","8":"product_cat-anells","9":"product_cat-diamants","10":"product_cat-casament","11":"product_cat-joies","12":"product_cat-lovely-lines-ca","13":"product_cat-or-blanc","14":"product_cat-wesselton-ca","15":"yith_product_brand-wesselton","17":"first","18":"instock","19":"shipping-taxable","20":"purchasable","21":"product-type-simple"},"acf":[],"yoast_head":"<!-- This site is optimized with the Yoast SEO plugin v27.4 - https:\/\/yoast.com\/product\/yoast-seo-wordpress\/ -->\n<title>Anell de disseny amb diamants WESSELTON en or blanc<\/title>\n<meta name=\"description\" content=\"L\u2019anell de disseny amb diamants WESSELTON en or blanc \u00e9s una joia que uneix eleg\u00e0ncia, puresa i equilibri perfecte.\" \/>\n<meta name=\"robots\" content=\"index, follow, max-snippet:-1, max-image-preview:large, max-video-preview:-1\" \/>\n<link rel=\"canonical\" href=\"https:\/\/www.wesselton.net\/ca\/anell-disseny-diamants-wesselton\/\" \/>\n<meta property=\"og:locale\" content=\"ca_ES\" \/>\n<meta property=\"og:type\" content=\"article\" \/>\n<meta property=\"og:title\" content=\"Anell de disseny amb diamants WESSELTON en or blanc\" \/>\n<meta property=\"og:description\" content=\"L\u2019anell de disseny amb diamants WESSELTON en or blanc \u00e9s una joia que uneix eleg\u00e0ncia, puresa i equilibri perfecte.\" \/>\n<meta property=\"og:url\" content=\"https:\/\/www.wesselton.net\/ca\/anell-disseny-diamants-wesselton\/\" \/>\n<meta property=\"og:site_name\" content=\"Wesselton | Joieria i Diamants\" \/>\n<meta property=\"article:publisher\" content=\"https:\/\/www.facebook.com\/wesselton.oficial\/\" \/>\n<meta property=\"article:modified_time\" content=\"2025-10-25T11:57:28+00:00\" \/>\n<meta property=\"og:image\" content=\"https:\/\/www.wesselton.net\/wp-content\/uploads\/ANELL01_04orblanc-scaled.jpg\" \/>\n\t<meta property=\"og:image:width\" content=\"2560\" \/>\n\t<meta property=\"og:image:height\" content=\"2560\" \/>\n\t<meta property=\"og:image:type\" content=\"image\/jpeg\" \/>\n<meta name=\"twitter:card\" content=\"summary_large_image\" \/>\n<meta name=\"twitter:label1\" content=\"Temps estimat de lectura\" \/>\n\t<meta name=\"twitter:data1\" content=\"1 minut\" \/>\n<script type=\"application\/ld+json\" class=\"yoast-schema-graph\">{\"@context\":\"https:\\\/\\\/schema.org\",\"@graph\":[{\"@type\":\"WebPage\",\"@id\":\"https:\\\/\\\/www.wesselton.net\\\/ca\\\/anell-disseny-diamants-wesselton\\\/\",\"url\":\"https:\\\/\\\/www.wesselton.net\\\/ca\\\/anell-disseny-diamants-wesselton\\\/\",\"name\":\"Anell de disseny amb diamants WESSELTON en or blanc\",\"isPartOf\":{\"@id\":\"https:\\\/\\\/www.wesselton.net\\\/#website\"},\"primaryImageOfPage\":{\"@id\":\"https:\\\/\\\/www.wesselton.net\\\/ca\\\/anell-disseny-diamants-wesselton\\\/#primaryimage\"},\"image\":{\"@id\":\"https:\\\/\\\/www.wesselton.net\\\/ca\\\/anell-disseny-diamants-wesselton\\\/#primaryimage\"},\"thumbnailUrl\":\"https:\\\/\\\/www.wesselton.net\\\/wp-content\\\/uploads\\\/ANELL01_04orblanc-scaled.jpg\",\"datePublished\":\"2025-10-25T11:45:19+00:00\",\"dateModified\":\"2025-10-25T11:57:28+00:00\",\"description\":\"L\u2019anell de disseny amb diamants WESSELTON en or blanc \u00e9s una joia que uneix eleg\u00e0ncia, puresa i equilibri perfecte.\",\"breadcrumb\":{\"@id\":\"https:\\\/\\\/www.wesselton.net\\\/ca\\\/anell-disseny-diamants-wesselton\\\/#breadcrumb\"},\"inLanguage\":\"ca\",\"potentialAction\":[{\"@type\":\"ReadAction\",\"target\":[\"https:\\\/\\\/www.wesselton.net\\\/ca\\\/anell-disseny-diamants-wesselton\\\/\"]}]},{\"@type\":\"ImageObject\",\"inLanguage\":\"ca\",\"@id\":\"https:\\\/\\\/www.wesselton.net\\\/ca\\\/anell-disseny-diamants-wesselton\\\/#primaryimage\",\"url\":\"https:\\\/\\\/www.wesselton.net\\\/wp-content\\\/uploads\\\/ANELL01_04orblanc-scaled.jpg\",\"contentUrl\":\"https:\\\/\\\/www.wesselton.net\\\/wp-content\\\/uploads\\\/ANELL01_04orblanc-scaled.jpg\",\"width\":2560,\"height\":2560,\"caption\":\"Anillo de dise\u00f1o con diamantes WESSELTON en oro blanco\"},{\"@type\":\"BreadcrumbList\",\"@id\":\"https:\\\/\\\/www.wesselton.net\\\/ca\\\/anell-disseny-diamants-wesselton\\\/#breadcrumb\",\"itemListElement\":[{\"@type\":\"ListItem\",\"position\":1,\"name\":\"Inici\",\"item\":\"https:\\\/\\\/www.wesselton.net\\\/ca\\\/\"},{\"@type\":\"ListItem\",\"position\":2,\"name\":\"Botiga\",\"item\":\"https:\\\/\\\/www.wesselton.net\\\/ca\\\/botiga\\\/\"},{\"@type\":\"ListItem\",\"position\":3,\"name\":\"Anell Lovely Lines en or blanc amb diamants de WESSELTON\"}]},{\"@type\":\"WebSite\",\"@id\":\"https:\\\/\\\/www.wesselton.net\\\/#website\",\"url\":\"https:\\\/\\\/www.wesselton.net\\\/\",\"name\":\"Wesselton | Joieria i Diamants\",\"description\":\"Diamants \u00fanics per moments \u00fanics. Peces d&#039;elaboraci\u00f3 pr\u00f2pia de m\u00e0xima qualitat, cuidades fins a l&#039;\u00faltim detall, i les millors marques de joieria.\",\"potentialAction\":[{\"@type\":\"SearchAction\",\"target\":{\"@type\":\"EntryPoint\",\"urlTemplate\":\"https:\\\/\\\/www.wesselton.net\\\/?s={search_term_string}\"},\"query-input\":{\"@type\":\"PropertyValueSpecification\",\"valueRequired\":true,\"valueName\":\"search_term_string\"}}],\"inLanguage\":\"ca\"}]}<\/script>\n<!-- \/ Yoast SEO plugin. -->","yoast_head_json":{"title":"Anell de disseny amb diamants WESSELTON en or blanc","description":"L\u2019anell de disseny amb diamants WESSELTON en or blanc \u00e9s una joia que uneix eleg\u00e0ncia, puresa i equilibri perfecte.","robots":{"index":"index","follow":"follow","max-snippet":"max-snippet:-1","max-image-preview":"max-image-preview:large","max-video-preview":"max-video-preview:-1"},"canonical":"https:\/\/www.wesselton.net\/ca\/anell-disseny-diamants-wesselton\/","og_locale":"ca_ES","og_type":"article","og_title":"Anell de disseny amb diamants WESSELTON en or blanc","og_description":"L\u2019anell de disseny amb diamants WESSELTON en or blanc \u00e9s una joia que uneix eleg\u00e0ncia, puresa i equilibri perfecte.","og_url":"https:\/\/www.wesselton.net\/ca\/anell-disseny-diamants-wesselton\/","og_site_name":"Wesselton | Joieria i Diamants","article_publisher":"https:\/\/www.facebook.com\/wesselton.oficial\/","article_modified_time":"2025-10-25T11:57:28+00:00","og_image":[{"width":2560,"height":2560,"url":"https:\/\/www.wesselton.net\/wp-content\/uploads\/ANELL01_04orblanc-scaled.jpg","type":"image\/jpeg"}],"twitter_card":"summary_large_image","twitter_misc":{"Temps estimat de lectura":"1 minut"},"schema":{"@context":"https:\/\/schema.org","@graph":[{"@type":"WebPage","@id":"https:\/\/www.wesselton.net\/ca\/anell-disseny-diamants-wesselton\/","url":"https:\/\/www.wesselton.net\/ca\/anell-disseny-diamants-wesselton\/","name":"Anell de disseny amb diamants WESSELTON en or blanc","isPartOf":{"@id":"https:\/\/www.wesselton.net\/#website"},"primaryImageOfPage":{"@id":"https:\/\/www.wesselton.net\/ca\/anell-disseny-diamants-wesselton\/#primaryimage"},"image":{"@id":"https:\/\/www.wesselton.net\/ca\/anell-disseny-diamants-wesselton\/#primaryimage"},"thumbnailUrl":"https:\/\/www.wesselton.net\/wp-content\/uploads\/ANELL01_04orblanc-scaled.jpg","datePublished":"2025-10-25T11:45:19+00:00","dateModified":"2025-10-25T11:57:28+00:00","description":"L\u2019anell de disseny amb diamants WESSELTON en or blanc \u00e9s una joia que uneix eleg\u00e0ncia, puresa i equilibri perfecte.","breadcrumb":{"@id":"https:\/\/www.wesselton.net\/ca\/anell-disseny-diamants-wesselton\/#breadcrumb"},"inLanguage":"ca","potentialAction":[{"@type":"ReadAction","target":["https:\/\/www.wesselton.net\/ca\/anell-disseny-diamants-wesselton\/"]}]},{"@type":"ImageObject","inLanguage":"ca","@id":"https:\/\/www.wesselton.net\/ca\/anell-disseny-diamants-wesselton\/#primaryimage","url":"https:\/\/www.wesselton.net\/wp-content\/uploads\/ANELL01_04orblanc-scaled.jpg","contentUrl":"https:\/\/www.wesselton.net\/wp-content\/uploads\/ANELL01_04orblanc-scaled.jpg","width":2560,"height":2560,"caption":"Anillo de dise\u00f1o con diamantes WESSELTON en oro blanco"},{"@type":"BreadcrumbList","@id":"https:\/\/www.wesselton.net\/ca\/anell-disseny-diamants-wesselton\/#breadcrumb","itemListElement":[{"@type":"ListItem","position":1,"name":"Inici","item":"https:\/\/www.wesselton.net\/ca\/"},{"@type":"ListItem","position":2,"name":"Botiga","item":"https:\/\/www.wesselton.net\/ca\/botiga\/"},{"@type":"ListItem","position":3,"name":"Anell Lovely Lines en or blanc amb diamants de WESSELTON"}]},{"@type":"WebSite","@id":"https:\/\/www.wesselton.net\/#website","url":"https:\/\/www.wesselton.net\/","name":"Wesselton | Joieria i Diamants","description":"Diamants \u00fanics per moments \u00fanics. Peces d&#039;elaboraci\u00f3 pr\u00f2pia de m\u00e0xima qualitat, cuidades fins a l&#039;\u00faltim detall, i les millors marques de joieria.","potentialAction":[{"@type":"SearchAction","target":{"@type":"EntryPoint","urlTemplate":"https:\/\/www.wesselton.net\/?s={search_term_string}"},"query-input":{"@type":"PropertyValueSpecification","valueRequired":true,"valueName":"search_term_string"}}],"inLanguage":"ca"}]}},"_links":{"self":[{"href":"https:\/\/www.wesselton.net\/ca\/wp-json\/wp\/v2\/product\/32808","targetHints":{"allow":["GET"]}}],"collection":[{"href":"https:\/\/www.wesselton.net\/ca\/wp-json\/wp\/v2\/product"}],"about":[{"href":"https:\/\/www.wesselton.net\/ca\/wp-json\/wp\/v2\/types\/product"}],"replies":[{"embeddable":true,"href":"https:\/\/www.wesselton.net\/ca\/wp-json\/wp\/v2\/comments?post=32808"}],"wp:featuredmedia":[{"embeddable":true,"href":"https:\/\/www.wesselton.net\/ca\/wp-json\/wp\/v2\/media\/32804"}],"wp:attachment":[{"href":"https:\/\/www.wesselton.net\/ca\/wp-json\/wp\/v2\/media?parent=32808"}],"wp:term":[{"taxonomy":"product_brand","embeddable":true,"href":"https:\/\/www.wesselton.net\/ca\/wp-json\/wp\/v2\/product_brand?post=32808"},{"taxonomy":"product_cat","embeddable":true,"href":"https:\/\/www.wesselton.net\/ca\/wp-json\/wp\/v2\/product_cat?post=32808"},{"taxonomy":"product_tag","embeddable":true,"href":"https:\/\/www.wesselton.net\/ca\/wp-json\/wp\/v2\/product_tag?post=32808"}],"curies":[{"name":"wp","href":"https:\/\/api.w.org\/{rel}","templated":true}]}}