

{"id":32957,"date":"2025-11-28T12:26:34","date_gmt":"2025-11-28T10:26:34","guid":{"rendered":"https:\/\/www.wesselton.net\/polsera-dinh-van-serrure-jonc-or-rosa-i-diamant\/"},"modified":"2025-11-28T12:35:52","modified_gmt":"2025-11-28T10:35:52","slug":"polsera-dinh-van-serrure-jonc-or-rosa-i-diamant","status":"publish","type":"product","link":"https:\/\/www.wesselton.net\/ca\/polsera-dinh-van-serrure-jonc-or-rosa-i-diamant\/","title":{"rendered":"Polsera Dinh Van Serrure Jonc or rosa i diamant"},"content":{"rendered":"<p>La Polsera Dinh Van Serrure Jonc amb or rosa de 18 quirats \u00e9s l&#8217;expressi\u00f3 m\u00e9s pura de delicadesa i sensualitat. El disseny senzill, per\u00f2 de gran impacte, est\u00e0 pensat per als que busquen una joia minimalista que, malgrat la seva subtilesa, no passi desapercebuda.<\/p>\n<p>Amb una estructura que abra\u00e7a el canell amb suavitat, aquesta polsera ressalta la bellesa de l&#8217;or blanc, un material noble que transmet eleg\u00e0ncia atemporal. El petit diamant encastat en el disseny afegeix un toc de brillantor refinat, convertint-la en la pe\u00e7a ideal tant pel dia a dia com per ocasions especials.<\/p>\n<p>La Polsera Dinh Van Serrure Jonc \u00e9s perfecta per als que valoren el luxe discret per\u00f2 poder\u00f3s. El disseny delicat i senzill s&#8217;adapta amb eleg\u00e0ncia a qualsevol estil, convertint-la en una joia essencial per a una col\u00b7lecci\u00f3 exclusiva. La lluentor del diamant accentua la puresa de l&#8217;or rosa, creant un contrast harm\u00f2nic que reflecteix sofisticaci\u00f3 i bellesa natural.<\/p>\n<p>Disponible a WESSELTON, la Polsera Serrure Jonc \u00e9s l&#8217;elecci\u00f3 perfecta per als que busquen una joia elegant, femenina i atemporal.<\/p>\n","protected":false},"excerpt":{"rendered":"<p>La Polsera Serrure Jonc amb or rosa de 18 quirats \u00e9s l&#8217;expressi\u00f3 m\u00e9s pura de delicadesa i sensualitat.<\/p>\n","protected":false},"featured_media":32945,"comment_status":"closed","ping_status":"closed","template":"","meta":[],"product_brand":[],"product_cat":[2712,2704,220],"product_tag":[],"class_list":{"0":"post-32957","1":"product","2":"type-product","3":"status-publish","4":"has-post-thumbnail","6":"product_cat-polsera-diamants","7":"product_cat-polsera-or-rosa","8":"product_cat-polseres","9":"yith_product_brand-dinh-van-ca","11":"first","12":"instock","13":"sold-individually","14":"shipping-taxable","15":"purchasable","16":"product-type-simple"},"acf":[],"yoast_head":"<!-- This site is optimized with the Yoast SEO plugin v27.3 - https:\/\/yoast.com\/product\/yoast-seo-wordpress\/ -->\n<title>Polsera Dinh Van Serrure - Wesselton | Joieria i Diamants<\/title>\n<meta name=\"description\" content=\"La Polsera Dinh Van Serrure i el seu disseny senzill, per\u00f2 de gran impacte, est\u00e0 pensat per als que busquen una joia que, no passi desapercebuda\" \/>\n<meta name=\"robots\" content=\"index, follow, max-snippet:-1, max-image-preview:large, max-video-preview:-1\" \/>\n<link rel=\"canonical\" href=\"https:\/\/www.wesselton.net\/ca\/polsera-dinh-van-serrure-jonc-or-rosa-i-diamant\/\" \/>\n<meta property=\"og:locale\" content=\"ca_ES\" \/>\n<meta property=\"og:type\" content=\"article\" \/>\n<meta property=\"og:title\" content=\"Polsera Dinh Van Serrure - Wesselton | Joieria i Diamants\" \/>\n<meta property=\"og:description\" content=\"La Polsera Dinh Van Serrure i el seu disseny senzill, per\u00f2 de gran impacte, est\u00e0 pensat per als que busquen una joia que, no passi desapercebuda\" \/>\n<meta property=\"og:url\" content=\"https:\/\/www.wesselton.net\/ca\/polsera-dinh-van-serrure-jonc-or-rosa-i-diamant\/\" \/>\n<meta property=\"og:site_name\" content=\"Wesselton | Joieria i Diamants\" \/>\n<meta property=\"article:publisher\" content=\"https:\/\/www.facebook.com\/wesselton.oficial\/\" \/>\n<meta property=\"article:modified_time\" content=\"2025-11-28T10:35:52+00:00\" \/>\n<meta property=\"og:image\" content=\"https:\/\/www.wesselton.net\/wp-content\/uploads\/334108_01.jpg\" \/>\n\t<meta property=\"og:image:width\" content=\"1200\" \/>\n\t<meta property=\"og:image:height\" content=\"1200\" \/>\n\t<meta property=\"og:image:type\" content=\"image\/jpeg\" \/>\n<meta name=\"twitter:card\" content=\"summary_large_image\" \/>\n<meta name=\"twitter:label1\" content=\"Temps estimat de lectura\" \/>\n\t<meta name=\"twitter:data1\" content=\"1 minut\" \/>\n<script type=\"application\/ld+json\" class=\"yoast-schema-graph\">{\"@context\":\"https:\\\/\\\/schema.org\",\"@graph\":[{\"@type\":\"WebPage\",\"@id\":\"https:\\\/\\\/www.wesselton.net\\\/ca\\\/polsera-dinh-van-serrure-jonc-or-rosa-i-diamant\\\/\",\"url\":\"https:\\\/\\\/www.wesselton.net\\\/ca\\\/polsera-dinh-van-serrure-jonc-or-rosa-i-diamant\\\/\",\"name\":\"Polsera Dinh Van Serrure - Wesselton | Joieria i Diamants\",\"isPartOf\":{\"@id\":\"https:\\\/\\\/www.wesselton.net\\\/#website\"},\"primaryImageOfPage\":{\"@id\":\"https:\\\/\\\/www.wesselton.net\\\/ca\\\/polsera-dinh-van-serrure-jonc-or-rosa-i-diamant\\\/#primaryimage\"},\"image\":{\"@id\":\"https:\\\/\\\/www.wesselton.net\\\/ca\\\/polsera-dinh-van-serrure-jonc-or-rosa-i-diamant\\\/#primaryimage\"},\"thumbnailUrl\":\"https:\\\/\\\/www.wesselton.net\\\/wp-content\\\/uploads\\\/334108_01.jpg\",\"datePublished\":\"2025-11-28T10:26:34+00:00\",\"dateModified\":\"2025-11-28T10:35:52+00:00\",\"description\":\"La Polsera Dinh Van Serrure i el seu disseny senzill, per\u00f2 de gran impacte, est\u00e0 pensat per als que busquen una joia que, no passi desapercebuda\",\"breadcrumb\":{\"@id\":\"https:\\\/\\\/www.wesselton.net\\\/ca\\\/polsera-dinh-van-serrure-jonc-or-rosa-i-diamant\\\/#breadcrumb\"},\"inLanguage\":\"ca\",\"potentialAction\":[{\"@type\":\"ReadAction\",\"target\":[\"https:\\\/\\\/www.wesselton.net\\\/ca\\\/polsera-dinh-van-serrure-jonc-or-rosa-i-diamant\\\/\"]}]},{\"@type\":\"ImageObject\",\"inLanguage\":\"ca\",\"@id\":\"https:\\\/\\\/www.wesselton.net\\\/ca\\\/polsera-dinh-van-serrure-jonc-or-rosa-i-diamant\\\/#primaryimage\",\"url\":\"https:\\\/\\\/www.wesselton.net\\\/wp-content\\\/uploads\\\/334108_01.jpg\",\"contentUrl\":\"https:\\\/\\\/www.wesselton.net\\\/wp-content\\\/uploads\\\/334108_01.jpg\",\"width\":1200,\"height\":1200,\"caption\":\"Dinh Van Serrure\"},{\"@type\":\"BreadcrumbList\",\"@id\":\"https:\\\/\\\/www.wesselton.net\\\/ca\\\/polsera-dinh-van-serrure-jonc-or-rosa-i-diamant\\\/#breadcrumb\",\"itemListElement\":[{\"@type\":\"ListItem\",\"position\":1,\"name\":\"Inici\",\"item\":\"https:\\\/\\\/www.wesselton.net\\\/ca\\\/\"},{\"@type\":\"ListItem\",\"position\":2,\"name\":\"Botiga\",\"item\":\"https:\\\/\\\/www.wesselton.net\\\/ca\\\/botiga\\\/\"},{\"@type\":\"ListItem\",\"position\":3,\"name\":\"Polsera Dinh Van Serrure Jonc or rosa i diamant\"}]},{\"@type\":\"WebSite\",\"@id\":\"https:\\\/\\\/www.wesselton.net\\\/#website\",\"url\":\"https:\\\/\\\/www.wesselton.net\\\/\",\"name\":\"Wesselton | Joieria i Diamants\",\"description\":\"Diamants \u00fanics per moments \u00fanics. Peces d&#039;elaboraci\u00f3 pr\u00f2pia de m\u00e0xima qualitat, cuidades fins a l&#039;\u00faltim detall, i les millors marques de joieria.\",\"potentialAction\":[{\"@type\":\"SearchAction\",\"target\":{\"@type\":\"EntryPoint\",\"urlTemplate\":\"https:\\\/\\\/www.wesselton.net\\\/?s={search_term_string}\"},\"query-input\":{\"@type\":\"PropertyValueSpecification\",\"valueRequired\":true,\"valueName\":\"search_term_string\"}}],\"inLanguage\":\"ca\"}]}<\/script>\n<!-- \/ Yoast SEO plugin. -->","yoast_head_json":{"title":"Polsera Dinh Van Serrure - Wesselton | Joieria i Diamants","description":"La Polsera Dinh Van Serrure i el seu disseny senzill, per\u00f2 de gran impacte, est\u00e0 pensat per als que busquen una joia que, no passi desapercebuda","robots":{"index":"index","follow":"follow","max-snippet":"max-snippet:-1","max-image-preview":"max-image-preview:large","max-video-preview":"max-video-preview:-1"},"canonical":"https:\/\/www.wesselton.net\/ca\/polsera-dinh-van-serrure-jonc-or-rosa-i-diamant\/","og_locale":"ca_ES","og_type":"article","og_title":"Polsera Dinh Van Serrure - Wesselton | Joieria i Diamants","og_description":"La Polsera Dinh Van Serrure i el seu disseny senzill, per\u00f2 de gran impacte, est\u00e0 pensat per als que busquen una joia que, no passi desapercebuda","og_url":"https:\/\/www.wesselton.net\/ca\/polsera-dinh-van-serrure-jonc-or-rosa-i-diamant\/","og_site_name":"Wesselton | Joieria i Diamants","article_publisher":"https:\/\/www.facebook.com\/wesselton.oficial\/","article_modified_time":"2025-11-28T10:35:52+00:00","og_image":[{"width":1200,"height":1200,"url":"https:\/\/www.wesselton.net\/wp-content\/uploads\/334108_01.jpg","type":"image\/jpeg"}],"twitter_card":"summary_large_image","twitter_misc":{"Temps estimat de lectura":"1 minut"},"schema":{"@context":"https:\/\/schema.org","@graph":[{"@type":"WebPage","@id":"https:\/\/www.wesselton.net\/ca\/polsera-dinh-van-serrure-jonc-or-rosa-i-diamant\/","url":"https:\/\/www.wesselton.net\/ca\/polsera-dinh-van-serrure-jonc-or-rosa-i-diamant\/","name":"Polsera Dinh Van Serrure - Wesselton | Joieria i Diamants","isPartOf":{"@id":"https:\/\/www.wesselton.net\/#website"},"primaryImageOfPage":{"@id":"https:\/\/www.wesselton.net\/ca\/polsera-dinh-van-serrure-jonc-or-rosa-i-diamant\/#primaryimage"},"image":{"@id":"https:\/\/www.wesselton.net\/ca\/polsera-dinh-van-serrure-jonc-or-rosa-i-diamant\/#primaryimage"},"thumbnailUrl":"https:\/\/www.wesselton.net\/wp-content\/uploads\/334108_01.jpg","datePublished":"2025-11-28T10:26:34+00:00","dateModified":"2025-11-28T10:35:52+00:00","description":"La Polsera Dinh Van Serrure i el seu disseny senzill, per\u00f2 de gran impacte, est\u00e0 pensat per als que busquen una joia que, no passi desapercebuda","breadcrumb":{"@id":"https:\/\/www.wesselton.net\/ca\/polsera-dinh-van-serrure-jonc-or-rosa-i-diamant\/#breadcrumb"},"inLanguage":"ca","potentialAction":[{"@type":"ReadAction","target":["https:\/\/www.wesselton.net\/ca\/polsera-dinh-van-serrure-jonc-or-rosa-i-diamant\/"]}]},{"@type":"ImageObject","inLanguage":"ca","@id":"https:\/\/www.wesselton.net\/ca\/polsera-dinh-van-serrure-jonc-or-rosa-i-diamant\/#primaryimage","url":"https:\/\/www.wesselton.net\/wp-content\/uploads\/334108_01.jpg","contentUrl":"https:\/\/www.wesselton.net\/wp-content\/uploads\/334108_01.jpg","width":1200,"height":1200,"caption":"Dinh Van Serrure"},{"@type":"BreadcrumbList","@id":"https:\/\/www.wesselton.net\/ca\/polsera-dinh-van-serrure-jonc-or-rosa-i-diamant\/#breadcrumb","itemListElement":[{"@type":"ListItem","position":1,"name":"Inici","item":"https:\/\/www.wesselton.net\/ca\/"},{"@type":"ListItem","position":2,"name":"Botiga","item":"https:\/\/www.wesselton.net\/ca\/botiga\/"},{"@type":"ListItem","position":3,"name":"Polsera Dinh Van Serrure Jonc or rosa i diamant"}]},{"@type":"WebSite","@id":"https:\/\/www.wesselton.net\/#website","url":"https:\/\/www.wesselton.net\/","name":"Wesselton | Joieria i Diamants","description":"Diamants \u00fanics per moments \u00fanics. Peces d&#039;elaboraci\u00f3 pr\u00f2pia de m\u00e0xima qualitat, cuidades fins a l&#039;\u00faltim detall, i les millors marques de joieria.","potentialAction":[{"@type":"SearchAction","target":{"@type":"EntryPoint","urlTemplate":"https:\/\/www.wesselton.net\/?s={search_term_string}"},"query-input":{"@type":"PropertyValueSpecification","valueRequired":true,"valueName":"search_term_string"}}],"inLanguage":"ca"}]}},"_links":{"self":[{"href":"https:\/\/www.wesselton.net\/ca\/wp-json\/wp\/v2\/product\/32957","targetHints":{"allow":["GET"]}}],"collection":[{"href":"https:\/\/www.wesselton.net\/ca\/wp-json\/wp\/v2\/product"}],"about":[{"href":"https:\/\/www.wesselton.net\/ca\/wp-json\/wp\/v2\/types\/product"}],"replies":[{"embeddable":true,"href":"https:\/\/www.wesselton.net\/ca\/wp-json\/wp\/v2\/comments?post=32957"}],"wp:featuredmedia":[{"embeddable":true,"href":"https:\/\/www.wesselton.net\/ca\/wp-json\/wp\/v2\/media\/32945"}],"wp:attachment":[{"href":"https:\/\/www.wesselton.net\/ca\/wp-json\/wp\/v2\/media?parent=32957"}],"wp:term":[{"taxonomy":"product_brand","embeddable":true,"href":"https:\/\/www.wesselton.net\/ca\/wp-json\/wp\/v2\/product_brand?post=32957"},{"taxonomy":"product_cat","embeddable":true,"href":"https:\/\/www.wesselton.net\/ca\/wp-json\/wp\/v2\/product_cat?post=32957"},{"taxonomy":"product_tag","embeddable":true,"href":"https:\/\/www.wesselton.net\/ca\/wp-json\/wp\/v2\/product_tag?post=32957"}],"curies":[{"name":"wp","href":"https:\/\/api.w.org\/{rel}","templated":true}]}}