

{"id":33038,"date":"2025-12-01T10:15:12","date_gmt":"2025-12-01T08:15:12","guid":{"rendered":"https:\/\/www.wesselton.net\/rellotge-tissot-pr-100-34mm-esfera-blau-mari\/"},"modified":"2025-12-01T11:35:16","modified_gmt":"2025-12-01T09:35:16","slug":"rellotge-tissot-pr-100-34mm-esfera-blau-mari","status":"publish","type":"product","link":"https:\/\/www.wesselton.net\/ca\/rellotge-tissot-pr-100-34mm-esfera-blau-mari\/","title":{"rendered":"Rellotge Tissot PR 100 34mm esfera blau mar\u00ed"},"content":{"rendered":"<p>El Rellotge TISSOT PR 100 40MM blau mar\u00ed \u00e9s un rellotge que destaca pel seu disseny robust i eleg\u00e0ncia discreta, ideal per als que busquen una pe\u00e7a d&#8217;alta rellotgeria pel dia a dia. Amb una caixa d\u00b4acer inoxidable 316L de 40 mm, aquest rellotge ofereix una combinaci\u00f3 perfecta de resist\u00e8ncia i estil, adaptant-se a qualsevol ocasi\u00f3 amb facilitat.<\/p>\n<p>Equipat amb un moviment de quars su\u00eds, el Rellotge TISSOT PR 100 40MM blau mar\u00ed, assegura precisi\u00f3 i fiabilitat al llarg del temps, garantint que sempre estiguis a temps amb la m\u00e0xima exactitud. El vidre de safir facetat, resistent a les ratllades, mant\u00e9 el rellotge intacte i amb una visibilitat clara fins i tot amb l&#8217;\u00fas diari.<\/p>\n<p>A m\u00e9s, el bra\u00e7alet intercanviable d&#8217;alliberament r\u00e0pid permet personalitzar el rellotge segons el teu estil, donant-li un toc \u00fanic cada cop que el portis posat.<\/p>\n<p>Disponible a WESSELTON, el TISSOT PR 100 40MM \u00e9s la pe\u00e7a ideal per als que valoren la qualitat su\u00efssa, l&#8217;eleg\u00e0ncia atemporal i la comoditat als rellotges.<\/p>\n","protected":false},"excerpt":{"rendered":"<p>El Rellotge TISSOT PR 100 40MM blau mar\u00ed \u00e9s un rellotge que destaca pel seu disseny robust i eleg\u00e0ncia discreta, ideal per als que busquen una pe\u00e7a d&#8217;alta rellotgeria pel dia a dia. Amb una caixa d\u00b4acer inoxidable 316L de 40 mm, aquest rellotge ofereix una combinaci\u00f3 perfecta de resist\u00e8ncia i estil, adaptant-se a qualsevol ocasi\u00f3 amb facilitat.<\/p>\n","protected":false},"featured_media":33023,"comment_status":"closed","ping_status":"closed","template":"","meta":[],"product_brand":[],"product_cat":[4586,217],"product_tag":[],"class_list":{"0":"post-33038","1":"product","2":"type-product","3":"status-publish","4":"has-post-thumbnail","6":"product_cat-home","7":"product_cat-rellotges","8":"yith_product_brand-tissot","10":"first","11":"instock","12":"sold-individually","13":"shipping-taxable","14":"purchasable","15":"product-type-simple"},"acf":[],"yoast_head":"<!-- This site is optimized with the Yoast SEO plugin v27.3 - https:\/\/yoast.com\/product\/yoast-seo-wordpress\/ -->\n<title>Rellotge Tissot PR 100 34mm esfera blau mar\u00ed - Wesselton | Joieria i Diamants<\/title>\n<meta name=\"description\" content=\"El TISSOT PR 100 40MM blau mar\u00ed \u00e9s un rellotge que destaca pel seu disseny robust i elegant, ideal per als que busquen una pe\u00e7a d\u00b4alta rellotgeria\" \/>\n<meta name=\"robots\" content=\"index, follow, max-snippet:-1, max-image-preview:large, max-video-preview:-1\" \/>\n<link rel=\"canonical\" href=\"https:\/\/www.wesselton.net\/ca\/rellotge-tissot-pr-100-34mm-esfera-blau-mari\/\" \/>\n<meta property=\"og:locale\" content=\"ca_ES\" \/>\n<meta property=\"og:type\" content=\"article\" \/>\n<meta property=\"og:title\" content=\"Rellotge Tissot PR 100 34mm esfera blau mar\u00ed - Wesselton | Joieria i Diamants\" \/>\n<meta property=\"og:description\" content=\"El TISSOT PR 100 40MM blau mar\u00ed \u00e9s un rellotge que destaca pel seu disseny robust i elegant, ideal per als que busquen una pe\u00e7a d\u00b4alta rellotgeria\" \/>\n<meta property=\"og:url\" content=\"https:\/\/www.wesselton.net\/ca\/rellotge-tissot-pr-100-34mm-esfera-blau-mari\/\" \/>\n<meta property=\"og:site_name\" content=\"Wesselton | Joieria i Diamants\" \/>\n<meta property=\"article:publisher\" content=\"https:\/\/www.facebook.com\/wesselton.oficial\/\" \/>\n<meta property=\"article:modified_time\" content=\"2025-12-01T09:35:16+00:00\" \/>\n<meta property=\"og:image\" content=\"https:\/\/www.wesselton.net\/wp-content\/uploads\/00d99291-1750-4f03-a01a-b6ca157a26c1_T150-410-11-041-00_shadow.webp\" \/>\n\t<meta property=\"og:image:width\" content=\"800\" \/>\n\t<meta property=\"og:image:height\" content=\"800\" \/>\n\t<meta property=\"og:image:type\" content=\"image\/webp\" \/>\n<meta name=\"twitter:card\" content=\"summary_large_image\" \/>\n<meta name=\"twitter:label1\" content=\"Temps estimat de lectura\" \/>\n\t<meta name=\"twitter:data1\" content=\"1 minut\" \/>\n<script type=\"application\/ld+json\" class=\"yoast-schema-graph\">{\"@context\":\"https:\\\/\\\/schema.org\",\"@graph\":[{\"@type\":\"WebPage\",\"@id\":\"https:\\\/\\\/www.wesselton.net\\\/ca\\\/rellotge-tissot-pr-100-34mm-esfera-blau-mari\\\/\",\"url\":\"https:\\\/\\\/www.wesselton.net\\\/ca\\\/rellotge-tissot-pr-100-34mm-esfera-blau-mari\\\/\",\"name\":\"Rellotge Tissot PR 100 34mm esfera blau mar\u00ed - Wesselton | Joieria i Diamants\",\"isPartOf\":{\"@id\":\"https:\\\/\\\/www.wesselton.net\\\/#website\"},\"primaryImageOfPage\":{\"@id\":\"https:\\\/\\\/www.wesselton.net\\\/ca\\\/rellotge-tissot-pr-100-34mm-esfera-blau-mari\\\/#primaryimage\"},\"image\":{\"@id\":\"https:\\\/\\\/www.wesselton.net\\\/ca\\\/rellotge-tissot-pr-100-34mm-esfera-blau-mari\\\/#primaryimage\"},\"thumbnailUrl\":\"https:\\\/\\\/www.wesselton.net\\\/wp-content\\\/uploads\\\/00d99291-1750-4f03-a01a-b6ca157a26c1_T150-410-11-041-00_shadow.webp\",\"datePublished\":\"2025-12-01T08:15:12+00:00\",\"dateModified\":\"2025-12-01T09:35:16+00:00\",\"description\":\"El TISSOT PR 100 40MM blau mar\u00ed \u00e9s un rellotge que destaca pel seu disseny robust i elegant, ideal per als que busquen una pe\u00e7a d\u00b4alta rellotgeria\",\"breadcrumb\":{\"@id\":\"https:\\\/\\\/www.wesselton.net\\\/ca\\\/rellotge-tissot-pr-100-34mm-esfera-blau-mari\\\/#breadcrumb\"},\"inLanguage\":\"ca\",\"potentialAction\":[{\"@type\":\"ReadAction\",\"target\":[\"https:\\\/\\\/www.wesselton.net\\\/ca\\\/rellotge-tissot-pr-100-34mm-esfera-blau-mari\\\/\"]}]},{\"@type\":\"ImageObject\",\"inLanguage\":\"ca\",\"@id\":\"https:\\\/\\\/www.wesselton.net\\\/ca\\\/rellotge-tissot-pr-100-34mm-esfera-blau-mari\\\/#primaryimage\",\"url\":\"https:\\\/\\\/www.wesselton.net\\\/wp-content\\\/uploads\\\/00d99291-1750-4f03-a01a-b6ca157a26c1_T150-410-11-041-00_shadow.webp\",\"contentUrl\":\"https:\\\/\\\/www.wesselton.net\\\/wp-content\\\/uploads\\\/00d99291-1750-4f03-a01a-b6ca157a26c1_T150-410-11-041-00_shadow.webp\",\"width\":800,\"height\":800,\"caption\":\"Rellotge Tissot\"},{\"@type\":\"BreadcrumbList\",\"@id\":\"https:\\\/\\\/www.wesselton.net\\\/ca\\\/rellotge-tissot-pr-100-34mm-esfera-blau-mari\\\/#breadcrumb\",\"itemListElement\":[{\"@type\":\"ListItem\",\"position\":1,\"name\":\"Inici\",\"item\":\"https:\\\/\\\/www.wesselton.net\\\/ca\\\/\"},{\"@type\":\"ListItem\",\"position\":2,\"name\":\"Botiga\",\"item\":\"https:\\\/\\\/www.wesselton.net\\\/ca\\\/botiga\\\/\"},{\"@type\":\"ListItem\",\"position\":3,\"name\":\"Rellotge Tissot PR 100 34mm esfera blau mar\u00ed\"}]},{\"@type\":\"WebSite\",\"@id\":\"https:\\\/\\\/www.wesselton.net\\\/#website\",\"url\":\"https:\\\/\\\/www.wesselton.net\\\/\",\"name\":\"Wesselton | Joieria i Diamants\",\"description\":\"Diamants \u00fanics per moments \u00fanics. Peces d&#039;elaboraci\u00f3 pr\u00f2pia de m\u00e0xima qualitat, cuidades fins a l&#039;\u00faltim detall, i les millors marques de joieria.\",\"potentialAction\":[{\"@type\":\"SearchAction\",\"target\":{\"@type\":\"EntryPoint\",\"urlTemplate\":\"https:\\\/\\\/www.wesselton.net\\\/?s={search_term_string}\"},\"query-input\":{\"@type\":\"PropertyValueSpecification\",\"valueRequired\":true,\"valueName\":\"search_term_string\"}}],\"inLanguage\":\"ca\"}]}<\/script>\n<!-- \/ Yoast SEO plugin. -->","yoast_head_json":{"title":"Rellotge Tissot PR 100 34mm esfera blau mar\u00ed - Wesselton | Joieria i Diamants","description":"El TISSOT PR 100 40MM blau mar\u00ed \u00e9s un rellotge que destaca pel seu disseny robust i elegant, ideal per als que busquen una pe\u00e7a d\u00b4alta rellotgeria","robots":{"index":"index","follow":"follow","max-snippet":"max-snippet:-1","max-image-preview":"max-image-preview:large","max-video-preview":"max-video-preview:-1"},"canonical":"https:\/\/www.wesselton.net\/ca\/rellotge-tissot-pr-100-34mm-esfera-blau-mari\/","og_locale":"ca_ES","og_type":"article","og_title":"Rellotge Tissot PR 100 34mm esfera blau mar\u00ed - Wesselton | Joieria i Diamants","og_description":"El TISSOT PR 100 40MM blau mar\u00ed \u00e9s un rellotge que destaca pel seu disseny robust i elegant, ideal per als que busquen una pe\u00e7a d\u00b4alta rellotgeria","og_url":"https:\/\/www.wesselton.net\/ca\/rellotge-tissot-pr-100-34mm-esfera-blau-mari\/","og_site_name":"Wesselton | Joieria i Diamants","article_publisher":"https:\/\/www.facebook.com\/wesselton.oficial\/","article_modified_time":"2025-12-01T09:35:16+00:00","og_image":[{"width":800,"height":800,"url":"https:\/\/www.wesselton.net\/wp-content\/uploads\/00d99291-1750-4f03-a01a-b6ca157a26c1_T150-410-11-041-00_shadow.webp","type":"image\/webp"}],"twitter_card":"summary_large_image","twitter_misc":{"Temps estimat de lectura":"1 minut"},"schema":{"@context":"https:\/\/schema.org","@graph":[{"@type":"WebPage","@id":"https:\/\/www.wesselton.net\/ca\/rellotge-tissot-pr-100-34mm-esfera-blau-mari\/","url":"https:\/\/www.wesselton.net\/ca\/rellotge-tissot-pr-100-34mm-esfera-blau-mari\/","name":"Rellotge Tissot PR 100 34mm esfera blau mar\u00ed - Wesselton | Joieria i Diamants","isPartOf":{"@id":"https:\/\/www.wesselton.net\/#website"},"primaryImageOfPage":{"@id":"https:\/\/www.wesselton.net\/ca\/rellotge-tissot-pr-100-34mm-esfera-blau-mari\/#primaryimage"},"image":{"@id":"https:\/\/www.wesselton.net\/ca\/rellotge-tissot-pr-100-34mm-esfera-blau-mari\/#primaryimage"},"thumbnailUrl":"https:\/\/www.wesselton.net\/wp-content\/uploads\/00d99291-1750-4f03-a01a-b6ca157a26c1_T150-410-11-041-00_shadow.webp","datePublished":"2025-12-01T08:15:12+00:00","dateModified":"2025-12-01T09:35:16+00:00","description":"El TISSOT PR 100 40MM blau mar\u00ed \u00e9s un rellotge que destaca pel seu disseny robust i elegant, ideal per als que busquen una pe\u00e7a d\u00b4alta rellotgeria","breadcrumb":{"@id":"https:\/\/www.wesselton.net\/ca\/rellotge-tissot-pr-100-34mm-esfera-blau-mari\/#breadcrumb"},"inLanguage":"ca","potentialAction":[{"@type":"ReadAction","target":["https:\/\/www.wesselton.net\/ca\/rellotge-tissot-pr-100-34mm-esfera-blau-mari\/"]}]},{"@type":"ImageObject","inLanguage":"ca","@id":"https:\/\/www.wesselton.net\/ca\/rellotge-tissot-pr-100-34mm-esfera-blau-mari\/#primaryimage","url":"https:\/\/www.wesselton.net\/wp-content\/uploads\/00d99291-1750-4f03-a01a-b6ca157a26c1_T150-410-11-041-00_shadow.webp","contentUrl":"https:\/\/www.wesselton.net\/wp-content\/uploads\/00d99291-1750-4f03-a01a-b6ca157a26c1_T150-410-11-041-00_shadow.webp","width":800,"height":800,"caption":"Rellotge Tissot"},{"@type":"BreadcrumbList","@id":"https:\/\/www.wesselton.net\/ca\/rellotge-tissot-pr-100-34mm-esfera-blau-mari\/#breadcrumb","itemListElement":[{"@type":"ListItem","position":1,"name":"Inici","item":"https:\/\/www.wesselton.net\/ca\/"},{"@type":"ListItem","position":2,"name":"Botiga","item":"https:\/\/www.wesselton.net\/ca\/botiga\/"},{"@type":"ListItem","position":3,"name":"Rellotge Tissot PR 100 34mm esfera blau mar\u00ed"}]},{"@type":"WebSite","@id":"https:\/\/www.wesselton.net\/#website","url":"https:\/\/www.wesselton.net\/","name":"Wesselton | Joieria i Diamants","description":"Diamants \u00fanics per moments \u00fanics. Peces d&#039;elaboraci\u00f3 pr\u00f2pia de m\u00e0xima qualitat, cuidades fins a l&#039;\u00faltim detall, i les millors marques de joieria.","potentialAction":[{"@type":"SearchAction","target":{"@type":"EntryPoint","urlTemplate":"https:\/\/www.wesselton.net\/?s={search_term_string}"},"query-input":{"@type":"PropertyValueSpecification","valueRequired":true,"valueName":"search_term_string"}}],"inLanguage":"ca"}]}},"_links":{"self":[{"href":"https:\/\/www.wesselton.net\/ca\/wp-json\/wp\/v2\/product\/33038","targetHints":{"allow":["GET"]}}],"collection":[{"href":"https:\/\/www.wesselton.net\/ca\/wp-json\/wp\/v2\/product"}],"about":[{"href":"https:\/\/www.wesselton.net\/ca\/wp-json\/wp\/v2\/types\/product"}],"replies":[{"embeddable":true,"href":"https:\/\/www.wesselton.net\/ca\/wp-json\/wp\/v2\/comments?post=33038"}],"wp:featuredmedia":[{"embeddable":true,"href":"https:\/\/www.wesselton.net\/ca\/wp-json\/wp\/v2\/media\/33023"}],"wp:attachment":[{"href":"https:\/\/www.wesselton.net\/ca\/wp-json\/wp\/v2\/media?parent=33038"}],"wp:term":[{"taxonomy":"product_brand","embeddable":true,"href":"https:\/\/www.wesselton.net\/ca\/wp-json\/wp\/v2\/product_brand?post=33038"},{"taxonomy":"product_cat","embeddable":true,"href":"https:\/\/www.wesselton.net\/ca\/wp-json\/wp\/v2\/product_cat?post=33038"},{"taxonomy":"product_tag","embeddable":true,"href":"https:\/\/www.wesselton.net\/ca\/wp-json\/wp\/v2\/product_tag?post=33038"}],"curies":[{"name":"wp","href":"https:\/\/api.w.org\/{rel}","templated":true}]}}