

{"id":33367,"date":"2026-01-19T12:12:11","date_gmt":"2026-01-19T10:12:11","guid":{"rendered":"https:\/\/www.wesselton.net\/reloj-tissot-srv-30mm-acero-inoxidable\/"},"modified":"2026-01-27T10:13:29","modified_gmt":"2026-01-27T08:13:29","slug":"reloj-tissot-srv-30mm-acero-inoxidable","status":"publish","type":"product","link":"https:\/\/www.wesselton.net\/ca\/reloj-tissot-srv-30mm-acero-inoxidable\/","title":{"rendered":"Rellotge TISSOT SRV 30MM Acer Inoxidable"},"content":{"rendered":"<p data-pm-slice=\"1 1 []\">El TISSOT SRV 30MM \u00e9s una expressi\u00f3 refinada de l&#8217;equilibri entre el llegat est\u00e8tic i la precisi\u00f3 contempor\u00e0nia. El seu disseny est\u00e0 inspirat en l&#8217;Art D\u00e9co, un per\u00edode crucial de la d\u00e8cada de 1920 en qu\u00e8 la geometria, la simetria i els motius abstractes van redefinir l&#8217;eleg\u00e0ncia. Aquest rellotge reviu aquest llenguatge visual a trav\u00e9s d&#8217;una acurada reinterpretaci\u00f3 d&#8217;un model de 1975, que al seu torn ret homenatge a les primeres creacions rectangulars de Tissot.<\/p>\n<p>La caixa d&#8217;acer inoxidable 316L ofereix robustesa, durabilitat i una pres\u00e8ncia discreta que complementa naturalment l&#8217;\u00fas diari. La seva forma rectangular distintiva i atemporal es veu real\u00e7ada per un vidre de safir facetat resistent a les ratllades, que afegeix profunditat i car\u00e0cter a la pe\u00e7a. El nom SRV encarna el concepte que defineix la seva identitat: Sapphire Rectangle V, on la &#8220;V&#8221; fa refer\u00e8ncia tant a la silueta com a la seva resist\u00e8ncia a l&#8217;aigua fins a 5 bar, simbolitzada pel n\u00famero rom\u00e0 cinc.<\/p>\n<p>A l&#8217;interior, el moviment de quars su\u00eds garanteix una precisi\u00f3 i fiabilitat \u00f2ptimes. Tamb\u00e9 compta amb un indicador de fi de vida \u00fatil, una funci\u00f3 discreta, per\u00f2 essencial que permet anticipar-se i mantenir el rellotge en perfecte estat de funcionament, per a un dia a dia s&#8217;eren i sense estr\u00e8s.<br \/>\nEl bra\u00e7alet met\u00e0l\u00b7lic, intercanviable gr\u00e0cies a un sistema de tancament r\u00e0pid, combina comoditat i robustesa. El seu disseny proporciona una longevitat excepcional, facilitat de manteniment i un tacte agradable, per a una harmonia perfecta entre disseny i funcionalitat.<\/p>\n<p>El TISSOT SRV 30MM \u00e9s un rellotge dissenyat per als amants del disseny impregnat d&#8217;hist\u00f2ria, eleg\u00e0ncia i precisi\u00f3 su\u00efssa. Un rellotge que reinterpreta el passat amb una perspectiva contempor\u00e0nia, seleccionat acuradament i disponible a WESSELTON.<\/p>\n","protected":false},"excerpt":{"rendered":"<p>TISSOT SRV 30MM \u00e9s una expressi\u00f3 refinada d&#8217;equilibri entre her\u00e8ncia est\u00e8tica i precisi\u00f3 contempor\u00e0nia. El seu disseny s&#8217;inspira en l&#8217;\u00e8poca Art D\u00e9co, un per\u00edode clau dels anys vint en qu\u00e8 la geometria, la simetria i els motius abstractes van marcar una nova manera d&#8217;entendre l&#8217;eleg\u00e0ncia.<\/p>\n","protected":false},"featured_media":33358,"comment_status":"closed","ping_status":"closed","template":"","meta":[],"product_brand":[],"product_cat":[217],"product_tag":[],"class_list":{"0":"post-33367","1":"product","2":"type-product","3":"status-publish","4":"has-post-thumbnail","6":"product_cat-rellotges","7":"yith_product_brand-tissot","9":"first","10":"instock","11":"sold-individually","12":"shipping-taxable","13":"purchasable","14":"product-type-simple"},"acf":[],"yoast_head":"<!-- This site is optimized with the Yoast SEO plugin v27.3 - https:\/\/yoast.com\/product\/yoast-seo-wordpress\/ -->\n<title>Rellotge TISSOT SRV 30MM Acer Inoxidable - Wesselton | Joieria i Diamants<\/title>\n<meta name=\"description\" content=\"TISSOT SRV 30MM \u00e9s una expressi\u00f3 refinada d&#039;equilibri entre her\u00e8ncia est\u00e8tica i precisi\u00f3 contempor\u00e0nia. El seu disseny s&#039;inspira en l&#039;\u00e8poca Art D\u00e9co.\" \/>\n<meta name=\"robots\" content=\"index, follow, max-snippet:-1, max-image-preview:large, max-video-preview:-1\" \/>\n<link rel=\"canonical\" href=\"https:\/\/www.wesselton.net\/ca\/reloj-tissot-srv-30mm-acero-inoxidable\/\" \/>\n<meta property=\"og:locale\" content=\"ca_ES\" \/>\n<meta property=\"og:type\" content=\"article\" \/>\n<meta property=\"og:title\" content=\"Rellotge TISSOT SRV 30MM Acer Inoxidable - Wesselton | Joieria i Diamants\" \/>\n<meta property=\"og:description\" content=\"TISSOT SRV 30MM \u00e9s una expressi\u00f3 refinada d&#039;equilibri entre her\u00e8ncia est\u00e8tica i precisi\u00f3 contempor\u00e0nia. El seu disseny s&#039;inspira en l&#039;\u00e8poca Art D\u00e9co.\" \/>\n<meta property=\"og:url\" content=\"https:\/\/www.wesselton.net\/ca\/reloj-tissot-srv-30mm-acero-inoxidable\/\" \/>\n<meta property=\"og:site_name\" content=\"Wesselton | Joieria i Diamants\" \/>\n<meta property=\"article:publisher\" content=\"https:\/\/www.facebook.com\/wesselton.oficial\/\" \/>\n<meta property=\"article:modified_time\" content=\"2026-01-27T08:13:29+00:00\" \/>\n<meta property=\"og:image\" content=\"https:\/\/www.wesselton.net\/wp-content\/uploads\/59ba9e2e-1b15-4c44-b460-585ecacf6c48_T160-110-11-043-00_shadow.webp\" \/>\n\t<meta property=\"og:image:width\" content=\"800\" \/>\n\t<meta property=\"og:image:height\" content=\"800\" \/>\n\t<meta property=\"og:image:type\" content=\"image\/webp\" \/>\n<meta name=\"twitter:card\" content=\"summary_large_image\" \/>\n<meta name=\"twitter:label1\" content=\"Temps estimat de lectura\" \/>\n\t<meta name=\"twitter:data1\" content=\"2 minuts\" \/>\n<script type=\"application\/ld+json\" class=\"yoast-schema-graph\">{\"@context\":\"https:\\\/\\\/schema.org\",\"@graph\":[{\"@type\":\"WebPage\",\"@id\":\"https:\\\/\\\/www.wesselton.net\\\/ca\\\/reloj-tissot-srv-30mm-acero-inoxidable\\\/\",\"url\":\"https:\\\/\\\/www.wesselton.net\\\/ca\\\/reloj-tissot-srv-30mm-acero-inoxidable\\\/\",\"name\":\"Rellotge TISSOT SRV 30MM Acer Inoxidable - Wesselton | Joieria i Diamants\",\"isPartOf\":{\"@id\":\"https:\\\/\\\/www.wesselton.net\\\/#website\"},\"primaryImageOfPage\":{\"@id\":\"https:\\\/\\\/www.wesselton.net\\\/ca\\\/reloj-tissot-srv-30mm-acero-inoxidable\\\/#primaryimage\"},\"image\":{\"@id\":\"https:\\\/\\\/www.wesselton.net\\\/ca\\\/reloj-tissot-srv-30mm-acero-inoxidable\\\/#primaryimage\"},\"thumbnailUrl\":\"https:\\\/\\\/www.wesselton.net\\\/wp-content\\\/uploads\\\/59ba9e2e-1b15-4c44-b460-585ecacf6c48_T160-110-11-043-00_shadow.webp\",\"datePublished\":\"2026-01-19T10:12:11+00:00\",\"dateModified\":\"2026-01-27T08:13:29+00:00\",\"description\":\"TISSOT SRV 30MM \u00e9s una expressi\u00f3 refinada d'equilibri entre her\u00e8ncia est\u00e8tica i precisi\u00f3 contempor\u00e0nia. El seu disseny s'inspira en l'\u00e8poca Art D\u00e9co.\",\"breadcrumb\":{\"@id\":\"https:\\\/\\\/www.wesselton.net\\\/ca\\\/reloj-tissot-srv-30mm-acero-inoxidable\\\/#breadcrumb\"},\"inLanguage\":\"ca\",\"potentialAction\":[{\"@type\":\"ReadAction\",\"target\":[\"https:\\\/\\\/www.wesselton.net\\\/ca\\\/reloj-tissot-srv-30mm-acero-inoxidable\\\/\"]}]},{\"@type\":\"ImageObject\",\"inLanguage\":\"ca\",\"@id\":\"https:\\\/\\\/www.wesselton.net\\\/ca\\\/reloj-tissot-srv-30mm-acero-inoxidable\\\/#primaryimage\",\"url\":\"https:\\\/\\\/www.wesselton.net\\\/wp-content\\\/uploads\\\/59ba9e2e-1b15-4c44-b460-585ecacf6c48_T160-110-11-043-00_shadow.webp\",\"contentUrl\":\"https:\\\/\\\/www.wesselton.net\\\/wp-content\\\/uploads\\\/59ba9e2e-1b15-4c44-b460-585ecacf6c48_T160-110-11-043-00_shadow.webp\",\"width\":800,\"height\":800,\"caption\":\"TISSOT SRV 30MM Watch\"},{\"@type\":\"BreadcrumbList\",\"@id\":\"https:\\\/\\\/www.wesselton.net\\\/ca\\\/reloj-tissot-srv-30mm-acero-inoxidable\\\/#breadcrumb\",\"itemListElement\":[{\"@type\":\"ListItem\",\"position\":1,\"name\":\"Inici\",\"item\":\"https:\\\/\\\/www.wesselton.net\\\/ca\\\/\"},{\"@type\":\"ListItem\",\"position\":2,\"name\":\"Botiga\",\"item\":\"https:\\\/\\\/www.wesselton.net\\\/ca\\\/botiga\\\/\"},{\"@type\":\"ListItem\",\"position\":3,\"name\":\"Rellotge TISSOT SRV 30MM Acer Inoxidable\"}]},{\"@type\":\"WebSite\",\"@id\":\"https:\\\/\\\/www.wesselton.net\\\/#website\",\"url\":\"https:\\\/\\\/www.wesselton.net\\\/\",\"name\":\"Wesselton | Joieria i Diamants\",\"description\":\"Diamants \u00fanics per moments \u00fanics. Peces d&#039;elaboraci\u00f3 pr\u00f2pia de m\u00e0xima qualitat, cuidades fins a l&#039;\u00faltim detall, i les millors marques de joieria.\",\"potentialAction\":[{\"@type\":\"SearchAction\",\"target\":{\"@type\":\"EntryPoint\",\"urlTemplate\":\"https:\\\/\\\/www.wesselton.net\\\/?s={search_term_string}\"},\"query-input\":{\"@type\":\"PropertyValueSpecification\",\"valueRequired\":true,\"valueName\":\"search_term_string\"}}],\"inLanguage\":\"ca\"}]}<\/script>\n<!-- \/ Yoast SEO plugin. -->","yoast_head_json":{"title":"Rellotge TISSOT SRV 30MM Acer Inoxidable - Wesselton | Joieria i Diamants","description":"TISSOT SRV 30MM \u00e9s una expressi\u00f3 refinada d'equilibri entre her\u00e8ncia est\u00e8tica i precisi\u00f3 contempor\u00e0nia. El seu disseny s'inspira en l'\u00e8poca Art D\u00e9co.","robots":{"index":"index","follow":"follow","max-snippet":"max-snippet:-1","max-image-preview":"max-image-preview:large","max-video-preview":"max-video-preview:-1"},"canonical":"https:\/\/www.wesselton.net\/ca\/reloj-tissot-srv-30mm-acero-inoxidable\/","og_locale":"ca_ES","og_type":"article","og_title":"Rellotge TISSOT SRV 30MM Acer Inoxidable - Wesselton | Joieria i Diamants","og_description":"TISSOT SRV 30MM \u00e9s una expressi\u00f3 refinada d'equilibri entre her\u00e8ncia est\u00e8tica i precisi\u00f3 contempor\u00e0nia. El seu disseny s'inspira en l'\u00e8poca Art D\u00e9co.","og_url":"https:\/\/www.wesselton.net\/ca\/reloj-tissot-srv-30mm-acero-inoxidable\/","og_site_name":"Wesselton | Joieria i Diamants","article_publisher":"https:\/\/www.facebook.com\/wesselton.oficial\/","article_modified_time":"2026-01-27T08:13:29+00:00","og_image":[{"width":800,"height":800,"url":"https:\/\/www.wesselton.net\/wp-content\/uploads\/59ba9e2e-1b15-4c44-b460-585ecacf6c48_T160-110-11-043-00_shadow.webp","type":"image\/webp"}],"twitter_card":"summary_large_image","twitter_misc":{"Temps estimat de lectura":"2 minuts"},"schema":{"@context":"https:\/\/schema.org","@graph":[{"@type":"WebPage","@id":"https:\/\/www.wesselton.net\/ca\/reloj-tissot-srv-30mm-acero-inoxidable\/","url":"https:\/\/www.wesselton.net\/ca\/reloj-tissot-srv-30mm-acero-inoxidable\/","name":"Rellotge TISSOT SRV 30MM Acer Inoxidable - Wesselton | Joieria i Diamants","isPartOf":{"@id":"https:\/\/www.wesselton.net\/#website"},"primaryImageOfPage":{"@id":"https:\/\/www.wesselton.net\/ca\/reloj-tissot-srv-30mm-acero-inoxidable\/#primaryimage"},"image":{"@id":"https:\/\/www.wesselton.net\/ca\/reloj-tissot-srv-30mm-acero-inoxidable\/#primaryimage"},"thumbnailUrl":"https:\/\/www.wesselton.net\/wp-content\/uploads\/59ba9e2e-1b15-4c44-b460-585ecacf6c48_T160-110-11-043-00_shadow.webp","datePublished":"2026-01-19T10:12:11+00:00","dateModified":"2026-01-27T08:13:29+00:00","description":"TISSOT SRV 30MM \u00e9s una expressi\u00f3 refinada d'equilibri entre her\u00e8ncia est\u00e8tica i precisi\u00f3 contempor\u00e0nia. El seu disseny s'inspira en l'\u00e8poca Art D\u00e9co.","breadcrumb":{"@id":"https:\/\/www.wesselton.net\/ca\/reloj-tissot-srv-30mm-acero-inoxidable\/#breadcrumb"},"inLanguage":"ca","potentialAction":[{"@type":"ReadAction","target":["https:\/\/www.wesselton.net\/ca\/reloj-tissot-srv-30mm-acero-inoxidable\/"]}]},{"@type":"ImageObject","inLanguage":"ca","@id":"https:\/\/www.wesselton.net\/ca\/reloj-tissot-srv-30mm-acero-inoxidable\/#primaryimage","url":"https:\/\/www.wesselton.net\/wp-content\/uploads\/59ba9e2e-1b15-4c44-b460-585ecacf6c48_T160-110-11-043-00_shadow.webp","contentUrl":"https:\/\/www.wesselton.net\/wp-content\/uploads\/59ba9e2e-1b15-4c44-b460-585ecacf6c48_T160-110-11-043-00_shadow.webp","width":800,"height":800,"caption":"TISSOT SRV 30MM Watch"},{"@type":"BreadcrumbList","@id":"https:\/\/www.wesselton.net\/ca\/reloj-tissot-srv-30mm-acero-inoxidable\/#breadcrumb","itemListElement":[{"@type":"ListItem","position":1,"name":"Inici","item":"https:\/\/www.wesselton.net\/ca\/"},{"@type":"ListItem","position":2,"name":"Botiga","item":"https:\/\/www.wesselton.net\/ca\/botiga\/"},{"@type":"ListItem","position":3,"name":"Rellotge TISSOT SRV 30MM Acer Inoxidable"}]},{"@type":"WebSite","@id":"https:\/\/www.wesselton.net\/#website","url":"https:\/\/www.wesselton.net\/","name":"Wesselton | Joieria i Diamants","description":"Diamants \u00fanics per moments \u00fanics. Peces d&#039;elaboraci\u00f3 pr\u00f2pia de m\u00e0xima qualitat, cuidades fins a l&#039;\u00faltim detall, i les millors marques de joieria.","potentialAction":[{"@type":"SearchAction","target":{"@type":"EntryPoint","urlTemplate":"https:\/\/www.wesselton.net\/?s={search_term_string}"},"query-input":{"@type":"PropertyValueSpecification","valueRequired":true,"valueName":"search_term_string"}}],"inLanguage":"ca"}]}},"_links":{"self":[{"href":"https:\/\/www.wesselton.net\/ca\/wp-json\/wp\/v2\/product\/33367","targetHints":{"allow":["GET"]}}],"collection":[{"href":"https:\/\/www.wesselton.net\/ca\/wp-json\/wp\/v2\/product"}],"about":[{"href":"https:\/\/www.wesselton.net\/ca\/wp-json\/wp\/v2\/types\/product"}],"replies":[{"embeddable":true,"href":"https:\/\/www.wesselton.net\/ca\/wp-json\/wp\/v2\/comments?post=33367"}],"wp:featuredmedia":[{"embeddable":true,"href":"https:\/\/www.wesselton.net\/ca\/wp-json\/wp\/v2\/media\/33358"}],"wp:attachment":[{"href":"https:\/\/www.wesselton.net\/ca\/wp-json\/wp\/v2\/media?parent=33367"}],"wp:term":[{"taxonomy":"product_brand","embeddable":true,"href":"https:\/\/www.wesselton.net\/ca\/wp-json\/wp\/v2\/product_brand?post=33367"},{"taxonomy":"product_cat","embeddable":true,"href":"https:\/\/www.wesselton.net\/ca\/wp-json\/wp\/v2\/product_cat?post=33367"},{"taxonomy":"product_tag","embeddable":true,"href":"https:\/\/www.wesselton.net\/ca\/wp-json\/wp\/v2\/product_tag?post=33367"}],"curies":[{"name":"wp","href":"https:\/\/api.w.org\/{rel}","templated":true}]}}