

{"id":33579,"date":"2026-03-09T13:37:56","date_gmt":"2026-03-09T11:37:56","guid":{"rendered":"https:\/\/www.wesselton.net\/rellotge-baume-mercier-clifton-10773-baumatic-automatic-39-mm\/"},"modified":"2026-03-11T10:16:45","modified_gmt":"2026-03-11T08:16:45","slug":"rellotge-baume-mercier-clifton-10773-baumatic-automatic-39-mm","status":"publish","type":"product","link":"https:\/\/www.wesselton.net\/ca\/rellotge-baume-mercier-clifton-10773-baumatic-automatic-39-mm\/","title":{"rendered":"Rellotge Baume &#038; Mercier Clifton 10773 Baumatic Autom\u00e0tic 39 mm"},"content":{"rendered":"<p>El Rellotge Clifton Baume &amp; Mercier 10773 \u00e9s una joia d\u00b4alta rellotgeria que combina la tradici\u00f3 i l\u00b4eleg\u00e0ncia contempor\u00e0nia. Amb una caixa rodona de 39 mm d&#8217;acer polit i setinat, aquesta pe\u00e7a ofereix una delicada combinaci\u00f3 de disseny cl\u00e0ssic i detalls moderns. La corona d&#8217;acer inoxidable i el fons de safir transparent proporcionen un toc de distinci\u00f3, mentre que el dial blanc trencat granulat amb els seus \u00edndexs daurats trapezo\u00efdals i les agulles alfa resplendeixen amb sofisticaci\u00f3.<\/p>\n<p>El moviment autom\u00e0tic del Rellotge Clifton Baume &amp; Mercier Baumatic (BM13-1975A) amb 5 dies de reserva de marxa i hermetisme de 5 ATM assegura una precisi\u00f3 excepcional i fiabilitat, mentre que la corretja de pell de marr\u00f3 amb sistema d&#8217;intercanvi r\u00e0pid afegeix versatilitat i un toc personalitzable a aquest rellotge.<\/p>\n<p>El Clifton 10773 \u00e9s el rellotge perfecte per a l&#8217;home modern, un esteta apassionat de la bellesa i el saber fer, que busca una pe\u00e7a que combini refinament i comoditat, amb un disseny atemporal que transcendeix les tend\u00e8ncies.<\/p>\n","protected":false},"excerpt":{"rendered":"<p>El Rellotge Clifton Baume &amp; Mercier 10773 \u00e9s una joia d\u00b4alta rellotgeria que combina la tradici\u00f3 i l\u00b4eleg\u00e0ncia contempor\u00e0nia. Amb una caixa rodona de 39 mm d&#8217;acer polit i setinat, aquesta pe\u00e7a ofereix una delicada combinaci\u00f3 de disseny cl\u00e0ssic i detalls moderns. La corona d&#8217;acer inoxidable i el fons de safir transparent proporcionen un toc de distinci\u00f3, mentre que el dial blanc trencat granulat amb els seus \u00edndexs daurats trapezo\u00efdals i les agulles alfa resplendeixen amb sofisticaci\u00f3.<\/p>\n","protected":false},"featured_media":33572,"comment_status":"closed","ping_status":"closed","template":"","meta":[],"product_brand":[],"product_cat":[2104,217],"product_tag":[],"class_list":{"0":"post-33579","1":"product","2":"type-product","3":"status-publish","4":"has-post-thumbnail","6":"product_cat-automatic","7":"product_cat-rellotges","8":"yith_product_brand-baumemercier-ca","10":"first","11":"instock","12":"shipping-taxable","13":"purchasable","14":"product-type-simple"},"acf":[],"yoast_head":"<!-- This site is optimized with the Yoast SEO plugin v27.3 - https:\/\/yoast.com\/product\/yoast-seo-wordpress\/ -->\n<title>Rellotge Clifton Baume &amp; Mercier Wesselton | Joieria i Diamants<\/title>\n<meta name=\"description\" content=\"el Rellotge Clifton Baume &amp; Mercier Clifton 10773 \u00e9s una joia d\u00b4alta rellotgeria que combina la tradici\u00f3 i l\u00b4eleg\u00e0ncia contempor\u00e0nia.\" \/>\n<meta name=\"robots\" content=\"index, follow, max-snippet:-1, max-image-preview:large, max-video-preview:-1\" \/>\n<link rel=\"canonical\" href=\"https:\/\/www.wesselton.net\/ca\/rellotge-baume-mercier-clifton-10773-baumatic-automatic-39-mm\/\" \/>\n<meta property=\"og:locale\" content=\"ca_ES\" \/>\n<meta property=\"og:type\" content=\"article\" \/>\n<meta property=\"og:title\" content=\"Rellotge Clifton Baume &amp; Mercier Wesselton | Joieria i Diamants\" \/>\n<meta property=\"og:description\" content=\"el Rellotge Clifton Baume &amp; Mercier Clifton 10773 \u00e9s una joia d\u00b4alta rellotgeria que combina la tradici\u00f3 i l\u00b4eleg\u00e0ncia contempor\u00e0nia.\" \/>\n<meta property=\"og:url\" content=\"https:\/\/www.wesselton.net\/ca\/rellotge-baume-mercier-clifton-10773-baumatic-automatic-39-mm\/\" \/>\n<meta property=\"og:site_name\" content=\"Wesselton | Joieria i Diamants\" \/>\n<meta property=\"article:publisher\" content=\"https:\/\/www.facebook.com\/wesselton.oficial\/\" \/>\n<meta property=\"article:modified_time\" content=\"2026-03-11T08:16:45+00:00\" \/>\n<meta name=\"twitter:card\" content=\"summary_large_image\" \/>\n<meta name=\"twitter:label1\" content=\"Temps estimat de lectura\" \/>\n\t<meta name=\"twitter:data1\" content=\"1 minut\" \/>\n<script type=\"application\/ld+json\" class=\"yoast-schema-graph\">{\"@context\":\"https:\\\/\\\/schema.org\",\"@graph\":[{\"@type\":\"WebPage\",\"@id\":\"https:\\\/\\\/www.wesselton.net\\\/ca\\\/rellotge-baume-mercier-clifton-10773-baumatic-automatic-39-mm\\\/\",\"url\":\"https:\\\/\\\/www.wesselton.net\\\/ca\\\/rellotge-baume-mercier-clifton-10773-baumatic-automatic-39-mm\\\/\",\"name\":\"Rellotge Clifton Baume & Mercier Wesselton | Joieria i Diamants\",\"isPartOf\":{\"@id\":\"https:\\\/\\\/www.wesselton.net\\\/#website\"},\"primaryImageOfPage\":{\"@id\":\"https:\\\/\\\/www.wesselton.net\\\/ca\\\/rellotge-baume-mercier-clifton-10773-baumatic-automatic-39-mm\\\/#primaryimage\"},\"image\":{\"@id\":\"https:\\\/\\\/www.wesselton.net\\\/ca\\\/rellotge-baume-mercier-clifton-10773-baumatic-automatic-39-mm\\\/#primaryimage\"},\"thumbnailUrl\":\"https:\\\/\\\/www.wesselton.net\\\/wp-content\\\/uploads\\\/e4gvfXnoQdyeZCTpjWGrbg.png.transform.bemproddetailshd.avif\",\"datePublished\":\"2026-03-09T11:37:56+00:00\",\"dateModified\":\"2026-03-11T08:16:45+00:00\",\"description\":\"el Rellotge Clifton Baume & Mercier Clifton 10773 \u00e9s una joia d\u00b4alta rellotgeria que combina la tradici\u00f3 i l\u00b4eleg\u00e0ncia contempor\u00e0nia.\",\"breadcrumb\":{\"@id\":\"https:\\\/\\\/www.wesselton.net\\\/ca\\\/rellotge-baume-mercier-clifton-10773-baumatic-automatic-39-mm\\\/#breadcrumb\"},\"inLanguage\":\"ca\",\"potentialAction\":[{\"@type\":\"ReadAction\",\"target\":[\"https:\\\/\\\/www.wesselton.net\\\/ca\\\/rellotge-baume-mercier-clifton-10773-baumatic-automatic-39-mm\\\/\"]}]},{\"@type\":\"ImageObject\",\"inLanguage\":\"ca\",\"@id\":\"https:\\\/\\\/www.wesselton.net\\\/ca\\\/rellotge-baume-mercier-clifton-10773-baumatic-automatic-39-mm\\\/#primaryimage\",\"url\":\"https:\\\/\\\/www.wesselton.net\\\/wp-content\\\/uploads\\\/e4gvfXnoQdyeZCTpjWGrbg.png.transform.bemproddetailshd.avif\",\"contentUrl\":\"https:\\\/\\\/www.wesselton.net\\\/wp-content\\\/uploads\\\/e4gvfXnoQdyeZCTpjWGrbg.png.transform.bemproddetailshd.avif\",\"width\":533,\"height\":733},{\"@type\":\"BreadcrumbList\",\"@id\":\"https:\\\/\\\/www.wesselton.net\\\/ca\\\/rellotge-baume-mercier-clifton-10773-baumatic-automatic-39-mm\\\/#breadcrumb\",\"itemListElement\":[{\"@type\":\"ListItem\",\"position\":1,\"name\":\"Inici\",\"item\":\"https:\\\/\\\/www.wesselton.net\\\/ca\\\/\"},{\"@type\":\"ListItem\",\"position\":2,\"name\":\"Botiga\",\"item\":\"https:\\\/\\\/www.wesselton.net\\\/ca\\\/botiga\\\/\"},{\"@type\":\"ListItem\",\"position\":3,\"name\":\"Rellotge Baume &#038; Mercier Clifton 10773 Baumatic Autom\u00e0tic 39 mm\"}]},{\"@type\":\"WebSite\",\"@id\":\"https:\\\/\\\/www.wesselton.net\\\/#website\",\"url\":\"https:\\\/\\\/www.wesselton.net\\\/\",\"name\":\"Wesselton | Joieria i Diamants\",\"description\":\"Diamants \u00fanics per moments \u00fanics. Peces d&#039;elaboraci\u00f3 pr\u00f2pia de m\u00e0xima qualitat, cuidades fins a l&#039;\u00faltim detall, i les millors marques de joieria.\",\"potentialAction\":[{\"@type\":\"SearchAction\",\"target\":{\"@type\":\"EntryPoint\",\"urlTemplate\":\"https:\\\/\\\/www.wesselton.net\\\/?s={search_term_string}\"},\"query-input\":{\"@type\":\"PropertyValueSpecification\",\"valueRequired\":true,\"valueName\":\"search_term_string\"}}],\"inLanguage\":\"ca\"}]}<\/script>\n<!-- \/ Yoast SEO plugin. -->","yoast_head_json":{"title":"Rellotge Clifton Baume & Mercier Wesselton | Joieria i Diamants","description":"el Rellotge Clifton Baume & Mercier Clifton 10773 \u00e9s una joia d\u00b4alta rellotgeria que combina la tradici\u00f3 i l\u00b4eleg\u00e0ncia contempor\u00e0nia.","robots":{"index":"index","follow":"follow","max-snippet":"max-snippet:-1","max-image-preview":"max-image-preview:large","max-video-preview":"max-video-preview:-1"},"canonical":"https:\/\/www.wesselton.net\/ca\/rellotge-baume-mercier-clifton-10773-baumatic-automatic-39-mm\/","og_locale":"ca_ES","og_type":"article","og_title":"Rellotge Clifton Baume & Mercier Wesselton | Joieria i Diamants","og_description":"el Rellotge Clifton Baume & Mercier Clifton 10773 \u00e9s una joia d\u00b4alta rellotgeria que combina la tradici\u00f3 i l\u00b4eleg\u00e0ncia contempor\u00e0nia.","og_url":"https:\/\/www.wesselton.net\/ca\/rellotge-baume-mercier-clifton-10773-baumatic-automatic-39-mm\/","og_site_name":"Wesselton | Joieria i Diamants","article_publisher":"https:\/\/www.facebook.com\/wesselton.oficial\/","article_modified_time":"2026-03-11T08:16:45+00:00","twitter_card":"summary_large_image","twitter_misc":{"Temps estimat de lectura":"1 minut"},"schema":{"@context":"https:\/\/schema.org","@graph":[{"@type":"WebPage","@id":"https:\/\/www.wesselton.net\/ca\/rellotge-baume-mercier-clifton-10773-baumatic-automatic-39-mm\/","url":"https:\/\/www.wesselton.net\/ca\/rellotge-baume-mercier-clifton-10773-baumatic-automatic-39-mm\/","name":"Rellotge Clifton Baume & Mercier Wesselton | Joieria i Diamants","isPartOf":{"@id":"https:\/\/www.wesselton.net\/#website"},"primaryImageOfPage":{"@id":"https:\/\/www.wesselton.net\/ca\/rellotge-baume-mercier-clifton-10773-baumatic-automatic-39-mm\/#primaryimage"},"image":{"@id":"https:\/\/www.wesselton.net\/ca\/rellotge-baume-mercier-clifton-10773-baumatic-automatic-39-mm\/#primaryimage"},"thumbnailUrl":"https:\/\/www.wesselton.net\/wp-content\/uploads\/e4gvfXnoQdyeZCTpjWGrbg.png.transform.bemproddetailshd.avif","datePublished":"2026-03-09T11:37:56+00:00","dateModified":"2026-03-11T08:16:45+00:00","description":"el Rellotge Clifton Baume & Mercier Clifton 10773 \u00e9s una joia d\u00b4alta rellotgeria que combina la tradici\u00f3 i l\u00b4eleg\u00e0ncia contempor\u00e0nia.","breadcrumb":{"@id":"https:\/\/www.wesselton.net\/ca\/rellotge-baume-mercier-clifton-10773-baumatic-automatic-39-mm\/#breadcrumb"},"inLanguage":"ca","potentialAction":[{"@type":"ReadAction","target":["https:\/\/www.wesselton.net\/ca\/rellotge-baume-mercier-clifton-10773-baumatic-automatic-39-mm\/"]}]},{"@type":"ImageObject","inLanguage":"ca","@id":"https:\/\/www.wesselton.net\/ca\/rellotge-baume-mercier-clifton-10773-baumatic-automatic-39-mm\/#primaryimage","url":"https:\/\/www.wesselton.net\/wp-content\/uploads\/e4gvfXnoQdyeZCTpjWGrbg.png.transform.bemproddetailshd.avif","contentUrl":"https:\/\/www.wesselton.net\/wp-content\/uploads\/e4gvfXnoQdyeZCTpjWGrbg.png.transform.bemproddetailshd.avif","width":533,"height":733},{"@type":"BreadcrumbList","@id":"https:\/\/www.wesselton.net\/ca\/rellotge-baume-mercier-clifton-10773-baumatic-automatic-39-mm\/#breadcrumb","itemListElement":[{"@type":"ListItem","position":1,"name":"Inici","item":"https:\/\/www.wesselton.net\/ca\/"},{"@type":"ListItem","position":2,"name":"Botiga","item":"https:\/\/www.wesselton.net\/ca\/botiga\/"},{"@type":"ListItem","position":3,"name":"Rellotge Baume &#038; Mercier Clifton 10773 Baumatic Autom\u00e0tic 39 mm"}]},{"@type":"WebSite","@id":"https:\/\/www.wesselton.net\/#website","url":"https:\/\/www.wesselton.net\/","name":"Wesselton | Joieria i Diamants","description":"Diamants \u00fanics per moments \u00fanics. Peces d&#039;elaboraci\u00f3 pr\u00f2pia de m\u00e0xima qualitat, cuidades fins a l&#039;\u00faltim detall, i les millors marques de joieria.","potentialAction":[{"@type":"SearchAction","target":{"@type":"EntryPoint","urlTemplate":"https:\/\/www.wesselton.net\/?s={search_term_string}"},"query-input":{"@type":"PropertyValueSpecification","valueRequired":true,"valueName":"search_term_string"}}],"inLanguage":"ca"}]}},"_links":{"self":[{"href":"https:\/\/www.wesselton.net\/ca\/wp-json\/wp\/v2\/product\/33579","targetHints":{"allow":["GET"]}}],"collection":[{"href":"https:\/\/www.wesselton.net\/ca\/wp-json\/wp\/v2\/product"}],"about":[{"href":"https:\/\/www.wesselton.net\/ca\/wp-json\/wp\/v2\/types\/product"}],"replies":[{"embeddable":true,"href":"https:\/\/www.wesselton.net\/ca\/wp-json\/wp\/v2\/comments?post=33579"}],"wp:featuredmedia":[{"embeddable":true,"href":"https:\/\/www.wesselton.net\/ca\/wp-json\/wp\/v2\/media\/33572"}],"wp:attachment":[{"href":"https:\/\/www.wesselton.net\/ca\/wp-json\/wp\/v2\/media?parent=33579"}],"wp:term":[{"taxonomy":"product_brand","embeddable":true,"href":"https:\/\/www.wesselton.net\/ca\/wp-json\/wp\/v2\/product_brand?post=33579"},{"taxonomy":"product_cat","embeddable":true,"href":"https:\/\/www.wesselton.net\/ca\/wp-json\/wp\/v2\/product_cat?post=33579"},{"taxonomy":"product_tag","embeddable":true,"href":"https:\/\/www.wesselton.net\/ca\/wp-json\/wp\/v2\/product_tag?post=33579"}],"curies":[{"name":"wp","href":"https:\/\/api.w.org\/{rel}","templated":true}]}}