

{"id":33615,"date":"2026-03-10T12:18:42","date_gmt":"2026-03-10T10:18:42","guid":{"rendered":"https:\/\/www.wesselton.net\/rellotge-de-quars-balm-mercier-hampton-10751-amb-polsera-dacer-i-or-rosa\/"},"modified":"2026-03-10T12:18:42","modified_gmt":"2026-03-10T10:18:42","slug":"rellotge-de-quars-balm-mercier-hampton-10751-amb-polsera-dacer-i-or-rosa","status":"publish","type":"product","link":"https:\/\/www.wesselton.net\/ca\/rellotge-de-quars-balm-mercier-hampton-10751-amb-polsera-dacer-i-or-rosa\/","title":{"rendered":"Rellotge de quars Balm &#038; Mercier Hampton 10751 amb polsera d&#8217;acer i or rosa"},"content":{"rendered":"<p>El Rellotge de quars Balm &amp; Mercier Hampton 10751 \u00e9s la perfecta combinaci\u00f3 entre eleg\u00e0ncia atemporal i precisi\u00f3. Equipat amb un moviment de quars d\u00b4alta qualitat, ofereix una garantia de 8 anys de fiabilitat i exactitud. La caixa d&#8217;acer inoxidable polit, juntament amb l&#8217;esfera opalina amb n\u00fameros \u00e0rabs daurats i agulles en forma d&#8217;espasa, transmet una sofisticaci\u00f3 discreta per\u00f2 poderosa, ideal per a l&#8217;home modern que valora la qualitat i el disseny.<\/p>\n<p>Aquest rellotge de quars Balm &amp; Mercier s&#8217;adapta a cada moment del dia. El bra\u00e7alet intercanviable, compost per baules d&#8217;acer inoxidable amb acabats polits i setinats, i acer recobert d&#8217;or rosa, aporta versatilitat i estil sense igual. El seu disseny es despla\u00e7a c\u00f2modament del dia a la nit, sent la pe\u00e7a perfecta per a qualsevol ocasi\u00f3, des d&#8217;una vetllada distingida fins a una escapada de cap de setmana.<\/p>\n<p>Amb el Hampton 10751, cada moviment \u00e9s un recordatori de precisi\u00f3 i sofisticaci\u00f3, fent d&#8217;aquest rellotge una pe\u00e7a imprescindible a qualsevol col\u00b7lecci\u00f3.<\/p>\n","protected":false},"excerpt":{"rendered":"<p>El Rellotge de quars Balm &amp; Mercier Hampton 10751 \u00e9s la perfecta combinaci\u00f3 entre eleg\u00e0ncia atemporal i precisi\u00f3. Equipat amb un moviment de quars d\u00b4alta qualitat, ofereix una garantia de 8 anys de fiabilitat i exactitud. La caixa d&#8217;acer inoxidable polit, juntament amb l&#8217;esfera opalina amb n\u00fameros \u00e0rabs daurats i agulles en forma d&#8217;espasa, transmet una sofisticaci\u00f3 discreta per\u00f2 poderosa, ideal per a l&#8217;home modern que valora la qualitat i el disseny.<\/p>\n","protected":false},"featured_media":33604,"comment_status":"closed","ping_status":"closed","template":"","meta":[],"product_brand":[],"product_cat":[4586,217],"product_tag":[],"class_list":{"0":"post-33615","1":"product","2":"type-product","3":"status-publish","4":"has-post-thumbnail","6":"product_cat-home","7":"product_cat-rellotges","8":"yith_product_brand-baumemercier-ca","10":"first","11":"instock","12":"shipping-taxable","13":"purchasable","14":"product-type-simple"},"acf":[],"yoast_head":"<!-- This site is optimized with the Yoast SEO plugin v27.3 - https:\/\/yoast.com\/product\/yoast-seo-wordpress\/ -->\n<title>Rellotge de quars Balm &amp; Mercier  Wesselton | Joieria i Diamants<\/title>\n<meta name=\"description\" content=\"El Rellotge de quars Balm &amp; Mercier Hampton 10751 \u00e9s la perfecta combinaci\u00f3 entre eleg\u00e0ncia atemporal i precisi\u00f3. Equipat amb un moviment de quars\" \/>\n<meta name=\"robots\" content=\"index, follow, max-snippet:-1, max-image-preview:large, max-video-preview:-1\" \/>\n<link rel=\"canonical\" href=\"https:\/\/www.wesselton.net\/ca\/rellotge-de-quars-balm-mercier-hampton-10751-amb-polsera-dacer-i-or-rosa\/\" \/>\n<meta property=\"og:locale\" content=\"ca_ES\" \/>\n<meta property=\"og:type\" content=\"article\" \/>\n<meta property=\"og:title\" content=\"Rellotge de quars Balm &amp; Mercier  Wesselton | Joieria i Diamants\" \/>\n<meta property=\"og:description\" content=\"El Rellotge de quars Balm &amp; Mercier Hampton 10751 \u00e9s la perfecta combinaci\u00f3 entre eleg\u00e0ncia atemporal i precisi\u00f3. Equipat amb un moviment de quars\" \/>\n<meta property=\"og:url\" content=\"https:\/\/www.wesselton.net\/ca\/rellotge-de-quars-balm-mercier-hampton-10751-amb-polsera-dacer-i-or-rosa\/\" \/>\n<meta property=\"og:site_name\" content=\"Wesselton | Joieria i Diamants\" \/>\n<meta property=\"article:publisher\" content=\"https:\/\/www.facebook.com\/wesselton.oficial\/\" \/>\n<meta name=\"twitter:card\" content=\"summary_large_image\" \/>\n<meta name=\"twitter:label1\" content=\"Temps estimat de lectura\" \/>\n\t<meta name=\"twitter:data1\" content=\"1 minut\" \/>\n<script type=\"application\/ld+json\" class=\"yoast-schema-graph\">{\"@context\":\"https:\\\/\\\/schema.org\",\"@graph\":[{\"@type\":\"WebPage\",\"@id\":\"https:\\\/\\\/www.wesselton.net\\\/ca\\\/rellotge-de-quars-balm-mercier-hampton-10751-amb-polsera-dacer-i-or-rosa\\\/\",\"url\":\"https:\\\/\\\/www.wesselton.net\\\/ca\\\/rellotge-de-quars-balm-mercier-hampton-10751-amb-polsera-dacer-i-or-rosa\\\/\",\"name\":\"Rellotge de quars Balm & Mercier Wesselton | Joieria i Diamants\",\"isPartOf\":{\"@id\":\"https:\\\/\\\/www.wesselton.net\\\/#website\"},\"primaryImageOfPage\":{\"@id\":\"https:\\\/\\\/www.wesselton.net\\\/ca\\\/rellotge-de-quars-balm-mercier-hampton-10751-amb-polsera-dacer-i-or-rosa\\\/#primaryimage\"},\"image\":{\"@id\":\"https:\\\/\\\/www.wesselton.net\\\/ca\\\/rellotge-de-quars-balm-mercier-hampton-10751-amb-polsera-dacer-i-or-rosa\\\/#primaryimage\"},\"thumbnailUrl\":\"https:\\\/\\\/www.wesselton.net\\\/wp-content\\\/uploads\\\/NvaNivtdQ-2ONXDQ7hbi9w.png.transform.bemproddetailshd.avif\",\"datePublished\":\"2026-03-10T10:18:42+00:00\",\"description\":\"El Rellotge de quars Balm & Mercier Hampton 10751 \u00e9s la perfecta combinaci\u00f3 entre eleg\u00e0ncia atemporal i precisi\u00f3. Equipat amb un moviment de quars\",\"breadcrumb\":{\"@id\":\"https:\\\/\\\/www.wesselton.net\\\/ca\\\/rellotge-de-quars-balm-mercier-hampton-10751-amb-polsera-dacer-i-or-rosa\\\/#breadcrumb\"},\"inLanguage\":\"ca\",\"potentialAction\":[{\"@type\":\"ReadAction\",\"target\":[\"https:\\\/\\\/www.wesselton.net\\\/ca\\\/rellotge-de-quars-balm-mercier-hampton-10751-amb-polsera-dacer-i-or-rosa\\\/\"]}]},{\"@type\":\"ImageObject\",\"inLanguage\":\"ca\",\"@id\":\"https:\\\/\\\/www.wesselton.net\\\/ca\\\/rellotge-de-quars-balm-mercier-hampton-10751-amb-polsera-dacer-i-or-rosa\\\/#primaryimage\",\"url\":\"https:\\\/\\\/www.wesselton.net\\\/wp-content\\\/uploads\\\/NvaNivtdQ-2ONXDQ7hbi9w.png.transform.bemproddetailshd.avif\",\"contentUrl\":\"https:\\\/\\\/www.wesselton.net\\\/wp-content\\\/uploads\\\/NvaNivtdQ-2ONXDQ7hbi9w.png.transform.bemproddetailshd.avif\",\"width\":533,\"height\":733,\"caption\":\"La Montre \u00e0 quartz Baume & Mercier\"},{\"@type\":\"BreadcrumbList\",\"@id\":\"https:\\\/\\\/www.wesselton.net\\\/ca\\\/rellotge-de-quars-balm-mercier-hampton-10751-amb-polsera-dacer-i-or-rosa\\\/#breadcrumb\",\"itemListElement\":[{\"@type\":\"ListItem\",\"position\":1,\"name\":\"Inici\",\"item\":\"https:\\\/\\\/www.wesselton.net\\\/ca\\\/\"},{\"@type\":\"ListItem\",\"position\":2,\"name\":\"Botiga\",\"item\":\"https:\\\/\\\/www.wesselton.net\\\/ca\\\/botiga\\\/\"},{\"@type\":\"ListItem\",\"position\":3,\"name\":\"Rellotge de quars Balm &#038; Mercier Hampton 10751 amb polsera d&#8217;acer i or rosa\"}]},{\"@type\":\"WebSite\",\"@id\":\"https:\\\/\\\/www.wesselton.net\\\/#website\",\"url\":\"https:\\\/\\\/www.wesselton.net\\\/\",\"name\":\"Wesselton | Joieria i Diamants\",\"description\":\"Diamants \u00fanics per moments \u00fanics. Peces d&#039;elaboraci\u00f3 pr\u00f2pia de m\u00e0xima qualitat, cuidades fins a l&#039;\u00faltim detall, i les millors marques de joieria.\",\"potentialAction\":[{\"@type\":\"SearchAction\",\"target\":{\"@type\":\"EntryPoint\",\"urlTemplate\":\"https:\\\/\\\/www.wesselton.net\\\/?s={search_term_string}\"},\"query-input\":{\"@type\":\"PropertyValueSpecification\",\"valueRequired\":true,\"valueName\":\"search_term_string\"}}],\"inLanguage\":\"ca\"}]}<\/script>\n<!-- \/ Yoast SEO plugin. -->","yoast_head_json":{"title":"Rellotge de quars Balm & Mercier  Wesselton | Joieria i Diamants","description":"El Rellotge de quars Balm & Mercier Hampton 10751 \u00e9s la perfecta combinaci\u00f3 entre eleg\u00e0ncia atemporal i precisi\u00f3. Equipat amb un moviment de quars","robots":{"index":"index","follow":"follow","max-snippet":"max-snippet:-1","max-image-preview":"max-image-preview:large","max-video-preview":"max-video-preview:-1"},"canonical":"https:\/\/www.wesselton.net\/ca\/rellotge-de-quars-balm-mercier-hampton-10751-amb-polsera-dacer-i-or-rosa\/","og_locale":"ca_ES","og_type":"article","og_title":"Rellotge de quars Balm & Mercier  Wesselton | Joieria i Diamants","og_description":"El Rellotge de quars Balm & Mercier Hampton 10751 \u00e9s la perfecta combinaci\u00f3 entre eleg\u00e0ncia atemporal i precisi\u00f3. Equipat amb un moviment de quars","og_url":"https:\/\/www.wesselton.net\/ca\/rellotge-de-quars-balm-mercier-hampton-10751-amb-polsera-dacer-i-or-rosa\/","og_site_name":"Wesselton | Joieria i Diamants","article_publisher":"https:\/\/www.facebook.com\/wesselton.oficial\/","twitter_card":"summary_large_image","twitter_misc":{"Temps estimat de lectura":"1 minut"},"schema":{"@context":"https:\/\/schema.org","@graph":[{"@type":"WebPage","@id":"https:\/\/www.wesselton.net\/ca\/rellotge-de-quars-balm-mercier-hampton-10751-amb-polsera-dacer-i-or-rosa\/","url":"https:\/\/www.wesselton.net\/ca\/rellotge-de-quars-balm-mercier-hampton-10751-amb-polsera-dacer-i-or-rosa\/","name":"Rellotge de quars Balm & Mercier Wesselton | Joieria i Diamants","isPartOf":{"@id":"https:\/\/www.wesselton.net\/#website"},"primaryImageOfPage":{"@id":"https:\/\/www.wesselton.net\/ca\/rellotge-de-quars-balm-mercier-hampton-10751-amb-polsera-dacer-i-or-rosa\/#primaryimage"},"image":{"@id":"https:\/\/www.wesselton.net\/ca\/rellotge-de-quars-balm-mercier-hampton-10751-amb-polsera-dacer-i-or-rosa\/#primaryimage"},"thumbnailUrl":"https:\/\/www.wesselton.net\/wp-content\/uploads\/NvaNivtdQ-2ONXDQ7hbi9w.png.transform.bemproddetailshd.avif","datePublished":"2026-03-10T10:18:42+00:00","description":"El Rellotge de quars Balm & Mercier Hampton 10751 \u00e9s la perfecta combinaci\u00f3 entre eleg\u00e0ncia atemporal i precisi\u00f3. Equipat amb un moviment de quars","breadcrumb":{"@id":"https:\/\/www.wesselton.net\/ca\/rellotge-de-quars-balm-mercier-hampton-10751-amb-polsera-dacer-i-or-rosa\/#breadcrumb"},"inLanguage":"ca","potentialAction":[{"@type":"ReadAction","target":["https:\/\/www.wesselton.net\/ca\/rellotge-de-quars-balm-mercier-hampton-10751-amb-polsera-dacer-i-or-rosa\/"]}]},{"@type":"ImageObject","inLanguage":"ca","@id":"https:\/\/www.wesselton.net\/ca\/rellotge-de-quars-balm-mercier-hampton-10751-amb-polsera-dacer-i-or-rosa\/#primaryimage","url":"https:\/\/www.wesselton.net\/wp-content\/uploads\/NvaNivtdQ-2ONXDQ7hbi9w.png.transform.bemproddetailshd.avif","contentUrl":"https:\/\/www.wesselton.net\/wp-content\/uploads\/NvaNivtdQ-2ONXDQ7hbi9w.png.transform.bemproddetailshd.avif","width":533,"height":733,"caption":"La Montre \u00e0 quartz Baume & Mercier"},{"@type":"BreadcrumbList","@id":"https:\/\/www.wesselton.net\/ca\/rellotge-de-quars-balm-mercier-hampton-10751-amb-polsera-dacer-i-or-rosa\/#breadcrumb","itemListElement":[{"@type":"ListItem","position":1,"name":"Inici","item":"https:\/\/www.wesselton.net\/ca\/"},{"@type":"ListItem","position":2,"name":"Botiga","item":"https:\/\/www.wesselton.net\/ca\/botiga\/"},{"@type":"ListItem","position":3,"name":"Rellotge de quars Balm &#038; Mercier Hampton 10751 amb polsera d&#8217;acer i or rosa"}]},{"@type":"WebSite","@id":"https:\/\/www.wesselton.net\/#website","url":"https:\/\/www.wesselton.net\/","name":"Wesselton | Joieria i Diamants","description":"Diamants \u00fanics per moments \u00fanics. Peces d&#039;elaboraci\u00f3 pr\u00f2pia de m\u00e0xima qualitat, cuidades fins a l&#039;\u00faltim detall, i les millors marques de joieria.","potentialAction":[{"@type":"SearchAction","target":{"@type":"EntryPoint","urlTemplate":"https:\/\/www.wesselton.net\/?s={search_term_string}"},"query-input":{"@type":"PropertyValueSpecification","valueRequired":true,"valueName":"search_term_string"}}],"inLanguage":"ca"}]}},"_links":{"self":[{"href":"https:\/\/www.wesselton.net\/ca\/wp-json\/wp\/v2\/product\/33615","targetHints":{"allow":["GET"]}}],"collection":[{"href":"https:\/\/www.wesselton.net\/ca\/wp-json\/wp\/v2\/product"}],"about":[{"href":"https:\/\/www.wesselton.net\/ca\/wp-json\/wp\/v2\/types\/product"}],"replies":[{"embeddable":true,"href":"https:\/\/www.wesselton.net\/ca\/wp-json\/wp\/v2\/comments?post=33615"}],"wp:featuredmedia":[{"embeddable":true,"href":"https:\/\/www.wesselton.net\/ca\/wp-json\/wp\/v2\/media\/33604"}],"wp:attachment":[{"href":"https:\/\/www.wesselton.net\/ca\/wp-json\/wp\/v2\/media?parent=33615"}],"wp:term":[{"taxonomy":"product_brand","embeddable":true,"href":"https:\/\/www.wesselton.net\/ca\/wp-json\/wp\/v2\/product_brand?post=33615"},{"taxonomy":"product_cat","embeddable":true,"href":"https:\/\/www.wesselton.net\/ca\/wp-json\/wp\/v2\/product_cat?post=33615"},{"taxonomy":"product_tag","embeddable":true,"href":"https:\/\/www.wesselton.net\/ca\/wp-json\/wp\/v2\/product_tag?post=33615"}],"curies":[{"name":"wp","href":"https:\/\/api.w.org\/{rel}","templated":true}]}}