

{"id":33632,"date":"2026-03-10T13:50:20","date_gmt":"2026-03-10T11:50:20","guid":{"rendered":"https:\/\/www.wesselton.net\/rellotge-baume-mercier-clifton-10792-automatic-amb-esfera-blava-degradada\/"},"modified":"2026-03-11T10:40:42","modified_gmt":"2026-03-11T08:40:42","slug":"rellotge-baume-mercier-clifton-10792-automatic-amb-esfera-blava-degradada","status":"publish","type":"product","link":"https:\/\/www.wesselton.net\/ca\/rellotge-baume-mercier-clifton-10792-automatic-amb-esfera-blava-degradada\/","title":{"rendered":"Rellotge Baume &#038; Mercier Clifton 10792 autom\u00e0tic amb esfera blava degradada"},"content":{"rendered":"<p>El Rellotge Baume &amp; Mercier Clifton 10792 \u00e9s una pe\u00e7a que fusiona a la perfecci\u00f3 l&#8217;est\u00e8tica contempor\u00e0nia amb la sofisticaci\u00f3 atemporal inspirada als anys cinquanta. Aquest rellotge d&#8217;alta rellotgeria est\u00e0 dissenyat per a l&#8217;home modern que no nom\u00e9s aprecia la bellesa i el saber fer, sin\u00f3 tamb\u00e9 l&#8217;eleg\u00e0ncia discreta i el refinament que perduren en el temps.<\/p>\n<p>Amb una caixa de 39 mm de di\u00e0metre i un gruix d&#8217;11,2 mm, el Rellotge Baume &amp; Mercier Clifton 10792 es distingeix per la seva primesa refinada, cosa que aporta confort i distinci\u00f3 a la pe\u00e7a. La caixa, amb acabats polits i setinats, es complementa amb una corretja d\u00b4acer inoxidable de tres fileres, que incorpora un sistema d\u00b4intercanvi r\u00e0pid que permet personalitzar el rellotge segons el gust de qui el porta.<\/p>\n<p>El dial lacat en blau degradat i els detalls en blanc, com ara els \u00edndexs trapezo\u00efdals i les agulles en forma alfa, accentuen el car\u00e0cter modern d&#8217;aquest rellotge. Equipat amb el moviment autom\u00e0tic Baumatic (BM13-1975A), amb una reserva de marxa de 5 dies i hermetisme de 5 ATM, el Clifton 10792 \u00e9s ideal per als que busquen fiabilitat a llarg termini sense sacrificar l&#8217;est\u00e8tica.<\/p>\n<p>Un rellotge de luxe discret, dissenyat per brillar sense ser ostent\u00f3s, el Clifton 10792 \u00e9s una elecci\u00f3 perfecta per a moments especials<\/p>\n","protected":false},"excerpt":{"rendered":"<p>El Rellotge Baume &amp; Mercier Clifton 10792 \u00e9s una pe\u00e7a que fusiona a la perfecci\u00f3 l&#8217;est\u00e8tica contempor\u00e0nia amb la sofisticaci\u00f3 atemporal inspirada als anys cinquanta. Aquest rellotge d&#8217;alta rellotgeria est\u00e0 dissenyat per a l&#8217;home modern que no nom\u00e9s aprecia la bellesa i el saber fer, sin\u00f3 tamb\u00e9 l&#8217;eleg\u00e0ncia discreta i el refinament que perduren en el temps.<\/p>\n","protected":false},"featured_media":33621,"comment_status":"closed","ping_status":"closed","template":"","meta":[],"product_brand":[],"product_cat":[4586,217],"product_tag":[],"class_list":{"0":"post-33632","1":"product","2":"type-product","3":"status-publish","4":"has-post-thumbnail","6":"product_cat-home","7":"product_cat-rellotges","8":"yith_product_brand-baumemercier-ca","10":"first","11":"instock","12":"shipping-taxable","13":"purchasable","14":"product-type-simple"},"acf":[],"yoast_head":"<!-- This site is optimized with the Yoast SEO plugin v27.3 - https:\/\/yoast.com\/product\/yoast-seo-wordpress\/ -->\n<title>Rellotge Baume &amp; Mercier Clifton Wesselton | Joieria i Diamants<\/title>\n<meta name=\"description\" content=\"El Reloj Baume &amp; Mercier Clifton 10792 es una pieza que fusiona a la perfecci\u00f3n la est\u00e9tica contempor\u00e1nea con la sofisticaci\u00f3n atemporal\" \/>\n<meta name=\"robots\" content=\"index, follow, max-snippet:-1, max-image-preview:large, max-video-preview:-1\" \/>\n<link rel=\"canonical\" href=\"https:\/\/www.wesselton.net\/ca\/rellotge-baume-mercier-clifton-10792-automatic-amb-esfera-blava-degradada\/\" \/>\n<meta property=\"og:locale\" content=\"ca_ES\" \/>\n<meta property=\"og:type\" content=\"article\" \/>\n<meta property=\"og:title\" content=\"Rellotge Baume &amp; Mercier Clifton Wesselton | Joieria i Diamants\" \/>\n<meta property=\"og:description\" content=\"El Reloj Baume &amp; Mercier Clifton 10792 es una pieza que fusiona a la perfecci\u00f3n la est\u00e9tica contempor\u00e1nea con la sofisticaci\u00f3n atemporal\" \/>\n<meta property=\"og:url\" content=\"https:\/\/www.wesselton.net\/ca\/rellotge-baume-mercier-clifton-10792-automatic-amb-esfera-blava-degradada\/\" \/>\n<meta property=\"og:site_name\" content=\"Wesselton | Joieria i Diamants\" \/>\n<meta property=\"article:publisher\" content=\"https:\/\/www.facebook.com\/wesselton.oficial\/\" \/>\n<meta property=\"article:modified_time\" content=\"2026-03-11T08:40:42+00:00\" \/>\n<meta name=\"twitter:card\" content=\"summary_large_image\" \/>\n<meta name=\"twitter:label1\" content=\"Temps estimat de lectura\" \/>\n\t<meta name=\"twitter:data1\" content=\"2 minuts\" \/>\n<script type=\"application\/ld+json\" class=\"yoast-schema-graph\">{\"@context\":\"https:\\\/\\\/schema.org\",\"@graph\":[{\"@type\":\"WebPage\",\"@id\":\"https:\\\/\\\/www.wesselton.net\\\/ca\\\/rellotge-baume-mercier-clifton-10792-automatic-amb-esfera-blava-degradada\\\/\",\"url\":\"https:\\\/\\\/www.wesselton.net\\\/ca\\\/rellotge-baume-mercier-clifton-10792-automatic-amb-esfera-blava-degradada\\\/\",\"name\":\"Rellotge Baume & Mercier Clifton Wesselton | Joieria i Diamants\",\"isPartOf\":{\"@id\":\"https:\\\/\\\/www.wesselton.net\\\/#website\"},\"primaryImageOfPage\":{\"@id\":\"https:\\\/\\\/www.wesselton.net\\\/ca\\\/rellotge-baume-mercier-clifton-10792-automatic-amb-esfera-blava-degradada\\\/#primaryimage\"},\"image\":{\"@id\":\"https:\\\/\\\/www.wesselton.net\\\/ca\\\/rellotge-baume-mercier-clifton-10792-automatic-amb-esfera-blava-degradada\\\/#primaryimage\"},\"thumbnailUrl\":\"https:\\\/\\\/www.wesselton.net\\\/wp-content\\\/uploads\\\/7C_g7kStTbCiHCJFdtpg2Q.png.transform.bemproddetailshd.avif\",\"datePublished\":\"2026-03-10T11:50:20+00:00\",\"dateModified\":\"2026-03-11T08:40:42+00:00\",\"description\":\"El Reloj Baume & Mercier Clifton 10792 es una pieza que fusiona a la perfecci\u00f3n la est\u00e9tica contempor\u00e1nea con la sofisticaci\u00f3n atemporal\",\"breadcrumb\":{\"@id\":\"https:\\\/\\\/www.wesselton.net\\\/ca\\\/rellotge-baume-mercier-clifton-10792-automatic-amb-esfera-blava-degradada\\\/#breadcrumb\"},\"inLanguage\":\"ca\",\"potentialAction\":[{\"@type\":\"ReadAction\",\"target\":[\"https:\\\/\\\/www.wesselton.net\\\/ca\\\/rellotge-baume-mercier-clifton-10792-automatic-amb-esfera-blava-degradada\\\/\"]}]},{\"@type\":\"ImageObject\",\"inLanguage\":\"ca\",\"@id\":\"https:\\\/\\\/www.wesselton.net\\\/ca\\\/rellotge-baume-mercier-clifton-10792-automatic-amb-esfera-blava-degradada\\\/#primaryimage\",\"url\":\"https:\\\/\\\/www.wesselton.net\\\/wp-content\\\/uploads\\\/7C_g7kStTbCiHCJFdtpg2Q.png.transform.bemproddetailshd.avif\",\"contentUrl\":\"https:\\\/\\\/www.wesselton.net\\\/wp-content\\\/uploads\\\/7C_g7kStTbCiHCJFdtpg2Q.png.transform.bemproddetailshd.avif\",\"width\":533,\"height\":733,\"caption\":\"Baume & Mercier Clifton Watch\"},{\"@type\":\"BreadcrumbList\",\"@id\":\"https:\\\/\\\/www.wesselton.net\\\/ca\\\/rellotge-baume-mercier-clifton-10792-automatic-amb-esfera-blava-degradada\\\/#breadcrumb\",\"itemListElement\":[{\"@type\":\"ListItem\",\"position\":1,\"name\":\"Inici\",\"item\":\"https:\\\/\\\/www.wesselton.net\\\/ca\\\/\"},{\"@type\":\"ListItem\",\"position\":2,\"name\":\"Botiga\",\"item\":\"https:\\\/\\\/www.wesselton.net\\\/ca\\\/botiga\\\/\"},{\"@type\":\"ListItem\",\"position\":3,\"name\":\"Rellotge Baume &#038; Mercier Clifton 10792 autom\u00e0tic amb esfera blava degradada\"}]},{\"@type\":\"WebSite\",\"@id\":\"https:\\\/\\\/www.wesselton.net\\\/#website\",\"url\":\"https:\\\/\\\/www.wesselton.net\\\/\",\"name\":\"Wesselton | Joieria i Diamants\",\"description\":\"Diamants \u00fanics per moments \u00fanics. Peces d&#039;elaboraci\u00f3 pr\u00f2pia de m\u00e0xima qualitat, cuidades fins a l&#039;\u00faltim detall, i les millors marques de joieria.\",\"potentialAction\":[{\"@type\":\"SearchAction\",\"target\":{\"@type\":\"EntryPoint\",\"urlTemplate\":\"https:\\\/\\\/www.wesselton.net\\\/?s={search_term_string}\"},\"query-input\":{\"@type\":\"PropertyValueSpecification\",\"valueRequired\":true,\"valueName\":\"search_term_string\"}}],\"inLanguage\":\"ca\"}]}<\/script>\n<!-- \/ Yoast SEO plugin. -->","yoast_head_json":{"title":"Rellotge Baume & Mercier Clifton Wesselton | Joieria i Diamants","description":"El Reloj Baume & Mercier Clifton 10792 es una pieza que fusiona a la perfecci\u00f3n la est\u00e9tica contempor\u00e1nea con la sofisticaci\u00f3n atemporal","robots":{"index":"index","follow":"follow","max-snippet":"max-snippet:-1","max-image-preview":"max-image-preview:large","max-video-preview":"max-video-preview:-1"},"canonical":"https:\/\/www.wesselton.net\/ca\/rellotge-baume-mercier-clifton-10792-automatic-amb-esfera-blava-degradada\/","og_locale":"ca_ES","og_type":"article","og_title":"Rellotge Baume & Mercier Clifton Wesselton | Joieria i Diamants","og_description":"El Reloj Baume & Mercier Clifton 10792 es una pieza que fusiona a la perfecci\u00f3n la est\u00e9tica contempor\u00e1nea con la sofisticaci\u00f3n atemporal","og_url":"https:\/\/www.wesselton.net\/ca\/rellotge-baume-mercier-clifton-10792-automatic-amb-esfera-blava-degradada\/","og_site_name":"Wesselton | Joieria i Diamants","article_publisher":"https:\/\/www.facebook.com\/wesselton.oficial\/","article_modified_time":"2026-03-11T08:40:42+00:00","twitter_card":"summary_large_image","twitter_misc":{"Temps estimat de lectura":"2 minuts"},"schema":{"@context":"https:\/\/schema.org","@graph":[{"@type":"WebPage","@id":"https:\/\/www.wesselton.net\/ca\/rellotge-baume-mercier-clifton-10792-automatic-amb-esfera-blava-degradada\/","url":"https:\/\/www.wesselton.net\/ca\/rellotge-baume-mercier-clifton-10792-automatic-amb-esfera-blava-degradada\/","name":"Rellotge Baume & Mercier Clifton Wesselton | Joieria i Diamants","isPartOf":{"@id":"https:\/\/www.wesselton.net\/#website"},"primaryImageOfPage":{"@id":"https:\/\/www.wesselton.net\/ca\/rellotge-baume-mercier-clifton-10792-automatic-amb-esfera-blava-degradada\/#primaryimage"},"image":{"@id":"https:\/\/www.wesselton.net\/ca\/rellotge-baume-mercier-clifton-10792-automatic-amb-esfera-blava-degradada\/#primaryimage"},"thumbnailUrl":"https:\/\/www.wesselton.net\/wp-content\/uploads\/7C_g7kStTbCiHCJFdtpg2Q.png.transform.bemproddetailshd.avif","datePublished":"2026-03-10T11:50:20+00:00","dateModified":"2026-03-11T08:40:42+00:00","description":"El Reloj Baume & Mercier Clifton 10792 es una pieza que fusiona a la perfecci\u00f3n la est\u00e9tica contempor\u00e1nea con la sofisticaci\u00f3n atemporal","breadcrumb":{"@id":"https:\/\/www.wesselton.net\/ca\/rellotge-baume-mercier-clifton-10792-automatic-amb-esfera-blava-degradada\/#breadcrumb"},"inLanguage":"ca","potentialAction":[{"@type":"ReadAction","target":["https:\/\/www.wesselton.net\/ca\/rellotge-baume-mercier-clifton-10792-automatic-amb-esfera-blava-degradada\/"]}]},{"@type":"ImageObject","inLanguage":"ca","@id":"https:\/\/www.wesselton.net\/ca\/rellotge-baume-mercier-clifton-10792-automatic-amb-esfera-blava-degradada\/#primaryimage","url":"https:\/\/www.wesselton.net\/wp-content\/uploads\/7C_g7kStTbCiHCJFdtpg2Q.png.transform.bemproddetailshd.avif","contentUrl":"https:\/\/www.wesselton.net\/wp-content\/uploads\/7C_g7kStTbCiHCJFdtpg2Q.png.transform.bemproddetailshd.avif","width":533,"height":733,"caption":"Baume & Mercier Clifton Watch"},{"@type":"BreadcrumbList","@id":"https:\/\/www.wesselton.net\/ca\/rellotge-baume-mercier-clifton-10792-automatic-amb-esfera-blava-degradada\/#breadcrumb","itemListElement":[{"@type":"ListItem","position":1,"name":"Inici","item":"https:\/\/www.wesselton.net\/ca\/"},{"@type":"ListItem","position":2,"name":"Botiga","item":"https:\/\/www.wesselton.net\/ca\/botiga\/"},{"@type":"ListItem","position":3,"name":"Rellotge Baume &#038; Mercier Clifton 10792 autom\u00e0tic amb esfera blava degradada"}]},{"@type":"WebSite","@id":"https:\/\/www.wesselton.net\/#website","url":"https:\/\/www.wesselton.net\/","name":"Wesselton | Joieria i Diamants","description":"Diamants \u00fanics per moments \u00fanics. Peces d&#039;elaboraci\u00f3 pr\u00f2pia de m\u00e0xima qualitat, cuidades fins a l&#039;\u00faltim detall, i les millors marques de joieria.","potentialAction":[{"@type":"SearchAction","target":{"@type":"EntryPoint","urlTemplate":"https:\/\/www.wesselton.net\/?s={search_term_string}"},"query-input":{"@type":"PropertyValueSpecification","valueRequired":true,"valueName":"search_term_string"}}],"inLanguage":"ca"}]}},"_links":{"self":[{"href":"https:\/\/www.wesselton.net\/ca\/wp-json\/wp\/v2\/product\/33632","targetHints":{"allow":["GET"]}}],"collection":[{"href":"https:\/\/www.wesselton.net\/ca\/wp-json\/wp\/v2\/product"}],"about":[{"href":"https:\/\/www.wesselton.net\/ca\/wp-json\/wp\/v2\/types\/product"}],"replies":[{"embeddable":true,"href":"https:\/\/www.wesselton.net\/ca\/wp-json\/wp\/v2\/comments?post=33632"}],"wp:featuredmedia":[{"embeddable":true,"href":"https:\/\/www.wesselton.net\/ca\/wp-json\/wp\/v2\/media\/33621"}],"wp:attachment":[{"href":"https:\/\/www.wesselton.net\/ca\/wp-json\/wp\/v2\/media?parent=33632"}],"wp:term":[{"taxonomy":"product_brand","embeddable":true,"href":"https:\/\/www.wesselton.net\/ca\/wp-json\/wp\/v2\/product_brand?post=33632"},{"taxonomy":"product_cat","embeddable":true,"href":"https:\/\/www.wesselton.net\/ca\/wp-json\/wp\/v2\/product_cat?post=33632"},{"taxonomy":"product_tag","embeddable":true,"href":"https:\/\/www.wesselton.net\/ca\/wp-json\/wp\/v2\/product_tag?post=33632"}],"curies":[{"name":"wp","href":"https:\/\/api.w.org\/{rel}","templated":true}]}}