

{"id":9100,"date":"2020-05-06T12:08:27","date_gmt":"2020-05-06T10:08:27","guid":{"rendered":"https:\/\/www.wesselton.net\/?post_type=product&#038;p=9100"},"modified":"2025-02-27T03:19:38","modified_gmt":"2025-02-27T01:19:38","slug":"messika-move-classique-move-pave-or-rosa","status":"publish","type":"product","link":"https:\/\/www.wesselton.net\/ca\/messika-move-classique-move-pave-or-rosa\/","title":{"rendered":"COLLARET MESSIKA &#8211; MOVE PAV\u00c9 &#8211; OR ROSA"},"content":{"rendered":"<p>Refer\u00e8ncia: Collaret de diamants amb pav\u00e9 en or rosa per a dona Move Classique 03994-PG<\/p>\n<p><strong>Univers<\/strong>: Joieria<br \/>\n<strong>Tipus de joia<\/strong>: Collaret amb pav\u00e9<br \/>\n<strong>Pedres<\/strong>: Diamant<br \/>\n<strong>Pes dels diamants<\/strong>: 0,65 quirats<\/p>\n<p>Totes les peces de la col\u00b7lecci\u00f3 de joieria Messika s\u00f3n \u00faniques. Ara b\u00e9, el pes en grams, els quirats i la talla poden variar lleugerament d&#8217;una creaci\u00f3 a una altra.<\/p>\n","protected":false},"excerpt":{"rendered":"<p>Aquest collaret amb pav\u00e9 en or rosa de 18 quirats totalment elaborat a m\u00e0 i encastat amb tres diamants talla brillant de 0,08 ct cada un pertany a la col\u00b7lecci\u00f3 de joieria Move, emblema de la Maison Messika. L&#8217;elegant encastat ressalta l&#8217;or rosa del collaret. Messika revela tota la seva creativitat en aquesta joia de diamants ultramoderna mitjan\u00e7ant l&#8217;or rosa, molt de moda aquesta temporada. El color llumin\u00f3s i original d&#8217;aquest collaret de diamants amb pav\u00e9 en or rosa resultar\u00e0 irresistible per a les dones que busquen una creaci\u00f3 \u00fanica. Aquest collaret de luxe en or rosa es distingeix pel seu modern disseny i per les sinuoses l\u00ednies de la seva g\u00e0bia delicadament encastada amb pav\u00e9 real\u00e7ada per la seva doble cadena. El moviment dels tres diamants, s\u00edmbol de l&#8217;amor del passat, el present i el futur, embelleix a cada instant l&#8217;espl\u00e8ndid joc d&#8217;aquestes pedres seleccionades amb la major atenci\u00f3.<\/p>\n","protected":false},"featured_media":9101,"comment_status":"open","ping_status":"closed","template":"","meta":[],"product_brand":[],"product_cat":[2664,2656],"product_tag":[],"class_list":{"0":"post-9100","1":"product","2":"type-product","3":"status-publish","4":"has-post-thumbnail","6":"product_cat-collars-diamants","7":"product_cat-collars-or-rosa","8":"yith_product_brand-messika","10":"first","11":"instock","12":"shipping-taxable","13":"purchasable","14":"product-type-simple"},"acf":[],"yoast_head":"<!-- This site is optimized with the Yoast SEO plugin v27.2 - https:\/\/yoast.com\/product\/yoast-seo-wordpress\/ -->\n<title>COLLARET MOVE CLASSIQUE MOVE PAV\u00c9 - OR ROSA - Wesselton<\/title>\n<meta name=\"description\" content=\"Collaret Messika MOVE CLASSIQUE MOVE PAV\u00c9 - or rosa.\" \/>\n<meta name=\"robots\" content=\"index, follow, max-snippet:-1, max-image-preview:large, max-video-preview:-1\" \/>\n<link rel=\"canonical\" href=\"https:\/\/www.wesselton.net\/ca\/messika-move-classique-move-pave-or-rosa\/\" \/>\n<meta property=\"og:locale\" content=\"ca_ES\" \/>\n<meta property=\"og:type\" content=\"article\" \/>\n<meta property=\"og:title\" content=\"COLLARET MOVE CLASSIQUE MOVE PAV\u00c9 - OR ROSA - Wesselton\" \/>\n<meta property=\"og:description\" content=\"Collaret Messika MOVE CLASSIQUE MOVE PAV\u00c9 - or rosa.\" \/>\n<meta property=\"og:url\" content=\"https:\/\/www.wesselton.net\/ca\/messika-move-classique-move-pave-or-rosa\/\" \/>\n<meta property=\"og:site_name\" content=\"Wesselton | Joieria i Diamants\" \/>\n<meta property=\"article:publisher\" content=\"https:\/\/www.facebook.com\/wesselton.oficial\/\" \/>\n<meta property=\"article:modified_time\" content=\"2025-02-27T01:19:38+00:00\" \/>\n<meta property=\"og:image\" content=\"https:\/\/www.wesselton.net\/wp-content\/uploads\/move-classique-move-pave-collaret-or-rosa-001.jpg\" \/>\n\t<meta property=\"og:image:width\" content=\"680\" \/>\n\t<meta property=\"og:image:height\" content=\"920\" \/>\n\t<meta property=\"og:image:type\" content=\"image\/jpeg\" \/>\n<meta name=\"twitter:card\" content=\"summary_large_image\" \/>\n<meta name=\"twitter:label1\" content=\"Temps estimat de lectura\" \/>\n\t<meta name=\"twitter:data1\" content=\"1 minut\" \/>\n<script type=\"application\/ld+json\" class=\"yoast-schema-graph\">{\"@context\":\"https:\/\/schema.org\",\"@graph\":[{\"@type\":\"WebPage\",\"@id\":\"https:\/\/www.wesselton.net\/ca\/messika-move-classique-move-pave-or-rosa\/\",\"url\":\"https:\/\/www.wesselton.net\/ca\/messika-move-classique-move-pave-or-rosa\/\",\"name\":\"COLLARET MOVE CLASSIQUE MOVE PAV\u00c9 - OR ROSA - Wesselton\",\"isPartOf\":{\"@id\":\"https:\/\/www.wesselton.net\/#website\"},\"primaryImageOfPage\":{\"@id\":\"https:\/\/www.wesselton.net\/ca\/messika-move-classique-move-pave-or-rosa\/#primaryimage\"},\"image\":{\"@id\":\"https:\/\/www.wesselton.net\/ca\/messika-move-classique-move-pave-or-rosa\/#primaryimage\"},\"thumbnailUrl\":\"https:\/\/www.wesselton.net\/wp-content\/uploads\/move-classique-move-pave-collaret-or-rosa-001.jpg\",\"datePublished\":\"2020-05-06T10:08:27+00:00\",\"dateModified\":\"2025-02-27T01:19:38+00:00\",\"description\":\"Collaret Messika MOVE CLASSIQUE MOVE PAV\u00c9 - or rosa.\",\"breadcrumb\":{\"@id\":\"https:\/\/www.wesselton.net\/ca\/messika-move-classique-move-pave-or-rosa\/#breadcrumb\"},\"inLanguage\":\"ca\",\"potentialAction\":[{\"@type\":\"ReadAction\",\"target\":[\"https:\/\/www.wesselton.net\/ca\/messika-move-classique-move-pave-or-rosa\/\"]}]},{\"@type\":\"ImageObject\",\"inLanguage\":\"ca\",\"@id\":\"https:\/\/www.wesselton.net\/ca\/messika-move-classique-move-pave-or-rosa\/#primaryimage\",\"url\":\"https:\/\/www.wesselton.net\/wp-content\/uploads\/move-classique-move-pave-collaret-or-rosa-001.jpg\",\"contentUrl\":\"https:\/\/www.wesselton.net\/wp-content\/uploads\/move-classique-move-pave-collaret-or-rosa-001.jpg\",\"width\":680,\"height\":920,\"caption\":\"MOVE CLASSIQUE MOVE PAV\u00c9 - COLLARET, OR ROSA\"},{\"@type\":\"BreadcrumbList\",\"@id\":\"https:\/\/www.wesselton.net\/ca\/messika-move-classique-move-pave-or-rosa\/#breadcrumb\",\"itemListElement\":[{\"@type\":\"ListItem\",\"position\":1,\"name\":\"Inici\",\"item\":\"https:\/\/www.wesselton.net\/ca\/\"},{\"@type\":\"ListItem\",\"position\":2,\"name\":\"Botiga\",\"item\":\"https:\/\/www.wesselton.net\/ca\/botiga\/\"},{\"@type\":\"ListItem\",\"position\":3,\"name\":\"COLLARET MESSIKA &#8211; MOVE PAV\u00c9 &#8211; OR ROSA\"}]},{\"@type\":\"WebSite\",\"@id\":\"https:\/\/www.wesselton.net\/#website\",\"url\":\"https:\/\/www.wesselton.net\/\",\"name\":\"Wesselton | Joieria i Diamants\",\"description\":\"Diamants \u00fanics per moments \u00fanics. Peces d&#039;elaboraci\u00f3 pr\u00f2pia de m\u00e0xima qualitat, cuidades fins a l&#039;\u00faltim detall, i les millors marques de joieria.\",\"potentialAction\":[{\"@type\":\"SearchAction\",\"target\":{\"@type\":\"EntryPoint\",\"urlTemplate\":\"https:\/\/www.wesselton.net\/?s={search_term_string}\"},\"query-input\":{\"@type\":\"PropertyValueSpecification\",\"valueRequired\":true,\"valueName\":\"search_term_string\"}}],\"inLanguage\":\"ca\"}]}<\/script>\n<!-- \/ Yoast SEO plugin. -->","yoast_head_json":{"title":"COLLARET MOVE CLASSIQUE MOVE PAV\u00c9 - OR ROSA - Wesselton","description":"Collaret Messika MOVE CLASSIQUE MOVE PAV\u00c9 - or rosa.","robots":{"index":"index","follow":"follow","max-snippet":"max-snippet:-1","max-image-preview":"max-image-preview:large","max-video-preview":"max-video-preview:-1"},"canonical":"https:\/\/www.wesselton.net\/ca\/messika-move-classique-move-pave-or-rosa\/","og_locale":"ca_ES","og_type":"article","og_title":"COLLARET MOVE CLASSIQUE MOVE PAV\u00c9 - OR ROSA - Wesselton","og_description":"Collaret Messika MOVE CLASSIQUE MOVE PAV\u00c9 - or rosa.","og_url":"https:\/\/www.wesselton.net\/ca\/messika-move-classique-move-pave-or-rosa\/","og_site_name":"Wesselton | Joieria i Diamants","article_publisher":"https:\/\/www.facebook.com\/wesselton.oficial\/","article_modified_time":"2025-02-27T01:19:38+00:00","og_image":[{"width":680,"height":920,"url":"https:\/\/www.wesselton.net\/wp-content\/uploads\/move-classique-move-pave-collaret-or-rosa-001.jpg","type":"image\/jpeg"}],"twitter_card":"summary_large_image","twitter_misc":{"Temps estimat de lectura":"1 minut"},"schema":{"@context":"https:\/\/schema.org","@graph":[{"@type":"WebPage","@id":"https:\/\/www.wesselton.net\/ca\/messika-move-classique-move-pave-or-rosa\/","url":"https:\/\/www.wesselton.net\/ca\/messika-move-classique-move-pave-or-rosa\/","name":"COLLARET MOVE CLASSIQUE MOVE PAV\u00c9 - OR ROSA - Wesselton","isPartOf":{"@id":"https:\/\/www.wesselton.net\/#website"},"primaryImageOfPage":{"@id":"https:\/\/www.wesselton.net\/ca\/messika-move-classique-move-pave-or-rosa\/#primaryimage"},"image":{"@id":"https:\/\/www.wesselton.net\/ca\/messika-move-classique-move-pave-or-rosa\/#primaryimage"},"thumbnailUrl":"https:\/\/www.wesselton.net\/wp-content\/uploads\/move-classique-move-pave-collaret-or-rosa-001.jpg","datePublished":"2020-05-06T10:08:27+00:00","dateModified":"2025-02-27T01:19:38+00:00","description":"Collaret Messika MOVE CLASSIQUE MOVE PAV\u00c9 - or rosa.","breadcrumb":{"@id":"https:\/\/www.wesselton.net\/ca\/messika-move-classique-move-pave-or-rosa\/#breadcrumb"},"inLanguage":"ca","potentialAction":[{"@type":"ReadAction","target":["https:\/\/www.wesselton.net\/ca\/messika-move-classique-move-pave-or-rosa\/"]}]},{"@type":"ImageObject","inLanguage":"ca","@id":"https:\/\/www.wesselton.net\/ca\/messika-move-classique-move-pave-or-rosa\/#primaryimage","url":"https:\/\/www.wesselton.net\/wp-content\/uploads\/move-classique-move-pave-collaret-or-rosa-001.jpg","contentUrl":"https:\/\/www.wesselton.net\/wp-content\/uploads\/move-classique-move-pave-collaret-or-rosa-001.jpg","width":680,"height":920,"caption":"MOVE CLASSIQUE MOVE PAV\u00c9 - COLLARET, OR ROSA"},{"@type":"BreadcrumbList","@id":"https:\/\/www.wesselton.net\/ca\/messika-move-classique-move-pave-or-rosa\/#breadcrumb","itemListElement":[{"@type":"ListItem","position":1,"name":"Inici","item":"https:\/\/www.wesselton.net\/ca\/"},{"@type":"ListItem","position":2,"name":"Botiga","item":"https:\/\/www.wesselton.net\/ca\/botiga\/"},{"@type":"ListItem","position":3,"name":"COLLARET MESSIKA &#8211; MOVE PAV\u00c9 &#8211; OR ROSA"}]},{"@type":"WebSite","@id":"https:\/\/www.wesselton.net\/#website","url":"https:\/\/www.wesselton.net\/","name":"Wesselton | Joieria i Diamants","description":"Diamants \u00fanics per moments \u00fanics. Peces d&#039;elaboraci\u00f3 pr\u00f2pia de m\u00e0xima qualitat, cuidades fins a l&#039;\u00faltim detall, i les millors marques de joieria.","potentialAction":[{"@type":"SearchAction","target":{"@type":"EntryPoint","urlTemplate":"https:\/\/www.wesselton.net\/?s={search_term_string}"},"query-input":{"@type":"PropertyValueSpecification","valueRequired":true,"valueName":"search_term_string"}}],"inLanguage":"ca"}]}},"_links":{"self":[{"href":"https:\/\/www.wesselton.net\/ca\/wp-json\/wp\/v2\/product\/9100","targetHints":{"allow":["GET"]}}],"collection":[{"href":"https:\/\/www.wesselton.net\/ca\/wp-json\/wp\/v2\/product"}],"about":[{"href":"https:\/\/www.wesselton.net\/ca\/wp-json\/wp\/v2\/types\/product"}],"replies":[{"embeddable":true,"href":"https:\/\/www.wesselton.net\/ca\/wp-json\/wp\/v2\/comments?post=9100"}],"wp:featuredmedia":[{"embeddable":true,"href":"https:\/\/www.wesselton.net\/ca\/wp-json\/wp\/v2\/media\/9101"}],"wp:attachment":[{"href":"https:\/\/www.wesselton.net\/ca\/wp-json\/wp\/v2\/media?parent=9100"}],"wp:term":[{"taxonomy":"product_brand","embeddable":true,"href":"https:\/\/www.wesselton.net\/ca\/wp-json\/wp\/v2\/product_brand?post=9100"},{"taxonomy":"product_cat","embeddable":true,"href":"https:\/\/www.wesselton.net\/ca\/wp-json\/wp\/v2\/product_cat?post=9100"},{"taxonomy":"product_tag","embeddable":true,"href":"https:\/\/www.wesselton.net\/ca\/wp-json\/wp\/v2\/product_tag?post=9100"}],"curies":[{"name":"wp","href":"https:\/\/api.w.org\/{rel}","templated":true}]}}