

{"id":13407,"date":"2020-07-22T12:07:45","date_gmt":"2020-07-22T10:07:45","guid":{"rendered":"https:\/\/www.wesselton.net\/contacte\/"},"modified":"2023-09-04T15:42:31","modified_gmt":"2023-09-04T13:42:31","slug":"contact","status":"publish","type":"page","link":"https:\/\/www.wesselton.net\/en\/contact\/","title":{"rendered":"Contact"},"content":{"rendered":"<p>[vc_row full_width=&#8221;stretch_row_content_no_spaces&#8221;][vc_column][vc_raw_html]JTNDaWZyYW1lJTIwc3JjJTNEJTIyaHR0cHMlM0ElMkYlMkZ3d3cuZ29vZ2xlLmNvbSUyRm1hcHMlMkZlbWJlZCUzRnBiJTNEJTIxMW0xOCUyMTFtMTIlMjExbTMlMjExZDU5NDcuMTg4MTMyNDM3NzY5JTIxMmQzLjA2MDk1NjMzNDkyNTU0MzMlMjEzZDQxLjgxNTUwNDM5ODcwMTY2JTIxMm0zJTIxMWYwJTIxMmYwJTIxM2YwJTIxM20yJTIxMWkxMDI0JTIxMmk3NjglMjE0ZjEzLjElMjEzbTMlMjExbTIlMjExczB4MTJiYjAxMmJkZTZhMzJhZiUyNTNBMHgyNGMyMDEzOThmMmNiZjNlJTIxMnNKb2llcmlhJTI1MjBXZXNzZWx0b24lMjE1ZTAlMjEzbTIlMjExc2VzJTIxMnNlcyUyMTR2MTU5NTQxMzUzNzM0NCUyMTVtMiUyMTFzZXMlMjEyc2VzJTIyJTIwd2lkdGglM0QlMjIxMDAlMjUlMjIlMjBoZWlnaHQlM0QlMjI1MDAlMjIlMjBmcmFtZWJvcmRlciUzRCUyMjAlMjIlMjBzdHlsZSUzRCUyMmJvcmRlciUzQTAlM0IlMjIlMjBhbGxvd2Z1bGxzY3JlZW4lM0QlMjIlMjIlMjBhcmlhLWhpZGRlbiUzRCUyMmZhbHNlJTIyJTIwdGFiaW5kZXglM0QlMjIwJTIyJTNFJTNDJTJGaWZyYW1lJTNF[\/vc_raw_html][\/vc_column][\/vc_row][vc_row css=&#8221;.vc_custom_1586874288215{margin-top: 50px !important;margin-bottom: 70px !important;}&#8221;][vc_column width=&#8221;1\/6&#8243; offset=&#8221;vc_hidden-sm vc_hidden-xs&#8221;][\/vc_column][vc_column offset=&#8221;vc_col-lg-8 vc_col-md-8&#8243;][vc_custom_heading text=&#8221;Contact information&#8221; use_theme_fonts=&#8221;yes&#8221; css=&#8221;.vc_custom_1604317588414{margin-bottom: 20px !important;}&#8221;]<div class=\"konte-info-list \"><ul><li class=\"\">\r\r\n\t\t\t\t\t<span class=\"info-name\">ADDRESS<\/span>\r\r\n\t\t\t\t\t<span class=\"info-value\">Avinguda s&#039;Agar\u00f3, 61, 17250 Platja d&#039;Aro, Girona <\/span>\r\r\n\t\t\t\t<\/li><li class=\"\">\r\r\n\t\t\t\t\t<span class=\"info-name\">PHONE<\/span>\r\r\n\t\t\t\t\t<span class=\"info-value\">+34 972 816 753<\/span>\r\r\n\t\t\t\t<\/li><li class=\"\">\r\r\n\t\t\t\t\t<span class=\"info-name\">WHATSAPP<\/span>\r\r\n\t\t\t\t\t<span class=\"info-value\">+34 608 193 097<\/span>\r\r\n\t\t\t\t<\/li><li class=\"\">\r\r\n\t\t\t\t\t<span class=\"info-name\">Email<\/span>\r\r\n\t\t\t\t\t<span class=\"info-value\"><a href=\"mailto:info@wesselton.net\" class=\"konte-info-list__email-link\">info@wesselton.net<\/a><\/span>\r\r\n\t\t\t\t<\/li><\/ul><\/div>[vc_empty_space height=&#8221;25px&#8221;][vc_icon icon_fontawesome=&#8221;fab fa-facebook-f&#8221; color=&#8221;black&#8221; size=&#8221;sm&#8221; link=&#8221;url:https%3A%2F%2Fwww.facebook.com%2Fwesselton.oficial%2F||target:%20_blank|&#8221;][vc_icon icon_fontawesome=&#8221;fab fa-instagram&#8221; color=&#8221;black&#8221; size=&#8221;sm&#8221; link=&#8221;url:https%3A%2F%2Fwww.instagram.com%2Fwesselton_oficial%2F||target:%20_blank|&#8221;][vc_empty_space height=&#8221;7px&#8221;][vc_custom_heading text=&#8221;Get in touch&#8221; font_container=&#8221;tag:h3|text_align:left&#8221; use_theme_fonts=&#8221;yes&#8221; css=&#8221;.vc_custom_1604317602134{margin-bottom: 20px !important;}&#8221;]\n<div class=\"wpcf7 no-js\" id=\"wpcf7-f13406-o1\" lang=\"ca\" dir=\"ltr\" data-wpcf7-id=\"13406\">\n<div class=\"screen-reader-response\"><p role=\"status\" aria-live=\"polite\" aria-atomic=\"true\"><\/p> <ul><\/ul><\/div>\n<form action=\"\/en\/wp-json\/wp\/v2\/pages\/13407#wpcf7-f13406-o1\" method=\"post\" class=\"wpcf7-form init\" aria-label=\"Formulari de contacte\" novalidate=\"novalidate\" data-status=\"init\">\n<fieldset class=\"hidden-fields-container\"><input type=\"hidden\" name=\"_wpcf7\" value=\"13406\" \/><input type=\"hidden\" name=\"_wpcf7_version\" value=\"6.1.5\" \/><input type=\"hidden\" name=\"_wpcf7_locale\" value=\"ca\" \/><input type=\"hidden\" name=\"_wpcf7_unit_tag\" value=\"wpcf7-f13406-o1\" \/><input type=\"hidden\" name=\"_wpcf7_container_post\" value=\"0\" \/><input type=\"hidden\" name=\"_wpcf7_posted_data_hash\" value=\"\" \/><input type=\"hidden\" name=\"_wpcf7_recaptcha_response\" value=\"\" \/>\n<\/fieldset>\n<div class=\"row gap-70\">\n\t<div class=\"col-sm-6 col\">\n\t\t<p><label><span class=\"label\">Name and surname*<\/span><span class=\"wpcf7-form-control-wrap\" data-name=\"your-name\"><input size=\"40\" maxlength=\"400\" class=\"wpcf7-form-control wpcf7-text wpcf7-validates-as-required\" aria-required=\"true\" aria-invalid=\"false\" value=\"\" type=\"text\" name=\"your-name\" \/><\/span><\/label>\n\t\t<\/p>\n\t<\/div>\n\t<div class=\"col-sm-6 col\">\n\t\t<p><label><span class=\"label\">Email*<\/span><span class=\"wpcf7-form-control-wrap\" data-name=\"your-email\"><input size=\"40\" maxlength=\"400\" class=\"wpcf7-form-control wpcf7-email wpcf7-validates-as-required wpcf7-text wpcf7-validates-as-email\" aria-required=\"true\" aria-invalid=\"false\" value=\"\" type=\"email\" name=\"your-email\" \/><\/span><\/label>\n\t\t<\/p>\n\t<\/div>\n<\/div>\n<div class=\"row\">\n\t<div class=\"col-sm-12 col\">\n\t\t<p><label><span class=\"label\">Subject<\/span><span class=\"wpcf7-form-control-wrap\" data-name=\"your-subject\"><input size=\"40\" maxlength=\"400\" class=\"wpcf7-form-control wpcf7-text\" aria-invalid=\"false\" value=\"\" type=\"text\" name=\"your-subject\" \/><\/span><\/label>\n\t\t<\/p>\n\t<\/div>\n<\/div>\n<div class=\"row\">\n\t<div class=\"col-sm-12 col\">\n\t\t<p><label><span class=\"label\">Message*<\/span><span class=\"wpcf7-form-control-wrap\" data-name=\"your-message\"><textarea cols=\"40\" rows=\"10\" maxlength=\"2000\" class=\"wpcf7-form-control wpcf7-textarea wpcf7-validates-as-required\" aria-required=\"true\" aria-invalid=\"false\" name=\"your-message\"><\/textarea><\/span><\/label>\n\t\t<\/p>\n\t<\/div>\n<\/div>\n<p><span id=\"wpcf7-69ef4e8f9e7b1-wrapper\" class=\"wpcf7-form-control-wrap website-wrap\" style=\"display:none !important; visibility:hidden !important;\"><label for=\"wpcf7-69ef4e8f9e7b1-field\" class=\"hp-message\">Deixeu aquest camp buit.<\/label><input id=\"wpcf7-69ef4e8f9e7b1-field\"  class=\"wpcf7-form-control wpcf7-text\" type=\"text\" name=\"website\" value=\"\" size=\"40\" tabindex=\"-1\" autocomplete=\"new-password\" \/><\/span>\n<\/p>\n<p><input class=\"wpcf7-form-control wpcf7-submit has-spinner\" type=\"submit\" value=\"Send message\" \/>\n<\/p>\n<p><span class=\"wpcf7-form-control-wrap\" data-name=\"acceptance-549\"><span class=\"wpcf7-form-control wpcf7-acceptance\"><span class=\"wpcf7-list-item\"><label><input type=\"checkbox\" name=\"acceptance-549\" value=\"1\" aria-invalid=\"false\" \/><span class=\"wpcf7-list-item-label\">I have read and accept <a href=\"https:\/\/www.wesselton.net\/en\/privacy-policy\/\" target=\"_blank\">Privacy Policy<\/a>.<\/span><\/label><\/span><\/span><\/span>\n<\/p>\n<p>Responsible <strong>Wesselton Sala SL<\/strong> with CIF <strong>B17358656<\/strong>, address at Av. s\u2019Agar\u00f3 n\u00ba 61 E 17250-Platja D\u2019Aro, telephone <strong>972 816 753<\/strong> and email <a href=\"mailto:online@wesselton.net\">online@wesselton.net<\/a><br \/>\n&nbsp;<br \/>\nOn behalf of the company, we process the information you provide in order to provide you with the requested service, carry out the billing of the service and the necessary communications. The data provided will be kept as long as the commercial relationship is maintained and for the years necessary to comply with legal obligations. The data will not be transferred to third parties, except in cases where there is a legal obligation. You have the right to obtain confirmation as to whether or not we are processing your personal data at Wesselton. You therefore have the right to access your personal data, rectify inaccurate data or request its deletion when it is no longer needed.\n<\/p><p style=\"display: none !important;\" class=\"akismet-fields-container\" data-prefix=\"_wpcf7_ak_\"><label>&#916;<textarea name=\"_wpcf7_ak_hp_textarea\" cols=\"45\" rows=\"8\" maxlength=\"100\"><\/textarea><\/label><input type=\"hidden\" id=\"ak_js_1\" name=\"_wpcf7_ak_js\" value=\"154\"\/><script type=\"text\/javascript\">\n\/* <![CDATA[ *\/\ndocument.getElementById( \"ak_js_1\" ).setAttribute( \"value\", ( new Date() ).getTime() );\n\/* ]]> *\/\n<\/script>\n<\/p><input type='hidden' class='wpcf7-pum' value='{\"closepopup\":false,\"closedelay\":0,\"openpopup\":false,\"openpopup_id\":0}' \/><div class=\"inv-recaptcha-holder\"><\/div><div class=\"wpcf7-response-output\" aria-hidden=\"true\"><\/div>\n<\/form>\n<\/div>\n[vc_empty_space height=&#8221;35px&#8221;][vc_row_inner][vc_column_inner width=&#8221;1\/6&#8243;][\/vc_column_inner][vc_column_inner width=&#8221;2\/3&#8243;]<div class=\"lshowcase-clear-both\">&nbsp;<\/div><div class=\"lshowcase-logos \"><div class='lshowcase-flex' ><div  data-entry-id='19035' class='lshowcase-thumb lshowcase-lower-opacity lshowcase-box-2 ls-partners-en '><div style=\"padding:5%;\" class=\"lshowcase-wrap-responsive\"><div data-entry-id=\"19035\" class=\"lshowcase-boxInner\"><a href='https:\/\/ige.org\/' target='_blank' ><img data-no-lazy='1' data-original-title='Instituto Gemol\u00f3gico Espa\u00f1ol' data-entry-id='19035' src='https:\/\/www.wesselton.net\/wp-content\/uploads\/instituto-gemologico-espanol-300x200.png'  width='300'  height = '200'  alt='Instituto Gemol\u00f3gico Espa\u00f1ol' title='' class='lshowcase-thumb'   \/><\/a><\/div><\/div><\/div><div  data-entry-id='13057' class='lshowcase-thumb lshowcase-lower-opacity lshowcase-box-2 ls-partners-en '><div style=\"padding:5%;\" class=\"lshowcase-wrap-responsive\"><div data-entry-id=\"13057\" class=\"lshowcase-boxInner\"><a href='http:\/\/www.jorgc.org\/' target='_blank' ><img data-no-lazy='1' data-original-title='Col\u00b7legi Oficial de Joiers, d&#8217;Orfebres, de Rellotgers i de Gemm\u00f2legs' data-entry-id='13057' src='https:\/\/www.wesselton.net\/wp-content\/uploads\/jorgc-logo-300x200.png'  width='300'  height = '200'  alt='Col\u00b7legi Oficial de Joiers, d&#8217;Orfebres, de Rellotgers i de Gemm\u00f2legs' title='' class='lshowcase-thumb'   \/><\/a><\/div><\/div><\/div><div  data-entry-id='13054' class='lshowcase-thumb lshowcase-lower-opacity lshowcase-box-2 ls-partners-en '><div style=\"padding:5%;\" class=\"lshowcase-wrap-responsive\"><div data-entry-id=\"13054\" class=\"lshowcase-boxInner\"><a href='https:\/\/adem.cat\/news\/' target='_blank' ><img data-no-lazy='1' data-original-title='Associaci\u00f3 Empresaris Castell Platja d&#8217;Aro S&#8217;Agar\u00f3' data-entry-id='13054' src='https:\/\/www.wesselton.net\/wp-content\/uploads\/adem-logo-300x200.png'  width='300'  height = '200'  alt='Associaci\u00f3 Empresaris Castell Platja d&#8217;Aro S&#8217;Agar\u00f3' title='' class='lshowcase-thumb'   \/><\/a><\/div><\/div><\/div><\/div><\/div><div class=\"lshowcase-clear-both\">&nbsp;<\/div>[\/vc_column_inner][vc_column_inner width=&#8221;1\/6&#8243;][\/vc_column_inner][\/vc_row_inner][\/vc_column][vc_column width=&#8221;1\/6&#8243; offset=&#8221;vc_hidden-sm vc_hidden-xs&#8221;][\/vc_column][\/vc_row][vc_row full_width=&#8221;stretch_row_content_no_spaces&#8221; css=&#8221;.vc_custom_1604922578948{padding-top: 60px !important;padding-bottom: 0px !important;}&#8221;][vc_column][vc_masonry_media_grid element_width=&#8221;6&#8243; gap=&#8221;0&#8243; grid_id=&#8221;vc_gid:1604924082856-4e6c6bd3-0d20-6&#8243; include=&#8221;14790,14782&#8243; css=&#8221;.vc_custom_1604923899715{margin-top: 0px !important;margin-bottom: 0px !important;padding-top: 0px !important;padding-bottom: 0px !important;}&#8221;][vc_single_image image=&#8221;14786&#8243; img_size=&#8221;full&#8221; alignment=&#8221;center&#8221; css=&#8221;.vc_custom_1604923912163{margin-top: 0px !important;margin-bottom: 0px !important;padding-top: 0px !important;padding-bottom: 0px !important;}&#8221;][\/vc_column][\/vc_row]<\/p>\n","protected":false},"excerpt":{"rendered":"<p>[vc_row full_width=&#8221;stretch_row_content_no_spaces&#8221;][vc_column][vc_raw_html]JTNDaWZyYW1lJTIwc3JjJTNEJTIyaHR0cHMlM0ElMkYlMkZ3d3cuZ29vZ2xlLmNvbSUyRm1hcHMlMkZlbWJlZCUzRnBiJTNEJTIxMW0xOCUyMTFtMTIlMjExbTMlMjExZDU5NDcuMTg4MTMyNDM3NzY5JTIxMmQzLjA2MDk1NjMzNDkyNTU0MzMlMjEzZDQxLjgxNTUwNDM5ODcwMTY2JTIxMm0zJTIxMWYwJTIxMmYwJTIxM2YwJTIxM20yJTIxMWkxMDI0JTIxMmk3NjglMjE0ZjEzLjElMjEzbTMlMjExbTIlMjExczB4MTJiYjAxMmJkZTZhMzJhZiUyNTNBMHgyNGMyMDEzOThmMmNiZjNlJTIxMnNKb2llcmlhJTI1MjBXZXNzZWx0b24lMjE1ZTAlMjEzbTIlMjExc2VzJTIxMnNlcyUyMTR2MTU5NTQxMzUzNzM0NCUyMTVtMiUyMTFzZXMlMjEyc2VzJTIyJTIwd2lkdGglM0QlMjIxMDAlMjUlMjIlMjBoZWlnaHQlM0QlMjI1MDAlMjIlMjBmcmFtZWJvcmRlciUzRCUyMjAlMjIlMjBzdHlsZSUzRCUyMmJvcmRlciUzQTAlM0IlMjIlMjBhbGxvd2Z1bGxzY3JlZW4lM0QlMjIlMjIlMjBhcmlhLWhpZGRlbiUzRCUyMmZhbHNlJTIyJTIwdGFiaW5kZXglM0QlMjIwJTIyJTNFJTNDJTJGaWZyYW1lJTNF[\/vc_raw_html][\/vc_column][\/vc_row][vc_row css=&#8221;.vc_custom_1586874288215{margin-top: 50px !important;margin-bottom: 70px !important;}&#8221;][vc_column width=&#8221;1\/6&#8243; offset=&#8221;vc_hidden-sm vc_hidden-xs&#8221;][\/vc_column][vc_column offset=&#8221;vc_col-lg-8 vc_col-md-8&#8243;][vc_custom_heading text=&#8221;Contact information&#8221; use_theme_fonts=&#8221;yes&#8221; css=&#8221;.vc_custom_1604317588414{margin-bottom: 20px !important;}&#8221;][vc_empty_space height=&#8221;25px&#8221;][vc_icon icon_fontawesome=&#8221;fab fa-facebook-f&#8221; color=&#8221;black&#8221; size=&#8221;sm&#8221; link=&#8221;url:https%3A%2F%2Fwww.facebook.com%2Fwesselton.oficial%2F||target:%20_blank|&#8221;][vc_icon icon_fontawesome=&#8221;fab fa-instagram&#8221; color=&#8221;black&#8221; size=&#8221;sm&#8221; link=&#8221;url:https%3A%2F%2Fwww.instagram.com%2Fwesselton_oficial%2F||target:%20_blank|&#8221;][vc_empty_space height=&#8221;7px&#8221;][vc_custom_heading&hellip;<\/p>\n","protected":false},"author":3,"featured_media":0,"parent":0,"menu_order":0,"comment_status":"closed","ping_status":"closed","template":"","meta":{"footnotes":""},"class_list":["post-13407","page","type-page","status-publish","hentry"],"acf":[],"yoast_head":"<!-- This site is optimized with the Yoast SEO plugin v27.4 - https:\/\/yoast.com\/product\/yoast-seo-wordpress\/ -->\n<title>Contact - Wesselton | Jewelry and Diamonds<\/title>\n<meta name=\"description\" content=\"Don&#039;t hesitate to get in touch with our team for all your jewelry inquiries and assistance. We are here to help you.\" \/>\n<meta name=\"robots\" content=\"index, follow, max-snippet:-1, max-image-preview:large, max-video-preview:-1\" \/>\n<link rel=\"canonical\" href=\"https:\/\/www.wesselton.net\/en\/contact\/\" \/>\n<meta property=\"og:locale\" content=\"en_US\" \/>\n<meta property=\"og:type\" content=\"article\" \/>\n<meta property=\"og:title\" content=\"Contact - Wesselton | Jewelry and Diamonds\" \/>\n<meta property=\"og:description\" content=\"Don&#039;t hesitate to get in touch with our team for all your jewelry inquiries and assistance. We are here to help you.\" \/>\n<meta property=\"og:url\" content=\"https:\/\/www.wesselton.net\/en\/contact\/\" \/>\n<meta property=\"og:site_name\" content=\"Wesselton | Jewelry and Diamonds\" \/>\n<meta property=\"article:publisher\" content=\"https:\/\/www.facebook.com\/wesselton.oficial\/\" \/>\n<meta property=\"article:modified_time\" content=\"2023-09-04T13:42:31+00:00\" \/>\n<meta name=\"twitter:card\" content=\"summary_large_image\" \/>\n<meta name=\"twitter:label1\" content=\"Est. reading time\" \/>\n\t<meta name=\"twitter:data1\" content=\"1 minute\" \/>\n<script type=\"application\/ld+json\" class=\"yoast-schema-graph\">{\"@context\":\"https:\\\/\\\/schema.org\",\"@graph\":[{\"@type\":\"WebPage\",\"@id\":\"https:\\\/\\\/www.wesselton.net\\\/en\\\/contact\\\/\",\"url\":\"https:\\\/\\\/www.wesselton.net\\\/en\\\/contact\\\/\",\"name\":\"Contact - Wesselton | Jewelry and Diamonds\",\"isPartOf\":{\"@id\":\"https:\\\/\\\/www.wesselton.net\\\/#website\"},\"datePublished\":\"2020-07-22T10:07:45+00:00\",\"dateModified\":\"2023-09-04T13:42:31+00:00\",\"description\":\"Don't hesitate to get in touch with our team for all your jewelry inquiries and assistance. We are here to help you.\",\"breadcrumb\":{\"@id\":\"https:\\\/\\\/www.wesselton.net\\\/en\\\/contact\\\/#breadcrumb\"},\"inLanguage\":\"en-US\",\"potentialAction\":[{\"@type\":\"ReadAction\",\"target\":[\"https:\\\/\\\/www.wesselton.net\\\/en\\\/contact\\\/\"]}]},{\"@type\":\"BreadcrumbList\",\"@id\":\"https:\\\/\\\/www.wesselton.net\\\/en\\\/contact\\\/#breadcrumb\",\"itemListElement\":[{\"@type\":\"ListItem\",\"position\":1,\"name\":\"Inici\",\"item\":\"https:\\\/\\\/www.wesselton.net\\\/en\\\/\"},{\"@type\":\"ListItem\",\"position\":2,\"name\":\"Contact\"}]},{\"@type\":\"WebSite\",\"@id\":\"https:\\\/\\\/www.wesselton.net\\\/#website\",\"url\":\"https:\\\/\\\/www.wesselton.net\\\/\",\"name\":\"Wesselton | Jewelry and Diamonds\",\"description\":\"Diamants \u00fanics per moments \u00fanics. Peces d&#039;elaboraci\u00f3 pr\u00f2pia de m\u00e0xima qualitat, cuidades fins a l&#039;\u00faltim detall, i les millors marques de joieria.\",\"potentialAction\":[{\"@type\":\"SearchAction\",\"target\":{\"@type\":\"EntryPoint\",\"urlTemplate\":\"https:\\\/\\\/www.wesselton.net\\\/?s={search_term_string}\"},\"query-input\":{\"@type\":\"PropertyValueSpecification\",\"valueRequired\":true,\"valueName\":\"search_term_string\"}}],\"inLanguage\":\"en-US\"}]}<\/script>\n<!-- \/ Yoast SEO plugin. -->","yoast_head_json":{"title":"Contact - Wesselton | Jewelry and Diamonds","description":"Don't hesitate to get in touch with our team for all your jewelry inquiries and assistance. We are here to help you.","robots":{"index":"index","follow":"follow","max-snippet":"max-snippet:-1","max-image-preview":"max-image-preview:large","max-video-preview":"max-video-preview:-1"},"canonical":"https:\/\/www.wesselton.net\/en\/contact\/","og_locale":"en_US","og_type":"article","og_title":"Contact - Wesselton | Jewelry and Diamonds","og_description":"Don't hesitate to get in touch with our team for all your jewelry inquiries and assistance. We are here to help you.","og_url":"https:\/\/www.wesselton.net\/en\/contact\/","og_site_name":"Wesselton | Jewelry and Diamonds","article_publisher":"https:\/\/www.facebook.com\/wesselton.oficial\/","article_modified_time":"2023-09-04T13:42:31+00:00","twitter_card":"summary_large_image","twitter_misc":{"Est. reading time":"1 minute"},"schema":{"@context":"https:\/\/schema.org","@graph":[{"@type":"WebPage","@id":"https:\/\/www.wesselton.net\/en\/contact\/","url":"https:\/\/www.wesselton.net\/en\/contact\/","name":"Contact - Wesselton | Jewelry and Diamonds","isPartOf":{"@id":"https:\/\/www.wesselton.net\/#website"},"datePublished":"2020-07-22T10:07:45+00:00","dateModified":"2023-09-04T13:42:31+00:00","description":"Don't hesitate to get in touch with our team for all your jewelry inquiries and assistance. We are here to help you.","breadcrumb":{"@id":"https:\/\/www.wesselton.net\/en\/contact\/#breadcrumb"},"inLanguage":"en-US","potentialAction":[{"@type":"ReadAction","target":["https:\/\/www.wesselton.net\/en\/contact\/"]}]},{"@type":"BreadcrumbList","@id":"https:\/\/www.wesselton.net\/en\/contact\/#breadcrumb","itemListElement":[{"@type":"ListItem","position":1,"name":"Inici","item":"https:\/\/www.wesselton.net\/en\/"},{"@type":"ListItem","position":2,"name":"Contact"}]},{"@type":"WebSite","@id":"https:\/\/www.wesselton.net\/#website","url":"https:\/\/www.wesselton.net\/","name":"Wesselton | Jewelry and Diamonds","description":"Diamants \u00fanics per moments \u00fanics. Peces d&#039;elaboraci\u00f3 pr\u00f2pia de m\u00e0xima qualitat, cuidades fins a l&#039;\u00faltim detall, i les millors marques de joieria.","potentialAction":[{"@type":"SearchAction","target":{"@type":"EntryPoint","urlTemplate":"https:\/\/www.wesselton.net\/?s={search_term_string}"},"query-input":{"@type":"PropertyValueSpecification","valueRequired":true,"valueName":"search_term_string"}}],"inLanguage":"en-US"}]}},"_links":{"self":[{"href":"https:\/\/www.wesselton.net\/en\/wp-json\/wp\/v2\/pages\/13407","targetHints":{"allow":["GET"]}}],"collection":[{"href":"https:\/\/www.wesselton.net\/en\/wp-json\/wp\/v2\/pages"}],"about":[{"href":"https:\/\/www.wesselton.net\/en\/wp-json\/wp\/v2\/types\/page"}],"author":[{"embeddable":true,"href":"https:\/\/www.wesselton.net\/en\/wp-json\/wp\/v2\/users\/3"}],"replies":[{"embeddable":true,"href":"https:\/\/www.wesselton.net\/en\/wp-json\/wp\/v2\/comments?post=13407"}],"version-history":[{"count":1,"href":"https:\/\/www.wesselton.net\/en\/wp-json\/wp\/v2\/pages\/13407\/revisions"}],"predecessor-version":[{"id":27045,"href":"https:\/\/www.wesselton.net\/en\/wp-json\/wp\/v2\/pages\/13407\/revisions\/27045"}],"wp:attachment":[{"href":"https:\/\/www.wesselton.net\/en\/wp-json\/wp\/v2\/media?parent=13407"}],"curies":[{"name":"wp","href":"https:\/\/api.w.org\/{rel}","templated":true}]}}