

{"id":20379,"date":"2022-01-03T11:47:58","date_gmt":"2022-01-03T09:47:58","guid":{"rendered":"https:\/\/www.wesselton.net\/chopard\/"},"modified":"2023-02-10T09:17:56","modified_gmt":"2023-02-10T07:17:56","slug":"chopard","status":"publish","type":"page","link":"https:\/\/www.wesselton.net\/en\/brands-wess\/chopard\/","title":{"rendered":"Chopard"},"content":{"rendered":"<p>[vc_row full_width=&#8221;stretch_row_content_no_spaces&#8221;][vc_column][vc_raw_html]JTNDJTIxLS0lMjBJZnJhbWUlMjBwYXJ0JTIwdG8lMjBwbGFjZSUyMG9uJTIwdGhlJTIwcGFnZS0tJTNFJTBBJTIwJTNDaWZyYW1lJTIwaWQlM0QlMjJjaG9wYXJkc2l0ZWluc2l0ZSUyMiUyMHNyYyUzRCUyMmh0dHBzJTNBJTJGJTJGcmV0YWlsZXIuY2hvcGFyZC5jb20lMkZlbiUzRnNpdGVLZXklM0QyMjA4LTEyJTIyJTIwc2Nyb2xsaW5nJTNEJTIybm8lMjIlMjB3aWR0aCUzRCUyMjEwMCUyNSUyMiUyMGhlaWdodCUzRCUyMjcwMCUyMHB4JTIyJTIwZnJhbWVib3JkZXIlM0QlMjIwJTIyJTIwJTNFJTNDJTJGaWZyYW1lJTNFJTBBJTBBJTNDc2NyaXB0JTNFJTBBJTIwJTIwbGV0JTIwaWZyYW1lJTIwJTNEJTIwZG9jdW1lbnQucXVlcnlTZWxlY3RvciUyOCUyMiUyM2Nob3BhcmRzaXRlaW5zaXRlJTIyJTI5JTNCJTBBJTBBJTA5JTA5d2luZG93LmFkZEV2ZW50TGlzdGVuZXIlMjglMjdtZXNzYWdlJTI3JTJDJTIwZnVuY3Rpb24lMjhlJTI5JTIwJTdCJTBBJTA5JTA5JTA5bGV0JTIwbWVzc2FnZSUyMCUzRCUyMGUuZGF0YSUzQiUwQSUwQSUwOSUwOWlmcmFtZS5zdHlsZS5oZWlnaHQlMjAlM0QlMjBtZXNzYWdlLmhlaWdodCUyMCUyQiUyMCUyN3B4JTI3JTNCJTBBJTA5JTdEJTIwJTJDJTIwZmFsc2UlMjklM0IlMEElM0MlMkZzY3JpcHQlM0U=[\/vc_raw_html][\/vc_column][\/vc_row][vc_row full_width=&#8221;stretch_row_content_no_spaces&#8221;][vc_column][vc_empty_space height=&#8221;75px&#8221;]<div class=\"konte-cta text-light   vc_custom_1588683902815\">\r\n\t\t\t\t<div class=\"konte-cta__content\">\r\n\t\t\t\t\t<h5 class=\"konte-cta__heading\">Wesselton distribu\u00efdor oficial<\/h5><div class=\"konte-cta__text\">CHOPARD<\/div><div class=\"konte-cta__button\"><a href=\"https:\/\/www.wesselton.net\/contacte\/\" target=\"\" rel=\"\" title=\"Contacte\" class=\"konte-button button-outline button\">Contacta amb nosaltres<\/a><\/div><p class=\"konte-cta__note\">T: +34 972 816 753 | M: +34 608 193 097 | E: info@wesselton.com<\/p>\r\n\t\t\t\t<\/div>\r\n\t\t\t<\/div>[\/vc_column][\/vc_row]<\/p>\n","protected":false},"excerpt":{"rendered":"<p>[vc_row full_width=&#8221;stretch_row_content_no_spaces&#8221;][vc_column][vc_raw_html]JTNDJTIxLS0lMjBJZnJhbWUlMjBwYXJ0JTIwdG8lMjBwbGFjZSUyMG9uJTIwdGhlJTIwcGFnZS0tJTNFJTBBJTIwJTNDaWZyYW1lJTIwaWQlM0QlMjJjaG9wYXJkc2l0ZWluc2l0ZSUyMiUyMHNyYyUzRCUyMmh0dHBzJTNBJTJGJTJGcmV0YWlsZXIuY2hvcGFyZC5jb20lMkZlbiUzRnNpdGVLZXklM0QyMjA4LTEyJTIyJTIwc2Nyb2xsaW5nJTNEJTIybm8lMjIlMjB3aWR0aCUzRCUyMjEwMCUyNSUyMiUyMGhlaWdodCUzRCUyMjcwMCUyMHB4JTIyJTIwZnJhbWVib3JkZXIlM0QlMjIwJTIyJTIwJTNFJTNDJTJGaWZyYW1lJTNFJTBBJTBBJTNDc2NyaXB0JTNFJTBBJTIwJTIwbGV0JTIwaWZyYW1lJTIwJTNEJTIwZG9jdW1lbnQucXVlcnlTZWxlY3RvciUyOCUyMiUyM2Nob3BhcmRzaXRlaW5zaXRlJTIyJTI5JTNCJTBBJTBBJTA5JTA5d2luZG93LmFkZEV2ZW50TGlzdGVuZXIlMjglMjdtZXNzYWdlJTI3JTJDJTIwZnVuY3Rpb24lMjhlJTI5JTIwJTdCJTBBJTA5JTA5JTA5bGV0JTIwbWVzc2FnZSUyMCUzRCUyMGUuZGF0YSUzQiUwQSUwQSUwOSUwOWlmcmFtZS5zdHlsZS5oZWlnaHQlMjAlM0QlMjBtZXNzYWdlLmhlaWdodCUyMCUyQiUyMCUyN3B4JTI3JTNCJTBBJTA5JTdEJTIwJTJDJTIwZmFsc2UlMjklM0IlMEElM0MlMkZzY3JpcHQlM0U=[\/vc_raw_html][\/vc_column][\/vc_row][vc_row full_width=&#8221;stretch_row_content_no_spaces&#8221;][vc_column][vc_empty_space height=&#8221;75px&#8221;][\/vc_column][\/vc_row]<\/p>\n","protected":false},"author":3,"featured_media":0,"parent":13288,"menu_order":0,"comment_status":"closed","ping_status":"closed","template":"","meta":{"footnotes":""},"class_list":["post-20379","page","type-page","status-publish","hentry"],"acf":[],"yoast_head":"<!-- This site is optimized with the Yoast SEO plugin v27.2 - https:\/\/yoast.com\/product\/yoast-seo-wordpress\/ -->\n<title>Chopard - Wesselton | Jewelry and Diamonds<\/title>\n<meta name=\"description\" content=\"Reconeguda per la seva creativitat i la seva tecnologia punta, Chopard \u00e9s un dels l\u00edders de la ind\u00fastria de la rellotgeria i la joieria de luxe.\" \/>\n<meta name=\"robots\" content=\"index, follow, max-snippet:-1, max-image-preview:large, max-video-preview:-1\" \/>\n<link rel=\"canonical\" href=\"https:\/\/www.wesselton.net\/en\/brands-wess\/chopard\/\" \/>\n<meta property=\"og:locale\" content=\"en_US\" \/>\n<meta property=\"og:type\" content=\"article\" \/>\n<meta property=\"og:title\" content=\"Chopard - Wesselton | Jewelry and Diamonds\" \/>\n<meta property=\"og:description\" content=\"Reconeguda per la seva creativitat i la seva tecnologia punta, Chopard \u00e9s un dels l\u00edders de la ind\u00fastria de la rellotgeria i la joieria de luxe.\" \/>\n<meta property=\"og:url\" content=\"https:\/\/www.wesselton.net\/en\/brands-wess\/chopard\/\" \/>\n<meta property=\"og:site_name\" content=\"Wesselton | Jewelry and Diamonds\" \/>\n<meta property=\"article:publisher\" content=\"https:\/\/www.facebook.com\/wesselton.oficial\/\" \/>\n<meta property=\"article:modified_time\" content=\"2023-02-10T07:17:56+00:00\" \/>\n<meta name=\"twitter:card\" content=\"summary_large_image\" \/>\n<meta name=\"twitter:label1\" content=\"Est. reading time\" \/>\n\t<meta name=\"twitter:data1\" content=\"1 minute\" \/>\n<script type=\"application\/ld+json\" class=\"yoast-schema-graph\">{\"@context\":\"https:\/\/schema.org\",\"@graph\":[{\"@type\":\"WebPage\",\"@id\":\"https:\/\/www.wesselton.net\/en\/brands-wess\/chopard\/\",\"url\":\"https:\/\/www.wesselton.net\/en\/brands-wess\/chopard\/\",\"name\":\"Chopard - Wesselton | Jewelry and Diamonds\",\"isPartOf\":{\"@id\":\"https:\/\/www.wesselton.net\/#website\"},\"datePublished\":\"2022-01-03T09:47:58+00:00\",\"dateModified\":\"2023-02-10T07:17:56+00:00\",\"description\":\"Reconeguda per la seva creativitat i la seva tecnologia punta, Chopard \u00e9s un dels l\u00edders de la ind\u00fastria de la rellotgeria i la joieria de luxe.\",\"breadcrumb\":{\"@id\":\"https:\/\/www.wesselton.net\/en\/brands-wess\/chopard\/#breadcrumb\"},\"inLanguage\":\"en-US\",\"potentialAction\":[{\"@type\":\"ReadAction\",\"target\":[\"https:\/\/www.wesselton.net\/en\/brands-wess\/chopard\/\"]}]},{\"@type\":\"BreadcrumbList\",\"@id\":\"https:\/\/www.wesselton.net\/en\/brands-wess\/chopard\/#breadcrumb\",\"itemListElement\":[{\"@type\":\"ListItem\",\"position\":1,\"name\":\"Inici\",\"item\":\"https:\/\/www.wesselton.net\/en\/\"},{\"@type\":\"ListItem\",\"position\":2,\"name\":\"Brands\",\"item\":\"https:\/\/www.wesselton.net\/en\/brands-wess\/\"},{\"@type\":\"ListItem\",\"position\":3,\"name\":\"Chopard\"}]},{\"@type\":\"WebSite\",\"@id\":\"https:\/\/www.wesselton.net\/#website\",\"url\":\"https:\/\/www.wesselton.net\/\",\"name\":\"Wesselton | Jewelry and Diamonds\",\"description\":\"Diamants \u00fanics per moments \u00fanics. Peces d&#039;elaboraci\u00f3 pr\u00f2pia de m\u00e0xima qualitat, cuidades fins a l&#039;\u00faltim detall, i les millors marques de joieria.\",\"potentialAction\":[{\"@type\":\"SearchAction\",\"target\":{\"@type\":\"EntryPoint\",\"urlTemplate\":\"https:\/\/www.wesselton.net\/?s={search_term_string}\"},\"query-input\":{\"@type\":\"PropertyValueSpecification\",\"valueRequired\":true,\"valueName\":\"search_term_string\"}}],\"inLanguage\":\"en-US\"}]}<\/script>\n<!-- \/ Yoast SEO plugin. -->","yoast_head_json":{"title":"Chopard - Wesselton | Jewelry and Diamonds","description":"Reconeguda per la seva creativitat i la seva tecnologia punta, Chopard \u00e9s un dels l\u00edders de la ind\u00fastria de la rellotgeria i la joieria de luxe.","robots":{"index":"index","follow":"follow","max-snippet":"max-snippet:-1","max-image-preview":"max-image-preview:large","max-video-preview":"max-video-preview:-1"},"canonical":"https:\/\/www.wesselton.net\/en\/brands-wess\/chopard\/","og_locale":"en_US","og_type":"article","og_title":"Chopard - Wesselton | Jewelry and Diamonds","og_description":"Reconeguda per la seva creativitat i la seva tecnologia punta, Chopard \u00e9s un dels l\u00edders de la ind\u00fastria de la rellotgeria i la joieria de luxe.","og_url":"https:\/\/www.wesselton.net\/en\/brands-wess\/chopard\/","og_site_name":"Wesselton | Jewelry and Diamonds","article_publisher":"https:\/\/www.facebook.com\/wesselton.oficial\/","article_modified_time":"2023-02-10T07:17:56+00:00","twitter_card":"summary_large_image","twitter_misc":{"Est. reading time":"1 minute"},"schema":{"@context":"https:\/\/schema.org","@graph":[{"@type":"WebPage","@id":"https:\/\/www.wesselton.net\/en\/brands-wess\/chopard\/","url":"https:\/\/www.wesselton.net\/en\/brands-wess\/chopard\/","name":"Chopard - Wesselton | Jewelry and Diamonds","isPartOf":{"@id":"https:\/\/www.wesselton.net\/#website"},"datePublished":"2022-01-03T09:47:58+00:00","dateModified":"2023-02-10T07:17:56+00:00","description":"Reconeguda per la seva creativitat i la seva tecnologia punta, Chopard \u00e9s un dels l\u00edders de la ind\u00fastria de la rellotgeria i la joieria de luxe.","breadcrumb":{"@id":"https:\/\/www.wesselton.net\/en\/brands-wess\/chopard\/#breadcrumb"},"inLanguage":"en-US","potentialAction":[{"@type":"ReadAction","target":["https:\/\/www.wesselton.net\/en\/brands-wess\/chopard\/"]}]},{"@type":"BreadcrumbList","@id":"https:\/\/www.wesselton.net\/en\/brands-wess\/chopard\/#breadcrumb","itemListElement":[{"@type":"ListItem","position":1,"name":"Inici","item":"https:\/\/www.wesselton.net\/en\/"},{"@type":"ListItem","position":2,"name":"Brands","item":"https:\/\/www.wesselton.net\/en\/brands-wess\/"},{"@type":"ListItem","position":3,"name":"Chopard"}]},{"@type":"WebSite","@id":"https:\/\/www.wesselton.net\/#website","url":"https:\/\/www.wesselton.net\/","name":"Wesselton | Jewelry and Diamonds","description":"Diamants \u00fanics per moments \u00fanics. Peces d&#039;elaboraci\u00f3 pr\u00f2pia de m\u00e0xima qualitat, cuidades fins a l&#039;\u00faltim detall, i les millors marques de joieria.","potentialAction":[{"@type":"SearchAction","target":{"@type":"EntryPoint","urlTemplate":"https:\/\/www.wesselton.net\/?s={search_term_string}"},"query-input":{"@type":"PropertyValueSpecification","valueRequired":true,"valueName":"search_term_string"}}],"inLanguage":"en-US"}]}},"_links":{"self":[{"href":"https:\/\/www.wesselton.net\/en\/wp-json\/wp\/v2\/pages\/20379","targetHints":{"allow":["GET"]}}],"collection":[{"href":"https:\/\/www.wesselton.net\/en\/wp-json\/wp\/v2\/pages"}],"about":[{"href":"https:\/\/www.wesselton.net\/en\/wp-json\/wp\/v2\/types\/page"}],"author":[{"embeddable":true,"href":"https:\/\/www.wesselton.net\/en\/wp-json\/wp\/v2\/users\/3"}],"replies":[{"embeddable":true,"href":"https:\/\/www.wesselton.net\/en\/wp-json\/wp\/v2\/comments?post=20379"}],"version-history":[{"count":2,"href":"https:\/\/www.wesselton.net\/en\/wp-json\/wp\/v2\/pages\/20379\/revisions"}],"predecessor-version":[{"id":23552,"href":"https:\/\/www.wesselton.net\/en\/wp-json\/wp\/v2\/pages\/20379\/revisions\/23552"}],"up":[{"embeddable":true,"href":"https:\/\/www.wesselton.net\/en\/wp-json\/wp\/v2\/pages\/13288"}],"wp:attachment":[{"href":"https:\/\/www.wesselton.net\/en\/wp-json\/wp\/v2\/media?parent=20379"}],"curies":[{"name":"wp","href":"https:\/\/api.w.org\/{rel}","templated":true}]}}