

{"id":28328,"date":"2024-04-03T16:25:45","date_gmt":"2024-04-03T14:25:45","guid":{"rendered":"https:\/\/www.wesselton.net\/landing-diamantes\/"},"modified":"2024-05-26T10:44:18","modified_gmt":"2024-05-26T08:44:18","slug":"jewellery-and-diamonds","status":"publish","type":"page","link":"https:\/\/www.wesselton.net\/en\/jewellery-and-diamonds\/","title":{"rendered":"Jewellery and Diamonds"},"content":{"rendered":"<p>[vc_row full_width=&#8221;stretch_row_content_no_spaces&#8221; css=&#8221;.vc_custom_1710838512422{margin-bottom: 0px !important;padding-bottom: 0px !important;}&#8221;][vc_column]\n\t\t\t<!-- START Landing Diamantes ENG REVOLUTION SLIDER 6.2.8 --><p class=\"rs-p-wp-fix\"><\/p>\n\t\t\t<rs-module-wrap id=\"rev_slider_39_1_wrapper\" data-source=\"gallery\" style=\"background:#ffffff;padding:0px;margin:0px auto;margin-top:0;margin-bottom:0;max-width:;\">\n\t\t\t\t<rs-module id=\"rev_slider_39_1\" style=\"\" data-version=\"6.2.8\">\n\t\t\t\t\t<rs-slides>\n\t\t\t\t\t\t<rs-slide data-key=\"rs-148\" data-title=\"Slide\" data-duration=\"5010\" data-anim=\"ei:d;eo:d;s:8800;r:0;t:fade;sl:d;\">\n\t\t\t\t\t\t\t<img decoding=\"async\" src=\"\/\/www.wesselton.net\/wp-content\/plugins\/revslider\/public\/assets\/assets\/dummy.png\" title=\"banner_diamantes_1900x550\" width=\"1900\" height=\"550\" data-lazyload=\"\/\/www.wesselton.net\/wp-content\/uploads\/banner_diamantes_1900x550.png\" class=\"rev-slidebg\" data-no-retina>\n<!--\n\t\t\t\t\t\t\t--><rs-layer\n\t\t\t\t\t\t\t\tid=\"slider-39-slide-148-layer-1\" \n\t\t\t\t\t\t\t\tdata-type=\"text\"\n\t\t\t\t\t\t\t\tdata-color=\"#ffffff\"\n\t\t\t\t\t\t\t\tdata-rsp_ch=\"on\"\n\t\t\t\t\t\t\t\tdata-xy=\"x:c;y:c;yo:-32px;\"\n\t\t\t\t\t\t\t\tdata-text=\"w:normal;s:80;a:center;\"\n\t\t\t\t\t\t\t\tdata-frame_999=\"o:0;st:w;\"\n\t\t\t\t\t\t\t\tstyle=\"z-index:5;font-family:Actor;\"\n\t\t\t\t\t\t\t>Jewellery and Diamonds \n\t\t\t\t\t\t\t<\/rs-layer><!--\n-->\t\t\t\t\t\t<\/rs-slide>\n\t\t\t\t\t<\/rs-slides>\n\t\t\t\t<\/rs-module>\n\t\t\t\t<script type=\"text\/javascript\">\n\t\t\t\t\tsetREVStartSize({c: 'rev_slider_39_1',rl:[1240,1024,778,480],el:[549.99],gw:[1407],gh:[550],type:'standard',justify:'',layout:'fullwidth',mh:\"0\"});\n\t\t\t\t\tvar\trevapi39,\n\t\t\t\t\t\ttpj;\n\t\t\t\t\tjQuery(function() {\n\t\t\t\t\t\ttpj = jQuery;\n\t\t\t\t\t\trevapi39 = tpj(\"#rev_slider_39_1\")\n\t\t\t\t\t\tif(revapi39==undefined || revapi39.revolution == undefined){\n\t\t\t\t\t\t\trevslider_showDoubleJqueryError(\"rev_slider_39_1\");\n\t\t\t\t\t\t}else{\n\t\t\t\t\t\t\trevapi39.revolution({\n\t\t\t\t\t\t\t\tvisibilityLevels:\"1240,1024,778,480\",\n\t\t\t\t\t\t\t\tgridwidth:1407,\n\t\t\t\t\t\t\t\tgridheight:550,\n\t\t\t\t\t\t\t\tlazyType:\"smart\",\n\t\t\t\t\t\t\t\tspinner:\"spinner5\",\n\t\t\t\t\t\t\t\tperspective:600,\n\t\t\t\t\t\t\t\tperspectiveType:\"local\",\n\t\t\t\t\t\t\t\teditorheight:\"549.99,450,400,650\",\n\t\t\t\t\t\t\t\tresponsiveLevels:\"1240,1024,778,480\",\n\t\t\t\t\t\t\t\tprogressBar:{disableProgressBar:true},\n\t\t\t\t\t\t\t\tnavigation: {\n\t\t\t\t\t\t\t\t\tmouseScrollNavigation:false,\n\t\t\t\t\t\t\t\t\tonHoverStop:false,\n\t\t\t\t\t\t\t\t\ttouch: {\n\t\t\t\t\t\t\t\t\t\ttouchenabled:true,\n\t\t\t\t\t\t\t\t\t\tswipe_min_touches:50\n\t\t\t\t\t\t\t\t\t}\n\t\t\t\t\t\t\t\t},\n\t\t\t\t\t\t\t\tfallbacks: {\n\t\t\t\t\t\t\t\t\tignoreHeightChanges:\"\",\n\t\t\t\t\t\t\t\t\tallowHTML5AutoPlayOnAndroid:true\n\t\t\t\t\t\t\t\t},\n\t\t\t\t\t\t\t});\n\t\t\t\t\t\t}\n\t\t\t\t\t\t\n\t\t\t\t\t});\n\t\t\t\t<\/script>\n\t\t\t<\/rs-module-wrap>\n\t\t\t<!-- END REVOLUTION SLIDER -->\n[\/vc_column][\/vc_row][vc_row css=&#8221;.vc_custom_1710838505889{margin-top: 0px !important;margin-bottom: 0px !important;padding-top: 0px !important;padding-bottom: 0px !important;}&#8221;][vc_column][vc_empty_space height=&#8221;80px&#8221;][vc_column_text]<\/p>\n<h4 style=\"text-align: center;\">We offer jewellery and diamonds that are dazzling and durable, capable of encapsulating lifelong memories. Combining the art of jewelry with our extensive experience in diamonds is what makes us unique.<\/h4>\n<p style=\"text-align: center;\"><i>The perfection of a diamond is a reminder that, even under the highest pressure, beauty can emerge in captivating ways.<\/i><\/p>\n<p>[\/vc_column_text][\/vc_column][\/vc_row][vc_row css=&#8221;.vc_custom_1710838505889{margin-top: 0px !important;margin-bottom: 0px !important;padding-top: 0px !important;padding-bottom: 0px !important;}&#8221;][vc_column width=&#8221;1\/2&#8243;][vc_empty_space height=&#8221;80px&#8221;][vc_column_text]One of the things that differentiate diamonds from other gems is the possibility of determining their quality according to certain standards and nomenclatures, which allows us to speak a common, easily understandable \u201clanguage.\u201d These characteristics are known as the 4Cs.<\/p>\n<p>The 4Cs are a grading system used to evaluate the quality of diamonds. This is what is known as the 4Cs: Cut (size or shape), Carat (weight or carat), Color and Clarity (purity).<\/p>\n<p>This is the International Diamond Grading System adopted by all jewelry professionals around the world, helping you find the perfect jewel.<br \/>\n[\/vc_column_text][\/vc_column][vc_column width=&#8221;1\/2&#8243;][vc_empty_space height=&#8221;80px&#8221;][vc_column_text]The gems and diamonds in our jewelry are selected by our certified gemologist. Diamonds over 0.30ct are certified by the GIA Laboratory (Gemological Institute of America), an independent, non-profit organization, considered the highest authority on diamond authenticity and quality.<\/p>\n<p>Our commitment to quality means that all our jewellery and diamonds also have the Kimberley certificate of origin, a process established by the UN that guarantees that diamonds come from areas free of war conflict.[\/vc_column_text][\/vc_column][\/vc_row][vc_row full_width=&#8221;stretch_row_content_no_spaces&#8221;][vc_column width=&#8221;1\/4&#8243;][\/vc_column][vc_column width=&#8221;1\/4&#8243;][vc_single_image image=&#8221;28174&#8243; img_size=&#8221;full&#8221; alignment=&#8221;center&#8221; el_class=&#8221;img-gia&#8221;][\/vc_column][vc_column width=&#8221;1\/4&#8243;][vc_single_image image=&#8221;28178&#8243; img_size=&#8221;full&#8221; alignment=&#8221;center&#8221; el_class=&#8221;img-kimberley&#8221;][\/vc_column][vc_column width=&#8221;1\/4&#8243;][\/vc_column][\/vc_row][vc_row full_width=&#8221;stretch_row_content_no_spaces&#8221;][vc_column][vc_single_image image=&#8221;28182&#8243; img_size=&#8221;full&#8221; alignment=&#8221;center&#8221;][\/vc_column][\/vc_row][vc_row full_width=&#8221;stretch_row&#8221; css=&#8221;.vc_custom_1710839001945{padding-top: 40px !important;padding-bottom: 40px !important;background-image: url(https:\/\/www.wesselton.net\/wp-content\/uploads\/wesselton-lines_Mesa-de-trabajo-1-copia.png?id=28052) !important;background-position: center !important;background-repeat: no-repeat !important;background-size: cover !important;}&#8221;][vc_column][vc_row_inner][vc_column_inner width=&#8221;2\/12&#8243;][\/vc_column_inner][vc_column_inner width=&#8221;3\/12&#8243;][vc_custom_heading text=&#8221;Size&#8221; font_container=&#8221;tag:h4|text_align:left&#8221; use_theme_fonts=&#8221;yes&#8221;][vc_column_text]<\/p>\n<h5><em>Cut<\/em><\/h5>\n<p>[\/vc_column_text][vc_empty_space height=&#8221;30px&#8221;][\/vc_column_inner][vc_column_inner width=&#8221;7\/12&#8243;][vc_column_text]The beauty of a diamond lies in its complex relationship with light, resulting in three attributes to value: brilliance (the combination of white light that reflects from the surface and within the diamond), fire (the \u201cflames\u201d of color that the diamond emits) and glare (the light given off when the diamond, light, or observer moves).<\/p>\n<p>The proportions and cut of a polished diamond affect its behavior in light, an aspect that GIA rates from Excellent to Poor.<br \/>\n[\/vc_column_text][\/vc_column_inner][\/vc_row_inner][vc_row_inner][vc_column_inner width=&#8221;2\/12&#8243;][\/vc_column_inner][vc_column_inner width=&#8221;3\/12&#8243;][vc_custom_heading text=&#8221;Weight in Carat&#8221; font_container=&#8221;tag:h4|text_align:left&#8221; use_theme_fonts=&#8221;yes&#8221;][vc_column_text]<\/p>\n<h5><em>Carat<\/em><\/h5>\n<p>[\/vc_column_text][vc_empty_space height=&#8221;30px&#8221;][\/vc_column_inner][vc_column_inner width=&#8221;7\/12&#8243;][vc_column_text]Each carat is equivalent to 200 milligrams of weight. In the case of diamonds less than one carat, each carat is divided into 100 points to be able to equally assess their weight. At WESSELTON we work with a wide variety of diamonds of different carats.[\/vc_column_text][\/vc_column_inner][\/vc_row_inner][vc_row_inner][vc_column_inner width=&#8221;2\/12&#8243;][\/vc_column_inner][vc_column_inner width=&#8221;3\/12&#8243;][vc_custom_heading text=&#8221;Color&#8221; font_container=&#8221;tag:h4|text_align:left&#8221; use_theme_fonts=&#8221;yes&#8221;][vc_column_text]<\/p>\n<h5><em>Color<\/em><\/h5>\n<p>[\/vc_column_text][vc_empty_space height=&#8221;30px&#8221;][\/vc_column_inner][vc_column_inner width=&#8221;7\/12&#8243;][vc_column_text]The color grades of a diamond are determined by comparing each diamond to a predetermined standard.<\/p>\n<p>The GIA color scale ranges from D (no color) to Z (light yellow or brown). Each letter represents a color range and its degree of visibility.<br \/>\n[\/vc_column_text][\/vc_column_inner][\/vc_row_inner][vc_row_inner][vc_column_inner width=&#8221;2\/12&#8243;][\/vc_column_inner][vc_column_inner width=&#8221;3\/12&#8243;][vc_custom_heading text=&#8221;Purity&#8221; font_container=&#8221;tag:h4|text_align:left&#8221; use_theme_fonts=&#8221;yes&#8221;][vc_column_text]<\/p>\n<h5><em>Clarity<\/em><\/h5>\n<p>[\/vc_column_text][vc_empty_space height=&#8221;30px&#8221;][\/vc_column_inner][vc_column_inner width=&#8221;7\/12&#8243;][vc_column_text]The GIA purity scale includes eleven grades of purity based on the internal and external characteristics of the diamond resulting from its formation under conditions of extreme heat and pressure.<\/p>\n<p>These characteristics are unique to each stone and help distinguish real diamonds from synthetic ones.<br \/>\n[\/vc_column_text][\/vc_column_inner][\/vc_row_inner][vc_row_inner][vc_column_inner width=&#8221;2\/12&#8243;][\/vc_column_inner][vc_column_inner width=&#8221;3\/12&#8243;][vc_custom_heading text=&#8221;Certificate&#8221; font_container=&#8221;tag:h4|text_align:left&#8221; use_theme_fonts=&#8221;yes&#8221;][vc_column_text]<\/p>\n<h5><em>Certificate<\/em><\/h5>\n<p>[\/vc_column_text][vc_empty_space height=&#8221;30px&#8221;][\/vc_column_inner][vc_column_inner width=&#8221;7\/12&#8243;][vc_column_text]The fifth C, forgotten on many occasions, but equally important: the Certificate. It is very important that the four value characteristics above are established by a serious and impartial certification laboratory.<\/p>\n<p>At WESSELTON we work only with the best gems and diamonds selected by our certified gemologist. Diamonds over 0.30ct are certified by the GIA (Gemological Institute of America), thus guaranteeing the best quality standards in an objective and impartial manner.<\/p>\n<p>&nbsp;<\/p>\n<p><a href=\"https:\/\/www.wesselton.net\/en\/jewels\/\">Discover our jewellery and diamonds collection.<\/a>[\/vc_column_text][\/vc_column_inner][\/vc_row_inner][\/vc_column][\/vc_row][vc_row full_width=&#8221;stretch_row_content&#8221;][vc_column]\n\t\t\t<!-- START Home Footer ENG REVOLUTION SLIDER 6.2.8 --><p class=\"rs-p-wp-fix\"><\/p>\n\t\t\t<rs-module-wrap id=\"rev_slider_35_2_wrapper\" data-source=\"gallery\" style=\"background:#ffffff;padding:0px;margin:0px auto;margin-top:0;margin-bottom:0;\">\n\t\t\t\t<rs-module id=\"rev_slider_35_2\" style=\"\" data-version=\"6.2.8\">\n\t\t\t\t\t<rs-slides>\n\t\t\t\t\t\t<rs-slide data-key=\"rs-144\" data-title=\"Slide\" data-duration=\"5010\" data-anim=\"ei:d;eo:d;s:5000;r:0;t:fade;sl:d;\">\n\t\t\t\t\t\t\t<img decoding=\"async\" src=\"\/\/www.wesselton.net\/wp-content\/plugins\/revslider\/public\/assets\/assets\/dummy.png\" title=\"slider\" width=\"1800\" height=\"852\" data-lazyload=\"\/\/www.wesselton.net\/wp-content\/plugins\/revslider\/public\/assets\/assets\/transparent.png\" data-bg=\"p:center top;c:#ffffff;\" class=\"rev-slidebg\" data-no-retina>\n<!--\n\t\t\t\t\t\t\t--><rs-layer\n\t\t\t\t\t\t\t\tid=\"slider-35-slide-144-layer-1\" \n\t\t\t\t\t\t\t\tdata-type=\"image\"\n\t\t\t\t\t\t\t\tdata-rsp_ch=\"on\"\n\t\t\t\t\t\t\t\tdata-xy=\"x:r,r,r,c;xo:269px,269px,269px,0;y:t,t,t,b;yo:3px,3px,3px,10px;\"\n\t\t\t\t\t\t\t\tdata-text=\"l:22;\"\n\t\t\t\t\t\t\t\tdata-dim=\"w:auto,auto,auto,290.72540381791487px;h:390px,390px,390px,368px;\"\n\t\t\t\t\t\t\t\tdata-vbility=\"t,f,f,f\"\n\t\t\t\t\t\t\t\tdata-frame_1=\"e:expo.in;sp:800;\"\n\t\t\t\t\t\t\t\tdata-frame_999=\"o:0;e:nothing;st:w;sp:680;sR:4210;\"\n\t\t\t\t\t\t\t\tstyle=\"z-index:10;\"\n\t\t\t\t\t\t\t><img decoding=\"async\" src=\"\/\/www.wesselton.net\/wp-content\/plugins\/revslider\/public\/assets\/assets\/dummy.png\" width=\"172\" height=\"300\" data-lazyload=\"\/\/www.wesselton.net\/wp-content\/uploads\/anillo-atelier-esencia-oro-blanco-y-rosa-con-diamantes-172x300.jpg\" data-no-retina> \n\t\t\t\t\t\t\t<\/rs-layer><!--\n\n\t\t\t\t\t\t\t--><a\n\t\t\t\t\t\t\t\tid=\"slider-35-slide-144-layer-2\" \n\t\t\t\t\t\t\t\tclass=\"rs-layer\"\n\t\t\t\t\t\t\t\thref=\"https:\/\/www.wesselton.net\/en\/diamonds\/\" target=\"_self\" rel=\"nofollow\"\n\t\t\t\t\t\t\t\tdata-type=\"image\"\n\t\t\t\t\t\t\t\tdata-rsp_ch=\"on\"\n\t\t\t\t\t\t\t\tdata-xy=\"x:l,l,l,c;xo:574px,574px,574px,0;yo:75px,75px,75px,213px;\"\n\t\t\t\t\t\t\t\tdata-text=\"w:normal;s:20,20,20,4;l:0,0,0,6;\"\n\t\t\t\t\t\t\t\tdata-dim=\"w:350px,350px,350px,300px;h:150px,150px,150px,129px;\"\n\t\t\t\t\t\t\t\tdata-frame_1=\"sp:5010;\"\n\t\t\t\t\t\t\t\tdata-frame_999=\"o:0;st:w;\"\n\t\t\t\t\t\t\t\tstyle=\"z-index:11;\"\n\t\t\t\t\t\t\t><img decoding=\"async\" src=\"\/\/www.wesselton.net\/wp-content\/plugins\/revslider\/public\/assets\/assets\/dummy.png\" width=\"350\" height=\"150\" data-lazyload=\"\/\/www.wesselton.net\/wp-content\/uploads\/slider-diamonds.png\" data-no-retina> \n\t\t\t\t\t\t\t<\/a><!--\n\n\t\t\t\t\t\t\t--><a\n\t\t\t\t\t\t\t\tid=\"slider-35-slide-144-layer-3\" \n\t\t\t\t\t\t\t\tclass=\"rs-layer\"\n\t\t\t\t\t\t\t\thref=\"https:\/\/www.wesselton.net\/en\/design\/\" target=\"_self\" rel=\"nofollow\"\n\t\t\t\t\t\t\t\tdata-type=\"image\"\n\t\t\t\t\t\t\t\tdata-rsp_ch=\"on\"\n\t\t\t\t\t\t\t\tdata-xy=\"x:l,l,l,c;xo:986px,986px,986px,0;yo:75px,75px,75px,84px;\"\n\t\t\t\t\t\t\t\tdata-text=\"w:normal;s:20,20,20,4;l:0,0,0,6;\"\n\t\t\t\t\t\t\t\tdata-dim=\"w:350px,350px,350px,300px;h:150px,150px,150px,129px;\"\n\t\t\t\t\t\t\t\tdata-frame_1=\"sp:5010;\"\n\t\t\t\t\t\t\t\tdata-frame_999=\"o:0;st:w;\"\n\t\t\t\t\t\t\t\tstyle=\"z-index:12;\"\n\t\t\t\t\t\t\t><img decoding=\"async\" src=\"\/\/www.wesselton.net\/wp-content\/plugins\/revslider\/public\/assets\/assets\/dummy.png\" width=\"350\" height=\"150\" data-lazyload=\"\/\/www.wesselton.net\/wp-content\/uploads\/slider-design.png\" data-no-retina> \n\t\t\t\t\t\t\t<\/a><!--\n\n\t\t\t\t\t\t\t--><a\n\t\t\t\t\t\t\t\tid=\"slider-35-slide-144-layer-4\" \n\t\t\t\t\t\t\t\tclass=\"rs-layer\"\n\t\t\t\t\t\t\t\thref=\"https:\/\/www.wesselton.net\/en\/gemology\/\" target=\"_self\" rel=\"nofollow\"\n\t\t\t\t\t\t\t\tdata-type=\"image\"\n\t\t\t\t\t\t\t\tdata-rsp_ch=\"on\"\n\t\t\t\t\t\t\t\tdata-xy=\"x:c;yo:198px,198px,198px,342px;\"\n\t\t\t\t\t\t\t\tdata-text=\"w:normal;s:20,20,20,4;l:0,0,0,6;\"\n\t\t\t\t\t\t\t\tdata-dim=\"w:350px,350px,350px,300px;h:150px,150px,150px,129px;\"\n\t\t\t\t\t\t\t\tdata-frame_1=\"sp:5010;\"\n\t\t\t\t\t\t\t\tdata-frame_999=\"o:0;st:w;\"\n\t\t\t\t\t\t\t\tstyle=\"z-index:13;\"\n\t\t\t\t\t\t\t><img decoding=\"async\" src=\"\/\/www.wesselton.net\/wp-content\/plugins\/revslider\/public\/assets\/assets\/dummy.png\" width=\"350\" height=\"150\" data-lazyload=\"\/\/www.wesselton.net\/wp-content\/uploads\/slider-gemology.png\" data-no-retina> \n\t\t\t\t\t\t\t<\/a><!--\n\n\t\t\t\t\t\t\t--><rs-layer\n\t\t\t\t\t\t\t\tid=\"slider-35-slide-144-layer-5\" \n\t\t\t\t\t\t\t\tdata-type=\"image\"\n\t\t\t\t\t\t\t\tdata-rsp_ch=\"on\"\n\t\t\t\t\t\t\t\tdata-xy=\"xo:990px,990px,990px,198px;yo:278px,278px,278px,-7px;\"\n\t\t\t\t\t\t\t\tdata-text=\"w:normal;s:20,20,20,4;l:0,0,0,6;\"\n\t\t\t\t\t\t\t\tdata-dim=\"w:547px,547px,547px,296px;h:360px,360px,360px,195px;\"\n\t\t\t\t\t\t\t\tdata-frame_999=\"o:0;st:w;sR:4710;\"\n\t\t\t\t\t\t\t\tstyle=\"z-index:8;\"\n\t\t\t\t\t\t\t><img decoding=\"async\" src=\"\/\/www.wesselton.net\/wp-content\/plugins\/revslider\/public\/assets\/assets\/dummy.png\" width=\"547\" height=\"360\" data-lazyload=\"\/\/www.wesselton.net\/wp-content\/uploads\/ear.jpg\" data-no-retina> \n\t\t\t\t\t\t\t<\/rs-layer><!--\n\n\t\t\t\t\t\t\t--><rs-layer\n\t\t\t\t\t\t\t\tid=\"slider-35-slide-144-layer-6\" \n\t\t\t\t\t\t\t\tdata-type=\"image\"\n\t\t\t\t\t\t\t\tdata-rsp_ch=\"on\"\n\t\t\t\t\t\t\t\tdata-xy=\"xo:232px,232px,232px,9px;yo:-13px,-13px,-13px,425px;\"\n\t\t\t\t\t\t\t\tdata-text=\"w:normal;s:20,20,20,4;l:0,0,0,6;\"\n\t\t\t\t\t\t\t\tdata-dim=\"w:636px,636px,636px,242px;h:483px,483px,483px,184px;\"\n\t\t\t\t\t\t\t\tdata-frame_999=\"o:0;st:w;sR:4710;\"\n\t\t\t\t\t\t\t\tstyle=\"z-index:9;\"\n\t\t\t\t\t\t\t><img decoding=\"async\" src=\"\/\/www.wesselton.net\/wp-content\/plugins\/revslider\/public\/assets\/assets\/dummy.png\" width=\"900\" height=\"683\" data-lazyload=\"\/\/www.wesselton.net\/wp-content\/uploads\/diamond-wesselton.jpg\" data-no-retina> \n\t\t\t\t\t\t\t<\/rs-layer><!--\n-->\t\t\t\t\t\t<\/rs-slide>\n\t\t\t\t\t<\/rs-slides>\n\t\t\t\t<\/rs-module>\n\t\t\t\t<script type=\"text\/javascript\">\n\t\t\t\t\tsetREVStartSize({c: 'rev_slider_35_2',rl:[1240,1240,1240,480],el:[550,550,550,650],gw:[1920,1920,1920,480],gh:[550,550,550,650],type:'standard',justify:'',layout:'fullwidth',mh:\"0\"});\n\t\t\t\t\tvar\trevapi35,\n\t\t\t\t\t\ttpj;\n\t\t\t\t\tjQuery(function() {\n\t\t\t\t\t\ttpj = jQuery;\n\t\t\t\t\t\trevapi35 = tpj(\"#rev_slider_35_2\")\n\t\t\t\t\t\tif(revapi35==undefined || revapi35.revolution == undefined){\n\t\t\t\t\t\t\trevslider_showDoubleJqueryError(\"rev_slider_35_2\");\n\t\t\t\t\t\t}else{\n\t\t\t\t\t\t\trevapi35.revolution({\n\t\t\t\t\t\t\t\tsliderLayout:\"fullwidth\",\n\t\t\t\t\t\t\t\tvisibilityLevels:\"1240,1240,1240,480\",\n\t\t\t\t\t\t\t\tgridwidth:\"1920,1920,1920,480\",\n\t\t\t\t\t\t\t\tgridheight:\"550,550,550,650\",\n\t\t\t\t\t\t\t\tlazyType:\"smart\",\n\t\t\t\t\t\t\t\tspinner:\"spinner5\",\n\t\t\t\t\t\t\t\tperspective:600,\n\t\t\t\t\t\t\t\tperspectiveType:\"local\",\n\t\t\t\t\t\t\t\teditorheight:\"550,450,400,650\",\n\t\t\t\t\t\t\t\tresponsiveLevels:\"1240,1240,1240,480\",\n\t\t\t\t\t\t\t\tprogressBar:{disableProgressBar:true},\n\t\t\t\t\t\t\t\tnavigation: {\n\t\t\t\t\t\t\t\t\tmouseScrollNavigation:false,\n\t\t\t\t\t\t\t\t\tonHoverStop:false,\n\t\t\t\t\t\t\t\t\ttouch: {\n\t\t\t\t\t\t\t\t\t\ttouchenabled:true,\n\t\t\t\t\t\t\t\t\t\tswipe_min_touches:50\n\t\t\t\t\t\t\t\t\t}\n\t\t\t\t\t\t\t\t},\n\t\t\t\t\t\t\t\tfallbacks: {\n\t\t\t\t\t\t\t\t\tignoreHeightChanges:\"\",\n\t\t\t\t\t\t\t\t\tallowHTML5AutoPlayOnAndroid:true\n\t\t\t\t\t\t\t\t},\n\t\t\t\t\t\t\t});\n\t\t\t\t\t\t}\n\t\t\t\t\t\t\n\t\t\t\t\t});\n\t\t\t\t<\/script>\n\t\t\t<\/rs-module-wrap>\n\t\t\t<!-- END REVOLUTION SLIDER -->\n[\/vc_column][\/vc_row]<\/p>\n","protected":false},"excerpt":{"rendered":"<p>[vc_row full_width=&#8221;stretch_row_content_no_spaces&#8221; css=&#8221;.vc_custom_1710838512422{margin-bottom: 0px !important;padding-bottom: 0px !important;}&#8221;][vc_column][\/vc_column][\/vc_row][vc_row css=&#8221;.vc_custom_1710838505889{margin-top: 0px !important;margin-bottom: 0px !important;padding-top: 0px !important;padding-bottom: 0px !important;}&#8221;][vc_column][vc_empty_space height=&#8221;80px&#8221;][vc_column_text] We offer jewellery and diamonds that are dazzling and durable, capable of encapsulating&hellip;<\/p>\n","protected":false},"author":3,"featured_media":0,"parent":0,"menu_order":0,"comment_status":"closed","ping_status":"closed","template":"","meta":{"footnotes":""},"class_list":["post-28328","page","type-page","status-publish","hentry"],"acf":[],"yoast_head":"<!-- This site is optimized with the Yoast SEO plugin v27.2 - https:\/\/yoast.com\/product\/yoast-seo-wordpress\/ -->\n<title>Jewellery and diamonds - Wesselton - Platja d&#039;Aro - Online shop<\/title>\n<meta name=\"description\" content=\"High quality jewellery and diamonds can be found in Wesselton Platja d&#039;Aro. Specialised service. Online shop.\" \/>\n<meta name=\"robots\" content=\"index, follow, max-snippet:-1, max-image-preview:large, max-video-preview:-1\" \/>\n<link rel=\"canonical\" href=\"https:\/\/www.wesselton.net\/en\/jewellery-and-diamonds\/\" \/>\n<meta property=\"og:locale\" content=\"en_US\" \/>\n<meta property=\"og:type\" content=\"article\" \/>\n<meta property=\"og:title\" content=\"Jewellery and diamonds - Wesselton - Platja d&#039;Aro - Online shop\" \/>\n<meta property=\"og:description\" content=\"High quality jewellery and diamonds can be found in Wesselton Platja d&#039;Aro. Specialised service. Online shop.\" \/>\n<meta property=\"og:url\" content=\"https:\/\/www.wesselton.net\/en\/jewellery-and-diamonds\/\" \/>\n<meta property=\"og:site_name\" content=\"Wesselton | Jewelry and Diamonds\" \/>\n<meta property=\"article:publisher\" content=\"https:\/\/www.facebook.com\/wesselton.oficial\/\" \/>\n<meta property=\"article:modified_time\" content=\"2024-05-26T08:44:18+00:00\" \/>\n<meta name=\"twitter:card\" content=\"summary_large_image\" \/>\n<meta name=\"twitter:label1\" content=\"Est. reading time\" \/>\n\t<meta name=\"twitter:data1\" content=\"4 minutes\" \/>\n<script type=\"application\/ld+json\" class=\"yoast-schema-graph\">{\"@context\":\"https:\/\/schema.org\",\"@graph\":[{\"@type\":\"WebPage\",\"@id\":\"https:\/\/www.wesselton.net\/en\/jewellery-and-diamonds\/\",\"url\":\"https:\/\/www.wesselton.net\/en\/jewellery-and-diamonds\/\",\"name\":\"Jewellery and diamonds - Wesselton - Platja d'Aro - Online shop\",\"isPartOf\":{\"@id\":\"https:\/\/www.wesselton.net\/#website\"},\"datePublished\":\"2024-04-03T14:25:45+00:00\",\"dateModified\":\"2024-05-26T08:44:18+00:00\",\"description\":\"High quality jewellery and diamonds can be found in Wesselton Platja d'Aro. Specialised service. Online shop.\",\"breadcrumb\":{\"@id\":\"https:\/\/www.wesselton.net\/en\/jewellery-and-diamonds\/#breadcrumb\"},\"inLanguage\":\"en-US\",\"potentialAction\":[{\"@type\":\"ReadAction\",\"target\":[\"https:\/\/www.wesselton.net\/en\/jewellery-and-diamonds\/\"]}]},{\"@type\":\"BreadcrumbList\",\"@id\":\"https:\/\/www.wesselton.net\/en\/jewellery-and-diamonds\/#breadcrumb\",\"itemListElement\":[{\"@type\":\"ListItem\",\"position\":1,\"name\":\"Inici\",\"item\":\"https:\/\/www.wesselton.net\/en\/\"},{\"@type\":\"ListItem\",\"position\":2,\"name\":\"Jewellery and Diamonds\"}]},{\"@type\":\"WebSite\",\"@id\":\"https:\/\/www.wesselton.net\/#website\",\"url\":\"https:\/\/www.wesselton.net\/\",\"name\":\"Wesselton | Jewelry and Diamonds\",\"description\":\"Diamants \u00fanics per moments \u00fanics. Peces d&#039;elaboraci\u00f3 pr\u00f2pia de m\u00e0xima qualitat, cuidades fins a l&#039;\u00faltim detall, i les millors marques de joieria.\",\"potentialAction\":[{\"@type\":\"SearchAction\",\"target\":{\"@type\":\"EntryPoint\",\"urlTemplate\":\"https:\/\/www.wesselton.net\/?s={search_term_string}\"},\"query-input\":{\"@type\":\"PropertyValueSpecification\",\"valueRequired\":true,\"valueName\":\"search_term_string\"}}],\"inLanguage\":\"en-US\"}]}<\/script>\n<!-- \/ Yoast SEO plugin. -->","yoast_head_json":{"title":"Jewellery and diamonds - Wesselton - Platja d'Aro - Online shop","description":"High quality jewellery and diamonds can be found in Wesselton Platja d'Aro. Specialised service. Online shop.","robots":{"index":"index","follow":"follow","max-snippet":"max-snippet:-1","max-image-preview":"max-image-preview:large","max-video-preview":"max-video-preview:-1"},"canonical":"https:\/\/www.wesselton.net\/en\/jewellery-and-diamonds\/","og_locale":"en_US","og_type":"article","og_title":"Jewellery and diamonds - Wesselton - Platja d'Aro - Online shop","og_description":"High quality jewellery and diamonds can be found in Wesselton Platja d'Aro. Specialised service. Online shop.","og_url":"https:\/\/www.wesselton.net\/en\/jewellery-and-diamonds\/","og_site_name":"Wesselton | Jewelry and Diamonds","article_publisher":"https:\/\/www.facebook.com\/wesselton.oficial\/","article_modified_time":"2024-05-26T08:44:18+00:00","twitter_card":"summary_large_image","twitter_misc":{"Est. reading time":"4 minutes"},"schema":{"@context":"https:\/\/schema.org","@graph":[{"@type":"WebPage","@id":"https:\/\/www.wesselton.net\/en\/jewellery-and-diamonds\/","url":"https:\/\/www.wesselton.net\/en\/jewellery-and-diamonds\/","name":"Jewellery and diamonds - Wesselton - Platja d'Aro - Online shop","isPartOf":{"@id":"https:\/\/www.wesselton.net\/#website"},"datePublished":"2024-04-03T14:25:45+00:00","dateModified":"2024-05-26T08:44:18+00:00","description":"High quality jewellery and diamonds can be found in Wesselton Platja d'Aro. Specialised service. Online shop.","breadcrumb":{"@id":"https:\/\/www.wesselton.net\/en\/jewellery-and-diamonds\/#breadcrumb"},"inLanguage":"en-US","potentialAction":[{"@type":"ReadAction","target":["https:\/\/www.wesselton.net\/en\/jewellery-and-diamonds\/"]}]},{"@type":"BreadcrumbList","@id":"https:\/\/www.wesselton.net\/en\/jewellery-and-diamonds\/#breadcrumb","itemListElement":[{"@type":"ListItem","position":1,"name":"Inici","item":"https:\/\/www.wesselton.net\/en\/"},{"@type":"ListItem","position":2,"name":"Jewellery and Diamonds"}]},{"@type":"WebSite","@id":"https:\/\/www.wesselton.net\/#website","url":"https:\/\/www.wesselton.net\/","name":"Wesselton | Jewelry and Diamonds","description":"Diamants \u00fanics per moments \u00fanics. Peces d&#039;elaboraci\u00f3 pr\u00f2pia de m\u00e0xima qualitat, cuidades fins a l&#039;\u00faltim detall, i les millors marques de joieria.","potentialAction":[{"@type":"SearchAction","target":{"@type":"EntryPoint","urlTemplate":"https:\/\/www.wesselton.net\/?s={search_term_string}"},"query-input":{"@type":"PropertyValueSpecification","valueRequired":true,"valueName":"search_term_string"}}],"inLanguage":"en-US"}]}},"_links":{"self":[{"href":"https:\/\/www.wesselton.net\/en\/wp-json\/wp\/v2\/pages\/28328","targetHints":{"allow":["GET"]}}],"collection":[{"href":"https:\/\/www.wesselton.net\/en\/wp-json\/wp\/v2\/pages"}],"about":[{"href":"https:\/\/www.wesselton.net\/en\/wp-json\/wp\/v2\/types\/page"}],"author":[{"embeddable":true,"href":"https:\/\/www.wesselton.net\/en\/wp-json\/wp\/v2\/users\/3"}],"replies":[{"embeddable":true,"href":"https:\/\/www.wesselton.net\/en\/wp-json\/wp\/v2\/comments?post=28328"}],"version-history":[{"count":10,"href":"https:\/\/www.wesselton.net\/en\/wp-json\/wp\/v2\/pages\/28328\/revisions"}],"predecessor-version":[{"id":29311,"href":"https:\/\/www.wesselton.net\/en\/wp-json\/wp\/v2\/pages\/28328\/revisions\/29311"}],"wp:attachment":[{"href":"https:\/\/www.wesselton.net\/en\/wp-json\/wp\/v2\/media?parent=28328"}],"curies":[{"name":"wp","href":"https:\/\/api.w.org\/{rel}","templated":true}]}}