

{"id":14485,"date":"2020-06-30T18:45:38","date_gmt":"2020-06-30T16:45:38","guid":{"rendered":"https:\/\/www.wesselton.net\/botiga\/uncategorized\/tissot-le-locle-powermatic-80-2\/"},"modified":"2026-04-10T12:22:59","modified_gmt":"2026-04-10T10:22:59","slug":"watch-le-locle-powermatic-white","status":"publish","type":"product","link":"https:\/\/www.wesselton.net\/en\/watch-le-locle-powermatic-white\/","title":{"rendered":"Le Locle Powermatic watch by WESSELTON collection Le Locle"},"content":{"rendered":"<p>The Le Locle automatic watch by WESSELTON from the Le Locle Powermatic collection is a piece of Swiss-made haute horlogerie that combines precision, elegance and tradition. With a classic round case design with 316L stainless steel and a refined finish, it offers a sophisticated and timeless aesthetic.<\/p>\n<p>The scratch-resistant sapphire crystal of the Le Locle watch protects a silver dial with Roman numerals, providing clear reading and a distinguished style. The 39.3 mm diameter and 9.8 mm thick case ensures a balanced and elegant presence on the wrist, while the transparent case back allows you to appreciate the internal mechanism.<\/p>\n<p>Equipped with a Swiss Made Powermatic 80.111 automatic movement, it has 23 jewels and an impressive power reserve of up to 80 hours, ensuring precision and reliability. Its water resistance of up to 30 meters (3 bar) protects it from splashes and everyday use.<\/p>\n<p>The grey stainless steel strap incorporates a butterfly clasp with push buttons, offering comfort and security. Weighing 122 grams, this watch represents the excellence of Swiss watchmaking with the WESSELTON quality seal.<\/p>\n","protected":false},"excerpt":{"rendered":"<p>The name Le Locle seems to be a reliable ingredient of success. As well as being the name of Tissot\u2019s home and heritage, nestled in the Swiss Jura Mountains, it is the name of a hugely popular automatic watch family. The models display exquisite elegance with details such as Roman numerals and a traditional Le Locle signature which complete the picture of classical chic.<\/p>\n","protected":false},"featured_media":11878,"comment_status":"open","ping_status":"closed","template":"","meta":[],"product_brand":[],"product_cat":[2147],"product_tag":[],"class_list":{"0":"post-14485","1":"product","2":"type-product","3":"status-publish","4":"has-post-thumbnail","6":"product_cat-automatic","7":"yith_product_brand-tissot","9":"first","10":"outofstock","11":"shipping-taxable","12":"purchasable","13":"product-type-simple"},"acf":[],"yoast_head":"<!-- This site is optimized with the Yoast SEO plugin v27.2 - https:\/\/yoast.com\/product\/yoast-seo-wordpress\/ -->\n<title>Watch Le Locle - Wesselton<\/title>\n<meta name=\"description\" content=\"The WESSELTON automatic watch from the Le Locle Powermatic collection is a piece of fine watchmaking made in Switzerland, combining precision and elegance.\" \/>\n<meta name=\"robots\" content=\"index, follow, max-snippet:-1, max-image-preview:large, max-video-preview:-1\" \/>\n<link rel=\"canonical\" href=\"https:\/\/www.wesselton.net\/en\/watch-le-locle-powermatic-white\/\" \/>\n<meta property=\"og:locale\" content=\"en_US\" \/>\n<meta property=\"og:type\" content=\"article\" \/>\n<meta property=\"og:title\" content=\"Watch Le Locle - Wesselton\" \/>\n<meta property=\"og:description\" content=\"The WESSELTON automatic watch from the Le Locle Powermatic collection is a piece of fine watchmaking made in Switzerland, combining precision and elegance.\" \/>\n<meta property=\"og:url\" content=\"https:\/\/www.wesselton.net\/en\/watch-le-locle-powermatic-white\/\" \/>\n<meta property=\"og:site_name\" content=\"Wesselton | Jewelry and Diamonds\" \/>\n<meta property=\"article:publisher\" content=\"https:\/\/www.facebook.com\/wesselton.oficial\/\" \/>\n<meta property=\"article:modified_time\" content=\"2026-04-10T10:22:59+00:00\" \/>\n<meta property=\"og:image\" content=\"https:\/\/www.wesselton.net\/wp-content\/uploads\/rellotge-tissot-T006_407_11_033_00.jpg\" \/>\n\t<meta property=\"og:image:width\" content=\"680\" \/>\n\t<meta property=\"og:image:height\" content=\"920\" \/>\n\t<meta property=\"og:image:type\" content=\"image\/jpeg\" \/>\n<meta name=\"twitter:card\" content=\"summary_large_image\" \/>\n<meta name=\"twitter:label1\" content=\"Est. reading time\" \/>\n\t<meta name=\"twitter:data1\" content=\"2 minutes\" \/>\n<script type=\"application\/ld+json\" class=\"yoast-schema-graph\">{\"@context\":\"https:\/\/schema.org\",\"@graph\":[{\"@type\":\"WebPage\",\"@id\":\"https:\/\/www.wesselton.net\/en\/watch-le-locle-powermatic-white\/\",\"url\":\"https:\/\/www.wesselton.net\/en\/watch-le-locle-powermatic-white\/\",\"name\":\"Watch Le Locle - Wesselton\",\"isPartOf\":{\"@id\":\"https:\/\/www.wesselton.net\/#website\"},\"primaryImageOfPage\":{\"@id\":\"https:\/\/www.wesselton.net\/en\/watch-le-locle-powermatic-white\/#primaryimage\"},\"image\":{\"@id\":\"https:\/\/www.wesselton.net\/en\/watch-le-locle-powermatic-white\/#primaryimage\"},\"thumbnailUrl\":\"https:\/\/www.wesselton.net\/wp-content\/uploads\/rellotge-tissot-T006_407_11_033_00.jpg\",\"datePublished\":\"2020-06-30T16:45:38+00:00\",\"dateModified\":\"2026-04-10T10:22:59+00:00\",\"description\":\"The WESSELTON automatic watch from the Le Locle Powermatic collection is a piece of fine watchmaking made in Switzerland, combining precision and elegance.\",\"breadcrumb\":{\"@id\":\"https:\/\/www.wesselton.net\/en\/watch-le-locle-powermatic-white\/#breadcrumb\"},\"inLanguage\":\"en-US\",\"potentialAction\":[{\"@type\":\"ReadAction\",\"target\":[\"https:\/\/www.wesselton.net\/en\/watch-le-locle-powermatic-white\/\"]}]},{\"@type\":\"ImageObject\",\"inLanguage\":\"en-US\",\"@id\":\"https:\/\/www.wesselton.net\/en\/watch-le-locle-powermatic-white\/#primaryimage\",\"url\":\"https:\/\/www.wesselton.net\/wp-content\/uploads\/rellotge-tissot-T006_407_11_033_00.jpg\",\"contentUrl\":\"https:\/\/www.wesselton.net\/wp-content\/uploads\/rellotge-tissot-T006_407_11_033_00.jpg\",\"width\":680,\"height\":920,\"caption\":\"TISSOT LE LOCLE POWERMATIC 80-001\"},{\"@type\":\"BreadcrumbList\",\"@id\":\"https:\/\/www.wesselton.net\/en\/watch-le-locle-powermatic-white\/#breadcrumb\",\"itemListElement\":[{\"@type\":\"ListItem\",\"position\":1,\"name\":\"Inici\",\"item\":\"https:\/\/www.wesselton.net\/en\/\"},{\"@type\":\"ListItem\",\"position\":2,\"name\":\"Shop\",\"item\":\"https:\/\/www.wesselton.net\/en\/shop\/\"},{\"@type\":\"ListItem\",\"position\":3,\"name\":\"Le Locle Powermatic watch by WESSELTON collection Le Locle\"}]},{\"@type\":\"WebSite\",\"@id\":\"https:\/\/www.wesselton.net\/#website\",\"url\":\"https:\/\/www.wesselton.net\/\",\"name\":\"Wesselton | Jewelry and Diamonds\",\"description\":\"Diamants \u00fanics per moments \u00fanics. Peces d&#039;elaboraci\u00f3 pr\u00f2pia de m\u00e0xima qualitat, cuidades fins a l&#039;\u00faltim detall, i les millors marques de joieria.\",\"potentialAction\":[{\"@type\":\"SearchAction\",\"target\":{\"@type\":\"EntryPoint\",\"urlTemplate\":\"https:\/\/www.wesselton.net\/?s={search_term_string}\"},\"query-input\":{\"@type\":\"PropertyValueSpecification\",\"valueRequired\":true,\"valueName\":\"search_term_string\"}}],\"inLanguage\":\"en-US\"}]}<\/script>\n<!-- \/ Yoast SEO plugin. -->","yoast_head_json":{"title":"Watch Le Locle - Wesselton","description":"The WESSELTON automatic watch from the Le Locle Powermatic collection is a piece of fine watchmaking made in Switzerland, combining precision and elegance.","robots":{"index":"index","follow":"follow","max-snippet":"max-snippet:-1","max-image-preview":"max-image-preview:large","max-video-preview":"max-video-preview:-1"},"canonical":"https:\/\/www.wesselton.net\/en\/watch-le-locle-powermatic-white\/","og_locale":"en_US","og_type":"article","og_title":"Watch Le Locle - Wesselton","og_description":"The WESSELTON automatic watch from the Le Locle Powermatic collection is a piece of fine watchmaking made in Switzerland, combining precision and elegance.","og_url":"https:\/\/www.wesselton.net\/en\/watch-le-locle-powermatic-white\/","og_site_name":"Wesselton | Jewelry and Diamonds","article_publisher":"https:\/\/www.facebook.com\/wesselton.oficial\/","article_modified_time":"2026-04-10T10:22:59+00:00","og_image":[{"width":680,"height":920,"url":"https:\/\/www.wesselton.net\/wp-content\/uploads\/rellotge-tissot-T006_407_11_033_00.jpg","type":"image\/jpeg"}],"twitter_card":"summary_large_image","twitter_misc":{"Est. reading time":"2 minutes"},"schema":{"@context":"https:\/\/schema.org","@graph":[{"@type":"WebPage","@id":"https:\/\/www.wesselton.net\/en\/watch-le-locle-powermatic-white\/","url":"https:\/\/www.wesselton.net\/en\/watch-le-locle-powermatic-white\/","name":"Watch Le Locle - Wesselton","isPartOf":{"@id":"https:\/\/www.wesselton.net\/#website"},"primaryImageOfPage":{"@id":"https:\/\/www.wesselton.net\/en\/watch-le-locle-powermatic-white\/#primaryimage"},"image":{"@id":"https:\/\/www.wesselton.net\/en\/watch-le-locle-powermatic-white\/#primaryimage"},"thumbnailUrl":"https:\/\/www.wesselton.net\/wp-content\/uploads\/rellotge-tissot-T006_407_11_033_00.jpg","datePublished":"2020-06-30T16:45:38+00:00","dateModified":"2026-04-10T10:22:59+00:00","description":"The WESSELTON automatic watch from the Le Locle Powermatic collection is a piece of fine watchmaking made in Switzerland, combining precision and elegance.","breadcrumb":{"@id":"https:\/\/www.wesselton.net\/en\/watch-le-locle-powermatic-white\/#breadcrumb"},"inLanguage":"en-US","potentialAction":[{"@type":"ReadAction","target":["https:\/\/www.wesselton.net\/en\/watch-le-locle-powermatic-white\/"]}]},{"@type":"ImageObject","inLanguage":"en-US","@id":"https:\/\/www.wesselton.net\/en\/watch-le-locle-powermatic-white\/#primaryimage","url":"https:\/\/www.wesselton.net\/wp-content\/uploads\/rellotge-tissot-T006_407_11_033_00.jpg","contentUrl":"https:\/\/www.wesselton.net\/wp-content\/uploads\/rellotge-tissot-T006_407_11_033_00.jpg","width":680,"height":920,"caption":"TISSOT LE LOCLE POWERMATIC 80-001"},{"@type":"BreadcrumbList","@id":"https:\/\/www.wesselton.net\/en\/watch-le-locle-powermatic-white\/#breadcrumb","itemListElement":[{"@type":"ListItem","position":1,"name":"Inici","item":"https:\/\/www.wesselton.net\/en\/"},{"@type":"ListItem","position":2,"name":"Shop","item":"https:\/\/www.wesselton.net\/en\/shop\/"},{"@type":"ListItem","position":3,"name":"Le Locle Powermatic watch by WESSELTON collection Le Locle"}]},{"@type":"WebSite","@id":"https:\/\/www.wesselton.net\/#website","url":"https:\/\/www.wesselton.net\/","name":"Wesselton | Jewelry and Diamonds","description":"Diamants \u00fanics per moments \u00fanics. Peces d&#039;elaboraci\u00f3 pr\u00f2pia de m\u00e0xima qualitat, cuidades fins a l&#039;\u00faltim detall, i les millors marques de joieria.","potentialAction":[{"@type":"SearchAction","target":{"@type":"EntryPoint","urlTemplate":"https:\/\/www.wesselton.net\/?s={search_term_string}"},"query-input":{"@type":"PropertyValueSpecification","valueRequired":true,"valueName":"search_term_string"}}],"inLanguage":"en-US"}]}},"_links":{"self":[{"href":"https:\/\/www.wesselton.net\/en\/wp-json\/wp\/v2\/product\/14485","targetHints":{"allow":["GET"]}}],"collection":[{"href":"https:\/\/www.wesselton.net\/en\/wp-json\/wp\/v2\/product"}],"about":[{"href":"https:\/\/www.wesselton.net\/en\/wp-json\/wp\/v2\/types\/product"}],"replies":[{"embeddable":true,"href":"https:\/\/www.wesselton.net\/en\/wp-json\/wp\/v2\/comments?post=14485"}],"wp:featuredmedia":[{"embeddable":true,"href":"https:\/\/www.wesselton.net\/en\/wp-json\/wp\/v2\/media\/11878"}],"wp:attachment":[{"href":"https:\/\/www.wesselton.net\/en\/wp-json\/wp\/v2\/media?parent=14485"}],"wp:term":[{"taxonomy":"product_brand","embeddable":true,"href":"https:\/\/www.wesselton.net\/en\/wp-json\/wp\/v2\/product_brand?post=14485"},{"taxonomy":"product_cat","embeddable":true,"href":"https:\/\/www.wesselton.net\/en\/wp-json\/wp\/v2\/product_cat?post=14485"},{"taxonomy":"product_tag","embeddable":true,"href":"https:\/\/www.wesselton.net\/en\/wp-json\/wp\/v2\/product_tag?post=14485"}],"curies":[{"name":"wp","href":"https:\/\/api.w.org\/{rel}","templated":true}]}}