

{"id":15024,"date":"2020-06-17T14:41:00","date_gmt":"2020-06-17T12:41:00","guid":{"rendered":"https:\/\/www.wesselton.net\/botiga\/uncategorized\/marco-bicego-goa-diamonds-earrings\/"},"modified":"2022-12-21T23:37:09","modified_gmt":"2022-12-21T21:37:09","slug":"earrings-marcobicego-goa-diamonds","status":"publish","type":"product","link":"https:\/\/www.wesselton.net\/en\/earrings-marcobicego-goa-diamonds\/","title":{"rendered":"EARRINGS &#8211; MARCO BICEGO GOA DIAMONDS"},"content":{"rendered":"<p>The 18 carat white gold diamond earrings are made exclusively with the Corda di Chitarra technique. Three sparks of light that perfectly frame the face, giving it grace and sophistication.<\/p>\n","protected":false},"excerpt":{"rendered":"<p>18 carat white gold earrings handmade with the Corda di Chitarra technique. These jewelry mounts 0.18 carats of brilliant cut diamonds.<\/p>\n","protected":false},"featured_media":10975,"comment_status":"open","ping_status":"closed","template":"","meta":[],"product_brand":[],"product_cat":[2331,2345],"product_tag":[],"class_list":{"0":"post-15024","1":"product","2":"type-product","3":"status-publish","4":"has-post-thumbnail","6":"product_cat-earrings-diamonds","7":"product_cat-with-white-gold","8":"yith_product_brand-marco-bicego","10":"first","11":"instock","12":"shipping-taxable","13":"purchasable","14":"product-type-simple"},"acf":[],"yoast_head":"<!-- This site is optimized with the Yoast SEO plugin v27.2 - https:\/\/yoast.com\/product\/yoast-seo-wordpress\/ -->\n<title>EARRINGS - MARCO BICEGO GOA DIAMONDS<\/title>\n<meta name=\"description\" content=\"18 carat white gold earrings handmade with the Corda di Chitarra technique. These jewelry mounts 0.18 carats of brilliant cut diamonds.\" \/>\n<meta name=\"robots\" content=\"index, follow, max-snippet:-1, max-image-preview:large, max-video-preview:-1\" \/>\n<link rel=\"canonical\" href=\"https:\/\/www.wesselton.net\/en\/earrings-marcobicego-goa-diamonds\/\" \/>\n<meta property=\"og:locale\" content=\"en_US\" \/>\n<meta property=\"og:type\" content=\"article\" \/>\n<meta property=\"og:title\" content=\"EARRINGS - MARCO BICEGO GOA DIAMONDS\" \/>\n<meta property=\"og:description\" content=\"18 carat white gold earrings handmade with the Corda di Chitarra technique. These jewelry mounts 0.18 carats of brilliant cut diamonds.\" \/>\n<meta property=\"og:url\" content=\"https:\/\/www.wesselton.net\/en\/earrings-marcobicego-goa-diamonds\/\" \/>\n<meta property=\"og:site_name\" content=\"Wesselton | Jewelry and Diamonds\" \/>\n<meta property=\"article:publisher\" content=\"https:\/\/www.facebook.com\/wesselton.oficial\/\" \/>\n<meta property=\"article:modified_time\" content=\"2022-12-21T21:37:09+00:00\" \/>\n<meta property=\"og:image\" content=\"https:\/\/www.wesselton.net\/wp-content\/uploads\/marco-bicego-arracades-goa-OG244_B.jpg\" \/>\n\t<meta property=\"og:image:width\" content=\"680\" \/>\n\t<meta property=\"og:image:height\" content=\"920\" \/>\n\t<meta property=\"og:image:type\" content=\"image\/jpeg\" \/>\n<meta name=\"twitter:card\" content=\"summary_large_image\" \/>\n<script type=\"application\/ld+json\" class=\"yoast-schema-graph\">{\"@context\":\"https:\/\/schema.org\",\"@graph\":[{\"@type\":\"WebPage\",\"@id\":\"https:\/\/www.wesselton.net\/en\/earrings-marcobicego-goa-diamonds\/\",\"url\":\"https:\/\/www.wesselton.net\/en\/earrings-marcobicego-goa-diamonds\/\",\"name\":\"EARRINGS - MARCO BICEGO GOA DIAMONDS\",\"isPartOf\":{\"@id\":\"https:\/\/www.wesselton.net\/#website\"},\"primaryImageOfPage\":{\"@id\":\"https:\/\/www.wesselton.net\/en\/earrings-marcobicego-goa-diamonds\/#primaryimage\"},\"image\":{\"@id\":\"https:\/\/www.wesselton.net\/en\/earrings-marcobicego-goa-diamonds\/#primaryimage\"},\"thumbnailUrl\":\"https:\/\/www.wesselton.net\/wp-content\/uploads\/marco-bicego-arracades-goa-OG244_B.jpg\",\"datePublished\":\"2020-06-17T12:41:00+00:00\",\"dateModified\":\"2022-12-21T21:37:09+00:00\",\"description\":\"18 carat white gold earrings handmade with the Corda di Chitarra technique. These jewelry mounts 0.18 carats of brilliant cut diamonds.\",\"breadcrumb\":{\"@id\":\"https:\/\/www.wesselton.net\/en\/earrings-marcobicego-goa-diamonds\/#breadcrumb\"},\"inLanguage\":\"en-US\",\"potentialAction\":[{\"@type\":\"ReadAction\",\"target\":[\"https:\/\/www.wesselton.net\/en\/earrings-marcobicego-goa-diamonds\/\"]}]},{\"@type\":\"ImageObject\",\"inLanguage\":\"en-US\",\"@id\":\"https:\/\/www.wesselton.net\/en\/earrings-marcobicego-goa-diamonds\/#primaryimage\",\"url\":\"https:\/\/www.wesselton.net\/wp-content\/uploads\/marco-bicego-arracades-goa-OG244_B.jpg\",\"contentUrl\":\"https:\/\/www.wesselton.net\/wp-content\/uploads\/marco-bicego-arracades-goa-OG244_B.jpg\",\"width\":680,\"height\":920,\"caption\":\"EARRINGS - MARCO BICEGO GOA DIAMONDS\"},{\"@type\":\"BreadcrumbList\",\"@id\":\"https:\/\/www.wesselton.net\/en\/earrings-marcobicego-goa-diamonds\/#breadcrumb\",\"itemListElement\":[{\"@type\":\"ListItem\",\"position\":1,\"name\":\"Inici\",\"item\":\"https:\/\/www.wesselton.net\/en\/\"},{\"@type\":\"ListItem\",\"position\":2,\"name\":\"Shop\",\"item\":\"https:\/\/www.wesselton.net\/en\/shop\/\"},{\"@type\":\"ListItem\",\"position\":3,\"name\":\"EARRINGS &#8211; MARCO BICEGO GOA DIAMONDS\"}]},{\"@type\":\"WebSite\",\"@id\":\"https:\/\/www.wesselton.net\/#website\",\"url\":\"https:\/\/www.wesselton.net\/\",\"name\":\"Wesselton | Jewelry and Diamonds\",\"description\":\"Diamants \u00fanics per moments \u00fanics. Peces d&#039;elaboraci\u00f3 pr\u00f2pia de m\u00e0xima qualitat, cuidades fins a l&#039;\u00faltim detall, i les millors marques de joieria.\",\"potentialAction\":[{\"@type\":\"SearchAction\",\"target\":{\"@type\":\"EntryPoint\",\"urlTemplate\":\"https:\/\/www.wesselton.net\/?s={search_term_string}\"},\"query-input\":{\"@type\":\"PropertyValueSpecification\",\"valueRequired\":true,\"valueName\":\"search_term_string\"}}],\"inLanguage\":\"en-US\"}]}<\/script>\n<!-- \/ Yoast SEO plugin. -->","yoast_head_json":{"title":"EARRINGS - MARCO BICEGO GOA DIAMONDS","description":"18 carat white gold earrings handmade with the Corda di Chitarra technique. These jewelry mounts 0.18 carats of brilliant cut diamonds.","robots":{"index":"index","follow":"follow","max-snippet":"max-snippet:-1","max-image-preview":"max-image-preview:large","max-video-preview":"max-video-preview:-1"},"canonical":"https:\/\/www.wesselton.net\/en\/earrings-marcobicego-goa-diamonds\/","og_locale":"en_US","og_type":"article","og_title":"EARRINGS - MARCO BICEGO GOA DIAMONDS","og_description":"18 carat white gold earrings handmade with the Corda di Chitarra technique. These jewelry mounts 0.18 carats of brilliant cut diamonds.","og_url":"https:\/\/www.wesselton.net\/en\/earrings-marcobicego-goa-diamonds\/","og_site_name":"Wesselton | Jewelry and Diamonds","article_publisher":"https:\/\/www.facebook.com\/wesselton.oficial\/","article_modified_time":"2022-12-21T21:37:09+00:00","og_image":[{"width":680,"height":920,"url":"https:\/\/www.wesselton.net\/wp-content\/uploads\/marco-bicego-arracades-goa-OG244_B.jpg","type":"image\/jpeg"}],"twitter_card":"summary_large_image","schema":{"@context":"https:\/\/schema.org","@graph":[{"@type":"WebPage","@id":"https:\/\/www.wesselton.net\/en\/earrings-marcobicego-goa-diamonds\/","url":"https:\/\/www.wesselton.net\/en\/earrings-marcobicego-goa-diamonds\/","name":"EARRINGS - MARCO BICEGO GOA DIAMONDS","isPartOf":{"@id":"https:\/\/www.wesselton.net\/#website"},"primaryImageOfPage":{"@id":"https:\/\/www.wesselton.net\/en\/earrings-marcobicego-goa-diamonds\/#primaryimage"},"image":{"@id":"https:\/\/www.wesselton.net\/en\/earrings-marcobicego-goa-diamonds\/#primaryimage"},"thumbnailUrl":"https:\/\/www.wesselton.net\/wp-content\/uploads\/marco-bicego-arracades-goa-OG244_B.jpg","datePublished":"2020-06-17T12:41:00+00:00","dateModified":"2022-12-21T21:37:09+00:00","description":"18 carat white gold earrings handmade with the Corda di Chitarra technique. These jewelry mounts 0.18 carats of brilliant cut diamonds.","breadcrumb":{"@id":"https:\/\/www.wesselton.net\/en\/earrings-marcobicego-goa-diamonds\/#breadcrumb"},"inLanguage":"en-US","potentialAction":[{"@type":"ReadAction","target":["https:\/\/www.wesselton.net\/en\/earrings-marcobicego-goa-diamonds\/"]}]},{"@type":"ImageObject","inLanguage":"en-US","@id":"https:\/\/www.wesselton.net\/en\/earrings-marcobicego-goa-diamonds\/#primaryimage","url":"https:\/\/www.wesselton.net\/wp-content\/uploads\/marco-bicego-arracades-goa-OG244_B.jpg","contentUrl":"https:\/\/www.wesselton.net\/wp-content\/uploads\/marco-bicego-arracades-goa-OG244_B.jpg","width":680,"height":920,"caption":"EARRINGS - MARCO BICEGO GOA DIAMONDS"},{"@type":"BreadcrumbList","@id":"https:\/\/www.wesselton.net\/en\/earrings-marcobicego-goa-diamonds\/#breadcrumb","itemListElement":[{"@type":"ListItem","position":1,"name":"Inici","item":"https:\/\/www.wesselton.net\/en\/"},{"@type":"ListItem","position":2,"name":"Shop","item":"https:\/\/www.wesselton.net\/en\/shop\/"},{"@type":"ListItem","position":3,"name":"EARRINGS &#8211; MARCO BICEGO GOA DIAMONDS"}]},{"@type":"WebSite","@id":"https:\/\/www.wesselton.net\/#website","url":"https:\/\/www.wesselton.net\/","name":"Wesselton | Jewelry and Diamonds","description":"Diamants \u00fanics per moments \u00fanics. Peces d&#039;elaboraci\u00f3 pr\u00f2pia de m\u00e0xima qualitat, cuidades fins a l&#039;\u00faltim detall, i les millors marques de joieria.","potentialAction":[{"@type":"SearchAction","target":{"@type":"EntryPoint","urlTemplate":"https:\/\/www.wesselton.net\/?s={search_term_string}"},"query-input":{"@type":"PropertyValueSpecification","valueRequired":true,"valueName":"search_term_string"}}],"inLanguage":"en-US"}]}},"_links":{"self":[{"href":"https:\/\/www.wesselton.net\/en\/wp-json\/wp\/v2\/product\/15024","targetHints":{"allow":["GET"]}}],"collection":[{"href":"https:\/\/www.wesselton.net\/en\/wp-json\/wp\/v2\/product"}],"about":[{"href":"https:\/\/www.wesselton.net\/en\/wp-json\/wp\/v2\/types\/product"}],"replies":[{"embeddable":true,"href":"https:\/\/www.wesselton.net\/en\/wp-json\/wp\/v2\/comments?post=15024"}],"wp:featuredmedia":[{"embeddable":true,"href":"https:\/\/www.wesselton.net\/en\/wp-json\/wp\/v2\/media\/10975"}],"wp:attachment":[{"href":"https:\/\/www.wesselton.net\/en\/wp-json\/wp\/v2\/media?parent=15024"}],"wp:term":[{"taxonomy":"product_brand","embeddable":true,"href":"https:\/\/www.wesselton.net\/en\/wp-json\/wp\/v2\/product_brand?post=15024"},{"taxonomy":"product_cat","embeddable":true,"href":"https:\/\/www.wesselton.net\/en\/wp-json\/wp\/v2\/product_cat?post=15024"},{"taxonomy":"product_tag","embeddable":true,"href":"https:\/\/www.wesselton.net\/en\/wp-json\/wp\/v2\/product_tag?post=15024"}],"curies":[{"name":"wp","href":"https:\/\/api.w.org\/{rel}","templated":true}]}}