

{"id":15030,"date":"2020-06-16T15:06:09","date_gmt":"2020-06-16T13:06:09","guid":{"rendered":"https:\/\/www.wesselton.net\/botiga\/uncategorized\/white-gold-and-diamonds-w-earrings\/"},"modified":"2025-11-19T13:55:35","modified_gmt":"2025-11-19T11:55:35","slug":"earrings-white-gold-brillant-diamond","status":"publish","type":"product","link":"https:\/\/www.wesselton.net\/en\/earrings-white-gold-brillant-diamond\/","title":{"rendered":"Earrings White Gold by WESSELTON W Diamonds"},"content":{"rendered":"<p>Discover the Wesselton White Gold Earrings, handcrafted pieces that combine sophisticated design and exceptional quality. Crafted in 18kt white gold, these earrings stand out for their impeccable and durable finish, adding a touch of discreet luxury to any look.<\/p>\n<p>Each earring is set with 2 natural brilliant-cut diamonds measuring 3.20 mm, with F color and VVS quality, which add up to a total weight of 0.27 ct. The precision in the setting guarantees maximum brilliance and sparkle, making each piece reflect elegance and distinction on any occasion.<\/p>\n<p>They are perfect for those looking for fine and exclusive jewelry, the Wesselton W Diamonds earrings combine craftsmanship, design and high-quality materials to create a timeless and sophisticated accessory<\/p>\n","protected":false},"excerpt":{"rendered":"<p>The Essence collection by Atelier de Wesselton represents the purest essence of our brand.<\/p>\n","protected":false},"featured_media":17133,"comment_status":"open","ping_status":"closed","template":"","meta":[],"product_brand":[],"product_cat":[2331,4847,4841,2251,4816,2345],"product_tag":[],"class_list":{"0":"post-15030","1":"product","2":"type-product","3":"status-publish","4":"has-post-thumbnail","6":"product_cat-earrings-diamonds","7":"product_cat-essencia-en","8":"product_cat-w-diamonds-en","9":"product_cat-wedding-earrings","10":"product_cat-wesselton-en","11":"product_cat-with-white-gold","12":"yith_product_brand-wesselton-en","14":"first","15":"instock","16":"shipping-taxable","17":"purchasable","18":"product-type-simple"},"acf":[],"yoast_head":"<!-- This site is optimized with the Yoast SEO plugin v27.3 - https:\/\/yoast.com\/product\/yoast-seo-wordpress\/ -->\n<title>Earrings White Gold by WESSELTON W Diamonds - Wesselton<\/title>\n<meta name=\"description\" content=\"Discover the Wesselton White Gold and Diamond Earrings, handcrafted pieces that combine sophisticated design and exceptional quality in 18kt white gold.\" \/>\n<meta name=\"robots\" content=\"index, follow, max-snippet:-1, max-image-preview:large, max-video-preview:-1\" \/>\n<link rel=\"canonical\" href=\"https:\/\/www.wesselton.net\/en\/earrings-white-gold-brillant-diamond\/\" \/>\n<meta property=\"og:locale\" content=\"en_US\" \/>\n<meta property=\"og:type\" content=\"article\" \/>\n<meta property=\"og:title\" content=\"Earrings White Gold by WESSELTON W Diamonds - Wesselton\" \/>\n<meta property=\"og:description\" content=\"Discover the Wesselton White Gold and Diamond Earrings, handcrafted pieces that combine sophisticated design and exceptional quality in 18kt white gold.\" \/>\n<meta property=\"og:url\" content=\"https:\/\/www.wesselton.net\/en\/earrings-white-gold-brillant-diamond\/\" \/>\n<meta property=\"og:site_name\" content=\"Wesselton | Jewelry and Diamonds\" \/>\n<meta property=\"article:publisher\" content=\"https:\/\/www.facebook.com\/wesselton.oficial\/\" \/>\n<meta property=\"article:modified_time\" content=\"2025-11-19T11:55:35+00:00\" \/>\n<meta property=\"og:image\" content=\"https:\/\/www.wesselton.net\/wp-content\/uploads\/ARRACADES05_05.jpg\" \/>\n\t<meta property=\"og:image:width\" content=\"680\" \/>\n\t<meta property=\"og:image:height\" content=\"920\" \/>\n\t<meta property=\"og:image:type\" content=\"image\/jpeg\" \/>\n<meta name=\"twitter:card\" content=\"summary_large_image\" \/>\n<meta name=\"twitter:label1\" content=\"Est. reading time\" \/>\n\t<meta name=\"twitter:data1\" content=\"1 minute\" \/>\n<script type=\"application\/ld+json\" class=\"yoast-schema-graph\">{\"@context\":\"https:\\\/\\\/schema.org\",\"@graph\":[{\"@type\":\"WebPage\",\"@id\":\"https:\\\/\\\/www.wesselton.net\\\/en\\\/earrings-white-gold-brillant-diamond\\\/\",\"url\":\"https:\\\/\\\/www.wesselton.net\\\/en\\\/earrings-white-gold-brillant-diamond\\\/\",\"name\":\"Earrings White Gold by WESSELTON W Diamonds - Wesselton\",\"isPartOf\":{\"@id\":\"https:\\\/\\\/www.wesselton.net\\\/#website\"},\"primaryImageOfPage\":{\"@id\":\"https:\\\/\\\/www.wesselton.net\\\/en\\\/earrings-white-gold-brillant-diamond\\\/#primaryimage\"},\"image\":{\"@id\":\"https:\\\/\\\/www.wesselton.net\\\/en\\\/earrings-white-gold-brillant-diamond\\\/#primaryimage\"},\"thumbnailUrl\":\"https:\\\/\\\/www.wesselton.net\\\/wp-content\\\/uploads\\\/ARRACADES05_05.jpg\",\"datePublished\":\"2020-06-16T13:06:09+00:00\",\"dateModified\":\"2025-11-19T11:55:35+00:00\",\"description\":\"Discover the Wesselton White Gold and Diamond Earrings, handcrafted pieces that combine sophisticated design and exceptional quality in 18kt white gold.\",\"breadcrumb\":{\"@id\":\"https:\\\/\\\/www.wesselton.net\\\/en\\\/earrings-white-gold-brillant-diamond\\\/#breadcrumb\"},\"inLanguage\":\"en-US\",\"potentialAction\":[{\"@type\":\"ReadAction\",\"target\":[\"https:\\\/\\\/www.wesselton.net\\\/en\\\/earrings-white-gold-brillant-diamond\\\/\"]}]},{\"@type\":\"ImageObject\",\"inLanguage\":\"en-US\",\"@id\":\"https:\\\/\\\/www.wesselton.net\\\/en\\\/earrings-white-gold-brillant-diamond\\\/#primaryimage\",\"url\":\"https:\\\/\\\/www.wesselton.net\\\/wp-content\\\/uploads\\\/ARRACADES05_05.jpg\",\"contentUrl\":\"https:\\\/\\\/www.wesselton.net\\\/wp-content\\\/uploads\\\/ARRACADES05_05.jpg\",\"width\":680,\"height\":920,\"caption\":\"EARRINGS - ATELIERW ESSENCE WHITE GOLD DIAMOND\"},{\"@type\":\"BreadcrumbList\",\"@id\":\"https:\\\/\\\/www.wesselton.net\\\/en\\\/earrings-white-gold-brillant-diamond\\\/#breadcrumb\",\"itemListElement\":[{\"@type\":\"ListItem\",\"position\":1,\"name\":\"Inici\",\"item\":\"https:\\\/\\\/www.wesselton.net\\\/en\\\/\"},{\"@type\":\"ListItem\",\"position\":2,\"name\":\"Shop\",\"item\":\"https:\\\/\\\/www.wesselton.net\\\/en\\\/shop\\\/\"},{\"@type\":\"ListItem\",\"position\":3,\"name\":\"Earrings White Gold by WESSELTON W Diamonds\"}]},{\"@type\":\"WebSite\",\"@id\":\"https:\\\/\\\/www.wesselton.net\\\/#website\",\"url\":\"https:\\\/\\\/www.wesselton.net\\\/\",\"name\":\"Wesselton | Jewelry and Diamonds\",\"description\":\"Diamants \u00fanics per moments \u00fanics. Peces d&#039;elaboraci\u00f3 pr\u00f2pia de m\u00e0xima qualitat, cuidades fins a l&#039;\u00faltim detall, i les millors marques de joieria.\",\"potentialAction\":[{\"@type\":\"SearchAction\",\"target\":{\"@type\":\"EntryPoint\",\"urlTemplate\":\"https:\\\/\\\/www.wesselton.net\\\/?s={search_term_string}\"},\"query-input\":{\"@type\":\"PropertyValueSpecification\",\"valueRequired\":true,\"valueName\":\"search_term_string\"}}],\"inLanguage\":\"en-US\"}]}<\/script>\n<!-- \/ Yoast SEO plugin. -->","yoast_head_json":{"title":"Earrings White Gold by WESSELTON W Diamonds - Wesselton","description":"Discover the Wesselton White Gold and Diamond Earrings, handcrafted pieces that combine sophisticated design and exceptional quality in 18kt white gold.","robots":{"index":"index","follow":"follow","max-snippet":"max-snippet:-1","max-image-preview":"max-image-preview:large","max-video-preview":"max-video-preview:-1"},"canonical":"https:\/\/www.wesselton.net\/en\/earrings-white-gold-brillant-diamond\/","og_locale":"en_US","og_type":"article","og_title":"Earrings White Gold by WESSELTON W Diamonds - Wesselton","og_description":"Discover the Wesselton White Gold and Diamond Earrings, handcrafted pieces that combine sophisticated design and exceptional quality in 18kt white gold.","og_url":"https:\/\/www.wesselton.net\/en\/earrings-white-gold-brillant-diamond\/","og_site_name":"Wesselton | Jewelry and Diamonds","article_publisher":"https:\/\/www.facebook.com\/wesselton.oficial\/","article_modified_time":"2025-11-19T11:55:35+00:00","og_image":[{"width":680,"height":920,"url":"https:\/\/www.wesselton.net\/wp-content\/uploads\/ARRACADES05_05.jpg","type":"image\/jpeg"}],"twitter_card":"summary_large_image","twitter_misc":{"Est. reading time":"1 minute"},"schema":{"@context":"https:\/\/schema.org","@graph":[{"@type":"WebPage","@id":"https:\/\/www.wesselton.net\/en\/earrings-white-gold-brillant-diamond\/","url":"https:\/\/www.wesselton.net\/en\/earrings-white-gold-brillant-diamond\/","name":"Earrings White Gold by WESSELTON W Diamonds - Wesselton","isPartOf":{"@id":"https:\/\/www.wesselton.net\/#website"},"primaryImageOfPage":{"@id":"https:\/\/www.wesselton.net\/en\/earrings-white-gold-brillant-diamond\/#primaryimage"},"image":{"@id":"https:\/\/www.wesselton.net\/en\/earrings-white-gold-brillant-diamond\/#primaryimage"},"thumbnailUrl":"https:\/\/www.wesselton.net\/wp-content\/uploads\/ARRACADES05_05.jpg","datePublished":"2020-06-16T13:06:09+00:00","dateModified":"2025-11-19T11:55:35+00:00","description":"Discover the Wesselton White Gold and Diamond Earrings, handcrafted pieces that combine sophisticated design and exceptional quality in 18kt white gold.","breadcrumb":{"@id":"https:\/\/www.wesselton.net\/en\/earrings-white-gold-brillant-diamond\/#breadcrumb"},"inLanguage":"en-US","potentialAction":[{"@type":"ReadAction","target":["https:\/\/www.wesselton.net\/en\/earrings-white-gold-brillant-diamond\/"]}]},{"@type":"ImageObject","inLanguage":"en-US","@id":"https:\/\/www.wesselton.net\/en\/earrings-white-gold-brillant-diamond\/#primaryimage","url":"https:\/\/www.wesselton.net\/wp-content\/uploads\/ARRACADES05_05.jpg","contentUrl":"https:\/\/www.wesselton.net\/wp-content\/uploads\/ARRACADES05_05.jpg","width":680,"height":920,"caption":"EARRINGS - ATELIERW ESSENCE WHITE GOLD DIAMOND"},{"@type":"BreadcrumbList","@id":"https:\/\/www.wesselton.net\/en\/earrings-white-gold-brillant-diamond\/#breadcrumb","itemListElement":[{"@type":"ListItem","position":1,"name":"Inici","item":"https:\/\/www.wesselton.net\/en\/"},{"@type":"ListItem","position":2,"name":"Shop","item":"https:\/\/www.wesselton.net\/en\/shop\/"},{"@type":"ListItem","position":3,"name":"Earrings White Gold by WESSELTON W Diamonds"}]},{"@type":"WebSite","@id":"https:\/\/www.wesselton.net\/#website","url":"https:\/\/www.wesselton.net\/","name":"Wesselton | Jewelry and Diamonds","description":"Diamants \u00fanics per moments \u00fanics. Peces d&#039;elaboraci\u00f3 pr\u00f2pia de m\u00e0xima qualitat, cuidades fins a l&#039;\u00faltim detall, i les millors marques de joieria.","potentialAction":[{"@type":"SearchAction","target":{"@type":"EntryPoint","urlTemplate":"https:\/\/www.wesselton.net\/?s={search_term_string}"},"query-input":{"@type":"PropertyValueSpecification","valueRequired":true,"valueName":"search_term_string"}}],"inLanguage":"en-US"}]}},"_links":{"self":[{"href":"https:\/\/www.wesselton.net\/en\/wp-json\/wp\/v2\/product\/15030","targetHints":{"allow":["GET"]}}],"collection":[{"href":"https:\/\/www.wesselton.net\/en\/wp-json\/wp\/v2\/product"}],"about":[{"href":"https:\/\/www.wesselton.net\/en\/wp-json\/wp\/v2\/types\/product"}],"replies":[{"embeddable":true,"href":"https:\/\/www.wesselton.net\/en\/wp-json\/wp\/v2\/comments?post=15030"}],"wp:featuredmedia":[{"embeddable":true,"href":"https:\/\/www.wesselton.net\/en\/wp-json\/wp\/v2\/media\/17133"}],"wp:attachment":[{"href":"https:\/\/www.wesselton.net\/en\/wp-json\/wp\/v2\/media?parent=15030"}],"wp:term":[{"taxonomy":"product_brand","embeddable":true,"href":"https:\/\/www.wesselton.net\/en\/wp-json\/wp\/v2\/product_brand?post=15030"},{"taxonomy":"product_cat","embeddable":true,"href":"https:\/\/www.wesselton.net\/en\/wp-json\/wp\/v2\/product_cat?post=15030"},{"taxonomy":"product_tag","embeddable":true,"href":"https:\/\/www.wesselton.net\/en\/wp-json\/wp\/v2\/product_tag?post=15030"}],"curies":[{"name":"wp","href":"https:\/\/api.w.org\/{rel}","templated":true}]}}