

{"id":15496,"date":"2020-05-20T16:46:06","date_gmt":"2020-05-20T14:46:06","guid":{"rendered":"https:\/\/www.wesselton.net\/botiga\/uncategorized\/w-lines-ring-yellow-gold-and-black-diamonds\/"},"modified":"2026-02-24T13:52:22","modified_gmt":"2026-02-24T11:52:22","slug":"wesselton-lines-ring-yellow-gold-and-black-diamonds","status":"publish","type":"product","link":"https:\/\/www.wesselton.net\/en\/wesselton-lines-ring-yellow-gold-and-black-diamonds\/","title":{"rendered":"Wesselton Ring in Yellow Gold and Black Diamonds"},"content":{"rendered":"<p>Discover the W-Lines Sr. ring, a Wesselton ring in yellow gold and black diamonds, an elegant and modern jewel that combines 18kt yellow gold with brilliant-cut black diamonds. This exclusive design adds a sophisticated and distinctive touch to any style.<\/p>\n<p>The ring features 120 brilliant-cut diamonds, each 1.00 mm in diameter, with a total weight of 0.60 ct and a striking black color, creating a contemporary and eye-catching effect. The 18kt yellow gold ensures durability and a luminous finish that highlights the beauty of the diamonds.<\/p>\n<p>This luxury ring is perfect for special occasions, engagements, or for those seeking a unique piece that combines elegance and personality.<\/p>\n","protected":false},"excerpt":{"rendered":"<p>This collection plays with both lines and empty spaces, jewels with stones that embrace the contour of the finger or wrist without ever closing. With this collection we are looking for designs that are more ruptured and different, but that maintain the timeless elegance that we value so much.<\/p>\n","protected":false},"featured_media":9872,"comment_status":"open","ping_status":"closed","template":"","meta":[],"product_brand":[],"product_cat":[2273,3096,4853,4816,2297],"product_tag":[],"class_list":{"0":"post-15496","1":"product","2":"type-product","3":"status-publish","4":"has-post-thumbnail","6":"product_cat-diamonds","7":"product_cat-other-gems","8":"product_cat-w-man-en","9":"product_cat-wesselton-en","10":"product_cat-yellow-gold","11":"yith_product_brand-wesselton-en","13":"first","14":"outofstock","15":"shipping-taxable","16":"purchasable","17":"product-type-variable"},"acf":[],"yoast_head":"<!-- This site is optimized with the Yoast SEO plugin v27.3 - https:\/\/yoast.com\/product\/yoast-seo-wordpress\/ -->\n<title>Wesselton Ring in Yellow Gold - Wesselton<\/title>\n<meta name=\"description\" content=\"Discover the W-Lines Sr. ring, a Wesselton ring in yellow gold and black diamonds, an elegant and modern jewel that combines 18kt yellow gold.\" \/>\n<meta name=\"robots\" content=\"index, follow, max-snippet:-1, max-image-preview:large, max-video-preview:-1\" \/>\n<link rel=\"canonical\" href=\"https:\/\/www.wesselton.net\/en\/wesselton-lines-ring-yellow-gold-and-black-diamonds\/\" \/>\n<meta property=\"og:locale\" content=\"en_US\" \/>\n<meta property=\"og:type\" content=\"article\" \/>\n<meta property=\"og:title\" content=\"Wesselton Ring in Yellow Gold - Wesselton\" \/>\n<meta property=\"og:description\" content=\"Discover the W-Lines Sr. ring, a Wesselton ring in yellow gold and black diamonds, an elegant and modern jewel that combines 18kt yellow gold.\" \/>\n<meta property=\"og:url\" content=\"https:\/\/www.wesselton.net\/en\/wesselton-lines-ring-yellow-gold-and-black-diamonds\/\" \/>\n<meta property=\"og:site_name\" content=\"Wesselton | Jewelry and Diamonds\" \/>\n<meta property=\"article:publisher\" content=\"https:\/\/www.facebook.com\/wesselton.oficial\/\" \/>\n<meta property=\"article:modified_time\" content=\"2026-02-24T11:52:22+00:00\" \/>\n<meta property=\"og:image\" content=\"https:\/\/www.wesselton.net\/wp-content\/uploads\/anell-wesselton-w-lines-og-diamants-negres.jpg\" \/>\n\t<meta property=\"og:image:width\" content=\"800\" \/>\n\t<meta property=\"og:image:height\" content=\"1082\" \/>\n\t<meta property=\"og:image:type\" content=\"image\/jpeg\" \/>\n<meta name=\"twitter:card\" content=\"summary_large_image\" \/>\n<meta name=\"twitter:label1\" content=\"Est. reading time\" \/>\n\t<meta name=\"twitter:data1\" content=\"1 minute\" \/>\n<script type=\"application\/ld+json\" class=\"yoast-schema-graph\">{\"@context\":\"https:\\\/\\\/schema.org\",\"@graph\":[{\"@type\":\"WebPage\",\"@id\":\"https:\\\/\\\/www.wesselton.net\\\/en\\\/wesselton-lines-ring-yellow-gold-and-black-diamonds\\\/\",\"url\":\"https:\\\/\\\/www.wesselton.net\\\/en\\\/wesselton-lines-ring-yellow-gold-and-black-diamonds\\\/\",\"name\":\"Wesselton Ring in Yellow Gold - Wesselton\",\"isPartOf\":{\"@id\":\"https:\\\/\\\/www.wesselton.net\\\/#website\"},\"primaryImageOfPage\":{\"@id\":\"https:\\\/\\\/www.wesselton.net\\\/en\\\/wesselton-lines-ring-yellow-gold-and-black-diamonds\\\/#primaryimage\"},\"image\":{\"@id\":\"https:\\\/\\\/www.wesselton.net\\\/en\\\/wesselton-lines-ring-yellow-gold-and-black-diamonds\\\/#primaryimage\"},\"thumbnailUrl\":\"https:\\\/\\\/www.wesselton.net\\\/wp-content\\\/uploads\\\/anell-wesselton-w-lines-og-diamants-negres.jpg\",\"datePublished\":\"2020-05-20T14:46:06+00:00\",\"dateModified\":\"2026-02-24T11:52:22+00:00\",\"description\":\"Discover the W-Lines Sr. ring, a Wesselton ring in yellow gold and black diamonds, an elegant and modern jewel that combines 18kt yellow gold.\",\"breadcrumb\":{\"@id\":\"https:\\\/\\\/www.wesselton.net\\\/en\\\/wesselton-lines-ring-yellow-gold-and-black-diamonds\\\/#breadcrumb\"},\"inLanguage\":\"en-US\",\"potentialAction\":[{\"@type\":\"ReadAction\",\"target\":[\"https:\\\/\\\/www.wesselton.net\\\/en\\\/wesselton-lines-ring-yellow-gold-and-black-diamonds\\\/\"]}]},{\"@type\":\"ImageObject\",\"inLanguage\":\"en-US\",\"@id\":\"https:\\\/\\\/www.wesselton.net\\\/en\\\/wesselton-lines-ring-yellow-gold-and-black-diamonds\\\/#primaryimage\",\"url\":\"https:\\\/\\\/www.wesselton.net\\\/wp-content\\\/uploads\\\/anell-wesselton-w-lines-og-diamants-negres.jpg\",\"contentUrl\":\"https:\\\/\\\/www.wesselton.net\\\/wp-content\\\/uploads\\\/anell-wesselton-w-lines-og-diamants-negres.jpg\",\"width\":800,\"height\":1082,\"caption\":\"W-LINES RING YELLOW GOLD AND BLACK DIAMONDS-001\"},{\"@type\":\"BreadcrumbList\",\"@id\":\"https:\\\/\\\/www.wesselton.net\\\/en\\\/wesselton-lines-ring-yellow-gold-and-black-diamonds\\\/#breadcrumb\",\"itemListElement\":[{\"@type\":\"ListItem\",\"position\":1,\"name\":\"Inici\",\"item\":\"https:\\\/\\\/www.wesselton.net\\\/en\\\/\"},{\"@type\":\"ListItem\",\"position\":2,\"name\":\"Shop\",\"item\":\"https:\\\/\\\/www.wesselton.net\\\/en\\\/shop\\\/\"},{\"@type\":\"ListItem\",\"position\":3,\"name\":\"Wesselton Ring in Yellow Gold and Black Diamonds\"}]},{\"@type\":\"WebSite\",\"@id\":\"https:\\\/\\\/www.wesselton.net\\\/#website\",\"url\":\"https:\\\/\\\/www.wesselton.net\\\/\",\"name\":\"Wesselton | Jewelry and Diamonds\",\"description\":\"Diamants \u00fanics per moments \u00fanics. Peces d&#039;elaboraci\u00f3 pr\u00f2pia de m\u00e0xima qualitat, cuidades fins a l&#039;\u00faltim detall, i les millors marques de joieria.\",\"potentialAction\":[{\"@type\":\"SearchAction\",\"target\":{\"@type\":\"EntryPoint\",\"urlTemplate\":\"https:\\\/\\\/www.wesselton.net\\\/?s={search_term_string}\"},\"query-input\":{\"@type\":\"PropertyValueSpecification\",\"valueRequired\":true,\"valueName\":\"search_term_string\"}}],\"inLanguage\":\"en-US\"}]}<\/script>\n<!-- \/ Yoast SEO plugin. -->","yoast_head_json":{"title":"Wesselton Ring in Yellow Gold - Wesselton","description":"Discover the W-Lines Sr. ring, a Wesselton ring in yellow gold and black diamonds, an elegant and modern jewel that combines 18kt yellow gold.","robots":{"index":"index","follow":"follow","max-snippet":"max-snippet:-1","max-image-preview":"max-image-preview:large","max-video-preview":"max-video-preview:-1"},"canonical":"https:\/\/www.wesselton.net\/en\/wesselton-lines-ring-yellow-gold-and-black-diamonds\/","og_locale":"en_US","og_type":"article","og_title":"Wesselton Ring in Yellow Gold - Wesselton","og_description":"Discover the W-Lines Sr. ring, a Wesselton ring in yellow gold and black diamonds, an elegant and modern jewel that combines 18kt yellow gold.","og_url":"https:\/\/www.wesselton.net\/en\/wesselton-lines-ring-yellow-gold-and-black-diamonds\/","og_site_name":"Wesselton | Jewelry and Diamonds","article_publisher":"https:\/\/www.facebook.com\/wesselton.oficial\/","article_modified_time":"2026-02-24T11:52:22+00:00","og_image":[{"width":800,"height":1082,"url":"https:\/\/www.wesselton.net\/wp-content\/uploads\/anell-wesselton-w-lines-og-diamants-negres.jpg","type":"image\/jpeg"}],"twitter_card":"summary_large_image","twitter_misc":{"Est. reading time":"1 minute"},"schema":{"@context":"https:\/\/schema.org","@graph":[{"@type":"WebPage","@id":"https:\/\/www.wesselton.net\/en\/wesselton-lines-ring-yellow-gold-and-black-diamonds\/","url":"https:\/\/www.wesselton.net\/en\/wesselton-lines-ring-yellow-gold-and-black-diamonds\/","name":"Wesselton Ring in Yellow Gold - Wesselton","isPartOf":{"@id":"https:\/\/www.wesselton.net\/#website"},"primaryImageOfPage":{"@id":"https:\/\/www.wesselton.net\/en\/wesselton-lines-ring-yellow-gold-and-black-diamonds\/#primaryimage"},"image":{"@id":"https:\/\/www.wesselton.net\/en\/wesselton-lines-ring-yellow-gold-and-black-diamonds\/#primaryimage"},"thumbnailUrl":"https:\/\/www.wesselton.net\/wp-content\/uploads\/anell-wesselton-w-lines-og-diamants-negres.jpg","datePublished":"2020-05-20T14:46:06+00:00","dateModified":"2026-02-24T11:52:22+00:00","description":"Discover the W-Lines Sr. ring, a Wesselton ring in yellow gold and black diamonds, an elegant and modern jewel that combines 18kt yellow gold.","breadcrumb":{"@id":"https:\/\/www.wesselton.net\/en\/wesselton-lines-ring-yellow-gold-and-black-diamonds\/#breadcrumb"},"inLanguage":"en-US","potentialAction":[{"@type":"ReadAction","target":["https:\/\/www.wesselton.net\/en\/wesselton-lines-ring-yellow-gold-and-black-diamonds\/"]}]},{"@type":"ImageObject","inLanguage":"en-US","@id":"https:\/\/www.wesselton.net\/en\/wesselton-lines-ring-yellow-gold-and-black-diamonds\/#primaryimage","url":"https:\/\/www.wesselton.net\/wp-content\/uploads\/anell-wesselton-w-lines-og-diamants-negres.jpg","contentUrl":"https:\/\/www.wesselton.net\/wp-content\/uploads\/anell-wesselton-w-lines-og-diamants-negres.jpg","width":800,"height":1082,"caption":"W-LINES RING YELLOW GOLD AND BLACK DIAMONDS-001"},{"@type":"BreadcrumbList","@id":"https:\/\/www.wesselton.net\/en\/wesselton-lines-ring-yellow-gold-and-black-diamonds\/#breadcrumb","itemListElement":[{"@type":"ListItem","position":1,"name":"Inici","item":"https:\/\/www.wesselton.net\/en\/"},{"@type":"ListItem","position":2,"name":"Shop","item":"https:\/\/www.wesselton.net\/en\/shop\/"},{"@type":"ListItem","position":3,"name":"Wesselton Ring in Yellow Gold and Black Diamonds"}]},{"@type":"WebSite","@id":"https:\/\/www.wesselton.net\/#website","url":"https:\/\/www.wesselton.net\/","name":"Wesselton | Jewelry and Diamonds","description":"Diamants \u00fanics per moments \u00fanics. Peces d&#039;elaboraci\u00f3 pr\u00f2pia de m\u00e0xima qualitat, cuidades fins a l&#039;\u00faltim detall, i les millors marques de joieria.","potentialAction":[{"@type":"SearchAction","target":{"@type":"EntryPoint","urlTemplate":"https:\/\/www.wesselton.net\/?s={search_term_string}"},"query-input":{"@type":"PropertyValueSpecification","valueRequired":true,"valueName":"search_term_string"}}],"inLanguage":"en-US"}]}},"_links":{"self":[{"href":"https:\/\/www.wesselton.net\/en\/wp-json\/wp\/v2\/product\/15496","targetHints":{"allow":["GET"]}}],"collection":[{"href":"https:\/\/www.wesselton.net\/en\/wp-json\/wp\/v2\/product"}],"about":[{"href":"https:\/\/www.wesselton.net\/en\/wp-json\/wp\/v2\/types\/product"}],"replies":[{"embeddable":true,"href":"https:\/\/www.wesselton.net\/en\/wp-json\/wp\/v2\/comments?post=15496"}],"wp:featuredmedia":[{"embeddable":true,"href":"https:\/\/www.wesselton.net\/en\/wp-json\/wp\/v2\/media\/9872"}],"wp:attachment":[{"href":"https:\/\/www.wesselton.net\/en\/wp-json\/wp\/v2\/media?parent=15496"}],"wp:term":[{"taxonomy":"product_brand","embeddable":true,"href":"https:\/\/www.wesselton.net\/en\/wp-json\/wp\/v2\/product_brand?post=15496"},{"taxonomy":"product_cat","embeddable":true,"href":"https:\/\/www.wesselton.net\/en\/wp-json\/wp\/v2\/product_cat?post=15496"},{"taxonomy":"product_tag","embeddable":true,"href":"https:\/\/www.wesselton.net\/en\/wp-json\/wp\/v2\/product_tag?post=15496"}],"curies":[{"name":"wp","href":"https:\/\/api.w.org\/{rel}","templated":true}]}}