

{"id":17165,"date":"2021-02-08T18:14:21","date_gmt":"2021-02-08T16:14:21","guid":{"rendered":"https:\/\/www.wesselton.net\/?post_type=product&#038;p=17165"},"modified":"2026-01-12T11:17:40","modified_gmt":"2026-01-12T09:17:40","slug":"earrings-collection-essence-white-gold-diamonds","status":"publish","type":"product","link":"https:\/\/www.wesselton.net\/en\/earrings-collection-essence-white-gold-diamonds\/","title":{"rendered":"White Gold Earrings by WESSELTON W Diamonds"},"content":{"rendered":"<p>The White Gold Earrings in Wesselton&#8217;s Essence Collection reflect the purest and most sophisticated expression of the brand. They are handcrafted in 18-karat white gold, combining timeless design and jewelry excellence.<\/p>\n<p>Eight 3.45 mm Princess-cut natural diamonds, carefully selected for their G color and VS clarity, are set at the center of each earring, guaranteeing exceptional brilliance. The total weight of the diamonds is 1.02 carats, lending presence, sparkle, and elegance to the piece.<\/p>\n<p>The Gold Earrings in Wesselton&#8217;s Essence Collection embodies the soul of Wesselton: jewelry created with the highest quality standards, designed to last and convey distinction in every detail.<\/p>\n","protected":false},"excerpt":{"rendered":"<p>The Atelier de Wesselton Essence Collection represents the purest essence of our brand.<\/p>\n","protected":false},"featured_media":17370,"comment_status":"closed","ping_status":"closed","template":"","meta":[],"product_brand":[],"product_cat":[2331,5049,4847,4841,1804,4816,2345],"product_tag":[],"class_list":{"0":"post-17165","1":"product","2":"type-product","3":"status-publish","4":"has-post-thumbnail","6":"product_cat-earrings-diamonds","7":"product_cat-earrings-wesselton","8":"product_cat-essencia-en","9":"product_cat-w-diamonds-en","10":"product_cat-wedding-rings","11":"product_cat-wesselton-en","12":"product_cat-with-white-gold","13":"yith_product_brand-wesselton-en","15":"first","16":"outofstock","17":"shipping-taxable","18":"purchasable","19":"product-type-simple"},"acf":[],"yoast_head":"<!-- This site is optimized with the Yoast SEO plugin v27.3 - https:\/\/yoast.com\/product\/yoast-seo-wordpress\/ -->\n<title>Gold Earrings in Wesselton&#039;s Essence - Wesselton | Jewelry and Diamonds<\/title>\n<meta name=\"description\" content=\"The Gold Earrings in Wesselton&#039;s Essence crafted in 18kt white gold, feature eight princesses, combining timeless design and jewelry excellence.\" \/>\n<meta name=\"robots\" content=\"index, follow, max-snippet:-1, max-image-preview:large, max-video-preview:-1\" \/>\n<link rel=\"canonical\" href=\"https:\/\/www.wesselton.net\/en\/earrings-collection-essence-white-gold-diamonds\/\" \/>\n<meta property=\"og:locale\" content=\"en_US\" \/>\n<meta property=\"og:type\" content=\"article\" \/>\n<meta property=\"og:title\" content=\"Gold Earrings in Wesselton&#039;s Essence - Wesselton | Jewelry and Diamonds\" \/>\n<meta property=\"og:description\" content=\"The Gold Earrings in Wesselton&#039;s Essence crafted in 18kt white gold, feature eight princesses, combining timeless design and jewelry excellence.\" \/>\n<meta property=\"og:url\" content=\"https:\/\/www.wesselton.net\/en\/earrings-collection-essence-white-gold-diamonds\/\" \/>\n<meta property=\"og:site_name\" content=\"Wesselton | Jewelry and Diamonds\" \/>\n<meta property=\"article:publisher\" content=\"https:\/\/www.facebook.com\/wesselton.oficial\/\" \/>\n<meta property=\"article:modified_time\" content=\"2026-01-12T09:17:40+00:00\" \/>\n<meta property=\"og:image\" content=\"https:\/\/www.wesselton.net\/wp-content\/uploads\/ARRACADES06_06.jpg\" \/>\n\t<meta property=\"og:image:width\" content=\"680\" \/>\n\t<meta property=\"og:image:height\" content=\"920\" \/>\n\t<meta property=\"og:image:type\" content=\"image\/jpeg\" \/>\n<meta name=\"twitter:card\" content=\"summary_large_image\" \/>\n<meta name=\"twitter:label1\" content=\"Est. reading time\" \/>\n\t<meta name=\"twitter:data1\" content=\"1 minute\" \/>\n<script type=\"application\/ld+json\" class=\"yoast-schema-graph\">{\"@context\":\"https:\\\/\\\/schema.org\",\"@graph\":[{\"@type\":\"WebPage\",\"@id\":\"https:\\\/\\\/www.wesselton.net\\\/en\\\/earrings-collection-essence-white-gold-diamonds\\\/\",\"url\":\"https:\\\/\\\/www.wesselton.net\\\/en\\\/earrings-collection-essence-white-gold-diamonds\\\/\",\"name\":\"Gold Earrings in Wesselton's Essence - Wesselton | Jewelry and Diamonds\",\"isPartOf\":{\"@id\":\"https:\\\/\\\/www.wesselton.net\\\/#website\"},\"primaryImageOfPage\":{\"@id\":\"https:\\\/\\\/www.wesselton.net\\\/en\\\/earrings-collection-essence-white-gold-diamonds\\\/#primaryimage\"},\"image\":{\"@id\":\"https:\\\/\\\/www.wesselton.net\\\/en\\\/earrings-collection-essence-white-gold-diamonds\\\/#primaryimage\"},\"thumbnailUrl\":\"https:\\\/\\\/www.wesselton.net\\\/wp-content\\\/uploads\\\/ARRACADES06_06.jpg\",\"datePublished\":\"2021-02-08T16:14:21+00:00\",\"dateModified\":\"2026-01-12T09:17:40+00:00\",\"description\":\"The Gold Earrings in Wesselton's Essence crafted in 18kt white gold, feature eight princesses, combining timeless design and jewelry excellence.\",\"breadcrumb\":{\"@id\":\"https:\\\/\\\/www.wesselton.net\\\/en\\\/earrings-collection-essence-white-gold-diamonds\\\/#breadcrumb\"},\"inLanguage\":\"en-US\",\"potentialAction\":[{\"@type\":\"ReadAction\",\"target\":[\"https:\\\/\\\/www.wesselton.net\\\/en\\\/earrings-collection-essence-white-gold-diamonds\\\/\"]}]},{\"@type\":\"ImageObject\",\"inLanguage\":\"en-US\",\"@id\":\"https:\\\/\\\/www.wesselton.net\\\/en\\\/earrings-collection-essence-white-gold-diamonds\\\/#primaryimage\",\"url\":\"https:\\\/\\\/www.wesselton.net\\\/wp-content\\\/uploads\\\/ARRACADES06_06.jpg\",\"contentUrl\":\"https:\\\/\\\/www.wesselton.net\\\/wp-content\\\/uploads\\\/ARRACADES06_06.jpg\",\"width\":680,\"height\":920,\"caption\":\"ATELIER DE WESSELTON ESSENCE COLLECTION EARRINGS IN WHITE GOLD AND DIAMOND-001\"},{\"@type\":\"BreadcrumbList\",\"@id\":\"https:\\\/\\\/www.wesselton.net\\\/en\\\/earrings-collection-essence-white-gold-diamonds\\\/#breadcrumb\",\"itemListElement\":[{\"@type\":\"ListItem\",\"position\":1,\"name\":\"Inici\",\"item\":\"https:\\\/\\\/www.wesselton.net\\\/en\\\/\"},{\"@type\":\"ListItem\",\"position\":2,\"name\":\"Shop\",\"item\":\"https:\\\/\\\/www.wesselton.net\\\/en\\\/shop\\\/\"},{\"@type\":\"ListItem\",\"position\":3,\"name\":\"White Gold Earrings by WESSELTON W Diamonds\"}]},{\"@type\":\"WebSite\",\"@id\":\"https:\\\/\\\/www.wesselton.net\\\/#website\",\"url\":\"https:\\\/\\\/www.wesselton.net\\\/\",\"name\":\"Wesselton | Jewelry and Diamonds\",\"description\":\"Diamants \u00fanics per moments \u00fanics. Peces d&#039;elaboraci\u00f3 pr\u00f2pia de m\u00e0xima qualitat, cuidades fins a l&#039;\u00faltim detall, i les millors marques de joieria.\",\"potentialAction\":[{\"@type\":\"SearchAction\",\"target\":{\"@type\":\"EntryPoint\",\"urlTemplate\":\"https:\\\/\\\/www.wesselton.net\\\/?s={search_term_string}\"},\"query-input\":{\"@type\":\"PropertyValueSpecification\",\"valueRequired\":true,\"valueName\":\"search_term_string\"}}],\"inLanguage\":\"en-US\"}]}<\/script>\n<!-- \/ Yoast SEO plugin. -->","yoast_head_json":{"title":"Gold Earrings in Wesselton's Essence - Wesselton | Jewelry and Diamonds","description":"The Gold Earrings in Wesselton's Essence crafted in 18kt white gold, feature eight princesses, combining timeless design and jewelry excellence.","robots":{"index":"index","follow":"follow","max-snippet":"max-snippet:-1","max-image-preview":"max-image-preview:large","max-video-preview":"max-video-preview:-1"},"canonical":"https:\/\/www.wesselton.net\/en\/earrings-collection-essence-white-gold-diamonds\/","og_locale":"en_US","og_type":"article","og_title":"Gold Earrings in Wesselton's Essence - Wesselton | Jewelry and Diamonds","og_description":"The Gold Earrings in Wesselton's Essence crafted in 18kt white gold, feature eight princesses, combining timeless design and jewelry excellence.","og_url":"https:\/\/www.wesselton.net\/en\/earrings-collection-essence-white-gold-diamonds\/","og_site_name":"Wesselton | Jewelry and Diamonds","article_publisher":"https:\/\/www.facebook.com\/wesselton.oficial\/","article_modified_time":"2026-01-12T09:17:40+00:00","og_image":[{"width":680,"height":920,"url":"https:\/\/www.wesselton.net\/wp-content\/uploads\/ARRACADES06_06.jpg","type":"image\/jpeg"}],"twitter_card":"summary_large_image","twitter_misc":{"Est. reading time":"1 minute"},"schema":{"@context":"https:\/\/schema.org","@graph":[{"@type":"WebPage","@id":"https:\/\/www.wesselton.net\/en\/earrings-collection-essence-white-gold-diamonds\/","url":"https:\/\/www.wesselton.net\/en\/earrings-collection-essence-white-gold-diamonds\/","name":"Gold Earrings in Wesselton's Essence - Wesselton | Jewelry and Diamonds","isPartOf":{"@id":"https:\/\/www.wesselton.net\/#website"},"primaryImageOfPage":{"@id":"https:\/\/www.wesselton.net\/en\/earrings-collection-essence-white-gold-diamonds\/#primaryimage"},"image":{"@id":"https:\/\/www.wesselton.net\/en\/earrings-collection-essence-white-gold-diamonds\/#primaryimage"},"thumbnailUrl":"https:\/\/www.wesselton.net\/wp-content\/uploads\/ARRACADES06_06.jpg","datePublished":"2021-02-08T16:14:21+00:00","dateModified":"2026-01-12T09:17:40+00:00","description":"The Gold Earrings in Wesselton's Essence crafted in 18kt white gold, feature eight princesses, combining timeless design and jewelry excellence.","breadcrumb":{"@id":"https:\/\/www.wesselton.net\/en\/earrings-collection-essence-white-gold-diamonds\/#breadcrumb"},"inLanguage":"en-US","potentialAction":[{"@type":"ReadAction","target":["https:\/\/www.wesselton.net\/en\/earrings-collection-essence-white-gold-diamonds\/"]}]},{"@type":"ImageObject","inLanguage":"en-US","@id":"https:\/\/www.wesselton.net\/en\/earrings-collection-essence-white-gold-diamonds\/#primaryimage","url":"https:\/\/www.wesselton.net\/wp-content\/uploads\/ARRACADES06_06.jpg","contentUrl":"https:\/\/www.wesselton.net\/wp-content\/uploads\/ARRACADES06_06.jpg","width":680,"height":920,"caption":"ATELIER DE WESSELTON ESSENCE COLLECTION EARRINGS IN WHITE GOLD AND DIAMOND-001"},{"@type":"BreadcrumbList","@id":"https:\/\/www.wesselton.net\/en\/earrings-collection-essence-white-gold-diamonds\/#breadcrumb","itemListElement":[{"@type":"ListItem","position":1,"name":"Inici","item":"https:\/\/www.wesselton.net\/en\/"},{"@type":"ListItem","position":2,"name":"Shop","item":"https:\/\/www.wesselton.net\/en\/shop\/"},{"@type":"ListItem","position":3,"name":"White Gold Earrings by WESSELTON W Diamonds"}]},{"@type":"WebSite","@id":"https:\/\/www.wesselton.net\/#website","url":"https:\/\/www.wesselton.net\/","name":"Wesselton | Jewelry and Diamonds","description":"Diamants \u00fanics per moments \u00fanics. Peces d&#039;elaboraci\u00f3 pr\u00f2pia de m\u00e0xima qualitat, cuidades fins a l&#039;\u00faltim detall, i les millors marques de joieria.","potentialAction":[{"@type":"SearchAction","target":{"@type":"EntryPoint","urlTemplate":"https:\/\/www.wesselton.net\/?s={search_term_string}"},"query-input":{"@type":"PropertyValueSpecification","valueRequired":true,"valueName":"search_term_string"}}],"inLanguage":"en-US"}]}},"_links":{"self":[{"href":"https:\/\/www.wesselton.net\/en\/wp-json\/wp\/v2\/product\/17165","targetHints":{"allow":["GET"]}}],"collection":[{"href":"https:\/\/www.wesselton.net\/en\/wp-json\/wp\/v2\/product"}],"about":[{"href":"https:\/\/www.wesselton.net\/en\/wp-json\/wp\/v2\/types\/product"}],"replies":[{"embeddable":true,"href":"https:\/\/www.wesselton.net\/en\/wp-json\/wp\/v2\/comments?post=17165"}],"wp:featuredmedia":[{"embeddable":true,"href":"https:\/\/www.wesselton.net\/en\/wp-json\/wp\/v2\/media\/17370"}],"wp:attachment":[{"href":"https:\/\/www.wesselton.net\/en\/wp-json\/wp\/v2\/media?parent=17165"}],"wp:term":[{"taxonomy":"product_brand","embeddable":true,"href":"https:\/\/www.wesselton.net\/en\/wp-json\/wp\/v2\/product_brand?post=17165"},{"taxonomy":"product_cat","embeddable":true,"href":"https:\/\/www.wesselton.net\/en\/wp-json\/wp\/v2\/product_cat?post=17165"},{"taxonomy":"product_tag","embeddable":true,"href":"https:\/\/www.wesselton.net\/en\/wp-json\/wp\/v2\/product_tag?post=17165"}],"curies":[{"name":"wp","href":"https:\/\/api.w.org\/{rel}","templated":true}]}}