

{"id":17894,"date":"2021-03-10T19:33:16","date_gmt":"2021-03-10T17:33:16","guid":{"rendered":"https:\/\/www.wesselton.net\/?post_type=product&#038;p=17894"},"modified":"2026-01-12T12:37:32","modified_gmt":"2026-01-12T10:37:32","slug":"ring-wesselto-nselection-rose-gold-diamonds","status":"publish","type":"product","link":"https:\/\/www.wesselton.net\/en\/ring-wesselto-nselection-rose-gold-diamonds\/","title":{"rendered":"Ring rose gold and diamond from WESSELTON Selection"},"content":{"rendered":"<p>The Wesselton Selection rose gold and diamond half-eternity ring stands out for its delicate and sophisticated design, handcrafted in 18-karat rose gold. Its warm and elegant tone makes it an ideal piece for those seeking a romantic and timeless style.<\/p>\n<p>The rose gold and diamond ring is set with 13 natural brilliant-cut diamonds, each 1.00 mm in diameter, carefully selected for their G color and VS1 clarity, providing a subtle and refined sparkle. The total weight of the diamonds is 0.10 carats, offering a perfect balance between brilliance and comfort.<\/p>\n<p>Wesselton Selection jewelry is selected according to strict standards of quality and craftsmanship, guaranteeing exclusive pieces designed to last a lifetime.<\/p>\n","protected":false},"excerpt":{"rendered":"<p>Wesselton Selection pieces are selected always following our quality standards<\/p>\n","protected":false},"featured_media":17898,"comment_status":"open","ping_status":"closed","template":"","meta":[],"product_brand":[],"product_cat":[2273,2229,2291,1804],"product_tag":[],"class_list":{"0":"post-17894","1":"product","2":"type-product","3":"status-publish","4":"has-post-thumbnail","6":"product_cat-diamonds","7":"product_cat-engagement-rings","8":"product_cat-pink-gold","9":"product_cat-wedding-rings","10":"yith_product_brand-selection","12":"first","13":"outofstock","14":"shipping-taxable","15":"purchasable","16":"product-type-simple"},"acf":[],"yoast_head":"<!-- This site is optimized with the Yoast SEO plugin v27.3 - https:\/\/yoast.com\/product\/yoast-seo-wordpress\/ -->\n<title>Ring rose gold and diamond - Wesselton | Jewelry and Diamonds<\/title>\n<meta name=\"description\" content=\"The ring rose gold and diamond WESSELTON Selection half engagement ring, manufactured in 18kt rose gold, is set with brilliant-cut natural white diamonds.\" \/>\n<meta name=\"robots\" content=\"index, follow, max-snippet:-1, max-image-preview:large, max-video-preview:-1\" \/>\n<link rel=\"canonical\" href=\"https:\/\/www.wesselton.net\/en\/ring-wesselto-nselection-rose-gold-diamonds\/\" \/>\n<meta property=\"og:locale\" content=\"en_US\" \/>\n<meta property=\"og:type\" content=\"article\" \/>\n<meta property=\"og:title\" content=\"Ring rose gold and diamond - Wesselton | Jewelry and Diamonds\" \/>\n<meta property=\"og:description\" content=\"The ring rose gold and diamond WESSELTON Selection half engagement ring, manufactured in 18kt rose gold, is set with brilliant-cut natural white diamonds.\" \/>\n<meta property=\"og:url\" content=\"https:\/\/www.wesselton.net\/en\/ring-wesselto-nselection-rose-gold-diamonds\/\" \/>\n<meta property=\"og:site_name\" content=\"Wesselton | Jewelry and Diamonds\" \/>\n<meta property=\"article:publisher\" content=\"https:\/\/www.facebook.com\/wesselton.oficial\/\" \/>\n<meta property=\"article:modified_time\" content=\"2026-01-12T10:37:32+00:00\" \/>\n<meta property=\"og:image\" content=\"https:\/\/www.wesselton.net\/wp-content\/uploads\/ANELL08_07.jpg\" \/>\n\t<meta property=\"og:image:width\" content=\"680\" \/>\n\t<meta property=\"og:image:height\" content=\"920\" \/>\n\t<meta property=\"og:image:type\" content=\"image\/jpeg\" \/>\n<meta name=\"twitter:card\" content=\"summary_large_image\" \/>\n<meta name=\"twitter:label1\" content=\"Est. reading time\" \/>\n\t<meta name=\"twitter:data1\" content=\"1 minute\" \/>\n<script type=\"application\/ld+json\" class=\"yoast-schema-graph\">{\"@context\":\"https:\\\/\\\/schema.org\",\"@graph\":[{\"@type\":\"WebPage\",\"@id\":\"https:\\\/\\\/www.wesselton.net\\\/en\\\/ring-wesselto-nselection-rose-gold-diamonds\\\/\",\"url\":\"https:\\\/\\\/www.wesselton.net\\\/en\\\/ring-wesselto-nselection-rose-gold-diamonds\\\/\",\"name\":\"Ring rose gold and diamond - Wesselton | Jewelry and Diamonds\",\"isPartOf\":{\"@id\":\"https:\\\/\\\/www.wesselton.net\\\/#website\"},\"primaryImageOfPage\":{\"@id\":\"https:\\\/\\\/www.wesselton.net\\\/en\\\/ring-wesselto-nselection-rose-gold-diamonds\\\/#primaryimage\"},\"image\":{\"@id\":\"https:\\\/\\\/www.wesselton.net\\\/en\\\/ring-wesselto-nselection-rose-gold-diamonds\\\/#primaryimage\"},\"thumbnailUrl\":\"https:\\\/\\\/www.wesselton.net\\\/wp-content\\\/uploads\\\/ANELL08_07.jpg\",\"datePublished\":\"2021-03-10T17:33:16+00:00\",\"dateModified\":\"2026-01-12T10:37:32+00:00\",\"description\":\"The ring rose gold and diamond WESSELTON Selection half engagement ring, manufactured in 18kt rose gold, is set with brilliant-cut natural white diamonds.\",\"breadcrumb\":{\"@id\":\"https:\\\/\\\/www.wesselton.net\\\/en\\\/ring-wesselto-nselection-rose-gold-diamonds\\\/#breadcrumb\"},\"inLanguage\":\"en-US\",\"potentialAction\":[{\"@type\":\"ReadAction\",\"target\":[\"https:\\\/\\\/www.wesselton.net\\\/en\\\/ring-wesselto-nselection-rose-gold-diamonds\\\/\"]}]},{\"@type\":\"ImageObject\",\"inLanguage\":\"en-US\",\"@id\":\"https:\\\/\\\/www.wesselton.net\\\/en\\\/ring-wesselto-nselection-rose-gold-diamonds\\\/#primaryimage\",\"url\":\"https:\\\/\\\/www.wesselton.net\\\/wp-content\\\/uploads\\\/ANELL08_07.jpg\",\"contentUrl\":\"https:\\\/\\\/www.wesselton.net\\\/wp-content\\\/uploads\\\/ANELL08_07.jpg\",\"width\":680,\"height\":920,\"caption\":\"RING - WESSELTON SELECTION ROSE GOLD DIAMONDS\"},{\"@type\":\"BreadcrumbList\",\"@id\":\"https:\\\/\\\/www.wesselton.net\\\/en\\\/ring-wesselto-nselection-rose-gold-diamonds\\\/#breadcrumb\",\"itemListElement\":[{\"@type\":\"ListItem\",\"position\":1,\"name\":\"Inici\",\"item\":\"https:\\\/\\\/www.wesselton.net\\\/en\\\/\"},{\"@type\":\"ListItem\",\"position\":2,\"name\":\"Shop\",\"item\":\"https:\\\/\\\/www.wesselton.net\\\/en\\\/shop\\\/\"},{\"@type\":\"ListItem\",\"position\":3,\"name\":\"Ring rose gold and diamond from WESSELTON Selection\"}]},{\"@type\":\"WebSite\",\"@id\":\"https:\\\/\\\/www.wesselton.net\\\/#website\",\"url\":\"https:\\\/\\\/www.wesselton.net\\\/\",\"name\":\"Wesselton | Jewelry and Diamonds\",\"description\":\"Diamants \u00fanics per moments \u00fanics. Peces d&#039;elaboraci\u00f3 pr\u00f2pia de m\u00e0xima qualitat, cuidades fins a l&#039;\u00faltim detall, i les millors marques de joieria.\",\"potentialAction\":[{\"@type\":\"SearchAction\",\"target\":{\"@type\":\"EntryPoint\",\"urlTemplate\":\"https:\\\/\\\/www.wesselton.net\\\/?s={search_term_string}\"},\"query-input\":{\"@type\":\"PropertyValueSpecification\",\"valueRequired\":true,\"valueName\":\"search_term_string\"}}],\"inLanguage\":\"en-US\"}]}<\/script>\n<!-- \/ Yoast SEO plugin. -->","yoast_head_json":{"title":"Ring rose gold and diamond - Wesselton | Jewelry and Diamonds","description":"The ring rose gold and diamond WESSELTON Selection half engagement ring, manufactured in 18kt rose gold, is set with brilliant-cut natural white diamonds.","robots":{"index":"index","follow":"follow","max-snippet":"max-snippet:-1","max-image-preview":"max-image-preview:large","max-video-preview":"max-video-preview:-1"},"canonical":"https:\/\/www.wesselton.net\/en\/ring-wesselto-nselection-rose-gold-diamonds\/","og_locale":"en_US","og_type":"article","og_title":"Ring rose gold and diamond - Wesselton | Jewelry and Diamonds","og_description":"The ring rose gold and diamond WESSELTON Selection half engagement ring, manufactured in 18kt rose gold, is set with brilliant-cut natural white diamonds.","og_url":"https:\/\/www.wesselton.net\/en\/ring-wesselto-nselection-rose-gold-diamonds\/","og_site_name":"Wesselton | Jewelry and Diamonds","article_publisher":"https:\/\/www.facebook.com\/wesselton.oficial\/","article_modified_time":"2026-01-12T10:37:32+00:00","og_image":[{"width":680,"height":920,"url":"https:\/\/www.wesselton.net\/wp-content\/uploads\/ANELL08_07.jpg","type":"image\/jpeg"}],"twitter_card":"summary_large_image","twitter_misc":{"Est. reading time":"1 minute"},"schema":{"@context":"https:\/\/schema.org","@graph":[{"@type":"WebPage","@id":"https:\/\/www.wesselton.net\/en\/ring-wesselto-nselection-rose-gold-diamonds\/","url":"https:\/\/www.wesselton.net\/en\/ring-wesselto-nselection-rose-gold-diamonds\/","name":"Ring rose gold and diamond - Wesselton | Jewelry and Diamonds","isPartOf":{"@id":"https:\/\/www.wesselton.net\/#website"},"primaryImageOfPage":{"@id":"https:\/\/www.wesselton.net\/en\/ring-wesselto-nselection-rose-gold-diamonds\/#primaryimage"},"image":{"@id":"https:\/\/www.wesselton.net\/en\/ring-wesselto-nselection-rose-gold-diamonds\/#primaryimage"},"thumbnailUrl":"https:\/\/www.wesselton.net\/wp-content\/uploads\/ANELL08_07.jpg","datePublished":"2021-03-10T17:33:16+00:00","dateModified":"2026-01-12T10:37:32+00:00","description":"The ring rose gold and diamond WESSELTON Selection half engagement ring, manufactured in 18kt rose gold, is set with brilliant-cut natural white diamonds.","breadcrumb":{"@id":"https:\/\/www.wesselton.net\/en\/ring-wesselto-nselection-rose-gold-diamonds\/#breadcrumb"},"inLanguage":"en-US","potentialAction":[{"@type":"ReadAction","target":["https:\/\/www.wesselton.net\/en\/ring-wesselto-nselection-rose-gold-diamonds\/"]}]},{"@type":"ImageObject","inLanguage":"en-US","@id":"https:\/\/www.wesselton.net\/en\/ring-wesselto-nselection-rose-gold-diamonds\/#primaryimage","url":"https:\/\/www.wesselton.net\/wp-content\/uploads\/ANELL08_07.jpg","contentUrl":"https:\/\/www.wesselton.net\/wp-content\/uploads\/ANELL08_07.jpg","width":680,"height":920,"caption":"RING - WESSELTON SELECTION ROSE GOLD DIAMONDS"},{"@type":"BreadcrumbList","@id":"https:\/\/www.wesselton.net\/en\/ring-wesselto-nselection-rose-gold-diamonds\/#breadcrumb","itemListElement":[{"@type":"ListItem","position":1,"name":"Inici","item":"https:\/\/www.wesselton.net\/en\/"},{"@type":"ListItem","position":2,"name":"Shop","item":"https:\/\/www.wesselton.net\/en\/shop\/"},{"@type":"ListItem","position":3,"name":"Ring rose gold and diamond from WESSELTON Selection"}]},{"@type":"WebSite","@id":"https:\/\/www.wesselton.net\/#website","url":"https:\/\/www.wesselton.net\/","name":"Wesselton | Jewelry and Diamonds","description":"Diamants \u00fanics per moments \u00fanics. Peces d&#039;elaboraci\u00f3 pr\u00f2pia de m\u00e0xima qualitat, cuidades fins a l&#039;\u00faltim detall, i les millors marques de joieria.","potentialAction":[{"@type":"SearchAction","target":{"@type":"EntryPoint","urlTemplate":"https:\/\/www.wesselton.net\/?s={search_term_string}"},"query-input":{"@type":"PropertyValueSpecification","valueRequired":true,"valueName":"search_term_string"}}],"inLanguage":"en-US"}]}},"_links":{"self":[{"href":"https:\/\/www.wesselton.net\/en\/wp-json\/wp\/v2\/product\/17894","targetHints":{"allow":["GET"]}}],"collection":[{"href":"https:\/\/www.wesselton.net\/en\/wp-json\/wp\/v2\/product"}],"about":[{"href":"https:\/\/www.wesselton.net\/en\/wp-json\/wp\/v2\/types\/product"}],"replies":[{"embeddable":true,"href":"https:\/\/www.wesselton.net\/en\/wp-json\/wp\/v2\/comments?post=17894"}],"wp:featuredmedia":[{"embeddable":true,"href":"https:\/\/www.wesselton.net\/en\/wp-json\/wp\/v2\/media\/17898"}],"wp:attachment":[{"href":"https:\/\/www.wesselton.net\/en\/wp-json\/wp\/v2\/media?parent=17894"}],"wp:term":[{"taxonomy":"product_brand","embeddable":true,"href":"https:\/\/www.wesselton.net\/en\/wp-json\/wp\/v2\/product_brand?post=17894"},{"taxonomy":"product_cat","embeddable":true,"href":"https:\/\/www.wesselton.net\/en\/wp-json\/wp\/v2\/product_cat?post=17894"},{"taxonomy":"product_tag","embeddable":true,"href":"https:\/\/www.wesselton.net\/en\/wp-json\/wp\/v2\/product_tag?post=17894"}],"curies":[{"name":"wp","href":"https:\/\/api.w.org\/{rel}","templated":true}]}}