

{"id":17910,"date":"2021-03-11T17:54:21","date_gmt":"2021-03-11T15:54:21","guid":{"rendered":"https:\/\/www.wesselton.net\/?post_type=product&#038;p=17910"},"modified":"2026-01-12T10:58:39","modified_gmt":"2026-01-12T08:58:39","slug":"earrings-creole-wesselton-selection-white-gold-diamonds","status":"publish","type":"product","link":"https:\/\/www.wesselton.net\/en\/earrings-creole-wesselton-selection-white-gold-diamonds\/","title":{"rendered":"Earrings White gold and diamond by WESSELTON"},"content":{"rendered":"<p>The Wesselton Creole Earrings earrings are an elegant and timeless jewel, handcrafted in 18-karat white gold. Each piece is set with 16 brilliant-cut natural diamonds, 1.50 mm in diameter, carefully selected for their G color and VS clarity, guaranteeing exceptional brilliance and superior purity.<\/p>\n<p>The total weight of the diamonds in the Wesselton Creole Earrings is 0.25 carats, providing luminosity and sophistication without sacrificing lightness or comfort. These luxurious hoops are perfect for both everyday wear and special occasions, combining refined design with high-quality materials.<\/p>\n<p>Wesselton Selection jewelry is distinguished by a rigorous selection process, always meeting the highest standards of quality, excellence and craftsmanship, to offer exclusive pieces that last over time.<\/p>\n","protected":false},"excerpt":{"rendered":"<p>Wesselton Selection jewelry is distinguished by a rigorous selection process, always meeting the highest standards of quality, excellence and craftsmanship, to offer exclusive pieces that last over time.<\/p>\n","protected":false},"featured_media":17914,"comment_status":"closed","ping_status":"closed","template":"","meta":[],"product_brand":[],"product_cat":[2331,2345],"product_tag":[],"class_list":{"0":"post-17910","1":"product","2":"type-product","3":"status-publish","4":"has-post-thumbnail","6":"product_cat-earrings-diamonds","7":"product_cat-with-white-gold","8":"yith_product_brand-selection","10":"first","11":"outofstock","12":"shipping-taxable","13":"purchasable","14":"product-type-simple"},"acf":[],"yoast_head":"<!-- This site is optimized with the Yoast SEO plugin v27.3 - https:\/\/yoast.com\/product\/yoast-seo-wordpress\/ -->\n<title>Wesselton Creole Earrings<\/title>\n<meta name=\"description\" content=\"WESSELTON Selection Creole earrings are an elegant and timeless jewel, manufactured in 18-karat white gold. Each piece is set with 16 diamonds.\" \/>\n<meta name=\"robots\" content=\"index, follow, max-snippet:-1, max-image-preview:large, max-video-preview:-1\" \/>\n<link rel=\"canonical\" href=\"https:\/\/www.wesselton.net\/en\/earrings-creole-wesselton-selection-white-gold-diamonds\/\" \/>\n<meta property=\"og:locale\" content=\"en_US\" \/>\n<meta property=\"og:type\" content=\"article\" \/>\n<meta property=\"og:title\" content=\"Wesselton Creole Earrings\" \/>\n<meta property=\"og:description\" content=\"WESSELTON Selection Creole earrings are an elegant and timeless jewel, manufactured in 18-karat white gold. Each piece is set with 16 diamonds.\" \/>\n<meta property=\"og:url\" content=\"https:\/\/www.wesselton.net\/en\/earrings-creole-wesselton-selection-white-gold-diamonds\/\" \/>\n<meta property=\"og:site_name\" content=\"Wesselton | Jewelry and Diamonds\" \/>\n<meta property=\"article:publisher\" content=\"https:\/\/www.facebook.com\/wesselton.oficial\/\" \/>\n<meta property=\"article:modified_time\" content=\"2026-01-12T08:58:39+00:00\" \/>\n<meta property=\"og:image\" content=\"https:\/\/www.wesselton.net\/wp-content\/uploads\/ARRACADES09_02.jpg\" \/>\n\t<meta property=\"og:image:width\" content=\"680\" \/>\n\t<meta property=\"og:image:height\" content=\"920\" \/>\n\t<meta property=\"og:image:type\" content=\"image\/jpeg\" \/>\n<meta name=\"twitter:card\" content=\"summary_large_image\" \/>\n<meta name=\"twitter:label1\" content=\"Est. reading time\" \/>\n\t<meta name=\"twitter:data1\" content=\"1 minute\" \/>\n<script type=\"application\/ld+json\" class=\"yoast-schema-graph\">{\"@context\":\"https:\\\/\\\/schema.org\",\"@graph\":[{\"@type\":\"WebPage\",\"@id\":\"https:\\\/\\\/www.wesselton.net\\\/en\\\/earrings-creole-wesselton-selection-white-gold-diamonds\\\/\",\"url\":\"https:\\\/\\\/www.wesselton.net\\\/en\\\/earrings-creole-wesselton-selection-white-gold-diamonds\\\/\",\"name\":\"Wesselton Creole Earrings\",\"isPartOf\":{\"@id\":\"https:\\\/\\\/www.wesselton.net\\\/#website\"},\"primaryImageOfPage\":{\"@id\":\"https:\\\/\\\/www.wesselton.net\\\/en\\\/earrings-creole-wesselton-selection-white-gold-diamonds\\\/#primaryimage\"},\"image\":{\"@id\":\"https:\\\/\\\/www.wesselton.net\\\/en\\\/earrings-creole-wesselton-selection-white-gold-diamonds\\\/#primaryimage\"},\"thumbnailUrl\":\"https:\\\/\\\/www.wesselton.net\\\/wp-content\\\/uploads\\\/ARRACADES09_02.jpg\",\"datePublished\":\"2021-03-11T15:54:21+00:00\",\"dateModified\":\"2026-01-12T08:58:39+00:00\",\"description\":\"WESSELTON Selection Creole earrings are an elegant and timeless jewel, manufactured in 18-karat white gold. Each piece is set with 16 diamonds.\",\"breadcrumb\":{\"@id\":\"https:\\\/\\\/www.wesselton.net\\\/en\\\/earrings-creole-wesselton-selection-white-gold-diamonds\\\/#breadcrumb\"},\"inLanguage\":\"en-US\",\"potentialAction\":[{\"@type\":\"ReadAction\",\"target\":[\"https:\\\/\\\/www.wesselton.net\\\/en\\\/earrings-creole-wesselton-selection-white-gold-diamonds\\\/\"]}]},{\"@type\":\"ImageObject\",\"inLanguage\":\"en-US\",\"@id\":\"https:\\\/\\\/www.wesselton.net\\\/en\\\/earrings-creole-wesselton-selection-white-gold-diamonds\\\/#primaryimage\",\"url\":\"https:\\\/\\\/www.wesselton.net\\\/wp-content\\\/uploads\\\/ARRACADES09_02.jpg\",\"contentUrl\":\"https:\\\/\\\/www.wesselton.net\\\/wp-content\\\/uploads\\\/ARRACADES09_02.jpg\",\"width\":680,\"height\":920,\"caption\":\"EARRINGS - WESSELTON SELECTION WHITE GOLD DIAMONDS\"},{\"@type\":\"BreadcrumbList\",\"@id\":\"https:\\\/\\\/www.wesselton.net\\\/en\\\/earrings-creole-wesselton-selection-white-gold-diamonds\\\/#breadcrumb\",\"itemListElement\":[{\"@type\":\"ListItem\",\"position\":1,\"name\":\"Inici\",\"item\":\"https:\\\/\\\/www.wesselton.net\\\/en\\\/\"},{\"@type\":\"ListItem\",\"position\":2,\"name\":\"Shop\",\"item\":\"https:\\\/\\\/www.wesselton.net\\\/en\\\/shop\\\/\"},{\"@type\":\"ListItem\",\"position\":3,\"name\":\"Earrings White gold and diamond by WESSELTON\"}]},{\"@type\":\"WebSite\",\"@id\":\"https:\\\/\\\/www.wesselton.net\\\/#website\",\"url\":\"https:\\\/\\\/www.wesselton.net\\\/\",\"name\":\"Wesselton | Jewelry and Diamonds\",\"description\":\"Diamants \u00fanics per moments \u00fanics. Peces d&#039;elaboraci\u00f3 pr\u00f2pia de m\u00e0xima qualitat, cuidades fins a l&#039;\u00faltim detall, i les millors marques de joieria.\",\"potentialAction\":[{\"@type\":\"SearchAction\",\"target\":{\"@type\":\"EntryPoint\",\"urlTemplate\":\"https:\\\/\\\/www.wesselton.net\\\/?s={search_term_string}\"},\"query-input\":{\"@type\":\"PropertyValueSpecification\",\"valueRequired\":true,\"valueName\":\"search_term_string\"}}],\"inLanguage\":\"en-US\"}]}<\/script>\n<!-- \/ Yoast SEO plugin. -->","yoast_head_json":{"title":"Wesselton Creole Earrings","description":"WESSELTON Selection Creole earrings are an elegant and timeless jewel, manufactured in 18-karat white gold. Each piece is set with 16 diamonds.","robots":{"index":"index","follow":"follow","max-snippet":"max-snippet:-1","max-image-preview":"max-image-preview:large","max-video-preview":"max-video-preview:-1"},"canonical":"https:\/\/www.wesselton.net\/en\/earrings-creole-wesselton-selection-white-gold-diamonds\/","og_locale":"en_US","og_type":"article","og_title":"Wesselton Creole Earrings","og_description":"WESSELTON Selection Creole earrings are an elegant and timeless jewel, manufactured in 18-karat white gold. Each piece is set with 16 diamonds.","og_url":"https:\/\/www.wesselton.net\/en\/earrings-creole-wesselton-selection-white-gold-diamonds\/","og_site_name":"Wesselton | Jewelry and Diamonds","article_publisher":"https:\/\/www.facebook.com\/wesselton.oficial\/","article_modified_time":"2026-01-12T08:58:39+00:00","og_image":[{"width":680,"height":920,"url":"https:\/\/www.wesselton.net\/wp-content\/uploads\/ARRACADES09_02.jpg","type":"image\/jpeg"}],"twitter_card":"summary_large_image","twitter_misc":{"Est. reading time":"1 minute"},"schema":{"@context":"https:\/\/schema.org","@graph":[{"@type":"WebPage","@id":"https:\/\/www.wesselton.net\/en\/earrings-creole-wesselton-selection-white-gold-diamonds\/","url":"https:\/\/www.wesselton.net\/en\/earrings-creole-wesselton-selection-white-gold-diamonds\/","name":"Wesselton Creole Earrings","isPartOf":{"@id":"https:\/\/www.wesselton.net\/#website"},"primaryImageOfPage":{"@id":"https:\/\/www.wesselton.net\/en\/earrings-creole-wesselton-selection-white-gold-diamonds\/#primaryimage"},"image":{"@id":"https:\/\/www.wesselton.net\/en\/earrings-creole-wesselton-selection-white-gold-diamonds\/#primaryimage"},"thumbnailUrl":"https:\/\/www.wesselton.net\/wp-content\/uploads\/ARRACADES09_02.jpg","datePublished":"2021-03-11T15:54:21+00:00","dateModified":"2026-01-12T08:58:39+00:00","description":"WESSELTON Selection Creole earrings are an elegant and timeless jewel, manufactured in 18-karat white gold. Each piece is set with 16 diamonds.","breadcrumb":{"@id":"https:\/\/www.wesselton.net\/en\/earrings-creole-wesselton-selection-white-gold-diamonds\/#breadcrumb"},"inLanguage":"en-US","potentialAction":[{"@type":"ReadAction","target":["https:\/\/www.wesselton.net\/en\/earrings-creole-wesselton-selection-white-gold-diamonds\/"]}]},{"@type":"ImageObject","inLanguage":"en-US","@id":"https:\/\/www.wesselton.net\/en\/earrings-creole-wesselton-selection-white-gold-diamonds\/#primaryimage","url":"https:\/\/www.wesselton.net\/wp-content\/uploads\/ARRACADES09_02.jpg","contentUrl":"https:\/\/www.wesselton.net\/wp-content\/uploads\/ARRACADES09_02.jpg","width":680,"height":920,"caption":"EARRINGS - WESSELTON SELECTION WHITE GOLD DIAMONDS"},{"@type":"BreadcrumbList","@id":"https:\/\/www.wesselton.net\/en\/earrings-creole-wesselton-selection-white-gold-diamonds\/#breadcrumb","itemListElement":[{"@type":"ListItem","position":1,"name":"Inici","item":"https:\/\/www.wesselton.net\/en\/"},{"@type":"ListItem","position":2,"name":"Shop","item":"https:\/\/www.wesselton.net\/en\/shop\/"},{"@type":"ListItem","position":3,"name":"Earrings White gold and diamond by WESSELTON"}]},{"@type":"WebSite","@id":"https:\/\/www.wesselton.net\/#website","url":"https:\/\/www.wesselton.net\/","name":"Wesselton | Jewelry and Diamonds","description":"Diamants \u00fanics per moments \u00fanics. Peces d&#039;elaboraci\u00f3 pr\u00f2pia de m\u00e0xima qualitat, cuidades fins a l&#039;\u00faltim detall, i les millors marques de joieria.","potentialAction":[{"@type":"SearchAction","target":{"@type":"EntryPoint","urlTemplate":"https:\/\/www.wesselton.net\/?s={search_term_string}"},"query-input":{"@type":"PropertyValueSpecification","valueRequired":true,"valueName":"search_term_string"}}],"inLanguage":"en-US"}]}},"_links":{"self":[{"href":"https:\/\/www.wesselton.net\/en\/wp-json\/wp\/v2\/product\/17910","targetHints":{"allow":["GET"]}}],"collection":[{"href":"https:\/\/www.wesselton.net\/en\/wp-json\/wp\/v2\/product"}],"about":[{"href":"https:\/\/www.wesselton.net\/en\/wp-json\/wp\/v2\/types\/product"}],"replies":[{"embeddable":true,"href":"https:\/\/www.wesselton.net\/en\/wp-json\/wp\/v2\/comments?post=17910"}],"wp:featuredmedia":[{"embeddable":true,"href":"https:\/\/www.wesselton.net\/en\/wp-json\/wp\/v2\/media\/17914"}],"wp:attachment":[{"href":"https:\/\/www.wesselton.net\/en\/wp-json\/wp\/v2\/media?parent=17910"}],"wp:term":[{"taxonomy":"product_brand","embeddable":true,"href":"https:\/\/www.wesselton.net\/en\/wp-json\/wp\/v2\/product_brand?post=17910"},{"taxonomy":"product_cat","embeddable":true,"href":"https:\/\/www.wesselton.net\/en\/wp-json\/wp\/v2\/product_cat?post=17910"},{"taxonomy":"product_tag","embeddable":true,"href":"https:\/\/www.wesselton.net\/en\/wp-json\/wp\/v2\/product_tag?post=17910"}],"curies":[{"name":"wp","href":"https:\/\/api.w.org\/{rel}","templated":true}]}}