

{"id":18193,"date":"2021-03-15T19:38:00","date_gmt":"2021-03-15T17:38:00","guid":{"rendered":"https:\/\/www.wesselton.net\/?post_type=product&#038;p=18193"},"modified":"2025-11-18T13:19:10","modified_gmt":"2025-11-18T11:19:10","slug":"watch-seiko-prospex-automatic-green","status":"publish","type":"product","link":"https:\/\/www.wesselton.net\/en\/watch-seiko-prospex-automatic-green\/","title":{"rendered":"Watch Seiko Prospex automatic"},"content":{"rendered":"<p>Seiko Prospex automatic watch, a professional diving watch designed to combine precision, durability and style. Equipped with the 4R36 caliber, this automatic watch allows manual winding and offers a power reserve of approximately 70 hours. Its sapphire crystal with magnifying glass and anti-reflective coating on the internal surface ensures maximum visibility, while the hands and indexes with LumiBrite provide luminosity in low light conditions. The 45mm diameter and 13.2mm thick case, together with the silicone bracelet, ensures comfort and durability. Water resistant to 200m (660ft), it includes a unidirectional rotating bezel, screw-down crown and caseback, as well as day and date display and stop-second functions. With 24 jewels in its movement, the Seiko Prospex automatic is the ideal watch for divers and lovers of high-quality watchmaking.<\/p>\n","protected":false},"excerpt":{"rendered":"<p>The bezel is made of shiny jet black ceramic and its dial has a three-dimensional grid that matches the shape of the bezel, and it has a sapphire crystal with anti-reflective coating on the inner surface.<br \/>\nThe overall appearance is similar to the original Tortuga, but many details are updated.<br \/>\nThat&#8217;s why we&#8217;re renaming this watch the &#8220;King Tortuga&#8221;<\/p>\n","protected":false},"featured_media":18197,"comment_status":"closed","ping_status":"closed","template":"","meta":[],"product_brand":[],"product_cat":[2147,2379],"product_tag":[],"class_list":{"0":"post-18193","1":"product","2":"type-product","3":"status-publish","4":"has-post-thumbnail","6":"product_cat-automatic","7":"product_cat-sports","8":"yith_product_brand-seiko","10":"first","11":"outofstock","12":"shipping-taxable","13":"purchasable","14":"product-type-simple"},"acf":[],"yoast_head":"<!-- This site is optimized with the Yoast SEO plugin v27.3 - https:\/\/yoast.com\/product\/yoast-seo-wordpress\/ -->\n<title>Watch Seiko Prospex automatic - Wesselton<\/title>\n<meta name=\"description\" content=\"The Watch Seiko Prospex automatic is one of the few fully integrated watch manufactures. We design and develop our own moves using leading-edge technology.\" \/>\n<meta name=\"robots\" content=\"index, follow, max-snippet:-1, max-image-preview:large, max-video-preview:-1\" \/>\n<link rel=\"canonical\" href=\"https:\/\/www.wesselton.net\/en\/watch-seiko-prospex-automatic-green\/\" \/>\n<meta property=\"og:locale\" content=\"en_US\" \/>\n<meta property=\"og:type\" content=\"article\" \/>\n<meta property=\"og:title\" content=\"Watch Seiko Prospex automatic - Wesselton\" \/>\n<meta property=\"og:description\" content=\"The Watch Seiko Prospex automatic is one of the few fully integrated watch manufactures. We design and develop our own moves using leading-edge technology.\" \/>\n<meta property=\"og:url\" content=\"https:\/\/www.wesselton.net\/en\/watch-seiko-prospex-automatic-green\/\" \/>\n<meta property=\"og:site_name\" content=\"Wesselton | Jewelry and Diamonds\" \/>\n<meta property=\"article:publisher\" content=\"https:\/\/www.facebook.com\/wesselton.oficial\/\" \/>\n<meta property=\"article:modified_time\" content=\"2025-11-18T11:19:10+00:00\" \/>\n<meta property=\"og:image\" content=\"https:\/\/www.wesselton.net\/wp-content\/uploads\/SRPE05K1.jpg\" \/>\n\t<meta property=\"og:image:width\" content=\"680\" \/>\n\t<meta property=\"og:image:height\" content=\"920\" \/>\n\t<meta property=\"og:image:type\" content=\"image\/jpeg\" \/>\n<meta name=\"twitter:card\" content=\"summary_large_image\" \/>\n<meta name=\"twitter:label1\" content=\"Est. reading time\" \/>\n\t<meta name=\"twitter:data1\" content=\"1 minute\" \/>\n<script type=\"application\/ld+json\" class=\"yoast-schema-graph\">{\"@context\":\"https:\\\/\\\/schema.org\",\"@graph\":[{\"@type\":\"WebPage\",\"@id\":\"https:\\\/\\\/www.wesselton.net\\\/en\\\/watch-seiko-prospex-automatic-green\\\/\",\"url\":\"https:\\\/\\\/www.wesselton.net\\\/en\\\/watch-seiko-prospex-automatic-green\\\/\",\"name\":\"Watch Seiko Prospex automatic - Wesselton\",\"isPartOf\":{\"@id\":\"https:\\\/\\\/www.wesselton.net\\\/#website\"},\"primaryImageOfPage\":{\"@id\":\"https:\\\/\\\/www.wesselton.net\\\/en\\\/watch-seiko-prospex-automatic-green\\\/#primaryimage\"},\"image\":{\"@id\":\"https:\\\/\\\/www.wesselton.net\\\/en\\\/watch-seiko-prospex-automatic-green\\\/#primaryimage\"},\"thumbnailUrl\":\"https:\\\/\\\/www.wesselton.net\\\/wp-content\\\/uploads\\\/SRPE05K1.jpg\",\"datePublished\":\"2021-03-15T17:38:00+00:00\",\"dateModified\":\"2025-11-18T11:19:10+00:00\",\"description\":\"The Watch Seiko Prospex automatic is one of the few fully integrated watch manufactures. We design and develop our own moves using leading-edge technology.\",\"breadcrumb\":{\"@id\":\"https:\\\/\\\/www.wesselton.net\\\/en\\\/watch-seiko-prospex-automatic-green\\\/#breadcrumb\"},\"inLanguage\":\"en-US\",\"potentialAction\":[{\"@type\":\"ReadAction\",\"target\":[\"https:\\\/\\\/www.wesselton.net\\\/en\\\/watch-seiko-prospex-automatic-green\\\/\"]}]},{\"@type\":\"ImageObject\",\"inLanguage\":\"en-US\",\"@id\":\"https:\\\/\\\/www.wesselton.net\\\/en\\\/watch-seiko-prospex-automatic-green\\\/#primaryimage\",\"url\":\"https:\\\/\\\/www.wesselton.net\\\/wp-content\\\/uploads\\\/SRPE05K1.jpg\",\"contentUrl\":\"https:\\\/\\\/www.wesselton.net\\\/wp-content\\\/uploads\\\/SRPE05K1.jpg\",\"width\":680,\"height\":920,\"caption\":\"SEIKO PROSPEX - 45MM AUTOMATIC-001\"},{\"@type\":\"BreadcrumbList\",\"@id\":\"https:\\\/\\\/www.wesselton.net\\\/en\\\/watch-seiko-prospex-automatic-green\\\/#breadcrumb\",\"itemListElement\":[{\"@type\":\"ListItem\",\"position\":1,\"name\":\"Inici\",\"item\":\"https:\\\/\\\/www.wesselton.net\\\/en\\\/\"},{\"@type\":\"ListItem\",\"position\":2,\"name\":\"Shop\",\"item\":\"https:\\\/\\\/www.wesselton.net\\\/en\\\/shop\\\/\"},{\"@type\":\"ListItem\",\"position\":3,\"name\":\"Watch Seiko Prospex automatic\"}]},{\"@type\":\"WebSite\",\"@id\":\"https:\\\/\\\/www.wesselton.net\\\/#website\",\"url\":\"https:\\\/\\\/www.wesselton.net\\\/\",\"name\":\"Wesselton | Jewelry and Diamonds\",\"description\":\"Diamants \u00fanics per moments \u00fanics. Peces d&#039;elaboraci\u00f3 pr\u00f2pia de m\u00e0xima qualitat, cuidades fins a l&#039;\u00faltim detall, i les millors marques de joieria.\",\"potentialAction\":[{\"@type\":\"SearchAction\",\"target\":{\"@type\":\"EntryPoint\",\"urlTemplate\":\"https:\\\/\\\/www.wesselton.net\\\/?s={search_term_string}\"},\"query-input\":{\"@type\":\"PropertyValueSpecification\",\"valueRequired\":true,\"valueName\":\"search_term_string\"}}],\"inLanguage\":\"en-US\"}]}<\/script>\n<!-- \/ Yoast SEO plugin. -->","yoast_head_json":{"title":"Watch Seiko Prospex automatic - Wesselton","description":"The Watch Seiko Prospex automatic is one of the few fully integrated watch manufactures. We design and develop our own moves using leading-edge technology.","robots":{"index":"index","follow":"follow","max-snippet":"max-snippet:-1","max-image-preview":"max-image-preview:large","max-video-preview":"max-video-preview:-1"},"canonical":"https:\/\/www.wesselton.net\/en\/watch-seiko-prospex-automatic-green\/","og_locale":"en_US","og_type":"article","og_title":"Watch Seiko Prospex automatic - Wesselton","og_description":"The Watch Seiko Prospex automatic is one of the few fully integrated watch manufactures. We design and develop our own moves using leading-edge technology.","og_url":"https:\/\/www.wesselton.net\/en\/watch-seiko-prospex-automatic-green\/","og_site_name":"Wesselton | Jewelry and Diamonds","article_publisher":"https:\/\/www.facebook.com\/wesselton.oficial\/","article_modified_time":"2025-11-18T11:19:10+00:00","og_image":[{"width":680,"height":920,"url":"https:\/\/www.wesselton.net\/wp-content\/uploads\/SRPE05K1.jpg","type":"image\/jpeg"}],"twitter_card":"summary_large_image","twitter_misc":{"Est. reading time":"1 minute"},"schema":{"@context":"https:\/\/schema.org","@graph":[{"@type":"WebPage","@id":"https:\/\/www.wesselton.net\/en\/watch-seiko-prospex-automatic-green\/","url":"https:\/\/www.wesselton.net\/en\/watch-seiko-prospex-automatic-green\/","name":"Watch Seiko Prospex automatic - Wesselton","isPartOf":{"@id":"https:\/\/www.wesselton.net\/#website"},"primaryImageOfPage":{"@id":"https:\/\/www.wesselton.net\/en\/watch-seiko-prospex-automatic-green\/#primaryimage"},"image":{"@id":"https:\/\/www.wesselton.net\/en\/watch-seiko-prospex-automatic-green\/#primaryimage"},"thumbnailUrl":"https:\/\/www.wesselton.net\/wp-content\/uploads\/SRPE05K1.jpg","datePublished":"2021-03-15T17:38:00+00:00","dateModified":"2025-11-18T11:19:10+00:00","description":"The Watch Seiko Prospex automatic is one of the few fully integrated watch manufactures. We design and develop our own moves using leading-edge technology.","breadcrumb":{"@id":"https:\/\/www.wesselton.net\/en\/watch-seiko-prospex-automatic-green\/#breadcrumb"},"inLanguage":"en-US","potentialAction":[{"@type":"ReadAction","target":["https:\/\/www.wesselton.net\/en\/watch-seiko-prospex-automatic-green\/"]}]},{"@type":"ImageObject","inLanguage":"en-US","@id":"https:\/\/www.wesselton.net\/en\/watch-seiko-prospex-automatic-green\/#primaryimage","url":"https:\/\/www.wesselton.net\/wp-content\/uploads\/SRPE05K1.jpg","contentUrl":"https:\/\/www.wesselton.net\/wp-content\/uploads\/SRPE05K1.jpg","width":680,"height":920,"caption":"SEIKO PROSPEX - 45MM AUTOMATIC-001"},{"@type":"BreadcrumbList","@id":"https:\/\/www.wesselton.net\/en\/watch-seiko-prospex-automatic-green\/#breadcrumb","itemListElement":[{"@type":"ListItem","position":1,"name":"Inici","item":"https:\/\/www.wesselton.net\/en\/"},{"@type":"ListItem","position":2,"name":"Shop","item":"https:\/\/www.wesselton.net\/en\/shop\/"},{"@type":"ListItem","position":3,"name":"Watch Seiko Prospex automatic"}]},{"@type":"WebSite","@id":"https:\/\/www.wesselton.net\/#website","url":"https:\/\/www.wesselton.net\/","name":"Wesselton | Jewelry and Diamonds","description":"Diamants \u00fanics per moments \u00fanics. Peces d&#039;elaboraci\u00f3 pr\u00f2pia de m\u00e0xima qualitat, cuidades fins a l&#039;\u00faltim detall, i les millors marques de joieria.","potentialAction":[{"@type":"SearchAction","target":{"@type":"EntryPoint","urlTemplate":"https:\/\/www.wesselton.net\/?s={search_term_string}"},"query-input":{"@type":"PropertyValueSpecification","valueRequired":true,"valueName":"search_term_string"}}],"inLanguage":"en-US"}]}},"_links":{"self":[{"href":"https:\/\/www.wesselton.net\/en\/wp-json\/wp\/v2\/product\/18193","targetHints":{"allow":["GET"]}}],"collection":[{"href":"https:\/\/www.wesselton.net\/en\/wp-json\/wp\/v2\/product"}],"about":[{"href":"https:\/\/www.wesselton.net\/en\/wp-json\/wp\/v2\/types\/product"}],"replies":[{"embeddable":true,"href":"https:\/\/www.wesselton.net\/en\/wp-json\/wp\/v2\/comments?post=18193"}],"wp:featuredmedia":[{"embeddable":true,"href":"https:\/\/www.wesselton.net\/en\/wp-json\/wp\/v2\/media\/18197"}],"wp:attachment":[{"href":"https:\/\/www.wesselton.net\/en\/wp-json\/wp\/v2\/media?parent=18193"}],"wp:term":[{"taxonomy":"product_brand","embeddable":true,"href":"https:\/\/www.wesselton.net\/en\/wp-json\/wp\/v2\/product_brand?post=18193"},{"taxonomy":"product_cat","embeddable":true,"href":"https:\/\/www.wesselton.net\/en\/wp-json\/wp\/v2\/product_cat?post=18193"},{"taxonomy":"product_tag","embeddable":true,"href":"https:\/\/www.wesselton.net\/en\/wp-json\/wp\/v2\/product_tag?post=18193"}],"curies":[{"name":"wp","href":"https:\/\/api.w.org\/{rel}","templated":true}]}}