

{"id":19796,"date":"2021-12-10T19:47:05","date_gmt":"2021-12-10T17:47:06","guid":{"rendered":"https:\/\/www.wesselton.net\/?post_type=product&#038;p=19796"},"modified":"2024-09-24T11:52:10","modified_gmt":"2024-09-24T09:52:10","slug":"wesselton-essencia-pendant-white-gold-diamond","status":"publish","type":"product","link":"https:\/\/www.wesselton.net\/en\/wesselton-essencia-pendant-white-gold-diamond\/","title":{"rendered":"White Gold and Diamond WESSELTON W Diamonds Pendant"},"content":{"rendered":"<p><strong>Description:<\/strong><br \/>\nWhite Gold and Diamond WESSELTON W Diamonds Pendant<\/p>\n<p>Introducing our exquisite pendant, which has been meticulously handcrafted in 18-carat white gold. This stunning piece is a testament to finesse and luxury. It is set with a dazzling brilliant-cut natural diamond, which has a diameter of 5.12 mm.<\/p>\n<p>Renowned for its exceptional quality, this diamond boasts an E color, indicating a purity of almost colorless hue. It has a VVS purity, which ensures superior clarity and dazzling beauty. Each of our diamonds is backed by a GIA gemological certificate, guaranteeing its authenticity and quality. The total weight of the natural diamonds set in this piece is 0.50 ct, adding a touch of sophistication and elegance to any outfit.<\/p>\n<p>In addition, we want every customer to find the perfect pendant, so we offer the option to customize this piece with diamonds of different carats, qualities or sizes according to your preferences.<\/p>\n<p>For more information about these custom options, please do not hesitate to contact us. Please note that the chain is not included in the price of the pendant.<\/p>\n<p>The White Gold and Diamond WESSELTON W Diamonds Pendant belongs to the <a href=\"https:\/\/www.wesselton.net\/en\/brands\/wesselton\/\">WESSELTON<\/a> Essence collection and represents the purest essence of our brand.<\/p>\n","protected":false},"excerpt":{"rendered":"<p>The Essencia collection by WESSELTON represents the purest essence of our brand.<\/p>\n","protected":false},"featured_media":19800,"comment_status":"open","ping_status":"closed","template":"","meta":[],"product_brand":[],"product_cat":[2670,4847,5047,4841,4816,2652],"product_tag":[],"class_list":{"0":"post-19796","1":"product","2":"type-product","3":"status-publish","4":"has-post-thumbnail","6":"product_cat-with-diamonds","7":"product_cat-essencia-en","8":"product_cat-necklaces-wesselton","9":"product_cat-w-diamonds-en","10":"product_cat-wesselton-en","11":"product_cat-of-white-gold","12":"yith_product_brand-wesselton-en","14":"first","15":"instock","16":"shipping-taxable","17":"purchasable","18":"product-type-simple"},"acf":[],"yoast_head":"<!-- This site is optimized with the Yoast SEO plugin v27.3 - https:\/\/yoast.com\/product\/yoast-seo-wordpress\/ -->\n<title>White Gold and Diamond WESSELTON W Diamonds Pendant<\/title>\n<meta name=\"description\" content=\"White Gold and Diamond WESSELTON W Diamonds Pendant is handcrafted in 18kt white gold with natural diamond certified by GIA\" \/>\n<meta name=\"robots\" content=\"index, follow, max-snippet:-1, max-image-preview:large, max-video-preview:-1\" \/>\n<link rel=\"canonical\" href=\"https:\/\/www.wesselton.net\/en\/wesselton-essencia-pendant-white-gold-diamond\/\" \/>\n<meta property=\"og:locale\" content=\"en_US\" \/>\n<meta property=\"og:type\" content=\"article\" \/>\n<meta property=\"og:title\" content=\"White Gold and Diamond WESSELTON W Diamonds Pendant\" \/>\n<meta property=\"og:description\" content=\"White Gold and Diamond WESSELTON W Diamonds Pendant is handcrafted in 18kt white gold with natural diamond certified by GIA\" \/>\n<meta property=\"og:url\" content=\"https:\/\/www.wesselton.net\/en\/wesselton-essencia-pendant-white-gold-diamond\/\" \/>\n<meta property=\"og:site_name\" content=\"Wesselton | Jewelry and Diamonds\" \/>\n<meta property=\"article:publisher\" content=\"https:\/\/www.facebook.com\/wesselton.oficial\/\" \/>\n<meta property=\"article:modified_time\" content=\"2024-09-24T09:52:10+00:00\" \/>\n<meta property=\"og:image\" content=\"https:\/\/www.wesselton.net\/wp-content\/uploads\/COLLARET12_03.jpg\" \/>\n\t<meta property=\"og:image:width\" content=\"680\" \/>\n\t<meta property=\"og:image:height\" content=\"920\" \/>\n\t<meta property=\"og:image:type\" content=\"image\/jpeg\" \/>\n<meta name=\"twitter:card\" content=\"summary_large_image\" \/>\n<meta name=\"twitter:label1\" content=\"Est. reading time\" \/>\n\t<meta name=\"twitter:data1\" content=\"2 minutes\" \/>\n<script type=\"application\/ld+json\" class=\"yoast-schema-graph\">{\"@context\":\"https:\\\/\\\/schema.org\",\"@graph\":[{\"@type\":\"WebPage\",\"@id\":\"https:\\\/\\\/www.wesselton.net\\\/en\\\/wesselton-essencia-pendant-white-gold-diamond\\\/\",\"url\":\"https:\\\/\\\/www.wesselton.net\\\/en\\\/wesselton-essencia-pendant-white-gold-diamond\\\/\",\"name\":\"White Gold and Diamond WESSELTON W Diamonds Pendant\",\"isPartOf\":{\"@id\":\"https:\\\/\\\/www.wesselton.net\\\/#website\"},\"primaryImageOfPage\":{\"@id\":\"https:\\\/\\\/www.wesselton.net\\\/en\\\/wesselton-essencia-pendant-white-gold-diamond\\\/#primaryimage\"},\"image\":{\"@id\":\"https:\\\/\\\/www.wesselton.net\\\/en\\\/wesselton-essencia-pendant-white-gold-diamond\\\/#primaryimage\"},\"thumbnailUrl\":\"https:\\\/\\\/www.wesselton.net\\\/wp-content\\\/uploads\\\/COLLARET12_03.jpg\",\"datePublished\":\"2021-12-10T17:47:06+00:00\",\"dateModified\":\"2024-09-24T09:52:10+00:00\",\"description\":\"White Gold and Diamond WESSELTON W Diamonds Pendant is handcrafted in 18kt white gold with natural diamond certified by GIA\",\"breadcrumb\":{\"@id\":\"https:\\\/\\\/www.wesselton.net\\\/en\\\/wesselton-essencia-pendant-white-gold-diamond\\\/#breadcrumb\"},\"inLanguage\":\"en-US\",\"potentialAction\":[{\"@type\":\"ReadAction\",\"target\":[\"https:\\\/\\\/www.wesselton.net\\\/en\\\/wesselton-essencia-pendant-white-gold-diamond\\\/\"]}]},{\"@type\":\"ImageObject\",\"inLanguage\":\"en-US\",\"@id\":\"https:\\\/\\\/www.wesselton.net\\\/en\\\/wesselton-essencia-pendant-white-gold-diamond\\\/#primaryimage\",\"url\":\"https:\\\/\\\/www.wesselton.net\\\/wp-content\\\/uploads\\\/COLLARET12_03.jpg\",\"contentUrl\":\"https:\\\/\\\/www.wesselton.net\\\/wp-content\\\/uploads\\\/COLLARET12_03.jpg\",\"width\":680,\"height\":920,\"caption\":\"ATELIER DE WESSELTON ESSENCE COLLECTION PENDANT IN WHITE GOLD AND DIAMOND-001\"},{\"@type\":\"BreadcrumbList\",\"@id\":\"https:\\\/\\\/www.wesselton.net\\\/en\\\/wesselton-essencia-pendant-white-gold-diamond\\\/#breadcrumb\",\"itemListElement\":[{\"@type\":\"ListItem\",\"position\":1,\"name\":\"Inici\",\"item\":\"https:\\\/\\\/www.wesselton.net\\\/en\\\/\"},{\"@type\":\"ListItem\",\"position\":2,\"name\":\"Shop\",\"item\":\"https:\\\/\\\/www.wesselton.net\\\/en\\\/shop\\\/\"},{\"@type\":\"ListItem\",\"position\":3,\"name\":\"White Gold and Diamond WESSELTON W Diamonds Pendant\"}]},{\"@type\":\"WebSite\",\"@id\":\"https:\\\/\\\/www.wesselton.net\\\/#website\",\"url\":\"https:\\\/\\\/www.wesselton.net\\\/\",\"name\":\"Wesselton | Jewelry and Diamonds\",\"description\":\"Diamants \u00fanics per moments \u00fanics. Peces d&#039;elaboraci\u00f3 pr\u00f2pia de m\u00e0xima qualitat, cuidades fins a l&#039;\u00faltim detall, i les millors marques de joieria.\",\"potentialAction\":[{\"@type\":\"SearchAction\",\"target\":{\"@type\":\"EntryPoint\",\"urlTemplate\":\"https:\\\/\\\/www.wesselton.net\\\/?s={search_term_string}\"},\"query-input\":{\"@type\":\"PropertyValueSpecification\",\"valueRequired\":true,\"valueName\":\"search_term_string\"}}],\"inLanguage\":\"en-US\"}]}<\/script>\n<!-- \/ Yoast SEO plugin. -->","yoast_head_json":{"title":"White Gold and Diamond WESSELTON W Diamonds Pendant","description":"White Gold and Diamond WESSELTON W Diamonds Pendant is handcrafted in 18kt white gold with natural diamond certified by GIA","robots":{"index":"index","follow":"follow","max-snippet":"max-snippet:-1","max-image-preview":"max-image-preview:large","max-video-preview":"max-video-preview:-1"},"canonical":"https:\/\/www.wesselton.net\/en\/wesselton-essencia-pendant-white-gold-diamond\/","og_locale":"en_US","og_type":"article","og_title":"White Gold and Diamond WESSELTON W Diamonds Pendant","og_description":"White Gold and Diamond WESSELTON W Diamonds Pendant is handcrafted in 18kt white gold with natural diamond certified by GIA","og_url":"https:\/\/www.wesselton.net\/en\/wesselton-essencia-pendant-white-gold-diamond\/","og_site_name":"Wesselton | Jewelry and Diamonds","article_publisher":"https:\/\/www.facebook.com\/wesselton.oficial\/","article_modified_time":"2024-09-24T09:52:10+00:00","og_image":[{"width":680,"height":920,"url":"https:\/\/www.wesselton.net\/wp-content\/uploads\/COLLARET12_03.jpg","type":"image\/jpeg"}],"twitter_card":"summary_large_image","twitter_misc":{"Est. reading time":"2 minutes"},"schema":{"@context":"https:\/\/schema.org","@graph":[{"@type":"WebPage","@id":"https:\/\/www.wesselton.net\/en\/wesselton-essencia-pendant-white-gold-diamond\/","url":"https:\/\/www.wesselton.net\/en\/wesselton-essencia-pendant-white-gold-diamond\/","name":"White Gold and Diamond WESSELTON W Diamonds Pendant","isPartOf":{"@id":"https:\/\/www.wesselton.net\/#website"},"primaryImageOfPage":{"@id":"https:\/\/www.wesselton.net\/en\/wesselton-essencia-pendant-white-gold-diamond\/#primaryimage"},"image":{"@id":"https:\/\/www.wesselton.net\/en\/wesselton-essencia-pendant-white-gold-diamond\/#primaryimage"},"thumbnailUrl":"https:\/\/www.wesselton.net\/wp-content\/uploads\/COLLARET12_03.jpg","datePublished":"2021-12-10T17:47:06+00:00","dateModified":"2024-09-24T09:52:10+00:00","description":"White Gold and Diamond WESSELTON W Diamonds Pendant is handcrafted in 18kt white gold with natural diamond certified by GIA","breadcrumb":{"@id":"https:\/\/www.wesselton.net\/en\/wesselton-essencia-pendant-white-gold-diamond\/#breadcrumb"},"inLanguage":"en-US","potentialAction":[{"@type":"ReadAction","target":["https:\/\/www.wesselton.net\/en\/wesselton-essencia-pendant-white-gold-diamond\/"]}]},{"@type":"ImageObject","inLanguage":"en-US","@id":"https:\/\/www.wesselton.net\/en\/wesselton-essencia-pendant-white-gold-diamond\/#primaryimage","url":"https:\/\/www.wesselton.net\/wp-content\/uploads\/COLLARET12_03.jpg","contentUrl":"https:\/\/www.wesselton.net\/wp-content\/uploads\/COLLARET12_03.jpg","width":680,"height":920,"caption":"ATELIER DE WESSELTON ESSENCE COLLECTION PENDANT IN WHITE GOLD AND DIAMOND-001"},{"@type":"BreadcrumbList","@id":"https:\/\/www.wesselton.net\/en\/wesselton-essencia-pendant-white-gold-diamond\/#breadcrumb","itemListElement":[{"@type":"ListItem","position":1,"name":"Inici","item":"https:\/\/www.wesselton.net\/en\/"},{"@type":"ListItem","position":2,"name":"Shop","item":"https:\/\/www.wesselton.net\/en\/shop\/"},{"@type":"ListItem","position":3,"name":"White Gold and Diamond WESSELTON W Diamonds Pendant"}]},{"@type":"WebSite","@id":"https:\/\/www.wesselton.net\/#website","url":"https:\/\/www.wesselton.net\/","name":"Wesselton | Jewelry and Diamonds","description":"Diamants \u00fanics per moments \u00fanics. Peces d&#039;elaboraci\u00f3 pr\u00f2pia de m\u00e0xima qualitat, cuidades fins a l&#039;\u00faltim detall, i les millors marques de joieria.","potentialAction":[{"@type":"SearchAction","target":{"@type":"EntryPoint","urlTemplate":"https:\/\/www.wesselton.net\/?s={search_term_string}"},"query-input":{"@type":"PropertyValueSpecification","valueRequired":true,"valueName":"search_term_string"}}],"inLanguage":"en-US"}]}},"_links":{"self":[{"href":"https:\/\/www.wesselton.net\/en\/wp-json\/wp\/v2\/product\/19796","targetHints":{"allow":["GET"]}}],"collection":[{"href":"https:\/\/www.wesselton.net\/en\/wp-json\/wp\/v2\/product"}],"about":[{"href":"https:\/\/www.wesselton.net\/en\/wp-json\/wp\/v2\/types\/product"}],"replies":[{"embeddable":true,"href":"https:\/\/www.wesselton.net\/en\/wp-json\/wp\/v2\/comments?post=19796"}],"wp:featuredmedia":[{"embeddable":true,"href":"https:\/\/www.wesselton.net\/en\/wp-json\/wp\/v2\/media\/19800"}],"wp:attachment":[{"href":"https:\/\/www.wesselton.net\/en\/wp-json\/wp\/v2\/media?parent=19796"}],"wp:term":[{"taxonomy":"product_brand","embeddable":true,"href":"https:\/\/www.wesselton.net\/en\/wp-json\/wp\/v2\/product_brand?post=19796"},{"taxonomy":"product_cat","embeddable":true,"href":"https:\/\/www.wesselton.net\/en\/wp-json\/wp\/v2\/product_cat?post=19796"},{"taxonomy":"product_tag","embeddable":true,"href":"https:\/\/www.wesselton.net\/en\/wp-json\/wp\/v2\/product_tag?post=19796"}],"curies":[{"name":"wp","href":"https:\/\/api.w.org\/{rel}","templated":true}]}}