

{"id":26009,"date":"2023-05-19T12:02:29","date_gmt":"2023-05-19T10:02:30","guid":{"rendered":"https:\/\/www.wesselton.net\/?post_type=product&#038;p=26009"},"modified":"2023-10-09T12:12:18","modified_gmt":"2023-10-09T10:12:18","slug":"messika-white-gold-lucky-move-pm-pave-necklace-2","status":"publish","type":"product","link":"https:\/\/www.wesselton.net\/en\/messika-white-gold-lucky-move-pm-pave-necklace-2\/","title":{"rendered":"MESSIKA WHITE GOLD LUCKY MOVE PM PAV\u00c9 NECKLACE"},"content":{"rendered":"<p>It&#8217;s the ideal time to explore Messika&#8217;s next enduring gem. The moving diamond of this <a href=\"https:\/\/www.wesselton.net\/en\/brands\/messika\/\">MESSIKA<\/a> WHITE GOLD LUCKY MOVE NECKLACE stands out thanks to a luminous halo.<\/p>\n<p>The set is connected to a chain that keeps a secret: its sliding mechanism allows the length of the diamond necklace to be adapted according to the individual wishes of each woman. This piece will add a sophisticated touch to any outfit and enhance any top.<\/p>\n<p>The white gold Lucky Move necklace is also available in rose gold, yellow gold and, upon request, black gold.<\/p>\n<p>All pieces in the Messika jewelry collection are unique. Therefore, the weight in grams, carats and size may vary slightly from one creation to another.<\/p>\n<p>This is the collection of diamond jewelry to wear everywhere. Conveying the spirit of authentic gris-gris, Lucky Move creations can be worn anytime, anywhere to add a bold touch.<\/p>\n<p>Lucky Move takes up the codes of the reason that has led Maison Messika to success: the Move. Three moving diamonds enhance each of the jewels in the collection, inviting you to move and take advantage of the opportunity. The ideal piece for those who want a unique and timeless diamond jewel at the same time.<\/p>\n","protected":false},"excerpt":{"rendered":"<p>Precious Messika signature necklace in white gold with diamonds. Its moving diamond is enhanced by a unique and special halo of light.<\/p>\n","protected":false},"featured_media":26019,"comment_status":"closed","ping_status":"closed","template":"","meta":[],"product_brand":[],"product_cat":[2670,2267,647,2652],"product_tag":[],"class_list":{"0":"post-26009","1":"product","2":"type-product","3":"status-publish","4":"has-post-thumbnail","6":"product_cat-with-diamonds","7":"product_cat-jewels","8":"product_cat-necklaces","9":"product_cat-of-white-gold","10":"yith_product_brand-messika","12":"first","13":"outofstock","14":"shipping-taxable","15":"purchasable","16":"product-type-simple"},"acf":[],"yoast_head":"<!-- This site is optimized with the Yoast SEO plugin v27.4 - https:\/\/yoast.com\/product\/yoast-seo-wordpress\/ -->\n<title>WHITE GOLD LUCKY MOVE PM PAV\u00c9 NECKLACE - Wesselton | Jewelry and Diamonds<\/title>\n<meta name=\"description\" content=\"WHITE GOLD LUCKY MOVE and diamond necklace. It includes a mobile diamond that makes it a unique, elegant and exclusive jewel.\" \/>\n<meta name=\"robots\" content=\"index, follow, max-snippet:-1, max-image-preview:large, max-video-preview:-1\" \/>\n<link rel=\"canonical\" href=\"https:\/\/www.wesselton.net\/en\/messika-white-gold-lucky-move-pm-pave-necklace-2\/\" \/>\n<meta property=\"og:locale\" content=\"en_US\" \/>\n<meta property=\"og:type\" content=\"article\" \/>\n<meta property=\"og:title\" content=\"WHITE GOLD LUCKY MOVE PM PAV\u00c9 NECKLACE - Wesselton | Jewelry and Diamonds\" \/>\n<meta property=\"og:description\" content=\"WHITE GOLD LUCKY MOVE and diamond necklace. It includes a mobile diamond that makes it a unique, elegant and exclusive jewel.\" \/>\n<meta property=\"og:url\" content=\"https:\/\/www.wesselton.net\/en\/messika-white-gold-lucky-move-pm-pave-necklace-2\/\" \/>\n<meta property=\"og:site_name\" content=\"Wesselton | Jewelry and Diamonds\" \/>\n<meta property=\"article:publisher\" content=\"https:\/\/www.facebook.com\/wesselton.oficial\/\" \/>\n<meta property=\"article:modified_time\" content=\"2023-10-09T10:12:18+00:00\" \/>\n<meta property=\"og:image\" content=\"https:\/\/www.wesselton.net\/wp-content\/uploads\/collier-diamant-or-blanc-lucky-move-pave-07397-bis_1.jpg\" \/>\n\t<meta property=\"og:image:width\" content=\"1900\" \/>\n\t<meta property=\"og:image:height\" content=\"1900\" \/>\n\t<meta property=\"og:image:type\" content=\"image\/jpeg\" \/>\n<meta name=\"twitter:card\" content=\"summary_large_image\" \/>\n<meta name=\"twitter:label1\" content=\"Est. reading time\" \/>\n\t<meta name=\"twitter:data1\" content=\"1 minute\" \/>\n<script type=\"application\/ld+json\" class=\"yoast-schema-graph\">{\"@context\":\"https:\\\/\\\/schema.org\",\"@graph\":[{\"@type\":\"WebPage\",\"@id\":\"https:\\\/\\\/www.wesselton.net\\\/en\\\/messika-white-gold-lucky-move-pm-pave-necklace-2\\\/\",\"url\":\"https:\\\/\\\/www.wesselton.net\\\/en\\\/messika-white-gold-lucky-move-pm-pave-necklace-2\\\/\",\"name\":\"WHITE GOLD LUCKY MOVE PM PAV\u00c9 NECKLACE - Wesselton | Jewelry and Diamonds\",\"isPartOf\":{\"@id\":\"https:\\\/\\\/www.wesselton.net\\\/#website\"},\"primaryImageOfPage\":{\"@id\":\"https:\\\/\\\/www.wesselton.net\\\/en\\\/messika-white-gold-lucky-move-pm-pave-necklace-2\\\/#primaryimage\"},\"image\":{\"@id\":\"https:\\\/\\\/www.wesselton.net\\\/en\\\/messika-white-gold-lucky-move-pm-pave-necklace-2\\\/#primaryimage\"},\"thumbnailUrl\":\"https:\\\/\\\/www.wesselton.net\\\/wp-content\\\/uploads\\\/collier-diamant-or-blanc-lucky-move-pave-07397-bis_1.jpg\",\"datePublished\":\"2023-05-19T10:02:30+00:00\",\"dateModified\":\"2023-10-09T10:12:18+00:00\",\"description\":\"WHITE GOLD LUCKY MOVE and diamond necklace. It includes a mobile diamond that makes it a unique, elegant and exclusive jewel.\",\"breadcrumb\":{\"@id\":\"https:\\\/\\\/www.wesselton.net\\\/en\\\/messika-white-gold-lucky-move-pm-pave-necklace-2\\\/#breadcrumb\"},\"inLanguage\":\"en-US\",\"potentialAction\":[{\"@type\":\"ReadAction\",\"target\":[\"https:\\\/\\\/www.wesselton.net\\\/en\\\/messika-white-gold-lucky-move-pm-pave-necklace-2\\\/\"]}]},{\"@type\":\"ImageObject\",\"inLanguage\":\"en-US\",\"@id\":\"https:\\\/\\\/www.wesselton.net\\\/en\\\/messika-white-gold-lucky-move-pm-pave-necklace-2\\\/#primaryimage\",\"url\":\"https:\\\/\\\/www.wesselton.net\\\/wp-content\\\/uploads\\\/collier-diamant-or-blanc-lucky-move-pave-07397-bis_1.jpg\",\"contentUrl\":\"https:\\\/\\\/www.wesselton.net\\\/wp-content\\\/uploads\\\/collier-diamant-or-blanc-lucky-move-pave-07397-bis_1.jpg\",\"width\":1900,\"height\":1900,\"caption\":\"MESSIKA\"},{\"@type\":\"BreadcrumbList\",\"@id\":\"https:\\\/\\\/www.wesselton.net\\\/en\\\/messika-white-gold-lucky-move-pm-pave-necklace-2\\\/#breadcrumb\",\"itemListElement\":[{\"@type\":\"ListItem\",\"position\":1,\"name\":\"Inici\",\"item\":\"https:\\\/\\\/www.wesselton.net\\\/en\\\/\"},{\"@type\":\"ListItem\",\"position\":2,\"name\":\"Shop\",\"item\":\"https:\\\/\\\/www.wesselton.net\\\/en\\\/shop\\\/\"},{\"@type\":\"ListItem\",\"position\":3,\"name\":\"MESSIKA WHITE GOLD LUCKY MOVE PM PAV\u00c9 NECKLACE\"}]},{\"@type\":\"WebSite\",\"@id\":\"https:\\\/\\\/www.wesselton.net\\\/#website\",\"url\":\"https:\\\/\\\/www.wesselton.net\\\/\",\"name\":\"Wesselton | Jewelry and Diamonds\",\"description\":\"Diamants \u00fanics per moments \u00fanics. Peces d&#039;elaboraci\u00f3 pr\u00f2pia de m\u00e0xima qualitat, cuidades fins a l&#039;\u00faltim detall, i les millors marques de joieria.\",\"potentialAction\":[{\"@type\":\"SearchAction\",\"target\":{\"@type\":\"EntryPoint\",\"urlTemplate\":\"https:\\\/\\\/www.wesselton.net\\\/?s={search_term_string}\"},\"query-input\":{\"@type\":\"PropertyValueSpecification\",\"valueRequired\":true,\"valueName\":\"search_term_string\"}}],\"inLanguage\":\"en-US\"}]}<\/script>\n<!-- \/ Yoast SEO plugin. -->","yoast_head_json":{"title":"WHITE GOLD LUCKY MOVE PM PAV\u00c9 NECKLACE - Wesselton | Jewelry and Diamonds","description":"WHITE GOLD LUCKY MOVE and diamond necklace. It includes a mobile diamond that makes it a unique, elegant and exclusive jewel.","robots":{"index":"index","follow":"follow","max-snippet":"max-snippet:-1","max-image-preview":"max-image-preview:large","max-video-preview":"max-video-preview:-1"},"canonical":"https:\/\/www.wesselton.net\/en\/messika-white-gold-lucky-move-pm-pave-necklace-2\/","og_locale":"en_US","og_type":"article","og_title":"WHITE GOLD LUCKY MOVE PM PAV\u00c9 NECKLACE - Wesselton | Jewelry and Diamonds","og_description":"WHITE GOLD LUCKY MOVE and diamond necklace. It includes a mobile diamond that makes it a unique, elegant and exclusive jewel.","og_url":"https:\/\/www.wesselton.net\/en\/messika-white-gold-lucky-move-pm-pave-necklace-2\/","og_site_name":"Wesselton | Jewelry and Diamonds","article_publisher":"https:\/\/www.facebook.com\/wesselton.oficial\/","article_modified_time":"2023-10-09T10:12:18+00:00","og_image":[{"width":1900,"height":1900,"url":"https:\/\/www.wesselton.net\/wp-content\/uploads\/collier-diamant-or-blanc-lucky-move-pave-07397-bis_1.jpg","type":"image\/jpeg"}],"twitter_card":"summary_large_image","twitter_misc":{"Est. reading time":"1 minute"},"schema":{"@context":"https:\/\/schema.org","@graph":[{"@type":"WebPage","@id":"https:\/\/www.wesselton.net\/en\/messika-white-gold-lucky-move-pm-pave-necklace-2\/","url":"https:\/\/www.wesselton.net\/en\/messika-white-gold-lucky-move-pm-pave-necklace-2\/","name":"WHITE GOLD LUCKY MOVE PM PAV\u00c9 NECKLACE - Wesselton | Jewelry and Diamonds","isPartOf":{"@id":"https:\/\/www.wesselton.net\/#website"},"primaryImageOfPage":{"@id":"https:\/\/www.wesselton.net\/en\/messika-white-gold-lucky-move-pm-pave-necklace-2\/#primaryimage"},"image":{"@id":"https:\/\/www.wesselton.net\/en\/messika-white-gold-lucky-move-pm-pave-necklace-2\/#primaryimage"},"thumbnailUrl":"https:\/\/www.wesselton.net\/wp-content\/uploads\/collier-diamant-or-blanc-lucky-move-pave-07397-bis_1.jpg","datePublished":"2023-05-19T10:02:30+00:00","dateModified":"2023-10-09T10:12:18+00:00","description":"WHITE GOLD LUCKY MOVE and diamond necklace. It includes a mobile diamond that makes it a unique, elegant and exclusive jewel.","breadcrumb":{"@id":"https:\/\/www.wesselton.net\/en\/messika-white-gold-lucky-move-pm-pave-necklace-2\/#breadcrumb"},"inLanguage":"en-US","potentialAction":[{"@type":"ReadAction","target":["https:\/\/www.wesselton.net\/en\/messika-white-gold-lucky-move-pm-pave-necklace-2\/"]}]},{"@type":"ImageObject","inLanguage":"en-US","@id":"https:\/\/www.wesselton.net\/en\/messika-white-gold-lucky-move-pm-pave-necklace-2\/#primaryimage","url":"https:\/\/www.wesselton.net\/wp-content\/uploads\/collier-diamant-or-blanc-lucky-move-pave-07397-bis_1.jpg","contentUrl":"https:\/\/www.wesselton.net\/wp-content\/uploads\/collier-diamant-or-blanc-lucky-move-pave-07397-bis_1.jpg","width":1900,"height":1900,"caption":"MESSIKA"},{"@type":"BreadcrumbList","@id":"https:\/\/www.wesselton.net\/en\/messika-white-gold-lucky-move-pm-pave-necklace-2\/#breadcrumb","itemListElement":[{"@type":"ListItem","position":1,"name":"Inici","item":"https:\/\/www.wesselton.net\/en\/"},{"@type":"ListItem","position":2,"name":"Shop","item":"https:\/\/www.wesselton.net\/en\/shop\/"},{"@type":"ListItem","position":3,"name":"MESSIKA WHITE GOLD LUCKY MOVE PM PAV\u00c9 NECKLACE"}]},{"@type":"WebSite","@id":"https:\/\/www.wesselton.net\/#website","url":"https:\/\/www.wesselton.net\/","name":"Wesselton | Jewelry and Diamonds","description":"Diamants \u00fanics per moments \u00fanics. Peces d&#039;elaboraci\u00f3 pr\u00f2pia de m\u00e0xima qualitat, cuidades fins a l&#039;\u00faltim detall, i les millors marques de joieria.","potentialAction":[{"@type":"SearchAction","target":{"@type":"EntryPoint","urlTemplate":"https:\/\/www.wesselton.net\/?s={search_term_string}"},"query-input":{"@type":"PropertyValueSpecification","valueRequired":true,"valueName":"search_term_string"}}],"inLanguage":"en-US"}]}},"_links":{"self":[{"href":"https:\/\/www.wesselton.net\/en\/wp-json\/wp\/v2\/product\/26009","targetHints":{"allow":["GET"]}}],"collection":[{"href":"https:\/\/www.wesselton.net\/en\/wp-json\/wp\/v2\/product"}],"about":[{"href":"https:\/\/www.wesselton.net\/en\/wp-json\/wp\/v2\/types\/product"}],"replies":[{"embeddable":true,"href":"https:\/\/www.wesselton.net\/en\/wp-json\/wp\/v2\/comments?post=26009"}],"wp:featuredmedia":[{"embeddable":true,"href":"https:\/\/www.wesselton.net\/en\/wp-json\/wp\/v2\/media\/26019"}],"wp:attachment":[{"href":"https:\/\/www.wesselton.net\/en\/wp-json\/wp\/v2\/media?parent=26009"}],"wp:term":[{"taxonomy":"product_brand","embeddable":true,"href":"https:\/\/www.wesselton.net\/en\/wp-json\/wp\/v2\/product_brand?post=26009"},{"taxonomy":"product_cat","embeddable":true,"href":"https:\/\/www.wesselton.net\/en\/wp-json\/wp\/v2\/product_cat?post=26009"},{"taxonomy":"product_tag","embeddable":true,"href":"https:\/\/www.wesselton.net\/en\/wp-json\/wp\/v2\/product_tag?post=26009"}],"curies":[{"name":"wp","href":"https:\/\/api.w.org\/{rel}","templated":true}]}}