

{"id":29606,"date":"2024-06-14T12:22:40","date_gmt":"2024-06-14T10:22:40","guid":{"rendered":"https:\/\/www.wesselton.net\/cordon-messika-cares-color-crema-con-pave\/"},"modified":"2024-06-14T12:29:17","modified_gmt":"2024-06-14T10:29:17","slug":"cream-colored-messika-cares-lace-with-pave","status":"publish","type":"product","link":"https:\/\/www.wesselton.net\/en\/cream-colored-messika-cares-lace-with-pave\/","title":{"rendered":"Cream colored Messika Care(s) lace with pav\u00e9"},"content":{"rendered":"<p>Discover the Cream colored <a href=\"https:\/\/www.wesselton.net\/en\/brands\/messika\/\">Messika<\/a> Care(s) lace with pav\u00e9, a refined interpretation of the Move Uno motif in rose gold and diamonds. Each gold and cord color combination is unique and cannot be modified when ordering online, ensuring exclusivity in each piece.<\/p>\n<p>This necklace is easy to wear, with an adjustable link that allows you to vary the length very easily, adapting to different styles and preferences. The combination of the cream cord with rose gold adds a subtle touch of luminosity and elegance.<\/p>\n<p>The Messika Care(s) collection is not only distinguished by its beauty, but also by its commitment to solidarity. Part of the profits from each sale are allocated through the Val\u00e9rie Messika Foundation to associations and NGOs that work in children&#8217;s education and health, creating a positive impact that transcends borders and cultures.<\/p>\n<p>This Cream colored Messika Care(s) lace with pav\u00e9 is not only a piece of jewelry. But also a symbol of hope and support for important causes. With every purchase, you contribute to improving the lives of children and families around the world, making each purchase a meaningful gesture of generosity and style.<\/p>\n<p>The MESSIKA CARE(s) bracelet is also available in white gold and yellow gold. All pieces in the Messika jewelry collection are unique. Therefore, the weight in grams, carats and size may vary slightly from one creation to another.<\/p>\n","protected":false},"excerpt":{"rendered":"<p>Discover the cream-colored <a href=\"https:\/\/www.wesselton.net\/en\/brands\/messika\/\">Messika<\/a> Care(s) Cord necklace with pav\u00e9, a refined interpretation of the Move Uno motif in rose gold and diamonds. Each gold and cord color combination is unique and cannot be modified when ordering online, ensuring exclusivity in each piece.<\/p>\n","protected":false},"featured_media":29599,"comment_status":"closed","ping_status":"closed","template":"","meta":[],"product_brand":[],"product_cat":[2670,2267,647,2660],"product_tag":[],"class_list":{"0":"post-29606","1":"product","2":"type-product","3":"status-publish","4":"has-post-thumbnail","6":"product_cat-with-diamonds","7":"product_cat-jewels","8":"product_cat-necklaces","9":"product_cat-with-pink-gold","10":"yith_product_brand-messika","12":"first","13":"instock","14":"sold-individually","15":"shipping-taxable","16":"purchasable","17":"product-type-simple"},"acf":[],"yoast_head":"<!-- This site is optimized with the Yoast SEO plugin v27.4 - https:\/\/yoast.com\/product\/yoast-seo-wordpress\/ -->\n<title>Cream colored Messika Care(s) lace with pav\u00e9 - Wesselton | Jewelry and Diamonds<\/title>\n<meta name=\"description\" content=\"Discover this wonderful cream-colored Messika Care(s) lace with pav\u00e9 a refined interpretation of the Move Uno motif in rose gold and diamonds.\" \/>\n<meta name=\"robots\" content=\"index, follow, max-snippet:-1, max-image-preview:large, max-video-preview:-1\" \/>\n<link rel=\"canonical\" href=\"https:\/\/www.wesselton.net\/en\/cream-colored-messika-cares-lace-with-pave\/\" \/>\n<meta property=\"og:locale\" content=\"en_US\" \/>\n<meta property=\"og:type\" content=\"article\" \/>\n<meta property=\"og:title\" content=\"Cream colored Messika Care(s) lace with pav\u00e9 - Wesselton | Jewelry and Diamonds\" \/>\n<meta property=\"og:description\" content=\"Discover this wonderful cream-colored Messika Care(s) lace with pav\u00e9 a refined interpretation of the Move Uno motif in rose gold and diamonds.\" \/>\n<meta property=\"og:url\" content=\"https:\/\/www.wesselton.net\/en\/cream-colored-messika-cares-lace-with-pave\/\" \/>\n<meta property=\"og:site_name\" content=\"Wesselton | Jewelry and Diamonds\" \/>\n<meta property=\"article:publisher\" content=\"https:\/\/www.facebook.com\/wesselton.oficial\/\" \/>\n<meta property=\"article:modified_time\" content=\"2024-06-14T10:29:17+00:00\" \/>\n<meta property=\"og:image\" content=\"https:\/\/www.wesselton.net\/wp-content\/uploads\/messika_paris_-_collier_cordon_messika_care_s_pav_creme_14104_p_v6.jpg\" \/>\n\t<meta property=\"og:image:width\" content=\"1900\" \/>\n\t<meta property=\"og:image:height\" content=\"1900\" \/>\n\t<meta property=\"og:image:type\" content=\"image\/jpeg\" \/>\n<meta name=\"twitter:card\" content=\"summary_large_image\" \/>\n<meta name=\"twitter:label1\" content=\"Est. reading time\" \/>\n\t<meta name=\"twitter:data1\" content=\"2 minutes\" \/>\n<script type=\"application\/ld+json\" class=\"yoast-schema-graph\">{\"@context\":\"https:\\\/\\\/schema.org\",\"@graph\":[{\"@type\":\"WebPage\",\"@id\":\"https:\\\/\\\/www.wesselton.net\\\/en\\\/cream-colored-messika-cares-lace-with-pave\\\/\",\"url\":\"https:\\\/\\\/www.wesselton.net\\\/en\\\/cream-colored-messika-cares-lace-with-pave\\\/\",\"name\":\"Cream colored Messika Care(s) lace with pav\u00e9 - Wesselton | Jewelry and Diamonds\",\"isPartOf\":{\"@id\":\"https:\\\/\\\/www.wesselton.net\\\/#website\"},\"primaryImageOfPage\":{\"@id\":\"https:\\\/\\\/www.wesselton.net\\\/en\\\/cream-colored-messika-cares-lace-with-pave\\\/#primaryimage\"},\"image\":{\"@id\":\"https:\\\/\\\/www.wesselton.net\\\/en\\\/cream-colored-messika-cares-lace-with-pave\\\/#primaryimage\"},\"thumbnailUrl\":\"https:\\\/\\\/www.wesselton.net\\\/wp-content\\\/uploads\\\/messika_paris_-_collier_cordon_messika_care_s_pav_creme_14104_p_v6.jpg\",\"datePublished\":\"2024-06-14T10:22:40+00:00\",\"dateModified\":\"2024-06-14T10:29:17+00:00\",\"description\":\"Discover this wonderful cream-colored Messika Care(s) lace with pav\u00e9 a refined interpretation of the Move Uno motif in rose gold and diamonds.\",\"breadcrumb\":{\"@id\":\"https:\\\/\\\/www.wesselton.net\\\/en\\\/cream-colored-messika-cares-lace-with-pave\\\/#breadcrumb\"},\"inLanguage\":\"en-US\",\"potentialAction\":[{\"@type\":\"ReadAction\",\"target\":[\"https:\\\/\\\/www.wesselton.net\\\/en\\\/cream-colored-messika-cares-lace-with-pave\\\/\"]}]},{\"@type\":\"ImageObject\",\"inLanguage\":\"en-US\",\"@id\":\"https:\\\/\\\/www.wesselton.net\\\/en\\\/cream-colored-messika-cares-lace-with-pave\\\/#primaryimage\",\"url\":\"https:\\\/\\\/www.wesselton.net\\\/wp-content\\\/uploads\\\/messika_paris_-_collier_cordon_messika_care_s_pav_creme_14104_p_v6.jpg\",\"contentUrl\":\"https:\\\/\\\/www.wesselton.net\\\/wp-content\\\/uploads\\\/messika_paris_-_collier_cordon_messika_care_s_pav_creme_14104_p_v6.jpg\",\"width\":1900,\"height\":1900},{\"@type\":\"BreadcrumbList\",\"@id\":\"https:\\\/\\\/www.wesselton.net\\\/en\\\/cream-colored-messika-cares-lace-with-pave\\\/#breadcrumb\",\"itemListElement\":[{\"@type\":\"ListItem\",\"position\":1,\"name\":\"Inici\",\"item\":\"https:\\\/\\\/www.wesselton.net\\\/en\\\/\"},{\"@type\":\"ListItem\",\"position\":2,\"name\":\"Shop\",\"item\":\"https:\\\/\\\/www.wesselton.net\\\/en\\\/shop\\\/\"},{\"@type\":\"ListItem\",\"position\":3,\"name\":\"Cream colored Messika Care(s) lace with pav\u00e9\"}]},{\"@type\":\"WebSite\",\"@id\":\"https:\\\/\\\/www.wesselton.net\\\/#website\",\"url\":\"https:\\\/\\\/www.wesselton.net\\\/\",\"name\":\"Wesselton | Jewelry and Diamonds\",\"description\":\"Diamants \u00fanics per moments \u00fanics. Peces d&#039;elaboraci\u00f3 pr\u00f2pia de m\u00e0xima qualitat, cuidades fins a l&#039;\u00faltim detall, i les millors marques de joieria.\",\"potentialAction\":[{\"@type\":\"SearchAction\",\"target\":{\"@type\":\"EntryPoint\",\"urlTemplate\":\"https:\\\/\\\/www.wesselton.net\\\/?s={search_term_string}\"},\"query-input\":{\"@type\":\"PropertyValueSpecification\",\"valueRequired\":true,\"valueName\":\"search_term_string\"}}],\"inLanguage\":\"en-US\"}]}<\/script>\n<!-- \/ Yoast SEO plugin. -->","yoast_head_json":{"title":"Cream colored Messika Care(s) lace with pav\u00e9 - Wesselton | Jewelry and Diamonds","description":"Discover this wonderful cream-colored Messika Care(s) lace with pav\u00e9 a refined interpretation of the Move Uno motif in rose gold and diamonds.","robots":{"index":"index","follow":"follow","max-snippet":"max-snippet:-1","max-image-preview":"max-image-preview:large","max-video-preview":"max-video-preview:-1"},"canonical":"https:\/\/www.wesselton.net\/en\/cream-colored-messika-cares-lace-with-pave\/","og_locale":"en_US","og_type":"article","og_title":"Cream colored Messika Care(s) lace with pav\u00e9 - Wesselton | Jewelry and Diamonds","og_description":"Discover this wonderful cream-colored Messika Care(s) lace with pav\u00e9 a refined interpretation of the Move Uno motif in rose gold and diamonds.","og_url":"https:\/\/www.wesselton.net\/en\/cream-colored-messika-cares-lace-with-pave\/","og_site_name":"Wesselton | Jewelry and Diamonds","article_publisher":"https:\/\/www.facebook.com\/wesselton.oficial\/","article_modified_time":"2024-06-14T10:29:17+00:00","og_image":[{"width":1900,"height":1900,"url":"https:\/\/www.wesselton.net\/wp-content\/uploads\/messika_paris_-_collier_cordon_messika_care_s_pav_creme_14104_p_v6.jpg","type":"image\/jpeg"}],"twitter_card":"summary_large_image","twitter_misc":{"Est. reading time":"2 minutes"},"schema":{"@context":"https:\/\/schema.org","@graph":[{"@type":"WebPage","@id":"https:\/\/www.wesselton.net\/en\/cream-colored-messika-cares-lace-with-pave\/","url":"https:\/\/www.wesselton.net\/en\/cream-colored-messika-cares-lace-with-pave\/","name":"Cream colored Messika Care(s) lace with pav\u00e9 - Wesselton | Jewelry and Diamonds","isPartOf":{"@id":"https:\/\/www.wesselton.net\/#website"},"primaryImageOfPage":{"@id":"https:\/\/www.wesselton.net\/en\/cream-colored-messika-cares-lace-with-pave\/#primaryimage"},"image":{"@id":"https:\/\/www.wesselton.net\/en\/cream-colored-messika-cares-lace-with-pave\/#primaryimage"},"thumbnailUrl":"https:\/\/www.wesselton.net\/wp-content\/uploads\/messika_paris_-_collier_cordon_messika_care_s_pav_creme_14104_p_v6.jpg","datePublished":"2024-06-14T10:22:40+00:00","dateModified":"2024-06-14T10:29:17+00:00","description":"Discover this wonderful cream-colored Messika Care(s) lace with pav\u00e9 a refined interpretation of the Move Uno motif in rose gold and diamonds.","breadcrumb":{"@id":"https:\/\/www.wesselton.net\/en\/cream-colored-messika-cares-lace-with-pave\/#breadcrumb"},"inLanguage":"en-US","potentialAction":[{"@type":"ReadAction","target":["https:\/\/www.wesselton.net\/en\/cream-colored-messika-cares-lace-with-pave\/"]}]},{"@type":"ImageObject","inLanguage":"en-US","@id":"https:\/\/www.wesselton.net\/en\/cream-colored-messika-cares-lace-with-pave\/#primaryimage","url":"https:\/\/www.wesselton.net\/wp-content\/uploads\/messika_paris_-_collier_cordon_messika_care_s_pav_creme_14104_p_v6.jpg","contentUrl":"https:\/\/www.wesselton.net\/wp-content\/uploads\/messika_paris_-_collier_cordon_messika_care_s_pav_creme_14104_p_v6.jpg","width":1900,"height":1900},{"@type":"BreadcrumbList","@id":"https:\/\/www.wesselton.net\/en\/cream-colored-messika-cares-lace-with-pave\/#breadcrumb","itemListElement":[{"@type":"ListItem","position":1,"name":"Inici","item":"https:\/\/www.wesselton.net\/en\/"},{"@type":"ListItem","position":2,"name":"Shop","item":"https:\/\/www.wesselton.net\/en\/shop\/"},{"@type":"ListItem","position":3,"name":"Cream colored Messika Care(s) lace with pav\u00e9"}]},{"@type":"WebSite","@id":"https:\/\/www.wesselton.net\/#website","url":"https:\/\/www.wesselton.net\/","name":"Wesselton | Jewelry and Diamonds","description":"Diamants \u00fanics per moments \u00fanics. Peces d&#039;elaboraci\u00f3 pr\u00f2pia de m\u00e0xima qualitat, cuidades fins a l&#039;\u00faltim detall, i les millors marques de joieria.","potentialAction":[{"@type":"SearchAction","target":{"@type":"EntryPoint","urlTemplate":"https:\/\/www.wesselton.net\/?s={search_term_string}"},"query-input":{"@type":"PropertyValueSpecification","valueRequired":true,"valueName":"search_term_string"}}],"inLanguage":"en-US"}]}},"_links":{"self":[{"href":"https:\/\/www.wesselton.net\/en\/wp-json\/wp\/v2\/product\/29606","targetHints":{"allow":["GET"]}}],"collection":[{"href":"https:\/\/www.wesselton.net\/en\/wp-json\/wp\/v2\/product"}],"about":[{"href":"https:\/\/www.wesselton.net\/en\/wp-json\/wp\/v2\/types\/product"}],"replies":[{"embeddable":true,"href":"https:\/\/www.wesselton.net\/en\/wp-json\/wp\/v2\/comments?post=29606"}],"wp:featuredmedia":[{"embeddable":true,"href":"https:\/\/www.wesselton.net\/en\/wp-json\/wp\/v2\/media\/29599"}],"wp:attachment":[{"href":"https:\/\/www.wesselton.net\/en\/wp-json\/wp\/v2\/media?parent=29606"}],"wp:term":[{"taxonomy":"product_brand","embeddable":true,"href":"https:\/\/www.wesselton.net\/en\/wp-json\/wp\/v2\/product_brand?post=29606"},{"taxonomy":"product_cat","embeddable":true,"href":"https:\/\/www.wesselton.net\/en\/wp-json\/wp\/v2\/product_cat?post=29606"},{"taxonomy":"product_tag","embeddable":true,"href":"https:\/\/www.wesselton.net\/en\/wp-json\/wp\/v2\/product_tag?post=29606"}],"curies":[{"name":"wp","href":"https:\/\/api.w.org\/{rel}","templated":true}]}}