

{"id":31127,"date":"2025-04-02T10:41:42","date_gmt":"2025-04-02T08:41:42","guid":{"rendered":"https:\/\/www.wesselton.net\/classima-10782\/"},"modified":"2026-03-06T10:57:25","modified_gmt":"2026-03-06T08:57:25","slug":"classima-10782","status":"publish","type":"product","link":"https:\/\/www.wesselton.net\/en\/classima-10782\/","title":{"rendered":"Baume &#038; Mercier Classima 10782 Watch"},"content":{"rendered":"<p class=\"\" data-start=\"0\" data-end=\"335\">The Classima 10782 by Baume &amp; Mercier is the perfect combination of timeless elegance and contemporary functionality. Its refined design is expressed through a sand-toned <em data-start=\"171\" data-end=\"179\">soleil<\/em> satin-finished dial, which reflects light with a subtle glow, complemented by anthracite <em data-start=\"269\" data-end=\"278\">snailed<\/em> sub-dials that create a sophisticated visual contrast.<\/p>\n<p class=\"\" data-start=\"337\" data-end=\"680\">This automatic chronograph, housed in a 42 mm polished stainless steel case, impresses not only with its aesthetics but also with its performance. Equipped with a high-precision automatic movement, it offers a 48-hour power reserve and water resistance up to 5 ATM, making it the ideal companion for both everyday wear and special occasions.<\/p>\n<p class=\"\" data-start=\"682\" data-end=\"1039\">The exclusivity of the Classima 10782 is further enhanced by its sand-toned calf suede strap, a detail that adds an unparalleled sense of warmth and comfort. Additionally, its interchangeable strap system allows for easy adaptation to different styles, while the stainless steel folding clasp with safety push-buttons ensures a secure and comfortable fit.<\/p>\n<p class=\"\" data-start=\"1041\" data-end=\"1227\">Designed for the man who appreciates effortless sophistication and excellence in Swiss watchmaking, the <a href=\"https:\/\/www.wesselton.net\/en\/brands\/baumemercier-en\/\">Classima<\/a> 10782 is not just a timepiece\u2014it is a statement of style and distinction.<\/p>\n","protected":false},"excerpt":{"rendered":"<p>The Classima 10782 is not just a timepiece\u2014it is a statement of style and distinction.<\/p>\n","protected":false},"featured_media":31116,"comment_status":"closed","ping_status":"closed","template":"","meta":[],"product_brand":[],"product_cat":[2147,4584,653],"product_tag":[],"class_list":{"0":"post-31127","1":"product","2":"type-product","3":"status-publish","4":"has-post-thumbnail","6":"product_cat-automatic","7":"product_cat-men","8":"product_cat-watches","9":"yith_product_brand-baumemercier-en","11":"first","12":"instock","13":"sold-individually","14":"shipping-taxable","15":"purchasable","16":"product-type-simple"},"acf":[],"yoast_head":"<!-- This site is optimized with the Yoast SEO plugin v27.2 - https:\/\/yoast.com\/product\/yoast-seo-wordpress\/ -->\n<title>Baume &amp; Mercier Classima 10782 Watch - Wesselton | Jewelry and Diamonds<\/title>\n<meta name=\"description\" content=\"The Classima 10782 by Baume &amp; Mercier is the perfect combination of timeless elegance and contemporary functionality. A statement of style and distinction.\" \/>\n<meta name=\"robots\" content=\"index, follow, max-snippet:-1, max-image-preview:large, max-video-preview:-1\" \/>\n<link rel=\"canonical\" href=\"https:\/\/www.wesselton.net\/en\/classima-10782\/\" \/>\n<meta property=\"og:locale\" content=\"en_US\" \/>\n<meta property=\"og:type\" content=\"article\" \/>\n<meta property=\"og:title\" content=\"Baume &amp; Mercier Classima 10782 Watch - Wesselton | Jewelry and Diamonds\" \/>\n<meta property=\"og:description\" content=\"The Classima 10782 by Baume &amp; Mercier is the perfect combination of timeless elegance and contemporary functionality. A statement of style and distinction.\" \/>\n<meta property=\"og:url\" content=\"https:\/\/www.wesselton.net\/en\/classima-10782\/\" \/>\n<meta property=\"og:site_name\" content=\"Wesselton | Jewelry and Diamonds\" \/>\n<meta property=\"article:publisher\" content=\"https:\/\/www.facebook.com\/wesselton.oficial\/\" \/>\n<meta property=\"article:modified_time\" content=\"2026-03-06T08:57:25+00:00\" \/>\n<meta property=\"og:image\" content=\"https:\/\/www.wesselton.net\/wp-content\/uploads\/10782-1.jpg\" \/>\n\t<meta property=\"og:image:width\" content=\"680\" \/>\n\t<meta property=\"og:image:height\" content=\"920\" \/>\n\t<meta property=\"og:image:type\" content=\"image\/jpeg\" \/>\n<meta name=\"twitter:card\" content=\"summary_large_image\" \/>\n<meta name=\"twitter:label1\" content=\"Est. reading time\" \/>\n\t<meta name=\"twitter:data1\" content=\"2 minutes\" \/>\n<script type=\"application\/ld+json\" class=\"yoast-schema-graph\">{\"@context\":\"https:\/\/schema.org\",\"@graph\":[{\"@type\":\"WebPage\",\"@id\":\"https:\/\/www.wesselton.net\/en\/classima-10782\/\",\"url\":\"https:\/\/www.wesselton.net\/en\/classima-10782\/\",\"name\":\"Baume & Mercier Classima 10782 Watch - Wesselton | Jewelry and Diamonds\",\"isPartOf\":{\"@id\":\"https:\/\/www.wesselton.net\/#website\"},\"primaryImageOfPage\":{\"@id\":\"https:\/\/www.wesselton.net\/en\/classima-10782\/#primaryimage\"},\"image\":{\"@id\":\"https:\/\/www.wesselton.net\/en\/classima-10782\/#primaryimage\"},\"thumbnailUrl\":\"https:\/\/www.wesselton.net\/wp-content\/uploads\/10782-1.jpg\",\"datePublished\":\"2025-04-02T08:41:42+00:00\",\"dateModified\":\"2026-03-06T08:57:25+00:00\",\"description\":\"The Classima 10782 by Baume & Mercier is the perfect combination of timeless elegance and contemporary functionality. A statement of style and distinction.\",\"breadcrumb\":{\"@id\":\"https:\/\/www.wesselton.net\/en\/classima-10782\/#breadcrumb\"},\"inLanguage\":\"en-US\",\"potentialAction\":[{\"@type\":\"ReadAction\",\"target\":[\"https:\/\/www.wesselton.net\/en\/classima-10782\/\"]}]},{\"@type\":\"ImageObject\",\"inLanguage\":\"en-US\",\"@id\":\"https:\/\/www.wesselton.net\/en\/classima-10782\/#primaryimage\",\"url\":\"https:\/\/www.wesselton.net\/wp-content\/uploads\/10782-1.jpg\",\"contentUrl\":\"https:\/\/www.wesselton.net\/wp-content\/uploads\/10782-1.jpg\",\"width\":680,\"height\":920,\"caption\":\"Classima 10782\"},{\"@type\":\"BreadcrumbList\",\"@id\":\"https:\/\/www.wesselton.net\/en\/classima-10782\/#breadcrumb\",\"itemListElement\":[{\"@type\":\"ListItem\",\"position\":1,\"name\":\"Inici\",\"item\":\"https:\/\/www.wesselton.net\/en\/\"},{\"@type\":\"ListItem\",\"position\":2,\"name\":\"Shop\",\"item\":\"https:\/\/www.wesselton.net\/en\/shop\/\"},{\"@type\":\"ListItem\",\"position\":3,\"name\":\"Baume &#038; Mercier Classima 10782 Watch\"}]},{\"@type\":\"WebSite\",\"@id\":\"https:\/\/www.wesselton.net\/#website\",\"url\":\"https:\/\/www.wesselton.net\/\",\"name\":\"Wesselton | Jewelry and Diamonds\",\"description\":\"Diamants \u00fanics per moments \u00fanics. Peces d&#039;elaboraci\u00f3 pr\u00f2pia de m\u00e0xima qualitat, cuidades fins a l&#039;\u00faltim detall, i les millors marques de joieria.\",\"potentialAction\":[{\"@type\":\"SearchAction\",\"target\":{\"@type\":\"EntryPoint\",\"urlTemplate\":\"https:\/\/www.wesselton.net\/?s={search_term_string}\"},\"query-input\":{\"@type\":\"PropertyValueSpecification\",\"valueRequired\":true,\"valueName\":\"search_term_string\"}}],\"inLanguage\":\"en-US\"}]}<\/script>\n<!-- \/ Yoast SEO plugin. -->","yoast_head_json":{"title":"Baume & Mercier Classima 10782 Watch - Wesselton | Jewelry and Diamonds","description":"The Classima 10782 by Baume & Mercier is the perfect combination of timeless elegance and contemporary functionality. A statement of style and distinction.","robots":{"index":"index","follow":"follow","max-snippet":"max-snippet:-1","max-image-preview":"max-image-preview:large","max-video-preview":"max-video-preview:-1"},"canonical":"https:\/\/www.wesselton.net\/en\/classima-10782\/","og_locale":"en_US","og_type":"article","og_title":"Baume & Mercier Classima 10782 Watch - Wesselton | Jewelry and Diamonds","og_description":"The Classima 10782 by Baume & Mercier is the perfect combination of timeless elegance and contemporary functionality. A statement of style and distinction.","og_url":"https:\/\/www.wesselton.net\/en\/classima-10782\/","og_site_name":"Wesselton | Jewelry and Diamonds","article_publisher":"https:\/\/www.facebook.com\/wesselton.oficial\/","article_modified_time":"2026-03-06T08:57:25+00:00","og_image":[{"width":680,"height":920,"url":"https:\/\/www.wesselton.net\/wp-content\/uploads\/10782-1.jpg","type":"image\/jpeg"}],"twitter_card":"summary_large_image","twitter_misc":{"Est. reading time":"2 minutes"},"schema":{"@context":"https:\/\/schema.org","@graph":[{"@type":"WebPage","@id":"https:\/\/www.wesselton.net\/en\/classima-10782\/","url":"https:\/\/www.wesselton.net\/en\/classima-10782\/","name":"Baume & Mercier Classima 10782 Watch - Wesselton | Jewelry and Diamonds","isPartOf":{"@id":"https:\/\/www.wesselton.net\/#website"},"primaryImageOfPage":{"@id":"https:\/\/www.wesselton.net\/en\/classima-10782\/#primaryimage"},"image":{"@id":"https:\/\/www.wesselton.net\/en\/classima-10782\/#primaryimage"},"thumbnailUrl":"https:\/\/www.wesselton.net\/wp-content\/uploads\/10782-1.jpg","datePublished":"2025-04-02T08:41:42+00:00","dateModified":"2026-03-06T08:57:25+00:00","description":"The Classima 10782 by Baume & Mercier is the perfect combination of timeless elegance and contemporary functionality. A statement of style and distinction.","breadcrumb":{"@id":"https:\/\/www.wesselton.net\/en\/classima-10782\/#breadcrumb"},"inLanguage":"en-US","potentialAction":[{"@type":"ReadAction","target":["https:\/\/www.wesselton.net\/en\/classima-10782\/"]}]},{"@type":"ImageObject","inLanguage":"en-US","@id":"https:\/\/www.wesselton.net\/en\/classima-10782\/#primaryimage","url":"https:\/\/www.wesselton.net\/wp-content\/uploads\/10782-1.jpg","contentUrl":"https:\/\/www.wesselton.net\/wp-content\/uploads\/10782-1.jpg","width":680,"height":920,"caption":"Classima 10782"},{"@type":"BreadcrumbList","@id":"https:\/\/www.wesselton.net\/en\/classima-10782\/#breadcrumb","itemListElement":[{"@type":"ListItem","position":1,"name":"Inici","item":"https:\/\/www.wesselton.net\/en\/"},{"@type":"ListItem","position":2,"name":"Shop","item":"https:\/\/www.wesselton.net\/en\/shop\/"},{"@type":"ListItem","position":3,"name":"Baume &#038; Mercier Classima 10782 Watch"}]},{"@type":"WebSite","@id":"https:\/\/www.wesselton.net\/#website","url":"https:\/\/www.wesselton.net\/","name":"Wesselton | Jewelry and Diamonds","description":"Diamants \u00fanics per moments \u00fanics. Peces d&#039;elaboraci\u00f3 pr\u00f2pia de m\u00e0xima qualitat, cuidades fins a l&#039;\u00faltim detall, i les millors marques de joieria.","potentialAction":[{"@type":"SearchAction","target":{"@type":"EntryPoint","urlTemplate":"https:\/\/www.wesselton.net\/?s={search_term_string}"},"query-input":{"@type":"PropertyValueSpecification","valueRequired":true,"valueName":"search_term_string"}}],"inLanguage":"en-US"}]}},"_links":{"self":[{"href":"https:\/\/www.wesselton.net\/en\/wp-json\/wp\/v2\/product\/31127","targetHints":{"allow":["GET"]}}],"collection":[{"href":"https:\/\/www.wesselton.net\/en\/wp-json\/wp\/v2\/product"}],"about":[{"href":"https:\/\/www.wesselton.net\/en\/wp-json\/wp\/v2\/types\/product"}],"replies":[{"embeddable":true,"href":"https:\/\/www.wesselton.net\/en\/wp-json\/wp\/v2\/comments?post=31127"}],"wp:featuredmedia":[{"embeddable":true,"href":"https:\/\/www.wesselton.net\/en\/wp-json\/wp\/v2\/media\/31116"}],"wp:attachment":[{"href":"https:\/\/www.wesselton.net\/en\/wp-json\/wp\/v2\/media?parent=31127"}],"wp:term":[{"taxonomy":"product_brand","embeddable":true,"href":"https:\/\/www.wesselton.net\/en\/wp-json\/wp\/v2\/product_brand?post=31127"},{"taxonomy":"product_cat","embeddable":true,"href":"https:\/\/www.wesselton.net\/en\/wp-json\/wp\/v2\/product_cat?post=31127"},{"taxonomy":"product_tag","embeddable":true,"href":"https:\/\/www.wesselton.net\/en\/wp-json\/wp\/v2\/product_tag?post=31127"}],"curies":[{"name":"wp","href":"https:\/\/api.w.org\/{rel}","templated":true}]}}