

{"id":32809,"date":"2025-10-25T13:45:19","date_gmt":"2025-10-25T11:45:19","guid":{"rendered":"https:\/\/www.wesselton.net\/anillo-diseno-diamantes-wesselton\/"},"modified":"2025-10-25T13:51:25","modified_gmt":"2025-10-25T11:51:25","slug":"weselton-diamond-design-ring","status":"publish","type":"product","link":"https:\/\/www.wesselton.net\/en\/weselton-diamond-design-ring\/","title":{"rendered":"Lovely Lines white gold ring with diamonds WESSELTON"},"content":{"rendered":"<p>The <strong data-start=\"3017\" data-end=\"3050\">WESSELTON diamond design ring<\/strong> from the <a href=\"https:\/\/www.wesselton.net\/en\/wesselton-en\/lovely-lines-en\/\"><strong data-start=\"3060\" data-end=\"3087\">Lovely Lines Collection<\/strong><\/a> captures the perfect balance between modern artistry and timeless beauty. Handcrafted in <strong data-start=\"3177\" data-end=\"3195\">18k white gold<\/strong>, it features a central row of <strong data-start=\"3226\" data-end=\"3257\">nine brilliant-cut diamonds<\/strong> carefully chosen by gemologist Nuri Sala for their unmatched quality <a href=\"https:\/\/www.gia.edu\/diamond\"><strong data-start=\"3327\" data-end=\"3353\">(Color D, Clarity VVS)<\/strong><\/a><br data-start=\"3354\" data-end=\"3357\" \/>Each 2.60 mm diamond contributes to a total of <strong data-start=\"3404\" data-end=\"3419\">0.63 carats<\/strong>, creating a luminous flow of light and grace. The Lovely Lines Collection embodies the sweetness of love through proportion and symmetry, where every line and open space form a dialogue of balance and emotion.<br data-start=\"3629\" data-end=\"3632\" \/>The <strong data-start=\"3017\" data-end=\"3050\">WESSELTON diamond design ring <\/strong>is a refined creation that blends architecture, emotion, and brilliance, this ring is the essence of <strong data-start=\"3730\" data-end=\"3759\">WESSELTON\u2019s craftsmanship<\/strong> \u2014 a jewel that reflects sophistication and eternal love.<br data-start=\"3816\" data-end=\"3819\" \/><strong data-start=\"3819\" data-end=\"3863\">WESSELTON: where design becomes emotion.<\/strong><\/p>\n","protected":false},"excerpt":{"rendered":"<p>A pure expression of harmony and elegance. The <strong data-start=\"4015\" data-end=\"4047\">Lovely Lines white gold ring<\/strong> features nine brilliant-cut diamonds <strong data-start=\"4085\" data-end=\"4120\">(0.63 ct, Color D, Clarity VVS)<\/strong> set within sculptural lines that embody balance and tenderness. Inspired by the poetic geometry of the Lovely Lines Collection, it symbolizes love in its most refined form.<br data-start=\"4293\" data-end=\"4296\" \/><strong data-start=\"4296\" data-end=\"4343\">An eternal jewel, handcrafted by WESSELTON.<\/strong><\/p>\n","protected":false},"featured_media":32805,"comment_status":"closed","ping_status":"closed","template":"","meta":[],"product_brand":[],"product_cat":[2273,2267,4829,643,5045,2239,1804,4816,2281],"product_tag":[],"class_list":{"0":"post-32809","1":"product","2":"type-product","3":"status-publish","4":"has-post-thumbnail","6":"product_cat-diamonds","7":"product_cat-jewels","8":"product_cat-lovely-lines-en","9":"product_cat-rings","10":"product_cat-rings-en","11":"product_cat-wedding","12":"product_cat-wedding-rings","13":"product_cat-wesselton-en","14":"product_cat-white-gold","15":"yith_product_brand-wesselton-en","17":"first","18":"instock","19":"shipping-taxable","20":"purchasable","21":"product-type-simple"},"acf":[],"yoast_head":"<!-- This site is optimized with the Yoast SEO plugin v27.4 - https:\/\/yoast.com\/product\/yoast-seo-wordpress\/ -->\n<title>WESSELTON diamond design ring in white gold<\/title>\n<meta name=\"description\" content=\"The WESSELTON diamond design ring in white gold embodies elegance, balance, and timeless brilliance.\" \/>\n<meta name=\"robots\" content=\"index, follow, max-snippet:-1, max-image-preview:large, max-video-preview:-1\" \/>\n<link rel=\"canonical\" href=\"https:\/\/www.wesselton.net\/en\/weselton-diamond-design-ring\/\" \/>\n<meta property=\"og:locale\" content=\"en_US\" \/>\n<meta property=\"og:type\" content=\"article\" \/>\n<meta property=\"og:title\" content=\"WESSELTON diamond design ring in white gold\" \/>\n<meta property=\"og:description\" content=\"The WESSELTON diamond design ring in white gold embodies elegance, balance, and timeless brilliance.\" \/>\n<meta property=\"og:url\" content=\"https:\/\/www.wesselton.net\/en\/weselton-diamond-design-ring\/\" \/>\n<meta property=\"og:site_name\" content=\"Wesselton | Jewelry and Diamonds\" \/>\n<meta property=\"article:publisher\" content=\"https:\/\/www.facebook.com\/wesselton.oficial\/\" \/>\n<meta property=\"article:modified_time\" content=\"2025-10-25T11:51:25+00:00\" \/>\n<meta property=\"og:image\" content=\"https:\/\/www.wesselton.net\/wp-content\/uploads\/ANELL01_04orblanc-scaled.jpg\" \/>\n\t<meta property=\"og:image:width\" content=\"2560\" \/>\n\t<meta property=\"og:image:height\" content=\"2560\" \/>\n\t<meta property=\"og:image:type\" content=\"image\/jpeg\" \/>\n<meta name=\"twitter:card\" content=\"summary_large_image\" \/>\n<meta name=\"twitter:label1\" content=\"Est. reading time\" \/>\n\t<meta name=\"twitter:data1\" content=\"1 minute\" \/>\n<script type=\"application\/ld+json\" class=\"yoast-schema-graph\">{\"@context\":\"https:\\\/\\\/schema.org\",\"@graph\":[{\"@type\":\"WebPage\",\"@id\":\"https:\\\/\\\/www.wesselton.net\\\/en\\\/weselton-diamond-design-ring\\\/\",\"url\":\"https:\\\/\\\/www.wesselton.net\\\/en\\\/weselton-diamond-design-ring\\\/\",\"name\":\"WESSELTON diamond design ring in white gold\",\"isPartOf\":{\"@id\":\"https:\\\/\\\/www.wesselton.net\\\/#website\"},\"primaryImageOfPage\":{\"@id\":\"https:\\\/\\\/www.wesselton.net\\\/en\\\/weselton-diamond-design-ring\\\/#primaryimage\"},\"image\":{\"@id\":\"https:\\\/\\\/www.wesselton.net\\\/en\\\/weselton-diamond-design-ring\\\/#primaryimage\"},\"thumbnailUrl\":\"https:\\\/\\\/www.wesselton.net\\\/wp-content\\\/uploads\\\/ANELL01_04orblanc-scaled.jpg\",\"datePublished\":\"2025-10-25T11:45:19+00:00\",\"dateModified\":\"2025-10-25T11:51:25+00:00\",\"description\":\"The WESSELTON diamond design ring in white gold embodies elegance, balance, and timeless brilliance.\",\"breadcrumb\":{\"@id\":\"https:\\\/\\\/www.wesselton.net\\\/en\\\/weselton-diamond-design-ring\\\/#breadcrumb\"},\"inLanguage\":\"en-US\",\"potentialAction\":[{\"@type\":\"ReadAction\",\"target\":[\"https:\\\/\\\/www.wesselton.net\\\/en\\\/weselton-diamond-design-ring\\\/\"]}]},{\"@type\":\"ImageObject\",\"inLanguage\":\"en-US\",\"@id\":\"https:\\\/\\\/www.wesselton.net\\\/en\\\/weselton-diamond-design-ring\\\/#primaryimage\",\"url\":\"https:\\\/\\\/www.wesselton.net\\\/wp-content\\\/uploads\\\/ANELL01_04orblanc-scaled.jpg\",\"contentUrl\":\"https:\\\/\\\/www.wesselton.net\\\/wp-content\\\/uploads\\\/ANELL01_04orblanc-scaled.jpg\",\"width\":2560,\"height\":2560,\"caption\":\"Anillo de dise\u00f1o con diamantes WESSELTON en oro blanco\"},{\"@type\":\"BreadcrumbList\",\"@id\":\"https:\\\/\\\/www.wesselton.net\\\/en\\\/weselton-diamond-design-ring\\\/#breadcrumb\",\"itemListElement\":[{\"@type\":\"ListItem\",\"position\":1,\"name\":\"Inici\",\"item\":\"https:\\\/\\\/www.wesselton.net\\\/en\\\/\"},{\"@type\":\"ListItem\",\"position\":2,\"name\":\"Shop\",\"item\":\"https:\\\/\\\/www.wesselton.net\\\/en\\\/shop\\\/\"},{\"@type\":\"ListItem\",\"position\":3,\"name\":\"Lovely Lines white gold ring with diamonds WESSELTON\"}]},{\"@type\":\"WebSite\",\"@id\":\"https:\\\/\\\/www.wesselton.net\\\/#website\",\"url\":\"https:\\\/\\\/www.wesselton.net\\\/\",\"name\":\"Wesselton | Jewelry and Diamonds\",\"description\":\"Diamants \u00fanics per moments \u00fanics. Peces d&#039;elaboraci\u00f3 pr\u00f2pia de m\u00e0xima qualitat, cuidades fins a l&#039;\u00faltim detall, i les millors marques de joieria.\",\"potentialAction\":[{\"@type\":\"SearchAction\",\"target\":{\"@type\":\"EntryPoint\",\"urlTemplate\":\"https:\\\/\\\/www.wesselton.net\\\/?s={search_term_string}\"},\"query-input\":{\"@type\":\"PropertyValueSpecification\",\"valueRequired\":true,\"valueName\":\"search_term_string\"}}],\"inLanguage\":\"en-US\"}]}<\/script>\n<!-- \/ Yoast SEO plugin. -->","yoast_head_json":{"title":"WESSELTON diamond design ring in white gold","description":"The WESSELTON diamond design ring in white gold embodies elegance, balance, and timeless brilliance.","robots":{"index":"index","follow":"follow","max-snippet":"max-snippet:-1","max-image-preview":"max-image-preview:large","max-video-preview":"max-video-preview:-1"},"canonical":"https:\/\/www.wesselton.net\/en\/weselton-diamond-design-ring\/","og_locale":"en_US","og_type":"article","og_title":"WESSELTON diamond design ring in white gold","og_description":"The WESSELTON diamond design ring in white gold embodies elegance, balance, and timeless brilliance.","og_url":"https:\/\/www.wesselton.net\/en\/weselton-diamond-design-ring\/","og_site_name":"Wesselton | Jewelry and Diamonds","article_publisher":"https:\/\/www.facebook.com\/wesselton.oficial\/","article_modified_time":"2025-10-25T11:51:25+00:00","og_image":[{"width":2560,"height":2560,"url":"https:\/\/www.wesselton.net\/wp-content\/uploads\/ANELL01_04orblanc-scaled.jpg","type":"image\/jpeg"}],"twitter_card":"summary_large_image","twitter_misc":{"Est. reading time":"1 minute"},"schema":{"@context":"https:\/\/schema.org","@graph":[{"@type":"WebPage","@id":"https:\/\/www.wesselton.net\/en\/weselton-diamond-design-ring\/","url":"https:\/\/www.wesselton.net\/en\/weselton-diamond-design-ring\/","name":"WESSELTON diamond design ring in white gold","isPartOf":{"@id":"https:\/\/www.wesselton.net\/#website"},"primaryImageOfPage":{"@id":"https:\/\/www.wesselton.net\/en\/weselton-diamond-design-ring\/#primaryimage"},"image":{"@id":"https:\/\/www.wesselton.net\/en\/weselton-diamond-design-ring\/#primaryimage"},"thumbnailUrl":"https:\/\/www.wesselton.net\/wp-content\/uploads\/ANELL01_04orblanc-scaled.jpg","datePublished":"2025-10-25T11:45:19+00:00","dateModified":"2025-10-25T11:51:25+00:00","description":"The WESSELTON diamond design ring in white gold embodies elegance, balance, and timeless brilliance.","breadcrumb":{"@id":"https:\/\/www.wesselton.net\/en\/weselton-diamond-design-ring\/#breadcrumb"},"inLanguage":"en-US","potentialAction":[{"@type":"ReadAction","target":["https:\/\/www.wesselton.net\/en\/weselton-diamond-design-ring\/"]}]},{"@type":"ImageObject","inLanguage":"en-US","@id":"https:\/\/www.wesselton.net\/en\/weselton-diamond-design-ring\/#primaryimage","url":"https:\/\/www.wesselton.net\/wp-content\/uploads\/ANELL01_04orblanc-scaled.jpg","contentUrl":"https:\/\/www.wesselton.net\/wp-content\/uploads\/ANELL01_04orblanc-scaled.jpg","width":2560,"height":2560,"caption":"Anillo de dise\u00f1o con diamantes WESSELTON en oro blanco"},{"@type":"BreadcrumbList","@id":"https:\/\/www.wesselton.net\/en\/weselton-diamond-design-ring\/#breadcrumb","itemListElement":[{"@type":"ListItem","position":1,"name":"Inici","item":"https:\/\/www.wesselton.net\/en\/"},{"@type":"ListItem","position":2,"name":"Shop","item":"https:\/\/www.wesselton.net\/en\/shop\/"},{"@type":"ListItem","position":3,"name":"Lovely Lines white gold ring with diamonds WESSELTON"}]},{"@type":"WebSite","@id":"https:\/\/www.wesselton.net\/#website","url":"https:\/\/www.wesselton.net\/","name":"Wesselton | Jewelry and Diamonds","description":"Diamants \u00fanics per moments \u00fanics. Peces d&#039;elaboraci\u00f3 pr\u00f2pia de m\u00e0xima qualitat, cuidades fins a l&#039;\u00faltim detall, i les millors marques de joieria.","potentialAction":[{"@type":"SearchAction","target":{"@type":"EntryPoint","urlTemplate":"https:\/\/www.wesselton.net\/?s={search_term_string}"},"query-input":{"@type":"PropertyValueSpecification","valueRequired":true,"valueName":"search_term_string"}}],"inLanguage":"en-US"}]}},"_links":{"self":[{"href":"https:\/\/www.wesselton.net\/en\/wp-json\/wp\/v2\/product\/32809","targetHints":{"allow":["GET"]}}],"collection":[{"href":"https:\/\/www.wesselton.net\/en\/wp-json\/wp\/v2\/product"}],"about":[{"href":"https:\/\/www.wesselton.net\/en\/wp-json\/wp\/v2\/types\/product"}],"replies":[{"embeddable":true,"href":"https:\/\/www.wesselton.net\/en\/wp-json\/wp\/v2\/comments?post=32809"}],"wp:featuredmedia":[{"embeddable":true,"href":"https:\/\/www.wesselton.net\/en\/wp-json\/wp\/v2\/media\/32805"}],"wp:attachment":[{"href":"https:\/\/www.wesselton.net\/en\/wp-json\/wp\/v2\/media?parent=32809"}],"wp:term":[{"taxonomy":"product_brand","embeddable":true,"href":"https:\/\/www.wesselton.net\/en\/wp-json\/wp\/v2\/product_brand?post=32809"},{"taxonomy":"product_cat","embeddable":true,"href":"https:\/\/www.wesselton.net\/en\/wp-json\/wp\/v2\/product_cat?post=32809"},{"taxonomy":"product_tag","embeddable":true,"href":"https:\/\/www.wesselton.net\/en\/wp-json\/wp\/v2\/product_tag?post=32809"}],"curies":[{"name":"wp","href":"https:\/\/api.w.org\/{rel}","templated":true}]}}