

{"id":33471,"date":"2026-01-19T11:55:24","date_gmt":"2026-01-19T09:55:24","guid":{"rendered":"https:\/\/www.wesselton.net\/tissot-srv-30mm-watch\/"},"modified":"2026-01-26T13:12:30","modified_gmt":"2026-01-26T11:12:30","slug":"tissot-srv-30mm-watch","status":"publish","type":"product","link":"https:\/\/www.wesselton.net\/en\/tissot-srv-30mm-watch\/","title":{"rendered":"Watch TISSOT SRV 30MM"},"content":{"rendered":"<p>The TISSOT SRV 30MM is a timepiece that engages with time through its design and precision. Its aesthetic is inspired by the Art Deco spirit, a movement that profoundly influenced the visual culture of the 1920s through geometric forms, defined lines, and a structured elegance that transcended disciplines. This watch naturally embraces that heritage, reinterpreting a historic 1975 design that, in turn, paid homage to Tissot&#8217;s earliest creations from the beginning of the 20th century.<br \/>\nThe SRV&#8217;s rectangular silhouette is no accident. Its name encapsulates the heart of the design: Sapphire Rectangle V, referring to its faceted sapphire crystal, scratch-resistant and meticulously crafted to lend depth and character to the piece. The &#8220;V&#8221; also adds a functional nod to its water resistance up to 5 bar, integrating technique and aesthetics into a single language.<br \/>\nInside, the Swiss quartz movement guarantees precise and reliable timekeeping. The movement&#8217;s end-of-life indicator adds a practical and proactive dimension, designed to keep pace with your daily life with confidence and security, without unexpected interruptions.<br \/>\nThe natural mother-of-pearl dial, unique to each watch, introduces an organic and subtly evolving hue. Its reflections and tones shift with the light, making each piece truly one-of-a-kind. This is complemented by a leather strap that evolves with wear, gradually adapting to the wrist and offering a comfortable, personalized fit over time. Furthermore, the quick-release interchangeable bracelet system allows for elegant and effortless versatility.<br \/>\nThe TISSOT SRV 30MM is a contemporary reinterpretation of the past, designed for those who appreciate design steeped in history, precision, and comfort. A carefully selected timepiece, available at WESSELTON.<\/p>\n","protected":false},"excerpt":{"rendered":"<p>The TISSOT SRV 30MM is a timeless piece that engages with the times through its design and precision. Its aesthetic is inspired by the Art Deco spirit, a movement that profoundly influenced the visual culture of the 1920s through geometric forms.<\/p>\n","protected":false},"featured_media":33349,"comment_status":"closed","ping_status":"closed","template":"","meta":[],"product_brand":[],"product_cat":[653],"product_tag":[],"class_list":{"0":"post-33471","1":"product","2":"type-product","3":"status-publish","4":"has-post-thumbnail","6":"product_cat-watches","7":"yith_product_brand-tissot","9":"first","10":"instock","11":"sold-individually","12":"shipping-taxable","13":"purchasable","14":"product-type-simple"},"acf":[],"yoast_head":"<!-- This site is optimized with the Yoast SEO plugin v27.3 - https:\/\/yoast.com\/product\/yoast-seo-wordpress\/ -->\n<title>Watch TISSOT SRV 30MM - Wesselton | Jewelry and Diamonds<\/title>\n<meta name=\"description\" content=\"The TISSOT SRV 30MM is a timeless piece that engages with the times through its design and precision. Its aesthetic is inspired by the Art Deco spirit.\" \/>\n<meta name=\"robots\" content=\"index, follow, max-snippet:-1, max-image-preview:large, max-video-preview:-1\" \/>\n<link rel=\"canonical\" href=\"https:\/\/www.wesselton.net\/en\/tissot-srv-30mm-watch\/\" \/>\n<meta property=\"og:locale\" content=\"en_US\" \/>\n<meta property=\"og:type\" content=\"article\" \/>\n<meta property=\"og:title\" content=\"Watch TISSOT SRV 30MM - Wesselton | Jewelry and Diamonds\" \/>\n<meta property=\"og:description\" content=\"The TISSOT SRV 30MM is a timeless piece that engages with the times through its design and precision. Its aesthetic is inspired by the Art Deco spirit.\" \/>\n<meta property=\"og:url\" content=\"https:\/\/www.wesselton.net\/en\/tissot-srv-30mm-watch\/\" \/>\n<meta property=\"og:site_name\" content=\"Wesselton | Jewelry and Diamonds\" \/>\n<meta property=\"article:publisher\" content=\"https:\/\/www.facebook.com\/wesselton.oficial\/\" \/>\n<meta property=\"article:modified_time\" content=\"2026-01-26T11:12:30+00:00\" \/>\n<meta property=\"og:image\" content=\"https:\/\/www.wesselton.net\/wp-content\/uploads\/44e4574f-8cad-4ad0-b447-daf16996ed69_T160-110-36-113-00_Shadow.webp\" \/>\n\t<meta property=\"og:image:width\" content=\"800\" \/>\n\t<meta property=\"og:image:height\" content=\"800\" \/>\n\t<meta property=\"og:image:type\" content=\"image\/webp\" \/>\n<meta name=\"twitter:card\" content=\"summary_large_image\" \/>\n<meta name=\"twitter:label1\" content=\"Est. reading time\" \/>\n\t<meta name=\"twitter:data1\" content=\"2 minutes\" \/>\n<script type=\"application\/ld+json\" class=\"yoast-schema-graph\">{\"@context\":\"https:\\\/\\\/schema.org\",\"@graph\":[{\"@type\":\"WebPage\",\"@id\":\"https:\\\/\\\/www.wesselton.net\\\/en\\\/tissot-srv-30mm-watch\\\/\",\"url\":\"https:\\\/\\\/www.wesselton.net\\\/en\\\/tissot-srv-30mm-watch\\\/\",\"name\":\"Watch TISSOT SRV 30MM - Wesselton | Jewelry and Diamonds\",\"isPartOf\":{\"@id\":\"https:\\\/\\\/www.wesselton.net\\\/#website\"},\"primaryImageOfPage\":{\"@id\":\"https:\\\/\\\/www.wesselton.net\\\/en\\\/tissot-srv-30mm-watch\\\/#primaryimage\"},\"image\":{\"@id\":\"https:\\\/\\\/www.wesselton.net\\\/en\\\/tissot-srv-30mm-watch\\\/#primaryimage\"},\"thumbnailUrl\":\"https:\\\/\\\/www.wesselton.net\\\/wp-content\\\/uploads\\\/44e4574f-8cad-4ad0-b447-daf16996ed69_T160-110-36-113-00_Shadow.webp\",\"datePublished\":\"2026-01-19T09:55:24+00:00\",\"dateModified\":\"2026-01-26T11:12:30+00:00\",\"description\":\"The TISSOT SRV 30MM is a timeless piece that engages with the times through its design and precision. Its aesthetic is inspired by the Art Deco spirit.\",\"breadcrumb\":{\"@id\":\"https:\\\/\\\/www.wesselton.net\\\/en\\\/tissot-srv-30mm-watch\\\/#breadcrumb\"},\"inLanguage\":\"en-US\",\"potentialAction\":[{\"@type\":\"ReadAction\",\"target\":[\"https:\\\/\\\/www.wesselton.net\\\/en\\\/tissot-srv-30mm-watch\\\/\"]}]},{\"@type\":\"ImageObject\",\"inLanguage\":\"en-US\",\"@id\":\"https:\\\/\\\/www.wesselton.net\\\/en\\\/tissot-srv-30mm-watch\\\/#primaryimage\",\"url\":\"https:\\\/\\\/www.wesselton.net\\\/wp-content\\\/uploads\\\/44e4574f-8cad-4ad0-b447-daf16996ed69_T160-110-36-113-00_Shadow.webp\",\"contentUrl\":\"https:\\\/\\\/www.wesselton.net\\\/wp-content\\\/uploads\\\/44e4574f-8cad-4ad0-b447-daf16996ed69_T160-110-36-113-00_Shadow.webp\",\"width\":800,\"height\":800},{\"@type\":\"BreadcrumbList\",\"@id\":\"https:\\\/\\\/www.wesselton.net\\\/en\\\/tissot-srv-30mm-watch\\\/#breadcrumb\",\"itemListElement\":[{\"@type\":\"ListItem\",\"position\":1,\"name\":\"Inici\",\"item\":\"https:\\\/\\\/www.wesselton.net\\\/en\\\/\"},{\"@type\":\"ListItem\",\"position\":2,\"name\":\"Shop\",\"item\":\"https:\\\/\\\/www.wesselton.net\\\/en\\\/shop\\\/\"},{\"@type\":\"ListItem\",\"position\":3,\"name\":\"Watch TISSOT SRV 30MM\"}]},{\"@type\":\"WebSite\",\"@id\":\"https:\\\/\\\/www.wesselton.net\\\/#website\",\"url\":\"https:\\\/\\\/www.wesselton.net\\\/\",\"name\":\"Wesselton | Jewelry and Diamonds\",\"description\":\"Diamants \u00fanics per moments \u00fanics. Peces d&#039;elaboraci\u00f3 pr\u00f2pia de m\u00e0xima qualitat, cuidades fins a l&#039;\u00faltim detall, i les millors marques de joieria.\",\"potentialAction\":[{\"@type\":\"SearchAction\",\"target\":{\"@type\":\"EntryPoint\",\"urlTemplate\":\"https:\\\/\\\/www.wesselton.net\\\/?s={search_term_string}\"},\"query-input\":{\"@type\":\"PropertyValueSpecification\",\"valueRequired\":true,\"valueName\":\"search_term_string\"}}],\"inLanguage\":\"en-US\"}]}<\/script>\n<!-- \/ Yoast SEO plugin. -->","yoast_head_json":{"title":"Watch TISSOT SRV 30MM - Wesselton | Jewelry and Diamonds","description":"The TISSOT SRV 30MM is a timeless piece that engages with the times through its design and precision. Its aesthetic is inspired by the Art Deco spirit.","robots":{"index":"index","follow":"follow","max-snippet":"max-snippet:-1","max-image-preview":"max-image-preview:large","max-video-preview":"max-video-preview:-1"},"canonical":"https:\/\/www.wesselton.net\/en\/tissot-srv-30mm-watch\/","og_locale":"en_US","og_type":"article","og_title":"Watch TISSOT SRV 30MM - Wesselton | Jewelry and Diamonds","og_description":"The TISSOT SRV 30MM is a timeless piece that engages with the times through its design and precision. Its aesthetic is inspired by the Art Deco spirit.","og_url":"https:\/\/www.wesselton.net\/en\/tissot-srv-30mm-watch\/","og_site_name":"Wesselton | Jewelry and Diamonds","article_publisher":"https:\/\/www.facebook.com\/wesselton.oficial\/","article_modified_time":"2026-01-26T11:12:30+00:00","og_image":[{"width":800,"height":800,"url":"https:\/\/www.wesselton.net\/wp-content\/uploads\/44e4574f-8cad-4ad0-b447-daf16996ed69_T160-110-36-113-00_Shadow.webp","type":"image\/webp"}],"twitter_card":"summary_large_image","twitter_misc":{"Est. reading time":"2 minutes"},"schema":{"@context":"https:\/\/schema.org","@graph":[{"@type":"WebPage","@id":"https:\/\/www.wesselton.net\/en\/tissot-srv-30mm-watch\/","url":"https:\/\/www.wesselton.net\/en\/tissot-srv-30mm-watch\/","name":"Watch TISSOT SRV 30MM - Wesselton | Jewelry and Diamonds","isPartOf":{"@id":"https:\/\/www.wesselton.net\/#website"},"primaryImageOfPage":{"@id":"https:\/\/www.wesselton.net\/en\/tissot-srv-30mm-watch\/#primaryimage"},"image":{"@id":"https:\/\/www.wesselton.net\/en\/tissot-srv-30mm-watch\/#primaryimage"},"thumbnailUrl":"https:\/\/www.wesselton.net\/wp-content\/uploads\/44e4574f-8cad-4ad0-b447-daf16996ed69_T160-110-36-113-00_Shadow.webp","datePublished":"2026-01-19T09:55:24+00:00","dateModified":"2026-01-26T11:12:30+00:00","description":"The TISSOT SRV 30MM is a timeless piece that engages with the times through its design and precision. Its aesthetic is inspired by the Art Deco spirit.","breadcrumb":{"@id":"https:\/\/www.wesselton.net\/en\/tissot-srv-30mm-watch\/#breadcrumb"},"inLanguage":"en-US","potentialAction":[{"@type":"ReadAction","target":["https:\/\/www.wesselton.net\/en\/tissot-srv-30mm-watch\/"]}]},{"@type":"ImageObject","inLanguage":"en-US","@id":"https:\/\/www.wesselton.net\/en\/tissot-srv-30mm-watch\/#primaryimage","url":"https:\/\/www.wesselton.net\/wp-content\/uploads\/44e4574f-8cad-4ad0-b447-daf16996ed69_T160-110-36-113-00_Shadow.webp","contentUrl":"https:\/\/www.wesselton.net\/wp-content\/uploads\/44e4574f-8cad-4ad0-b447-daf16996ed69_T160-110-36-113-00_Shadow.webp","width":800,"height":800},{"@type":"BreadcrumbList","@id":"https:\/\/www.wesselton.net\/en\/tissot-srv-30mm-watch\/#breadcrumb","itemListElement":[{"@type":"ListItem","position":1,"name":"Inici","item":"https:\/\/www.wesselton.net\/en\/"},{"@type":"ListItem","position":2,"name":"Shop","item":"https:\/\/www.wesselton.net\/en\/shop\/"},{"@type":"ListItem","position":3,"name":"Watch TISSOT SRV 30MM"}]},{"@type":"WebSite","@id":"https:\/\/www.wesselton.net\/#website","url":"https:\/\/www.wesselton.net\/","name":"Wesselton | Jewelry and Diamonds","description":"Diamants \u00fanics per moments \u00fanics. Peces d&#039;elaboraci\u00f3 pr\u00f2pia de m\u00e0xima qualitat, cuidades fins a l&#039;\u00faltim detall, i les millors marques de joieria.","potentialAction":[{"@type":"SearchAction","target":{"@type":"EntryPoint","urlTemplate":"https:\/\/www.wesselton.net\/?s={search_term_string}"},"query-input":{"@type":"PropertyValueSpecification","valueRequired":true,"valueName":"search_term_string"}}],"inLanguage":"en-US"}]}},"_links":{"self":[{"href":"https:\/\/www.wesselton.net\/en\/wp-json\/wp\/v2\/product\/33471","targetHints":{"allow":["GET"]}}],"collection":[{"href":"https:\/\/www.wesselton.net\/en\/wp-json\/wp\/v2\/product"}],"about":[{"href":"https:\/\/www.wesselton.net\/en\/wp-json\/wp\/v2\/types\/product"}],"replies":[{"embeddable":true,"href":"https:\/\/www.wesselton.net\/en\/wp-json\/wp\/v2\/comments?post=33471"}],"wp:featuredmedia":[{"embeddable":true,"href":"https:\/\/www.wesselton.net\/en\/wp-json\/wp\/v2\/media\/33349"}],"wp:attachment":[{"href":"https:\/\/www.wesselton.net\/en\/wp-json\/wp\/v2\/media?parent=33471"}],"wp:term":[{"taxonomy":"product_brand","embeddable":true,"href":"https:\/\/www.wesselton.net\/en\/wp-json\/wp\/v2\/product_brand?post=33471"},{"taxonomy":"product_cat","embeddable":true,"href":"https:\/\/www.wesselton.net\/en\/wp-json\/wp\/v2\/product_cat?post=33471"},{"taxonomy":"product_tag","embeddable":true,"href":"https:\/\/www.wesselton.net\/en\/wp-json\/wp\/v2\/product_tag?post=33471"}],"curies":[{"name":"wp","href":"https:\/\/api.w.org\/{rel}","templated":true}]}}