

{"id":33581,"date":"2026-03-09T13:37:56","date_gmt":"2026-03-09T11:37:56","guid":{"rendered":"https:\/\/www.wesselton.net\/baume-mercier-clifton-10773-baumatic-automatic-39mm-watch\/"},"modified":"2026-03-09T13:48:14","modified_gmt":"2026-03-09T11:48:14","slug":"baume-mercier-clifton-10773-baumatic-automatic-39mm-watch","status":"publish","type":"product","link":"https:\/\/www.wesselton.net\/en\/baume-mercier-clifton-10773-baumatic-automatic-39mm-watch\/","title":{"rendered":"Baume &#038; Mercier Clifton 10773 Baumatic Automatic 39mm Watch"},"content":{"rendered":"<p>The Clifton Baume &amp; Mercier 10773 watch is a jewel of haute horlogerie that blends tradition with contemporary elegance. Featuring a 39mm round case in polished and satin-finished steel, this timepiece offers a delicate combination of classic design and modern details. The stainless steel crown and transparent sapphire crystal case back add a touch of distinction, while the grained off-white dial with its trapezoidal gold hour markers and alpha hands exudes sophistication.<\/p>\n<p>The automatic movement of the Clifton Baume &amp; Mercier Baumatic (BM13-1975A) with a 5-day power reserve and 5 ATM water resistance ensures exceptional precision and reliability, while the brown alligator leather strap with a quick-release system adds versatility and a customizable touch to this watch.<\/p>\n<p>The Clifton 10773 is the perfect watch for the modern man, an aesthete passionate about beauty and craftsmanship, who seeks a piece that combines refinement and comfort, with a timeless design that transcends trends.<\/p>\n","protected":false},"excerpt":{"rendered":"<p>The Clifton Baume &amp; Mercier 10773 watch is a jewel of haute horlogerie that blends tradition with contemporary elegance. Featuring a 39mm round case in polished and satin-finished steel, this timepiece offers a delicate combination of classic design and modern details. The stainless steel crown and transparent sapphire crystal case back add a touch of distinction, while the grained off-white dial with its trapezoidal gold hour markers and alpha hands exudes sophistication.<\/p>\n","protected":false},"featured_media":33573,"comment_status":"closed","ping_status":"closed","template":"","meta":[],"product_brand":[],"product_cat":[2147,653],"product_tag":[],"class_list":{"0":"post-33581","1":"product","2":"type-product","3":"status-publish","4":"has-post-thumbnail","6":"product_cat-automatic","7":"product_cat-watches","8":"yith_product_brand-baumemercier-en","10":"first","11":"instock","12":"shipping-taxable","13":"purchasable","14":"product-type-simple"},"acf":[],"yoast_head":"<!-- This site is optimized with the Yoast SEO plugin v27.3 - https:\/\/yoast.com\/product\/yoast-seo-wordpress\/ -->\n<title>Clifton Baume &amp; Mercier watch - Wesselton | Jewelry and Diamonds<\/title>\n<meta name=\"description\" content=\"The Clifton Baume &amp; Mercier Clifton 10773 watch is a jewel of haute horlogerie that combines tradition and contemporary elegance.\" \/>\n<meta name=\"robots\" content=\"index, follow, max-snippet:-1, max-image-preview:large, max-video-preview:-1\" \/>\n<link rel=\"canonical\" href=\"https:\/\/www.wesselton.net\/en\/baume-mercier-clifton-10773-baumatic-automatic-39mm-watch\/\" \/>\n<meta property=\"og:locale\" content=\"en_US\" \/>\n<meta property=\"og:type\" content=\"article\" \/>\n<meta property=\"og:title\" content=\"Clifton Baume &amp; Mercier watch - Wesselton | Jewelry and Diamonds\" \/>\n<meta property=\"og:description\" content=\"The Clifton Baume &amp; Mercier Clifton 10773 watch is a jewel of haute horlogerie that combines tradition and contemporary elegance.\" \/>\n<meta property=\"og:url\" content=\"https:\/\/www.wesselton.net\/en\/baume-mercier-clifton-10773-baumatic-automatic-39mm-watch\/\" \/>\n<meta property=\"og:site_name\" content=\"Wesselton | Jewelry and Diamonds\" \/>\n<meta property=\"article:publisher\" content=\"https:\/\/www.facebook.com\/wesselton.oficial\/\" \/>\n<meta property=\"article:modified_time\" content=\"2026-03-09T11:48:14+00:00\" \/>\n<meta name=\"twitter:card\" content=\"summary_large_image\" \/>\n<meta name=\"twitter:label1\" content=\"Est. reading time\" \/>\n\t<meta name=\"twitter:data1\" content=\"1 minute\" \/>\n<script type=\"application\/ld+json\" class=\"yoast-schema-graph\">{\"@context\":\"https:\\\/\\\/schema.org\",\"@graph\":[{\"@type\":\"WebPage\",\"@id\":\"https:\\\/\\\/www.wesselton.net\\\/en\\\/baume-mercier-clifton-10773-baumatic-automatic-39mm-watch\\\/\",\"url\":\"https:\\\/\\\/www.wesselton.net\\\/en\\\/baume-mercier-clifton-10773-baumatic-automatic-39mm-watch\\\/\",\"name\":\"Clifton Baume & Mercier watch - Wesselton | Jewelry and Diamonds\",\"isPartOf\":{\"@id\":\"https:\\\/\\\/www.wesselton.net\\\/#website\"},\"primaryImageOfPage\":{\"@id\":\"https:\\\/\\\/www.wesselton.net\\\/en\\\/baume-mercier-clifton-10773-baumatic-automatic-39mm-watch\\\/#primaryimage\"},\"image\":{\"@id\":\"https:\\\/\\\/www.wesselton.net\\\/en\\\/baume-mercier-clifton-10773-baumatic-automatic-39mm-watch\\\/#primaryimage\"},\"thumbnailUrl\":\"https:\\\/\\\/www.wesselton.net\\\/wp-content\\\/uploads\\\/e4gvfXnoQdyeZCTpjWGrbg.png.transform.bemproddetailshd.avif\",\"datePublished\":\"2026-03-09T11:37:56+00:00\",\"dateModified\":\"2026-03-09T11:48:14+00:00\",\"description\":\"The Clifton Baume & Mercier Clifton 10773 watch is a jewel of haute horlogerie that combines tradition and contemporary elegance.\",\"breadcrumb\":{\"@id\":\"https:\\\/\\\/www.wesselton.net\\\/en\\\/baume-mercier-clifton-10773-baumatic-automatic-39mm-watch\\\/#breadcrumb\"},\"inLanguage\":\"en-US\",\"potentialAction\":[{\"@type\":\"ReadAction\",\"target\":[\"https:\\\/\\\/www.wesselton.net\\\/en\\\/baume-mercier-clifton-10773-baumatic-automatic-39mm-watch\\\/\"]}]},{\"@type\":\"ImageObject\",\"inLanguage\":\"en-US\",\"@id\":\"https:\\\/\\\/www.wesselton.net\\\/en\\\/baume-mercier-clifton-10773-baumatic-automatic-39mm-watch\\\/#primaryimage\",\"url\":\"https:\\\/\\\/www.wesselton.net\\\/wp-content\\\/uploads\\\/e4gvfXnoQdyeZCTpjWGrbg.png.transform.bemproddetailshd.avif\",\"contentUrl\":\"https:\\\/\\\/www.wesselton.net\\\/wp-content\\\/uploads\\\/e4gvfXnoQdyeZCTpjWGrbg.png.transform.bemproddetailshd.avif\",\"width\":533,\"height\":733},{\"@type\":\"BreadcrumbList\",\"@id\":\"https:\\\/\\\/www.wesselton.net\\\/en\\\/baume-mercier-clifton-10773-baumatic-automatic-39mm-watch\\\/#breadcrumb\",\"itemListElement\":[{\"@type\":\"ListItem\",\"position\":1,\"name\":\"Inici\",\"item\":\"https:\\\/\\\/www.wesselton.net\\\/en\\\/\"},{\"@type\":\"ListItem\",\"position\":2,\"name\":\"Shop\",\"item\":\"https:\\\/\\\/www.wesselton.net\\\/en\\\/shop\\\/\"},{\"@type\":\"ListItem\",\"position\":3,\"name\":\"Baume &#038; Mercier Clifton 10773 Baumatic Automatic 39mm Watch\"}]},{\"@type\":\"WebSite\",\"@id\":\"https:\\\/\\\/www.wesselton.net\\\/#website\",\"url\":\"https:\\\/\\\/www.wesselton.net\\\/\",\"name\":\"Wesselton | Jewelry and Diamonds\",\"description\":\"Diamants \u00fanics per moments \u00fanics. Peces d&#039;elaboraci\u00f3 pr\u00f2pia de m\u00e0xima qualitat, cuidades fins a l&#039;\u00faltim detall, i les millors marques de joieria.\",\"potentialAction\":[{\"@type\":\"SearchAction\",\"target\":{\"@type\":\"EntryPoint\",\"urlTemplate\":\"https:\\\/\\\/www.wesselton.net\\\/?s={search_term_string}\"},\"query-input\":{\"@type\":\"PropertyValueSpecification\",\"valueRequired\":true,\"valueName\":\"search_term_string\"}}],\"inLanguage\":\"en-US\"}]}<\/script>\n<!-- \/ Yoast SEO plugin. -->","yoast_head_json":{"title":"Clifton Baume & Mercier watch - Wesselton | Jewelry and Diamonds","description":"The Clifton Baume & Mercier Clifton 10773 watch is a jewel of haute horlogerie that combines tradition and contemporary elegance.","robots":{"index":"index","follow":"follow","max-snippet":"max-snippet:-1","max-image-preview":"max-image-preview:large","max-video-preview":"max-video-preview:-1"},"canonical":"https:\/\/www.wesselton.net\/en\/baume-mercier-clifton-10773-baumatic-automatic-39mm-watch\/","og_locale":"en_US","og_type":"article","og_title":"Clifton Baume & Mercier watch - Wesselton | Jewelry and Diamonds","og_description":"The Clifton Baume & Mercier Clifton 10773 watch is a jewel of haute horlogerie that combines tradition and contemporary elegance.","og_url":"https:\/\/www.wesselton.net\/en\/baume-mercier-clifton-10773-baumatic-automatic-39mm-watch\/","og_site_name":"Wesselton | Jewelry and Diamonds","article_publisher":"https:\/\/www.facebook.com\/wesselton.oficial\/","article_modified_time":"2026-03-09T11:48:14+00:00","twitter_card":"summary_large_image","twitter_misc":{"Est. reading time":"1 minute"},"schema":{"@context":"https:\/\/schema.org","@graph":[{"@type":"WebPage","@id":"https:\/\/www.wesselton.net\/en\/baume-mercier-clifton-10773-baumatic-automatic-39mm-watch\/","url":"https:\/\/www.wesselton.net\/en\/baume-mercier-clifton-10773-baumatic-automatic-39mm-watch\/","name":"Clifton Baume & Mercier watch - Wesselton | Jewelry and Diamonds","isPartOf":{"@id":"https:\/\/www.wesselton.net\/#website"},"primaryImageOfPage":{"@id":"https:\/\/www.wesselton.net\/en\/baume-mercier-clifton-10773-baumatic-automatic-39mm-watch\/#primaryimage"},"image":{"@id":"https:\/\/www.wesselton.net\/en\/baume-mercier-clifton-10773-baumatic-automatic-39mm-watch\/#primaryimage"},"thumbnailUrl":"https:\/\/www.wesselton.net\/wp-content\/uploads\/e4gvfXnoQdyeZCTpjWGrbg.png.transform.bemproddetailshd.avif","datePublished":"2026-03-09T11:37:56+00:00","dateModified":"2026-03-09T11:48:14+00:00","description":"The Clifton Baume & Mercier Clifton 10773 watch is a jewel of haute horlogerie that combines tradition and contemporary elegance.","breadcrumb":{"@id":"https:\/\/www.wesselton.net\/en\/baume-mercier-clifton-10773-baumatic-automatic-39mm-watch\/#breadcrumb"},"inLanguage":"en-US","potentialAction":[{"@type":"ReadAction","target":["https:\/\/www.wesselton.net\/en\/baume-mercier-clifton-10773-baumatic-automatic-39mm-watch\/"]}]},{"@type":"ImageObject","inLanguage":"en-US","@id":"https:\/\/www.wesselton.net\/en\/baume-mercier-clifton-10773-baumatic-automatic-39mm-watch\/#primaryimage","url":"https:\/\/www.wesselton.net\/wp-content\/uploads\/e4gvfXnoQdyeZCTpjWGrbg.png.transform.bemproddetailshd.avif","contentUrl":"https:\/\/www.wesselton.net\/wp-content\/uploads\/e4gvfXnoQdyeZCTpjWGrbg.png.transform.bemproddetailshd.avif","width":533,"height":733},{"@type":"BreadcrumbList","@id":"https:\/\/www.wesselton.net\/en\/baume-mercier-clifton-10773-baumatic-automatic-39mm-watch\/#breadcrumb","itemListElement":[{"@type":"ListItem","position":1,"name":"Inici","item":"https:\/\/www.wesselton.net\/en\/"},{"@type":"ListItem","position":2,"name":"Shop","item":"https:\/\/www.wesselton.net\/en\/shop\/"},{"@type":"ListItem","position":3,"name":"Baume &#038; Mercier Clifton 10773 Baumatic Automatic 39mm Watch"}]},{"@type":"WebSite","@id":"https:\/\/www.wesselton.net\/#website","url":"https:\/\/www.wesselton.net\/","name":"Wesselton | Jewelry and Diamonds","description":"Diamants \u00fanics per moments \u00fanics. Peces d&#039;elaboraci\u00f3 pr\u00f2pia de m\u00e0xima qualitat, cuidades fins a l&#039;\u00faltim detall, i les millors marques de joieria.","potentialAction":[{"@type":"SearchAction","target":{"@type":"EntryPoint","urlTemplate":"https:\/\/www.wesselton.net\/?s={search_term_string}"},"query-input":{"@type":"PropertyValueSpecification","valueRequired":true,"valueName":"search_term_string"}}],"inLanguage":"en-US"}]}},"_links":{"self":[{"href":"https:\/\/www.wesselton.net\/en\/wp-json\/wp\/v2\/product\/33581","targetHints":{"allow":["GET"]}}],"collection":[{"href":"https:\/\/www.wesselton.net\/en\/wp-json\/wp\/v2\/product"}],"about":[{"href":"https:\/\/www.wesselton.net\/en\/wp-json\/wp\/v2\/types\/product"}],"replies":[{"embeddable":true,"href":"https:\/\/www.wesselton.net\/en\/wp-json\/wp\/v2\/comments?post=33581"}],"wp:featuredmedia":[{"embeddable":true,"href":"https:\/\/www.wesselton.net\/en\/wp-json\/wp\/v2\/media\/33573"}],"wp:attachment":[{"href":"https:\/\/www.wesselton.net\/en\/wp-json\/wp\/v2\/media?parent=33581"}],"wp:term":[{"taxonomy":"product_brand","embeddable":true,"href":"https:\/\/www.wesselton.net\/en\/wp-json\/wp\/v2\/product_brand?post=33581"},{"taxonomy":"product_cat","embeddable":true,"href":"https:\/\/www.wesselton.net\/en\/wp-json\/wp\/v2\/product_cat?post=33581"},{"taxonomy":"product_tag","embeddable":true,"href":"https:\/\/www.wesselton.net\/en\/wp-json\/wp\/v2\/product_tag?post=33581"}],"curies":[{"name":"wp","href":"https:\/\/api.w.org\/{rel}","templated":true}]}}