

{"id":13289,"date":"2020-05-05T17:28:19","date_gmt":"2020-05-05T15:28:19","guid":{"rendered":"https:\/\/www.wesselton.net\/marques\/"},"modified":"2025-10-06T15:58:36","modified_gmt":"2025-10-06T13:58:36","slug":"marques-wess","status":"publish","type":"page","link":"https:\/\/www.wesselton.net\/fr\/marques-wess\/","title":{"rendered":"Marques"},"content":{"rendered":"<p>[vc_row full_width=\u00a0\u00bbstretch_row\u00a0\u00bb][vc_column width=\u00a0\u00bb1\/4&Prime;][vc_raw_html]JTVCc2hvdy1sb2dvcyUyMG9yZGVyYnklM0QlMjdub25lJTI3JTIwY2F0ZWdvcnklM0QlMjd3ZXNzZWx0b24lMjclMjBhY3RpdmV1cmwlM0QlMjdzYW1lJTI3JTIwc3R5bGUlM0QlMjdoZ3JheXNjYWxlJTI3JTIwaW50ZXJmYWNlJTNEJTI3Z3JpZDElMjclMjB0b29sdGlwJTNEJTI3ZmFsc2UlMjclMjBkZXNjcmlwdGlvbiUzRCUyN2ZhbHNlJTI3JTIwbGltaXQlM0QlMjcxJTI3JTIwcGFkZGluZyUzRCUyNzEwJTI3JTIwZmlsdGVyJTNEJTI3ZmFsc2UlMjclMjBpbWclM0QlMjc0MDAlMkM0MDAlMjclMjAlNUQ=[\/vc_raw_html][\/vc_column][vc_column width=\u00a0\u00bb1\/4&Prime;][vc_raw_html]JTVCc2hvdy1sb2dvcyUyMG9yZGVyYnklM0QlMjdub25lJTI3JTIwY2F0ZWdvcnklM0QlMjd0YWdoZXVlciUyNyUyMGFjdGl2ZXVybCUzRCUyN3NhbWUlMjclMjBzdHlsZSUzRCUyN2hncmF5c2NhbGUlMjclMjBpbnRlcmZhY2UlM0QlMjdncmlkMSUyNyUyMHRvb2x0aXAlM0QlMjdmYWxzZSUyNyUyMGRlc2NyaXB0aW9uJTNEJTI3ZmFsc2UlMjclMjBsaW1pdCUzRCUyNzElMjclMjBwYWRkaW5nJTNEJTI3MCUyNyUyMGZpbHRlciUzRCUyN2ZhbHNlJTI3JTIwJTIwaW1nJTNEJTI3NDAwJTJDNDAwJTI3JTVE[\/vc_raw_html][\/vc_column][vc_column width=\u00a0\u00bb1\/4&Prime;][vc_raw_html]JTVCc2hvdy1sb2dvcyUyMG9yZGVyYnklM0QlMjdub25lJTI3JTIwY2F0ZWdvcnklM0QlMjdjaG9wYXJkJTI3JTIwYWN0aXZldXJsJTNEJTI3c2FtZSUyNyUyMHN0eWxlJTNEJTI3aGdyYXlzY2FsZSUyNyUyMGludGVyZmFjZSUzRCUyN2dyaWQxJTI3JTIwdG9vbHRpcCUzRCUyN2ZhbHNlJTI3JTIwZGVzY3JpcHRpb24lM0QlMjdmYWxzZSUyNyUyMGxpbWl0JTNEJTI3MSUyNyUyMHBhZGRpbmclM0QlMjcwJTI3JTIwZmlsdGVyJTNEJTI3ZmFsc2UlMjclMjAlMjBpbWclM0QlMjc0MDAlMkM0MDAlMjclNUQ=[\/vc_raw_html][\/vc_column][vc_column width=\u00a0\u00bb1\/4&Prime;][vc_raw_html]JTVCc2hvdy1sb2dvcyUyMG9yZGVyYnklM0QlMjdub25lJTI3JTIwY2F0ZWdvcnklM0QlMjdtZXNzaWthJTI3JTIwYWN0aXZldXJsJTNEJTI3c2FtZSUyNyUyMHN0eWxlJTNEJTI3aGdyYXlzY2FsZSUyNyUyMGludGVyZmFjZSUzRCUyN2dyaWQxJTI3JTIwdG9vbHRpcCUzRCUyN2ZhbHNlJTI3JTIwZGVzY3JpcHRpb24lM0QlMjdmYWxzZSUyNyUyMGxpbWl0JTNEJTI3MSUyNyUyMHBhZGRpbmclM0QlMjcwJTI3JTIwZmlsdGVyJTNEJTI3ZmFsc2UlMjclMjAlMjBpbWclM0QlMjc0MDAlMkM0MDAlMjclNUQ=[\/vc_raw_html][\/vc_column][\/vc_row][vc_row full_width=\u00a0\u00bbstretch_row\u00a0\u00bb][vc_column width=\u00a0\u00bb1\/4&Prime;][vc_raw_html]JTVCc2hvdy1sb2dvcyUyMG9yZGVyYnklM0QlMjdub25lJTI3JTIwY2F0ZWdvcnklM0QlMjdkaW5oLXZhbiUyNyUyMGFjdGl2ZXVybCUzRCUyN25ldyUyNyUyMHN0eWxlJTNEJTI3aGdyYXlzY2FsZSUyNyUyMGludGVyZmFjZSUzRCUyN2dyaWQxJTI3JTIwdG9vbHRpcCUzRCUyN2ZhbHNlJTI3JTIwZGVzY3JpcHRpb24lM0QlMjdmYWxzZSUyNyUyMGxpbWl0JTNEJTI3MSUyNyUyMHBhZGRpbmclM0QlMjcwJTI3JTIwZmlsdGVyJTNEJTI3ZmFsc2UlMjclMjAlMjBpbWclM0QlMjc0MDAlMkM0MDAlMjclNUQ=[\/vc_raw_html][\/vc_column][vc_column width=\u00a0\u00bb1\/4&Prime;][vc_raw_html]JTVCc2hvdy1sb2dvcyUyMG9yZGVyYnklM0QlMjdub25lJTI3JTIwY2F0ZWdvcnklM0QlMjdoYW1pbHRvbiUyNyUyMGFjdGl2ZXVybCUzRCUyN3NhbWUlMjclMjBzdHlsZSUzRCUyN2hncmF5c2NhbGUlMjclMjBpbnRlcmZhY2UlM0QlMjdncmlkMSUyNyUyMHRvb2x0aXAlM0QlMjdmYWxzZSUyNyUyMGRlc2NyaXB0aW9uJTNEJTI3ZmFsc2UlMjclMjBsaW1pdCUzRCUyNzElMjclMjBwYWRkaW5nJTNEJTI3MCUyNyUyMGZpbHRlciUzRCUyN2ZhbHNlJTI3JTIwJTIwaW1nJTNEJTI3NDAwJTJDNDAwJTI3JTVE[\/vc_raw_html][\/vc_column][vc_column width=\u00a0\u00bb1\/4&Prime;][vc_raw_html]JTVCc2hvdy1sb2dvcyUyMG9yZGVyYnklM0QlMjdub25lJTI3JTIwY2F0ZWdvcnklM0QlMjdiYXVtZW1lcmNpZXIlMjclMjBhY3RpdmV1cmwlM0QlMjduZXclMjclMjBzdHlsZSUzRCUyN2hncmF5c2NhbGUlMjclMjBpbnRlcmZhY2UlM0QlMjdncmlkMSUyNyUyMHRvb2x0aXAlM0QlMjdmYWxzZSUyNyUyMGRlc2NyaXB0aW9uJTNEJTI3ZmFsc2UlMjclMjBsaW1pdCUzRCUyNzElMjclMjBwYWRkaW5nJTNEJTI3MCUyNyUyMGZpbHRlciUzRCUyN2ZhbHNlJTI3JTIwJTIwaW1nJTNEJTI3NDAwJTJDNDAwJTI3JTVE[\/vc_raw_html][\/vc_column][vc_column width=\u00a0\u00bb1\/4&Prime;][vc_raw_html]JTVCc2hvdy1sb2dvcyUyMG9yZGVyYnklM0QlMjdub25lJTI3JTIwY2F0ZWdvcnklM0QlMjd0aXNzb3QlMjclMjBhY3RpdmV1cmwlM0QlMjdzYW1lJTI3JTIwc3R5bGUlM0QlMjdoZ3JheXNjYWxlJTI3JTIwaW50ZXJmYWNlJTNEJTI3Z3JpZDElMjclMjB0b29sdGlwJTNEJTI3ZmFsc2UlMjclMjBkZXNjcmlwdGlvbiUzRCUyN2ZhbHNlJTI3JTIwbGltaXQlM0QlMjcxJTI3JTIwcGFkZGluZyUzRCUyNzAlMjclMjBmaWx0ZXIlM0QlMjdmYWxzZSUyNyUyMCUyMGltZyUzRCUyNzQwMCUyQzQwMCUyNyU1RA==[\/vc_raw_html][\/vc_column][\/vc_row][vc_row full_width=\u00a0\u00bbstretch_row\u00a0\u00bb][vc_column width=\u00a0\u00bb1\/4&Prime;][vc_raw_html]JTVCc2hvdy1sb2dvcyUyMG9yZGVyYnklM0QlMjdub25lJTI3JTIwY2F0ZWdvcnklM0QlMjdnYXJtaW4lMjclMjBhY3RpdmV1cmwlM0QlMjdzYW1lJTI3JTIwc3R5bGUlM0QlMjdoZ3JheXNjYWxlJTI3JTIwaW50ZXJmYWNlJTNEJTI3Z3JpZDElMjclMjB0b29sdGlwJTNEJTI3ZmFsc2UlMjclMjBkZXNjcmlwdGlvbiUzRCUyN2ZhbHNlJTI3JTIwbGltaXQlM0QlMjcxJTI3JTIwcGFkZGluZyUzRCUyNzAlMjclMjBmaWx0ZXIlM0QlMjdmYWxzZSUyNyUyMCUyMGltZyUzRCUyNzQwMCUyQzQwMCUyNyU1RA==[\/vc_raw_html][\/vc_column][vc_column width=\u00a0\u00bb1\/4&Prime;][vc_raw_html]JTVCc2hvdy1sb2dvcyUyMG9yZGVyYnklM0QlMjdub25lJTI3JTIwY2F0ZWdvcnklM0QlMjdnc2hvY2slMjclMjBhY3RpdmV1cmwlM0QlMjdzYW1lJTI3JTIwc3R5bGUlM0QlMjdoZ3JheXNjYWxlJTI3JTIwaW50ZXJmYWNlJTNEJTI3Z3JpZDElMjclMjB0b29sdGlwJTNEJTI3ZmFsc2UlMjclMjBkZXNjcmlwdGlvbiUzRCUyN2ZhbHNlJTI3JTIwbGltaXQlM0QlMjcxJTI3JTIwcGFkZGluZyUzRCUyNzAlMjclMjBmaWx0ZXIlM0QlMjdmYWxzZSUyNyUyMCUyMGltZyUzRCUyNzQwMCUyQzQwMCUyNyU1RA==[\/vc_raw_html][\/vc_column][vc_column width=\u00a0\u00bb1\/4&Prime;][vc_raw_html]JTVCc2hvdy1sb2dvcyUyMG9yZGVyYnklM0QlMjdub25lJTI3JTIwY2F0ZWdvcnklM0QlMjdzZWlrbyUyNyUyMGFjdGl2ZXVybCUzRCUyN3NhbWUlMjclMjBzdHlsZSUzRCUyN2hncmF5c2NhbGUlMjclMjBpbnRlcmZhY2UlM0QlMjdncmlkMSUyNyUyMHRvb2x0aXAlM0QlMjdmYWxzZSUyNyUyMGRlc2NyaXB0aW9uJTNEJTI3ZmFsc2UlMjclMjBsaW1pdCUzRCUyNzElMjclMjBwYWRkaW5nJTNEJTI3MCUyNyUyMGZpbHRlciUzRCUyN2ZhbHNlJTI3JTIwJTIwaW1nJTNEJTI3NDAwJTJDNDAwJTI3JTVE[\/vc_raw_html][\/vc_column][vc_column width=\u00a0\u00bb1\/4&Prime;][vc_raw_html]JTVCc2hvdy1sb2dvcyUyMG9yZGVyYnklM0QlMjdub25lJTI3JTIwY2F0ZWdvcnklM0QlMjdtYXJjbyUyNyUyMGFjdGl2ZXVybCUzRCUyN3NhbWUlMjclMjBzdHlsZSUzRCUyN2hncmF5c2NhbGUlMjclMjBpbnRlcmZhY2UlM0QlMjdncmlkMSUyNyUyMHRvb2x0aXAlM0QlMjdmYWxzZSUyNyUyMGRlc2NyaXB0aW9uJTNEJTI3ZmFsc2UlMjclMjBsaW1pdCUzRCUyNzElMjclMjBwYWRkaW5nJTNEJTI3MCUyNyUyMGZpbHRlciUzRCUyN2ZhbHNlJTI3JTIwJTIwaW1nJTNEJTI3NDAwJTJDNDAwJTI3JTVE[\/vc_raw_html][\/vc_column][\/vc_row][vc_row full_width=\u00a0\u00bbstretch_row\u00a0\u00bb][vc_column width=\u00a0\u00bb1\/4&Prime;][vc_raw_html]JTVCc2hvdy1sb2dvcyUyMG9yZGVyYnklM0QlMjdub25lJTI3JTIwY2F0ZWdvcnklM0QlMjdtYXR0aW9saSUyNyUyMGFjdGl2ZXVybCUzRCUyN25ldyUyNyUyMHN0eWxlJTNEJTI3aGdyYXlzY2FsZSUyNyUyMGludGVyZmFjZSUzRCUyN2dyaWQxJTI3JTIwdG9vbHRpcCUzRCUyN2ZhbHNlJTI3JTIwZGVzY3JpcHRpb24lM0QlMjdmYWxzZSUyNyUyMGxpbWl0JTNEJTI3MSUyNyUyMHBhZGRpbmclM0QlMjcwJTI3JTIwZmlsdGVyJTNEJTI3ZmFsc2UlMjclMjAlMjBpbWclM0QlMjc0MDAlMkM0MDAlMjclNUQ=[\/vc_raw_html][\/vc_column][vc_column width=\u00a0\u00bb1\/4&Prime;][vc_raw_html]JTVCc2hvdy1sb2dvcyUyMG9yZGVyYnklM0QlMjdub25lJTI3JTIwY2F0ZWdvcnklM0QlMjdkZW1lZ2xpbyUyNyUyMGFjdGl2ZXVybCUzRCUyN25ldyUyNyUyMHN0eWxlJTNEJTI3aGdyYXlzY2FsZSUyNyUyMGludGVyZmFjZSUzRCUyN2dyaWQxJTI3JTIwdG9vbHRpcCUzRCUyN2ZhbHNlJTI3JTIwZGVzY3JpcHRpb24lM0QlMjdmYWxzZSUyNyUyMGxpbWl0JTNEJTI3MSUyNyUyMHBhZGRpbmclM0QlMjcwJTI3JTIwZmlsdGVyJTNEJTI3ZmFsc2UlMjclMjAlMjBpbWclM0QlMjc0MDAlMkM0MDAlMjclNUQ=[\/vc_raw_html][\/vc_column][vc_column width=\u00a0\u00bb1\/4&Prime;][\/vc_column][vc_column width=\u00a0\u00bb1\/4&Prime;][\/vc_column][\/vc_row]<\/p>\n","protected":false},"excerpt":{"rendered":"<p>[vc_row full_width=\u00a0\u00bbstretch_row\u00a0\u00bb][vc_column width=\u00a0\u00bb1\/4&Prime;][vc_raw_html]JTVCc2hvdy1sb2dvcyUyMG9yZGVyYnklM0QlMjdub25lJTI3JTIwY2F0ZWdvcnklM0QlMjd3ZXNzZWx0b24lMjclMjBhY3RpdmV1cmwlM0QlMjdzYW1lJTI3JTIwc3R5bGUlM0QlMjdoZ3JheXNjYWxlJTI3JTIwaW50ZXJmYWNlJTNEJTI3Z3JpZDElMjclMjB0b29sdGlwJTNEJTI3ZmFsc2UlMjclMjBkZXNjcmlwdGlvbiUzRCUyN2ZhbHNlJTI3JTIwbGltaXQlM0QlMjcxJTI3JTIwcGFkZGluZyUzRCUyNzEwJTI3JTIwZmlsdGVyJTNEJTI3ZmFsc2UlMjclMjBpbWclM0QlMjc0MDAlMkM0MDAlMjclMjAlNUQ=[\/vc_raw_html][\/vc_column][vc_column width=\u00a0\u00bb1\/4&Prime;][vc_raw_html]JTVCc2hvdy1sb2dvcyUyMG9yZGVyYnklM0QlMjdub25lJTI3JTIwY2F0ZWdvcnklM0QlMjd0YWdoZXVlciUyNyUyMGFjdGl2ZXVybCUzRCUyN3NhbWUlMjclMjBzdHlsZSUzRCUyN2hncmF5c2NhbGUlMjclMjBpbnRlcmZhY2UlM0QlMjdncmlkMSUyNyUyMHRvb2x0aXAlM0QlMjdmYWxzZSUyNyUyMGRlc2NyaXB0aW9uJTNEJTI3ZmFsc2UlMjclMjBsaW1pdCUzRCUyNzElMjclMjBwYWRkaW5nJTNEJTI3MCUyNyUyMGZpbHRlciUzRCUyN2ZhbHNlJTI3JTIwJTIwaW1nJTNEJTI3NDAwJTJDNDAwJTI3JTVE[\/vc_raw_html][\/vc_column][vc_column width=\u00a0\u00bb1\/4&Prime;][vc_raw_html]JTVCc2hvdy1sb2dvcyUyMG9yZGVyYnklM0QlMjdub25lJTI3JTIwY2F0ZWdvcnklM0QlMjdjaG9wYXJkJTI3JTIwYWN0aXZldXJsJTNEJTI3c2FtZSUyNyUyMHN0eWxlJTNEJTI3aGdyYXlzY2FsZSUyNyUyMGludGVyZmFjZSUzRCUyN2dyaWQxJTI3JTIwdG9vbHRpcCUzRCUyN2ZhbHNlJTI3JTIwZGVzY3JpcHRpb24lM0QlMjdmYWxzZSUyNyUyMGxpbWl0JTNEJTI3MSUyNyUyMHBhZGRpbmclM0QlMjcwJTI3JTIwZmlsdGVyJTNEJTI3ZmFsc2UlMjclMjAlMjBpbWclM0QlMjc0MDAlMkM0MDAlMjclNUQ=[\/vc_raw_html][\/vc_column][vc_column width=\u00a0\u00bb1\/4&Prime;][vc_raw_html]JTVCc2hvdy1sb2dvcyUyMG9yZGVyYnklM0QlMjdub25lJTI3JTIwY2F0ZWdvcnklM0QlMjdtZXNzaWthJTI3JTIwYWN0aXZldXJsJTNEJTI3c2FtZSUyNyUyMHN0eWxlJTNEJTI3aGdyYXlzY2FsZSUyNyUyMGludGVyZmFjZSUzRCUyN2dyaWQxJTI3JTIwdG9vbHRpcCUzRCUyN2ZhbHNlJTI3JTIwZGVzY3JpcHRpb24lM0QlMjdmYWxzZSUyNyUyMGxpbWl0JTNEJTI3MSUyNyUyMHBhZGRpbmclM0QlMjcwJTI3JTIwZmlsdGVyJTNEJTI3ZmFsc2UlMjclMjAlMjBpbWclM0QlMjc0MDAlMkM0MDAlMjclNUQ=[\/vc_raw_html][\/vc_column][\/vc_row][vc_row full_width=\u00a0\u00bbstretch_row\u00a0\u00bb][vc_column width=\u00a0\u00bb1\/4&Prime;][vc_raw_html]JTVCc2hvdy1sb2dvcyUyMG9yZGVyYnklM0QlMjdub25lJTI3JTIwY2F0ZWdvcnklM0QlMjdkaW5oLXZhbiUyNyUyMGFjdGl2ZXVybCUzRCUyN25ldyUyNyUyMHN0eWxlJTNEJTI3aGdyYXlzY2FsZSUyNyUyMGludGVyZmFjZSUzRCUyN2dyaWQxJTI3JTIwdG9vbHRpcCUzRCUyN2ZhbHNlJTI3JTIwZGVzY3JpcHRpb24lM0QlMjdmYWxzZSUyNyUyMGxpbWl0JTNEJTI3MSUyNyUyMHBhZGRpbmclM0QlMjcwJTI3JTIwZmlsdGVyJTNEJTI3ZmFsc2UlMjclMjAlMjBpbWclM0QlMjc0MDAlMkM0MDAlMjclNUQ=[\/vc_raw_html][\/vc_column][vc_column width=\u00a0\u00bb1\/4&Prime;][vc_raw_html]JTVCc2hvdy1sb2dvcyUyMG9yZGVyYnklM0QlMjdub25lJTI3JTIwY2F0ZWdvcnklM0QlMjdoYW1pbHRvbiUyNyUyMGFjdGl2ZXVybCUzRCUyN3NhbWUlMjclMjBzdHlsZSUzRCUyN2hncmF5c2NhbGUlMjclMjBpbnRlcmZhY2UlM0QlMjdncmlkMSUyNyUyMHRvb2x0aXAlM0QlMjdmYWxzZSUyNyUyMGRlc2NyaXB0aW9uJTNEJTI3ZmFsc2UlMjclMjBsaW1pdCUzRCUyNzElMjclMjBwYWRkaW5nJTNEJTI3MCUyNyUyMGZpbHRlciUzRCUyN2ZhbHNlJTI3JTIwJTIwaW1nJTNEJTI3NDAwJTJDNDAwJTI3JTVE[\/vc_raw_html][\/vc_column][vc_column width=\u00a0\u00bb1\/4&Prime;][vc_raw_html]JTVCc2hvdy1sb2dvcyUyMG9yZGVyYnklM0QlMjdub25lJTI3JTIwY2F0ZWdvcnklM0QlMjdiYXVtZW1lcmNpZXIlMjclMjBhY3RpdmV1cmwlM0QlMjduZXclMjclMjBzdHlsZSUzRCUyN2hncmF5c2NhbGUlMjclMjBpbnRlcmZhY2UlM0QlMjdncmlkMSUyNyUyMHRvb2x0aXAlM0QlMjdmYWxzZSUyNyUyMGRlc2NyaXB0aW9uJTNEJTI3ZmFsc2UlMjclMjBsaW1pdCUzRCUyNzElMjclMjBwYWRkaW5nJTNEJTI3MCUyNyUyMGZpbHRlciUzRCUyN2ZhbHNlJTI3JTIwJTIwaW1nJTNEJTI3NDAwJTJDNDAwJTI3JTVE[\/vc_raw_html][\/vc_column][vc_column width=\u00a0\u00bb1\/4&Prime;][vc_raw_html]JTVCc2hvdy1sb2dvcyUyMG9yZGVyYnklM0QlMjdub25lJTI3JTIwY2F0ZWdvcnklM0QlMjd0aXNzb3QlMjclMjBhY3RpdmV1cmwlM0QlMjdzYW1lJTI3JTIwc3R5bGUlM0QlMjdoZ3JheXNjYWxlJTI3JTIwaW50ZXJmYWNlJTNEJTI3Z3JpZDElMjclMjB0b29sdGlwJTNEJTI3ZmFsc2UlMjclMjBkZXNjcmlwdGlvbiUzRCUyN2ZhbHNlJTI3JTIwbGltaXQlM0QlMjcxJTI3JTIwcGFkZGluZyUzRCUyNzAlMjclMjBmaWx0ZXIlM0QlMjdmYWxzZSUyNyUyMCUyMGltZyUzRCUyNzQwMCUyQzQwMCUyNyU1RA==[\/vc_raw_html][\/vc_column][\/vc_row][vc_row full_width=\u00a0\u00bbstretch_row\u00a0\u00bb][vc_column width=\u00a0\u00bb1\/4&Prime;][vc_raw_html]JTVCc2hvdy1sb2dvcyUyMG9yZGVyYnklM0QlMjdub25lJTI3JTIwY2F0ZWdvcnklM0QlMjdnYXJtaW4lMjclMjBhY3RpdmV1cmwlM0QlMjdzYW1lJTI3JTIwc3R5bGUlM0QlMjdoZ3JheXNjYWxlJTI3JTIwaW50ZXJmYWNlJTNEJTI3Z3JpZDElMjclMjB0b29sdGlwJTNEJTI3ZmFsc2UlMjclMjBkZXNjcmlwdGlvbiUzRCUyN2ZhbHNlJTI3JTIwbGltaXQlM0QlMjcxJTI3JTIwcGFkZGluZyUzRCUyNzAlMjclMjBmaWx0ZXIlM0QlMjdmYWxzZSUyNyUyMCUyMGltZyUzRCUyNzQwMCUyQzQwMCUyNyU1RA==[\/vc_raw_html][\/vc_column][vc_column width=\u00a0\u00bb1\/4&Prime;][vc_raw_html]JTVCc2hvdy1sb2dvcyUyMG9yZGVyYnklM0QlMjdub25lJTI3JTIwY2F0ZWdvcnklM0QlMjdnc2hvY2slMjclMjBhY3RpdmV1cmwlM0QlMjdzYW1lJTI3JTIwc3R5bGUlM0QlMjdoZ3JheXNjYWxlJTI3JTIwaW50ZXJmYWNlJTNEJTI3Z3JpZDElMjclMjB0b29sdGlwJTNEJTI3ZmFsc2UlMjclMjBkZXNjcmlwdGlvbiUzRCUyN2ZhbHNlJTI3JTIwbGltaXQlM0QlMjcxJTI3JTIwcGFkZGluZyUzRCUyNzAlMjclMjBmaWx0ZXIlM0QlMjdmYWxzZSUyNyUyMCUyMGltZyUzRCUyNzQwMCUyQzQwMCUyNyU1RA==[\/vc_raw_html][\/vc_column][vc_column width=\u00a0\u00bb1\/4&Prime;][vc_raw_html]JTVCc2hvdy1sb2dvcyUyMG9yZGVyYnklM0QlMjdub25lJTI3JTIwY2F0ZWdvcnklM0QlMjdzZWlrbyUyNyUyMGFjdGl2ZXVybCUzRCUyN3NhbWUlMjclMjBzdHlsZSUzRCUyN2hncmF5c2NhbGUlMjclMjBpbnRlcmZhY2UlM0QlMjdncmlkMSUyNyUyMHRvb2x0aXAlM0QlMjdmYWxzZSUyNyUyMGRlc2NyaXB0aW9uJTNEJTI3ZmFsc2UlMjclMjBsaW1pdCUzRCUyNzElMjclMjBwYWRkaW5nJTNEJTI3MCUyNyUyMGZpbHRlciUzRCUyN2ZhbHNlJTI3JTIwJTIwaW1nJTNEJTI3NDAwJTJDNDAwJTI3JTVE[\/vc_raw_html][\/vc_column][vc_column width=\u00a0\u00bb1\/4&Prime;][vc_raw_html]JTVCc2hvdy1sb2dvcyUyMG9yZGVyYnklM0QlMjdub25lJTI3JTIwY2F0ZWdvcnklM0QlMjdtYXJjbyUyNyUyMGFjdGl2ZXVybCUzRCUyN3NhbWUlMjclMjBzdHlsZSUzRCUyN2hncmF5c2NhbGUlMjclMjBpbnRlcmZhY2UlM0QlMjdncmlkMSUyNyUyMHRvb2x0aXAlM0QlMjdmYWxzZSUyNyUyMGRlc2NyaXB0aW9uJTNEJTI3ZmFsc2UlMjclMjBsaW1pdCUzRCUyNzElMjclMjBwYWRkaW5nJTNEJTI3MCUyNyUyMGZpbHRlciUzRCUyN2ZhbHNlJTI3JTIwJTIwaW1nJTNEJTI3NDAwJTJDNDAwJTI3JTVE[\/vc_raw_html][\/vc_column][\/vc_row][vc_row full_width=\u00a0\u00bbstretch_row\u00a0\u00bb][vc_column width=\u00a0\u00bb1\/4&Prime;][vc_raw_html]JTVCc2hvdy1sb2dvcyUyMG9yZGVyYnklM0QlMjdub25lJTI3JTIwY2F0ZWdvcnklM0QlMjdtYXR0aW9saSUyNyUyMGFjdGl2ZXVybCUzRCUyN25ldyUyNyUyMHN0eWxlJTNEJTI3aGdyYXlzY2FsZSUyNyUyMGludGVyZmFjZSUzRCUyN2dyaWQxJTI3JTIwdG9vbHRpcCUzRCUyN2ZhbHNlJTI3JTIwZGVzY3JpcHRpb24lM0QlMjdmYWxzZSUyNyUyMGxpbWl0JTNEJTI3MSUyNyUyMHBhZGRpbmclM0QlMjcwJTI3JTIwZmlsdGVyJTNEJTI3ZmFsc2UlMjclMjAlMjBpbWclM0QlMjc0MDAlMkM0MDAlMjclNUQ=[\/vc_raw_html][\/vc_column][vc_column width=\u00a0\u00bb1\/4&Prime;][vc_raw_html]JTVCc2hvdy1sb2dvcyUyMG9yZGVyYnklM0QlMjdub25lJTI3JTIwY2F0ZWdvcnklM0QlMjdkZW1lZ2xpbyUyNyUyMGFjdGl2ZXVybCUzRCUyN25ldyUyNyUyMHN0eWxlJTNEJTI3aGdyYXlzY2FsZSUyNyUyMGludGVyZmFjZSUzRCUyN2dyaWQxJTI3JTIwdG9vbHRpcCUzRCUyN2ZhbHNlJTI3JTIwZGVzY3JpcHRpb24lM0QlMjdmYWxzZSUyNyUyMGxpbWl0JTNEJTI3MSUyNyUyMHBhZGRpbmclM0QlMjcwJTI3JTIwZmlsdGVyJTNEJTI3ZmFsc2UlMjclMjAlMjBpbWclM0QlMjc0MDAlMkM0MDAlMjclNUQ=[\/vc_raw_html][\/vc_column][vc_column width=\u00a0\u00bb1\/4&Prime;][\/vc_column][vc_column width=\u00a0\u00bb1\/4&Prime;][\/vc_column][\/vc_row]<\/p>\n","protected":false},"author":3,"featured_media":0,"parent":0,"menu_order":0,"comment_status":"closed","ping_status":"closed","template":"","meta":{"footnotes":""},"class_list":["post-13289","page","type-page","status-publish","hentry"],"acf":[],"yoast_head":"<!-- This site is optimized with the Yoast SEO plugin v27.3 - https:\/\/yoast.com\/product\/yoast-seo-wordpress\/ -->\n<title>Marques - Wesselton | Bijoux et Diamants<\/title>\n<meta name=\"description\" content=\"Wesselton est le distributeur officiel des marques les plus prestigieuses de bijoux et de montres suisses. Bijouterie en vente en ligne.\" \/>\n<meta name=\"robots\" content=\"index, follow, max-snippet:-1, max-image-preview:large, max-video-preview:-1\" \/>\n<link rel=\"canonical\" href=\"https:\/\/www.wesselton.net\/fr\/marques-wess\/\" \/>\n<meta property=\"og:locale\" content=\"fr_FR\" \/>\n<meta property=\"og:type\" content=\"article\" \/>\n<meta property=\"og:title\" content=\"Marques - Wesselton | Bijoux et Diamants\" \/>\n<meta property=\"og:description\" content=\"Wesselton est le distributeur officiel des marques les plus prestigieuses de bijoux et de montres suisses. Bijouterie en vente en ligne.\" \/>\n<meta property=\"og:url\" content=\"https:\/\/www.wesselton.net\/fr\/marques-wess\/\" \/>\n<meta property=\"og:site_name\" content=\"Wesselton | Bijoux et Diamants\" \/>\n<meta property=\"article:publisher\" content=\"https:\/\/www.facebook.com\/wesselton.oficial\/\" \/>\n<meta property=\"article:modified_time\" content=\"2025-10-06T13:58:36+00:00\" \/>\n<meta name=\"twitter:card\" content=\"summary_large_image\" \/>\n<meta name=\"twitter:label1\" content=\"Dur\u00e9e de lecture estim\u00e9e\" \/>\n\t<meta name=\"twitter:data1\" content=\"1 minute\" \/>\n<script type=\"application\/ld+json\" class=\"yoast-schema-graph\">{\"@context\":\"https:\\\/\\\/schema.org\",\"@graph\":[{\"@type\":\"WebPage\",\"@id\":\"https:\\\/\\\/www.wesselton.net\\\/fr\\\/marques-wess\\\/\",\"url\":\"https:\\\/\\\/www.wesselton.net\\\/fr\\\/marques-wess\\\/\",\"name\":\"Marques - Wesselton | Bijoux et Diamants\",\"isPartOf\":{\"@id\":\"https:\\\/\\\/www.wesselton.net\\\/#website\"},\"datePublished\":\"2020-05-05T15:28:19+00:00\",\"dateModified\":\"2025-10-06T13:58:36+00:00\",\"description\":\"Wesselton est le distributeur officiel des marques les plus prestigieuses de bijoux et de montres suisses. Bijouterie en vente en ligne.\",\"breadcrumb\":{\"@id\":\"https:\\\/\\\/www.wesselton.net\\\/fr\\\/marques-wess\\\/#breadcrumb\"},\"inLanguage\":\"fr-FR\",\"potentialAction\":[{\"@type\":\"ReadAction\",\"target\":[\"https:\\\/\\\/www.wesselton.net\\\/fr\\\/marques-wess\\\/\"]}]},{\"@type\":\"BreadcrumbList\",\"@id\":\"https:\\\/\\\/www.wesselton.net\\\/fr\\\/marques-wess\\\/#breadcrumb\",\"itemListElement\":[{\"@type\":\"ListItem\",\"position\":1,\"name\":\"Inici\",\"item\":\"https:\\\/\\\/www.wesselton.net\\\/fr\\\/\"},{\"@type\":\"ListItem\",\"position\":2,\"name\":\"Marques\"}]},{\"@type\":\"WebSite\",\"@id\":\"https:\\\/\\\/www.wesselton.net\\\/#website\",\"url\":\"https:\\\/\\\/www.wesselton.net\\\/\",\"name\":\"Wesselton | Bijoux et Diamants\",\"description\":\"Diamants \u00fanics per moments \u00fanics. Peces d&#039;elaboraci\u00f3 pr\u00f2pia de m\u00e0xima qualitat, cuidades fins a l&#039;\u00faltim detall, i les millors marques de joieria.\",\"potentialAction\":[{\"@type\":\"SearchAction\",\"target\":{\"@type\":\"EntryPoint\",\"urlTemplate\":\"https:\\\/\\\/www.wesselton.net\\\/?s={search_term_string}\"},\"query-input\":{\"@type\":\"PropertyValueSpecification\",\"valueRequired\":true,\"valueName\":\"search_term_string\"}}],\"inLanguage\":\"fr-FR\"}]}<\/script>\n<!-- \/ Yoast SEO plugin. -->","yoast_head_json":{"title":"Marques - Wesselton | Bijoux et Diamants","description":"Wesselton est le distributeur officiel des marques les plus prestigieuses de bijoux et de montres suisses. Bijouterie en vente en ligne.","robots":{"index":"index","follow":"follow","max-snippet":"max-snippet:-1","max-image-preview":"max-image-preview:large","max-video-preview":"max-video-preview:-1"},"canonical":"https:\/\/www.wesselton.net\/fr\/marques-wess\/","og_locale":"fr_FR","og_type":"article","og_title":"Marques - Wesselton | Bijoux et Diamants","og_description":"Wesselton est le distributeur officiel des marques les plus prestigieuses de bijoux et de montres suisses. Bijouterie en vente en ligne.","og_url":"https:\/\/www.wesselton.net\/fr\/marques-wess\/","og_site_name":"Wesselton | Bijoux et Diamants","article_publisher":"https:\/\/www.facebook.com\/wesselton.oficial\/","article_modified_time":"2025-10-06T13:58:36+00:00","twitter_card":"summary_large_image","twitter_misc":{"Dur\u00e9e de lecture estim\u00e9e":"1 minute"},"schema":{"@context":"https:\/\/schema.org","@graph":[{"@type":"WebPage","@id":"https:\/\/www.wesselton.net\/fr\/marques-wess\/","url":"https:\/\/www.wesselton.net\/fr\/marques-wess\/","name":"Marques - Wesselton | Bijoux et Diamants","isPartOf":{"@id":"https:\/\/www.wesselton.net\/#website"},"datePublished":"2020-05-05T15:28:19+00:00","dateModified":"2025-10-06T13:58:36+00:00","description":"Wesselton est le distributeur officiel des marques les plus prestigieuses de bijoux et de montres suisses. Bijouterie en vente en ligne.","breadcrumb":{"@id":"https:\/\/www.wesselton.net\/fr\/marques-wess\/#breadcrumb"},"inLanguage":"fr-FR","potentialAction":[{"@type":"ReadAction","target":["https:\/\/www.wesselton.net\/fr\/marques-wess\/"]}]},{"@type":"BreadcrumbList","@id":"https:\/\/www.wesselton.net\/fr\/marques-wess\/#breadcrumb","itemListElement":[{"@type":"ListItem","position":1,"name":"Inici","item":"https:\/\/www.wesselton.net\/fr\/"},{"@type":"ListItem","position":2,"name":"Marques"}]},{"@type":"WebSite","@id":"https:\/\/www.wesselton.net\/#website","url":"https:\/\/www.wesselton.net\/","name":"Wesselton | Bijoux et Diamants","description":"Diamants \u00fanics per moments \u00fanics. Peces d&#039;elaboraci\u00f3 pr\u00f2pia de m\u00e0xima qualitat, cuidades fins a l&#039;\u00faltim detall, i les millors marques de joieria.","potentialAction":[{"@type":"SearchAction","target":{"@type":"EntryPoint","urlTemplate":"https:\/\/www.wesselton.net\/?s={search_term_string}"},"query-input":{"@type":"PropertyValueSpecification","valueRequired":true,"valueName":"search_term_string"}}],"inLanguage":"fr-FR"}]}},"_links":{"self":[{"href":"https:\/\/www.wesselton.net\/fr\/wp-json\/wp\/v2\/pages\/13289","targetHints":{"allow":["GET"]}}],"collection":[{"href":"https:\/\/www.wesselton.net\/fr\/wp-json\/wp\/v2\/pages"}],"about":[{"href":"https:\/\/www.wesselton.net\/fr\/wp-json\/wp\/v2\/types\/page"}],"author":[{"embeddable":true,"href":"https:\/\/www.wesselton.net\/fr\/wp-json\/wp\/v2\/users\/3"}],"replies":[{"embeddable":true,"href":"https:\/\/www.wesselton.net\/fr\/wp-json\/wp\/v2\/comments?post=13289"}],"version-history":[{"count":9,"href":"https:\/\/www.wesselton.net\/fr\/wp-json\/wp\/v2\/pages\/13289\/revisions"}],"predecessor-version":[{"id":32510,"href":"https:\/\/www.wesselton.net\/fr\/wp-json\/wp\/v2\/pages\/13289\/revisions\/32510"}],"wp:attachment":[{"href":"https:\/\/www.wesselton.net\/fr\/wp-json\/wp\/v2\/media?parent=13289"}],"curies":[{"name":"wp","href":"https:\/\/api.w.org\/{rel}","templated":true}]}}