

{"id":13340,"date":"2021-02-01T18:32:26","date_gmt":"2021-02-01T16:32:26","guid":{"rendered":"https:\/\/www.wesselton.net\/?post_type=product&#038;p=13340"},"modified":"2025-12-11T13:32:26","modified_gmt":"2025-12-11T11:32:26","slug":"solitaire-atelier-wesselton-or-blanc-diamant-taille-coussin","status":"publish","type":"product","link":"https:\/\/www.wesselton.net\/fr\/solitaire-atelier-wesselton-or-blanc-diamant-taille-coussin\/","title":{"rendered":"Bague solitaire en or blanc Wesselton W Diamonds"},"content":{"rendered":"<p>\u00c9l\u00e9gance et distinction se conjuguent dans cette bague solitaire Wesselton de la collection W-Solitaire, r\u00e9alis\u00e9e \u00e0 la main en or blanc 18 carats.<\/p>\n<p>La pi\u00e8ce ma\u00eetresse est un diamant naturel taille coussin de 0,50 carat, de couleur E et de puret\u00e9 VS1, accompagn\u00e9 d&rsquo;un certificat gemmologique international du GIA, garantissant son authenticit\u00e9 et sa qualit\u00e9 exceptionnelle. La bague est orn\u00e9e d&rsquo;un pavage de 14 diamants naturels taille brillant, de 1,50 mm de diam\u00e8tre chacun, sertis sur l&rsquo;anneau, totalisant 0,70 carat et offrant une brillance uniforme et raffin\u00e9e.<\/p>\n<p>La bague solitaire Wesselton W Diamonds en or blanc est une bague en or blanc et diamants qui allie luxe, savoir-faire et design intemporel, id\u00e9ale pour symboliser des moments uniques et inoubliables.<\/p>\n","protected":false},"excerpt":{"rendered":"<p>La collection W de WESSELTON repr\u00e9sente l&rsquo;essence la plus pure de notre marque.<\/p>\n","protected":false},"featured_media":16885,"comment_status":"closed","ping_status":"closed","template":"","meta":[],"product_brand":[],"product_cat":[5046,2233,2275,4848,2283,2052,4842,4817],"product_tag":[],"class_list":{"0":"post-13340","1":"product","2":"type-product","3":"status-publish","4":"has-post-thumbnail","6":"product_cat-bagues-fr","7":"product_cat-bagues-de-fiancailles","8":"product_cat-avec-diamants","9":"product_cat-essencia-fr","10":"product_cat-avec-or-blanc","11":"product_cat-solitaires","12":"product_cat-w-diamonds-fr","13":"product_cat-wesselton-fr","14":"yith_product_brand-wesselton-fr","16":"first","17":"instock","18":"shipping-taxable","19":"purchasable","20":"product-type-simple"},"acf":[],"yoast_head":"<!-- This site is optimized with the Yoast SEO plugin v27.4 - https:\/\/yoast.com\/product\/yoast-seo-wordpress\/ -->\n<title>Bague solitaire en or blanc Wesselton W Diamonds - Wesselton | Bijoux et Diamants<\/title>\n<meta name=\"description\" content=\"\u00c9l\u00e9gance et distinction se conjuguent dans cette bague solitaire Wesselton de la collection W-Solitaire, fabriqu\u00e9e \u00e0 la main en or blanc 18 carats.\" \/>\n<meta name=\"robots\" content=\"index, follow, max-snippet:-1, max-image-preview:large, max-video-preview:-1\" \/>\n<link rel=\"canonical\" href=\"https:\/\/www.wesselton.net\/fr\/solitaire-atelier-wesselton-or-blanc-diamant-taille-coussin\/\" \/>\n<meta property=\"og:locale\" content=\"fr_FR\" \/>\n<meta property=\"og:type\" content=\"article\" \/>\n<meta property=\"og:title\" content=\"Bague solitaire en or blanc Wesselton W Diamonds - Wesselton | Bijoux et Diamants\" \/>\n<meta property=\"og:description\" content=\"\u00c9l\u00e9gance et distinction se conjuguent dans cette bague solitaire Wesselton de la collection W-Solitaire, fabriqu\u00e9e \u00e0 la main en or blanc 18 carats.\" \/>\n<meta property=\"og:url\" content=\"https:\/\/www.wesselton.net\/fr\/solitaire-atelier-wesselton-or-blanc-diamant-taille-coussin\/\" \/>\n<meta property=\"og:site_name\" content=\"Wesselton | Bijoux et Diamants\" \/>\n<meta property=\"article:publisher\" content=\"https:\/\/www.facebook.com\/wesselton.oficial\/\" \/>\n<meta property=\"article:modified_time\" content=\"2025-12-11T11:32:26+00:00\" \/>\n<meta property=\"og:image\" content=\"https:\/\/www.wesselton.net\/wp-content\/uploads\/ANELL04_05.jpg\" \/>\n\t<meta property=\"og:image:width\" content=\"680\" \/>\n\t<meta property=\"og:image:height\" content=\"920\" \/>\n\t<meta property=\"og:image:type\" content=\"image\/jpeg\" \/>\n<meta name=\"twitter:card\" content=\"summary_large_image\" \/>\n<meta name=\"twitter:label1\" content=\"Dur\u00e9e de lecture estim\u00e9e\" \/>\n\t<meta name=\"twitter:data1\" content=\"1 minute\" \/>\n<script type=\"application\/ld+json\" class=\"yoast-schema-graph\">{\"@context\":\"https:\\\/\\\/schema.org\",\"@graph\":[{\"@type\":\"WebPage\",\"@id\":\"https:\\\/\\\/www.wesselton.net\\\/fr\\\/solitaire-atelier-wesselton-or-blanc-diamant-taille-coussin\\\/\",\"url\":\"https:\\\/\\\/www.wesselton.net\\\/fr\\\/solitaire-atelier-wesselton-or-blanc-diamant-taille-coussin\\\/\",\"name\":\"Bague solitaire en or blanc Wesselton W Diamonds - Wesselton | Bijoux et Diamants\",\"isPartOf\":{\"@id\":\"https:\\\/\\\/www.wesselton.net\\\/#website\"},\"primaryImageOfPage\":{\"@id\":\"https:\\\/\\\/www.wesselton.net\\\/fr\\\/solitaire-atelier-wesselton-or-blanc-diamant-taille-coussin\\\/#primaryimage\"},\"image\":{\"@id\":\"https:\\\/\\\/www.wesselton.net\\\/fr\\\/solitaire-atelier-wesselton-or-blanc-diamant-taille-coussin\\\/#primaryimage\"},\"thumbnailUrl\":\"https:\\\/\\\/www.wesselton.net\\\/wp-content\\\/uploads\\\/ANELL04_05.jpg\",\"datePublished\":\"2021-02-01T16:32:26+00:00\",\"dateModified\":\"2025-12-11T11:32:26+00:00\",\"description\":\"\u00c9l\u00e9gance et distinction se conjuguent dans cette bague solitaire Wesselton de la collection W-Solitaire, fabriqu\u00e9e \u00e0 la main en or blanc 18 carats.\",\"breadcrumb\":{\"@id\":\"https:\\\/\\\/www.wesselton.net\\\/fr\\\/solitaire-atelier-wesselton-or-blanc-diamant-taille-coussin\\\/#breadcrumb\"},\"inLanguage\":\"fr-FR\",\"potentialAction\":[{\"@type\":\"ReadAction\",\"target\":[\"https:\\\/\\\/www.wesselton.net\\\/fr\\\/solitaire-atelier-wesselton-or-blanc-diamant-taille-coussin\\\/\"]}]},{\"@type\":\"ImageObject\",\"inLanguage\":\"fr-FR\",\"@id\":\"https:\\\/\\\/www.wesselton.net\\\/fr\\\/solitaire-atelier-wesselton-or-blanc-diamant-taille-coussin\\\/#primaryimage\",\"url\":\"https:\\\/\\\/www.wesselton.net\\\/wp-content\\\/uploads\\\/ANELL04_05.jpg\",\"contentUrl\":\"https:\\\/\\\/www.wesselton.net\\\/wp-content\\\/uploads\\\/ANELL04_05.jpg\",\"width\":680,\"height\":920,\"caption\":\"SOLITAIRE BAGUE WESSELTON W COLLECTION OR BLANC ET DIAMANT TAILLE DE COUSSIN-001\"},{\"@type\":\"BreadcrumbList\",\"@id\":\"https:\\\/\\\/www.wesselton.net\\\/fr\\\/solitaire-atelier-wesselton-or-blanc-diamant-taille-coussin\\\/#breadcrumb\",\"itemListElement\":[{\"@type\":\"ListItem\",\"position\":1,\"name\":\"Inici\",\"item\":\"https:\\\/\\\/www.wesselton.net\\\/fr\\\/\"},{\"@type\":\"ListItem\",\"position\":2,\"name\":\"Boutique\",\"item\":\"https:\\\/\\\/www.wesselton.net\\\/fr\\\/boutique\\\/\"},{\"@type\":\"ListItem\",\"position\":3,\"name\":\"Bague solitaire en or blanc Wesselton W Diamonds\"}]},{\"@type\":\"WebSite\",\"@id\":\"https:\\\/\\\/www.wesselton.net\\\/#website\",\"url\":\"https:\\\/\\\/www.wesselton.net\\\/\",\"name\":\"Wesselton | Bijoux et Diamants\",\"description\":\"Diamants \u00fanics per moments \u00fanics. Peces d&#039;elaboraci\u00f3 pr\u00f2pia de m\u00e0xima qualitat, cuidades fins a l&#039;\u00faltim detall, i les millors marques de joieria.\",\"potentialAction\":[{\"@type\":\"SearchAction\",\"target\":{\"@type\":\"EntryPoint\",\"urlTemplate\":\"https:\\\/\\\/www.wesselton.net\\\/?s={search_term_string}\"},\"query-input\":{\"@type\":\"PropertyValueSpecification\",\"valueRequired\":true,\"valueName\":\"search_term_string\"}}],\"inLanguage\":\"fr-FR\"}]}<\/script>\n<!-- \/ Yoast SEO plugin. -->","yoast_head_json":{"title":"Bague solitaire en or blanc Wesselton W Diamonds - Wesselton | Bijoux et Diamants","description":"\u00c9l\u00e9gance et distinction se conjuguent dans cette bague solitaire Wesselton de la collection W-Solitaire, fabriqu\u00e9e \u00e0 la main en or blanc 18 carats.","robots":{"index":"index","follow":"follow","max-snippet":"max-snippet:-1","max-image-preview":"max-image-preview:large","max-video-preview":"max-video-preview:-1"},"canonical":"https:\/\/www.wesselton.net\/fr\/solitaire-atelier-wesselton-or-blanc-diamant-taille-coussin\/","og_locale":"fr_FR","og_type":"article","og_title":"Bague solitaire en or blanc Wesselton W Diamonds - Wesselton | Bijoux et Diamants","og_description":"\u00c9l\u00e9gance et distinction se conjuguent dans cette bague solitaire Wesselton de la collection W-Solitaire, fabriqu\u00e9e \u00e0 la main en or blanc 18 carats.","og_url":"https:\/\/www.wesselton.net\/fr\/solitaire-atelier-wesselton-or-blanc-diamant-taille-coussin\/","og_site_name":"Wesselton | Bijoux et Diamants","article_publisher":"https:\/\/www.facebook.com\/wesselton.oficial\/","article_modified_time":"2025-12-11T11:32:26+00:00","og_image":[{"width":680,"height":920,"url":"https:\/\/www.wesselton.net\/wp-content\/uploads\/ANELL04_05.jpg","type":"image\/jpeg"}],"twitter_card":"summary_large_image","twitter_misc":{"Dur\u00e9e de lecture estim\u00e9e":"1 minute"},"schema":{"@context":"https:\/\/schema.org","@graph":[{"@type":"WebPage","@id":"https:\/\/www.wesselton.net\/fr\/solitaire-atelier-wesselton-or-blanc-diamant-taille-coussin\/","url":"https:\/\/www.wesselton.net\/fr\/solitaire-atelier-wesselton-or-blanc-diamant-taille-coussin\/","name":"Bague solitaire en or blanc Wesselton W Diamonds - Wesselton | Bijoux et Diamants","isPartOf":{"@id":"https:\/\/www.wesselton.net\/#website"},"primaryImageOfPage":{"@id":"https:\/\/www.wesselton.net\/fr\/solitaire-atelier-wesselton-or-blanc-diamant-taille-coussin\/#primaryimage"},"image":{"@id":"https:\/\/www.wesselton.net\/fr\/solitaire-atelier-wesselton-or-blanc-diamant-taille-coussin\/#primaryimage"},"thumbnailUrl":"https:\/\/www.wesselton.net\/wp-content\/uploads\/ANELL04_05.jpg","datePublished":"2021-02-01T16:32:26+00:00","dateModified":"2025-12-11T11:32:26+00:00","description":"\u00c9l\u00e9gance et distinction se conjuguent dans cette bague solitaire Wesselton de la collection W-Solitaire, fabriqu\u00e9e \u00e0 la main en or blanc 18 carats.","breadcrumb":{"@id":"https:\/\/www.wesselton.net\/fr\/solitaire-atelier-wesselton-or-blanc-diamant-taille-coussin\/#breadcrumb"},"inLanguage":"fr-FR","potentialAction":[{"@type":"ReadAction","target":["https:\/\/www.wesselton.net\/fr\/solitaire-atelier-wesselton-or-blanc-diamant-taille-coussin\/"]}]},{"@type":"ImageObject","inLanguage":"fr-FR","@id":"https:\/\/www.wesselton.net\/fr\/solitaire-atelier-wesselton-or-blanc-diamant-taille-coussin\/#primaryimage","url":"https:\/\/www.wesselton.net\/wp-content\/uploads\/ANELL04_05.jpg","contentUrl":"https:\/\/www.wesselton.net\/wp-content\/uploads\/ANELL04_05.jpg","width":680,"height":920,"caption":"SOLITAIRE BAGUE WESSELTON W COLLECTION OR BLANC ET DIAMANT TAILLE DE COUSSIN-001"},{"@type":"BreadcrumbList","@id":"https:\/\/www.wesselton.net\/fr\/solitaire-atelier-wesselton-or-blanc-diamant-taille-coussin\/#breadcrumb","itemListElement":[{"@type":"ListItem","position":1,"name":"Inici","item":"https:\/\/www.wesselton.net\/fr\/"},{"@type":"ListItem","position":2,"name":"Boutique","item":"https:\/\/www.wesselton.net\/fr\/boutique\/"},{"@type":"ListItem","position":3,"name":"Bague solitaire en or blanc Wesselton W Diamonds"}]},{"@type":"WebSite","@id":"https:\/\/www.wesselton.net\/#website","url":"https:\/\/www.wesselton.net\/","name":"Wesselton | Bijoux et Diamants","description":"Diamants \u00fanics per moments \u00fanics. Peces d&#039;elaboraci\u00f3 pr\u00f2pia de m\u00e0xima qualitat, cuidades fins a l&#039;\u00faltim detall, i les millors marques de joieria.","potentialAction":[{"@type":"SearchAction","target":{"@type":"EntryPoint","urlTemplate":"https:\/\/www.wesselton.net\/?s={search_term_string}"},"query-input":{"@type":"PropertyValueSpecification","valueRequired":true,"valueName":"search_term_string"}}],"inLanguage":"fr-FR"}]}},"_links":{"self":[{"href":"https:\/\/www.wesselton.net\/fr\/wp-json\/wp\/v2\/product\/13340","targetHints":{"allow":["GET"]}}],"collection":[{"href":"https:\/\/www.wesselton.net\/fr\/wp-json\/wp\/v2\/product"}],"about":[{"href":"https:\/\/www.wesselton.net\/fr\/wp-json\/wp\/v2\/types\/product"}],"replies":[{"embeddable":true,"href":"https:\/\/www.wesselton.net\/fr\/wp-json\/wp\/v2\/comments?post=13340"}],"wp:featuredmedia":[{"embeddable":true,"href":"https:\/\/www.wesselton.net\/fr\/wp-json\/wp\/v2\/media\/16885"}],"wp:attachment":[{"href":"https:\/\/www.wesselton.net\/fr\/wp-json\/wp\/v2\/media?parent=13340"}],"wp:term":[{"taxonomy":"product_brand","embeddable":true,"href":"https:\/\/www.wesselton.net\/fr\/wp-json\/wp\/v2\/product_brand?post=13340"},{"taxonomy":"product_cat","embeddable":true,"href":"https:\/\/www.wesselton.net\/fr\/wp-json\/wp\/v2\/product_cat?post=13340"},{"taxonomy":"product_tag","embeddable":true,"href":"https:\/\/www.wesselton.net\/fr\/wp-json\/wp\/v2\/product_tag?post=13340"}],"curies":[{"name":"wp","href":"https:\/\/api.w.org\/{rel}","templated":true}]}}