

{"id":15201,"date":"2020-06-17T17:25:20","date_gmt":"2020-06-17T15:25:20","guid":{"rendered":"https:\/\/www.wesselton.net\/botiga\/non%20class\u00e9\/collier-marco-bicego-marrakech-diamants-2\/"},"modified":"2026-02-13T13:01:50","modified_gmt":"2026-02-13T11:01:50","slug":"collier-marco-bicego-marrakech-diamants-or-jaune","status":"publish","type":"product","link":"https:\/\/www.wesselton.net\/fr\/collier-marco-bicego-marrakech-diamants-or-jaune\/","title":{"rendered":"Collier Marco Bicego Marrakech avec diamants"},"content":{"rendered":"<p>Le collier Marco Bicego est un bijou captivant aux lignes douces et enveloppantes qui caressent le cou avec une \u00e9l\u00e9gance naturelle. Compos\u00e9 de cinq rangs d&rsquo;or jaune 18 carats, il est d\u00e9licatement travaill\u00e9 pour cr\u00e9er mouvement, texture et un \u00e9clat chaleureux qui sublime le teint. Une s\u00e9lection rigoureuse de diamants taille brillant est strat\u00e9giquement plac\u00e9e, cr\u00e9ant douze points de lumi\u00e8re jumeaux qui captent et refl\u00e8tent la lumi\u00e8re \u00e0 chaque mouvement, ajoutant une brillance sophistiqu\u00e9e et harmonieuse.<\/p>\n<p>L&rsquo;alliance de la puret\u00e9 de l&rsquo;or et de l&rsquo;\u00e9clat des diamants donne naissance \u00e0 une pi\u00e8ce \u00e9quilibr\u00e9e, f\u00e9minine et intemporelle, con\u00e7ue pour briller lors d&rsquo;occasions sp\u00e9ciales comme dans les moments du quotidien qui m\u00e9ritent d&rsquo;\u00eatre c\u00e9l\u00e9br\u00e9s. Chaque d\u00e9tail r\u00e9v\u00e8le le savoir-faire artisanal et la m\u00e9ticulosit\u00e9 qui font de ce bijou une v\u00e9ritable \u0153uvre d&rsquo;art.<\/p>\n<p>Fid\u00e8le \u00e0 la philosophie cr\u00e9ative de Marco Bicego, le collier Marco Bicego, \u00e0 l&rsquo;instar de ses autres cr\u00e9ations artisanales, rec\u00e8le des histoires surprenantes et des \u00e9motions authentiques. Ces cr\u00e9ations sont con\u00e7ues pour c\u00e9l\u00e9brer la f\u00e9minit\u00e9 sous toutes ses formes, mettant en valeur la personnalit\u00e9, l&rsquo;\u00e9l\u00e9gance et la force int\u00e9rieure de la femme qui les porte.<\/p>\n","protected":false},"excerpt":{"rendered":"<p>Collier \u00e0 cinq rangs en or jaune 18 carats, fabriqu\u00e9 \u00e0 la main avec la technique Cuerda di Chitarra. Ce bijou contient 0,60 ct de diamants taille brillant. Longueur: 42cm<\/p>\n","protected":false},"featured_media":11230,"comment_status":"open","ping_status":"closed","template":"","meta":[],"product_brand":[],"product_cat":[2668,2694,1559],"product_tag":[],"class_list":{"0":"post-15201","1":"product","2":"type-product","3":"status-publish","4":"has-post-thumbnail","6":"product_cat-collier-diamants","7":"product_cat-collier-or-jaune","8":"product_cat-outlet-fr","9":"yith_product_brand-marco-bicego","11":"first","12":"instock","13":"featured","14":"shipping-taxable","15":"purchasable","16":"product-type-simple"},"acf":[],"yoast_head":"<!-- This site is optimized with the Yoast SEO plugin v27.2 - https:\/\/yoast.com\/product\/yoast-seo-wordpress\/ -->\n<title>Collier Marco Bicego Marrakech avec diamants - Wesselton<\/title>\n<meta name=\"description\" content=\"Collier Marco Bicego en or jaune 18 carats, fabriqu\u00e9 \u00e0 la main avec la technique Corda di Chitarra. Ce bijou contient 0,60 ct de diamants taille brillant.\" \/>\n<meta name=\"robots\" content=\"index, follow, max-snippet:-1, max-image-preview:large, max-video-preview:-1\" \/>\n<link rel=\"canonical\" href=\"https:\/\/www.wesselton.net\/fr\/collier-marco-bicego-marrakech-diamants-or-jaune\/\" \/>\n<meta property=\"og:locale\" content=\"fr_FR\" \/>\n<meta property=\"og:type\" content=\"article\" \/>\n<meta property=\"og:title\" content=\"Collier Marco Bicego Marrakech avec diamants - Wesselton\" \/>\n<meta property=\"og:description\" content=\"Collier Marco Bicego en or jaune 18 carats, fabriqu\u00e9 \u00e0 la main avec la technique Corda di Chitarra. Ce bijou contient 0,60 ct de diamants taille brillant.\" \/>\n<meta property=\"og:url\" content=\"https:\/\/www.wesselton.net\/fr\/collier-marco-bicego-marrakech-diamants-or-jaune\/\" \/>\n<meta property=\"og:site_name\" content=\"Wesselton | Bijoux et Diamants\" \/>\n<meta property=\"article:publisher\" content=\"https:\/\/www.facebook.com\/wesselton.oficial\/\" \/>\n<meta property=\"article:modified_time\" content=\"2026-02-13T11:01:50+00:00\" \/>\n<meta property=\"og:image\" content=\"https:\/\/www.wesselton.net\/wp-content\/uploads\/marco-bicego-collaret-marrakesh-CG340-B.jpg\" \/>\n\t<meta property=\"og:image:width\" content=\"680\" \/>\n\t<meta property=\"og:image:height\" content=\"920\" \/>\n\t<meta property=\"og:image:type\" content=\"image\/jpeg\" \/>\n<meta name=\"twitter:card\" content=\"summary_large_image\" \/>\n<meta name=\"twitter:label1\" content=\"Dur\u00e9e de lecture estim\u00e9e\" \/>\n\t<meta name=\"twitter:data1\" content=\"2 minutes\" \/>\n<script type=\"application\/ld+json\" class=\"yoast-schema-graph\">{\"@context\":\"https:\/\/schema.org\",\"@graph\":[{\"@type\":\"WebPage\",\"@id\":\"https:\/\/www.wesselton.net\/fr\/collier-marco-bicego-marrakech-diamants-or-jaune\/\",\"url\":\"https:\/\/www.wesselton.net\/fr\/collier-marco-bicego-marrakech-diamants-or-jaune\/\",\"name\":\"Collier Marco Bicego Marrakech avec diamants - Wesselton\",\"isPartOf\":{\"@id\":\"https:\/\/www.wesselton.net\/#website\"},\"primaryImageOfPage\":{\"@id\":\"https:\/\/www.wesselton.net\/fr\/collier-marco-bicego-marrakech-diamants-or-jaune\/#primaryimage\"},\"image\":{\"@id\":\"https:\/\/www.wesselton.net\/fr\/collier-marco-bicego-marrakech-diamants-or-jaune\/#primaryimage\"},\"thumbnailUrl\":\"https:\/\/www.wesselton.net\/wp-content\/uploads\/marco-bicego-collaret-marrakesh-CG340-B.jpg\",\"datePublished\":\"2020-06-17T15:25:20+00:00\",\"dateModified\":\"2026-02-13T11:01:50+00:00\",\"description\":\"Collier Marco Bicego en or jaune 18 carats, fabriqu\u00e9 \u00e0 la main avec la technique Corda di Chitarra. Ce bijou contient 0,60 ct de diamants taille brillant.\",\"breadcrumb\":{\"@id\":\"https:\/\/www.wesselton.net\/fr\/collier-marco-bicego-marrakech-diamants-or-jaune\/#breadcrumb\"},\"inLanguage\":\"fr-FR\",\"potentialAction\":[{\"@type\":\"ReadAction\",\"target\":[\"https:\/\/www.wesselton.net\/fr\/collier-marco-bicego-marrakech-diamants-or-jaune\/\"]}]},{\"@type\":\"ImageObject\",\"inLanguage\":\"fr-FR\",\"@id\":\"https:\/\/www.wesselton.net\/fr\/collier-marco-bicego-marrakech-diamants-or-jaune\/#primaryimage\",\"url\":\"https:\/\/www.wesselton.net\/wp-content\/uploads\/marco-bicego-collaret-marrakesh-CG340-B.jpg\",\"contentUrl\":\"https:\/\/www.wesselton.net\/wp-content\/uploads\/marco-bicego-collaret-marrakesh-CG340-B.jpg\",\"width\":680,\"height\":920,\"caption\":\"COLLIER MARCO BICEGO - MARRAKECH DIAMANTS\"},{\"@type\":\"BreadcrumbList\",\"@id\":\"https:\/\/www.wesselton.net\/fr\/collier-marco-bicego-marrakech-diamants-or-jaune\/#breadcrumb\",\"itemListElement\":[{\"@type\":\"ListItem\",\"position\":1,\"name\":\"Inici\",\"item\":\"https:\/\/www.wesselton.net\/fr\/\"},{\"@type\":\"ListItem\",\"position\":2,\"name\":\"Boutique\",\"item\":\"https:\/\/www.wesselton.net\/fr\/boutique\/\"},{\"@type\":\"ListItem\",\"position\":3,\"name\":\"Collier Marco Bicego Marrakech avec diamants\"}]},{\"@type\":\"WebSite\",\"@id\":\"https:\/\/www.wesselton.net\/#website\",\"url\":\"https:\/\/www.wesselton.net\/\",\"name\":\"Wesselton | Bijoux et Diamants\",\"description\":\"Diamants \u00fanics per moments \u00fanics. Peces d&#039;elaboraci\u00f3 pr\u00f2pia de m\u00e0xima qualitat, cuidades fins a l&#039;\u00faltim detall, i les millors marques de joieria.\",\"potentialAction\":[{\"@type\":\"SearchAction\",\"target\":{\"@type\":\"EntryPoint\",\"urlTemplate\":\"https:\/\/www.wesselton.net\/?s={search_term_string}\"},\"query-input\":{\"@type\":\"PropertyValueSpecification\",\"valueRequired\":true,\"valueName\":\"search_term_string\"}}],\"inLanguage\":\"fr-FR\"}]}<\/script>\n<!-- \/ Yoast SEO plugin. -->","yoast_head_json":{"title":"Collier Marco Bicego Marrakech avec diamants - Wesselton","description":"Collier Marco Bicego en or jaune 18 carats, fabriqu\u00e9 \u00e0 la main avec la technique Corda di Chitarra. Ce bijou contient 0,60 ct de diamants taille brillant.","robots":{"index":"index","follow":"follow","max-snippet":"max-snippet:-1","max-image-preview":"max-image-preview:large","max-video-preview":"max-video-preview:-1"},"canonical":"https:\/\/www.wesselton.net\/fr\/collier-marco-bicego-marrakech-diamants-or-jaune\/","og_locale":"fr_FR","og_type":"article","og_title":"Collier Marco Bicego Marrakech avec diamants - Wesselton","og_description":"Collier Marco Bicego en or jaune 18 carats, fabriqu\u00e9 \u00e0 la main avec la technique Corda di Chitarra. Ce bijou contient 0,60 ct de diamants taille brillant.","og_url":"https:\/\/www.wesselton.net\/fr\/collier-marco-bicego-marrakech-diamants-or-jaune\/","og_site_name":"Wesselton | Bijoux et Diamants","article_publisher":"https:\/\/www.facebook.com\/wesselton.oficial\/","article_modified_time":"2026-02-13T11:01:50+00:00","og_image":[{"width":680,"height":920,"url":"https:\/\/www.wesselton.net\/wp-content\/uploads\/marco-bicego-collaret-marrakesh-CG340-B.jpg","type":"image\/jpeg"}],"twitter_card":"summary_large_image","twitter_misc":{"Dur\u00e9e de lecture estim\u00e9e":"2 minutes"},"schema":{"@context":"https:\/\/schema.org","@graph":[{"@type":"WebPage","@id":"https:\/\/www.wesselton.net\/fr\/collier-marco-bicego-marrakech-diamants-or-jaune\/","url":"https:\/\/www.wesselton.net\/fr\/collier-marco-bicego-marrakech-diamants-or-jaune\/","name":"Collier Marco Bicego Marrakech avec diamants - Wesselton","isPartOf":{"@id":"https:\/\/www.wesselton.net\/#website"},"primaryImageOfPage":{"@id":"https:\/\/www.wesselton.net\/fr\/collier-marco-bicego-marrakech-diamants-or-jaune\/#primaryimage"},"image":{"@id":"https:\/\/www.wesselton.net\/fr\/collier-marco-bicego-marrakech-diamants-or-jaune\/#primaryimage"},"thumbnailUrl":"https:\/\/www.wesselton.net\/wp-content\/uploads\/marco-bicego-collaret-marrakesh-CG340-B.jpg","datePublished":"2020-06-17T15:25:20+00:00","dateModified":"2026-02-13T11:01:50+00:00","description":"Collier Marco Bicego en or jaune 18 carats, fabriqu\u00e9 \u00e0 la main avec la technique Corda di Chitarra. Ce bijou contient 0,60 ct de diamants taille brillant.","breadcrumb":{"@id":"https:\/\/www.wesselton.net\/fr\/collier-marco-bicego-marrakech-diamants-or-jaune\/#breadcrumb"},"inLanguage":"fr-FR","potentialAction":[{"@type":"ReadAction","target":["https:\/\/www.wesselton.net\/fr\/collier-marco-bicego-marrakech-diamants-or-jaune\/"]}]},{"@type":"ImageObject","inLanguage":"fr-FR","@id":"https:\/\/www.wesselton.net\/fr\/collier-marco-bicego-marrakech-diamants-or-jaune\/#primaryimage","url":"https:\/\/www.wesselton.net\/wp-content\/uploads\/marco-bicego-collaret-marrakesh-CG340-B.jpg","contentUrl":"https:\/\/www.wesselton.net\/wp-content\/uploads\/marco-bicego-collaret-marrakesh-CG340-B.jpg","width":680,"height":920,"caption":"COLLIER MARCO BICEGO - MARRAKECH DIAMANTS"},{"@type":"BreadcrumbList","@id":"https:\/\/www.wesselton.net\/fr\/collier-marco-bicego-marrakech-diamants-or-jaune\/#breadcrumb","itemListElement":[{"@type":"ListItem","position":1,"name":"Inici","item":"https:\/\/www.wesselton.net\/fr\/"},{"@type":"ListItem","position":2,"name":"Boutique","item":"https:\/\/www.wesselton.net\/fr\/boutique\/"},{"@type":"ListItem","position":3,"name":"Collier Marco Bicego Marrakech avec diamants"}]},{"@type":"WebSite","@id":"https:\/\/www.wesselton.net\/#website","url":"https:\/\/www.wesselton.net\/","name":"Wesselton | Bijoux et Diamants","description":"Diamants \u00fanics per moments \u00fanics. Peces d&#039;elaboraci\u00f3 pr\u00f2pia de m\u00e0xima qualitat, cuidades fins a l&#039;\u00faltim detall, i les millors marques de joieria.","potentialAction":[{"@type":"SearchAction","target":{"@type":"EntryPoint","urlTemplate":"https:\/\/www.wesselton.net\/?s={search_term_string}"},"query-input":{"@type":"PropertyValueSpecification","valueRequired":true,"valueName":"search_term_string"}}],"inLanguage":"fr-FR"}]}},"_links":{"self":[{"href":"https:\/\/www.wesselton.net\/fr\/wp-json\/wp\/v2\/product\/15201","targetHints":{"allow":["GET"]}}],"collection":[{"href":"https:\/\/www.wesselton.net\/fr\/wp-json\/wp\/v2\/product"}],"about":[{"href":"https:\/\/www.wesselton.net\/fr\/wp-json\/wp\/v2\/types\/product"}],"replies":[{"embeddable":true,"href":"https:\/\/www.wesselton.net\/fr\/wp-json\/wp\/v2\/comments?post=15201"}],"wp:featuredmedia":[{"embeddable":true,"href":"https:\/\/www.wesselton.net\/fr\/wp-json\/wp\/v2\/media\/11230"}],"wp:attachment":[{"href":"https:\/\/www.wesselton.net\/fr\/wp-json\/wp\/v2\/media?parent=15201"}],"wp:term":[{"taxonomy":"product_brand","embeddable":true,"href":"https:\/\/www.wesselton.net\/fr\/wp-json\/wp\/v2\/product_brand?post=15201"},{"taxonomy":"product_cat","embeddable":true,"href":"https:\/\/www.wesselton.net\/fr\/wp-json\/wp\/v2\/product_cat?post=15201"},{"taxonomy":"product_tag","embeddable":true,"href":"https:\/\/www.wesselton.net\/fr\/wp-json\/wp\/v2\/product_tag?post=15201"}],"curies":[{"name":"wp","href":"https:\/\/api.w.org\/{rel}","templated":true}]}}