

{"id":15951,"date":"2020-12-06T18:08:16","date_gmt":"2020-12-06T16:08:16","guid":{"rendered":"https:\/\/www.wesselton.net\/?post_type=product&#038;p=15951"},"modified":"2026-02-25T11:43:10","modified_gmt":"2026-02-25T09:43:10","slug":"bague-wesselton-or-rouge-et-blanc-diamants-rubis","status":"publish","type":"product","link":"https:\/\/www.wesselton.net\/fr\/bague-wesselton-or-rouge-et-blanc-diamants-rubis\/","title":{"rendered":"Bague Wesselton en or blanc, diamants et rubis"},"content":{"rendered":"<p>D\u00e9couvrez la bague Wesselton en or blanc, diamants et rubis, un bijou exclusif r\u00e9alis\u00e9 \u00e0 la main qui allie la puret\u00e9 des diamants \u00e0 l&rsquo;\u00e9clat des rubis.<\/p>\n<p>La bague Wesselton en Or blanc diamants et rubis 18 carats pr\u00e9sente un design \u00e9quilibr\u00e9 et lumineux. Elle est sertie de sept diamants naturels taille brillant de 2,50 mm de diam\u00e8tre, s\u00e9lectionn\u00e9s pour leur couleur G (blanc extra) et leur puret\u00e9 VS2, garantissant une brillance et une clart\u00e9 exceptionnelles.<\/p>\n<p>Ce bijou est sublim\u00e9 par sept rubis naturels ronds de 2,50 mm, dont le rouge intense offre un contraste \u00e9l\u00e9gant et une touche de distinction. Le poids total des diamants est de 0,43 carat, tandis que celui des rubis est de 0,42 carat, cr\u00e9ant ainsi une combinaison harmonieuse et raffin\u00e9e.<\/p>\n","protected":false},"excerpt":{"rendered":"<p>Cette collection joue avec les lignes et les espaces vides, des bijoux avec des pierres qui \u00e9pousent le contour du doigt ou du poignet sans fermeture. Avec cette collection, nous recherchons des designs plus disruptifs et diff\u00e9rents, mais qui conservent l&rsquo;\u00e9l\u00e9gance intemporelle que nous appr\u00e9cions tant.<\/p>\n","protected":false},"featured_media":15954,"comment_status":"open","ping_status":"closed","template":"","meta":[],"product_brand":[],"product_cat":[5046,2275,2283,2307,4833,4817],"product_tag":[],"class_list":{"0":"post-15951","1":"product","2":"type-product","3":"status-publish","4":"has-post-thumbnail","6":"product_cat-bagues-fr","7":"product_cat-avec-diamants","8":"product_cat-avec-or-blanc","9":"product_cat-rubis","10":"product_cat-w-lines-fr","11":"product_cat-wesselton-fr","12":"yith_product_brand-wesselton-fr","14":"first","15":"outofstock","16":"shipping-taxable","17":"purchasable","18":"product-type-simple"},"acf":[],"yoast_head":"<!-- This site is optimized with the Yoast SEO plugin v27.3 - https:\/\/yoast.com\/product\/yoast-seo-wordpress\/ -->\n<title>Bague Wesselton en or blanc diamants - Wesselton | Bijoux et Diamants<\/title>\n<meta name=\"description\" content=\"Avec la Bague Wesselton en or blanc diamants 18 carats, diamants blancs naturels et rubis, nous pr\u00e9sentons un design \u00e0 la fois r\u00e9volutionnaire .\" \/>\n<meta name=\"robots\" content=\"index, follow, max-snippet:-1, max-image-preview:large, max-video-preview:-1\" \/>\n<link rel=\"canonical\" href=\"https:\/\/www.wesselton.net\/fr\/bague-wesselton-or-rouge-et-blanc-diamants-rubis\/\" \/>\n<meta property=\"og:locale\" content=\"fr_FR\" \/>\n<meta property=\"og:type\" content=\"article\" \/>\n<meta property=\"og:title\" content=\"Bague Wesselton en or blanc diamants - Wesselton | Bijoux et Diamants\" \/>\n<meta property=\"og:description\" content=\"Avec la Bague Wesselton en or blanc diamants 18 carats, diamants blancs naturels et rubis, nous pr\u00e9sentons un design \u00e0 la fois r\u00e9volutionnaire .\" \/>\n<meta property=\"og:url\" content=\"https:\/\/www.wesselton.net\/fr\/bague-wesselton-or-rouge-et-blanc-diamants-rubis\/\" \/>\n<meta property=\"og:site_name\" content=\"Wesselton | Bijoux et Diamants\" \/>\n<meta property=\"article:publisher\" content=\"https:\/\/www.facebook.com\/wesselton.oficial\/\" \/>\n<meta property=\"article:modified_time\" content=\"2026-02-25T09:43:10+00:00\" \/>\n<meta property=\"og:image\" content=\"https:\/\/www.wesselton.net\/wp-content\/uploads\/ANELL01_07-WEB.jpg\" \/>\n\t<meta property=\"og:image:width\" content=\"680\" \/>\n\t<meta property=\"og:image:height\" content=\"920\" \/>\n\t<meta property=\"og:image:type\" content=\"image\/jpeg\" \/>\n<meta name=\"twitter:card\" content=\"summary_large_image\" \/>\n<meta name=\"twitter:label1\" content=\"Dur\u00e9e de lecture estim\u00e9e\" \/>\n\t<meta name=\"twitter:data1\" content=\"1 minute\" \/>\n<script type=\"application\/ld+json\" class=\"yoast-schema-graph\">{\"@context\":\"https:\\\/\\\/schema.org\",\"@graph\":[{\"@type\":\"WebPage\",\"@id\":\"https:\\\/\\\/www.wesselton.net\\\/fr\\\/bague-wesselton-or-rouge-et-blanc-diamants-rubis\\\/\",\"url\":\"https:\\\/\\\/www.wesselton.net\\\/fr\\\/bague-wesselton-or-rouge-et-blanc-diamants-rubis\\\/\",\"name\":\"Bague Wesselton en or blanc diamants - Wesselton | Bijoux et Diamants\",\"isPartOf\":{\"@id\":\"https:\\\/\\\/www.wesselton.net\\\/#website\"},\"primaryImageOfPage\":{\"@id\":\"https:\\\/\\\/www.wesselton.net\\\/fr\\\/bague-wesselton-or-rouge-et-blanc-diamants-rubis\\\/#primaryimage\"},\"image\":{\"@id\":\"https:\\\/\\\/www.wesselton.net\\\/fr\\\/bague-wesselton-or-rouge-et-blanc-diamants-rubis\\\/#primaryimage\"},\"thumbnailUrl\":\"https:\\\/\\\/www.wesselton.net\\\/wp-content\\\/uploads\\\/ANELL01_07-WEB.jpg\",\"datePublished\":\"2020-12-06T16:08:16+00:00\",\"dateModified\":\"2026-02-25T09:43:10+00:00\",\"description\":\"Avec la Bague Wesselton en or blanc diamants 18 carats, diamants blancs naturels et rubis, nous pr\u00e9sentons un design \u00e0 la fois r\u00e9volutionnaire .\",\"breadcrumb\":{\"@id\":\"https:\\\/\\\/www.wesselton.net\\\/fr\\\/bague-wesselton-or-rouge-et-blanc-diamants-rubis\\\/#breadcrumb\"},\"inLanguage\":\"fr-FR\",\"potentialAction\":[{\"@type\":\"ReadAction\",\"target\":[\"https:\\\/\\\/www.wesselton.net\\\/fr\\\/bague-wesselton-or-rouge-et-blanc-diamants-rubis\\\/\"]}]},{\"@type\":\"ImageObject\",\"inLanguage\":\"fr-FR\",\"@id\":\"https:\\\/\\\/www.wesselton.net\\\/fr\\\/bague-wesselton-or-rouge-et-blanc-diamants-rubis\\\/#primaryimage\",\"url\":\"https:\\\/\\\/www.wesselton.net\\\/wp-content\\\/uploads\\\/ANELL01_07-WEB.jpg\",\"contentUrl\":\"https:\\\/\\\/www.wesselton.net\\\/wp-content\\\/uploads\\\/ANELL01_07-WEB.jpg\",\"width\":680,\"height\":920,\"caption\":\"W-LINES BAGUE RED&WHITE OR BLANC, DIAMANTS ET RUBIS-001\"},{\"@type\":\"BreadcrumbList\",\"@id\":\"https:\\\/\\\/www.wesselton.net\\\/fr\\\/bague-wesselton-or-rouge-et-blanc-diamants-rubis\\\/#breadcrumb\",\"itemListElement\":[{\"@type\":\"ListItem\",\"position\":1,\"name\":\"Inici\",\"item\":\"https:\\\/\\\/www.wesselton.net\\\/fr\\\/\"},{\"@type\":\"ListItem\",\"position\":2,\"name\":\"Boutique\",\"item\":\"https:\\\/\\\/www.wesselton.net\\\/fr\\\/boutique\\\/\"},{\"@type\":\"ListItem\",\"position\":3,\"name\":\"Bague Wesselton en or blanc, diamants et rubis\"}]},{\"@type\":\"WebSite\",\"@id\":\"https:\\\/\\\/www.wesselton.net\\\/#website\",\"url\":\"https:\\\/\\\/www.wesselton.net\\\/\",\"name\":\"Wesselton | Bijoux et Diamants\",\"description\":\"Diamants \u00fanics per moments \u00fanics. Peces d&#039;elaboraci\u00f3 pr\u00f2pia de m\u00e0xima qualitat, cuidades fins a l&#039;\u00faltim detall, i les millors marques de joieria.\",\"potentialAction\":[{\"@type\":\"SearchAction\",\"target\":{\"@type\":\"EntryPoint\",\"urlTemplate\":\"https:\\\/\\\/www.wesselton.net\\\/?s={search_term_string}\"},\"query-input\":{\"@type\":\"PropertyValueSpecification\",\"valueRequired\":true,\"valueName\":\"search_term_string\"}}],\"inLanguage\":\"fr-FR\"}]}<\/script>\n<!-- \/ Yoast SEO plugin. -->","yoast_head_json":{"title":"Bague Wesselton en or blanc diamants - Wesselton | Bijoux et Diamants","description":"Avec la Bague Wesselton en or blanc diamants 18 carats, diamants blancs naturels et rubis, nous pr\u00e9sentons un design \u00e0 la fois r\u00e9volutionnaire .","robots":{"index":"index","follow":"follow","max-snippet":"max-snippet:-1","max-image-preview":"max-image-preview:large","max-video-preview":"max-video-preview:-1"},"canonical":"https:\/\/www.wesselton.net\/fr\/bague-wesselton-or-rouge-et-blanc-diamants-rubis\/","og_locale":"fr_FR","og_type":"article","og_title":"Bague Wesselton en or blanc diamants - Wesselton | Bijoux et Diamants","og_description":"Avec la Bague Wesselton en or blanc diamants 18 carats, diamants blancs naturels et rubis, nous pr\u00e9sentons un design \u00e0 la fois r\u00e9volutionnaire .","og_url":"https:\/\/www.wesselton.net\/fr\/bague-wesselton-or-rouge-et-blanc-diamants-rubis\/","og_site_name":"Wesselton | Bijoux et Diamants","article_publisher":"https:\/\/www.facebook.com\/wesselton.oficial\/","article_modified_time":"2026-02-25T09:43:10+00:00","og_image":[{"width":680,"height":920,"url":"https:\/\/www.wesselton.net\/wp-content\/uploads\/ANELL01_07-WEB.jpg","type":"image\/jpeg"}],"twitter_card":"summary_large_image","twitter_misc":{"Dur\u00e9e de lecture estim\u00e9e":"1 minute"},"schema":{"@context":"https:\/\/schema.org","@graph":[{"@type":"WebPage","@id":"https:\/\/www.wesselton.net\/fr\/bague-wesselton-or-rouge-et-blanc-diamants-rubis\/","url":"https:\/\/www.wesselton.net\/fr\/bague-wesselton-or-rouge-et-blanc-diamants-rubis\/","name":"Bague Wesselton en or blanc diamants - Wesselton | Bijoux et Diamants","isPartOf":{"@id":"https:\/\/www.wesselton.net\/#website"},"primaryImageOfPage":{"@id":"https:\/\/www.wesselton.net\/fr\/bague-wesselton-or-rouge-et-blanc-diamants-rubis\/#primaryimage"},"image":{"@id":"https:\/\/www.wesselton.net\/fr\/bague-wesselton-or-rouge-et-blanc-diamants-rubis\/#primaryimage"},"thumbnailUrl":"https:\/\/www.wesselton.net\/wp-content\/uploads\/ANELL01_07-WEB.jpg","datePublished":"2020-12-06T16:08:16+00:00","dateModified":"2026-02-25T09:43:10+00:00","description":"Avec la Bague Wesselton en or blanc diamants 18 carats, diamants blancs naturels et rubis, nous pr\u00e9sentons un design \u00e0 la fois r\u00e9volutionnaire .","breadcrumb":{"@id":"https:\/\/www.wesselton.net\/fr\/bague-wesselton-or-rouge-et-blanc-diamants-rubis\/#breadcrumb"},"inLanguage":"fr-FR","potentialAction":[{"@type":"ReadAction","target":["https:\/\/www.wesselton.net\/fr\/bague-wesselton-or-rouge-et-blanc-diamants-rubis\/"]}]},{"@type":"ImageObject","inLanguage":"fr-FR","@id":"https:\/\/www.wesselton.net\/fr\/bague-wesselton-or-rouge-et-blanc-diamants-rubis\/#primaryimage","url":"https:\/\/www.wesselton.net\/wp-content\/uploads\/ANELL01_07-WEB.jpg","contentUrl":"https:\/\/www.wesselton.net\/wp-content\/uploads\/ANELL01_07-WEB.jpg","width":680,"height":920,"caption":"W-LINES BAGUE RED&WHITE OR BLANC, DIAMANTS ET RUBIS-001"},{"@type":"BreadcrumbList","@id":"https:\/\/www.wesselton.net\/fr\/bague-wesselton-or-rouge-et-blanc-diamants-rubis\/#breadcrumb","itemListElement":[{"@type":"ListItem","position":1,"name":"Inici","item":"https:\/\/www.wesselton.net\/fr\/"},{"@type":"ListItem","position":2,"name":"Boutique","item":"https:\/\/www.wesselton.net\/fr\/boutique\/"},{"@type":"ListItem","position":3,"name":"Bague Wesselton en or blanc, diamants et rubis"}]},{"@type":"WebSite","@id":"https:\/\/www.wesselton.net\/#website","url":"https:\/\/www.wesselton.net\/","name":"Wesselton | Bijoux et Diamants","description":"Diamants \u00fanics per moments \u00fanics. Peces d&#039;elaboraci\u00f3 pr\u00f2pia de m\u00e0xima qualitat, cuidades fins a l&#039;\u00faltim detall, i les millors marques de joieria.","potentialAction":[{"@type":"SearchAction","target":{"@type":"EntryPoint","urlTemplate":"https:\/\/www.wesselton.net\/?s={search_term_string}"},"query-input":{"@type":"PropertyValueSpecification","valueRequired":true,"valueName":"search_term_string"}}],"inLanguage":"fr-FR"}]}},"_links":{"self":[{"href":"https:\/\/www.wesselton.net\/fr\/wp-json\/wp\/v2\/product\/15951","targetHints":{"allow":["GET"]}}],"collection":[{"href":"https:\/\/www.wesselton.net\/fr\/wp-json\/wp\/v2\/product"}],"about":[{"href":"https:\/\/www.wesselton.net\/fr\/wp-json\/wp\/v2\/types\/product"}],"replies":[{"embeddable":true,"href":"https:\/\/www.wesselton.net\/fr\/wp-json\/wp\/v2\/comments?post=15951"}],"wp:featuredmedia":[{"embeddable":true,"href":"https:\/\/www.wesselton.net\/fr\/wp-json\/wp\/v2\/media\/15954"}],"wp:attachment":[{"href":"https:\/\/www.wesselton.net\/fr\/wp-json\/wp\/v2\/media?parent=15951"}],"wp:term":[{"taxonomy":"product_brand","embeddable":true,"href":"https:\/\/www.wesselton.net\/fr\/wp-json\/wp\/v2\/product_brand?post=15951"},{"taxonomy":"product_cat","embeddable":true,"href":"https:\/\/www.wesselton.net\/fr\/wp-json\/wp\/v2\/product_cat?post=15951"},{"taxonomy":"product_tag","embeddable":true,"href":"https:\/\/www.wesselton.net\/fr\/wp-json\/wp\/v2\/product_tag?post=15951"}],"curies":[{"name":"wp","href":"https:\/\/api.w.org\/{rel}","templated":true}]}}