

{"id":16454,"date":"2021-01-20T19:55:32","date_gmt":"2021-01-20T17:55:35","guid":{"rendered":"https:\/\/www.wesselton.net\/?post_type=product&#038;p=16454"},"modified":"2025-05-15T10:57:39","modified_gmt":"2025-05-15T08:57:39","slug":"boucles-doreille-or-rose-diamants-et-pierres-precieuses-wesselton-w-colors","status":"publish","type":"product","link":"https:\/\/www.wesselton.net\/fr\/boucles-doreille-or-rose-diamants-et-pierres-precieuses-wesselton-w-colors\/","title":{"rendered":"Boucles d\u2019oreilles or rose diamants et pierres pr\u00e9cieuses WESSELTON W Colors"},"content":{"rendered":"<p data-start=\"2824\" data-end=\"2916\"><strong data-start=\"2833\" data-end=\"2916\">Boucles d\u2019oreilles or rose, diamants et pierres pr\u00e9cieuses \u2013 <a href=\"https:\/\/www.wesselton.net\/fr\/marques\/wesselton-fr\/\">WESSELTON<\/a> W Colors<\/strong><\/p>\n<p class=\"\" data-start=\"2918\" data-end=\"3338\">Laissez-vous s\u00e9duire par l\u2019harmonie chromatique des <strong data-start=\"2970\" data-end=\"3039\">boucles d\u2019oreilles en or rose diamants et pierres pr\u00e9cieuses<\/strong> de la collection WESSELTON W Colors. Ces bijoux exclusifs sont fabriqu\u00e9s \u00e0 la main en or rose 18 carats, un m\u00e9tal noble qui apporte chaleur et \u00e9l\u00e9gance naturelle \u00e0 leur design. Leur silhouette raffin\u00e9e marie l\u2019artisanat traditionnel \u00e0 une esth\u00e9tique contemporaine, id\u00e9ale pour toutes les occasions.<\/p>\n<p class=\"\" data-start=\"3340\" data-end=\"3798\">Chaque boucle d\u2019oreille est sertie avec pr\u00e9cision de trois <strong data-start=\"3399\" data-end=\"3436\">diamants naturels taille brillant<\/strong> de 1,40 mm, de couleur G et puret\u00e9 VS, pour un total de 0,09 ct. Ces diamants apportent une lumi\u00e8re subtile qui sublime l\u2019ensemble. En outre, 38 <strong data-start=\"3582\" data-end=\"3615\">saphirs multicolores naturels<\/strong> et 8 <strong data-start=\"3621\" data-end=\"3645\">\u00e9meraudes naturelles<\/strong>, tous de 1,40 mm, viennent compl\u00e9ter la cr\u00e9ation avec une touche chromatique vibrante et \u00e9l\u00e9gante. Le poids total des pierres de couleur est de 0,46 ct.<\/p>\n<p class=\"\" data-start=\"3800\" data-end=\"4195\">Gr\u00e2ce \u00e0 leur design l\u00e9ger et confortable, ces boucles d\u2019oreilles sont parfaites tant pour les grandes occasions que pour sublimer un style quotidien avec sophistication. L\u2019association soign\u00e9e des diamants et des pierres pr\u00e9cieuses en fait une expression authentique de style et de personnalit\u00e9. Parfaites pour celles et ceux qui recherchent l\u2019excellence, l\u2019originalit\u00e9 et la beaut\u00e9 intemporelle.<\/p>\n","protected":false},"excerpt":{"rendered":"<p>Cette collection joue avec les lignes et les espaces vides, des bijoux avec des pierres qui \u00e9pousent le contour du doigt ou du poignet sans fermeture. Avec cette collection, nous recherchons des designs plus disruptifs et diff\u00e9rents, mais qui conservent l&rsquo;\u00e9l\u00e9gance intemporelle que nous appr\u00e9cions tant.<\/p>\n","protected":false},"featured_media":16556,"comment_status":"open","ping_status":"closed","template":"","meta":[],"product_brand":[],"product_cat":[3144,2363,4851,4817],"product_tag":[],"class_list":{"0":"post-16454","1":"product","2":"type-product","3":"status-publish","4":"has-post-thumbnail","6":"product_cat-avec-autres-gemmes","7":"product_cat-de-or-rose","8":"product_cat-w-colors-fr","9":"product_cat-wesselton-fr","10":"yith_product_brand-wesselton-fr","12":"first","13":"instock","14":"shipping-taxable","15":"purchasable","16":"product-type-simple"},"acf":[],"yoast_head":"<!-- This site is optimized with the Yoast SEO plugin v27.3 - https:\/\/yoast.com\/product\/yoast-seo-wordpress\/ -->\n<title>Boucles d\u2019oreilles or rose diamants et pierres pr\u00e9cieuses WESSELTON W Colors<\/title>\n<meta name=\"description\" content=\"Laissez-vous s\u00e9duire par l\u2019harmonie chromatique des boucles d\u2019oreilles en or rose diamants et pierres pr\u00e9cieuses de la collection WESSELTON W Colors.\" \/>\n<meta name=\"robots\" content=\"index, follow, max-snippet:-1, max-image-preview:large, max-video-preview:-1\" \/>\n<link rel=\"canonical\" href=\"https:\/\/www.wesselton.net\/fr\/boucles-doreille-or-rose-diamants-et-pierres-precieuses-wesselton-w-colors\/\" \/>\n<meta property=\"og:locale\" content=\"fr_FR\" \/>\n<meta property=\"og:type\" content=\"article\" \/>\n<meta property=\"og:title\" content=\"Boucles d\u2019oreilles or rose diamants et pierres pr\u00e9cieuses WESSELTON W Colors\" \/>\n<meta property=\"og:description\" content=\"Laissez-vous s\u00e9duire par l\u2019harmonie chromatique des boucles d\u2019oreilles en or rose diamants et pierres pr\u00e9cieuses de la collection WESSELTON W Colors.\" \/>\n<meta property=\"og:url\" content=\"https:\/\/www.wesselton.net\/fr\/boucles-doreille-or-rose-diamants-et-pierres-precieuses-wesselton-w-colors\/\" \/>\n<meta property=\"og:site_name\" content=\"Wesselton | Bijoux et Diamants\" \/>\n<meta property=\"article:publisher\" content=\"https:\/\/www.facebook.com\/wesselton.oficial\/\" \/>\n<meta property=\"article:modified_time\" content=\"2025-05-15T08:57:39+00:00\" \/>\n<meta property=\"og:image\" content=\"https:\/\/www.wesselton.net\/wp-content\/uploads\/ARRACADES03_02.jpg\" \/>\n\t<meta property=\"og:image:width\" content=\"680\" \/>\n\t<meta property=\"og:image:height\" content=\"920\" \/>\n\t<meta property=\"og:image:type\" content=\"image\/jpeg\" \/>\n<meta name=\"twitter:card\" content=\"summary_large_image\" \/>\n<meta name=\"twitter:label1\" content=\"Dur\u00e9e de lecture estim\u00e9e\" \/>\n\t<meta name=\"twitter:data1\" content=\"2 minutes\" \/>\n<script type=\"application\/ld+json\" class=\"yoast-schema-graph\">{\"@context\":\"https:\\\/\\\/schema.org\",\"@graph\":[{\"@type\":\"WebPage\",\"@id\":\"https:\\\/\\\/www.wesselton.net\\\/fr\\\/boucles-doreille-or-rose-diamants-et-pierres-precieuses-wesselton-w-colors\\\/\",\"url\":\"https:\\\/\\\/www.wesselton.net\\\/fr\\\/boucles-doreille-or-rose-diamants-et-pierres-precieuses-wesselton-w-colors\\\/\",\"name\":\"Boucles d\u2019oreilles or rose diamants et pierres pr\u00e9cieuses WESSELTON W Colors\",\"isPartOf\":{\"@id\":\"https:\\\/\\\/www.wesselton.net\\\/#website\"},\"primaryImageOfPage\":{\"@id\":\"https:\\\/\\\/www.wesselton.net\\\/fr\\\/boucles-doreille-or-rose-diamants-et-pierres-precieuses-wesselton-w-colors\\\/#primaryimage\"},\"image\":{\"@id\":\"https:\\\/\\\/www.wesselton.net\\\/fr\\\/boucles-doreille-or-rose-diamants-et-pierres-precieuses-wesselton-w-colors\\\/#primaryimage\"},\"thumbnailUrl\":\"https:\\\/\\\/www.wesselton.net\\\/wp-content\\\/uploads\\\/ARRACADES03_02.jpg\",\"datePublished\":\"2021-01-20T17:55:35+00:00\",\"dateModified\":\"2025-05-15T08:57:39+00:00\",\"description\":\"Laissez-vous s\u00e9duire par l\u2019harmonie chromatique des boucles d\u2019oreilles en or rose diamants et pierres pr\u00e9cieuses de la collection WESSELTON W Colors.\",\"breadcrumb\":{\"@id\":\"https:\\\/\\\/www.wesselton.net\\\/fr\\\/boucles-doreille-or-rose-diamants-et-pierres-precieuses-wesselton-w-colors\\\/#breadcrumb\"},\"inLanguage\":\"fr-FR\",\"potentialAction\":[{\"@type\":\"ReadAction\",\"target\":[\"https:\\\/\\\/www.wesselton.net\\\/fr\\\/boucles-doreille-or-rose-diamants-et-pierres-precieuses-wesselton-w-colors\\\/\"]}]},{\"@type\":\"ImageObject\",\"inLanguage\":\"fr-FR\",\"@id\":\"https:\\\/\\\/www.wesselton.net\\\/fr\\\/boucles-doreille-or-rose-diamants-et-pierres-precieuses-wesselton-w-colors\\\/#primaryimage\",\"url\":\"https:\\\/\\\/www.wesselton.net\\\/wp-content\\\/uploads\\\/ARRACADES03_02.jpg\",\"contentUrl\":\"https:\\\/\\\/www.wesselton.net\\\/wp-content\\\/uploads\\\/ARRACADES03_02.jpg\",\"width\":680,\"height\":920,\"caption\":\"BOUCLES D'OREILLE ATELIER DE WESSELTON COLLECTION \u00c0URIA OR ROSE AVEC DIAMANTS ET PIERRES PR\u00c9CIEUSES DE COULEUR-001\"},{\"@type\":\"BreadcrumbList\",\"@id\":\"https:\\\/\\\/www.wesselton.net\\\/fr\\\/boucles-doreille-or-rose-diamants-et-pierres-precieuses-wesselton-w-colors\\\/#breadcrumb\",\"itemListElement\":[{\"@type\":\"ListItem\",\"position\":1,\"name\":\"Inici\",\"item\":\"https:\\\/\\\/www.wesselton.net\\\/fr\\\/\"},{\"@type\":\"ListItem\",\"position\":2,\"name\":\"Boutique\",\"item\":\"https:\\\/\\\/www.wesselton.net\\\/fr\\\/boutique\\\/\"},{\"@type\":\"ListItem\",\"position\":3,\"name\":\"Boucles d\u2019oreilles or rose diamants et pierres pr\u00e9cieuses WESSELTON W Colors\"}]},{\"@type\":\"WebSite\",\"@id\":\"https:\\\/\\\/www.wesselton.net\\\/#website\",\"url\":\"https:\\\/\\\/www.wesselton.net\\\/\",\"name\":\"Wesselton | Bijoux et Diamants\",\"description\":\"Diamants \u00fanics per moments \u00fanics. Peces d&#039;elaboraci\u00f3 pr\u00f2pia de m\u00e0xima qualitat, cuidades fins a l&#039;\u00faltim detall, i les millors marques de joieria.\",\"potentialAction\":[{\"@type\":\"SearchAction\",\"target\":{\"@type\":\"EntryPoint\",\"urlTemplate\":\"https:\\\/\\\/www.wesselton.net\\\/?s={search_term_string}\"},\"query-input\":{\"@type\":\"PropertyValueSpecification\",\"valueRequired\":true,\"valueName\":\"search_term_string\"}}],\"inLanguage\":\"fr-FR\"}]}<\/script>\n<!-- \/ Yoast SEO plugin. -->","yoast_head_json":{"title":"Boucles d\u2019oreilles or rose diamants et pierres pr\u00e9cieuses WESSELTON W Colors","description":"Laissez-vous s\u00e9duire par l\u2019harmonie chromatique des boucles d\u2019oreilles en or rose diamants et pierres pr\u00e9cieuses de la collection WESSELTON W Colors.","robots":{"index":"index","follow":"follow","max-snippet":"max-snippet:-1","max-image-preview":"max-image-preview:large","max-video-preview":"max-video-preview:-1"},"canonical":"https:\/\/www.wesselton.net\/fr\/boucles-doreille-or-rose-diamants-et-pierres-precieuses-wesselton-w-colors\/","og_locale":"fr_FR","og_type":"article","og_title":"Boucles d\u2019oreilles or rose diamants et pierres pr\u00e9cieuses WESSELTON W Colors","og_description":"Laissez-vous s\u00e9duire par l\u2019harmonie chromatique des boucles d\u2019oreilles en or rose diamants et pierres pr\u00e9cieuses de la collection WESSELTON W Colors.","og_url":"https:\/\/www.wesselton.net\/fr\/boucles-doreille-or-rose-diamants-et-pierres-precieuses-wesselton-w-colors\/","og_site_name":"Wesselton | Bijoux et Diamants","article_publisher":"https:\/\/www.facebook.com\/wesselton.oficial\/","article_modified_time":"2025-05-15T08:57:39+00:00","og_image":[{"width":680,"height":920,"url":"https:\/\/www.wesselton.net\/wp-content\/uploads\/ARRACADES03_02.jpg","type":"image\/jpeg"}],"twitter_card":"summary_large_image","twitter_misc":{"Dur\u00e9e de lecture estim\u00e9e":"2 minutes"},"schema":{"@context":"https:\/\/schema.org","@graph":[{"@type":"WebPage","@id":"https:\/\/www.wesselton.net\/fr\/boucles-doreille-or-rose-diamants-et-pierres-precieuses-wesselton-w-colors\/","url":"https:\/\/www.wesselton.net\/fr\/boucles-doreille-or-rose-diamants-et-pierres-precieuses-wesselton-w-colors\/","name":"Boucles d\u2019oreilles or rose diamants et pierres pr\u00e9cieuses WESSELTON W Colors","isPartOf":{"@id":"https:\/\/www.wesselton.net\/#website"},"primaryImageOfPage":{"@id":"https:\/\/www.wesselton.net\/fr\/boucles-doreille-or-rose-diamants-et-pierres-precieuses-wesselton-w-colors\/#primaryimage"},"image":{"@id":"https:\/\/www.wesselton.net\/fr\/boucles-doreille-or-rose-diamants-et-pierres-precieuses-wesselton-w-colors\/#primaryimage"},"thumbnailUrl":"https:\/\/www.wesselton.net\/wp-content\/uploads\/ARRACADES03_02.jpg","datePublished":"2021-01-20T17:55:35+00:00","dateModified":"2025-05-15T08:57:39+00:00","description":"Laissez-vous s\u00e9duire par l\u2019harmonie chromatique des boucles d\u2019oreilles en or rose diamants et pierres pr\u00e9cieuses de la collection WESSELTON W Colors.","breadcrumb":{"@id":"https:\/\/www.wesselton.net\/fr\/boucles-doreille-or-rose-diamants-et-pierres-precieuses-wesselton-w-colors\/#breadcrumb"},"inLanguage":"fr-FR","potentialAction":[{"@type":"ReadAction","target":["https:\/\/www.wesselton.net\/fr\/boucles-doreille-or-rose-diamants-et-pierres-precieuses-wesselton-w-colors\/"]}]},{"@type":"ImageObject","inLanguage":"fr-FR","@id":"https:\/\/www.wesselton.net\/fr\/boucles-doreille-or-rose-diamants-et-pierres-precieuses-wesselton-w-colors\/#primaryimage","url":"https:\/\/www.wesselton.net\/wp-content\/uploads\/ARRACADES03_02.jpg","contentUrl":"https:\/\/www.wesselton.net\/wp-content\/uploads\/ARRACADES03_02.jpg","width":680,"height":920,"caption":"BOUCLES D'OREILLE ATELIER DE WESSELTON COLLECTION \u00c0URIA OR ROSE AVEC DIAMANTS ET PIERRES PR\u00c9CIEUSES DE COULEUR-001"},{"@type":"BreadcrumbList","@id":"https:\/\/www.wesselton.net\/fr\/boucles-doreille-or-rose-diamants-et-pierres-precieuses-wesselton-w-colors\/#breadcrumb","itemListElement":[{"@type":"ListItem","position":1,"name":"Inici","item":"https:\/\/www.wesselton.net\/fr\/"},{"@type":"ListItem","position":2,"name":"Boutique","item":"https:\/\/www.wesselton.net\/fr\/boutique\/"},{"@type":"ListItem","position":3,"name":"Boucles d\u2019oreilles or rose diamants et pierres pr\u00e9cieuses WESSELTON W Colors"}]},{"@type":"WebSite","@id":"https:\/\/www.wesselton.net\/#website","url":"https:\/\/www.wesselton.net\/","name":"Wesselton | Bijoux et Diamants","description":"Diamants \u00fanics per moments \u00fanics. Peces d&#039;elaboraci\u00f3 pr\u00f2pia de m\u00e0xima qualitat, cuidades fins a l&#039;\u00faltim detall, i les millors marques de joieria.","potentialAction":[{"@type":"SearchAction","target":{"@type":"EntryPoint","urlTemplate":"https:\/\/www.wesselton.net\/?s={search_term_string}"},"query-input":{"@type":"PropertyValueSpecification","valueRequired":true,"valueName":"search_term_string"}}],"inLanguage":"fr-FR"}]}},"_links":{"self":[{"href":"https:\/\/www.wesselton.net\/fr\/wp-json\/wp\/v2\/product\/16454","targetHints":{"allow":["GET"]}}],"collection":[{"href":"https:\/\/www.wesselton.net\/fr\/wp-json\/wp\/v2\/product"}],"about":[{"href":"https:\/\/www.wesselton.net\/fr\/wp-json\/wp\/v2\/types\/product"}],"replies":[{"embeddable":true,"href":"https:\/\/www.wesselton.net\/fr\/wp-json\/wp\/v2\/comments?post=16454"}],"wp:featuredmedia":[{"embeddable":true,"href":"https:\/\/www.wesselton.net\/fr\/wp-json\/wp\/v2\/media\/16556"}],"wp:attachment":[{"href":"https:\/\/www.wesselton.net\/fr\/wp-json\/wp\/v2\/media?parent=16454"}],"wp:term":[{"taxonomy":"product_brand","embeddable":true,"href":"https:\/\/www.wesselton.net\/fr\/wp-json\/wp\/v2\/product_brand?post=16454"},{"taxonomy":"product_cat","embeddable":true,"href":"https:\/\/www.wesselton.net\/fr\/wp-json\/wp\/v2\/product_cat?post=16454"},{"taxonomy":"product_tag","embeddable":true,"href":"https:\/\/www.wesselton.net\/fr\/wp-json\/wp\/v2\/product_tag?post=16454"}],"curies":[{"name":"wp","href":"https:\/\/api.w.org\/{rel}","templated":true}]}}